{"id":2263,"date":"2024-10-04T06:24:20","date_gmt":"2024-10-04T06:24:20","guid":{"rendered":"https:\/\/rmvapesale.com\/?post_type=product&#038;p=2263"},"modified":"2025-01-21T09:58:27","modified_gmt":"2025-01-21T09:58:27","slug":"aivono-fatman-15000-puffs-vape-disposable-e-cigarettes-mtl","status":"publish","type":"product","link":"https:\/\/rmvapesale.com\/sv\/product\/aivono-fatman-15000-puffs-vape-disposable-e-cigarettes-mtl\/","title":{"rendered":"AIVONO Fatman 15000 Bl\u00e5ser Vape Eng\u00e5ngs E-cigaretter MTL"},"content":{"rendered":"<div class=\"B2VR9 CJHX3e\">\n<div class=\"wyccme\">\n<h1 class=\"LC20lb MBeuO DKV0Md\">AIVONO Fatman 15000 Bl\u00e5ser Vape Eng\u00e5ngs E-cigaretter MTL<\/h1>\n<div class=\"flex-shrink-0 flex flex-col relative items-end\">\n<div>\n<div class=\"pt-0\">\n<div class=\"gizmo-bot-avatar flex h-8 w-8 items-center justify-center overflow-hidden rounded-full\">\n<div class=\"relative p-1 rounded-sm flex items-center justify-center bg-token-main-surface-primary text-token-text-primary h-8 w-8\"><\/div>\n<\/div>\n<\/div>\n<\/div>\n<\/div>\n<div class=\"group\/conversation-turn relative flex w-full min-w-0 flex-col agent-turn\">\n<div class=\"flex-col gap-1 md:gap-3\">\n<div class=\"flex max-w-full flex-col flex-grow\">\n<div class=\"min-h-8 text-message flex w-full flex-col items-end gap-2 whitespace-normal break-words [.text-message+&amp;]:mt-5\" dir=\"auto\" data-message-author-role=\"assistant\" data-message-id=\"871c1362-82be-4876-894c-d28f37ffd3d3\">\n<div class=\"flex w-full flex-col gap-1 empty:hidden first:pt-[3px]\">\n<div class=\"markdown prose w-full break-words dark:prose-invert light\">\n<p>Vi presenterar <strong>AIVONO FATMAN 15000 Puffar<\/strong>, en funktionst\u00e4t eng\u00e5ngsvape designad f\u00f6r l\u00e5ngvarig anv\u00e4ndning och ultimat bekv\u00e4mlighet. Med <strong>upp till 15 000 puffar<\/strong> och en kapacitet p\u00e5<strong>24 ml e-v\u00e4tska<\/strong>, erbjuder denna enhet l\u00e5ngvarig tillfredsst\u00e4llelse utan frekventa p\u00e5fyllningar. Anpassa din upplevelse med <strong>2%<\/strong> or <strong>5% nikotinstyrka<\/strong> alternativ f\u00f6r att passa din preferens.<\/p>\n<p>Tillverkad med en <strong>1,2 ohm meshspole<\/strong>, levererar AIVONO FATMAN j\u00e4mn och konsekvent \u00e5nga, vilket s\u00e4kerst\u00e4ller en h\u00e4rlig vapingupplevelse varje g\u00e5ng. V\u00e4ger bara <strong>52g<\/strong> och har en <strong>kompakt design<\/strong>, perfekt f\u00f6r anv\u00e4ndning p\u00e5 spr\u00e5ng, medan den <strong>Type-C laddningsport<\/strong> s\u00f6rjer f\u00f6r snabba laddningar f\u00f6r minimal stillest\u00e5ndstid.<\/p>\n<p>H\u00f6j din vapingupplevelse med <strong>AIVONO FATMAN 15000 Puffar<\/strong>\u2014d\u00e4r prestanda, bekv\u00e4mlighet och tillfredsst\u00e4llelse f\u00f6renas.<\/p>\n<\/div>\n<\/div>\n<\/div>\n<\/div>\n<\/div>\n<\/div>\n<\/div>\n<\/div>\n<p><strong>Kontakta Amy f\u00f6r att f\u00e5 r\u00e4tt svar och fler produktvideor!<\/strong><\/p>\n<p><img loading=\"lazy\" decoding=\"async\" class=\"size-full wp-image-1978\" src=\"https:\/\/rmvapesale.com\/wp-content\/uploads\/2024\/09\/Disposable-Vape-Wholesale.jpg\" alt=\"Eng\u00e5ngsvape Partihandel\" width=\"229\" height=\"300\" \/><\/p>\n<h3><span style=\"color: #ff0000\"><strong>WhatsApp: +86 17776015835<\/strong><\/span><\/h3>\n<p>&nbsp;<\/p>\n<h2><\/h2>\n<h2><strong>AIVONO Fatman 15000 Puffar Vape Nyckelfunktioner<\/strong><\/h2>\n<p>Nikotinstyrkor: 0%, 2%, 3%, 5%<br \/>\nBatterikapacitet: 600mAh<br \/>\nE-v\u00e4tskevolym: 24ML<br \/>\nLaddningsm\u00f6jlighet: Typ-C<br \/>\nSmaker: 10 smaker<br \/>\nPuffar: 15000 puffar<\/p>\n<h2><\/h2>\n<h2><strong>Topp smak f\u00f6r AIVONO Fatman 15000 Puffar<\/strong><\/h2>\n<p>AIVONO Fatman 15000 Puffar Eng\u00e5ngsvape Pod erbjuder 10 l\u00e4ckra smaker, v\u00e4lj bland ett brett utbud av smaker, inklusive klassisk tobak, uppfriskande kall mint och den exotiska s\u00f6tman av druva, varje lovar en rik och tillfredsst\u00e4llande resa med varje puff.<\/p>\n<p>1. Bl\u00e5b\u00e4rs-is<span style=\"color: #ff0000\"><strong>&gt;&gt;&gt;&gt; Het!<\/strong><\/span><br \/>\n2. Jordgubb-is<br \/>\n3.Watermelon ice<br \/>\n4. Juicy Peach<br \/>\n5. Jordgubbs- och hallonmix<span style=\"color: #ff0000\"><strong>&gt;&gt;&gt;&gt; B\u00e4st!<\/strong><\/span><br \/>\n6. Mango passion<br \/>\n7. K\u00f6rsb\u00e4rs vattenmelon gel\u00e9<span style=\"color: #ff0000\"><strong>&gt;&gt;&gt;&gt; Het!<\/strong><\/span><br \/>\n8. Fast &amp; Furious<br \/>\n9. Big Bang Fruit<br \/>\n10. Kite Liberator<\/p>\n<p>&nbsp;<\/p>\n<h2><strong>Fr\u00e5gor du kan vilja veta om AIVONO Fatman 15000 Puffar Vape<\/strong><\/h2>\n<p>&nbsp;<\/p>\n<div class=\"flex-shrink-0 flex flex-col relative items-end\">\n<div>\n<div class=\"pt-0\">\n<div class=\"gizmo-bot-avatar flex h-8 w-8 items-center justify-center overflow-hidden rounded-full\">\n<div class=\"relative p-1 rounded-sm flex items-center justify-center bg-token-main-surface-primary text-token-text-primary h-8 w-8\"><\/div>\n<\/div>\n<\/div>\n<\/div>\n<\/div>\n<div class=\"group\/conversation-turn relative flex w-full min-w-0 flex-col agent-turn\">\n<div class=\"flex-col gap-1 md:gap-3\">\n<div class=\"flex max-w-full flex-col flex-grow\">\n<div class=\"min-h-8 text-message flex w-full flex-col items-end gap-2 whitespace-normal break-words [.text-message+&amp;]:mt-5\" dir=\"auto\" data-message-author-role=\"assistant\" data-message-id=\"f226d3fc-81f3-46d5-8c46-31787fff0357\">\n<div class=\"flex w-full flex-col gap-1 empty:hidden first:pt-[3px]\">\n<div class=\"markdown prose w-full break-words dark:prose-invert light\">\n<p><strong>1. Hur m\u00e5nga puffar har AIVONO Fatman 15000 Puffar Vape<\/strong><strong>\u00a0ger?<\/strong><br \/>\nThe AIVONO Fatman 15000 Puffs Vape ger upp till 1500 puffar, vilket \u00f6vertr\u00e4ffar kapaciteten hos vanliga eng\u00e5ngsvapes.<\/p>\n<p><strong>2. Vilka smaker finns tillg\u00e4ngliga i AIVONO Fatman 15000 Puffs Vape vape-penna?<\/strong><br \/>\nPopul\u00e4ra smaker inkluderar Kiwi Passionsfrukt, Bl\u00e5 Hallon Is, Vattenmelon Is, Citron Mynta, Blandade b\u00e4r etc.<\/p>\n<p><strong>3. \u00c4r AIVONO Fatman 15000 Puffs Vape l\u00e4mplig f\u00f6r nyb\u00f6rjare?<\/strong><br \/>\nJa, den \u00e4r perfekt f\u00f6r nyb\u00f6rjare med sin enkla, knappfria design \u2013 bara inhalera f\u00f6r att b\u00f6rja vejpa.<\/p>\n<p><strong>4.Hur ska jag f\u00f6rvara min eng\u00e5ngsvape?<\/strong><br \/>\nF\u00f6rvara din enhet p\u00e5 en sval, torr plats, borta fr\u00e5n direkt solljus och utom r\u00e4ckh\u00e5ll f\u00f6r barn och husdjur.<\/p>\n<p><strong>5. Hur l\u00e4nge varar AIVONO Fatman 15000 Puffs Vape?<\/strong><br \/>\nMed en kapacitet p\u00e5 15000 puffar kan AIVONO Fatman 15000 Puffs Vape vara i flera dagar, beroende p\u00e5 anv\u00e4ndning.<\/p>\n<\/div>\n<\/div>\n<\/div>\n<\/div>\n<\/div>\n<\/div>\n<p>&nbsp;<\/p>\n<h3><b>VANLIGA FR\u00c5GOR OCH SVAR<\/b><\/h3>\n<p>&nbsp;<\/p>\n<div class=\"flex-shrink-0 flex flex-col relative items-end\">\n<div>\n<div class=\"pt-0\">\n<div class=\"gizmo-bot-avatar flex h-8 w-8 items-center justify-center overflow-hidden rounded-full\">\n<div class=\"relative p-1 rounded-sm flex items-center justify-center bg-token-main-surface-primary text-token-text-primary h-8 w-8\"><strong>Vilka frakts\u00e4tt anv\u00e4nds?<\/strong><\/div>\n<\/div>\n<\/div>\n<\/div>\n<\/div>\n<div class=\"group\/conversation-turn relative flex w-full min-w-0 flex-col agent-turn\">\n<div class=\"flex-col gap-1 md:gap-3\">\n<div class=\"flex max-w-full flex-col flex-grow\">\n<div class=\"min-h-[20px] text-message flex w-full flex-col items-end gap-2 whitespace-normal break-words [.text-message+&amp;]:mt-5 overflow-x-auto\" dir=\"auto\" data-message-author-role=\"assistant\" data-message-id=\"22f8283b-3233-46ff-89a5-c7a41b33abda\">\n<div class=\"flex w-full flex-col gap-1 empty:hidden first:pt-[3px]\">\n<div class=\"markdown prose w-full break-words dark:prose-invert light\">\n<p>Vi samarbetar med UPS, DHL, FedEx, DPD och andra ledande transport\u00f6rer. Vi v\u00e4ljer det b\u00e4sta frakts\u00e4ttet baserat p\u00e5 din leveransadress f\u00f6r att s\u00e4kerst\u00e4lla att du f\u00e5r dina produkter s\u00e5 snabbt som m\u00f6jligt.<\/p>\n<\/div>\n<p><strong>Hur l\u00e5ng tid tar det att komma fram?<\/strong><\/p>\n<p>Paket som skickas till Sverige anl\u00e4nder vanligtvis inom 10 arbetsdagar. Leveranser till europeiska l\u00e4nder tar generellt cirka 12-15 arbetsdagar. Vi kommer att ge uppdateringar i realtid om din leveransstatus.<\/p>\n<\/div>\n<p><strong>Garanti<\/strong><\/p>\n<p><span style=\"color: #ff0000\"><strong>Alla produkter i v\u00e5r butik garanteras vara 100% original och \u00e4kta. Vi erbjuder 10 g\u00e5nger ers\u00e4ttning f\u00f6r f\u00f6rfalskade varor!<\/strong><\/span><\/p>\n<div class=\"flex w-full flex-col gap-1 empty:hidden first:pt-[3px]\">\n<p>&nbsp;<\/p>\n<\/div>\n<\/div>\n<\/div>\n<\/div>\n<\/div>\n<p>&nbsp;<\/p>\n<p>Andra popul\u00e4ra vapes du kanske gillar:<\/p>\n<p>&nbsp;<\/p>\n<p><a href=\"https:\/\/rmvapesale.com\/sv\/product\/original-randm-vape-digital-puff-12000-fumot-factory-price\/\"><strong>VOZOL Gear 20000 Puffar\u00a0 <span style=\"color: #ff0000\">&gt;&gt;&gt;&gt; k\u00f6r!<\/span><\/strong><\/a><\/p>\n<p><strong><a href=\"https:\/\/rmvapesale.com\/sv\/product\/uzy-vaper-9000-puffs-disposable-vape-pod-wholesale\/\">UZY Vaper 9000 Puffs <span style=\"color: #ff0000\">&gt;&gt;&gt;&gt; k\u00f6r!<\/span><\/a>\u00a0<\/strong><\/p>\n<p><a href=\"https:\/\/rmvapesale.com\/sv\/product\/vapme-crystal-7000-puffs-rechargeable-disposable-vape-price\/\"><strong>Vapme Crystal 7000 Puffar <span style=\"color: #ff0000\">&gt;&gt;&gt;&gt; k\u00f6r!<\/span><\/strong><\/a><\/p>\n<p>&nbsp;<\/p>\n<p>&nbsp;<\/p>\n<p>Hitta fler vape-produkter du kanske gillar:<strong><em><a href=\"https:\/\/rmvapesale.com\/sv\/shop-2\/\">handla nu &gt;&gt;&gt;<\/a><\/em><\/strong><\/p>","protected":false},"excerpt":{"rendered":"<p>Partihandel Uzy Qute 800 Puff Eng\u00e5ngs E-cigaretter<br \/>\nUZY QUTE 800 Puffs 0% 2% 3% 5% Nikotin Eng\u00e5ngs<br \/>\nUZY Qute 800 Puffs Eng\u00e5ngs Vape Pod Enhet<\/p>\n<p><img loading=\"lazy\" decoding=\"async\" class=\"size-full wp-image-1978\" src=\"https:\/\/rmvapesale.com\/wp-content\/uploads\/2024\/09\/Disposable-Vape-Wholesale.jpg\" alt=\"Eng\u00e5ngsvape Partihandel\" width=\"229\" height=\"300\" \/><\/p>\n<h3><span style=\"color: #ff0000\"><strong>WhatsApp: +86 17776015835<\/strong><\/span><\/h3>\n<p>&nbsp;<\/p>","protected":false},"featured_media":2273,"comment_status":"open","ping_status":"closed","template":"","meta":{"_uag_custom_page_level_css":"","_lmt_disableupdate":"no","_lmt_disable":"","site-sidebar-layout":"default","site-content-layout":"content-boxed-container","ast-site-content-layout":"normal-width-container","site-content-style":"boxed","site-sidebar-style":"unboxed","ast-global-header-display":"","ast-banner-title-visibility":"","ast-main-header-display":"","ast-hfb-above-header-display":"","ast-hfb-below-header-display":"","ast-hfb-mobile-header-display":"","site-post-title":"","ast-breadcrumbs-content":"","ast-featured-img":"","footer-sml-layout":"","theme-transparent-header-meta":"default","adv-header-id-meta":"","stick-header-meta":"","header-above-stick-meta":"","header-main-stick-meta":"","header-below-stick-meta":"","astra-migrate-meta-layouts":"set","ast-page-background-enabled":"default","ast-page-background-meta":{"desktop":{"background-color":"var(--ast-global-color-4)","background-image":"","background-repeat":"repeat","background-position":"center center","background-size":"auto","background-attachment":"scroll","background-type":"","background-media":"","overlay-type":"","overlay-color":"","overlay-opacity":"","overlay-gradient":""},"tablet":{"background-color":"","background-image":"","background-repeat":"repeat","background-position":"center center","background-size":"auto","background-attachment":"scroll","background-type":"","background-media":"","overlay-type":"","overlay-color":"","overlay-opacity":"","overlay-gradient":""},"mobile":{"background-color":"","background-image":"","background-repeat":"repeat","background-position":"center center","background-size":"auto","background-attachment":"scroll","background-type":"","background-media":"","overlay-type":"","overlay-color":"","overlay-opacity":"","overlay-gradient":""}},"ast-content-background-meta":{"desktop":{"background-color":"var(--ast-global-color-5)","background-image":"","background-repeat":"repeat","background-position":"center center","background-size":"auto","background-attachment":"scroll","background-type":"","background-media":"","overlay-type":"","overlay-color":"","overlay-opacity":"","overlay-gradient":""},"tablet":{"background-color":"var(--ast-global-color-5)","background-image":"","background-repeat":"repeat","background-position":"center center","background-size":"auto","background-attachment":"scroll","background-type":"","background-media":"","overlay-type":"","overlay-color":"","overlay-opacity":"","overlay-gradient":""},"mobile":{"background-color":"var(--ast-global-color-5)","background-image":"","background-repeat":"repeat","background-position":"center center","background-size":"auto","background-attachment":"scroll","background-type":"","background-media":"","overlay-type":"","overlay-color":"","overlay-opacity":"","overlay-gradient":""}},"_joinchat":[]},"product_brand":[],"product_cat":[15,292,293,295,296,299,276,25,123,26,28,135,27,61,137,136,30],"product_tag":[118,66,99,111,119,116],"class_list":{"0":"post-2263","1":"product","2":"type-product","3":"status-publish","4":"has-post-thumbnail","6":"product_cat-new-vape-this-week","7":"product_cat-digital-disposable-vapes","8":"product_cat-low-nicotine-disposable-vapes","9":"product_cat-rechargeable-disposable-vapes","10":"product_cat-shisha-hookah-disposable-vapes","11":"product_cat-smart-screen-disposable-vapes","12":"product_cat-aivono-vape","13":"product_cat-germany-best-selling-vape","14":"product_cat-italy-wholesale-vape","15":"product_cat-netherlands-hot-sale-vape","16":"product_cat-poland-hot-sale-vape","17":"product_cat-spain-best-hot-sale-vape","18":"product_cat-fance-hot-sale-vape","19":"product_cat-15000-puffs-disposable-vapes","20":"product_cat-rechargeable-vapes","21":"product_cat-smart-screen-vapes","22":"product_cat-minimum-order-quantity-50pcs","23":"product_tag-aivono-aim-vape","24":"product_tag-disposable-vape","25":"product_tag-disposable-vape-wholesale","26":"product_tag-low-nicotine-disposable-vape","27":"product_tag-puff-15k","28":"product_tag-vapes","29":"desktop-align-left","30":"tablet-align-left","31":"mobile-align-left","33":"first","34":"instock","35":"sale","36":"shipping-taxable","37":"purchasable","38":"product-type-simple"},"uagb_featured_image_src":{"full":["https:\/\/rmvapesale.com\/wp-content\/uploads\/2024\/09\/Aivono-Fatman-15000-Puffs-Disposable-Vape.png",808,808,false],"thumbnail":["https:\/\/rmvapesale.com\/wp-content\/uploads\/2024\/09\/Aivono-Fatman-15000-Puffs-Disposable-Vape-150x150.png",150,150,true],"medium":["https:\/\/rmvapesale.com\/wp-content\/uploads\/2024\/09\/Aivono-Fatman-15000-Puffs-Disposable-Vape-300x300.png",300,300,true],"medium_large":["https:\/\/rmvapesale.com\/wp-content\/uploads\/2024\/09\/Aivono-Fatman-15000-Puffs-Disposable-Vape-768x768.png",768,768,true],"large":["https:\/\/rmvapesale.com\/wp-content\/uploads\/2024\/09\/Aivono-Fatman-15000-Puffs-Disposable-Vape.png",808,808,false],"1536x1536":["https:\/\/rmvapesale.com\/wp-content\/uploads\/2024\/09\/Aivono-Fatman-15000-Puffs-Disposable-Vape.png",808,808,false],"2048x2048":["https:\/\/rmvapesale.com\/wp-content\/uploads\/2024\/09\/Aivono-Fatman-15000-Puffs-Disposable-Vape.png",808,808,false],"trp-custom-language-flag":["https:\/\/rmvapesale.com\/wp-content\/uploads\/2024\/09\/Aivono-Fatman-15000-Puffs-Disposable-Vape.png",12,12,false],"woocommerce_thumbnail":["https:\/\/rmvapesale.com\/wp-content\/uploads\/2024\/09\/Aivono-Fatman-15000-Puffs-Disposable-Vape-300x300.png",300,300,true],"woocommerce_single":["https:\/\/rmvapesale.com\/wp-content\/uploads\/2024\/09\/Aivono-Fatman-15000-Puffs-Disposable-Vape-600x600.png",600,600,true],"woocommerce_gallery_thumbnail":["https:\/\/rmvapesale.com\/wp-content\/uploads\/2024\/09\/Aivono-Fatman-15000-Puffs-Disposable-Vape-100x100.png",100,100,true],"wcpr-photo-reviews":["https:\/\/rmvapesale.com\/wp-content\/uploads\/2024\/09\/Aivono-Fatman-15000-Puffs-Disposable-Vape.png",500,500,false]},"uagb_author_info":{"display_name":"AMY","author_link":"https:\/\/rmvapesale.com\/sv\/author\/"},"uagb_comment_info":0,"uagb_excerpt":"Wholesale Uzy Qute 800 Puff Disposable E Cigarettes UZY QUTE 800 Puffs 0% 2% 3% 5% Nicotine Disposable UZY Qute 800 Puffs Disposable Vape Pod Device WhatsApp: +86 17776015835 &nbsp;","_links":{"self":[{"href":"https:\/\/rmvapesale.com\/sv\/wp-json\/wp\/v2\/product\/2263","targetHints":{"allow":["GET"]}}],"collection":[{"href":"https:\/\/rmvapesale.com\/sv\/wp-json\/wp\/v2\/product"}],"about":[{"href":"https:\/\/rmvapesale.com\/sv\/wp-json\/wp\/v2\/types\/product"}],"replies":[{"embeddable":true,"href":"https:\/\/rmvapesale.com\/sv\/wp-json\/wp\/v2\/comments?post=2263"}],"wp:featuredmedia":[{"embeddable":true,"href":"https:\/\/rmvapesale.com\/sv\/wp-json\/wp\/v2\/media\/2273"}],"wp:attachment":[{"href":"https:\/\/rmvapesale.com\/sv\/wp-json\/wp\/v2\/media?parent=2263"}],"wp:term":[{"taxonomy":"product_brand","embeddable":true,"href":"https:\/\/rmvapesale.com\/sv\/wp-json\/wp\/v2\/product_brand?post=2263"},{"taxonomy":"product_cat","embeddable":true,"href":"https:\/\/rmvapesale.com\/sv\/wp-json\/wp\/v2\/product_cat?post=2263"},{"taxonomy":"product_tag","embeddable":true,"href":"https:\/\/rmvapesale.com\/sv\/wp-json\/wp\/v2\/product_tag?post=2263"}],"curies":[{"name":"wp","href":"https:\/\/api.w.org\/{rel}","templated":true}]}}