{"id":2276,"date":"2024-10-06T07:06:42","date_gmt":"2024-10-06T07:06:42","guid":{"rendered":"https:\/\/rmvapesale.com\/?post_type=product&#038;p=2276"},"modified":"2025-01-21T09:59:29","modified_gmt":"2025-01-21T09:59:29","slug":"aivono-aim-boom-25000-puffs-smart-screen-disposable-vape","status":"publish","type":"product","link":"https:\/\/rmvapesale.com\/sv\/product\/aivono-aim-boom-25000-puffs-smart-screen-disposable-vape\/","title":{"rendered":"Aivono Aim Boom 25000 Puffar Smart Sk\u00e4rm Eng\u00e5ngs Vape"},"content":{"rendered":"<div class=\"B2VR9 CJHX3e\">\n<div class=\"wyccme\">\n<h1 class=\"LC20lb MBeuO DKV0Md\">Aivono Aim Boom 25000 Puffar Sk\u00e4rm Eng\u00e5ngsvape<\/h1>\n<div class=\"flex-shrink-0 flex flex-col relative items-end\">\n<div>\n<div class=\"pt-0\">\n<div class=\"gizmo-bot-avatar flex h-8 w-8 items-center justify-center overflow-hidden rounded-full\">\n<div class=\"relative p-1 rounded-sm flex items-center justify-center bg-token-main-surface-primary text-token-text-primary h-8 w-8\"><\/div>\n<\/div>\n<\/div>\n<\/div>\n<\/div>\n<div class=\"group\/conversation-turn relative flex w-full min-w-0 flex-col agent-turn\">\n<div class=\"flex-col gap-1 md:gap-3\">\n<div class=\"flex max-w-full flex-col flex-grow\">\n<div class=\"min-h-8 text-message flex w-full flex-col items-end gap-2 whitespace-normal break-words [.text-message+&amp;]:mt-5\" dir=\"auto\" data-message-author-role=\"assistant\" data-message-id=\"871c1362-82be-4876-894c-d28f37ffd3d3\">\n<div class=\"flex w-full flex-col gap-1 empty:hidden first:pt-[3px]\">\n<div class=\"markdown prose w-full break-words dark:prose-invert light\">\n<p>Vi presenterar <strong>Aivono Aim Boom 25000 Puffar Smart Sk\u00e4rm Eng\u00e5ngs Vape<\/strong>, en banbrytande enhet designad f\u00f6r prestanda, stil och bekv\u00e4mlighet. Drivs av en <strong>650mAh uppladdningsbart batteri<\/strong> med <strong>Typ-C snabbladdning<\/strong>, den s\u00e4kerst\u00e4ller l\u00e5ngvarig anv\u00e4ndning med minimal stillest\u00e5ndstid. Dess <strong>justerbara luftfl\u00f6dessystemet<\/strong> system g\u00f6r att du kan anpassa varje drag f\u00f6r en personlig vapingupplevelse.<\/p>\n<p>Den <strong>smart sk\u00e4rm<\/strong> ger en tydlig, anv\u00e4ndarv\u00e4nlig display f\u00f6r att \u00f6vervaka batteriliv och anv\u00e4ndning, medan <strong>3D b\u00f6jd sk\u00e4rm<\/strong> f\u00f6rb\u00e4ttrar b\u00e5de estetik och funktionalitet, och ger ett elegant, modernt utseende. Med upp till <strong>25 000 bloss<\/strong>, \u00e4r Aivono Aim Boom perfekt f\u00f6r de som s\u00f6ker en h\u00f6gkapacitets, elegant vaping-enhet.<\/p>\n<p>&nbsp;<\/p>\n<\/div>\n<\/div>\n<\/div>\n<\/div>\n<\/div>\n<\/div>\n<\/div>\n<\/div>\n<p><strong>Kontakta Amy f\u00f6r att f\u00e5 r\u00e4tt svar och fler produktvideor!<\/strong><\/p>\n<p><img loading=\"lazy\" decoding=\"async\" class=\"size-full wp-image-1978\" src=\"https:\/\/rmvapesale.com\/wp-content\/uploads\/2024\/09\/Disposable-Vape-Wholesale.jpg\" alt=\"Eng\u00e5ngsvape Partihandel\" width=\"229\" height=\"300\" \/><\/p>\n<h3><span style=\"color: #ff0000\"><strong>WhatsApp: +86 17776015835<\/strong><\/span><\/h3>\n<p>&nbsp;<\/p>\n<h2><\/h2>\n<h2><strong>Aivono Aim Boom 25000 Puffar Vape Nyckelfunktioner<\/strong><\/h2>\n<p>Max Puffar: 25000<br \/>\n25000 Vanligt l\u00e4ge<br \/>\n15000 Pulsl\u00e4ge<br \/>\nUppladdningsbart batteri<br \/>\nE-v\u00e4tskevolym: 28ml<br \/>\nV\u00e4rldens f\u00f6rsta 3D b\u00f6jda sk\u00e4rm<br \/>\nUSB Typ-C laddningsport<br \/>\n0\/2%\/3%\/5% Nic Salt-baserad E-v\u00e4tska<br \/>\n10 Smakrika Delikatesser<br \/>\nDubbel Mesh-spiral<\/p>\n<h2><\/h2>\n<h2><strong>Topp smak f\u00f6r Aivono Aim Boom 25000 Puffar<\/strong><\/h2>\n<p>Aivono Aim Boom 25000 Puffar Smart Sk\u00e4rm Eng\u00e5ngs Vape erbjuder 10 l\u00e4ckra smaker, v\u00e4lj mellan ett brett utbud av smaker, inklusive klassisk tobak, uppfriskande kall mint och den exotiska s\u00f6tman av druva, varje en lovar en rik, tillfredsst\u00e4llande resa med varje puff.<\/p>\n<p>&nbsp;<\/p>\n<p>1. Blue Rancher<span style=\"color: #ff0000\"><strong>&gt;&gt;&gt;&gt; Het!<\/strong><\/span><br \/>\n2. Blue Razz Ice<span style=\"color: #ff0000\"><strong>&gt;&gt;&gt;&gt; Het!<\/strong><\/span><br \/>\n3. Gr\u00f6n \u00c4pple Druva<br \/>\n4. Isad Vattenmelon K\u00f6rsb\u00e4r<br \/>\n5. Melon Citron<br \/>\n6. Miami Mint<br \/>\n7. Hallon Persika Lime<br \/>\n8. Surt Mango Ananas<br \/>\n9. Jordgubb B-Pop<span style=\"color: #ff0000\"><strong>&gt;&gt;&gt;&gt; B\u00e4st!<\/strong><\/span><br \/>\n10. Vattenmelon Is<\/p>\n<figure id=\"attachment_2277\" aria-describedby=\"caption-attachment-2277\" style=\"width: 808px\" class=\"wp-caption alignnone\"><img loading=\"lazy\" decoding=\"async\" class=\"wp-image-2277 size-full\" src=\"https:\/\/rmvapesale.com\/wp-content\/uploads\/2024\/09\/Aivono-Aim-Boom-25000-Puffs-Flavour.png\" alt=\"Aivono Aim Boom 25000 Puffar Smak\" width=\"808\" height=\"808\" srcset=\"https:\/\/rmvapesale.com\/wp-content\/uploads\/2024\/09\/Aivono-Aim-Boom-25000-Puffs-Flavour.png 808w, https:\/\/rmvapesale.com\/wp-content\/uploads\/2024\/09\/Aivono-Aim-Boom-25000-Puffs-Flavour-300x300.png 300w, https:\/\/rmvapesale.com\/wp-content\/uploads\/2024\/09\/Aivono-Aim-Boom-25000-Puffs-Flavour-150x150.png 150w, https:\/\/rmvapesale.com\/wp-content\/uploads\/2024\/09\/Aivono-Aim-Boom-25000-Puffs-Flavour-768x768.png 768w, https:\/\/rmvapesale.com\/wp-content\/uploads\/2024\/09\/Aivono-Aim-Boom-25000-Puffs-Flavour-600x600.png 600w, https:\/\/rmvapesale.com\/wp-content\/uploads\/2024\/09\/Aivono-Aim-Boom-25000-Puffs-Flavour-100x100.png 100w\" sizes=\"auto, (max-width: 808px) 100vw, 808px\" \/><figcaption id=\"caption-attachment-2277\" class=\"wp-caption-text\">Aivono Aim Boom 25000 Puffar Smak<\/figcaption><\/figure>\n<h2><strong>Fr\u00e5gor du kan vilja veta om Aivono Aim Boom 25000 Puffar Vape<\/strong><\/h2>\n<p>&nbsp;<\/p>\n<div class=\"flex-shrink-0 flex flex-col relative items-end\">\n<div>\n<div class=\"pt-0\">\n<div class=\"gizmo-bot-avatar flex h-8 w-8 items-center justify-center overflow-hidden rounded-full\">\n<div class=\"relative p-1 rounded-sm flex items-center justify-center bg-token-main-surface-primary text-token-text-primary h-8 w-8\"><\/div>\n<\/div>\n<\/div>\n<\/div>\n<\/div>\n<div class=\"group\/conversation-turn relative flex w-full min-w-0 flex-col agent-turn\">\n<div class=\"flex-col gap-1 md:gap-3\">\n<div class=\"flex max-w-full flex-col flex-grow\">\n<div class=\"min-h-8 text-message flex w-full flex-col items-end gap-2 whitespace-normal break-words [.text-message+&amp;]:mt-5\" dir=\"auto\" data-message-author-role=\"assistant\" data-message-id=\"f226d3fc-81f3-46d5-8c46-31787fff0357\">\n<div class=\"flex w-full flex-col gap-1 empty:hidden first:pt-[3px]\">\n<div class=\"markdown prose w-full break-words dark:prose-invert light\">\n<p><strong>1. Hur m\u00e5nga puffar ger Aivono Aim Boom 25000 Puffar Vape?<\/strong><strong>\u00a0ger?<\/strong><br \/>\nAivono Aim Boom 25000 Puffar Vape levererar upp till 2500 puffar, l\u00e5ngt \u00f6ver kapaciteten f\u00f6r vanliga eng\u00e5ngsvapes.<\/p>\n<p><strong>2. Vilka smaker finns tillg\u00e4ngliga i Aivono Aim Boom 25000 Puffar Vape-penna?<\/strong><br \/>\nPopul\u00e4ra smaker inkluderar Blue Razz Ice, Miami Mint, Hallon Persika Lime, Surt Mango Ananas, Vattenmelon Is med flera.<\/p>\n<p><strong>3. \u00c4r Aivono Aim Boom 25000 Puffar Vape l\u00e4mplig f\u00f6r nyb\u00f6rjare?<\/strong><br \/>\nJa, den \u00e4r perfekt f\u00f6r nyb\u00f6rjare med sin enkla, knappfria design \u2013 bara inhalera f\u00f6r att b\u00f6rja vejpa.<\/p>\n<p><strong>4.Hur ska jag f\u00f6rvara min eng\u00e5ngsvape?<\/strong><br \/>\nF\u00f6rvara din enhet p\u00e5 en sval, torr plats, borta fr\u00e5n direkt solljus och utom r\u00e4ckh\u00e5ll f\u00f6r barn och husdjur.<\/p>\n<p><strong>5. Hur l\u00e4nge varar Aivono Aim Boom 25000 Puffar Vape?<\/strong><br \/>\nMed en kapacitet p\u00e5 25000 puffar kan Aivono Aim Boom 25000 Puffs Vape vara i flera dagar, beroende p\u00e5 anv\u00e4ndning.<\/p>\n<\/div>\n<\/div>\n<\/div>\n<\/div>\n<\/div>\n<\/div>\n<p>&nbsp;<\/p>\n<h3><b>VANLIGA FR\u00c5GOR OCH SVAR<\/b><\/h3>\n<p>&nbsp;<\/p>\n<div class=\"flex-shrink-0 flex flex-col relative items-end\">\n<div>\n<div class=\"pt-0\">\n<div class=\"gizmo-bot-avatar flex h-8 w-8 items-center justify-center overflow-hidden rounded-full\">\n<div class=\"relative p-1 rounded-sm flex items-center justify-center bg-token-main-surface-primary text-token-text-primary h-8 w-8\"><strong>Vilka frakts\u00e4tt anv\u00e4nds?<\/strong><\/div>\n<\/div>\n<\/div>\n<\/div>\n<\/div>\n<div class=\"group\/conversation-turn relative flex w-full min-w-0 flex-col agent-turn\">\n<div class=\"flex-col gap-1 md:gap-3\">\n<div class=\"flex max-w-full flex-col flex-grow\">\n<div class=\"min-h-[20px] text-message flex w-full flex-col items-end gap-2 whitespace-normal break-words [.text-message+&amp;]:mt-5 overflow-x-auto\" dir=\"auto\" data-message-author-role=\"assistant\" data-message-id=\"22f8283b-3233-46ff-89a5-c7a41b33abda\">\n<div class=\"flex w-full flex-col gap-1 empty:hidden first:pt-[3px]\">\n<div class=\"markdown prose w-full break-words dark:prose-invert light\">\n<p>Vi samarbetar med UPS, DHL, FedEx, DPD och andra ledande transport\u00f6rer. Vi v\u00e4ljer det b\u00e4sta frakts\u00e4ttet baserat p\u00e5 din leveransadress f\u00f6r att s\u00e4kerst\u00e4lla att du f\u00e5r dina produkter s\u00e5 snabbt som m\u00f6jligt.<\/p>\n<\/div>\n<p><strong>Hur l\u00e5ng tid tar det att komma fram?<\/strong><\/p>\n<p>Paket som skickas till Sverige anl\u00e4nder vanligtvis inom 10 arbetsdagar. Leveranser till europeiska l\u00e4nder tar generellt cirka 12-15 arbetsdagar. Vi kommer att ge uppdateringar i realtid om din leveransstatus.<\/p>\n<\/div>\n<p><strong>Garanti<\/strong><\/p>\n<p><span style=\"color: #ff0000\"><strong>Alla produkter i v\u00e5r butik garanteras vara 100% original och \u00e4kta. Vi erbjuder 10 g\u00e5nger ers\u00e4ttning f\u00f6r f\u00f6rfalskade varor!<\/strong><\/span><\/p>\n<div class=\"flex w-full flex-col gap-1 empty:hidden first:pt-[3px]\">\n<p>&nbsp;<\/p>\n<\/div>\n<\/div>\n<\/div>\n<\/div>\n<\/div>\n<p>&nbsp;<\/p>\n<p>Andra popul\u00e4ra vapes du kanske gillar:<\/p>\n<p>&nbsp;<\/p>\n<p><a href=\"https:\/\/rmvapesale.com\/sv\/product\/mesii-visual-box-16000-puffs-disposable-vape-full-screen\/\"><strong>MESii Visual Box 16000 Puffar\u00a0 <span style=\"color: #ff0000\">&gt;&gt;&gt;&gt; k\u00f6r!<\/span><\/strong><\/a><\/p>\n<p><strong><a href=\"https:\/\/rmvapesale.com\/sv\/product\/uzy-qute-800-puffs-disposable-vape-original-wholesale\/\">UZY QUTE 800 Puffar <span style=\"color: #ff0000\">&gt;&gt;&gt;&gt; k\u00f6r!<\/span><\/a>\u00a0<\/strong><\/p>\n<p><a href=\"https:\/\/rmvapesale.com\/sv\/product\/vapme-crystal-7000-puffs-rechargeable-disposable-vape-price\/\"><strong>Vapme Crystal 7000 Puffar <span style=\"color: #ff0000\">&gt;&gt;&gt;&gt; k\u00f6r!<\/span><\/strong><\/a><\/p>\n<p>&nbsp;<\/p>\n<p>&nbsp;<\/p>\n<p>Hitta fler vape-produkter du kanske gillar:<strong><em><a href=\"https:\/\/rmvapesale.com\/sv\/shop-2\/\">handla nu &gt;&gt;&gt;<\/a><\/em><\/strong><\/p>","protected":false},"excerpt":{"rendered":"<p>Aivono Aim Boom 25000 Puffar Smart Sk\u00e4rm E-cigaretter<br \/>\nAim Boom 25000 Puffar Smart Sk\u00e4rm Eng\u00e5ngsvape Partihandel<br \/>\nAivono Aim Boom 25000 Smart Sk\u00e4rm Eng\u00e5ngsvape Smak<\/p>\n<p><img loading=\"lazy\" decoding=\"async\" class=\"size-full wp-image-1978\" src=\"https:\/\/rmvapesale.com\/wp-content\/uploads\/2024\/09\/Disposable-Vape-Wholesale.jpg\" alt=\"Eng\u00e5ngsvape Partihandel\" width=\"229\" height=\"300\" \/><\/p>\n<h3><span style=\"color: #ff0000\"><strong>WhatsApp: +86 17776015835<\/strong><\/span><\/h3>\n<p>&nbsp;<\/p>","protected":false},"featured_media":2279,"comment_status":"open","ping_status":"closed","template":"","meta":{"_uag_custom_page_level_css":"","_lmt_disableupdate":"no","_lmt_disable":"","site-sidebar-layout":"default","site-content-layout":"content-boxed-container","ast-site-content-layout":"normal-width-container","site-content-style":"boxed","site-sidebar-style":"unboxed","ast-global-header-display":"","ast-banner-title-visibility":"","ast-main-header-display":"","ast-hfb-above-header-display":"","ast-hfb-below-header-display":"","ast-hfb-mobile-header-display":"","site-post-title":"","ast-breadcrumbs-content":"","ast-featured-img":"","footer-sml-layout":"","theme-transparent-header-meta":"default","adv-header-id-meta":"","stick-header-meta":"","header-above-stick-meta":"","header-main-stick-meta":"","header-below-stick-meta":"","astra-migrate-meta-layouts":"set","ast-page-background-enabled":"default","ast-page-background-meta":{"desktop":{"background-color":"var(--ast-global-color-4)","background-image":"","background-repeat":"repeat","background-position":"center center","background-size":"auto","background-attachment":"scroll","background-type":"","background-media":"","overlay-type":"","overlay-color":"","overlay-opacity":"","overlay-gradient":""},"tablet":{"background-color":"","background-image":"","background-repeat":"repeat","background-position":"center center","background-size":"auto","background-attachment":"scroll","background-type":"","background-media":"","overlay-type":"","overlay-color":"","overlay-opacity":"","overlay-gradient":""},"mobile":{"background-color":"","background-image":"","background-repeat":"repeat","background-position":"center center","background-size":"auto","background-attachment":"scroll","background-type":"","background-media":"","overlay-type":"","overlay-color":"","overlay-opacity":"","overlay-gradient":""}},"ast-content-background-meta":{"desktop":{"background-color":"var(--ast-global-color-5)","background-image":"","background-repeat":"repeat","background-position":"center center","background-size":"auto","background-attachment":"scroll","background-type":"","background-media":"","overlay-type":"","overlay-color":"","overlay-opacity":"","overlay-gradient":""},"tablet":{"background-color":"var(--ast-global-color-5)","background-image":"","background-repeat":"repeat","background-position":"center center","background-size":"auto","background-attachment":"scroll","background-type":"","background-media":"","overlay-type":"","overlay-color":"","overlay-opacity":"","overlay-gradient":""},"mobile":{"background-color":"var(--ast-global-color-5)","background-image":"","background-repeat":"repeat","background-position":"center center","background-size":"auto","background-attachment":"scroll","background-type":"","background-media":"","overlay-type":"","overlay-color":"","overlay-opacity":"","overlay-gradient":""}},"_joinchat":[]},"product_brand":[],"product_cat":[15,289,292,293,295,299,276,256,25,123,26,28,135,27,137,136,30],"product_tag":[66,99,87,115,120,116],"class_list":{"0":"post-2276","1":"product","2":"type-product","3":"status-publish","4":"has-post-thumbnail","6":"product_cat-new-vape-this-week","7":"product_cat-big-puffs-disposable-vapes","8":"product_cat-digital-disposable-vapes","9":"product_cat-low-nicotine-disposable-vapes","10":"product_cat-rechargeable-disposable-vapes","11":"product_cat-smart-screen-disposable-vapes","12":"product_cat-aivono-vape","13":"product_cat-25000-puff-disposable-vape","14":"product_cat-germany-best-selling-vape","15":"product_cat-italy-wholesale-vape","16":"product_cat-netherlands-hot-sale-vape","17":"product_cat-poland-hot-sale-vape","18":"product_cat-spain-best-hot-sale-vape","19":"product_cat-fance-hot-sale-vape","20":"product_cat-rechargeable-vapes","21":"product_cat-smart-screen-vapes","22":"product_cat-minimum-order-quantity-50pcs","23":"product_tag-disposable-vape","24":"product_tag-disposable-vape-wholesale","25":"product_tag-puff-25k","26":"product_tag-smart-screen-disposable-vape","27":"product_tag-vape-wholesale","28":"product_tag-vapes","29":"desktop-align-left","30":"tablet-align-left","31":"mobile-align-left","33":"first","34":"instock","35":"sale","36":"shipping-taxable","37":"purchasable","38":"product-type-simple"},"uagb_featured_image_src":{"full":["https:\/\/rmvapesale.com\/wp-content\/uploads\/2024\/09\/Aivono-Aim-Boom-25000-Puffs-Star-Flexible-Screen-Vape.png",808,808,false],"thumbnail":["https:\/\/rmvapesale.com\/wp-content\/uploads\/2024\/09\/Aivono-Aim-Boom-25000-Puffs-Star-Flexible-Screen-Vape-150x150.png",150,150,true],"medium":["https:\/\/rmvapesale.com\/wp-content\/uploads\/2024\/09\/Aivono-Aim-Boom-25000-Puffs-Star-Flexible-Screen-Vape-300x300.png",300,300,true],"medium_large":["https:\/\/rmvapesale.com\/wp-content\/uploads\/2024\/09\/Aivono-Aim-Boom-25000-Puffs-Star-Flexible-Screen-Vape-768x768.png",768,768,true],"large":["https:\/\/rmvapesale.com\/wp-content\/uploads\/2024\/09\/Aivono-Aim-Boom-25000-Puffs-Star-Flexible-Screen-Vape.png",808,808,false],"1536x1536":["https:\/\/rmvapesale.com\/wp-content\/uploads\/2024\/09\/Aivono-Aim-Boom-25000-Puffs-Star-Flexible-Screen-Vape.png",808,808,false],"2048x2048":["https:\/\/rmvapesale.com\/wp-content\/uploads\/2024\/09\/Aivono-Aim-Boom-25000-Puffs-Star-Flexible-Screen-Vape.png",808,808,false],"trp-custom-language-flag":["https:\/\/rmvapesale.com\/wp-content\/uploads\/2024\/09\/Aivono-Aim-Boom-25000-Puffs-Star-Flexible-Screen-Vape.png",12,12,false],"woocommerce_thumbnail":["https:\/\/rmvapesale.com\/wp-content\/uploads\/2024\/09\/Aivono-Aim-Boom-25000-Puffs-Star-Flexible-Screen-Vape-300x300.png",300,300,true],"woocommerce_single":["https:\/\/rmvapesale.com\/wp-content\/uploads\/2024\/09\/Aivono-Aim-Boom-25000-Puffs-Star-Flexible-Screen-Vape-600x600.png",600,600,true],"woocommerce_gallery_thumbnail":["https:\/\/rmvapesale.com\/wp-content\/uploads\/2024\/09\/Aivono-Aim-Boom-25000-Puffs-Star-Flexible-Screen-Vape-100x100.png",100,100,true],"wcpr-photo-reviews":["https:\/\/rmvapesale.com\/wp-content\/uploads\/2024\/09\/Aivono-Aim-Boom-25000-Puffs-Star-Flexible-Screen-Vape.png",500,500,false]},"uagb_author_info":{"display_name":"AMY","author_link":"https:\/\/rmvapesale.com\/sv\/author\/"},"uagb_comment_info":0,"uagb_excerpt":"Aivono Aim Boom 25000 Puffs Smart Screen E Cigarettes Aim Boom 25000 Puffs Smart Screen Disposable Vape Wholesale Aivono Aim Boom 25000 Smart Screen Disposalbe Vape Flavour WhatsApp: +86 17776015835 &nbsp;","_links":{"self":[{"href":"https:\/\/rmvapesale.com\/sv\/wp-json\/wp\/v2\/product\/2276","targetHints":{"allow":["GET"]}}],"collection":[{"href":"https:\/\/rmvapesale.com\/sv\/wp-json\/wp\/v2\/product"}],"about":[{"href":"https:\/\/rmvapesale.com\/sv\/wp-json\/wp\/v2\/types\/product"}],"replies":[{"embeddable":true,"href":"https:\/\/rmvapesale.com\/sv\/wp-json\/wp\/v2\/comments?post=2276"}],"wp:featuredmedia":[{"embeddable":true,"href":"https:\/\/rmvapesale.com\/sv\/wp-json\/wp\/v2\/media\/2279"}],"wp:attachment":[{"href":"https:\/\/rmvapesale.com\/sv\/wp-json\/wp\/v2\/media?parent=2276"}],"wp:term":[{"taxonomy":"product_brand","embeddable":true,"href":"https:\/\/rmvapesale.com\/sv\/wp-json\/wp\/v2\/product_brand?post=2276"},{"taxonomy":"product_cat","embeddable":true,"href":"https:\/\/rmvapesale.com\/sv\/wp-json\/wp\/v2\/product_cat?post=2276"},{"taxonomy":"product_tag","embeddable":true,"href":"https:\/\/rmvapesale.com\/sv\/wp-json\/wp\/v2\/product_tag?post=2276"}],"curies":[{"name":"wp","href":"https:\/\/api.w.org\/{rel}","templated":true}]}}