{"id":2313,"date":"2024-10-09T09:34:18","date_gmt":"2024-10-09T09:34:18","guid":{"rendered":"https:\/\/rmvapesale.com\/?post_type=product&#038;p=2313"},"modified":"2024-10-09T09:51:33","modified_gmt":"2024-10-09T09:51:33","slug":"bang-box-30000-puff-smart-screen-disposable-vape-wholesale","status":"publish","type":"product","link":"https:\/\/rmvapesale.com\/sv\/product\/bang-box-30000-puff-smart-screen-disposable-vape-wholesale\/","title":{"rendered":"Bang Box 30000 Puff Smart Screen Eng\u00e5ngsvape Partihandel"},"content":{"rendered":"<div class=\"B2VR9 CJHX3e\">\n<div class=\"wyccme\">\n<h1 class=\"LC20lb MBeuO DKV0Md\">Bang Box 30000 Puff Smart Screen Eng\u00e5ngsvape Partihandel<\/h1>\n<div class=\"flex-shrink-0 flex flex-col relative items-end\">\n<div>\n<div class=\"pt-0\">\n<div class=\"gizmo-bot-avatar flex h-8 w-8 items-center justify-center overflow-hidden rounded-full\">\n<div class=\"relative p-1 rounded-sm flex items-center justify-center bg-token-main-surface-primary text-token-text-primary h-8 w-8\">\n<p>Bang Box 30000 Puff Smart Screen Eng\u00e5ngsvape \u00e4r designad f\u00f6r att leverera en exceptionell vapingupplevelse, nu tillg\u00e4nglig till partihandelspris. Med imponerande 30 000 puffar och en stor 35 ml e-v\u00e4tskekapacitet \u00e4r den byggd f\u00f6r l\u00e5ngvarig anv\u00e4ndning.<\/p>\n<p>Denna eng\u00e5ngsvape-boxenhet erbjuder nikotinalternativ p\u00e5 0%, 2%, 3% eller 5%, vilket g\u00f6r den l\u00e4mplig f\u00f6r b\u00e5de nya och erfarna anv\u00e4ndare. Den har ett 850mAh uppladdningsbart batteri och en dubbel mesh-spole, vilket s\u00e4kerst\u00e4ller fyllig smak och konsekvent \u00e5ngproduktion vid varje puff.<\/p>\n<p>Det som utm\u00e4rker Bang Box 30k \u00e4r dess smarta sk\u00e4rm som visar b\u00e5de v\u00e4tske- och effektniv\u00e5er, vilket g\u00f6r att anv\u00e4ndare enkelt kan \u00f6vervaka sin vapes status. Tillg\u00e4nglig i 12 unika smaker, det finns n\u00e5got f\u00f6r varje smakpreferens.<\/p>\n<p>Idealisk f\u00f6r partihandelsk\u00f6pare, Bang Box 30000 Puff Smart Screen Eng\u00e5ngsvape kombinerar bekv\u00e4mlighet, prestanda och variation, vilket g\u00f6r den till ett toppval f\u00f6r \u00e5terf\u00f6rs\u00e4ljare.<\/p>\n<\/div>\n<\/div>\n<\/div>\n<\/div>\n<\/div>\n<div class=\"group\/conversation-turn relative flex w-full min-w-0 flex-col agent-turn\">\n<div class=\"flex-col gap-1 md:gap-3\">\n<div class=\"flex max-w-full flex-col flex-grow\">\n<div class=\"min-h-8 text-message flex w-full flex-col items-end gap-2 whitespace-normal break-words [.text-message+&amp;]:mt-5\" dir=\"auto\" data-message-author-role=\"assistant\" data-message-id=\"871c1362-82be-4876-894c-d28f37ffd3d3\">\n<div class=\"flex w-full flex-col gap-1 empty:hidden first:pt-[3px]\">\n<div class=\"markdown prose w-full break-words dark:prose-invert light\">\n<p>&nbsp;<\/p>\n<\/div>\n<\/div>\n<\/div>\n<\/div>\n<\/div>\n<\/div>\n<\/div>\n<\/div>\n<p><strong>Kontakta Amy f\u00f6r att f\u00e5 r\u00e4tt svar och fler produktvideor!<\/strong><\/p>\n<p><img loading=\"lazy\" decoding=\"async\" class=\"size-full wp-image-1978\" src=\"https:\/\/rmvapesale.com\/wp-content\/uploads\/2024\/09\/Disposable-Vape-Wholesale.jpg\" alt=\"Eng\u00e5ngsvape Partihandel\" width=\"229\" height=\"300\" \/><\/p>\n<h3><a href=\"https:\/\/wa.me\/8617776015835\" target=\"_blank\" rel=\"noopener\"><span style=\"color: #ff0000\"><strong>WhatsApp: +86 17776015835<\/strong><\/span><\/a><\/h3>\n<p>&nbsp;<\/p>\n<h2><\/h2>\n<h2><strong>Bang Box 30000 Puff Smart Screen Vape Huvudfunktioner<\/strong><\/h2>\n<p>Nikotin:0% 2% 3% 5%<br \/>\nPuffar: 30000 puff<br \/>\nKapacitet: 35 ml<br \/>\n12 Smaker Tillg\u00e4ngliga<br \/>\n850mah Uppladdningsbar<br \/>\nDubbel Mesh-spiral<br \/>\nSmart Sk\u00e4rm: V\u00e4tske-\/Effektindikator<\/p>\n<figure id=\"attachment_2311\" aria-describedby=\"caption-attachment-2311\" style=\"width: 300px\" class=\"wp-caption alignnone\"><img loading=\"lazy\" decoding=\"async\" class=\"size-medium wp-image-2311\" src=\"https:\/\/rmvapesale.com\/wp-content\/uploads\/2024\/10\/Bang-Box-30000-Puff-Smart-Screen-E-Cigarettes-300x300.jpg\" alt=\"Bang Box 30000 Puff Smart Screen E-cigaretter\" width=\"300\" height=\"300\" srcset=\"https:\/\/rmvapesale.com\/wp-content\/uploads\/2024\/10\/Bang-Box-30000-Puff-Smart-Screen-E-Cigarettes-300x300.jpg 300w, https:\/\/rmvapesale.com\/wp-content\/uploads\/2024\/10\/Bang-Box-30000-Puff-Smart-Screen-E-Cigarettes-150x150.jpg 150w, https:\/\/rmvapesale.com\/wp-content\/uploads\/2024\/10\/Bang-Box-30000-Puff-Smart-Screen-E-Cigarettes-768x768.jpg 768w, https:\/\/rmvapesale.com\/wp-content\/uploads\/2024\/10\/Bang-Box-30000-Puff-Smart-Screen-E-Cigarettes-600x600.jpg 600w, https:\/\/rmvapesale.com\/wp-content\/uploads\/2024\/10\/Bang-Box-30000-Puff-Smart-Screen-E-Cigarettes-100x100.jpg 100w, https:\/\/rmvapesale.com\/wp-content\/uploads\/2024\/10\/Bang-Box-30000-Puff-Smart-Screen-E-Cigarettes.jpg 800w\" sizes=\"auto, (max-width: 300px) 100vw, 300px\" \/><figcaption id=\"caption-attachment-2311\" class=\"wp-caption-text\">Bang Box 30000 Puff Smart Screen E-cigaretter<\/figcaption><\/figure>\n<h2><strong>Toppsmak f\u00f6r Bang Box 30000 Puff Smart Screen E-cigaretter\u00a0<\/strong><\/h2>\n<p>Bang Box 30000 Puff Smart Screen Eng\u00e5ngsvape erbjuder 12 l\u00e4ckra smaker, v\u00e4lj bland en m\u00e4ngd olika smaker, inklusive klassisk uppfriskande cool mint, och den exotiska s\u00f6tman av druva, var och en lovar en fyllig, tillfredsst\u00e4llande resa med varje puff.<\/p>\n<p>1.Jordgubbskiwi<br \/>\n2.Black Burst<span style=\"color: #ff0000\"><strong>&gt;&gt;&gt;&gt; Het!<\/strong><\/span><br \/>\n3. Jordgubbsvattenmelon<br \/>\n4.Jungle Juice<br \/>\n5.Bl\u00e5b\u00e4r sur hallonis<span style=\"color: #ff0000\"><strong>&gt;&gt;&gt;&gt; Het!<\/strong><\/span><br \/>\n6.Vattenmelon is<br \/>\n7.Bl\u00e5b\u00e4r is<br \/>\n8.Bl\u00e5b\u00e4r granat\u00e4pple<br \/>\n9.Bl\u00e5 burst<span style=\"color: #ff0000\"><strong>&gt;&gt;&gt;&gt; B\u00e4st!<\/strong><\/span><br \/>\n10.\u00c4pple persika<br \/>\n11.Passionsfrukt<br \/>\n12.Dubbel druva<\/p>\n<p>&nbsp;<\/p>\n<div class=\"flex-shrink-0 flex flex-col relative items-end\">\n<div>\n<div class=\"pt-0\">\n<div class=\"gizmo-bot-avatar flex h-8 w-8 items-center justify-center overflow-hidden rounded-full\">\n<div class=\"relative p-1 rounded-sm flex items-center justify-center bg-token-main-surface-primary text-token-text-primary h-8 w-8\">\n<h3><b>VANLIGA FR\u00c5GOR OCH SVAR<\/b><\/h3>\n<p>&nbsp;<\/p>\n<\/div>\n<\/div>\n<\/div>\n<\/div>\n<\/div>\n<div class=\"group\/conversation-turn relative flex w-full min-w-0 flex-col agent-turn\">\n<div class=\"flex-col gap-1 md:gap-3\">\n<div class=\"flex max-w-full flex-col flex-grow\">\n<div class=\"min-h-8 text-message flex w-full flex-col items-end gap-2 whitespace-normal break-words [.text-message+&amp;]:mt-5\" dir=\"auto\" data-message-author-role=\"assistant\" data-message-id=\"f226d3fc-81f3-46d5-8c46-31787fff0357\">\n<div class=\"flex w-full flex-col gap-1 empty:hidden first:pt-[3px]\">\n<div class=\"markdown prose w-full break-words dark:prose-invert light\">\n<p><strong>F1: Vilka nikotinstyrkor finns tillg\u00e4ngliga f\u00f6r Bang Box 30000 Puff Smart Screen eng\u00e5ngsvape?<\/strong><br \/>\nS1: Bang Box erbjuder nikotinalternativ p\u00e5 0%, 2%, 3% och 5%, vilket g\u00f6r det m\u00f6jligt f\u00f6r anv\u00e4ndare att v\u00e4lja baserat p\u00e5 deras preferenser.<\/p>\n<p><strong>F2: Hur m\u00e5nga bloss erbjuder Bang Box 30000 Puff eng\u00e5ngsvape?<\/strong><br \/>\nS2: Denna enhet levererar upp till 30 000 bloss, vilket ger en ut\u00f6kad vapingupplevelse.<\/p>\n<p><strong>F3: Vilka smaker finns tillg\u00e4ngliga f\u00f6r Bang Box 30000 Puff LED-display e-cigaretter?<\/strong><br \/>\nS3: V\u00e4lj mellan 12 sp\u00e4nnande smaker inklusive Jordgubbe kiwi, Svart burst, Vattenmelon is, Bl\u00e5b\u00e4r sur hallon is och fler!<\/p>\n<p><strong>F4: Vad \u00e4r kapaciteten p\u00e5 Bang Box 30000 Puff LED-display eng\u00e5ngsvape?<\/strong><br \/>\nS4: Vapen rymmer 35 ml e-v\u00e4tska, vilket garanterar l\u00e5ngvarig anv\u00e4ndning utan frekventa p\u00e5fyllningar.<\/p>\n<p><strong>F5: Hur fungerar smartsk\u00e4rmsfunktionen p\u00e5 Bang Box 30000 Puff eng\u00e5ngsvape?<\/strong><br \/>\nS5: Smartsk\u00e4rmen visar b\u00e5de e-v\u00e4tske- och batteriniv\u00e5er, vilket hj\u00e4lper anv\u00e4ndare att enkelt \u00f6vervaka enhetens status.<\/p>\n<p><strong>F6: \u00c4r Bang Box 30k Puff Smart Screen e-cigarett uppladdningsbar?<\/strong><br \/>\nS6: Ja, den levereras med ett uppladdningsbart 850mAh-batteri, vilket s\u00e4kerst\u00e4ller fortsatt anv\u00e4ndning vid behov.<\/p>\n<p><strong>F7: Vad g\u00f6r den dubbla mesh-spolen speciell i Bang Box 30000 Puff LED-display e-cigaretter?<\/strong><br \/>\nA7: Den dubbla mesh-spolen f\u00f6rb\u00e4ttrar \u00e5ngproduktionen och ger en rikare, mer konsekvent smak.<\/p>\n<p><strong>Q8: Kan jag k\u00f6pa Bang Box 30000 Puff Disposable Vape i stora volymer?<\/strong><br \/>\nA8: Ja, vi erbjuder <strong>Bang Box 30000 Puff Smart Screen Disposable Vape Partik\u00f6p<\/strong> och grossistalternativ f\u00f6r \u00e5terf\u00f6rs\u00e4ljare.<\/p>\n<p><strong>Q9: Vad \u00e4r det b\u00e4sta alternativet f\u00f6r att k\u00f6pa Bang Box 30000 Puff LED Display Disposable Vapes i stora volymer?<\/strong><br \/>\nA9: F\u00f6r de mest konkurrenskraftiga priserna och bulkalternativen kan du utforska <strong>Bang Box 30000 Puff LED Display E Cigarett Grossist<\/strong> erbjudanden.<\/p>\n<\/div>\n<\/div>\n<\/div>\n<\/div>\n<\/div>\n<\/div>\n<p>&nbsp;<\/p>\n<h3><\/h3>\n<h3>Om frakt<\/h3>\n<div class=\"flex-shrink-0 flex flex-col relative items-end\">\n<div>\n<div class=\"pt-0\">\n<div class=\"gizmo-bot-avatar flex h-8 w-8 items-center justify-center overflow-hidden rounded-full\">\n<div><\/div>\n<div class=\"relative p-1 rounded-sm flex items-center justify-center bg-token-main-surface-primary text-token-text-primary h-8 w-8\"><strong>1. Vilka fraktmetoder anv\u00e4nds?<\/strong><\/div>\n<\/div>\n<\/div>\n<\/div>\n<\/div>\n<div class=\"group\/conversation-turn relative flex w-full min-w-0 flex-col agent-turn\">\n<div class=\"flex-col gap-1 md:gap-3\">\n<div class=\"flex max-w-full flex-col flex-grow\">\n<div class=\"min-h-[20px] text-message flex w-full flex-col items-end gap-2 whitespace-normal break-words [.text-message+&amp;]:mt-5 overflow-x-auto\" dir=\"auto\" data-message-author-role=\"assistant\" data-message-id=\"22f8283b-3233-46ff-89a5-c7a41b33abda\">\n<div class=\"flex w-full flex-col gap-1 empty:hidden first:pt-[3px]\">\n<div class=\"markdown prose w-full break-words dark:prose-invert light\">\n<p>Vi samarbetar med UPS, DHL, FedEx, DPD och andra ledande transport\u00f6rer. Vi v\u00e4ljer det b\u00e4sta frakts\u00e4ttet baserat p\u00e5 din leveransadress f\u00f6r att s\u00e4kerst\u00e4lla att du f\u00e5r dina produkter s\u00e5 snabbt som m\u00f6jligt.<\/p>\n<\/div>\n<p><strong>2. Hur l\u00e5ng tid tar det att komma fram?<\/strong><\/p>\n<p>Paket som skickas till Sverige anl\u00e4nder vanligtvis inom 10 arbetsdagar. Leveranser till europeiska l\u00e4nder tar generellt cirka 12-15 arbetsdagar. Vi kommer att ge uppdateringar i realtid om din leveransstatus.<\/p>\n<\/div>\n<p><strong>3. Garanti<\/strong><\/p>\n<p><span style=\"color: #ff0000\"><strong>Alla produkter i v\u00e5r butik garanteras vara 100% original och \u00e4kta. Vi erbjuder 10 g\u00e5nger ers\u00e4ttning f\u00f6r f\u00f6rfalskade varor!<\/strong><\/span><\/p>\n<div class=\"flex w-full flex-col gap-1 empty:hidden first:pt-[3px]\">\n<p>&nbsp;<\/p>\n<\/div>\n<\/div>\n<\/div>\n<\/div>\n<\/div>\n<p>&nbsp;<\/p>\n<p>Andra popul\u00e4ra vapes du kanske gillar:<\/p>\n<p><a href=\"https:\/\/rmvapesale.com\/sv\/product\/aivono-aim-magic-20000-20k-puffs-disposable-vape-pod\/\"><strong>Aivono Aim Magic 20000 Puff\u00a0 \u00a0<span style=\"color: #ff0000\">&gt;&gt;&gt;&gt; k\u00f6r!<\/span><\/strong><\/a><\/p>\n<p><strong><a href=\"https:\/\/rmvapesale.com\/sv\/product\/waspe-fihp-30000-puffs-led-display-disposable-vape-box\/\">WASPE FIHP 30000 bloss <span style=\"color: #ff0000\">&gt;&gt;&gt;&gt; k\u00f6r!<\/span><\/a>\u00a0<\/strong><\/p>\n<p><a href=\"https:\/\/rmvapesale.com\/sv\/product\/uzy-crystal-pro-max-10k-puffs-disposable-vape-pen-wholesale\/\"><strong>UZY Crystal Pro Max 10k bloss <span style=\"color: #ff0000\">&gt;&gt;&gt;&gt; k\u00f6r!<\/span><\/strong><\/a><\/p>\n<p>&nbsp;<\/p>\n<p>&nbsp;<\/p>\n<p>Hitta fler vape-produkter du kanske gillar:<strong><em><a href=\"https:\/\/rmvapesale.com\/sv\/shop-2\/\">handla nu &gt;&gt;&gt;<\/a><\/em><\/strong><\/p>","protected":false},"excerpt":{"rendered":"<p>Bang Box 30000 Puffs Smart Screen Eng\u00e5ngs E-cigaretter<br \/>\nBang Vape Box 30000 Puffs Eng\u00e5ngsvape Partihandel<br \/>\nBang Box 30000 Puffs 0% 2% 3% 5% Nikotinfri Bulkk\u00f6p<\/p>\n<p><img loading=\"lazy\" decoding=\"async\" class=\"size-full wp-image-1978\" src=\"https:\/\/rmvapesale.com\/wp-content\/uploads\/2024\/09\/Disposable-Vape-Wholesale.jpg\" alt=\"Eng\u00e5ngsvape Partihandel\" width=\"229\" height=\"300\" \/><\/p>\n<h3><a href=\"https:\/\/wa.me\/8617776015835\"><span style=\"color: #ff0000\"><strong>WhatsApp: +86 17776015835<\/strong><\/span><\/a><\/h3>\n<p>&nbsp;<\/p>","protected":false},"featured_media":2310,"comment_status":"open","ping_status":"closed","template":"","meta":{"_uag_custom_page_level_css":"","_lmt_disableupdate":"","_lmt_disable":"","site-sidebar-layout":"default","site-content-layout":"content-boxed-container","ast-site-content-layout":"normal-width-container","site-content-style":"boxed","site-sidebar-style":"unboxed","ast-global-header-display":"","ast-banner-title-visibility":"","ast-main-header-display":"","ast-hfb-above-header-display":"","ast-hfb-below-header-display":"","ast-hfb-mobile-header-display":"","site-post-title":"","ast-breadcrumbs-content":"","ast-featured-img":"","footer-sml-layout":"","ast-disable-related-posts":"","theme-transparent-header-meta":"default","adv-header-id-meta":"","stick-header-meta":"","header-above-stick-meta":"","header-main-stick-meta":"","header-below-stick-meta":"","astra-migrate-meta-layouts":"set","ast-page-background-enabled":"default","ast-page-background-meta":{"desktop":{"background-color":"var(--ast-global-color-4)","background-image":"","background-repeat":"repeat","background-position":"center center","background-size":"auto","background-attachment":"scroll","background-type":"","background-media":"","overlay-type":"","overlay-color":"","overlay-opacity":"","overlay-gradient":""},"tablet":{"background-color":"","background-image":"","background-repeat":"repeat","background-position":"center center","background-size":"auto","background-attachment":"scroll","background-type":"","background-media":"","overlay-type":"","overlay-color":"","overlay-opacity":"","overlay-gradient":""},"mobile":{"background-color":"","background-image":"","background-repeat":"repeat","background-position":"center center","background-size":"auto","background-attachment":"scroll","background-type":"","background-media":"","overlay-type":"","overlay-color":"","overlay-opacity":"","overlay-gradient":""}},"ast-content-background-meta":{"desktop":{"background-color":"var(--ast-global-color-5)","background-image":"","background-repeat":"repeat","background-position":"center center","background-size":"auto","background-attachment":"scroll","background-type":"","background-media":"","overlay-type":"","overlay-color":"","overlay-opacity":"","overlay-gradient":""},"tablet":{"background-color":"var(--ast-global-color-5)","background-image":"","background-repeat":"repeat","background-position":"center center","background-size":"auto","background-attachment":"scroll","background-type":"","background-media":"","overlay-type":"","overlay-color":"","overlay-opacity":"","overlay-gradient":""},"mobile":{"background-color":"var(--ast-global-color-5)","background-image":"","background-repeat":"repeat","background-position":"center center","background-size":"auto","background-attachment":"scroll","background-type":"","background-media":"","overlay-type":"","overlay-color":"","overlay-opacity":"","overlay-gradient":""}},"_joinchat":[]},"product_brand":[],"product_cat":[15,60,27,25,123,30,26,28],"product_tag":[63,66,125,96,101,105,120],"class_list":{"0":"post-2313","1":"product","2":"type-product","3":"status-publish","4":"has-post-thumbnail","6":"product_cat-new-vape-this-week","7":"product_cat-bang-vapes","8":"product_cat-fance-hot-sale-vape","9":"product_cat-germany-best-selling-vape","10":"product_cat-italy-wholesale-vape","11":"product_cat-minimum-order-quantity-50pcs","12":"product_cat-netherlands-hot-sale-vape","13":"product_cat-poland-hot-sale-vape","14":"product_tag-bang-vapes","15":"product_tag-disposable-vape","16":"product_tag-disposable-vape-italy","17":"product_tag-disposable-vape-wholesale-uk","18":"product_tag-led-display-vape","19":"product_tag-nicotine-free-disposable-vape","20":"product_tag-vape-wholesale","21":"desktop-align-left","22":"tablet-align-left","23":"mobile-align-left","25":"first","26":"instock","27":"sale","28":"shipping-taxable","29":"purchasable","30":"product-type-simple"},"uagb_featured_image_src":{"full":["https:\/\/rmvapesale.com\/wp-content\/uploads\/2024\/10\/Bang-Box-30000-Puff-Smart-Screen-Disposable-Vape.jpg",800,801,false],"thumbnail":["https:\/\/rmvapesale.com\/wp-content\/uploads\/2024\/10\/Bang-Box-30000-Puff-Smart-Screen-Disposable-Vape-150x150.jpg",150,150,true],"medium":["https:\/\/rmvapesale.com\/wp-content\/uploads\/2024\/10\/Bang-Box-30000-Puff-Smart-Screen-Disposable-Vape-300x300.jpg",300,300,true],"medium_large":["https:\/\/rmvapesale.com\/wp-content\/uploads\/2024\/10\/Bang-Box-30000-Puff-Smart-Screen-Disposable-Vape-768x769.jpg",768,769,true],"large":["https:\/\/rmvapesale.com\/wp-content\/uploads\/2024\/10\/Bang-Box-30000-Puff-Smart-Screen-Disposable-Vape.jpg",800,801,false],"1536x1536":["https:\/\/rmvapesale.com\/wp-content\/uploads\/2024\/10\/Bang-Box-30000-Puff-Smart-Screen-Disposable-Vape.jpg",800,801,false],"2048x2048":["https:\/\/rmvapesale.com\/wp-content\/uploads\/2024\/10\/Bang-Box-30000-Puff-Smart-Screen-Disposable-Vape.jpg",800,801,false],"trp-custom-language-flag":["https:\/\/rmvapesale.com\/wp-content\/uploads\/2024\/10\/Bang-Box-30000-Puff-Smart-Screen-Disposable-Vape.jpg",12,12,false],"woocommerce_thumbnail":["https:\/\/rmvapesale.com\/wp-content\/uploads\/2024\/10\/Bang-Box-30000-Puff-Smart-Screen-Disposable-Vape-300x300.jpg",300,300,true],"woocommerce_single":["https:\/\/rmvapesale.com\/wp-content\/uploads\/2024\/10\/Bang-Box-30000-Puff-Smart-Screen-Disposable-Vape-600x601.jpg",600,601,true],"woocommerce_gallery_thumbnail":["https:\/\/rmvapesale.com\/wp-content\/uploads\/2024\/10\/Bang-Box-30000-Puff-Smart-Screen-Disposable-Vape-100x100.jpg",100,100,true],"wcpr-photo-reviews":["https:\/\/rmvapesale.com\/wp-content\/uploads\/2024\/10\/Bang-Box-30000-Puff-Smart-Screen-Disposable-Vape.jpg",500,500,false]},"uagb_author_info":{"display_name":"AMY","author_link":"https:\/\/rmvapesale.com\/sv\/author\/"},"uagb_comment_info":0,"uagb_excerpt":"Bang Box 30000 Puffs Smart Screen Disposable E Cigarettes Bang Vape Box 30000 Puffs Disposable Vape Wholesale Bang Box 30000 Puffs 0% 2% 3% 5% Free Nicotine Bulk Buy WhatsApp: +86 17776015835 &nbsp;","_links":{"self":[{"href":"https:\/\/rmvapesale.com\/sv\/wp-json\/wp\/v2\/product\/2313","targetHints":{"allow":["GET"]}}],"collection":[{"href":"https:\/\/rmvapesale.com\/sv\/wp-json\/wp\/v2\/product"}],"about":[{"href":"https:\/\/rmvapesale.com\/sv\/wp-json\/wp\/v2\/types\/product"}],"replies":[{"embeddable":true,"href":"https:\/\/rmvapesale.com\/sv\/wp-json\/wp\/v2\/comments?post=2313"}],"wp:featuredmedia":[{"embeddable":true,"href":"https:\/\/rmvapesale.com\/sv\/wp-json\/wp\/v2\/media\/2310"}],"wp:attachment":[{"href":"https:\/\/rmvapesale.com\/sv\/wp-json\/wp\/v2\/media?parent=2313"}],"wp:term":[{"taxonomy":"product_brand","embeddable":true,"href":"https:\/\/rmvapesale.com\/sv\/wp-json\/wp\/v2\/product_brand?post=2313"},{"taxonomy":"product_cat","embeddable":true,"href":"https:\/\/rmvapesale.com\/sv\/wp-json\/wp\/v2\/product_cat?post=2313"},{"taxonomy":"product_tag","embeddable":true,"href":"https:\/\/rmvapesale.com\/sv\/wp-json\/wp\/v2\/product_tag?post=2313"}],"curies":[{"name":"wp","href":"https:\/\/api.w.org\/{rel}","templated":true}]}}