{"id":2329,"date":"2024-10-10T09:22:12","date_gmt":"2024-10-10T09:22:12","guid":{"rendered":"https:\/\/rmvapesale.com\/?post_type=product&#038;p=2329"},"modified":"2024-10-22T07:41:39","modified_gmt":"2024-10-22T07:41:39","slug":"bang-box-30000-puff-double-taste-smart-screen-disposable-vape","status":"publish","type":"product","link":"https:\/\/rmvapesale.com\/sv\/product\/bang-box-30000-puff-double-taste-smart-screen-disposable-vape\/","title":{"rendered":"Bang Box 30000 Puff Double Taste Smart Screen Eng\u00e5ngsvape"},"content":{"rendered":"<div class=\"B2VR9 CJHX3e\">\n<div class=\"wyccme\">\n<h1 class=\"LC20lb MBeuO DKV0Md\">Bang Box 30000 Puff Dubbel Smak Smart Sk\u00e4rm Eng\u00e5ngsvape Partihandel<\/h1>\n<div class=\"flex-shrink-0 flex flex-col relative items-end\">\n<div>\n<div class=\"pt-0\">\n<div class=\"gizmo-bot-avatar flex h-8 w-8 items-center justify-center overflow-hidden rounded-full\">\n<div class=\"relative p-1 rounded-sm flex items-center justify-center bg-token-main-surface-primary text-token-text-primary h-8 w-8\">\n<p>Letar du efter den ultimata vape med massiv kapacitet? Den <strong>Bang Box 30000 Puff Double Taste Smart Screen Eng\u00e5ngsvape<\/strong> har dig t\u00e4ckt! Med imponerande 30 000 puffar s\u00e4kerst\u00e4ller denna enhet att du kommer att vapea i dagar\u2014bokstavligen.<\/p>\n<p>Fylld med <strong>36 ml e-v\u00e4tska<\/strong> och drivs av en <strong>uppladdningsbart 550mAh-batteri<\/strong>, \u00e4r Bang Box utformad f\u00f6r l\u00e5ngvarig prestanda. Den har en <strong>mesh coil<\/strong>, som garanterar j\u00e4mn och rik smak med varje puff. Den <strong>LCD digital display<\/strong> h\u00e5ller dig informerad, visar din batterilivsl\u00e4ngd och e-v\u00e4tskeniv\u00e5er p\u00e5 ett \u00f6gonblick, s\u00e5 inga \u00f6verraskningar!<\/p>\n<p>Med <strong>gratis nikotin<\/strong> alternativ som 0%, <strong>L\u00e5g nikotinniv\u00e5 <\/strong>alternativ som 2%, och andra nikotinliknande 3%, och 5%, du kan v\u00e4lja styrkan som passar din stil. Och l\u00e5t oss inte gl\u00f6mma den sp\u00e4nnande <strong>Dubbel Smak-funktionen<\/strong>\u2014som ger dubbelt s\u00e5 mycket smak i en enhet f\u00f6r en oslagbar upplevelse!<\/p>\n<p>Ladda enkelt med <strong>Type-C<\/strong> porten, och du \u00e4r redo att k\u00f6ra igen. Den <strong>Bang Box 30000 Puff<\/strong> \u00e4r perfekt f\u00f6r grossistk\u00f6pare som vill erbjuda kunder n\u00e5got som \u00e4r b\u00e5de kraftfullt och fullt av smak.<\/p>\n<p>Lagra nu och njut av f\u00f6rdelarna med <strong>Bang Box 30000 Puff Dubbel Smak Smart Sk\u00e4rm Eng\u00e5ngsvape Partihandel<\/strong>!<\/p>\n<p>&nbsp;<\/p>\n<\/div>\n<\/div>\n<\/div>\n<\/div>\n<\/div>\n<\/div>\n<\/div>\n<p><strong>Kontakta Amy f\u00f6r att f\u00e5 r\u00e4tt svar och fler produktvideor!<\/strong><\/p>\n<p><img loading=\"lazy\" decoding=\"async\" class=\"size-full wp-image-1978\" src=\"https:\/\/rmvapesale.com\/wp-content\/uploads\/2024\/09\/Disposable-Vape-Wholesale.jpg\" alt=\"Eng\u00e5ngsvape Partihandel\" width=\"229\" height=\"300\" \/><\/p>\n<h3><a href=\"https:\/\/wa.me\/8617776015835\" target=\"_blank\" rel=\"noopener\"><span style=\"color: #ff0000\"><strong>WhatsApp: +86 17776015835<\/strong><\/span><\/a><\/h3>\n<p>&nbsp;<\/p>\n<h2><\/h2>\n<h2><strong>Bang Box 30000 Puff Dubbelsmak Vape Viktiga Funktioner<\/strong><\/h2>\n<p>&nbsp;<\/p>\n<ul>\n<li><strong>H\u00f6g Puffr\u00e4knare<\/strong>: Njut av upp till 30 000 bloss, vilket g\u00f6r den perfekt f\u00f6r daglig vaping utan st\u00e4ndiga byten.<\/li>\n<li><strong>Stor E-v\u00e4tskekapacitet<\/strong>: Med en 35 ml tank minimerar denna vape behovet av frekventa p\u00e5fyllningar, vilket ger ut\u00f6kad anv\u00e4ndning.<\/li>\n<li><strong>Uppladdningsbart batteri<\/strong>: Utrustad med ett 850mAh batteri, s\u00e4kerst\u00e4ller det l\u00e5ngvarig prestanda och enkel laddning.<\/li>\n<li><strong>Typ-C Laddning<\/strong>: Ladda snabbt och bekv\u00e4mt med den moderna Type-C-kontakten.<\/li>\n<li><strong>Dubbel mesh-spoleteknologi<\/strong>: Upplev f\u00f6rb\u00e4ttrad smak och rik \u00e5ngproduktion f\u00f6r en mer tillfredsst\u00e4llande vape.<\/li>\n<li><strong>Smart Display<\/strong>: H\u00e5ll dig informerad med en digital smartsk\u00e4rm som visar din batteritid och e-v\u00e4tskeniv\u00e5er.<\/li>\n<li><strong>Justerbart luftfl\u00f6de<\/strong>: Finjustera ditt drag med dubbel honeycomb-luftfl\u00f6deskontroll f\u00f6r en skr\u00e4ddarsydd vapingupplevelse.<\/li>\n<li><strong>Nikotinalternativ<\/strong>: Finns i 0%, 2%, 3% och 5% nikotinniv\u00e5er, som tillgodoser olika preferenser.<\/li>\n<\/ul>\n<h2><\/h2>\n<h2><strong>Toppsmak f\u00f6r Bang Box 30000 Puff E-cigaretter\u00a0<\/strong><\/h2>\n<p>Bang Box 30000 Puff Smart Screen Eng\u00e5ngsvape erbjuder 12 l\u00e4ckra smaker, v\u00e4lj bland en m\u00e4ngd olika smaker, inklusive klassisk uppfriskande cool mint, och den exotiska s\u00f6tman av druva, var och en lovar en fyllig, tillfredsst\u00e4llande resa med varje puff.<\/p>\n<p>1.Jordgubbskiwi<br \/>\n2.Black Burst <span style=\"color: #ff0000\"><strong>&gt;&gt;&gt;&gt; Het!<\/strong><\/span><br \/>\n3. Jordgubbsvattenmelon<br \/>\n4.Jungle Juice<br \/>\n5.Bl\u00e5b\u00e4r sur hallonis <span style=\"color: #ff0000\"><strong>&gt;&gt;&gt;&gt; Het!<\/strong><\/span><br \/>\n6.Vattenmelon is<br \/>\n7.Bl\u00e5b\u00e4r is<br \/>\n8.Bl\u00e5b\u00e4r granat\u00e4pple<br \/>\n9.Bl\u00e5 burst <span style=\"color: #ff0000\"><strong>&gt;&gt;&gt;&gt; B\u00e4st!<\/strong><\/span><br \/>\n10.\u00c4pple persika<br \/>\n11.Passionsfrukt<br \/>\n12.Dubbel druva<\/p>\n<figure id=\"attachment_2316\" aria-describedby=\"caption-attachment-2316\" style=\"width: 487px\" class=\"wp-caption alignnone\"><img loading=\"lazy\" decoding=\"async\" class=\"wp-image-2316 size-full\" src=\"https:\/\/rmvapesale.com\/wp-content\/uploads\/2024\/10\/Bang-Box-30k-Puffs-Factory-Price-New-Vape-This-Week.jpg\" alt=\"Bang Box 30k Puff Fabrikspris Ny Vape Denna Vecka\" width=\"487\" height=\"800\" srcset=\"https:\/\/rmvapesale.com\/wp-content\/uploads\/2024\/10\/Bang-Box-30k-Puffs-Factory-Price-New-Vape-This-Week.jpg 487w, https:\/\/rmvapesale.com\/wp-content\/uploads\/2024\/10\/Bang-Box-30k-Puffs-Factory-Price-New-Vape-This-Week-183x300.jpg 183w\" sizes=\"auto, (max-width: 487px) 100vw, 487px\" \/><figcaption id=\"caption-attachment-2316\" class=\"wp-caption-text\">Bang Box 30k Puff Fabrikspris Ny Vape Denna Vecka<\/figcaption><\/figure>\n<h3>Varf\u00f6r V\u00e4lja Rmvapesale f\u00f6r Ditt Stora Ink\u00f6p av Bang Box 30000 Puff?<\/h3>\n<div class=\"flex-shrink-0 flex flex-col relative items-end\">\n<div>\n<div class=\"pt-0\">\n<div class=\"gizmo-bot-avatar flex h-8 w-8 items-center justify-center overflow-hidden rounded-full\">\n<div class=\"relative p-1 rounded-sm flex items-center justify-center bg-token-main-surface-primary text-token-text-primary h-8 w-8\">\n<p>&nbsp;<\/p>\n<p>N\u00e4r du v\u00e4ljer Rmvapesale f\u00f6r dina grossistbehov av eng\u00e5ngsvapes, drar du nytta av:<\/p>\n<ul>\n<li><strong>Konkurrenskraftigt pris<\/strong>: F\u00e5 tillg\u00e5ng till attraktiva grossistpriser som \u00f6kar dina aff\u00e4rsmarginaler.<\/li>\n<li><strong>H\u00f6g kvalitet<\/strong>: V\u00e5ra vapes \u00e4r tillverkade enligt de h\u00f6gsta standarderna, och <span style=\"color: #ff0000\"><strong>garanterat 100% original och \u00e4kta, eller 10 g\u00e5nger kompensation kommer att ges f\u00f6r falska varor!<\/strong><\/span><\/li>\n<li><strong>Utm\u00e4rkt kundservice<\/strong>: V\u00e5rt dedikerade team \u00e4r alltid redo att hj\u00e4lpa dig, vilket g\u00f6r din k\u00f6pprocess smidig och problemfri.<\/li>\n<li><strong>Snabb<\/strong>: F\u00f6rv\u00e4nta dig snabb och p\u00e5litlig frakt som s\u00e4kerst\u00e4ller att dina best\u00e4llningar anl\u00e4nder i tid, varje g\u00e5ng.<\/li>\n<\/ul>\n<h3><\/h3>\n<h3><b>VANLIGA FR\u00c5GOR OCH SVAR<\/b><\/h3>\n<p>&nbsp;<\/p>\n<\/div>\n<\/div>\n<\/div>\n<\/div>\n<\/div>\n<div class=\"group\/conversation-turn relative flex w-full min-w-0 flex-col agent-turn\">\n<div class=\"flex-col gap-1 md:gap-3\">\n<div class=\"flex max-w-full flex-col flex-grow\">\n<div class=\"min-h-8 text-message flex w-full flex-col items-end gap-2 whitespace-normal break-words [.text-message+&amp;]:mt-5\" dir=\"auto\" data-message-author-role=\"assistant\" data-message-id=\"f226d3fc-81f3-46d5-8c46-31787fff0357\">\n<div class=\"flex w-full flex-col gap-1 empty:hidden first:pt-[3px]\">\n<div class=\"markdown prose w-full break-words dark:prose-invert light\">\n<p><strong>F1: Vad g\u00f6r Bang Box 30000 Puff Dubbelsmak Eng\u00e5ngs Vape speciell?<\/strong><br \/>\nS1: Den <strong>Bang Box 30000 Puff Dubbelsmak Eng\u00e5ngs Vape<\/strong> erbjuder upp till 30 000 bloss och har <strong>dubbel smakteknologi<\/strong>, vilket g\u00f6r att du kan v\u00e4xla mellan tv\u00e5 smaker i en och samma enhet. Den har ocks\u00e5 en smart LED-display som visar b\u00e5de batteri- och e-v\u00e4tskeniv\u00e5er, vilket ger en bekv\u00e4m och f\u00f6rb\u00e4ttrad vapingupplevelse.<\/p>\n<p><strong>F2: Vilka smaker finns tillg\u00e4ngliga f\u00f6r Bang Box 30000 Puff Dubbel Smak Eng\u00e5ngs Vape?<\/strong><br \/>\nS2: Det finns 12 l\u00e4ckra smaker att v\u00e4lja mellan, inklusive <strong>Jordgubb Kiwi<\/strong>, <strong>Black Burst<\/strong>, <strong>Vattenmelon is<\/strong>, <strong>Blueberry Pomgerante<\/strong>, och <strong>Double Grape<\/strong>. Oavsett om du f\u00f6redrar fruktiga eller isiga smaker, finns det n\u00e5got f\u00f6r alla!<\/p>\n<p><strong>F3: Hur fungerar den smarta displayen p\u00e5 Bang Box 30000 Puff Dubbel Smak Smart Vape?<\/strong><br \/>\nS3: Den <strong>LED-displayen<\/strong> visar viktig information som batteritid och e-v\u00e4tskeniv\u00e5er, vilket g\u00f6r det enkelt att h\u00e5lla koll p\u00e5 enhetens status.<\/p>\n<p><strong>Q4: Hur stor \u00e4r kapaciteten f\u00f6r e-v\u00e4tska f\u00f6r Bang 30000 Puff Double Taste Disposable Vape?<\/strong><br \/>\nA4: Denna vape har en gener\u00f6s <strong>35 ml e-v\u00e4tskekapacitet<\/strong>, vilket s\u00e4kerst\u00e4ller l\u00e5ngvarig anv\u00e4ndning utan att beh\u00f6va fyllas p\u00e5 ofta.<\/p>\n<p><strong>Q5: Vilka nikotinalternativ finns f\u00f6r Bang Box 30000 Puff Double Flavor Smart Vape?<\/strong><br \/>\nA5: Du kan v\u00e4lja mellan <strong>0%, 2%, 3% och 5% nikotinstyrkor<\/strong>, vilket ger dig flexibilitet beroende p\u00e5 din preferens.<\/p>\n<p><strong>Q6: \u00c4r Bang Box 30000 Puff Double Taste Smart Vape uppladdningsbar?<\/strong><br \/>\nA6: Ja, enheten \u00e4r utrustad med en <strong>Type-C laddningsport<\/strong> cURL Too many subrequests. <strong>850mAh batteri<\/strong>, vilket g\u00f6r det snabbt och enkelt att ladda om den.<\/p>\n<p><strong>Q7: Kan jag k\u00f6pa Bang 30000 Puff Double Taste Smart Vape i bulk?<\/strong><br \/>\nA7: Ja, <strong>Bang 30000 Puff Double Taste Smart Vape Grossist<\/strong> alternativ finns tillg\u00e4ngliga f\u00f6r \u00e5terf\u00f6rs\u00e4ljare som vill lagerh\u00e5lla denna popul\u00e4ra enhet.<\/p>\n<\/div>\n<\/div>\n<\/div>\n<\/div>\n<\/div>\n<\/div>\n<p>&nbsp;<\/p>\n<h3><\/h3>\n<h3>Om frakt<\/h3>\n<div class=\"flex-shrink-0 flex flex-col relative items-end\">\n<div>\n<div class=\"pt-0\">\n<div class=\"gizmo-bot-avatar flex h-8 w-8 items-center justify-center overflow-hidden rounded-full\">\n<div><\/div>\n<div class=\"relative p-1 rounded-sm flex items-center justify-center bg-token-main-surface-primary text-token-text-primary h-8 w-8\"><strong>1. Vilka fraktmetoder anv\u00e4nds?<\/strong><\/div>\n<\/div>\n<\/div>\n<\/div>\n<\/div>\n<div class=\"group\/conversation-turn relative flex w-full min-w-0 flex-col agent-turn\">\n<div class=\"flex-col gap-1 md:gap-3\">\n<div class=\"flex max-w-full flex-col flex-grow\">\n<div class=\"min-h-[20px] text-message flex w-full flex-col items-end gap-2 whitespace-normal break-words [.text-message+&amp;]:mt-5 overflow-x-auto\" dir=\"auto\" data-message-author-role=\"assistant\" data-message-id=\"22f8283b-3233-46ff-89a5-c7a41b33abda\">\n<div class=\"flex w-full flex-col gap-1 empty:hidden first:pt-[3px]\">\n<div class=\"markdown prose w-full break-words dark:prose-invert light\">\n<p>Vi samarbetar med UPS, DHL, FedEx, DPD och andra ledande transport\u00f6rer. Vi v\u00e4ljer det b\u00e4sta frakts\u00e4ttet baserat p\u00e5 din leveransadress f\u00f6r att s\u00e4kerst\u00e4lla att du f\u00e5r dina produkter s\u00e5 snabbt som m\u00f6jligt.<\/p>\n<\/div>\n<p><strong>2. Hur l\u00e5ng tid tar det att komma fram?<\/strong><\/p>\n<p>Paket som skickas till Sverige anl\u00e4nder vanligtvis inom 10 arbetsdagar. Leveranser till europeiska l\u00e4nder tar generellt cirka 12-15 arbetsdagar. Vi kommer att ge uppdateringar i realtid om din leveransstatus.<\/p>\n<\/div>\n<\/div>\n<\/div>\n<\/div>\n<\/div>\n<p>&nbsp;<\/p>\n<p>Andra popul\u00e4ra vapes du kanske gillar:<\/p>\n<p><a href=\"https:\/\/rmvapesale.com\/sv\/product\/aivono-aim-magic-20000-20k-puffs-disposable-vape-pod\/\"><strong>Aivono Aim Magic 20000 Puff\u00a0 \u00a0<span style=\"color: #ff0000\">&gt;&gt;&gt;&gt; k\u00f6r!<\/span><\/strong><\/a><\/p>\n<p><strong><a href=\"https:\/\/rmvapesale.com\/sv\/product\/waspe-fihp-30000-puffs-led-display-disposable-vape-box\/\">WASPE FIHP 30000 bloss <span style=\"color: #ff0000\">&gt;&gt;&gt;&gt; k\u00f6r!<\/span><\/a>\u00a0<\/strong><\/p>\n<p><a href=\"https:\/\/rmvapesale.com\/sv\/product\/bang-box-30000-puff-smart-screen-disposable-vape-wholesale\/\"><strong>Bang Box 30000 Puffs Smart Screen Puffs <span style=\"color: #ff0000\">&gt;&gt;&gt;&gt; k\u00f6r!<\/span><\/strong><\/a><\/p>\n<p>&nbsp;<\/p>\n<p>&nbsp;<\/p>\n<p>Hitta fler vape-produkter du kanske gillar:<strong><em><a href=\"https:\/\/rmvapesale.com\/sv\/shop-2\/\">handla nu &gt;&gt;&gt;<\/a><\/em><\/strong><\/p>","protected":false},"excerpt":{"rendered":"<p>Bang Box 30000 Puffs Smart Screen Eng\u00e5ngs E-cigaretter<br \/>\nBang Vape Box 30000 Puffar Dubbel Smak Eng\u00e5ngsvape Partihandel<br \/>\nBang Box 30000 Puffar 0% 2% 3% 5% Gratis Nikotin Eng\u00e5ngsvape<\/p>\n<p><img loading=\"lazy\" decoding=\"async\" class=\"size-full wp-image-1978\" src=\"https:\/\/rmvapesale.com\/wp-content\/uploads\/2024\/09\/Disposable-Vape-Wholesale.jpg\" alt=\"Eng\u00e5ngsvape Partihandel\" width=\"229\" height=\"300\" \/><\/p>\n<h3><a href=\"https:\/\/wa.me\/8617776015835\"><span style=\"color: #ff0000\"><strong>WhatsApp: +86 17776015835<\/strong><\/span><\/a><\/h3>\n<p>&nbsp;<\/p>","protected":false},"featured_media":2315,"comment_status":"open","ping_status":"closed","template":"","meta":{"_uag_custom_page_level_css":"","_lmt_disableupdate":"no","_lmt_disable":"","site-sidebar-layout":"default","site-content-layout":"content-boxed-container","ast-site-content-layout":"normal-width-container","site-content-style":"boxed","site-sidebar-style":"unboxed","ast-global-header-display":"","ast-banner-title-visibility":"","ast-main-header-display":"","ast-hfb-above-header-display":"","ast-hfb-below-header-display":"","ast-hfb-mobile-header-display":"","site-post-title":"","ast-breadcrumbs-content":"","ast-featured-img":"","footer-sml-layout":"","theme-transparent-header-meta":"default","adv-header-id-meta":"","stick-header-meta":"","header-above-stick-meta":"","header-main-stick-meta":"","header-below-stick-meta":"","astra-migrate-meta-layouts":"set","ast-page-background-enabled":"default","ast-page-background-meta":{"desktop":{"background-color":"var(--ast-global-color-4)","background-image":"","background-repeat":"repeat","background-position":"center center","background-size":"auto","background-attachment":"scroll","background-type":"","background-media":"","overlay-type":"","overlay-color":"","overlay-opacity":"","overlay-gradient":""},"tablet":{"background-color":"","background-image":"","background-repeat":"repeat","background-position":"center center","background-size":"auto","background-attachment":"scroll","background-type":"","background-media":"","overlay-type":"","overlay-color":"","overlay-opacity":"","overlay-gradient":""},"mobile":{"background-color":"","background-image":"","background-repeat":"repeat","background-position":"center center","background-size":"auto","background-attachment":"scroll","background-type":"","background-media":"","overlay-type":"","overlay-color":"","overlay-opacity":"","overlay-gradient":""}},"ast-content-background-meta":{"desktop":{"background-color":"var(--ast-global-color-5)","background-image":"","background-repeat":"repeat","background-position":"center center","background-size":"auto","background-attachment":"scroll","background-type":"","background-media":"","overlay-type":"","overlay-color":"","overlay-opacity":"","overlay-gradient":""},"tablet":{"background-color":"var(--ast-global-color-5)","background-image":"","background-repeat":"repeat","background-position":"center center","background-size":"auto","background-attachment":"scroll","background-type":"","background-media":"","overlay-type":"","overlay-color":"","overlay-opacity":"","overlay-gradient":""},"mobile":{"background-color":"var(--ast-global-color-5)","background-image":"","background-repeat":"repeat","background-position":"center center","background-size":"auto","background-attachment":"scroll","background-type":"","background-media":"","overlay-type":"","overlay-color":"","overlay-opacity":"","overlay-gradient":""}},"_joinchat":[]},"product_brand":[],"product_cat":[15,25,123,26,28,135,27,60,137,136,30],"product_tag":[63,66,125,126,101,105,127,120],"class_list":{"0":"post-2329","1":"product","2":"type-product","3":"status-publish","4":"has-post-thumbnail","6":"product_cat-new-vape-this-week","7":"product_cat-germany-best-selling-vape","8":"product_cat-italy-wholesale-vape","9":"product_cat-netherlands-hot-sale-vape","10":"product_cat-poland-hot-sale-vape","11":"product_cat-spain-best-hot-sale-vape","12":"product_cat-fance-hot-sale-vape","13":"product_cat-bang-vapes","14":"product_cat-rechargeable-vapes","15":"product_cat-smart-screen-vapes","16":"product_cat-minimum-order-quantity-50pcs","17":"product_tag-bang-vapes","18":"product_tag-disposable-vape","19":"product_tag-disposable-vape-italy","20":"product_tag-e-cigarettes","21":"product_tag-led-display-vape","22":"product_tag-nicotine-free-disposable-vape","23":"product_tag-puff-30k","24":"product_tag-vape-wholesale","25":"desktop-align-left","26":"tablet-align-left","27":"mobile-align-left","29":"first","30":"instock","31":"sale","32":"shipping-taxable","33":"purchasable","34":"product-type-simple"},"uagb_featured_image_src":{"full":["https:\/\/rmvapesale.com\/wp-content\/uploads\/2024\/10\/Bang-Box-30k-Puffs-Discount-Price-Fashion-Vape.jpg",800,800,false],"thumbnail":["https:\/\/rmvapesale.com\/wp-content\/uploads\/2024\/10\/Bang-Box-30k-Puffs-Discount-Price-Fashion-Vape-150x150.jpg",150,150,true],"medium":["https:\/\/rmvapesale.com\/wp-content\/uploads\/2024\/10\/Bang-Box-30k-Puffs-Discount-Price-Fashion-Vape-300x300.jpg",300,300,true],"medium_large":["https:\/\/rmvapesale.com\/wp-content\/uploads\/2024\/10\/Bang-Box-30k-Puffs-Discount-Price-Fashion-Vape-768x768.jpg",768,768,true],"large":["https:\/\/rmvapesale.com\/wp-content\/uploads\/2024\/10\/Bang-Box-30k-Puffs-Discount-Price-Fashion-Vape.jpg",800,800,false],"1536x1536":["https:\/\/rmvapesale.com\/wp-content\/uploads\/2024\/10\/Bang-Box-30k-Puffs-Discount-Price-Fashion-Vape.jpg",800,800,false],"2048x2048":["https:\/\/rmvapesale.com\/wp-content\/uploads\/2024\/10\/Bang-Box-30k-Puffs-Discount-Price-Fashion-Vape.jpg",800,800,false],"trp-custom-language-flag":["https:\/\/rmvapesale.com\/wp-content\/uploads\/2024\/10\/Bang-Box-30k-Puffs-Discount-Price-Fashion-Vape.jpg",12,12,false],"woocommerce_thumbnail":["https:\/\/rmvapesale.com\/wp-content\/uploads\/2024\/10\/Bang-Box-30k-Puffs-Discount-Price-Fashion-Vape-300x300.jpg",300,300,true],"woocommerce_single":["https:\/\/rmvapesale.com\/wp-content\/uploads\/2024\/10\/Bang-Box-30k-Puffs-Discount-Price-Fashion-Vape-600x600.jpg",600,600,true],"woocommerce_gallery_thumbnail":["https:\/\/rmvapesale.com\/wp-content\/uploads\/2024\/10\/Bang-Box-30k-Puffs-Discount-Price-Fashion-Vape-100x100.jpg",100,100,true],"wcpr-photo-reviews":["https:\/\/rmvapesale.com\/wp-content\/uploads\/2024\/10\/Bang-Box-30k-Puffs-Discount-Price-Fashion-Vape.jpg",500,500,false]},"uagb_author_info":{"display_name":"AMY","author_link":"https:\/\/rmvapesale.com\/sv\/author\/"},"uagb_comment_info":0,"uagb_excerpt":"Bang Box 30000 Puffs Smart Screen Disposable E Cigarettes Bang Vape Box 30000 Puffs Duble Taste Disposable Vape Wholesale Bang Box 30000 Puffs 0% 2% 3% 5% Free Nicotine Disposable Vape WhatsApp: +86 17776015835 &nbsp;","_links":{"self":[{"href":"https:\/\/rmvapesale.com\/sv\/wp-json\/wp\/v2\/product\/2329","targetHints":{"allow":["GET"]}}],"collection":[{"href":"https:\/\/rmvapesale.com\/sv\/wp-json\/wp\/v2\/product"}],"about":[{"href":"https:\/\/rmvapesale.com\/sv\/wp-json\/wp\/v2\/types\/product"}],"replies":[{"embeddable":true,"href":"https:\/\/rmvapesale.com\/sv\/wp-json\/wp\/v2\/comments?post=2329"}],"wp:featuredmedia":[{"embeddable":true,"href":"https:\/\/rmvapesale.com\/sv\/wp-json\/wp\/v2\/media\/2315"}],"wp:attachment":[{"href":"https:\/\/rmvapesale.com\/sv\/wp-json\/wp\/v2\/media?parent=2329"}],"wp:term":[{"taxonomy":"product_brand","embeddable":true,"href":"https:\/\/rmvapesale.com\/sv\/wp-json\/wp\/v2\/product_brand?post=2329"},{"taxonomy":"product_cat","embeddable":true,"href":"https:\/\/rmvapesale.com\/sv\/wp-json\/wp\/v2\/product_cat?post=2329"},{"taxonomy":"product_tag","embeddable":true,"href":"https:\/\/rmvapesale.com\/sv\/wp-json\/wp\/v2\/product_tag?post=2329"}],"curies":[{"name":"wp","href":"https:\/\/api.w.org\/{rel}","templated":true}]}}