{"id":2337,"date":"2024-10-11T02:20:34","date_gmt":"2024-10-11T02:20:34","guid":{"rendered":"https:\/\/rmvapesale.com\/?post_type=product&#038;p=2337"},"modified":"2024-10-11T03:12:50","modified_gmt":"2024-10-11T03:12:50","slug":"elf-box-vape-bk12000-puff-disposable-pod-wholesale","status":"publish","type":"product","link":"https:\/\/rmvapesale.com\/sv\/product\/elf-box-vape-bk12000-puff-disposable-pod-wholesale\/","title":{"rendered":"ELF BOX Vape BK12000 Puff Eng\u00e5ngs Pod Grossist"},"content":{"rendered":"<div class=\"B2VR9 CJHX3e\">\n<div class=\"wyccme\">\n<h1 class=\"LC20lb MBeuO DKV0Md\">ELF BOX Vape BK12000 Puff Eng\u00e5ngs Pod Grossist<\/h1>\n<div class=\"flex-shrink-0 flex flex-col relative items-end\">\n<div class=\"pt-0\">\n<div class=\"gizmo-bot-avatar flex h-8 w-8 items-center justify-center overflow-hidden rounded-full\">\n<div class=\"relative p-1 rounded-sm flex items-center justify-center bg-token-main-surface-primary text-token-text-primary h-8 w-8\">\n<p>Letar du efter en vape som levererar stort n\u00e4r det g\u00e4ller prestanda och smak? ELF BOX Vape BK12000 Puff Disposable Pod har dig t\u00e4ckt! Med hela 12 000 bloss \u00e4r denna enhet perfekt f\u00f6r dig som vill ha en l\u00e5ngvarig, bekymmersfri vape-upplevelse.<\/p>\n<p>Utrustad med en 0,8 ohm mesh-spole, s\u00e4kerst\u00e4ller denna vape pod smidig \u00e5ngproduktion och f\u00f6rb\u00e4ttrad smak fr\u00e5n varje drag. Den gener\u00f6sa kapaciteten p\u00e5 23 ml e-juice inneb\u00e4r f\u00e4rre p\u00e5fyllningar, s\u00e5 att du kan njuta av oavbruten vaping hela dagen. Oavsett om du vill tillfredsst\u00e4lla suget med 0%, 2%, 3% eller 5% nikotinalternativ, passar denna enhet alla preferenser.<\/p>\n<p>ELF BOX BK12000 eng\u00e5ngsvape inneh\u00e5ller ett 650mAh uppladdningsbart batteri med Type-C-laddning som s\u00e4kerst\u00e4ller snabba, bekv\u00e4ma laddningar, s\u00e5 du aldrig beh\u00f6ver v\u00e4nta. Kompakt men kraftfull, \u00e4r ELF BOX BK12000 byggd f\u00f6r bekv\u00e4mlighet utan att kompromissa med smak eller prestanda.<\/p>\n<p>Perfekt f\u00f6r grossistk\u00f6pare \u00e4r ELF BOX Vape BK12000 Puff Disposable Pod det ultimata valet f\u00f6r vapers som s\u00f6ker kvalitet, smak och stil \u2013 allt i ett elegant paket. Skaffa din i bulkpris idag och f\u00e5 dina kunder att \u00e5terkomma f\u00f6r mer!<\/p>\n<p>&nbsp;<\/p>\n<\/div>\n<\/div>\n<\/div>\n<\/div>\n<\/div>\n<\/div>\n<p><strong>Kontakta Amy f\u00f6r att f\u00e5 r\u00e4tt svar och fler produktvideor!<\/strong><\/p>\n<p><img loading=\"lazy\" decoding=\"async\" class=\"size-full wp-image-1978\" src=\"https:\/\/rmvapesale.com\/wp-content\/uploads\/2024\/09\/Disposable-Vape-Wholesale.jpg\" alt=\"Eng\u00e5ngsvape Partihandel\" width=\"229\" height=\"300\" \/><\/p>\n<h3><a href=\"https:\/\/wa.me\/8617776015835\" target=\"_blank\" rel=\"noopener\"><span style=\"color: #ff0000\"><strong>WhatsApp: +86 17776015835<\/strong><\/span><\/a><\/h3>\n<p>&nbsp;<\/p>\n<h2><\/h2>\n<h2><strong>ELF BOX Vape BK12000 Puff Nyckelfunktioner<\/strong><\/h2>\n<ul>\n<li><strong>H\u00f6g Puffr\u00e4knare<\/strong>: F\u00e5 upp till <strong>12 000 bloss<\/strong>, som erbjuder en l\u00e5ngvarig vapingupplevelse utan frekventa p\u00e5fyllningar.<\/li>\n<li><strong>Stor E-v\u00e4tskekapacitet<\/strong>: Den <strong>23 ml e-juice tank<\/strong> minimerar behovet av p\u00e5fyllningar, vilket ger l\u00e4ngre anv\u00e4ndningstid.<\/li>\n<li><strong>Mesh Coil Teknologi<\/strong>: Utrustad med en <strong>0.8ohm mesh-spolen<\/strong>, som levererar f\u00f6rb\u00e4ttrad smak och smidig \u00e5ngproduktion.<\/li>\n<li><strong>Uppladdningsbart batteri<\/strong>: Drivs av ett <strong>650mAh batteri<\/strong>, som s\u00e4kerst\u00e4ller l\u00e5ngvarig prestanda hela dagen.<\/li>\n<li><strong>Typ-C Laddning<\/strong>: Snabb och enkel uppladdning med den moderna <strong>Type-C<\/strong> laddningsporten f\u00f6r ultimat bekv\u00e4mlighet.<\/li>\n<li><strong>Nikotinalternativ<\/strong>: V\u00e4lj mellan <strong>0%, 2%, 3% eller 5%<\/strong> nikotinstyrkor f\u00f6r att passa din personliga preferens.<\/li>\n<\/ul>\n<figure id=\"attachment_2343\" aria-describedby=\"caption-attachment-2343\" style=\"width: 730px\" class=\"wp-caption alignnone\"><img loading=\"lazy\" decoding=\"async\" class=\"wp-image-2343 size-full\" src=\"https:\/\/rmvapesale.com\/wp-content\/uploads\/2024\/10\/ELF-BOX-Vape-BANG-KING-12000-Puffs.png\" alt=\"ELF BOX Vape BANG KING 12000 bloss\" width=\"730\" height=\"730\" srcset=\"https:\/\/rmvapesale.com\/wp-content\/uploads\/2024\/10\/ELF-BOX-Vape-BANG-KING-12000-Puffs.png 730w, https:\/\/rmvapesale.com\/wp-content\/uploads\/2024\/10\/ELF-BOX-Vape-BANG-KING-12000-Puffs-300x300.png 300w, https:\/\/rmvapesale.com\/wp-content\/uploads\/2024\/10\/ELF-BOX-Vape-BANG-KING-12000-Puffs-150x150.png 150w, https:\/\/rmvapesale.com\/wp-content\/uploads\/2024\/10\/ELF-BOX-Vape-BANG-KING-12000-Puffs-600x600.png 600w, https:\/\/rmvapesale.com\/wp-content\/uploads\/2024\/10\/ELF-BOX-Vape-BANG-KING-12000-Puffs-100x100.png 100w\" sizes=\"auto, (max-width: 730px) 100vw, 730px\" \/><figcaption id=\"caption-attachment-2343\" class=\"wp-caption-text\">ELF BOX Vape BANG KING 12000 bloss<\/figcaption><\/figure>\n<p>&nbsp;<\/p>\n<h2><strong>Topp-smak f\u00f6r ELF BOX Vape BK12000 Puff ECig<\/strong><\/h2>\n<p>Med 10 fantastiska smaker att v\u00e4lja mellan, inklusive fruktiga och iskalla alternativ, erbjuder ELF BOX Vape BK 12000 Puff eng\u00e5ngskit n\u00e5got f\u00f6r varje smak.<\/p>\n<p>1. Jordgubbs Kiwi<br \/>\n2. Bl\u00e5b\u00e4r Hallon<span style=\"color: #ff0000\"><strong>&gt;&gt;&gt;&gt; Het!<\/strong><\/span><br \/>\n3. Persika Mango Ananas<br \/>\n4. Watermelon Ice<br \/>\n5. K\u00f6rsb\u00e4r Cola<br \/>\n6. Jordgubbar Vattenmelon<span style=\"color: #ff0000\"><strong>&gt;&gt;&gt;&gt; B\u00e4st!<\/strong><\/span><br \/>\n7. Druva Is<br \/>\n8. Kiwi Passion Fruit<span style=\"color: #ff0000\"><strong>&gt;&gt;&gt;&gt; Het!<\/strong><\/span><br \/>\n9. Persika Ice<br \/>\n10. Bl\u00e5b\u00e4r p\u00e5 Is<\/p>\n<p>&nbsp;<\/p>\n<h3><strong>Varf\u00f6r v\u00e4lja Rmvapesale f\u00f6r din ELF BOX Vape BK12000 Puff Eng\u00e5ngspod?<\/strong><\/h3>\n<div class=\"flex-shrink-0 flex flex-col relative items-end\">\n<div class=\"pt-0\">\n<div class=\"gizmo-bot-avatar flex h-8 w-8 items-center justify-center overflow-hidden rounded-full\">\n<div class=\"relative p-1 rounded-sm flex items-center justify-center bg-token-main-surface-primary text-token-text-primary h-8 w-8\">\n<p>&nbsp;<\/p>\n<p>N\u00e4r du v\u00e4ljer Rmvapesale f\u00f6r dina grossistbehov av eng\u00e5ngsvapes, drar du nytta av:<\/p>\n<ul>\n<li><strong>Konkurrenskraftigt pris<\/strong>: F\u00e5 tillg\u00e5ng till attraktiva grossistpriser som \u00f6kar dina aff\u00e4rsmarginaler.<\/li>\n<li><strong>H\u00f6g kvalitet<\/strong>: V\u00e5ra vapes \u00e4r tillverkade enligt de h\u00f6gsta standarderna, och <span style=\"color: #ff0000\"><strong>garanterat 100% original och \u00e4kta, eller 10 g\u00e5nger kompensation kommer att ges f\u00f6r falska varor!<\/strong><\/span><\/li>\n<li><strong>Utm\u00e4rkt kundservice<\/strong>: V\u00e5rt dedikerade team \u00e4r alltid redo att hj\u00e4lpa dig, vilket g\u00f6r din k\u00f6pprocess smidig och problemfri.<\/li>\n<li><strong>Snabb<\/strong>: F\u00f6rv\u00e4nta dig snabb och p\u00e5litlig frakt som s\u00e4kerst\u00e4ller att dina best\u00e4llningar anl\u00e4nder i tid, varje g\u00e5ng.<\/li>\n<\/ul>\n<h3><\/h3>\n<h3><b>VANLIGA FR\u00c5GOR OCH SVAR<\/b><\/h3>\n<p>&nbsp;<\/p>\n<\/div>\n<\/div>\n<\/div>\n<\/div>\n<div class=\"group\/conversation-turn relative flex w-full min-w-0 flex-col agent-turn\">\n<div class=\"flex-col gap-1 md:gap-3\">\n<div class=\"flex max-w-full flex-col flex-grow\">\n<div class=\"min-h-8 text-message flex w-full flex-col items-end gap-2 whitespace-normal break-words [.text-message+&amp;]:mt-5\" dir=\"auto\" data-message-author-role=\"assistant\" data-message-id=\"f226d3fc-81f3-46d5-8c46-31787fff0357\">\n<div class=\"flex w-full flex-col gap-1 empty:hidden first:pt-[3px]\">\n<div class=\"markdown prose w-full break-words dark:prose-invert light\">\n<p>&nbsp;<\/p>\n<\/div>\n<\/div>\n<\/div>\n<\/div>\n<\/div>\n<\/div>\n<h3>Om frakt<\/h3>\n<div class=\"flex-shrink-0 flex flex-col relative items-end\">\n<div>\n<div class=\"pt-0\">\n<div class=\"gizmo-bot-avatar flex h-8 w-8 items-center justify-center overflow-hidden rounded-full\">\n<div><\/div>\n<div class=\"relative p-1 rounded-sm flex items-center justify-center bg-token-main-surface-primary text-token-text-primary h-8 w-8\"><strong>1. Vilka fraktmetoder anv\u00e4nds?<\/strong><\/div>\n<\/div>\n<\/div>\n<\/div>\n<\/div>\n<div class=\"group\/conversation-turn relative flex w-full min-w-0 flex-col agent-turn\">\n<div class=\"flex-col gap-1 md:gap-3\">\n<div class=\"flex max-w-full flex-col flex-grow\">\n<div class=\"min-h-[20px] text-message flex w-full flex-col items-end gap-2 whitespace-normal break-words [.text-message+&amp;]:mt-5 overflow-x-auto\" dir=\"auto\" data-message-author-role=\"assistant\" data-message-id=\"22f8283b-3233-46ff-89a5-c7a41b33abda\">\n<div class=\"flex w-full flex-col gap-1 empty:hidden first:pt-[3px]\">\n<div class=\"markdown prose w-full break-words dark:prose-invert light\">\n<p>Vi samarbetar med UPS, DHL, FedEx, DPD och andra ledande transport\u00f6rer. Vi v\u00e4ljer det b\u00e4sta frakts\u00e4ttet baserat p\u00e5 din leveransadress f\u00f6r att s\u00e4kerst\u00e4lla att du f\u00e5r dina produkter s\u00e5 snabbt som m\u00f6jligt.<\/p>\n<\/div>\n<p><strong>2. Hur l\u00e5ng tid tar det att komma fram?<\/strong><\/p>\n<p>Paket som skickas till Sverige anl\u00e4nder vanligtvis inom 10 arbetsdagar. Leveranser till europeiska l\u00e4nder tar generellt cirka 12-15 arbetsdagar. Vi kommer att ge uppdateringar i realtid om din leveransstatus.<\/p>\n<\/div>\n<\/div>\n<\/div>\n<\/div>\n<\/div>\n<p>&nbsp;<\/p>\n<p>Andra popul\u00e4ra vapes du kanske gillar:<\/p>\n<p><a href=\"https:\/\/rmvapesale.com\/sv\/product\/elf-box-rgb-14000-puffs-low-nicotine-disposable-vape\/\"><strong>Elf Box RGB14000 Puff \u00a0<span style=\"color: #ff0000\">&gt;&gt;&gt;&gt; k\u00f6r!<\/span><\/strong><\/a><\/p>\n<p><strong><a href=\"https:\/\/rmvapesale.com\/sv\/product\/waspe-fihp-30000-puffs-led-display-disposable-vape-box\/\">WASPE FIHP 30000 bloss <span style=\"color: #ff0000\">&gt;&gt;&gt;&gt; k\u00f6r!<\/span><\/a>\u00a0<\/strong><\/p>\n<h2 class=\"woocommerce-loop-product__title\"><a style=\"font-size: 16px\" href=\"https:\/\/rmvapesale.com\/sv\/product\/elf-box-digital-12000-puffs-led-display-disposable-vape\/\"><strong>ELF Box Digital 12000\u00a0 <span style=\"color: #ff0000\">&gt;&gt;&gt;&gt; k\u00f6r!<\/span><\/strong><\/a><\/h2>\n<p>&nbsp;<\/p>\n<p>&nbsp;<\/p>\n<p>Hitta fler vape-produkter du kanske gillar:<strong><em><a href=\"https:\/\/rmvapesale.com\/sv\/shop-2\/\">handla nu &gt;&gt;&gt;<\/a><\/em><\/strong><\/p>","protected":false},"excerpt":{"rendered":"<p>ELF BOX BK12000 Puff 0% 2% 3% 5% Nikotin<br \/>\nELF BOX BK12000 Puff Eng\u00e5ngsvape Partihandel<br \/>\nELF BOX BK12000 Puff Uppladdningsbar Eng\u00e5ngsvape<\/p>\n<p><img loading=\"lazy\" decoding=\"async\" class=\"size-full wp-image-1978\" src=\"https:\/\/rmvapesale.com\/wp-content\/uploads\/2024\/09\/Disposable-Vape-Wholesale.jpg\" alt=\"Eng\u00e5ngsvape Partihandel\" width=\"229\" height=\"300\" \/><\/p>\n<h3><a href=\"https:\/\/wa.me\/8617776015835\"><span style=\"color: #ff0000\"><strong>WhatsApp: +86 17776015835<\/strong><\/span><\/a><\/h3>\n<p>&nbsp;<\/p>","protected":false},"featured_media":2341,"comment_status":"open","ping_status":"closed","template":"","meta":{"_uag_custom_page_level_css":"","_lmt_disableupdate":"","_lmt_disable":"","site-sidebar-layout":"default","site-content-layout":"content-boxed-container","ast-site-content-layout":"normal-width-container","site-content-style":"boxed","site-sidebar-style":"unboxed","ast-global-header-display":"","ast-banner-title-visibility":"","ast-main-header-display":"","ast-hfb-above-header-display":"","ast-hfb-below-header-display":"","ast-hfb-mobile-header-display":"","site-post-title":"","ast-breadcrumbs-content":"","ast-featured-img":"","footer-sml-layout":"","ast-disable-related-posts":"","theme-transparent-header-meta":"default","adv-header-id-meta":"","stick-header-meta":"","header-above-stick-meta":"","header-main-stick-meta":"","header-below-stick-meta":"","astra-migrate-meta-layouts":"set","ast-page-background-enabled":"default","ast-page-background-meta":{"desktop":{"background-color":"var(--ast-global-color-4)","background-image":"","background-repeat":"repeat","background-position":"center center","background-size":"auto","background-attachment":"scroll","background-type":"","background-media":"","overlay-type":"","overlay-color":"","overlay-opacity":"","overlay-gradient":""},"tablet":{"background-color":"","background-image":"","background-repeat":"repeat","background-position":"center center","background-size":"auto","background-attachment":"scroll","background-type":"","background-media":"","overlay-type":"","overlay-color":"","overlay-opacity":"","overlay-gradient":""},"mobile":{"background-color":"","background-image":"","background-repeat":"repeat","background-position":"center center","background-size":"auto","background-attachment":"scroll","background-type":"","background-media":"","overlay-type":"","overlay-color":"","overlay-opacity":"","overlay-gradient":""}},"ast-content-background-meta":{"desktop":{"background-color":"var(--ast-global-color-5)","background-image":"","background-repeat":"repeat","background-position":"center center","background-size":"auto","background-attachment":"scroll","background-type":"","background-media":"","overlay-type":"","overlay-color":"","overlay-opacity":"","overlay-gradient":""},"tablet":{"background-color":"var(--ast-global-color-5)","background-image":"","background-repeat":"repeat","background-position":"center center","background-size":"auto","background-attachment":"scroll","background-type":"","background-media":"","overlay-type":"","overlay-color":"","overlay-opacity":"","overlay-gradient":""},"mobile":{"background-color":"var(--ast-global-color-5)","background-image":"","background-repeat":"repeat","background-position":"center center","background-size":"auto","background-attachment":"scroll","background-type":"","background-media":"","overlay-type":"","overlay-color":"","overlay-opacity":"","overlay-gradient":""}},"_joinchat":[]},"product_brand":[],"product_cat":[15,60,128,27,25,123,30,26,28],"product_tag":[131,66,125,126,130,105,132],"class_list":{"0":"post-2337","1":"product","2":"type-product","3":"status-publish","4":"has-post-thumbnail","6":"product_cat-new-vape-this-week","7":"product_cat-bang-vapes","8":"product_cat-elf-box-disposable-vapes","9":"product_cat-fance-hot-sale-vape","10":"product_cat-germany-best-selling-vape","11":"product_cat-italy-wholesale-vape","12":"product_cat-minimum-order-quantity-50pcs","13":"product_cat-netherlands-hot-sale-vape","14":"product_cat-poland-hot-sale-vape","15":"product_tag-big-puff-vape","16":"product_tag-disposable-vape","17":"product_tag-disposable-vape-italy","18":"product_tag-e-cigarettes","19":"product_tag-elf-box","20":"product_tag-nicotine-free-disposable-vape","21":"product_tag-rechargeable-vape","22":"desktop-align-left","23":"tablet-align-left","24":"mobile-align-left","26":"first","27":"instock","28":"sale","29":"shipping-taxable","30":"purchasable","31":"product-type-simple"},"uagb_featured_image_src":{"full":["https:\/\/rmvapesale.com\/wp-content\/uploads\/2024\/10\/ELF-BOX-BK12000-Puff-Wholesale.jpg",800,800,false],"thumbnail":["https:\/\/rmvapesale.com\/wp-content\/uploads\/2024\/10\/ELF-BOX-BK12000-Puff-Wholesale-150x150.jpg",150,150,true],"medium":["https:\/\/rmvapesale.com\/wp-content\/uploads\/2024\/10\/ELF-BOX-BK12000-Puff-Wholesale-300x300.jpg",300,300,true],"medium_large":["https:\/\/rmvapesale.com\/wp-content\/uploads\/2024\/10\/ELF-BOX-BK12000-Puff-Wholesale-768x768.jpg",768,768,true],"large":["https:\/\/rmvapesale.com\/wp-content\/uploads\/2024\/10\/ELF-BOX-BK12000-Puff-Wholesale.jpg",800,800,false],"1536x1536":["https:\/\/rmvapesale.com\/wp-content\/uploads\/2024\/10\/ELF-BOX-BK12000-Puff-Wholesale.jpg",800,800,false],"2048x2048":["https:\/\/rmvapesale.com\/wp-content\/uploads\/2024\/10\/ELF-BOX-BK12000-Puff-Wholesale.jpg",800,800,false],"trp-custom-language-flag":["https:\/\/rmvapesale.com\/wp-content\/uploads\/2024\/10\/ELF-BOX-BK12000-Puff-Wholesale.jpg",12,12,false],"woocommerce_thumbnail":["https:\/\/rmvapesale.com\/wp-content\/uploads\/2024\/10\/ELF-BOX-BK12000-Puff-Wholesale-300x300.jpg",300,300,true],"woocommerce_single":["https:\/\/rmvapesale.com\/wp-content\/uploads\/2024\/10\/ELF-BOX-BK12000-Puff-Wholesale-600x600.jpg",600,600,true],"woocommerce_gallery_thumbnail":["https:\/\/rmvapesale.com\/wp-content\/uploads\/2024\/10\/ELF-BOX-BK12000-Puff-Wholesale-100x100.jpg",100,100,true],"wcpr-photo-reviews":["https:\/\/rmvapesale.com\/wp-content\/uploads\/2024\/10\/ELF-BOX-BK12000-Puff-Wholesale.jpg",500,500,false]},"uagb_author_info":{"display_name":"AMY","author_link":"https:\/\/rmvapesale.com\/sv\/author\/"},"uagb_comment_info":0,"uagb_excerpt":"ELF BOX BK12000 Puff 0% 2% 3% 5% Nicotine ELF BOX BK12000 Puff Disposable Vape Wholesale ELF BOX BK12000 Puff Rechargeable Disposable Vape WhatsApp: +86 17776015835 &nbsp;","_links":{"self":[{"href":"https:\/\/rmvapesale.com\/sv\/wp-json\/wp\/v2\/product\/2337","targetHints":{"allow":["GET"]}}],"collection":[{"href":"https:\/\/rmvapesale.com\/sv\/wp-json\/wp\/v2\/product"}],"about":[{"href":"https:\/\/rmvapesale.com\/sv\/wp-json\/wp\/v2\/types\/product"}],"replies":[{"embeddable":true,"href":"https:\/\/rmvapesale.com\/sv\/wp-json\/wp\/v2\/comments?post=2337"}],"wp:featuredmedia":[{"embeddable":true,"href":"https:\/\/rmvapesale.com\/sv\/wp-json\/wp\/v2\/media\/2341"}],"wp:attachment":[{"href":"https:\/\/rmvapesale.com\/sv\/wp-json\/wp\/v2\/media?parent=2337"}],"wp:term":[{"taxonomy":"product_brand","embeddable":true,"href":"https:\/\/rmvapesale.com\/sv\/wp-json\/wp\/v2\/product_brand?post=2337"},{"taxonomy":"product_cat","embeddable":true,"href":"https:\/\/rmvapesale.com\/sv\/wp-json\/wp\/v2\/product_cat?post=2337"},{"taxonomy":"product_tag","embeddable":true,"href":"https:\/\/rmvapesale.com\/sv\/wp-json\/wp\/v2\/product_tag?post=2337"}],"curies":[{"name":"wp","href":"https:\/\/api.w.org\/{rel}","templated":true}]}}