{"id":2344,"date":"2024-10-11T03:13:13","date_gmt":"2024-10-11T03:13:13","guid":{"rendered":"https:\/\/rmvapesale.com\/?post_type=product&#038;p=2344"},"modified":"2024-10-11T04:01:54","modified_gmt":"2024-10-11T04:01:54","slug":"mrvi-puffing-15000-puff-disposable-vape-box","status":"publish","type":"product","link":"https:\/\/rmvapesale.com\/sv\/product\/mrvi-puffing-15000-puff-disposable-vape-box\/","title":{"rendered":"MRVI PUFFING 15000 Puff Eng\u00e5ngs Vape Box"},"content":{"rendered":"<div class=\"B2VR9 CJHX3e\">\n<div class=\"wyccme\">\n<h1 class=\"LC20lb MBeuO DKV0Md\">MRVI PUFFING 15000 Puff Eng\u00e5ngs Vape Box<\/h1>\n<div class=\"flex-shrink-0 flex flex-col relative items-end\">\n<div class=\"pt-0\">\n<div class=\"gizmo-bot-avatar flex h-8 w-8 items-center justify-center overflow-hidden rounded-full\">\n<div class=\"relative p-1 rounded-sm flex items-center justify-center bg-token-main-surface-primary text-token-text-primary h-8 w-8\">\n<p>G\u00f6r dig redo f\u00f6r en utm\u00e4rkt vapingupplevelse med MRVI PUFFING 15000 Puff Eng\u00e5ngsvape Box! Utformad f\u00f6r dem som kr\u00e4ver l\u00e5ngvarig prestanda, levererar denna vape 15 000 puffar, s\u00e5 att du kan njuta av den i dagar utan oro.<\/p>\n<p>Utrustad med ett kraftfullt 750mAh uppladdningsbart batteri och Type-C-laddningsport, kommer du aldrig att vara utan str\u00f6m. Kapaciteten p\u00e5 25 ml e-liquid och dubbel mesh-spoleteknologi s\u00e4kerst\u00e4ller rika, smakrika puffar varje g\u00e5ng. Dessutom kan du \u00f6vervaka din anv\u00e4ndning med den praktiska displayen f\u00f6r e-liquid och str\u00f6m.<\/p>\n<p>V\u00e4lj mellan nikotinstyrka 2% eller 5%, beroende p\u00e5 din preferens. Och f\u00f6r att g\u00f6ra det \u00e4nnu b\u00e4ttre, kommer MRVI Puffing med ett stilrent halsband, vilket g\u00f6r det enkelt att b\u00e4ra med dig vart du \u00e4n g\u00e5r!<\/p>\n<p>Perfekt f\u00f6r dem som \u00e4lskar b\u00e5de bekv\u00e4mlighet och prestanda, kommer MRVI PUFFING 15000 Puff Eng\u00e5ngsvape Box att f\u00e5 dina kunder att \u00e5terkomma f\u00f6r merMRVI PUFFING 15000 Puff Eng\u00e5ngsvape Box<\/p>\n<p>&nbsp;<\/p>\n<\/div>\n<\/div>\n<\/div>\n<\/div>\n<\/div>\n<\/div>\n<p><strong>Kontakta Amy f\u00f6r att f\u00e5 r\u00e4tt svar och fler produktvideor!<\/strong><\/p>\n<p><img loading=\"lazy\" decoding=\"async\" class=\"size-full wp-image-1978\" src=\"https:\/\/rmvapesale.com\/wp-content\/uploads\/2024\/09\/Disposable-Vape-Wholesale.jpg\" alt=\"Eng\u00e5ngsvape Partihandel\" width=\"229\" height=\"300\" \/><\/p>\n<h3><a href=\"https:\/\/wa.me\/8617776015835\" target=\"_blank\" rel=\"noopener\"><span style=\"color: #ff0000\"><strong>WhatsApp: +86 17776015835<\/strong><\/span><\/a><\/h3>\n<p>&nbsp;<\/p>\n<h2><\/h2>\n<h2><strong>MRVI PUFFING 15000 Puff Nyckelfunktioner<\/strong><\/h2>\n<ul>\n<li><strong>H\u00f6g Puffr\u00e4knare<\/strong>: Njut av upp till <strong>15 000 puffar<\/strong>, vilket s\u00e4kerst\u00e4ller en l\u00e5ngvarig vapingupplevelse utan frekventa byten.<\/li>\n<li><strong>E-Liquidskapacitet<\/strong>: Den <strong>25ml e-liquid tank<\/strong> ger f\u00f6rl\u00e4ngd anv\u00e4ndning och minimerar behovet av p\u00e5fyllningar.<\/li>\n<li><strong>Uppladdningsbart batteri<\/strong>: Drivs av ett <strong>750mAh batteri<\/strong>, som ger p\u00e5litlig prestanda med bekv\u00e4mligheten av att kunna ladda om.<\/li>\n<li><strong>Typ-C Laddning<\/strong>: Snabb och effektiv laddning med den moderna <strong>Type-C-port<\/strong>, som h\u00e5ller dig laddad p\u00e5 nolltid.<\/li>\n<li><strong>Dubbel mesh-spoleteknologi<\/strong>: F\u00f6rb\u00e4ttra din vapingupplevelse med <strong>dubbel mesh-spolar<\/strong>, som erbjuder rik smak och mjuk \u00e5ngproduktion.<\/li>\n<li><strong>Smart Sk\u00e4rmvisning<\/strong>: H\u00e5ll dig informerad med en <strong>digital display<\/strong> som visar b\u00e5de e-v\u00e4tskeniv\u00e5er och batterilivsl\u00e4ngd p\u00e5 ett \u00f6gonblick.<\/li>\n<li><strong>Nikotinalternativ<\/strong>: Finns i <strong>cURL Too many subrequests.<\/strong> nikotinstyrkor, som tillgodoser ett brett utbud av preferenser.<\/li>\n<li><strong>Praktisk Halsband<\/strong>: Kommer med en <strong>n\u00e5lband<\/strong> f\u00f6r enkel b\u00e4rning, vilket g\u00f6r den till en perfekt f\u00f6ljeslagare f\u00f6r vaping p\u00e5 spr\u00e5ng.<\/li>\n<\/ul>\n<figure id=\"attachment_2345\" aria-describedby=\"caption-attachment-2345\" style=\"width: 808px\" class=\"wp-caption alignnone\"><img loading=\"lazy\" decoding=\"async\" class=\"wp-image-2345 size-full\" src=\"https:\/\/rmvapesale.com\/wp-content\/uploads\/2024\/10\/Mrvi-Puffing-15k-Price.jpg\" alt=\"Mrvi Puffing 15k Pris\" width=\"808\" height=\"808\" srcset=\"https:\/\/rmvapesale.com\/wp-content\/uploads\/2024\/10\/Mrvi-Puffing-15k-Price.jpg 808w, https:\/\/rmvapesale.com\/wp-content\/uploads\/2024\/10\/Mrvi-Puffing-15k-Price-300x300.jpg 300w, https:\/\/rmvapesale.com\/wp-content\/uploads\/2024\/10\/Mrvi-Puffing-15k-Price-150x150.jpg 150w, https:\/\/rmvapesale.com\/wp-content\/uploads\/2024\/10\/Mrvi-Puffing-15k-Price-768x768.jpg 768w, https:\/\/rmvapesale.com\/wp-content\/uploads\/2024\/10\/Mrvi-Puffing-15k-Price-600x600.jpg 600w, https:\/\/rmvapesale.com\/wp-content\/uploads\/2024\/10\/Mrvi-Puffing-15k-Price-100x100.jpg 100w\" sizes=\"auto, (max-width: 808px) 100vw, 808px\" \/><figcaption id=\"caption-attachment-2345\" class=\"wp-caption-text\">Mrvi Puffing 15k Pris<\/figcaption><\/figure>\n<h2><strong>Topp Smak f\u00f6r MRVI PUFFING 15000 Puff ECig<\/strong><\/h2>\n<p>Med 10 fantastiska smaker att v\u00e4lja mellan, inklusive fruktiga och iskalla alternativ, erbjuder MRVI PUFFING 15000 Puff Eng\u00e5ngskit n\u00e5got f\u00f6r varje smak.<\/p>\n<p>1. Bl\u00e5b\u00e4r P\u00e5 Is<span style=\"color: #ff0000\"><strong>&gt;&gt;&gt;&gt; Het!<\/strong><\/span><br \/>\n2. Banan Milkshake<br \/>\n3. Jordgubbar Vattenmelon<br \/>\n4. Honungsmelon Glass<br \/>\n5. R\u00f6d \u00c4pple Is<br \/>\n6. Persika Mango<br \/>\n7. Bl\u00e5b\u00e4r Bubbelgum<span style=\"color: #ff0000\"><strong>&gt;&gt;&gt;&gt; B\u00e4st!<\/strong><\/span><br \/>\n8. Lush Ice<br \/>\n9. Ananas Is<br \/>\n10. Rosa Explosion<span style=\"color: #ff0000\"><strong>&gt;&gt;&gt;&gt; Het!<\/strong><\/span><\/p>\n<p>&nbsp;<\/p>\n<h3><strong>Varf\u00f6r V\u00e4lja Rmvapesale f\u00f6r Din MRVI PUFFING 15000 Puff Eng\u00e5ngsvape Box?<\/strong><\/h3>\n<div class=\"flex-shrink-0 flex flex-col relative items-end\">\n<div class=\"pt-0\">\n<div class=\"gizmo-bot-avatar flex h-8 w-8 items-center justify-center overflow-hidden rounded-full\">\n<div class=\"relative p-1 rounded-sm flex items-center justify-center bg-token-main-surface-primary text-token-text-primary h-8 w-8\">\n<p>&nbsp;<\/p>\n<p>N\u00e4r du v\u00e4ljer Rmvapesale f\u00f6r dina grossistbehov av eng\u00e5ngsvapes, drar du nytta av:<\/p>\n<ul>\n<li><strong>Konkurrenskraftigt pris<\/strong>: F\u00e5 tillg\u00e5ng till attraktiva grossistpriser som \u00f6kar dina aff\u00e4rsmarginaler.<\/li>\n<li><strong>H\u00f6g kvalitet<\/strong>: V\u00e5ra vapes \u00e4r tillverkade enligt de h\u00f6gsta standarderna, och <span style=\"color: #ff0000\"><strong>garanterat 100% original och \u00e4kta, eller 10 g\u00e5nger kompensation kommer att ges f\u00f6r falska varor!<\/strong><\/span><\/li>\n<li><strong>Utm\u00e4rkt kundservice<\/strong>: V\u00e5rt dedikerade team \u00e4r alltid redo att hj\u00e4lpa dig, vilket g\u00f6r din k\u00f6pprocess smidig och problemfri.<\/li>\n<li><strong>Snabb<\/strong>: F\u00f6rv\u00e4nta dig snabb och p\u00e5litlig frakt som s\u00e4kerst\u00e4ller att dina best\u00e4llningar anl\u00e4nder i tid, varje g\u00e5ng.<\/li>\n<\/ul>\n<h3><\/h3>\n<h3><b>VANLIGA FR\u00c5GOR OCH SVAR<\/b><\/h3>\n<p><strong>Q1: Hur m\u00e5nga bloss kan jag f\u00e5 fr\u00e5n MRVI PUFFING 15000 Puffs Eng\u00e5ngsvape?<\/strong><br \/>\n<strong>A1:<\/strong> MRVI PUFFING erbjuder en imponerande <strong>15 000 puffar<\/strong>, vilket s\u00e4kerst\u00e4ller att du kan njuta av l\u00e5ngvarig vaping utan att beh\u00f6va byta ut den ofta.<\/p>\n<p><strong>Q2: \u00c4r MRVI PUFFING 15000 Puffs uppladdningsbar?<\/strong><br \/>\n<strong>A2:<\/strong> Ja! Denna vape har en <strong>750mAh uppladdningsbar batteri<\/strong>, vilket g\u00f6r att du enkelt kan ladda den via <strong>Type-C-port<\/strong> f\u00f6r bekv\u00e4mlighet och l\u00e4ngre anv\u00e4ndning.<\/p>\n<\/div>\n<\/div>\n<\/div>\n<\/div>\n<div class=\"group\/conversation-turn relative flex w-full min-w-0 flex-col agent-turn\">\n<div class=\"flex-col gap-1 md:gap-3\">\n<div class=\"flex max-w-full flex-col flex-grow\">\n<div class=\"min-h-8 text-message flex w-full flex-col items-end gap-2 whitespace-normal break-words [.text-message+&amp;]:mt-5\" dir=\"auto\" data-message-author-role=\"assistant\" data-message-id=\"f226d3fc-81f3-46d5-8c46-31787fff0357\">\n<div class=\"flex w-full flex-col gap-1 empty:hidden first:pt-[3px]\">\n<div class=\"markdown prose w-full break-words dark:prose-invert light\">\n<p><strong>Q3: Kan jag anpassa nikotinstyrkan i MRVI 15000 Puffs Eng\u00e5ngsvape?<\/strong><br \/>\n<strong>A3:<\/strong> Ja, du kan v\u00e4lja mellan <strong>2% och 5% nikotinstyrkor<\/strong> f\u00f6r att passa dina vapingpreferenser.<\/p>\n<p><strong>Q4: Hur f\u00f6rb\u00e4ttrar MRVI PUFFING 15000 Puffs Vape Bar min vapingupplevelse?<\/strong><br \/>\n<strong>A4:<\/strong> Med sin <strong>dubbla mesh coil-teknologi<\/strong>, du kan njuta av rik smak och smidig \u00e5ngproduktion, vilket g\u00f6r varje puff tillfredsst\u00e4llande.<\/p>\n<p><strong>Q5: Har MRVI vape PUFFING en displayfunktion?<\/strong><br \/>\n<strong>A5:<\/strong> Absolut! Den inkluderar en <strong>e-v\u00e4tska och kraftsk\u00e4rmsdisplay<\/strong> s\u00e5 att du enkelt kan \u00f6vervaka din \u00e5terst\u00e5ende e-v\u00e4tska och batterilivsl\u00e4ngd.<\/p>\n<p><strong>Q6: \u00c4r MRVI 15000 Puffs Rechargeable Vape l\u00e4tt att b\u00e4ra med sig?<\/strong><br \/>\n<strong>A6:<\/strong> Ja, den kompakta designen g\u00f6r den portabel, och den \u00e4r perfekt f\u00f6r vaping p\u00e5 spr\u00e5ng, oavsett om du \u00e4r hemma eller ute och r\u00f6r p\u00e5 dig.<\/p>\n<p><strong>Q7: Var kan jag k\u00f6pa MRVI 15000 Puffs Eng\u00e5ngsvape?<\/strong><br \/>\n<strong>A7:<\/strong> Du kan hitta MRVI PUFFING 15000 Puffs Eng\u00e5ngsvape hos olika \u00e5terf\u00f6rs\u00e4ljare och onlineplattformar, vilket s\u00e4kerst\u00e4ller enkel tillg\u00e5ng f\u00f6r alla dina vapingbehov.<\/p>\n<\/div>\n<\/div>\n<\/div>\n<\/div>\n<\/div>\n<\/div>\n<h3>Om frakt<\/h3>\n<div class=\"flex-shrink-0 flex flex-col relative items-end\">\n<div>\n<div class=\"pt-0\">\n<div class=\"gizmo-bot-avatar flex h-8 w-8 items-center justify-center overflow-hidden rounded-full\">\n<div><\/div>\n<div class=\"relative p-1 rounded-sm flex items-center justify-center bg-token-main-surface-primary text-token-text-primary h-8 w-8\"><strong>1. Vilka fraktmetoder anv\u00e4nds?<\/strong><\/div>\n<\/div>\n<\/div>\n<\/div>\n<\/div>\n<div class=\"group\/conversation-turn relative flex w-full min-w-0 flex-col agent-turn\">\n<div class=\"flex-col gap-1 md:gap-3\">\n<div class=\"flex max-w-full flex-col flex-grow\">\n<div class=\"min-h-[20px] text-message flex w-full flex-col items-end gap-2 whitespace-normal break-words [.text-message+&amp;]:mt-5 overflow-x-auto\" dir=\"auto\" data-message-author-role=\"assistant\" data-message-id=\"22f8283b-3233-46ff-89a5-c7a41b33abda\">\n<div class=\"flex w-full flex-col gap-1 empty:hidden first:pt-[3px]\">\n<div class=\"markdown prose w-full break-words dark:prose-invert light\">\n<p>Vi samarbetar med UPS, DHL, FedEx, DPD och andra ledande transport\u00f6rer. Vi v\u00e4ljer det b\u00e4sta frakts\u00e4ttet baserat p\u00e5 din leveransadress f\u00f6r att s\u00e4kerst\u00e4lla att du f\u00e5r dina produkter s\u00e5 snabbt som m\u00f6jligt.<\/p>\n<\/div>\n<p><strong>2. Hur l\u00e5ng tid tar det att komma fram?<\/strong><\/p>\n<p>Paket som skickas till Sverige anl\u00e4nder vanligtvis inom 10 arbetsdagar. Leveranser till europeiska l\u00e4nder tar generellt cirka 12-15 arbetsdagar. Vi kommer att ge uppdateringar i realtid om din leveransstatus.<\/p>\n<\/div>\n<\/div>\n<\/div>\n<\/div>\n<\/div>\n<p>&nbsp;<\/p>\n<p>Andra popul\u00e4ra vapes du kanske gillar:<\/p>\n<p><a href=\"https:\/\/rmvapesale.com\/sv\/product\/elf-box-vape-bk12000-puff-disposable-pod-wholesale\/\"><strong>ELF BOX BK12000 Puff <span style=\"color: #ff0000\">&gt;&gt;&gt;&gt; k\u00f6r!<\/span><\/strong><\/a><\/p>\n<p><strong><a href=\"https:\/\/rmvapesale.com\/sv\/product\/waspe-fihp-30000-puffs-led-display-disposable-vape-box\/\">WASPE FIHP 30000 bloss <span style=\"color: #ff0000\">&gt;&gt;&gt;&gt; k\u00f6r!<\/span><\/a>\u00a0<\/strong><\/p>\n<h2 class=\"woocommerce-loop-product__title\"><a style=\"font-size: 16px\" href=\"https:\/\/rmvapesale.com\/sv\/product\/randm-tornado-15000-puffs-vape-wholesale\/\"><strong>RandM Tornado 15000 <span style=\"color: #ff0000\">&gt;&gt;&gt;&gt; k\u00f6r!<\/span><\/strong><\/a><\/h2>\n<p>&nbsp;<\/p>\n<p>&nbsp;<\/p>\n<p>Hitta fler vape-produkter du kanske gillar:<strong><em><a href=\"https:\/\/rmvapesale.com\/sv\/shop-2\/\">handla nu &gt;&gt;&gt;<\/a><\/em><\/strong><\/p>","protected":false},"excerpt":{"rendered":"<p>Fabriksoriginal MRVI PUFFING 15000 PUFFS Vape Box<br \/>\nMRVI 15000 Puffs 2% 5% 25mL E-liquid P\u00e5fyllningsbar<br \/>\nMRVI PUFFING 1500015K Puffs Grossistpris vape<\/p>\n<p><img loading=\"lazy\" decoding=\"async\" class=\"size-full wp-image-1978\" src=\"https:\/\/rmvapesale.com\/wp-content\/uploads\/2024\/09\/Disposable-Vape-Wholesale.jpg\" alt=\"Eng\u00e5ngsvape Partihandel\" width=\"229\" height=\"300\" \/><\/p>\n<h3><a href=\"https:\/\/wa.me\/8617776015835\"><span style=\"color: #ff0000\"><strong>WhatsApp: +86 17776015835<\/strong><\/span><\/a><\/h3>\n<p>&nbsp;<\/p>","protected":false},"featured_media":2349,"comment_status":"open","ping_status":"closed","template":"","meta":{"_uag_custom_page_level_css":"","_lmt_disableupdate":"","_lmt_disable":"","site-sidebar-layout":"default","site-content-layout":"content-boxed-container","ast-site-content-layout":"normal-width-container","site-content-style":"boxed","site-sidebar-style":"unboxed","ast-global-header-display":"","ast-banner-title-visibility":"","ast-main-header-display":"","ast-hfb-above-header-display":"","ast-hfb-below-header-display":"","ast-hfb-mobile-header-display":"","site-post-title":"","ast-breadcrumbs-content":"","ast-featured-img":"","footer-sml-layout":"","ast-disable-related-posts":"","theme-transparent-header-meta":"default","adv-header-id-meta":"","stick-header-meta":"","header-above-stick-meta":"","header-main-stick-meta":"","header-below-stick-meta":"","astra-migrate-meta-layouts":"set","ast-page-background-enabled":"default","ast-page-background-meta":{"desktop":{"background-color":"var(--ast-global-color-4)","background-image":"","background-repeat":"repeat","background-position":"center center","background-size":"auto","background-attachment":"scroll","background-type":"","background-media":"","overlay-type":"","overlay-color":"","overlay-opacity":"","overlay-gradient":""},"tablet":{"background-color":"","background-image":"","background-repeat":"repeat","background-position":"center center","background-size":"auto","background-attachment":"scroll","background-type":"","background-media":"","overlay-type":"","overlay-color":"","overlay-opacity":"","overlay-gradient":""},"mobile":{"background-color":"","background-image":"","background-repeat":"repeat","background-position":"center center","background-size":"auto","background-attachment":"scroll","background-type":"","background-media":"","overlay-type":"","overlay-color":"","overlay-opacity":"","overlay-gradient":""}},"ast-content-background-meta":{"desktop":{"background-color":"var(--ast-global-color-5)","background-image":"","background-repeat":"repeat","background-position":"center center","background-size":"auto","background-attachment":"scroll","background-type":"","background-media":"","overlay-type":"","overlay-color":"","overlay-opacity":"","overlay-gradient":""},"tablet":{"background-color":"var(--ast-global-color-5)","background-image":"","background-repeat":"repeat","background-position":"center center","background-size":"auto","background-attachment":"scroll","background-type":"","background-media":"","overlay-type":"","overlay-color":"","overlay-opacity":"","overlay-gradient":""},"mobile":{"background-color":"var(--ast-global-color-5)","background-image":"","background-repeat":"repeat","background-position":"center center","background-size":"auto","background-attachment":"scroll","background-type":"","background-media":"","overlay-type":"","overlay-color":"","overlay-opacity":"","overlay-gradient":""}},"_joinchat":[]},"product_brand":[],"product_cat":[15,60,27,25,123,30,26,28],"product_tag":[131,66,125,126,134,132,133],"class_list":{"0":"post-2344","1":"product","2":"type-product","3":"status-publish","4":"has-post-thumbnail","6":"product_cat-new-vape-this-week","7":"product_cat-bang-vapes","8":"product_cat-fance-hot-sale-vape","9":"product_cat-germany-best-selling-vape","10":"product_cat-italy-wholesale-vape","11":"product_cat-minimum-order-quantity-50pcs","12":"product_cat-netherlands-hot-sale-vape","13":"product_cat-poland-hot-sale-vape","14":"product_tag-big-puff-vape","15":"product_tag-disposable-vape","16":"product_tag-disposable-vape-italy","17":"product_tag-e-cigarettes","18":"product_tag-mrvi-puffing-15k-price","19":"product_tag-rechargeable-vape","20":"product_tag-vape-bar","21":"desktop-align-left","22":"tablet-align-left","23":"mobile-align-left","25":"first","26":"instock","27":"sale","28":"shipping-taxable","29":"purchasable","30":"product-type-simple"},"uagb_featured_image_src":{"full":["https:\/\/rmvapesale.com\/wp-content\/uploads\/2024\/10\/MRVI-PUFFING-15000.jpg",808,808,false],"thumbnail":["https:\/\/rmvapesale.com\/wp-content\/uploads\/2024\/10\/MRVI-PUFFING-15000-150x150.jpg",150,150,true],"medium":["https:\/\/rmvapesale.com\/wp-content\/uploads\/2024\/10\/MRVI-PUFFING-15000-300x300.jpg",300,300,true],"medium_large":["https:\/\/rmvapesale.com\/wp-content\/uploads\/2024\/10\/MRVI-PUFFING-15000-768x768.jpg",768,768,true],"large":["https:\/\/rmvapesale.com\/wp-content\/uploads\/2024\/10\/MRVI-PUFFING-15000.jpg",808,808,false],"1536x1536":["https:\/\/rmvapesale.com\/wp-content\/uploads\/2024\/10\/MRVI-PUFFING-15000.jpg",808,808,false],"2048x2048":["https:\/\/rmvapesale.com\/wp-content\/uploads\/2024\/10\/MRVI-PUFFING-15000.jpg",808,808,false],"trp-custom-language-flag":["https:\/\/rmvapesale.com\/wp-content\/uploads\/2024\/10\/MRVI-PUFFING-15000.jpg",12,12,false],"woocommerce_thumbnail":["https:\/\/rmvapesale.com\/wp-content\/uploads\/2024\/10\/MRVI-PUFFING-15000-300x300.jpg",300,300,true],"woocommerce_single":["https:\/\/rmvapesale.com\/wp-content\/uploads\/2024\/10\/MRVI-PUFFING-15000-600x600.jpg",600,600,true],"woocommerce_gallery_thumbnail":["https:\/\/rmvapesale.com\/wp-content\/uploads\/2024\/10\/MRVI-PUFFING-15000-100x100.jpg",100,100,true],"wcpr-photo-reviews":["https:\/\/rmvapesale.com\/wp-content\/uploads\/2024\/10\/MRVI-PUFFING-15000.jpg",500,500,false]},"uagb_author_info":{"display_name":"AMY","author_link":"https:\/\/rmvapesale.com\/sv\/author\/"},"uagb_comment_info":0,"uagb_excerpt":"Factory Original MRVI PUFFING 15000 PUFFS Vape Box MRVI 15000 Puffs 2% 5% 25mL E-liquid Rechargeable MRVI PUFFING 1500015K Puffs Wholesale Price vape WhatsApp: +86 17776015835 &nbsp;","_links":{"self":[{"href":"https:\/\/rmvapesale.com\/sv\/wp-json\/wp\/v2\/product\/2344","targetHints":{"allow":["GET"]}}],"collection":[{"href":"https:\/\/rmvapesale.com\/sv\/wp-json\/wp\/v2\/product"}],"about":[{"href":"https:\/\/rmvapesale.com\/sv\/wp-json\/wp\/v2\/types\/product"}],"replies":[{"embeddable":true,"href":"https:\/\/rmvapesale.com\/sv\/wp-json\/wp\/v2\/comments?post=2344"}],"wp:featuredmedia":[{"embeddable":true,"href":"https:\/\/rmvapesale.com\/sv\/wp-json\/wp\/v2\/media\/2349"}],"wp:attachment":[{"href":"https:\/\/rmvapesale.com\/sv\/wp-json\/wp\/v2\/media?parent=2344"}],"wp:term":[{"taxonomy":"product_brand","embeddable":true,"href":"https:\/\/rmvapesale.com\/sv\/wp-json\/wp\/v2\/product_brand?post=2344"},{"taxonomy":"product_cat","embeddable":true,"href":"https:\/\/rmvapesale.com\/sv\/wp-json\/wp\/v2\/product_cat?post=2344"},{"taxonomy":"product_tag","embeddable":true,"href":"https:\/\/rmvapesale.com\/sv\/wp-json\/wp\/v2\/product_tag?post=2344"}],"curies":[{"name":"wp","href":"https:\/\/api.w.org\/{rel}","templated":true}]}}