{"id":2351,"date":"2024-10-11T08:11:29","date_gmt":"2024-10-11T08:11:29","guid":{"rendered":"https:\/\/rmvapesale.com\/?post_type=product&#038;p=2351"},"modified":"2024-10-11T08:47:10","modified_gmt":"2024-10-11T08:47:10","slug":"bang-box-18000-puffs-led-display-disposable-vape-original","status":"publish","type":"product","link":"https:\/\/rmvapesale.com\/sv\/product\/bang-box-18000-puffs-led-display-disposable-vape-original\/","title":{"rendered":"Bang Box 18000 Puffs LED-display eng\u00e5ngsvape original"},"content":{"rendered":"<div class=\"B2VR9 CJHX3e\">\n<div class=\"wyccme\">\n<h1 class=\"LC20lb MBeuO DKV0Md\">Bang Box 18000 Puffs LED Display Eng\u00e5ngs-vape Originalutg\u00e5va<\/h1>\n<div class=\"flex-shrink-0 flex flex-col relative items-end\">\n<div class=\"pt-0\">\n<div class=\"gizmo-bot-avatar flex h-8 w-8 items-center justify-center overflow-hidden rounded-full\">\n<div class=\"relative p-1 rounded-sm flex items-center justify-center bg-token-main-surface-primary text-token-text-primary h-8 w-8\">\n<p>Bang Box 18000 Puffs \u00e4r en popul\u00e4r eng\u00e5ngs-vape med LED-display, perfekt f\u00f6r dig som vill ha en f\u00f6rstklassig, l\u00e5ngvarig vapingupplevelse. Med en imponerande kapacitet p\u00e5 18 000 puffar r\u00e4cker den h\u00e4r enheten mycket l\u00e4ngre \u00e4n de flesta eng\u00e5ngsvapes p\u00e5 marknaden. Dess gener\u00f6sa e-v\u00e4tsketank p\u00e5 26 ml och val av nikotinstyrkor\u20140%, 2%, 3% och 5%\u2014g\u00f6r den m\u00e5ngsidig och passar b\u00e5de l\u00e4tta och tunga vejpare.<\/p>\n<p>Denna eng\u00e5ngs-vape \u00e4r utformad f\u00f6r b\u00e5de enkelhet och tillfredsst\u00e4llelse och \u00e4r utrustad med ett uppladdningsbart 850mAh-batteri och snabb Type-C-laddning, vilket s\u00e4kerst\u00e4ller att du har str\u00f6m hela dagen. Den enast\u00e5ende digitala LED-displayen ger dig realtidsinformation om batteritid och puffr\u00e4kning, s\u00e5 att du enkelt kan \u00f6vervaka din enhet.<\/p>\n<p>&nbsp;<\/p>\n<\/div>\n<\/div>\n<\/div>\n<\/div>\n<\/div>\n<\/div>\n<p><strong>Kontakta Amy f\u00f6r att f\u00e5 r\u00e4tt svar och fler produktvideor!<\/strong><\/p>\n<p><img loading=\"lazy\" decoding=\"async\" class=\"size-full wp-image-1978\" src=\"https:\/\/rmvapesale.com\/wp-content\/uploads\/2024\/09\/Disposable-Vape-Wholesale.jpg\" alt=\"Eng\u00e5ngsvape Partihandel\" width=\"229\" height=\"300\" \/><\/p>\n<h3><a href=\"https:\/\/wa.me\/8617776015835\" target=\"_blank\" rel=\"noopener\"><span style=\"color: #ff0000\"><strong>WhatsApp: +86 17776015835<\/strong><\/span><\/a><\/h3>\n<p>&nbsp;<\/p>\n<h2><\/h2>\n<h2><strong>Bang Box 18000 Puffs Eng\u00e5ngs-vape Huvudfunktioner<\/strong><\/h2>\n<p>&nbsp;<\/p>\n<ul>\n<li><strong>18 000 Puffar<\/strong>: Med en massiv puffr\u00e4kning p\u00e5 18 000 kan du njuta av oavbruten vaping under en l\u00e4ngre period utan besv\u00e4ret med byten.<\/li>\n<li><strong>Mesh Coil (0,8 ohm)<\/strong>: Den avancerade mesh coil-tekniken s\u00e4kerst\u00e4ller maximal smak- och \u00e5ngproduktion, vilket ger dig en mjuk och smakrik tr\u00e4ff varje g\u00e5ng.<\/li>\n<li><strong>26ml E-v\u00e4tskekapacitet<\/strong>: Utrustad med en gener\u00f6s e-v\u00e4tskekapacitet p\u00e5 26 ml, minimerar det behovet av st\u00e4ndiga p\u00e5fyllningar och erbjuder l\u00e5ngvarig anv\u00e4ndning.<\/li>\n<li><strong>Nikotinalternativ<\/strong>: V\u00e4lj mellan <strong>0%, 2%, 3%, eller 5% nikotin<\/strong> f\u00f6r att anpassa din vapingupplevelse och tillgodose dina personliga preferenser.<\/li>\n<li><strong>850mAh uppladdningsbart batteri<\/strong>: Det kraftfulla inbyggda 850mAh-batteriet s\u00e4kerst\u00e4ller att du har str\u00f6m hela dagen, och med <strong>Typ-C snabbladdning<\/strong>\u00e4r du snabbt ig\u00e5ng med din vaping igen.<\/li>\n<li><strong>LED digital display<\/strong>: Beh\u00e5ll kontrollen med den intuitiva <strong>LED-displayen<\/strong> som visar viktig information som \u00e5terst\u00e5ende batteritid och e-v\u00e4tskeniv\u00e5er, vilket g\u00f6r det enklare att \u00f6vervaka din enhet.<\/li>\n<\/ul>\n<figure id=\"attachment_2352\" aria-describedby=\"caption-attachment-2352\" style=\"width: 600px\" class=\"wp-caption alignnone\"><img loading=\"lazy\" decoding=\"async\" class=\"wp-image-2352\" src=\"https:\/\/rmvapesale.com\/wp-content\/uploads\/2024\/10\/Bang-Box-18000-Puffs-Disposable-Vape-Wholesale.jpg\" alt=\"Bang Box 18000 Puffs Eng\u00e5ngs Vape Partihandel\" width=\"600\" height=\"600\" srcset=\"https:\/\/rmvapesale.com\/wp-content\/uploads\/2024\/10\/Bang-Box-18000-Puffs-Disposable-Vape-Wholesale.jpg 800w, https:\/\/rmvapesale.com\/wp-content\/uploads\/2024\/10\/Bang-Box-18000-Puffs-Disposable-Vape-Wholesale-300x300.jpg 300w, https:\/\/rmvapesale.com\/wp-content\/uploads\/2024\/10\/Bang-Box-18000-Puffs-Disposable-Vape-Wholesale-150x150.jpg 150w, https:\/\/rmvapesale.com\/wp-content\/uploads\/2024\/10\/Bang-Box-18000-Puffs-Disposable-Vape-Wholesale-768x768.jpg 768w, https:\/\/rmvapesale.com\/wp-content\/uploads\/2024\/10\/Bang-Box-18000-Puffs-Disposable-Vape-Wholesale-600x600.jpg 600w, https:\/\/rmvapesale.com\/wp-content\/uploads\/2024\/10\/Bang-Box-18000-Puffs-Disposable-Vape-Wholesale-100x100.jpg 100w\" sizes=\"auto, (max-width: 600px) 100vw, 600px\" \/><figcaption id=\"caption-attachment-2352\" class=\"wp-caption-text\">Bang Box 18000 Puffs Eng\u00e5ngs Vape Partihandel<\/figcaption><\/figure>\n<h2><\/h2>\n<h2><strong>Toppsmak f\u00f6r Bang Box 18000 Puffs Vape Bar<\/strong><\/h2>\n<p>Den <strong>Bang Box 18000 Puffs LED Display Eng\u00e5ngs Vape<\/strong> \u00e4r det ultimata valet f\u00f6r vapers som l\u00e4ngtar efter bekv\u00e4mlighet, kraftfull prestanda och en f\u00f6rh\u00f6jd upplevelse. Tillg\u00e4nglig i flera nikotinstyrkor, erbjuder denna enhet ett elegant, problemfritt s\u00e4tt att njuta av dina favorit e-v\u00e4tskor, allt med enkelheten hos en eng\u00e5ngs vape.<\/p>\n<p>1.Gummy Bear <span style=\"color: #ff0000\"><strong>&gt;&gt;&gt;&gt; Het!<\/strong><\/span><br \/>\n2.Jordgubbsglass<span style=\"color: #ff0000\"><strong>&gt;&gt;&gt;&gt; B\u00e4st!<\/strong><\/span><br \/>\n3.Persika Mango<br \/>\n4.Triple Berry Ice<br \/>\n5.Jordgubbsbanan<br \/>\n6.Lush Ice<br \/>\n7.Bl\u00e5 hallon-is <span style=\"color: #ff0000\"><strong>&gt;&gt;&gt;&gt; Het!<\/strong><\/span><br \/>\n8.Tropisk frukt<br \/>\n9.Aloe Vera-druva<br \/>\n10.Persikois<br \/>\n11.Jordgubbs-lychee<br \/>\n12.Sval mynta<\/p>\n<p>&nbsp;<\/p>\n<p>&nbsp;<\/p>\n<h3><strong>Varf\u00f6r v\u00e4lja Rmvapesale f\u00f6r ditt storpack Bang Box 18000 Puffs Vape?<\/strong><\/h3>\n<div class=\"flex-shrink-0 flex flex-col relative items-end\">\n<div>\n<div class=\"pt-0\">\n<div class=\"gizmo-bot-avatar flex h-8 w-8 items-center justify-center overflow-hidden rounded-full\">\n<div class=\"relative p-1 rounded-sm flex items-center justify-center bg-token-main-surface-primary text-token-text-primary h-8 w-8\">\n<p>&nbsp;<\/p>\n<p>N\u00e4r du v\u00e4ljer Rmvapesale f\u00f6r dina grossistbehov av eng\u00e5ngsvapes, drar du nytta av:<\/p>\n<ul>\n<li><strong>Konkurrenskraftigt pris<\/strong>: F\u00e5 tillg\u00e5ng till attraktiva grossistpriser som \u00f6kar dina aff\u00e4rsmarginaler.<\/li>\n<li><strong>H\u00f6g kvalitet<\/strong>: V\u00e5ra vapes \u00e4r tillverkade enligt de h\u00f6gsta standarderna, och <span style=\"color: #ff0000\"><strong>garanterat 100% original och \u00e4kta, eller 10 g\u00e5nger kompensation kommer att ges f\u00f6r falska varor!<\/strong><\/span><\/li>\n<li><strong>Utm\u00e4rkt kundservice<\/strong>: V\u00e5rt dedikerade team \u00e4r alltid redo att hj\u00e4lpa dig, vilket g\u00f6r din k\u00f6pprocess smidig och problemfri.<\/li>\n<li><strong>Snabb<\/strong>: F\u00f6rv\u00e4nta dig snabb och p\u00e5litlig frakt som s\u00e4kerst\u00e4ller att dina best\u00e4llningar anl\u00e4nder i tid, varje g\u00e5ng.<\/li>\n<\/ul>\n<h3><\/h3>\n<h3><b>VANLIGA FR\u00c5GOR OCH SVAR<\/b><\/h3>\n<p>&nbsp;<\/p>\n<\/div>\n<\/div>\n<\/div>\n<\/div>\n<\/div>\n<div class=\"group\/conversation-turn relative flex w-full min-w-0 flex-col agent-turn\">\n<div class=\"flex-col gap-1 md:gap-3\">\n<div class=\"flex max-w-full flex-col flex-grow\">\n<div class=\"min-h-8 text-message flex w-full flex-col items-end gap-2 whitespace-normal break-words [.text-message+&amp;]:mt-5\" dir=\"auto\" data-message-author-role=\"assistant\" data-message-id=\"f226d3fc-81f3-46d5-8c46-31787fff0357\">\n<div class=\"flex w-full flex-col gap-1 empty:hidden first:pt-[3px]\">\n<div class=\"markdown prose w-full break-words dark:prose-invert light\">\n<h3>1. <strong>Vad f\u00e5r Bang Box 18000 Puffs eng\u00e5ngsvape att sticka ut?<\/strong><\/h3>\n<p>Den <strong>Bang Box 18000 Puffs Eng\u00e5ngsvape<\/strong> ger en enast\u00e5ende vapingupplevelse med sin stora <strong>18 000 puffar<\/strong> kapacitet och ett uppladdningsbart <strong>850mAh batteri<\/strong>. Den har en <strong>26ml e-v\u00e4tsketank<\/strong>, vilket garanterar l\u00e5ngvarig anv\u00e4ndning utan behov av frekventa byten. Dessutom h\u00e5ller <strong>LED digitala displayen<\/strong> dig uppdaterad om batteritid och antalet puffar.<\/p>\n<h3>2. <strong>Hur vet jag n\u00e4r jag ska ladda min Bang Box 18000 Puffs Vape Bar?<\/strong><\/h3>\n<p>Den <strong>Bang Box 18000 Puffs Vape Bar<\/strong> har en praktisk <strong>LED digitala displayen<\/strong> som visar b\u00e5de batteritid och puffantal, vilket g\u00f6r det enkelt att veta n\u00e4r det \u00e4r dags att ladda.<\/p>\n<h3>3. <strong>Kan jag ladda Bang Box 18000 Puffs Uppladdningsbar Vape?<\/strong><\/h3>\n<p>Ja! Den <strong>Bang Box 18000 Puffs Uppladdningsbar Vape<\/strong> levereras med en <strong>Type-C laddningsport<\/strong>, vilket m\u00f6jligg\u00f6r snabb och enkel laddning. Denna funktion, i kombination med dess h\u00f6ga antal puffar, s\u00e4kerst\u00e4ller l\u00e5ngvarig anv\u00e4ndning.<\/p>\n<h3>4. <strong>Vilka nikotinstyrkor finns tillg\u00e4ngliga i Bang Box 18000 Puffs Uppladdningsbar Vape?<\/strong><\/h3>\n<p>Den <strong>Bang Box 18000 Puffs Uppladdningsbar Vape<\/strong> finns i fyra nikotinstyrkor: <strong>0%, 2%, 3% och 5%<\/strong>. Denna flexibilitet passar vapers med olika preferenser, oavsett om du letar efter nikotinfri vaping eller en starkare hit.<\/p>\n<h3>5. <strong>\u00c4r Bang Vape BOX 18000 Puffs Disposable Vape l\u00e4tt att b\u00e4ra?<\/strong><\/h3>\n<p>Absolut! Den <strong>Bang Vape BOX 18000 Puffs Disposable Vape<\/strong> \u00e4r designad f\u00f6r att vara portabel och anv\u00e4ndarv\u00e4nlig, vilket g\u00f6r den perfekt f\u00f6r vaping p\u00e5 spr\u00e5ng. Trots sin stora puffkapacitet \u00e4r den fortfarande l\u00e4tt och enkel att b\u00e4ra.<\/p>\n<h3>6. <strong>Ger Bang Box 18000 Puffs Vape Bar rika smaker?<\/strong><\/h3>\n<p>Ja! Tack vare <strong>0.8ohm mesh-spolen<\/strong>, den <strong>Bang Box 18k Puff Vape Bar<\/strong> erbjuder f\u00f6rb\u00e4ttrad smak- och \u00e5ngproduktion. Oavsett om du njuter av fruktiga smaker som <strong>Peach Mango<\/strong> eller kylande sensationer som <strong>Lush Ice<\/strong>, varje puff ger en tillfredsst\u00e4llande upplevelse.<\/p>\n<\/div>\n<\/div>\n<\/div>\n<\/div>\n<\/div>\n<\/div>\n<p>&nbsp;<\/p>\n<h3><\/h3>\n<h3>Om frakt<\/h3>\n<div class=\"flex-shrink-0 flex flex-col relative items-end\">\n<div>\n<div class=\"pt-0\">\n<div class=\"gizmo-bot-avatar flex h-8 w-8 items-center justify-center overflow-hidden rounded-full\">\n<div><\/div>\n<div class=\"relative p-1 rounded-sm flex items-center justify-center bg-token-main-surface-primary text-token-text-primary h-8 w-8\"><strong>1. Vilka fraktmetoder anv\u00e4nds?<\/strong><\/div>\n<\/div>\n<\/div>\n<\/div>\n<\/div>\n<div class=\"group\/conversation-turn relative flex w-full min-w-0 flex-col agent-turn\">\n<div class=\"flex-col gap-1 md:gap-3\">\n<div class=\"flex max-w-full flex-col flex-grow\">\n<div class=\"min-h-[20px] text-message flex w-full flex-col items-end gap-2 whitespace-normal break-words [.text-message+&amp;]:mt-5 overflow-x-auto\" dir=\"auto\" data-message-author-role=\"assistant\" data-message-id=\"22f8283b-3233-46ff-89a5-c7a41b33abda\">\n<div class=\"flex w-full flex-col gap-1 empty:hidden first:pt-[3px]\">\n<div class=\"markdown prose w-full break-words dark:prose-invert light\">\n<p>Vi samarbetar med UPS, DHL, FedEx, DPD och andra ledande transport\u00f6rer. Vi v\u00e4ljer det b\u00e4sta frakts\u00e4ttet baserat p\u00e5 din leveransadress f\u00f6r att s\u00e4kerst\u00e4lla att du f\u00e5r dina produkter s\u00e5 snabbt som m\u00f6jligt.<\/p>\n<\/div>\n<p><strong>2. Hur l\u00e5ng tid tar det att komma fram?<\/strong><\/p>\n<p>Paket som skickas till Sverige anl\u00e4nder vanligtvis inom 10 arbetsdagar. Leveranser till europeiska l\u00e4nder tar generellt cirka 12-15 arbetsdagar. Vi kommer att ge uppdateringar i realtid om din leveransstatus.<\/p>\n<\/div>\n<\/div>\n<\/div>\n<\/div>\n<\/div>\n<p>&nbsp;<\/p>\n<p>Andra popul\u00e4ra vapes du kanske gillar:<\/p>\n<p><a href=\"https:\/\/rmvapesale.com\/sv\/product\/bang-25000-puffs-0-2-3-5-nicotine-led-display-vape-pod\/\"><strong>Bang 25000 Puffs Puff\u00a0 \u00a0<span style=\"color: #ff0000\">&gt;&gt;&gt;&gt; k\u00f6r!<\/span><\/strong><\/a><\/p>\n<p><strong><a href=\"https:\/\/rmvapesale.com\/sv\/product\/uwin-crystal-10000-puff-disposable-vape-wholesale-price\/\">UWIN Crystal 10000 Puffs <span style=\"color: #ff0000\">&gt;&gt;&gt;&gt; k\u00f6r!<\/span><\/a>\u00a0<\/strong><\/p>\n<p><a href=\"https:\/\/rmvapesale.com\/sv\/product\/bang-box-30000-puff-smart-screen-disposable-vape-wholesale\/\"><strong>Bang Box 30000 Puffs Smart Screen Puffs <span style=\"color: #ff0000\">&gt;&gt;&gt;&gt; k\u00f6r!<\/span><\/strong><\/a><\/p>\n<p>&nbsp;<\/p>\n<p>&nbsp;<\/p>\n<p>Hitta fler vape-produkter du kanske gillar:<strong><em><a href=\"https:\/\/rmvapesale.com\/sv\/shop-2\/\">handla nu &gt;&gt;&gt;<\/a><\/em><\/strong><\/p>","protected":false},"excerpt":{"rendered":"<p>BANG BOX 18000 Puffs Eng\u00e5ngs-vape Partihandel<br \/>\nBANG Vape 18000 Puffs Eng\u00e5ngs-vape Vape Bar Massk\u00f6p<br \/>\nBANG BOX 18k Puff L\u00e5g Nikotin Smart Eng\u00e5ngs-vape<\/p>\n<p><img loading=\"lazy\" decoding=\"async\" class=\"size-full wp-image-1978\" src=\"https:\/\/rmvapesale.com\/wp-content\/uploads\/2024\/09\/Disposable-Vape-Wholesale.jpg\" alt=\"Eng\u00e5ngsvape Partihandel\" width=\"229\" height=\"300\" \/><\/p>\n<h3><a href=\"https:\/\/wa.me\/8617776015835\"><span style=\"color: #ff0000\"><strong>WhatsApp: +86 17776015835<\/strong><\/span><\/a><\/h3>\n<p>&nbsp;<\/p>","protected":false},"featured_media":2354,"comment_status":"open","ping_status":"closed","template":"","meta":{"_uag_custom_page_level_css":"","_lmt_disableupdate":"","_lmt_disable":"","site-sidebar-layout":"default","site-content-layout":"content-boxed-container","ast-site-content-layout":"normal-width-container","site-content-style":"boxed","site-sidebar-style":"unboxed","ast-global-header-display":"","ast-banner-title-visibility":"","ast-main-header-display":"","ast-hfb-above-header-display":"","ast-hfb-below-header-display":"","ast-hfb-mobile-header-display":"","site-post-title":"","ast-breadcrumbs-content":"","ast-featured-img":"","footer-sml-layout":"","ast-disable-related-posts":"","theme-transparent-header-meta":"default","adv-header-id-meta":"","stick-header-meta":"","header-above-stick-meta":"","header-main-stick-meta":"","header-below-stick-meta":"","astra-migrate-meta-layouts":"set","ast-page-background-enabled":"default","ast-page-background-meta":{"desktop":{"background-color":"var(--ast-global-color-4)","background-image":"","background-repeat":"repeat","background-position":"center center","background-size":"auto","background-attachment":"scroll","background-type":"","background-media":"","overlay-type":"","overlay-color":"","overlay-opacity":"","overlay-gradient":""},"tablet":{"background-color":"","background-image":"","background-repeat":"repeat","background-position":"center center","background-size":"auto","background-attachment":"scroll","background-type":"","background-media":"","overlay-type":"","overlay-color":"","overlay-opacity":"","overlay-gradient":""},"mobile":{"background-color":"","background-image":"","background-repeat":"repeat","background-position":"center center","background-size":"auto","background-attachment":"scroll","background-type":"","background-media":"","overlay-type":"","overlay-color":"","overlay-opacity":"","overlay-gradient":""}},"ast-content-background-meta":{"desktop":{"background-color":"var(--ast-global-color-5)","background-image":"","background-repeat":"repeat","background-position":"center center","background-size":"auto","background-attachment":"scroll","background-type":"","background-media":"","overlay-type":"","overlay-color":"","overlay-opacity":"","overlay-gradient":""},"tablet":{"background-color":"var(--ast-global-color-5)","background-image":"","background-repeat":"repeat","background-position":"center center","background-size":"auto","background-attachment":"scroll","background-type":"","background-media":"","overlay-type":"","overlay-color":"","overlay-opacity":"","overlay-gradient":""},"mobile":{"background-color":"var(--ast-global-color-5)","background-image":"","background-repeat":"repeat","background-position":"center center","background-size":"auto","background-attachment":"scroll","background-type":"","background-media":"","overlay-type":"","overlay-color":"","overlay-opacity":"","overlay-gradient":""}},"_joinchat":[]},"product_brand":[],"product_cat":[15,60,27,25,123,30,26,28,135],"product_tag":[63,66,125,126,101,105,120],"class_list":{"0":"post-2351","1":"product","2":"type-product","3":"status-publish","4":"has-post-thumbnail","6":"product_cat-new-vape-this-week","7":"product_cat-bang-vapes","8":"product_cat-fance-hot-sale-vape","9":"product_cat-germany-best-selling-vape","10":"product_cat-italy-wholesale-vape","11":"product_cat-minimum-order-quantity-50pcs","12":"product_cat-netherlands-hot-sale-vape","13":"product_cat-poland-hot-sale-vape","14":"product_cat-spain-best-hot-sale-vape","15":"product_tag-bang-vapes","16":"product_tag-disposable-vape","17":"product_tag-disposable-vape-italy","18":"product_tag-e-cigarettes","19":"product_tag-led-display-vape","20":"product_tag-nicotine-free-disposable-vape","21":"product_tag-vape-wholesale","22":"desktop-align-left","23":"tablet-align-left","24":"mobile-align-left","26":"first","27":"instock","28":"sale","29":"shipping-taxable","30":"purchasable","31":"product-type-simple"},"uagb_featured_image_src":{"full":["https:\/\/rmvapesale.com\/wp-content\/uploads\/2024\/10\/Bang-Box-18000-Puffs-LED-Display-Disposable-Vape-Wholesale.jpg",800,800,false],"thumbnail":["https:\/\/rmvapesale.com\/wp-content\/uploads\/2024\/10\/Bang-Box-18000-Puffs-LED-Display-Disposable-Vape-Wholesale-150x150.jpg",150,150,true],"medium":["https:\/\/rmvapesale.com\/wp-content\/uploads\/2024\/10\/Bang-Box-18000-Puffs-LED-Display-Disposable-Vape-Wholesale-300x300.jpg",300,300,true],"medium_large":["https:\/\/rmvapesale.com\/wp-content\/uploads\/2024\/10\/Bang-Box-18000-Puffs-LED-Display-Disposable-Vape-Wholesale-768x768.jpg",768,768,true],"large":["https:\/\/rmvapesale.com\/wp-content\/uploads\/2024\/10\/Bang-Box-18000-Puffs-LED-Display-Disposable-Vape-Wholesale.jpg",800,800,false],"1536x1536":["https:\/\/rmvapesale.com\/wp-content\/uploads\/2024\/10\/Bang-Box-18000-Puffs-LED-Display-Disposable-Vape-Wholesale.jpg",800,800,false],"2048x2048":["https:\/\/rmvapesale.com\/wp-content\/uploads\/2024\/10\/Bang-Box-18000-Puffs-LED-Display-Disposable-Vape-Wholesale.jpg",800,800,false],"trp-custom-language-flag":["https:\/\/rmvapesale.com\/wp-content\/uploads\/2024\/10\/Bang-Box-18000-Puffs-LED-Display-Disposable-Vape-Wholesale.jpg",12,12,false],"woocommerce_thumbnail":["https:\/\/rmvapesale.com\/wp-content\/uploads\/2024\/10\/Bang-Box-18000-Puffs-LED-Display-Disposable-Vape-Wholesale-300x300.jpg",300,300,true],"woocommerce_single":["https:\/\/rmvapesale.com\/wp-content\/uploads\/2024\/10\/Bang-Box-18000-Puffs-LED-Display-Disposable-Vape-Wholesale-600x600.jpg",600,600,true],"woocommerce_gallery_thumbnail":["https:\/\/rmvapesale.com\/wp-content\/uploads\/2024\/10\/Bang-Box-18000-Puffs-LED-Display-Disposable-Vape-Wholesale-100x100.jpg",100,100,true],"wcpr-photo-reviews":["https:\/\/rmvapesale.com\/wp-content\/uploads\/2024\/10\/Bang-Box-18000-Puffs-LED-Display-Disposable-Vape-Wholesale.jpg",500,500,false]},"uagb_author_info":{"display_name":"AMY","author_link":"https:\/\/rmvapesale.com\/sv\/author\/"},"uagb_comment_info":0,"uagb_excerpt":"BANG BOX 18000 Puffs Disposable Vape Wholesale BANG Vape 18000 Puffs Disposable Vape Vape Bar Bulk Buy BANG BOX 18k Puff Low Nicotine Smart Disposable Vape WhatsApp: +86 17776015835 &nbsp;","_links":{"self":[{"href":"https:\/\/rmvapesale.com\/sv\/wp-json\/wp\/v2\/product\/2351","targetHints":{"allow":["GET"]}}],"collection":[{"href":"https:\/\/rmvapesale.com\/sv\/wp-json\/wp\/v2\/product"}],"about":[{"href":"https:\/\/rmvapesale.com\/sv\/wp-json\/wp\/v2\/types\/product"}],"replies":[{"embeddable":true,"href":"https:\/\/rmvapesale.com\/sv\/wp-json\/wp\/v2\/comments?post=2351"}],"wp:featuredmedia":[{"embeddable":true,"href":"https:\/\/rmvapesale.com\/sv\/wp-json\/wp\/v2\/media\/2354"}],"wp:attachment":[{"href":"https:\/\/rmvapesale.com\/sv\/wp-json\/wp\/v2\/media?parent=2351"}],"wp:term":[{"taxonomy":"product_brand","embeddable":true,"href":"https:\/\/rmvapesale.com\/sv\/wp-json\/wp\/v2\/product_brand?post=2351"},{"taxonomy":"product_cat","embeddable":true,"href":"https:\/\/rmvapesale.com\/sv\/wp-json\/wp\/v2\/product_cat?post=2351"},{"taxonomy":"product_tag","embeddable":true,"href":"https:\/\/rmvapesale.com\/sv\/wp-json\/wp\/v2\/product_tag?post=2351"}],"curies":[{"name":"wp","href":"https:\/\/api.w.org\/{rel}","templated":true}]}}