{"id":2372,"date":"2024-10-12T09:01:19","date_gmt":"2024-10-12T09:01:19","guid":{"rendered":"https:\/\/rmvapesale.com\/?post_type=product&#038;p=2372"},"modified":"2024-10-12T09:20:35","modified_gmt":"2024-10-12T09:20:35","slug":"fihp-digital-box-12000-puffs-hot-sale-vape-bulk-buy","status":"publish","type":"product","link":"https:\/\/rmvapesale.com\/sv\/product\/fihp-digital-box-12000-puffs-hot-sale-vape-bulk-buy\/","title":{"rendered":"FIHP Digital Box 12000 Blos Varm F\u00f6rs\u00e4ljning Vape Bulk K\u00f6p"},"content":{"rendered":"<div class=\"B2VR9 CJHX3e\">\n<div class=\"wyccme\">\n<h1 class=\"LC20lb MBeuO DKV0Md\">FIHP Digital Box 12000 Blos Varm F\u00f6rs\u00e4ljning Vape Bulk K\u00f6p<\/h1>\n<div class=\"flex-shrink-0 flex flex-col relative items-end\">\n<div class=\"pt-0\">\n<div class=\"gizmo-bot-avatar flex h-8 w-8 items-center justify-center overflow-hidden rounded-full\">\n<div class=\"relative p-1 rounded-sm flex items-center justify-center bg-token-main-surface-primary text-token-text-primary h-8 w-8\">\n<p>FIHP Digital Box 12000 Puffar \u00e4r ett bra val f\u00f6r de som s\u00f6ker en premium, l\u00e5ngvarig eng\u00e5ngsvape, nu tillg\u00e4nglig f\u00f6r bulkink\u00f6p! Med sin stilrena design och avancerade funktioner \u00e4r denna vape pen konstruerad f\u00f6r b\u00e5de prestanda och bekv\u00e4mlighet.<\/p>\n<p>Med imponerande 12 000 puffar s\u00e4kerst\u00e4ller FIHP Digital Box kontinuerlig, tillfredsst\u00e4llande vaping utan frekventa byten. Denna Vape Bar-enhet \u00e4r f\u00f6rfylld med 20 ml e-juice, tillg\u00e4nglig i 2% och 5% l\u00e5g nikotinstyrka, vilket g\u00f6r att du kan anpassa din vape efter dina preferenser, oavsett om du f\u00f6redrar en mild eller mer intensiv nikotinkick.<\/p>\n<p>Det 650mAh uppladdningsbara batteriet ger p\u00e5litlig, konsekvent kraft under varje session, medan 1.0\u03a9 Mesh Coil och justerbar luftfl\u00f6de s\u00e4kerst\u00e4ller smidig, smakrik \u00e5nga som du enkelt kan anpassa efter din smak. Dessutom m\u00f6jligg\u00f6r Type-C-laddningsporten snabba, bekv\u00e4ma laddningar, s\u00e5 du aldrig beh\u00f6ver v\u00e4nta.<\/p>\n<p>Perfekt f\u00f6r de som vill lagerh\u00e5lla eller f\u00f6rse sitt f\u00f6retag, ger FIHP Digital Box 12000 Puffar i bulk ett exceptionellt v\u00e4rde samtidigt som det levererar en f\u00f6rstklassig vapingupplevelse<\/p>\n<p>&nbsp;<\/p>\n<\/div>\n<\/div>\n<\/div>\n<\/div>\n<\/div>\n<\/div>\n<p><strong>Kontakta Amy f\u00f6r att f\u00e5 r\u00e4tt svar och fler produktvideor!<\/strong><\/p>\n<p><img loading=\"lazy\" decoding=\"async\" class=\"size-full wp-image-1978\" src=\"https:\/\/rmvapesale.com\/wp-content\/uploads\/2024\/09\/Disposable-Vape-Wholesale.jpg\" alt=\"Eng\u00e5ngsvape Partihandel\" width=\"229\" height=\"300\" \/><\/p>\n<h3><a href=\"https:\/\/wa.me\/8617776015835\" target=\"_blank\" rel=\"noopener\"><span style=\"color: #ff0000\"><strong>WhatsApp: +86 17776015835<\/strong><\/span><\/a><\/h3>\n<p>&nbsp;<\/p>\n<h2><\/h2>\n<h2><strong>FIHP Digital Box 12000 Puffar Eng\u00e5ngsvape Nyckelfunktioner<\/strong><\/h2>\n<p>&nbsp;<\/p>\n<ul>\n<li><strong>H\u00f6g Puffr\u00e4knare<\/strong>: Njut av upp till <strong>12 000 bloss<\/strong> f\u00f6r l\u00e5ngvarig och kontinuerlig vaping-upplevelse.<\/li>\n<li><strong>Gener\u00f6s E-v\u00e4tskekapacitet<\/strong>: Med en <strong>22 ml e-v\u00e4tsketank<\/strong>, m\u00f6jligg\u00f6r denna enhet l\u00e4ngre anv\u00e4ndning med f\u00e4rre p\u00e5fyllningar.<\/li>\n<li><strong>P\u00e5litligt Batteri<\/strong>: Drivs av ett <strong>650mAh uppladdningsbart batteri<\/strong>, vilket s\u00e4kerst\u00e4ller konsekvent och tillf\u00f6rlitlig prestanda.<\/li>\n<li><strong>Nikotinstyrka<\/strong>: Erbjudanden <strong>0,6% nikotin (6mg)<\/strong>, vilket ger en tillfredsst\u00e4llande och mjuk vapingupplevelse.<\/li>\n<li><strong>Mesh Coil Teknologi<\/strong>: Utrustad med en <strong>0,6\u03a9 meshspole<\/strong> f\u00f6r f\u00f6rb\u00e4ttrad smak och \u00e5ngproduktion.<\/li>\n<li><strong>LED-sk\u00e4rm<\/strong>: H\u00e5ll dig informerad med en <strong>LED-displayen<\/strong> som ger realtidsuppdateringar om batteriliv och anv\u00e4ndning.<\/li>\n<\/ul>\n<h2><\/h2>\n<h2><strong>Topp smak f\u00f6r FIHP Digital Box 12000 Puffar Vape Bar<\/strong><\/h2>\n<p>Med 10 l\u00e4ckra smaker som Jordgubbs Kiwi, Bl\u00e5b\u00e4r Hallon och Persika Mango, erbjuder FIHP Digital Box en smak f\u00f6r varje gom, vilket s\u00e4kerst\u00e4ller att du alltid f\u00e5r en trevlig vapingupplevelse.<\/p>\n<p>01. Lush Ice<span style=\"color: #ff0000\"><strong>&gt;&gt;&gt;&gt; Het!<\/strong><\/span><br \/>\n02. Grape Ice<br \/>\n03. K\u00f6rsb\u00e4r<br \/>\n04. Bl\u00e5b\u00e4r Hallon<span style=\"color: #ff0000\"><strong>&gt;&gt;&gt;&gt; Het!<\/strong><\/span><br \/>\n05. Jordgubbs Kiwi<br \/>\n06. Blandade B\u00e4r<span style=\"color: #ff0000\"><strong>&gt;&gt;&gt;&gt; B\u00e4st!<\/strong><\/span><br \/>\n07. Jordgubbs Vattenmelon<br \/>\n08. Vattenmelon Bubbelgum<br \/>\n09. Persika Mango Ananas<br \/>\n10. Kiwi Passion Fruit Guava<\/p>\n<figure id=\"attachment_2366\" aria-describedby=\"caption-attachment-2366\" style=\"width: 808px\" class=\"wp-caption alignnone\"><img loading=\"lazy\" decoding=\"async\" class=\"wp-image-2366 size-full\" src=\"https:\/\/rmvapesale.com\/wp-content\/uploads\/2024\/10\/FIHP-Digital-12000-Puffs-Flavor.jpg\" alt=\"FIHP Digital 12000 Puffar Smak\" width=\"808\" height=\"808\" srcset=\"https:\/\/rmvapesale.com\/wp-content\/uploads\/2024\/10\/FIHP-Digital-12000-Puffs-Flavor.jpg 808w, https:\/\/rmvapesale.com\/wp-content\/uploads\/2024\/10\/FIHP-Digital-12000-Puffs-Flavor-300x300.jpg 300w, https:\/\/rmvapesale.com\/wp-content\/uploads\/2024\/10\/FIHP-Digital-12000-Puffs-Flavor-150x150.jpg 150w, https:\/\/rmvapesale.com\/wp-content\/uploads\/2024\/10\/FIHP-Digital-12000-Puffs-Flavor-768x768.jpg 768w, https:\/\/rmvapesale.com\/wp-content\/uploads\/2024\/10\/FIHP-Digital-12000-Puffs-Flavor-600x600.jpg 600w, https:\/\/rmvapesale.com\/wp-content\/uploads\/2024\/10\/FIHP-Digital-12000-Puffs-Flavor-100x100.jpg 100w\" sizes=\"auto, (max-width: 808px) 100vw, 808px\" \/><figcaption id=\"caption-attachment-2366\" class=\"wp-caption-text\">FIHP Digital 12000 Puffar Smak<\/figcaption><\/figure>\n<h3><\/h3>\n<h3><strong>Varf\u00f6r v\u00e4lja Rmvapesale f\u00f6r FIHP Digital Box 12000 Puffar Het F\u00f6rs\u00e4ljning Vape<\/strong><strong>?<\/strong><\/h3>\n<div class=\"flex-shrink-0 flex flex-col relative items-end\">\n<div>\n<div class=\"pt-0\">\n<div class=\"gizmo-bot-avatar flex h-8 w-8 items-center justify-center overflow-hidden rounded-full\">\n<div class=\"relative p-1 rounded-sm flex items-center justify-center bg-token-main-surface-primary text-token-text-primary h-8 w-8\">\n<p>&nbsp;<\/p>\n<p>N\u00e4r du v\u00e4ljer Rmvapesale f\u00f6r dina grossistbehov av eng\u00e5ngsvapes, drar du nytta av:<\/p>\n<ul>\n<li><strong>Konkurrenskraftigt pris<\/strong>: F\u00e5 tillg\u00e5ng till attraktiva grossistpriser som \u00f6kar dina aff\u00e4rsmarginaler.<\/li>\n<li><strong>H\u00f6g kvalitet<\/strong>: V\u00e5ra vapes \u00e4r tillverkade enligt de h\u00f6gsta standarderna, och <span style=\"color: #ff0000\"><strong>garanterat 100% original och \u00e4kta, eller 10 g\u00e5nger kompensation kommer att ges f\u00f6r falska varor!<\/strong><\/span><\/li>\n<li><strong>Utm\u00e4rkt kundservice<\/strong>: V\u00e5rt dedikerade team \u00e4r alltid redo att hj\u00e4lpa dig, vilket g\u00f6r din k\u00f6pprocess smidig och problemfri.<\/li>\n<li><strong>Snabb<\/strong>: F\u00f6rv\u00e4nta dig snabb och p\u00e5litlig frakt som s\u00e4kerst\u00e4ller att dina best\u00e4llningar anl\u00e4nder i tid, varje g\u00e5ng.<\/li>\n<\/ul>\n<h3><\/h3>\n<h3><b>VANLIGA FR\u00c5GOR OCH SVAR<\/b><\/h3>\n<p>&nbsp;<\/p>\n<\/div>\n<\/div>\n<\/div>\n<\/div>\n<\/div>\n<div class=\"group\/conversation-turn relative flex w-full min-w-0 flex-col agent-turn\">\n<div class=\"flex-col gap-1 md:gap-3\">\n<div class=\"flex max-w-full flex-col flex-grow\">\n<div class=\"min-h-8 text-message flex w-full flex-col items-end gap-2 whitespace-normal break-words [.text-message+&amp;]:mt-5\" dir=\"auto\" data-message-author-role=\"assistant\" data-message-id=\"f226d3fc-81f3-46d5-8c46-31787fff0357\">\n<div class=\"flex w-full flex-col gap-1 empty:hidden first:pt-[3px]\">\n<div class=\"markdown prose w-full break-words dark:prose-invert light\">\n<p>1. Hur l\u00e4nge varar FIHP 12000 Puffar Eng\u00e5ngsvape?<br \/>\nFIHP 12000 Puffar Eng\u00e5ngsvape ger upp till 12 000 puffar, vilket s\u00e4kerst\u00e4ller en l\u00e5ngvarig vapingupplevelse utan att beh\u00f6va byta ut den ofta.<\/p>\n<p>2. Vilka smaker finns tillg\u00e4ngliga f\u00f6r FIHP 12000 Puffar Vape?<br \/>\nDenna eng\u00e5ngsvape finns i en m\u00e4ngd av 10 l\u00e4ckra smaker, inklusive popul\u00e4ra alternativ som Lush Ice, Grape Ice, Cherry, Blueberry Raspberry och fler. Det finns en smak f\u00f6r allas smak!<\/p>\n<p>3. Vilka nikotinstyrkor finns tillg\u00e4ngliga?<br \/>\nFIHP 12000 Puffar Eng\u00e5ngsvape erbjuder nikotinstyrkor p\u00e5 2% och 5%, f\u00f6r anv\u00e4ndare som f\u00f6redrar m\u00e5ttliga eller starkare nikotinniv\u00e5er.<\/p>\n<p>4. Hur \u00e4r \u00e5ngkvaliteten p\u00e5 FIHP 12000 Puffar Eng\u00e5ngsvape?<br \/>\nUtrustad med en 1,0 ohm mesh-spole f\u00f6rb\u00e4ttrar denna eng\u00e5ngsvape \u00e5ngproduktion och smakleverans, vilket ger en smidig och tillfredsst\u00e4llande vapingupplevelse.<\/p>\n<p>5. Hur laddar jag om FIHP 12000 Puffar Vape?<br \/>\nFIHP 12000 kommer med ett 650mAh uppladdningsbart batteri och en Type-C USB-laddningsport f\u00f6r snabb och bekv\u00e4m uppladdning, vilket s\u00e4kerst\u00e4ller att din vape alltid \u00e4r redo.<\/p>\n<p>6. Hur mycket e-juice rymmer FIHP 12000?<br \/>\nDenna eng\u00e5ngsvape \u00e4r f\u00f6rfylld med gener\u00f6sa 20 ml e-juice, vilket ger l\u00e5ngvarig njutning utan frekventa p\u00e5fyllningar.<\/p>\n<p>7. Har FIHP 12000 Puffar Eng\u00e5ngsvape n\u00e5gra indikatorer?<br \/>\nJa, den har en LED-sk\u00e4rm som visar realtidsdata, inklusive batteriliv och puffantal, s\u00e5 att du enkelt kan \u00f6vervaka din enhets status.<\/p>\n<\/div>\n<\/div>\n<\/div>\n<\/div>\n<\/div>\n<\/div>\n<p>&nbsp;<\/p>\n<h3><\/h3>\n<h3>Om frakt<\/h3>\n<div class=\"flex-shrink-0 flex flex-col relative items-end\">\n<div>\n<div class=\"pt-0\">\n<div class=\"gizmo-bot-avatar flex h-8 w-8 items-center justify-center overflow-hidden rounded-full\">\n<div><\/div>\n<div class=\"relative p-1 rounded-sm flex items-center justify-center bg-token-main-surface-primary text-token-text-primary h-8 w-8\"><strong>1. Vilka fraktmetoder anv\u00e4nds?<\/strong><\/div>\n<\/div>\n<\/div>\n<\/div>\n<\/div>\n<div class=\"group\/conversation-turn relative flex w-full min-w-0 flex-col agent-turn\">\n<div class=\"flex-col gap-1 md:gap-3\">\n<div class=\"flex max-w-full flex-col flex-grow\">\n<div class=\"min-h-[20px] text-message flex w-full flex-col items-end gap-2 whitespace-normal break-words [.text-message+&amp;]:mt-5 overflow-x-auto\" dir=\"auto\" data-message-author-role=\"assistant\" data-message-id=\"22f8283b-3233-46ff-89a5-c7a41b33abda\">\n<div class=\"flex w-full flex-col gap-1 empty:hidden first:pt-[3px]\">\n<div class=\"markdown prose w-full break-words dark:prose-invert light\">\n<p>Vi samarbetar med UPS, DHL, FedEx, DPD och andra ledande transport\u00f6rer. Vi v\u00e4ljer det b\u00e4sta frakts\u00e4ttet baserat p\u00e5 din leveransadress f\u00f6r att s\u00e4kerst\u00e4lla att du f\u00e5r dina produkter s\u00e5 snabbt som m\u00f6jligt.<\/p>\n<\/div>\n<p><strong>2. Hur l\u00e5ng tid tar det att komma fram?<\/strong><\/p>\n<p>Paket som skickas till Sverige anl\u00e4nder vanligtvis inom 10 arbetsdagar. Leveranser till europeiska l\u00e4nder tar generellt cirka 12-15 arbetsdagar. Vi kommer att ge uppdateringar i realtid om din leveransstatus.<\/p>\n<\/div>\n<\/div>\n<\/div>\n<\/div>\n<\/div>\n<p>&nbsp;<\/p>\n<p>Andra popul\u00e4ra vapes du kanske gillar:<\/p>\n<p><a href=\"https:\/\/rmvapesale.com\/sv\/product\/bang-beach-20000-puffs-vape-smart-screen-disposable-e-cig\/\"><strong>bang beach 20000 Puff\u00a0 \u00a0<span style=\"color: #ff0000\">&gt;&gt;&gt;&gt; k\u00f6r!<\/span><\/strong><\/a><\/p>\n<p><strong><a href=\"https:\/\/rmvapesale.com\/sv\/product\/uwin-crystal-10000-puff-disposable-vape-wholesale-price\/\">UWIN Crystal 10000 Puffs <span style=\"color: #ff0000\">&gt;&gt;&gt;&gt; k\u00f6r!<\/span><\/a>\u00a0<\/strong><\/p>\n<p><a href=\"https:\/\/rmvapesale.com\/sv\/product\/uzy-crystal-pro-max-10k-puffs-disposable-vape-pen-wholesale\/\"><strong>UZY Crystal Pro Max 10000 Puffar <span style=\"color: #ff0000\">&gt;&gt;&gt;&gt; k\u00f6r!<\/span><\/strong><\/a><\/p>\n<p>&nbsp;<\/p>\n<p>&nbsp;<\/p>\n<p>Hitta fler vape-produkter du kanske gillar:<strong><em><a href=\"https:\/\/rmvapesale.com\/sv\/shop-2\/\">handla nu &gt;&gt;&gt;<\/a><\/em><\/strong><\/p>","protected":false},"excerpt":{"rendered":"<p>Original FIHP Digital Box 12K Puffar Eng\u00e5ngsvape<br \/>\nDigital Box 12000 Puffar FIHP Eng\u00e5ngsvape 2% 5%<br \/>\nFIHP Digital 12000 Puffar Fumot Grossistpris L\u00e5g Nikotin<\/p>\n<p><img loading=\"lazy\" decoding=\"async\" class=\"size-full wp-image-1978\" src=\"https:\/\/rmvapesale.com\/wp-content\/uploads\/2024\/09\/Disposable-Vape-Wholesale.jpg\" alt=\"Eng\u00e5ngsvape Partihandel\" width=\"229\" height=\"300\" \/><\/p>\n<h3><a href=\"https:\/\/wa.me\/8617776015835\"><span style=\"color: #ff0000\"><strong>WhatsApp: +86 17776015835<\/strong><\/span><\/a><\/h3>\n<p>&nbsp;<\/p>","protected":false},"featured_media":2369,"comment_status":"open","ping_status":"closed","template":"","meta":{"_uag_custom_page_level_css":"","_lmt_disableupdate":"","_lmt_disable":"","site-sidebar-layout":"default","site-content-layout":"content-boxed-container","ast-site-content-layout":"normal-width-container","site-content-style":"boxed","site-sidebar-style":"unboxed","ast-global-header-display":"","ast-banner-title-visibility":"","ast-main-header-display":"","ast-hfb-above-header-display":"","ast-hfb-below-header-display":"","ast-hfb-mobile-header-display":"","site-post-title":"","ast-breadcrumbs-content":"","ast-featured-img":"","footer-sml-layout":"","theme-transparent-header-meta":"default","adv-header-id-meta":"","stick-header-meta":"","header-above-stick-meta":"","header-main-stick-meta":"","header-below-stick-meta":"","astra-migrate-meta-layouts":"set","ast-page-background-enabled":"default","ast-page-background-meta":{"desktop":{"background-color":"var(--ast-global-color-4)","background-image":"","background-repeat":"repeat","background-position":"center center","background-size":"auto","background-attachment":"scroll","background-type":"","background-media":"","overlay-type":"","overlay-color":"","overlay-opacity":"","overlay-gradient":""},"tablet":{"background-color":"","background-image":"","background-repeat":"repeat","background-position":"center center","background-size":"auto","background-attachment":"scroll","background-type":"","background-media":"","overlay-type":"","overlay-color":"","overlay-opacity":"","overlay-gradient":""},"mobile":{"background-color":"","background-image":"","background-repeat":"repeat","background-position":"center center","background-size":"auto","background-attachment":"scroll","background-type":"","background-media":"","overlay-type":"","overlay-color":"","overlay-opacity":"","overlay-gradient":""}},"ast-content-background-meta":{"desktop":{"background-color":"var(--ast-global-color-5)","background-image":"","background-repeat":"repeat","background-position":"center center","background-size":"auto","background-attachment":"scroll","background-type":"","background-media":"","overlay-type":"","overlay-color":"","overlay-opacity":"","overlay-gradient":""},"tablet":{"background-color":"var(--ast-global-color-5)","background-image":"","background-repeat":"repeat","background-position":"center center","background-size":"auto","background-attachment":"scroll","background-type":"","background-media":"","overlay-type":"","overlay-color":"","overlay-opacity":"","overlay-gradient":""},"mobile":{"background-color":"var(--ast-global-color-5)","background-image":"","background-repeat":"repeat","background-position":"center center","background-size":"auto","background-attachment":"scroll","background-type":"","background-media":"","overlay-type":"","overlay-color":"","overlay-opacity":"","overlay-gradient":""}},"_joinchat":[]},"product_brand":[],"product_cat":[15,25,123,26,28,135,27,60,138,137,136,30],"product_tag":[66,139,126,40,111,105,120],"class_list":{"0":"post-2372","1":"product","2":"type-product","3":"status-publish","4":"has-post-thumbnail","6":"product_cat-new-vape-this-week","7":"product_cat-germany-best-selling-vape","8":"product_cat-italy-wholesale-vape","9":"product_cat-netherlands-hot-sale-vape","10":"product_cat-poland-hot-sale-vape","11":"product_cat-spain-best-hot-sale-vape","12":"product_cat-fance-hot-sale-vape","13":"product_cat-bang-vapes","14":"product_cat-fihp-disposable-vapes","15":"product_cat-rechargeable-vapes","16":"product_cat-smart-screen-vapes","17":"product_cat-minimum-order-quantity-50pcs","18":"product_tag-disposable-vape","19":"product_tag-disposable-vape-pen","20":"product_tag-e-cigarettes","21":"product_tag-hot-sale-vape","22":"product_tag-low-nicotine-disposable-vape","23":"product_tag-nicotine-free-disposable-vape","24":"product_tag-vape-wholesale","25":"desktop-align-left","26":"tablet-align-left","27":"mobile-align-left","29":"first","30":"instock","31":"sale","32":"shipping-taxable","33":"purchasable","34":"product-type-simple"},"uagb_featured_image_src":{"full":["https:\/\/rmvapesale.com\/wp-content\/uploads\/2024\/10\/FIHP-Digital-12000-Puffs-Wholesale-Price.jpg",808,808,false],"thumbnail":["https:\/\/rmvapesale.com\/wp-content\/uploads\/2024\/10\/FIHP-Digital-12000-Puffs-Wholesale-Price-150x150.jpg",150,150,true],"medium":["https:\/\/rmvapesale.com\/wp-content\/uploads\/2024\/10\/FIHP-Digital-12000-Puffs-Wholesale-Price-300x300.jpg",300,300,true],"medium_large":["https:\/\/rmvapesale.com\/wp-content\/uploads\/2024\/10\/FIHP-Digital-12000-Puffs-Wholesale-Price-768x768.jpg",768,768,true],"large":["https:\/\/rmvapesale.com\/wp-content\/uploads\/2024\/10\/FIHP-Digital-12000-Puffs-Wholesale-Price.jpg",808,808,false],"1536x1536":["https:\/\/rmvapesale.com\/wp-content\/uploads\/2024\/10\/FIHP-Digital-12000-Puffs-Wholesale-Price.jpg",808,808,false],"2048x2048":["https:\/\/rmvapesale.com\/wp-content\/uploads\/2024\/10\/FIHP-Digital-12000-Puffs-Wholesale-Price.jpg",808,808,false],"trp-custom-language-flag":["https:\/\/rmvapesale.com\/wp-content\/uploads\/2024\/10\/FIHP-Digital-12000-Puffs-Wholesale-Price.jpg",12,12,false],"woocommerce_thumbnail":["https:\/\/rmvapesale.com\/wp-content\/uploads\/2024\/10\/FIHP-Digital-12000-Puffs-Wholesale-Price-300x300.jpg",300,300,true],"woocommerce_single":["https:\/\/rmvapesale.com\/wp-content\/uploads\/2024\/10\/FIHP-Digital-12000-Puffs-Wholesale-Price-600x600.jpg",600,600,true],"woocommerce_gallery_thumbnail":["https:\/\/rmvapesale.com\/wp-content\/uploads\/2024\/10\/FIHP-Digital-12000-Puffs-Wholesale-Price-100x100.jpg",100,100,true],"wcpr-photo-reviews":["https:\/\/rmvapesale.com\/wp-content\/uploads\/2024\/10\/FIHP-Digital-12000-Puffs-Wholesale-Price.jpg",500,500,false]},"uagb_author_info":{"display_name":"AMY","author_link":"https:\/\/rmvapesale.com\/sv\/author\/"},"uagb_comment_info":0,"uagb_excerpt":"Original FIHP Digital Box 12K Puffs Disposable vape Digital Box 12000 Puffs FIHP Disposable Vape 2% 5% FIHP Digital 12000 Puffs Fumot Wholesale Price Low Nicotine WhatsApp: +86 17776015835 &nbsp;","_links":{"self":[{"href":"https:\/\/rmvapesale.com\/sv\/wp-json\/wp\/v2\/product\/2372","targetHints":{"allow":["GET"]}}],"collection":[{"href":"https:\/\/rmvapesale.com\/sv\/wp-json\/wp\/v2\/product"}],"about":[{"href":"https:\/\/rmvapesale.com\/sv\/wp-json\/wp\/v2\/types\/product"}],"replies":[{"embeddable":true,"href":"https:\/\/rmvapesale.com\/sv\/wp-json\/wp\/v2\/comments?post=2372"}],"wp:featuredmedia":[{"embeddable":true,"href":"https:\/\/rmvapesale.com\/sv\/wp-json\/wp\/v2\/media\/2369"}],"wp:attachment":[{"href":"https:\/\/rmvapesale.com\/sv\/wp-json\/wp\/v2\/media?parent=2372"}],"wp:term":[{"taxonomy":"product_brand","embeddable":true,"href":"https:\/\/rmvapesale.com\/sv\/wp-json\/wp\/v2\/product_brand?post=2372"},{"taxonomy":"product_cat","embeddable":true,"href":"https:\/\/rmvapesale.com\/sv\/wp-json\/wp\/v2\/product_cat?post=2372"},{"taxonomy":"product_tag","embeddable":true,"href":"https:\/\/rmvapesale.com\/sv\/wp-json\/wp\/v2\/product_tag?post=2372"}],"curies":[{"name":"wp","href":"https:\/\/api.w.org\/{rel}","templated":true}]}}