{"id":2391,"date":"2024-10-14T03:59:04","date_gmt":"2024-10-14T03:59:04","guid":{"rendered":"https:\/\/rmvapesale.com\/?post_type=product&#038;p=2391"},"modified":"2024-10-14T07:28:47","modified_gmt":"2024-10-14T07:28:47","slug":"bang-vape-30000-pro-disposables-wholesale","status":"publish","type":"product","link":"https:\/\/rmvapesale.com\/sv\/product\/bang-vape-30000-pro-disposables-wholesale\/","title":{"rendered":"Bang Vape 30000 Pro Eng\u00e5ngs Grossist"},"content":{"rendered":"<div class=\"B2VR9 CJHX3e\">\n<div class=\"wyccme\">\n<h1 class=\"LC20lb MBeuO DKV0Md\">Bang Vape Bangking 30000 Pro Eng\u00e5ngsartiklar Grossist<\/h1>\n<div class=\"flex-shrink-0 flex flex-col relative items-end\">\n<div class=\"pt-0\">\n<div class=\"gizmo-bot-avatar flex h-8 w-8 items-center justify-center overflow-hidden rounded-full\">\n<div class=\"relative p-1 rounded-sm flex items-center justify-center bg-token-main-surface-primary text-token-text-primary h-8 w-8\">\n<p>Bang Vape Bangking 30000 Pro Eng\u00e5ngs Vape \u00e4r designad f\u00f6r att leverera en o\u00f6vertr\u00e4ffad vapingupplevelse och erbjuder imponerande funktioner som passar b\u00e5de tillf\u00e4lliga och erfarna vejpare. Med 30 000 bloss, ett kraftfullt 850mAh uppladdningsbart batteri och anpassningsbara nikotinniv\u00e5er \u00e4r Bangking 30000 Pro en framst\u00e5ende produkt i v\u00e4rlden av eng\u00e5ngs vapes.<\/p>\n<p>Bang king 30000 Puffar drivs av ett robust 850mAh batteri, vilket s\u00e4kerst\u00e4ller l\u00e5ngvarig anv\u00e4ndning under hela dagen. Dess Type-C laddningsport ger snabb och effektiv laddning, s\u00e5 du beh\u00f6ver aldrig oroa dig f\u00f6r att f\u00e5 slut p\u00e5 str\u00f6m. En av de mest innovativa funktionerna i Bang king 30000 Pro \u00e4r dess fullst\u00e4ndiga smarta sk\u00e4rm. Sk\u00e4rmen visar b\u00e5de olje- och batteriniv\u00e5erna, vilket ger anv\u00e4ndarna realtidsinsikter i enhetens status.<\/p>\n<p>Med alternativ f\u00f6r 0%, 2%, 3% och 5% nikotin, tillgodoser Bang Vape 30000 Pro Disposable alla typer av vejpare, oavsett om du letar efter en nikotinfri upplevelse eller en starkare tr\u00e4ff. Denna flexibilitet g\u00f6r den till en toppkandidat f\u00f6r alla som s\u00f6ker den perfekta vapen som \u00e4r skr\u00e4ddarsydd efter deras behov.<\/p>\n<\/div>\n<\/div>\n<\/div>\n<\/div>\n<\/div>\n<\/div>\n<p><strong>Kontakta Amy f\u00f6r att f\u00e5 r\u00e4tt svar och fler produktvideor!<\/strong><\/p>\n<p><img loading=\"lazy\" decoding=\"async\" class=\"size-full wp-image-1978\" src=\"https:\/\/rmvapesale.com\/wp-content\/uploads\/2024\/09\/Disposable-Vape-Wholesale.jpg\" alt=\"Eng\u00e5ngsvape Partihandel\" width=\"229\" height=\"300\" \/><\/p>\n<h3><a href=\"https:\/\/wa.me\/8617776015835\" target=\"_blank\" rel=\"noopener\"><span style=\"color: #ff0000\"><strong>WhatsApp: +86 17776015835<\/strong><\/span><\/a><\/h3>\n<p>&nbsp;<\/p>\n<h2><\/h2>\n<h2><strong>Bangking 30000 Pro Vape Nyckelfunktioner<\/strong><\/h2>\n<p>&nbsp;<\/p>\n<ul>\n<li><strong>30 000 Puffar<\/strong>: En av de h\u00f6gsta puffantal som finns p\u00e5 marknaden, vilket s\u00e4kerst\u00e4ller ut\u00f6kad anv\u00e4ndning och tillfredsst\u00e4llelse.<\/li>\n<li><strong>Smart Sk\u00e4rm<\/strong>: \u00d6vervaka dina olje- och batteriniv\u00e5er i realtid f\u00f6r en s\u00f6ml\u00f6s vapingupplevelse.<\/li>\n<li><strong>Uppladdningsbart batteri<\/strong>: Den <strong>850mAh batteri<\/strong> med <strong>Type-C laddning<\/strong> garanterar att du kan forts\u00e4tta vejpa l\u00e4ngre med snabba uppladdningar.<\/li>\n<li><strong>Anpassningsbar Nikotin<\/strong>: Med en m\u00e4ngd olika nikotinstyrkor, inklusive nikotinfritt, kan du anpassa din vaping efter eget tycke.<\/li>\n<li><strong>Uts\u00f6kta smaker<\/strong>: Med 12 smaker att v\u00e4lja mellan kommer du aldrig att tr\u00f6ttna p\u00e5 att vejpa med <strong>Bang 30000 Pro<\/strong>.<\/li>\n<\/ul>\n<h2><\/h2>\n<h2><strong>Toppsmak f\u00f6r Bang Vape Bangking 30000 Vape Box<\/strong><\/h2>\n<p>Bangking Vape 30000 Vape Box finns i 12 lockande smaker och erbjuder n\u00e5got f\u00f6r alla. Oavsett om du f\u00f6redrar fruktiga, isiga eller mer exotiska blandningar, hittar du en smak som passar din smak. Det breda urvalet av Bang king Vape-smaker s\u00e4kerst\u00e4ller att varje bloss \u00e4r fylld med tillfredsst\u00e4llelse och variation.<\/p>\n<p>1. Bl\u00e5b\u00e4r Hallon<span style=\"color: #ff0000\"><strong>&gt;&gt;&gt;&gt; Het!<\/strong><\/span><br \/>\n2. Jordgubb Vattenmelon<br \/>\n3. Bl\u00e5b\u00e4rs Is<br \/>\n4. Frisk Mint<span style=\"color: #ff0000\"><strong>&gt;&gt;&gt;&gt; Het!<\/strong><\/span><br \/>\n5. Jordgubbsdruva<br \/>\n6. Bl\u00e5b\u00e4r Tranb\u00e4r K\u00f6rsb\u00e4r<br \/>\n7. Vattenmelon<br \/>\n8. Jordgubbskiwi<br \/>\n9. Mintig Bl\u00e5 Hallon<br \/>\n10. Trippelb\u00e4r <span style=\"color: #ff0000\"><strong>&gt;&gt;&gt;&gt; B\u00e4st!<\/strong><\/span><br \/>\n11. Vattenmelon K\u00f6rsb\u00e4r<br \/>\n12. Hallon M\u00f6rk Sparkle<\/p>\n<figure id=\"attachment_2387\" aria-describedby=\"caption-attachment-2387\" style=\"width: 800px\" class=\"wp-caption alignnone\"><img loading=\"lazy\" decoding=\"async\" class=\"wp-image-2387 size-full\" src=\"https:\/\/rmvapesale.com\/wp-content\/uploads\/2024\/10\/Bang-Vape-Box-BangKing-30000-Pro.jpg\" alt=\"Bang Vape Box BangKing 30000 Pro\" width=\"800\" height=\"800\" srcset=\"https:\/\/rmvapesale.com\/wp-content\/uploads\/2024\/10\/Bang-Vape-Box-BangKing-30000-Pro.jpg 800w, https:\/\/rmvapesale.com\/wp-content\/uploads\/2024\/10\/Bang-Vape-Box-BangKing-30000-Pro-300x300.jpg 300w, https:\/\/rmvapesale.com\/wp-content\/uploads\/2024\/10\/Bang-Vape-Box-BangKing-30000-Pro-150x150.jpg 150w, https:\/\/rmvapesale.com\/wp-content\/uploads\/2024\/10\/Bang-Vape-Box-BangKing-30000-Pro-768x768.jpg 768w, https:\/\/rmvapesale.com\/wp-content\/uploads\/2024\/10\/Bang-Vape-Box-BangKing-30000-Pro-600x600.jpg 600w, https:\/\/rmvapesale.com\/wp-content\/uploads\/2024\/10\/Bang-Vape-Box-BangKing-30000-Pro-100x100.jpg 100w\" sizes=\"auto, (max-width: 800px) 100vw, 800px\" \/><figcaption id=\"caption-attachment-2387\" class=\"wp-caption-text\">Bang Vape Box BangKing 30000 Pro<\/figcaption><\/figure>\n<h3><\/h3>\n<h3><strong>Varf\u00f6r v\u00e4lja Rmvapesale f\u00f6r Bang Vape king 30k Pro Uppladdningsbar Vape<\/strong><strong>?<\/strong><\/h3>\n<div class=\"flex-shrink-0 flex flex-col relative items-end\">\n<div class=\"pt-0\">\n<div class=\"gizmo-bot-avatar flex h-8 w-8 items-center justify-center overflow-hidden rounded-full\">\n<div class=\"relative p-1 rounded-sm flex items-center justify-center bg-token-main-surface-primary text-token-text-primary h-8 w-8\">\n<p>&nbsp;<\/p>\n<p>N\u00e4r du v\u00e4ljer Rmvapesale f\u00f6r dina grossistbehov av eng\u00e5ngsvapes, drar du nytta av:<\/p>\n<ul>\n<li><strong>Konkurrenskraftigt pris<\/strong>: F\u00e5 tillg\u00e5ng till attraktiva grossistpriser som \u00f6kar dina aff\u00e4rsmarginaler.<\/li>\n<li><strong>H\u00f6g kvalitet<\/strong>: V\u00e5ra vapes \u00e4r tillverkade enligt de h\u00f6gsta standarderna, och <span style=\"color: #ff0000\"><strong>garanterat 100% original och \u00e4kta, eller 10 g\u00e5nger kompensation kommer att ges f\u00f6r falska varor!<\/strong><\/span><\/li>\n<li><strong>Utm\u00e4rkt kundservice<\/strong>: V\u00e5rt dedikerade team \u00e4r alltid redo att hj\u00e4lpa dig, vilket g\u00f6r din k\u00f6pprocess smidig och problemfri.<\/li>\n<li><strong>Snabb<\/strong>: F\u00f6rv\u00e4nta dig snabb och p\u00e5litlig frakt som s\u00e4kerst\u00e4ller att dina best\u00e4llningar anl\u00e4nder i tid, varje g\u00e5ng.<\/li>\n<\/ul>\n<h3><\/h3>\n<h3><b>VANLIGA FR\u00c5GOR OCH SVAR<\/b><\/h3>\n<p>1. Hur m\u00e5nga bloss kan jag f\u00e5 fr\u00e5n Bang Vape Bang king 30k Pro?<br \/>\nBang king Vape 30000 Puffs erbjuder imponerande 30 000 bloss, vilket ger en ut\u00f6kad och tillfredsst\u00e4llande vapingupplevelse utan behov av frekventa byten.<\/p>\n<p>2. \u00c4r Bangking 30000 Pro uppladdningsbar?<br \/>\nJa, Bangking Vape 30000 Puffs har ett kraftfullt 850mAh uppladdningsbart batteri med Type-C-laddning, vilket s\u00e4kerst\u00e4ller snabba och effektiva uppladdningar f\u00f6r l\u00e5ngvarig anv\u00e4ndning.<\/p>\n<p>3. Vilka smaker finns tillg\u00e4ngliga f\u00f6r Bang Vape 30000 Pro?<br \/>\nDet finns 12 unika smaker att v\u00e4lja mellan i Bang Vape-smaksortimentet, vilket erbjuder en m\u00e4ngd olika alternativ f\u00f6r att tillfredsst\u00e4lla dina smakpreferenser, fr\u00e5n fruktiga till isiga blandningar.<\/p>\n<p>4. Kan jag anpassa nikotinniv\u00e5n i Bang king 30000 Pro?<br \/>\nAbsolut! Bang king 30000 Pro kommer med anpassningsbara nikotinstyrkor p\u00e5 0%, 2%, 3% och 5%, vilket g\u00f6r den l\u00e4mplig f\u00f6r anv\u00e4ndare med varierande nikotinpreferenser.<\/p>\n<p>5. Var kan jag k\u00f6pa Bang vape 30000 Pro i bulk?<br \/>\nDu kan k\u00f6pa Bang vape 30000 Pro i bulk eller grossist hos Rmvapesale eller andra betrodda b\u00e4sta online vape-butiker, vilket s\u00e4kerst\u00e4ller att du f\u00e5r det b\u00e4sta erbjudandet p\u00e5 denna heta vape-artikel.<\/p>\n<\/div>\n<\/div>\n<\/div>\n<\/div>\n<div class=\"group\/conversation-turn relative flex w-full min-w-0 flex-col agent-turn\">\n<div class=\"flex-col gap-1 md:gap-3\">\n<div class=\"flex max-w-full flex-col flex-grow\">\n<div class=\"min-h-8 text-message flex w-full flex-col items-end gap-2 whitespace-normal break-words [.text-message+&amp;]:mt-5\" dir=\"auto\" data-message-author-role=\"assistant\" data-message-id=\"f226d3fc-81f3-46d5-8c46-31787fff0357\">\n<div class=\"flex w-full flex-col gap-1 empty:hidden first:pt-[3px]\">\n<div class=\"markdown prose w-full break-words dark:prose-invert light\">\n<p>&nbsp;<\/p>\n<\/div>\n<\/div>\n<\/div>\n<\/div>\n<\/div>\n<\/div>\n<h3>Om frakt<\/h3>\n<div class=\"flex-shrink-0 flex flex-col relative items-end\">\n<div>\n<div class=\"pt-0\">\n<div class=\"gizmo-bot-avatar flex h-8 w-8 items-center justify-center overflow-hidden rounded-full\">\n<div><\/div>\n<div class=\"relative p-1 rounded-sm flex items-center justify-center bg-token-main-surface-primary text-token-text-primary h-8 w-8\"><strong>1. Vilka fraktmetoder anv\u00e4nds?<\/strong><\/div>\n<\/div>\n<\/div>\n<\/div>\n<\/div>\n<div class=\"group\/conversation-turn relative flex w-full min-w-0 flex-col agent-turn\">\n<div class=\"flex-col gap-1 md:gap-3\">\n<div class=\"flex max-w-full flex-col flex-grow\">\n<div class=\"min-h-[20px] text-message flex w-full flex-col items-end gap-2 whitespace-normal break-words [.text-message+&amp;]:mt-5 overflow-x-auto\" dir=\"auto\" data-message-author-role=\"assistant\" data-message-id=\"22f8283b-3233-46ff-89a5-c7a41b33abda\">\n<div class=\"flex w-full flex-col gap-1 empty:hidden first:pt-[3px]\">\n<div class=\"markdown prose w-full break-words dark:prose-invert light\">\n<p>Vi samarbetar med UPS, DHL, FedEx, DPD och andra ledande transport\u00f6rer. Vi v\u00e4ljer det b\u00e4sta frakts\u00e4ttet baserat p\u00e5 din leveransadress f\u00f6r att s\u00e4kerst\u00e4lla att du f\u00e5r dina produkter s\u00e5 snabbt som m\u00f6jligt.<\/p>\n<\/div>\n<p><strong>2. Hur l\u00e5ng tid tar det att komma fram?<\/strong><\/p>\n<p>Paket som skickas till Sverige anl\u00e4nder vanligtvis inom 10 arbetsdagar. Leveranser till europeiska l\u00e4nder tar generellt cirka 12-15 arbetsdagar. Vi kommer att ge uppdateringar i realtid om din leveransstatus.<\/p>\n<\/div>\n<\/div>\n<\/div>\n<\/div>\n<\/div>\n<p>&nbsp;<\/p>\n<p>Andra popul\u00e4ra vapes du kanske gillar:<\/p>\n<p><a href=\"https:\/\/rmvapesale.com\/sv\/product\/mrvi-puffing-15000-puff-disposable-vape-box\/\"><strong>MRVI PUFFING 15000 Puff\u00a0 \u00a0<span style=\"color: #ff0000\">&gt;&gt;&gt;&gt; k\u00f6r!<\/span><\/strong><\/a><\/p>\n<p><strong><a href=\"https:\/\/rmvapesale.com\/sv\/product\/bang-box-18000-puffs-led-display-disposable-vape-original\/\">BANG Vape 18000 Puffar <span style=\"color: #ff0000\">&gt;&gt;&gt;&gt; k\u00f6r!<\/span><\/a>\u00a0<\/strong><\/p>\n<p><a href=\"https:\/\/rmvapesale.com\/sv\/product\/fihp-shisha-hookah-12000-puffs-monster-low-nicotine-vape-pen\/\"><strong>FIHP Shisha Hookah 12000 Puffar <span style=\"color: #ff0000\">&gt;&gt;&gt;&gt; k\u00f6r!<\/span><\/strong><\/a><\/p>\n<p>&nbsp;<\/p>\n<p>&nbsp;<\/p>\n<p>Hitta fler vape-produkter du kanske gillar:<strong><em><a href=\"https:\/\/rmvapesale.com\/sv\/shop-2\/\">handla nu &gt;&gt;&gt;<\/a><\/em><\/strong><\/p>","protected":false},"excerpt":{"rendered":"<p>Bang King Vape 30k Pro Bulk K\u00f6p Grossistpris<br \/>\nVape Bang King 30000 Pro Puffar Smaker<br \/>\nBang King 30000 Puffar Uppladdningsbar Eng\u00e5ngs Vape Box<\/p>\n<p><img loading=\"lazy\" decoding=\"async\" class=\"size-full wp-image-1978\" src=\"https:\/\/rmvapesale.com\/wp-content\/uploads\/2024\/09\/Disposable-Vape-Wholesale.jpg\" alt=\"Eng\u00e5ngsvape Partihandel\" width=\"229\" height=\"300\" \/><\/p>\n<h3><a href=\"https:\/\/wa.me\/8617776015835\"><span style=\"color: #ff0000\"><strong>WhatsApp: +86 17776015835<\/strong><\/span><\/a><\/h3>\n<p>&nbsp;<\/p>","protected":false},"featured_media":2390,"comment_status":"open","ping_status":"closed","template":"","meta":{"_uag_custom_page_level_css":"","_lmt_disableupdate":"","_lmt_disable":"","site-sidebar-layout":"default","site-content-layout":"content-boxed-container","ast-site-content-layout":"normal-width-container","site-content-style":"boxed","site-sidebar-style":"unboxed","ast-global-header-display":"","ast-banner-title-visibility":"","ast-main-header-display":"","ast-hfb-above-header-display":"","ast-hfb-below-header-display":"","ast-hfb-mobile-header-display":"","site-post-title":"","ast-breadcrumbs-content":"","ast-featured-img":"","footer-sml-layout":"","theme-transparent-header-meta":"default","adv-header-id-meta":"","stick-header-meta":"","header-above-stick-meta":"","header-main-stick-meta":"","header-below-stick-meta":"","astra-migrate-meta-layouts":"set","ast-page-background-enabled":"default","ast-page-background-meta":{"desktop":{"background-color":"var(--ast-global-color-4)","background-image":"","background-repeat":"repeat","background-position":"center center","background-size":"auto","background-attachment":"scroll","background-type":"","background-media":"","overlay-type":"","overlay-color":"","overlay-opacity":"","overlay-gradient":""},"tablet":{"background-color":"","background-image":"","background-repeat":"repeat","background-position":"center center","background-size":"auto","background-attachment":"scroll","background-type":"","background-media":"","overlay-type":"","overlay-color":"","overlay-opacity":"","overlay-gradient":""},"mobile":{"background-color":"","background-image":"","background-repeat":"repeat","background-position":"center center","background-size":"auto","background-attachment":"scroll","background-type":"","background-media":"","overlay-type":"","overlay-color":"","overlay-opacity":"","overlay-gradient":""}},"ast-content-background-meta":{"desktop":{"background-color":"var(--ast-global-color-5)","background-image":"","background-repeat":"repeat","background-position":"center center","background-size":"auto","background-attachment":"scroll","background-type":"","background-media":"","overlay-type":"","overlay-color":"","overlay-opacity":"","overlay-gradient":""},"tablet":{"background-color":"var(--ast-global-color-5)","background-image":"","background-repeat":"repeat","background-position":"center center","background-size":"auto","background-attachment":"scroll","background-type":"","background-media":"","overlay-type":"","overlay-color":"","overlay-opacity":"","overlay-gradient":""},"mobile":{"background-color":"var(--ast-global-color-5)","background-image":"","background-repeat":"repeat","background-position":"center center","background-size":"auto","background-attachment":"scroll","background-type":"","background-media":"","overlay-type":"","overlay-color":"","overlay-opacity":"","overlay-gradient":""}},"_joinchat":[]},"product_brand":[],"product_cat":[15,25,123,26,28,135,27,60,137,136,30],"product_tag":[148,146,126,111,132,149,120],"class_list":{"0":"post-2391","1":"product","2":"type-product","3":"status-publish","4":"has-post-thumbnail","6":"product_cat-new-vape-this-week","7":"product_cat-germany-best-selling-vape","8":"product_cat-italy-wholesale-vape","9":"product_cat-netherlands-hot-sale-vape","10":"product_cat-poland-hot-sale-vape","11":"product_cat-spain-best-hot-sale-vape","12":"product_cat-fance-hot-sale-vape","13":"product_cat-bang-vapes","14":"product_cat-rechargeable-vapes","15":"product_cat-smart-screen-vapes","16":"product_cat-minimum-order-quantity-50pcs","17":"product_tag-bang-disposable-vape","18":"product_tag-best-hot-sale-vape","19":"product_tag-e-cigarettes","20":"product_tag-low-nicotine-disposable-vape","21":"product_tag-rechargeable-vape","22":"product_tag-vape-30000-puffs","23":"product_tag-vape-wholesale","24":"desktop-align-left","25":"tablet-align-left","26":"mobile-align-left","28":"first","29":"instock","30":"sale","31":"shipping-taxable","32":"purchasable","33":"product-type-simple"},"uagb_featured_image_src":{"full":["https:\/\/rmvapesale.com\/wp-content\/uploads\/2024\/10\/BangKing-30000-Pro-Disposable-Vape-Box.jpg",800,800,false],"thumbnail":["https:\/\/rmvapesale.com\/wp-content\/uploads\/2024\/10\/BangKing-30000-Pro-Disposable-Vape-Box-150x150.jpg",150,150,true],"medium":["https:\/\/rmvapesale.com\/wp-content\/uploads\/2024\/10\/BangKing-30000-Pro-Disposable-Vape-Box-300x300.jpg",300,300,true],"medium_large":["https:\/\/rmvapesale.com\/wp-content\/uploads\/2024\/10\/BangKing-30000-Pro-Disposable-Vape-Box-768x768.jpg",768,768,true],"large":["https:\/\/rmvapesale.com\/wp-content\/uploads\/2024\/10\/BangKing-30000-Pro-Disposable-Vape-Box.jpg",800,800,false],"1536x1536":["https:\/\/rmvapesale.com\/wp-content\/uploads\/2024\/10\/BangKing-30000-Pro-Disposable-Vape-Box.jpg",800,800,false],"2048x2048":["https:\/\/rmvapesale.com\/wp-content\/uploads\/2024\/10\/BangKing-30000-Pro-Disposable-Vape-Box.jpg",800,800,false],"trp-custom-language-flag":["https:\/\/rmvapesale.com\/wp-content\/uploads\/2024\/10\/BangKing-30000-Pro-Disposable-Vape-Box.jpg",12,12,false],"woocommerce_thumbnail":["https:\/\/rmvapesale.com\/wp-content\/uploads\/2024\/10\/BangKing-30000-Pro-Disposable-Vape-Box-300x300.jpg",300,300,true],"woocommerce_single":["https:\/\/rmvapesale.com\/wp-content\/uploads\/2024\/10\/BangKing-30000-Pro-Disposable-Vape-Box-600x600.jpg",600,600,true],"woocommerce_gallery_thumbnail":["https:\/\/rmvapesale.com\/wp-content\/uploads\/2024\/10\/BangKing-30000-Pro-Disposable-Vape-Box-100x100.jpg",100,100,true],"wcpr-photo-reviews":["https:\/\/rmvapesale.com\/wp-content\/uploads\/2024\/10\/BangKing-30000-Pro-Disposable-Vape-Box.jpg",500,500,false]},"uagb_author_info":{"display_name":"AMY","author_link":"https:\/\/rmvapesale.com\/sv\/author\/"},"uagb_comment_info":0,"uagb_excerpt":"Bang King Vape 30k Pro Bulk Buy Wholesale price Vape Bang King 30000 Pro Puffs Flavors Bang King 30000 Puffs Rechargeable Disposable Vape Box WhatsApp: +86 17776015835 &nbsp;","_links":{"self":[{"href":"https:\/\/rmvapesale.com\/sv\/wp-json\/wp\/v2\/product\/2391","targetHints":{"allow":["GET"]}}],"collection":[{"href":"https:\/\/rmvapesale.com\/sv\/wp-json\/wp\/v2\/product"}],"about":[{"href":"https:\/\/rmvapesale.com\/sv\/wp-json\/wp\/v2\/types\/product"}],"replies":[{"embeddable":true,"href":"https:\/\/rmvapesale.com\/sv\/wp-json\/wp\/v2\/comments?post=2391"}],"wp:featuredmedia":[{"embeddable":true,"href":"https:\/\/rmvapesale.com\/sv\/wp-json\/wp\/v2\/media\/2390"}],"wp:attachment":[{"href":"https:\/\/rmvapesale.com\/sv\/wp-json\/wp\/v2\/media?parent=2391"}],"wp:term":[{"taxonomy":"product_brand","embeddable":true,"href":"https:\/\/rmvapesale.com\/sv\/wp-json\/wp\/v2\/product_brand?post=2391"},{"taxonomy":"product_cat","embeddable":true,"href":"https:\/\/rmvapesale.com\/sv\/wp-json\/wp\/v2\/product_cat?post=2391"},{"taxonomy":"product_tag","embeddable":true,"href":"https:\/\/rmvapesale.com\/sv\/wp-json\/wp\/v2\/product_tag?post=2391"}],"curies":[{"name":"wp","href":"https:\/\/api.w.org\/{rel}","templated":true}]}}