{"id":2441,"date":"2024-10-17T02:49:33","date_gmt":"2024-10-17T02:49:33","guid":{"rendered":"https:\/\/rmvapesale.com\/?post_type=product&#038;p=2441"},"modified":"2024-10-17T03:31:24","modified_gmt":"2024-10-17T03:31:24","slug":"elf-box-pulse-x-25000-disposable-vape-wholesale-germany","status":"publish","type":"product","link":"https:\/\/rmvapesale.com\/sv\/product\/elf-box-pulse-x-25000-disposable-vape-wholesale-germany\/","title":{"rendered":"ELF Box Pulse X 25000 Disposable Vape Wholesale Germany"},"content":{"rendered":"<div class=\"B2VR9 CJHX3e\">\n<div class=\"wyccme\">\n<h1 class=\"LC20lb MBeuO DKV0Md\">ELF Box Pulse X 25000 Disposable Vape Wholesale Germany<\/h1>\n<div class=\"flex-shrink-0 flex flex-col relative items-end\">\n<div class=\"pt-0\">\n<div class=\"gizmo-bot-avatar flex h-8 w-8 items-center justify-center overflow-hidden rounded-full\">\n<div class=\"relative p-1 rounded-sm flex items-center justify-center bg-token-main-surface-primary text-token-text-primary h-8 w-8\">\n<p>ELF Box Pulse X 25000 Eng\u00e5ngsvape \u00e4r en avancerad vaping-enhet som erbjuder imponerande 25 000 puff i vanlig l\u00e4ge och 15 000 puff i Pulse-l\u00e4ge. Som en av <strong>b\u00e4sta eng\u00e5ngsvape-produkterna<\/strong> p\u00e5 marknaden \u00e4r denna vape-pod-enhet utformad f\u00f6r b\u00e5de nyb\u00f6rjare och erfarna vapers, med ett Dual Mesh Coil-system (0,8 ohm + 0,8 ohm) som f\u00f6rb\u00e4ttrar smak och \u00e5ngproduktion. Med en kapacitet p\u00e5 18 ml e-juice och flera nikotinalternativ (0%, 2%, 3% och 5%), inklusive en <strong>0 nikotin eng\u00e5ngsvape<\/strong> alternativ, kan anv\u00e4ndare anpassa sin vaping-upplevelse efter sina preferenser. ELF Box 25000-enheten drivs av ett uppladdningsbart 750mAh-batteri, vilket s\u00e4kerst\u00e4ller l\u00e5ng livsl\u00e4ngd och bekv\u00e4mlighet.<\/p>\n<p>Finns i tio olika smaker \u00e4r ELF Box Pulse X eng\u00e5ngs perfekt f\u00f6r de som s\u00f6ker variation och kvalitet i sin vaping-upplevelse. Prissatt konkurrenskraftigt till grossistpriser, \u00e4r detta <strong>eng\u00e5ngsvape<\/strong> ideal f\u00f6r \u00e5terf\u00f6rs\u00e4ljare och partihandlare som vill erbjuda sina kunder en premiumprodukt. F\u00f6r kunder i Sverige \u00e4r det ett topval bland <strong>eng\u00e5ngsvape Sverige<\/strong> alternativ, och med sin <strong>25000 eng\u00e5ngsvape<\/strong> kapacitet, kommer det garanterat att imponera.<\/p>\n<\/div>\n<\/div>\n<\/div>\n<\/div>\n<\/div>\n<\/div>\n<p><strong>Kontakta Amy f\u00f6r att f\u00e5 r\u00e4tt svar och fler produktvideor!<\/strong><\/p>\n<p><img loading=\"lazy\" decoding=\"async\" class=\"size-full wp-image-1978\" src=\"https:\/\/rmvapesale.com\/wp-content\/uploads\/2024\/09\/Disposable-Vape-Wholesale.jpg\" alt=\"Eng\u00e5ngsvape Partihandel\" width=\"229\" height=\"300\" \/><\/p>\n<h3><a href=\"https:\/\/wa.me\/8617776015835\" target=\"_blank\" rel=\"noopener\"><span style=\"color: #ff0000\"><strong>WhatsApp: +86 17776015835<\/strong><\/span><\/a><\/h3>\n<p>&nbsp;<\/p>\n<h2><\/h2>\n<h2><strong>Vape <\/strong><strong>Eng\u00e5ngs <\/strong><strong>ELF Box Pulse 25000 <\/strong><strong>Nyckelfunktioner<\/strong><\/h2>\n<p>Puffar: 13000 puffar<br \/>\nNikotin: 0\/2\/3\/5%<br \/>\n23ML E-v\u00e4tska.<br \/>\nMesh Coil<br \/>\nBatteri Uppladdningsbart<br \/>\nRGB LED-f\u00e4rger<br \/>\nIntegrerat 650mAh batteri.<br \/>\n16 smaker tillg\u00e4ngliga.<\/p>\n<h2><\/h2>\n<h2><strong>Toppsmak f\u00f6r <\/strong><strong>ELF Box Pulse X 25000<\/strong><strong>\u00a0<\/strong><strong>Eng\u00e5ngs<\/strong><\/h2>\n<h2><\/h2>\n<p>Finns i tio olika smaker \u00e4r ELF Box Pulse X perfekt f\u00f6r de som s\u00f6ker variation och kvalitet i sin vaping-upplevelse. Prissatt konkurrenskraftigt till grossistpriser, \u00e4r denna eng\u00e5ngsvape ideal f\u00f6r \u00e5terf\u00f6rs\u00e4ljare och partihandlare som vill erbjuda sina kunder en premiumprodukt.<\/p>\n<p>1. Jordgubb vattenmelon<br \/>\n2. K\u00f6rsb\u00e4rscola<br \/>\n3. Persika Is<br \/>\n4. Kiwi Passionfrukt <span style=\"color: #ff0000\"><strong>&gt;&gt;&gt;&gt; Het!<\/strong><\/span><br \/>\n5. Lush Ice<br \/>\n6. Red Bull<br \/>\n7. Druva Is<br \/>\n8. Bl\u00e5 Razz Is <span style=\"color: #ff0000\"><strong>&gt;&gt;&gt;&gt; B\u00e4st!<\/strong><\/span><br \/>\n9. Jordgubb Banan<br \/>\n10. Jordgubb Is <span style=\"color: #ff0000\"><strong>&gt;&gt;&gt;&gt; Het!<\/strong><\/span><\/p>\n<figure id=\"attachment_2448\" aria-describedby=\"caption-attachment-2448\" style=\"width: 600px\" class=\"wp-caption alignnone\"><img loading=\"lazy\" decoding=\"async\" class=\"wp-image-2448\" src=\"https:\/\/rmvapesale.com\/wp-content\/uploads\/2024\/10\/Elf-Box-Pusle-X-25000-Wholesale.png\" alt=\"Elf Box Pusle X 25000 Grossist\" width=\"600\" height=\"600\" srcset=\"https:\/\/rmvapesale.com\/wp-content\/uploads\/2024\/10\/Elf-Box-Pusle-X-25000-Wholesale.png 805w, https:\/\/rmvapesale.com\/wp-content\/uploads\/2024\/10\/Elf-Box-Pusle-X-25000-Wholesale-300x300.png 300w, https:\/\/rmvapesale.com\/wp-content\/uploads\/2024\/10\/Elf-Box-Pusle-X-25000-Wholesale-150x150.png 150w, https:\/\/rmvapesale.com\/wp-content\/uploads\/2024\/10\/Elf-Box-Pusle-X-25000-Wholesale-768x768.png 768w, https:\/\/rmvapesale.com\/wp-content\/uploads\/2024\/10\/Elf-Box-Pusle-X-25000-Wholesale-600x600.png 600w, https:\/\/rmvapesale.com\/wp-content\/uploads\/2024\/10\/Elf-Box-Pusle-X-25000-Wholesale-100x100.png 100w\" sizes=\"auto, (max-width: 600px) 100vw, 600px\" \/><figcaption id=\"caption-attachment-2448\" class=\"wp-caption-text\">Elf Box Pusle X 25000 Grossist<\/figcaption><\/figure>\n<p>&nbsp;<\/p>\n<h3><strong>Varf\u00f6r v\u00e4lja Rmvapesale f\u00f6r ELF Box Pulse X 25000 eng\u00e5ngs<\/strong><strong>?<\/strong><\/h3>\n<div class=\"flex-shrink-0 flex flex-col relative items-end\">\n<div class=\"pt-0\">\n<div class=\"gizmo-bot-avatar flex h-8 w-8 items-center justify-center overflow-hidden rounded-full\">\n<div class=\"relative p-1 rounded-sm flex items-center justify-center bg-token-main-surface-primary text-token-text-primary h-8 w-8\">\n<p>&nbsp;<\/p>\n<p>N\u00e4r du v\u00e4ljer Rmvapesale f\u00f6r dina grossistbehov av eng\u00e5ngsvapes, drar du nytta av:<\/p>\n<ul>\n<li><strong>Konkurrenskraftigt pris<\/strong>: F\u00e5 tillg\u00e5ng till attraktiva grossistpriser som \u00f6kar dina aff\u00e4rsmarginaler.<\/li>\n<li><strong>H\u00f6g kvalitet<\/strong>: V\u00e5ra vapes \u00e4r tillverkade enligt de h\u00f6gsta standarderna, och <span style=\"color: #ff0000\"><strong>garanterat 100% original och \u00e4kta, eller 10 g\u00e5nger kompensation kommer att ges f\u00f6r falska varor!<\/strong><\/span><\/li>\n<li><strong>Utm\u00e4rkt kundservice<\/strong>: V\u00e5rt dedikerade team \u00e4r alltid redo att hj\u00e4lpa dig, vilket g\u00f6r din k\u00f6pprocess smidig och problemfri.<\/li>\n<li><strong>Snabb<\/strong>: F\u00f6rv\u00e4nta dig snabb och p\u00e5litlig frakt som s\u00e4kerst\u00e4ller att dina best\u00e4llningar anl\u00e4nder i tid, varje g\u00e5ng.<\/li>\n<\/ul>\n<\/div>\n<h3><\/h3>\n<div class=\"relative p-1 rounded-sm flex items-center justify-center bg-token-main-surface-primary text-token-text-primary h-8 w-8\">\n<h3><b>VANLIGA FR\u00c5GOR OCH SVAR<\/b><\/h3>\n<p>&nbsp;<\/p>\n<\/div>\n<\/div>\n<\/div>\n<\/div>\n<div class=\"group\/conversation-turn relative flex w-full min-w-0 flex-col agent-turn\">\n<div class=\"flex-col gap-1 md:gap-3\">\n<div class=\"flex max-w-full flex-col flex-grow\">\n<div class=\"min-h-8 text-message flex w-full flex-col items-end gap-2 whitespace-normal break-words [.text-message+&amp;]:mt-5\" dir=\"auto\" data-message-author-role=\"assistant\" data-message-id=\"f226d3fc-81f3-46d5-8c46-31787fff0357\">\n<div class=\"flex w-full flex-col gap-1 empty:hidden first:pt-[3px]\">\n<div class=\"markdown prose w-full break-words dark:prose-invert light\">\n<div class=\"group\/conversation-turn relative flex w-full min-w-0 flex-col agent-turn\">\n<div class=\"flex-col gap-1 md:gap-3\">\n<div class=\"flex max-w-full flex-col flex-grow\">\n<div class=\"min-h-8 text-message flex w-full flex-col items-end gap-2 whitespace-normal break-words [.text-message+&amp;]:mt-5\" dir=\"auto\" data-message-author-role=\"assistant\" data-message-id=\"91d2b73b-9149-4888-a964-4b8464e0e6e3\" data-message-model-slug=\"gpt-4o\">\n<div class=\"flex w-full flex-col gap-1 empty:hidden first:pt-[3px]\">\n<div class=\"markdown prose w-full break-words dark:prose-invert light\">\n<ul>\n<li><strong>Vad \u00e4r puffkapaciteten f\u00f6r ELF Box Pulse X 25000 eng\u00e5ngs?<\/strong>\n<ul>\n<li>ELF Box Pulse X eng\u00e5ngs erbjuder imponerande 25 000 puff i vanlig l\u00e4ge och 15 000 puff i pulsl\u00e4ge, vilket g\u00f6r den till en av de mest l\u00e5ngvariga eng\u00e5ngsvapes tillg\u00e4ngliga.<\/li>\n<\/ul>\n<\/li>\n<li><strong>Vilka nikotinalternativ finns f\u00f6r vape eng\u00e5ngs ELF BOX 25000?<\/strong>\n<ul>\n<li>ELF Box Pulse X finns i flera nikotinstyrkor, inklusive 0%, 2%, 3% och 5%. Detta inkluderar ett alternativ f\u00f6r en <strong>0 nikotin eng\u00e5ngsvape<\/strong> f\u00f6r de som f\u00f6redrar en nikotinfri upplevelse.<\/li>\n<\/ul>\n<\/li>\n<li><strong>Hur f\u00f6rb\u00e4ttrar Dual Mesh Coil-systemet vapingupplevelsen?<\/strong>\n<ul>\n<li>Dual Mesh Coil-systemet (0,8 ohm + 0,8 ohm) f\u00f6rb\u00e4ttrar avsev\u00e4rt smak och \u00e5ngproduktion, vilket ger en mjukare och mer tillfredsst\u00e4llande vapingupplevelse.<\/li>\n<\/ul>\n<\/li>\n<li><strong>\u00c4r ELF Box Pulse X uppladdningsbar?<\/strong>\n<ul>\n<li>Ja, ELF Box 25000 drivs av ett uppladdningsbart 750mAh batteri, vilket s\u00e4kerst\u00e4ller l\u00e5ng livsl\u00e4ngd och bekv\u00e4mlighet under anv\u00e4ndning.<\/li>\n<\/ul>\n<\/li>\n<li><strong>Var kan jag k\u00f6pa ELF Box Pulse X?<\/strong>\n<ul>\n<li>ELF Box Pulse X \u00e4r konkurrenskraftigt prissatt till grossistpriser, vilket g\u00f6r det till ett utm\u00e4rkt val f\u00f6r \u00e5terf\u00f6rs\u00e4ljare och bulkk\u00f6pare. Det \u00e4r ocks\u00e5 ett popul\u00e4rt alternativ bland <strong>eng\u00e5ngsvape Sverige<\/strong> val, vilket s\u00e4kerst\u00e4ller tillg\u00e4nglighet f\u00f6r svenska kunder.<\/li>\n<\/ul>\n<\/li>\n<\/ul>\n<p>&nbsp;<\/p>\n<\/div>\n<\/div>\n<\/div>\n<\/div>\n<\/div>\n<\/div>\n<\/div>\n<\/div>\n<\/div>\n<\/div>\n<\/div>\n<\/div>\n<h3>Om frakt<\/h3>\n<div class=\"flex-shrink-0 flex flex-col relative items-end\">\n<div>\n<div class=\"pt-0\">\n<div class=\"gizmo-bot-avatar flex h-8 w-8 items-center justify-center overflow-hidden rounded-full\">\n<div><\/div>\n<div class=\"relative p-1 rounded-sm flex items-center justify-center bg-token-main-surface-primary text-token-text-primary h-8 w-8\"><strong>1. Vilka fraktmetoder anv\u00e4nds?<\/strong><\/div>\n<\/div>\n<\/div>\n<\/div>\n<\/div>\n<div class=\"group\/conversation-turn relative flex w-full min-w-0 flex-col agent-turn\">\n<div class=\"flex-col gap-1 md:gap-3\">\n<div class=\"flex max-w-full flex-col flex-grow\">\n<div class=\"min-h-[20px] text-message flex w-full flex-col items-end gap-2 whitespace-normal break-words [.text-message+&amp;]:mt-5 overflow-x-auto\" dir=\"auto\" data-message-author-role=\"assistant\" data-message-id=\"22f8283b-3233-46ff-89a5-c7a41b33abda\">\n<div class=\"flex w-full flex-col gap-1 empty:hidden first:pt-[3px]\">\n<div class=\"markdown prose w-full break-words dark:prose-invert light\">\n<p>Vi samarbetar med UPS, DHL, FedEx, DPD och andra ledande transport\u00f6rer. Vi v\u00e4ljer det b\u00e4sta frakts\u00e4ttet baserat p\u00e5 din leveransadress f\u00f6r att s\u00e4kerst\u00e4lla att du f\u00e5r dina produkter s\u00e5 snabbt som m\u00f6jligt.<\/p>\n<\/div>\n<p><strong>2. Hur l\u00e5ng tid tar det att komma fram?<\/strong><\/p>\n<p>Paket som skickas till Sverige anl\u00e4nder vanligtvis inom 10 arbetsdagar. Leveranser till europeiska l\u00e4nder tar generellt cirka 12-15 arbetsdagar. Vi kommer att ge uppdateringar i realtid om din leveransstatus.<\/p>\n<\/div>\n<\/div>\n<\/div>\n<\/div>\n<\/div>\n<p>&nbsp;<\/p>\n<p>Andra popul\u00e4ra vapes du kanske gillar:<\/p>\n<p><a href=\"https:\/\/rmvapesale.com\/sv\/product\/bang-box-20000-puffs-vape-0-2-5-nicotine\/\"><strong>Bang Box 20000 Puffar\u00a0 \u00a0<span style=\"color: #ff0000\">&gt;&gt;&gt;&gt; k\u00f6r!<\/span><\/strong><\/a><\/p>\n<p><strong><a href=\"https:\/\/rmvapesale.com\/sv\/product\/faivono-bang-maxi-15000-puffs-disposable-vape-bulk-wholesale\/\">AIVONO Aim Bang Maxi 15000 Puff <span style=\"color: #ff0000\">&gt;&gt;&gt;&gt; k\u00f6r!<\/span><\/a>\u00a0<\/strong><\/p>\n<p><a href=\"https:\/\/rmvapesale.com\/sv\/product\/bang-tornado-13000-puffs-disposable-vape-pen-wholesale-price\/\"><strong>Bang Tornado 13000 <span style=\"color: #ff0000\">&gt;&gt;&gt;&gt; k\u00f6r!<\/span><\/strong><\/a><\/p>\n<p>&nbsp;<\/p>\n<p>&nbsp;<\/p>\n<p>Hitta fler vape-produkter du kanske gillar:<strong><em><a href=\"https:\/\/rmvapesale.com\/sv\/shop-2\/\">handla nu &gt;&gt;&gt;<\/a><\/em><\/strong><\/p>","protected":false},"excerpt":{"rendered":"<p>Elf Box Pulse X 25000 Puffs 2% L\u00e5g Nikotin Eng\u00e5ngsvape<br \/>\nELF BOX Pulse X 25000 Puffs Eng\u00e5ngsvape grossist<br \/>\nVape Eng\u00e5ngs ELF BOX PULSE X 25000 Puff Partik\u00f6p<\/p>\n<p><img loading=\"lazy\" decoding=\"async\" class=\"size-full wp-image-2375\" src=\"https:\/\/rmvapesale.com\/wp-content\/uploads\/2024\/10\/image.png\" alt=\"B\u00e4sta eng\u00e5ngsvape\" width=\"229\" height=\"300\" \/><\/p>\n<h3><a href=\"https:\/\/wa.me\/8617776015835\"><span style=\"color: #ff0000\"><strong>WhatsApp: +86 17776015835<\/strong><\/span><\/a><\/h3>\n<p>&nbsp;<\/p>","protected":false},"featured_media":2442,"comment_status":"open","ping_status":"closed","template":"","meta":{"_uag_custom_page_level_css":"","_lmt_disableupdate":"","_lmt_disable":"","site-sidebar-layout":"default","site-content-layout":"content-boxed-container","ast-site-content-layout":"normal-width-container","site-content-style":"boxed","site-sidebar-style":"unboxed","ast-global-header-display":"","ast-banner-title-visibility":"","ast-main-header-display":"","ast-hfb-above-header-display":"","ast-hfb-below-header-display":"","ast-hfb-mobile-header-display":"","site-post-title":"","ast-breadcrumbs-content":"","ast-featured-img":"","footer-sml-layout":"","theme-transparent-header-meta":"default","adv-header-id-meta":"","stick-header-meta":"","header-above-stick-meta":"","header-main-stick-meta":"","header-below-stick-meta":"","astra-migrate-meta-layouts":"set","ast-page-background-enabled":"default","ast-page-background-meta":{"desktop":{"background-color":"var(--ast-global-color-4)","background-image":"","background-repeat":"repeat","background-position":"center center","background-size":"auto","background-attachment":"scroll","background-type":"","background-media":"","overlay-type":"","overlay-color":"","overlay-opacity":"","overlay-gradient":""},"tablet":{"background-color":"","background-image":"","background-repeat":"repeat","background-position":"center center","background-size":"auto","background-attachment":"scroll","background-type":"","background-media":"","overlay-type":"","overlay-color":"","overlay-opacity":"","overlay-gradient":""},"mobile":{"background-color":"","background-image":"","background-repeat":"repeat","background-position":"center center","background-size":"auto","background-attachment":"scroll","background-type":"","background-media":"","overlay-type":"","overlay-color":"","overlay-opacity":"","overlay-gradient":""}},"ast-content-background-meta":{"desktop":{"background-color":"var(--ast-global-color-5)","background-image":"","background-repeat":"repeat","background-position":"center center","background-size":"auto","background-attachment":"scroll","background-type":"","background-media":"","overlay-type":"","overlay-color":"","overlay-opacity":"","overlay-gradient":""},"tablet":{"background-color":"var(--ast-global-color-5)","background-image":"","background-repeat":"repeat","background-position":"center center","background-size":"auto","background-attachment":"scroll","background-type":"","background-media":"","overlay-type":"","overlay-color":"","overlay-opacity":"","overlay-gradient":""},"mobile":{"background-color":"var(--ast-global-color-5)","background-image":"","background-repeat":"repeat","background-position":"center center","background-size":"auto","background-attachment":"scroll","background-type":"","background-media":"","overlay-type":"","overlay-color":"","overlay-opacity":"","overlay-gradient":""}},"_joinchat":[]},"product_brand":[],"product_cat":[15,25,123,26,28,135,27,60,137,136,30],"product_tag":[156,146,155,158,132,154,157],"class_list":{"0":"post-2441","1":"product","2":"type-product","3":"status-publish","4":"has-post-thumbnail","6":"product_cat-new-vape-this-week","7":"product_cat-germany-best-selling-vape","8":"product_cat-italy-wholesale-vape","9":"product_cat-netherlands-hot-sale-vape","10":"product_cat-poland-hot-sale-vape","11":"product_cat-spain-best-hot-sale-vape","12":"product_cat-fance-hot-sale-vape","13":"product_cat-bang-vapes","14":"product_cat-rechargeable-vapes","15":"product_cat-smart-screen-vapes","16":"product_cat-minimum-order-quantity-50pcs","17":"product_tag-0-nicotine-disposable-vape","18":"product_tag-best-hot-sale-vape","19":"product_tag-digital-display-box","20":"product_tag-elf-box-disposable-vape","21":"product_tag-rechargeable-vape","22":"product_tag-smart-vape","23":"product_tag-vape-disposable","24":"desktop-align-left","25":"tablet-align-left","26":"mobile-align-left","28":"first","29":"instock","30":"sale","31":"shipping-taxable","32":"purchasable","33":"product-type-simple"},"uagb_featured_image_src":{"full":["https:\/\/rmvapesale.com\/wp-content\/uploads\/2024\/10\/Best-Disposable-Vape-Elf-Box.png",805,805,false],"thumbnail":["https:\/\/rmvapesale.com\/wp-content\/uploads\/2024\/10\/Best-Disposable-Vape-Elf-Box-150x150.png",150,150,true],"medium":["https:\/\/rmvapesale.com\/wp-content\/uploads\/2024\/10\/Best-Disposable-Vape-Elf-Box-300x300.png",300,300,true],"medium_large":["https:\/\/rmvapesale.com\/wp-content\/uploads\/2024\/10\/Best-Disposable-Vape-Elf-Box-768x768.png",768,768,true],"large":["https:\/\/rmvapesale.com\/wp-content\/uploads\/2024\/10\/Best-Disposable-Vape-Elf-Box.png",805,805,false],"1536x1536":["https:\/\/rmvapesale.com\/wp-content\/uploads\/2024\/10\/Best-Disposable-Vape-Elf-Box.png",805,805,false],"2048x2048":["https:\/\/rmvapesale.com\/wp-content\/uploads\/2024\/10\/Best-Disposable-Vape-Elf-Box.png",805,805,false],"trp-custom-language-flag":["https:\/\/rmvapesale.com\/wp-content\/uploads\/2024\/10\/Best-Disposable-Vape-Elf-Box.png",12,12,false],"woocommerce_thumbnail":["https:\/\/rmvapesale.com\/wp-content\/uploads\/2024\/10\/Best-Disposable-Vape-Elf-Box-300x300.png",300,300,true],"woocommerce_single":["https:\/\/rmvapesale.com\/wp-content\/uploads\/2024\/10\/Best-Disposable-Vape-Elf-Box-600x600.png",600,600,true],"woocommerce_gallery_thumbnail":["https:\/\/rmvapesale.com\/wp-content\/uploads\/2024\/10\/Best-Disposable-Vape-Elf-Box-100x100.png",100,100,true],"wcpr-photo-reviews":["https:\/\/rmvapesale.com\/wp-content\/uploads\/2024\/10\/Best-Disposable-Vape-Elf-Box.png",500,500,false]},"uagb_author_info":{"display_name":"AMY","author_link":"https:\/\/rmvapesale.com\/sv\/author\/"},"uagb_comment_info":0,"uagb_excerpt":"Elf Box Pulse X 25000 Puffs 2% Low Nicotine Disposable Vape ELF BOX Pulse X 25000 Puffs Disposable Vape wholesale Vape Disposable ELF BOX PULSE X 25000 Puff Bulk Buy WhatsApp: +86 17776015835 &nbsp;","_links":{"self":[{"href":"https:\/\/rmvapesale.com\/sv\/wp-json\/wp\/v2\/product\/2441","targetHints":{"allow":["GET"]}}],"collection":[{"href":"https:\/\/rmvapesale.com\/sv\/wp-json\/wp\/v2\/product"}],"about":[{"href":"https:\/\/rmvapesale.com\/sv\/wp-json\/wp\/v2\/types\/product"}],"replies":[{"embeddable":true,"href":"https:\/\/rmvapesale.com\/sv\/wp-json\/wp\/v2\/comments?post=2441"}],"wp:featuredmedia":[{"embeddable":true,"href":"https:\/\/rmvapesale.com\/sv\/wp-json\/wp\/v2\/media\/2442"}],"wp:attachment":[{"href":"https:\/\/rmvapesale.com\/sv\/wp-json\/wp\/v2\/media?parent=2441"}],"wp:term":[{"taxonomy":"product_brand","embeddable":true,"href":"https:\/\/rmvapesale.com\/sv\/wp-json\/wp\/v2\/product_brand?post=2441"},{"taxonomy":"product_cat","embeddable":true,"href":"https:\/\/rmvapesale.com\/sv\/wp-json\/wp\/v2\/product_cat?post=2441"},{"taxonomy":"product_tag","embeddable":true,"href":"https:\/\/rmvapesale.com\/sv\/wp-json\/wp\/v2\/product_tag?post=2441"}],"curies":[{"name":"wp","href":"https:\/\/api.w.org\/{rel}","templated":true}]}}