{"id":2540,"date":"2024-10-24T09:31:28","date_gmt":"2024-10-24T09:31:28","guid":{"rendered":"https:\/\/rmvapesale.com\/?post_type=product&#038;p=2540"},"modified":"2024-10-24T09:55:38","modified_gmt":"2024-10-24T09:55:38","slug":"vapme-crystal-20000-puffs-20k-double-flavor-rechargeable-vapes","status":"publish","type":"product","link":"https:\/\/rmvapesale.com\/sv\/product\/vapme-crystal-20000-puffs-20k-double-flavor-rechargeable-vapes\/","title":{"rendered":"Vapme Crystal 20000 Puffs 20K Dubbel Smak P\u00e5fyllbara Vapes"},"content":{"rendered":"<div class=\"B2VR9 CJHX3e\">\n<div class=\"wyccme\">\n<h1 class=\"LC20lb MBeuO DKV0Md\">Vapme Crystal 20000 Puffar 20K Dubbel Smak Uppladdningsbara Vapes Grossist<\/h1>\n<div class=\"flex-shrink-0 flex flex-col relative items-end\">\n<div class=\"pt-0\">\n<div class=\"gizmo-bot-avatar flex h-8 w-8 items-center justify-center overflow-hidden rounded-full\">\n<div class=\"relative p-1 rounded-sm flex items-center justify-center bg-token-main-surface-primary text-token-text-primary h-8 w-8\">\n<p>Den <strong>Vapme Crystal 20000 Puffar 20K Uppladdningsbar Eng\u00e5ngsvape<\/strong> \u00e4r en spelv\u00e4xlare i vapingindustrin, som erbjuder en h\u00f6gkapacitetsenhet designad f\u00f6r b\u00e5de avslappnade och frekventa vapers. Med en massiv <strong>20 000 puff<\/strong>, denna <strong>eng\u00e5ngsvape<\/strong> s\u00e4kerst\u00e4ller l\u00e5ngvarig njutning utan besv\u00e4ret med st\u00e4ndiga p\u00e5fyllningar, vilket g\u00f6r den till en av de <strong>b\u00e4sta eng\u00e5ngsvapes 2024<\/strong>. Den <strong>20ml e-liquid kapacitet<\/strong> till\u00e5ter anv\u00e4ndare att njuta av sina favoritdesser f\u00f6r l\u00e4ngre perioder, driven av en <strong>700mAh uppladdningsbart batteri<\/strong> f\u00f6r oavbrutna vaping-sessioner.<\/p>\n<p>En av de utm\u00e4rkande funktionerna hos den <strong>Vapme Crystal 20000<\/strong> \u00e4r dess <strong>Dubbel Smak<\/strong> funktion, som g\u00f6r det m\u00f6jligt f\u00f6r anv\u00e4ndare att v\u00e4xla mellan tv\u00e5 distinkta smaker, vilket ger m\u00e5ngsidighet och en unik vapingupplevelse. Den <strong>precisionstillverkade mesh-spolen<\/strong> levererar mjuk, konsekvent \u00e5ngproduktion, vilket s\u00e4kerst\u00e4ller att varje puff \u00e4r rik p\u00e5 smak.<\/p>\n<p>F\u00f6r extra bekv\u00e4mlighet, denna <strong>20000 puff vape<\/strong> \u00e4r utrustad med en <strong>Type-C laddningsport<\/strong>, vilket m\u00f6jligg\u00f6r snabb och enkel uppladdning, vilket g\u00f6r den till ett f\u00f6rstahandsval f\u00f6r vapers p\u00e5 spr\u00e5ng. Oavsett om du fyller p\u00e5 f\u00f6r din <strong>e-cigarettbutik<\/strong>, k\u00f6per f\u00f6r <strong>grossist vapes<\/strong>, eller vill <strong>k\u00f6p vapes online<\/strong>, den <strong>Vapme Crystal 20K<\/strong> \u00e4r ett premiumval f\u00f6r b\u00e5de \u00e5terf\u00f6rs\u00e4ljare och enskilda konsumenter.<\/p>\n<p>Perfekt f\u00f6r dig som s\u00f6ker h\u00f6gkvalitativ <strong>uppladdningsbara vapes<\/strong> or <strong>box vapes<\/strong>, erbjuder denna enhet exceptionell prestanda och bekv\u00e4mlighet, vilket g\u00f6r den till ett m\u00e5ste i vilken <strong>vape bar<\/strong> eller samling som helst. F\u00e5 ut det mesta av din vapingupplevelse med <strong>Vapme Crystal 20000 Puffar<\/strong>\u2014en m\u00e5ngsidig och p\u00e5litlig l\u00f6sning i <strong>eng\u00e5ngsvape<\/strong> svenska marknaden.<\/p>\n<\/div>\n<\/div>\n<\/div>\n<\/div>\n<\/div>\n<\/div>\n<p><strong>Kontakta Amy f\u00f6r att f\u00e5 r\u00e4tt svar och vape-kupong!<\/strong><\/p>\n<p><img loading=\"lazy\" decoding=\"async\" class=\"size-full wp-image-1978\" src=\"https:\/\/rmvapesale.com\/wp-content\/uploads\/2024\/09\/Disposable-Vape-Wholesale.jpg\" alt=\"Eng\u00e5ngsvape Partihandel\" width=\"229\" height=\"300\" \/><\/p>\n<h3><a href=\"https:\/\/wa.me\/8617776015835\" target=\"_blank\" rel=\"noopener\"><span style=\"color: #ff0000\"><strong>WhatsApp: +86 17776015835<\/strong><\/span><\/a><\/h3>\n<p>&nbsp;<\/p>\n<h2><\/h2>\n<h2><strong>Vapme Crystal 20000 Puffar Eng\u00e5ngsvape<\/strong><strong>\u00a0<\/strong><strong>Nyckelfunktioner<\/strong><\/h2>\n<p>10+10 SMAKER<br \/>\nBatteri: 700mah typ-c port<br \/>\nKapacitet: 20mL vapejuice<br \/>\nSpole: 1,0 ohm meshspole<br \/>\nPuffar: 20000+ puffar<br \/>\n160 stycken\/f\u00f6rpackning<br \/>\n20,8 kg\/f\u00f6rpackning<br \/>\nNikotin: 2%<br \/>\n2-i-1 smaks\u00e4ttningsenhet<\/p>\n<h2><strong>Topp-smak f\u00f6r Vapme Crystal 20000 Puffar<\/strong><\/h2>\n<p>Finns i olika smaker, inklusive Bl\u00e5b\u00e4r Hallon &amp; Vattenmelon Is och Jordgubbar Vattenmelon &amp; Passionsfrukt Melon Is, \u00e4r VAPME 20K perfekt f\u00f6r de som vill utforska olika smaker.<\/p>\n<p>1 Bl\u00e5b\u00e4r Hallon + Vattenmelon Is <span style=\"color: #ff0000\"><strong>&gt;&gt;&gt;&gt; Het!<\/strong><\/span><br \/>\n2 Jordgubbar Vattenmelon + Passionsfrukt Melon Is<br \/>\n3 K\u00f6rsb\u00e4r Is + Bl\u00e5 Razz Lemonad<br \/>\n4 Druva Is + Jordgubb Kiwi<br \/>\n5 Jordgubb Banan + Dubbelt \u00c4pple <span style=\"color: #ff0000\"><strong>&gt;&gt;&gt;&gt; Het!<\/strong><\/span><br \/>\n6 Blandade b\u00e4r is + Persika mango ananas<br \/>\n7 Jordgubb is + Vattenmelon kiwi is<br \/>\n8 Energidryck + K\u00f6rsb\u00e4r cola<br \/>\n9 Jordgubbs Hallon Godis + Persika is <span style=\"color: #ff0000\"><strong>&gt;&gt;&gt;&gt; B\u00e4st!<\/strong><\/span><br \/>\n10 Jordgubbs mango + Kiwi Passionfrukt guava<\/p>\n<figure id=\"attachment_2537\" aria-describedby=\"caption-attachment-2537\" style=\"width: 800px\" class=\"wp-caption alignnone\"><img loading=\"lazy\" decoding=\"async\" class=\"wp-image-2537 size-full\" src=\"https:\/\/rmvapesale.com\/wp-content\/uploads\/2024\/10\/Vape-Vapme-Crystal-20000-Disposable-Vape.jpg\" alt=\"Vape Vapme Crystal 20000 Eng\u00e5ngsvape\" width=\"800\" height=\"800\" srcset=\"https:\/\/rmvapesale.com\/wp-content\/uploads\/2024\/10\/Vape-Vapme-Crystal-20000-Disposable-Vape.jpg 800w, https:\/\/rmvapesale.com\/wp-content\/uploads\/2024\/10\/Vape-Vapme-Crystal-20000-Disposable-Vape-300x300.jpg 300w, https:\/\/rmvapesale.com\/wp-content\/uploads\/2024\/10\/Vape-Vapme-Crystal-20000-Disposable-Vape-150x150.jpg 150w, https:\/\/rmvapesale.com\/wp-content\/uploads\/2024\/10\/Vape-Vapme-Crystal-20000-Disposable-Vape-768x768.jpg 768w, https:\/\/rmvapesale.com\/wp-content\/uploads\/2024\/10\/Vape-Vapme-Crystal-20000-Disposable-Vape-600x600.jpg 600w, https:\/\/rmvapesale.com\/wp-content\/uploads\/2024\/10\/Vape-Vapme-Crystal-20000-Disposable-Vape-100x100.jpg 100w\" sizes=\"auto, (max-width: 800px) 100vw, 800px\" \/><figcaption id=\"caption-attachment-2537\" class=\"wp-caption-text\">Vape Vapme Crystal 20000 Eng\u00e5ngsvape<\/figcaption><\/figure>\n<h3><strong>Varf\u00f6r v\u00e4lja Rmvapesale f\u00f6r Vapme Crystal 20000 Puffar<\/strong><strong>?<\/strong><\/h3>\n<div class=\"flex-shrink-0 flex flex-col relative items-end\">\n<div class=\"pt-0\">\n<div class=\"gizmo-bot-avatar flex h-8 w-8 items-center justify-center overflow-hidden rounded-full\">\n<div class=\"relative p-1 rounded-sm flex items-center justify-center bg-token-main-surface-primary text-token-text-primary h-8 w-8\">\n<p>&nbsp;<\/p>\n<p>N\u00e4r du v\u00e4ljer Rmvapesale f\u00f6r dina grossistbehov av eng\u00e5ngsvapes, drar du nytta av:<\/p>\n<ul>\n<li><strong>Konkurrenskraftigt pris<\/strong>: F\u00e5 tillg\u00e5ng till attraktiva grossistpriser som \u00f6kar dina aff\u00e4rsmarginaler.<\/li>\n<li><strong>H\u00f6g kvalitet<\/strong>: V\u00e5ra vapes \u00e4r tillverkade enligt de h\u00f6gsta standarderna, och <span style=\"color: #ff0000\"><strong>garanterat 100% original och \u00e4kta, eller 10 g\u00e5nger kompensation kommer att ges f\u00f6r falska varor!<\/strong><\/span><\/li>\n<li><strong>Utm\u00e4rkt kundservice<\/strong>: V\u00e5rt dedikerade team \u00e4r alltid redo att hj\u00e4lpa dig, vilket g\u00f6r din k\u00f6pprocess smidig och problemfri.<\/li>\n<li><strong>Snabb<\/strong>: F\u00f6rv\u00e4nta dig snabb och p\u00e5litlig frakt som s\u00e4kerst\u00e4ller att dina best\u00e4llningar anl\u00e4nder i tid, varje g\u00e5ng.<\/li>\n<\/ul>\n<\/div>\n<h3><\/h3>\n<div class=\"relative p-1 rounded-sm flex items-center justify-center bg-token-main-surface-primary text-token-text-primary h-8 w-8\">\n<h3><b>VANLIGA FR\u00c5GOR OCH SVAR<\/b><\/h3>\n<ul>\n<li><strong>Hur man anv\u00e4nder Vapme Crystal 20000 Eng\u00e5ngsvape penna<\/strong><br \/>\nF\u00f6r att anv\u00e4nda Vapme Crystal 20000, ta helt enkelt ut den ur f\u00f6rpackningen, andas in genom munstycket, och enheten aktiveras automatiskt. En unik funktion \u00e4r Double Flavor-funktionen, som l\u00e5ter dig v\u00e4xla mellan tv\u00e5 olika smaker f\u00f6r en mer m\u00e5ngsidig vapingupplevelse.<\/li>\n<li><strong>Hur man laddar Vapme Crystal 20K Puffar eng\u00e5ngsvape<\/strong><br \/>\nVapme Crystal 20000 har ett 700mAh uppladdningsbart batteri. F\u00f6r att ladda den, anv\u00e4nd Type-C-laddningsporten. Anslut enheten till en str\u00f6mk\u00e4lla med en Type-C-kabel, och den laddas snabbt f\u00f6r l\u00e4ngre vaping-sessioner.<\/li>\n<li><strong>Hur mycket nikotin finns i Vapme Crystal 20000 Puffar<\/strong><br \/>\nNikotinhalten f\u00f6r Vapme Crystal 20000 Puffar \u00e4r inte specificerad i inneh\u00e5llet. Men eng\u00e5ngsvapes som denna finns vanligtvis i olika nikotinstyrkor (0%, 2%, 5%, etc.). Du kan kontrollera med \u00e5terf\u00f6rs\u00e4ljaren eller produktf\u00f6rpackningen f\u00f6r exakt nikotinm\u00e4ngd.<\/li>\n<li><strong>Hur l\u00e4nge ska jag ladda min Crystal 20000 Puffar?<\/strong><br \/>\nDen exakta laddningstiden beror p\u00e5 str\u00f6mk\u00e4llan, men tack vare Type-C snabbladdning b\u00f6r den laddas relativt snabbt. Du kan \u00f6vervaka enheten under laddning eller h\u00e4nvisa till laddningsindikatorer, om tillg\u00e4ngliga, f\u00f6r att veta n\u00e4r den \u00e4r fulladdad.<\/li>\n<li><strong>Var kan jag k\u00f6pa Vapme Crystal 20000 Puffar eng\u00e5ngsvape<\/strong><br \/>\nVapme Crystal 20000 Puffar kan k\u00f6pas fr\u00e5n vape-\u00e5terf\u00f6rs\u00e4ljare, online vape-butiker eller grossistdistribut\u00f6rer som erbjuder eng\u00e5ngsvapes. Det \u00e4r ett popul\u00e4rt alternativ f\u00f6r enskilda konsumenter och vape-butiks\u00e4gare. Kontrollera tillg\u00e4nglighet i din lokala vape-butik eller bl\u00e4ddra p\u00e5 onlineplattformar som specialiserar sig p\u00e5 vapingprodukter.<\/li>\n<\/ul>\n<\/div>\n<\/div>\n<\/div>\n<\/div>\n<h3>Om frakt<\/h3>\n<div class=\"flex-shrink-0 flex flex-col relative items-end\">\n<div>\n<div class=\"pt-0\">\n<div class=\"gizmo-bot-avatar flex h-8 w-8 items-center justify-center overflow-hidden rounded-full\">\n<div><\/div>\n<div class=\"relative p-1 rounded-sm flex items-center justify-center bg-token-main-surface-primary text-token-text-primary h-8 w-8\"><strong>1. Vilka fraktmetoder anv\u00e4nds?<\/strong><\/div>\n<\/div>\n<\/div>\n<\/div>\n<\/div>\n<div class=\"group\/conversation-turn relative flex w-full min-w-0 flex-col agent-turn\">\n<div class=\"flex-col gap-1 md:gap-3\">\n<div class=\"flex max-w-full flex-col flex-grow\">\n<div class=\"min-h-[20px] text-message flex w-full flex-col items-end gap-2 whitespace-normal break-words [.text-message+&amp;]:mt-5 overflow-x-auto\" dir=\"auto\" data-message-author-role=\"assistant\" data-message-id=\"22f8283b-3233-46ff-89a5-c7a41b33abda\">\n<div class=\"flex w-full flex-col gap-1 empty:hidden first:pt-[3px]\">\n<div class=\"markdown prose w-full break-words dark:prose-invert light\">\n<p>Vi samarbetar med UPS, DHL, FedEx, DPD och andra ledande transport\u00f6rer. Vi v\u00e4ljer det b\u00e4sta frakts\u00e4ttet baserat p\u00e5 din leveransadress f\u00f6r att s\u00e4kerst\u00e4lla att du f\u00e5r dina produkter s\u00e5 snabbt som m\u00f6jligt.<\/p>\n<\/div>\n<p><strong>2. Hur l\u00e5ng tid tar det att komma fram?<\/strong><\/p>\n<p>Paket som skickas till Sverige anl\u00e4nder vanligtvis inom 10 arbetsdagar. Leveranser till europeiska l\u00e4nder tar generellt cirka 12-15 arbetsdagar. Vi kommer att ge uppdateringar i realtid om din leveransstatus.<\/p>\n<\/div>\n<\/div>\n<\/div>\n<\/div>\n<\/div>\n<p>&nbsp;<\/p>\n<p>Andra popul\u00e4ra vapes du kanske gillar:<\/p>\n<p><a href=\"https:\/\/rmvapesale.com\/sv\/product\/fumot-randm-tornado-30000-puffs-30k-music-disposable-vape\/\"><strong>RandM Tornado 30000 bloss\u00a0 \u00a0<span style=\"color: #ff0000\">&gt;&gt;&gt;&gt; k\u00f6r!<\/span><\/strong><\/a><\/p>\n<p><strong><a href=\"https:\/\/rmvapesale.com\/sv\/product\/aivono-22000-rechargeable-vapes-with-display-screen\/\">Aivono Aim Fatpro 22000 bloss <span style=\"color: #ff0000\">&gt;&gt;&gt;&gt; k\u00f6r!<\/span><\/a>\u00a0<\/strong><\/p>\n<p><a href=\"https:\/\/rmvapesale.com\/sv\/product\/original-randm-vape-digital-puff-12000-fumot-factory-price\/\"><strong>Fumot Vape 12000 bloss <span style=\"color: #ff0000\">&gt;&gt;&gt;&gt; k\u00f6r!<\/span><\/strong><\/a><\/p>\n<p>&nbsp;<\/p>\n<p>&nbsp;<\/p>\n<p>Hitta fler vape-produkter du kanske gillar:<strong><em><a href=\"https:\/\/rmvapesale.com\/sv\/shop-2\/\">handla nu &gt;&gt;&gt;<\/a><\/em><\/strong><\/p>","protected":false},"excerpt":{"rendered":"<p>Grossist Vape Vapme Crystal 20000 Puffar Eng\u00e5ngsvape<br \/>\nVapme Crystal 20000 Puffar Dubbel Smak Eng\u00e5ngsvape<br \/>\nVapme Crystal 20000 Dubbel Crystal Vape Bar Grossist<\/p>\n<p><img loading=\"lazy\" decoding=\"async\" class=\"size-full wp-image-2375\" src=\"https:\/\/rmvapesale.com\/wp-content\/uploads\/2024\/10\/image.png\" alt=\"B\u00e4sta eng\u00e5ngsvape\" width=\"229\" height=\"300\" \/><\/p>\n<h3><a href=\"https:\/\/wa.me\/8617776015835\"><span style=\"color: #ff0000\"><strong>WhatsApp: +86 17776015835<\/strong><\/span><\/a><\/h3>\n<p>&nbsp;<\/p>","protected":false},"featured_media":2539,"comment_status":"open","ping_status":"closed","template":"","meta":{"_uag_custom_page_level_css":"","_lmt_disableupdate":"no","_lmt_disable":"","site-sidebar-layout":"default","site-content-layout":"content-boxed-container","ast-site-content-layout":"normal-width-container","site-content-style":"boxed","site-sidebar-style":"unboxed","ast-global-header-display":"","ast-banner-title-visibility":"","ast-main-header-display":"","ast-hfb-above-header-display":"","ast-hfb-below-header-display":"","ast-hfb-mobile-header-display":"","site-post-title":"","ast-breadcrumbs-content":"","ast-featured-img":"","footer-sml-layout":"","ast-disable-related-posts":"","theme-transparent-header-meta":"default","adv-header-id-meta":"","stick-header-meta":"","header-above-stick-meta":"","header-main-stick-meta":"","header-below-stick-meta":"","astra-migrate-meta-layouts":"set","ast-page-background-enabled":"default","ast-page-background-meta":{"desktop":{"background-color":"var(--ast-global-color-4)","background-image":"","background-repeat":"repeat","background-position":"center center","background-size":"auto","background-attachment":"scroll","background-type":"","background-media":"","overlay-type":"","overlay-color":"","overlay-opacity":"","overlay-gradient":""},"tablet":{"background-color":"","background-image":"","background-repeat":"repeat","background-position":"center center","background-size":"auto","background-attachment":"scroll","background-type":"","background-media":"","overlay-type":"","overlay-color":"","overlay-opacity":"","overlay-gradient":""},"mobile":{"background-color":"","background-image":"","background-repeat":"repeat","background-position":"center center","background-size":"auto","background-attachment":"scroll","background-type":"","background-media":"","overlay-type":"","overlay-color":"","overlay-opacity":"","overlay-gradient":""}},"ast-content-background-meta":{"desktop":{"background-color":"var(--ast-global-color-5)","background-image":"","background-repeat":"repeat","background-position":"center center","background-size":"auto","background-attachment":"scroll","background-type":"","background-media":"","overlay-type":"","overlay-color":"","overlay-opacity":"","overlay-gradient":""},"tablet":{"background-color":"var(--ast-global-color-5)","background-image":"","background-repeat":"repeat","background-position":"center center","background-size":"auto","background-attachment":"scroll","background-type":"","background-media":"","overlay-type":"","overlay-color":"","overlay-opacity":"","overlay-gradient":""},"mobile":{"background-color":"var(--ast-global-color-5)","background-image":"","background-repeat":"repeat","background-position":"center center","background-size":"auto","background-attachment":"scroll","background-type":"","background-media":"","overlay-type":"","overlay-color":"","overlay-opacity":"","overlay-gradient":""}},"_joinchat":[]},"product_brand":[],"product_cat":[15,27,25,123,30,26,28,137,136,135],"product_tag":[146,188,124,155,186,38,165,166,120],"class_list":{"0":"post-2540","1":"product","2":"type-product","3":"status-publish","4":"has-post-thumbnail","6":"product_cat-new-vape-this-week","7":"product_cat-fance-hot-sale-vape","8":"product_cat-germany-best-selling-vape","9":"product_cat-italy-wholesale-vape","10":"product_cat-minimum-order-quantity-50pcs","11":"product_cat-netherlands-hot-sale-vape","12":"product_cat-poland-hot-sale-vape","13":"product_cat-rechargeable-vapes","14":"product_cat-smart-screen-vapes","15":"product_cat-spain-best-hot-sale-vape","16":"product_tag-best-hot-sale-vape","17":"product_tag-buy-vapes-online","18":"product_tag-crystal-vape","19":"product_tag-digital-display-box","20":"product_tag-fumot-30k","21":"product_tag-randm-vape","22":"product_tag-rechargeable-vapes","23":"product_tag-tornado-vape","24":"product_tag-vape-wholesale","25":"desktop-align-left","26":"tablet-align-left","27":"mobile-align-left","29":"first","30":"instock","31":"sale","32":"shipping-taxable","33":"purchasable","34":"product-type-simple"},"uagb_featured_image_src":{"full":["https:\/\/rmvapesale.com\/wp-content\/uploads\/2024\/10\/Wholesale-Vape-Vapme-Crystal-20000-Puffs-Disposable.jpg",800,800,false],"thumbnail":["https:\/\/rmvapesale.com\/wp-content\/uploads\/2024\/10\/Wholesale-Vape-Vapme-Crystal-20000-Puffs-Disposable-150x150.jpg",150,150,true],"medium":["https:\/\/rmvapesale.com\/wp-content\/uploads\/2024\/10\/Wholesale-Vape-Vapme-Crystal-20000-Puffs-Disposable-300x300.jpg",300,300,true],"medium_large":["https:\/\/rmvapesale.com\/wp-content\/uploads\/2024\/10\/Wholesale-Vape-Vapme-Crystal-20000-Puffs-Disposable-768x768.jpg",768,768,true],"large":["https:\/\/rmvapesale.com\/wp-content\/uploads\/2024\/10\/Wholesale-Vape-Vapme-Crystal-20000-Puffs-Disposable.jpg",800,800,false],"1536x1536":["https:\/\/rmvapesale.com\/wp-content\/uploads\/2024\/10\/Wholesale-Vape-Vapme-Crystal-20000-Puffs-Disposable.jpg",800,800,false],"2048x2048":["https:\/\/rmvapesale.com\/wp-content\/uploads\/2024\/10\/Wholesale-Vape-Vapme-Crystal-20000-Puffs-Disposable.jpg",800,800,false],"trp-custom-language-flag":["https:\/\/rmvapesale.com\/wp-content\/uploads\/2024\/10\/Wholesale-Vape-Vapme-Crystal-20000-Puffs-Disposable.jpg",12,12,false],"woocommerce_thumbnail":["https:\/\/rmvapesale.com\/wp-content\/uploads\/2024\/10\/Wholesale-Vape-Vapme-Crystal-20000-Puffs-Disposable-300x300.jpg",300,300,true],"woocommerce_single":["https:\/\/rmvapesale.com\/wp-content\/uploads\/2024\/10\/Wholesale-Vape-Vapme-Crystal-20000-Puffs-Disposable-600x600.jpg",600,600,true],"woocommerce_gallery_thumbnail":["https:\/\/rmvapesale.com\/wp-content\/uploads\/2024\/10\/Wholesale-Vape-Vapme-Crystal-20000-Puffs-Disposable-100x100.jpg",100,100,true],"wcpr-photo-reviews":["https:\/\/rmvapesale.com\/wp-content\/uploads\/2024\/10\/Wholesale-Vape-Vapme-Crystal-20000-Puffs-Disposable.jpg",500,500,false]},"uagb_author_info":{"display_name":"AMY","author_link":"https:\/\/rmvapesale.com\/sv\/author\/"},"uagb_comment_info":0,"uagb_excerpt":"Wholesale Vape Vapme Crystal 20000 Puffs Disposable Vapme Crystal 20000 Puffs Dual Flavors Disposable Vape Vapme Crystal 20000 Double Crystal Vape Bar Wholesale WhatsApp: +86 17776015835 &nbsp;","_links":{"self":[{"href":"https:\/\/rmvapesale.com\/sv\/wp-json\/wp\/v2\/product\/2540","targetHints":{"allow":["GET"]}}],"collection":[{"href":"https:\/\/rmvapesale.com\/sv\/wp-json\/wp\/v2\/product"}],"about":[{"href":"https:\/\/rmvapesale.com\/sv\/wp-json\/wp\/v2\/types\/product"}],"replies":[{"embeddable":true,"href":"https:\/\/rmvapesale.com\/sv\/wp-json\/wp\/v2\/comments?post=2540"}],"wp:featuredmedia":[{"embeddable":true,"href":"https:\/\/rmvapesale.com\/sv\/wp-json\/wp\/v2\/media\/2539"}],"wp:attachment":[{"href":"https:\/\/rmvapesale.com\/sv\/wp-json\/wp\/v2\/media?parent=2540"}],"wp:term":[{"taxonomy":"product_brand","embeddable":true,"href":"https:\/\/rmvapesale.com\/sv\/wp-json\/wp\/v2\/product_brand?post=2540"},{"taxonomy":"product_cat","embeddable":true,"href":"https:\/\/rmvapesale.com\/sv\/wp-json\/wp\/v2\/product_cat?post=2540"},{"taxonomy":"product_tag","embeddable":true,"href":"https:\/\/rmvapesale.com\/sv\/wp-json\/wp\/v2\/product_tag?post=2540"}],"curies":[{"name":"wp","href":"https:\/\/api.w.org\/{rel}","templated":true}]}}