{"id":2547,"date":"2024-10-25T02:22:52","date_gmt":"2024-10-25T02:22:52","guid":{"rendered":"https:\/\/rmvapesale.com\/?post_type=product&#038;p=2547"},"modified":"2024-10-25T03:03:28","modified_gmt":"2024-10-25T03:03:28","slug":"rechargeable-vape-vapme-spacex-22000-puff-wholesale","status":"publish","type":"product","link":"https:\/\/rmvapesale.com\/sv\/product\/rechargeable-vape-vapme-spacex-22000-puff-wholesale\/","title":{"rendered":"\u00c5teruppladdningsbar Vape Vapme Spacex 22000 Puff Grossist"},"content":{"rendered":"<div class=\"B2VR9 CJHX3e\">\n<div class=\"wyccme\">\n<h1 class=\"LC20lb MBeuO DKV0Md\">Uppladdningsbara Vapes Vapme Spacex 22000 Puff Grossist<\/h1>\n<div class=\"flex-shrink-0 flex flex-col relative items-end\">\n<div class=\"pt-0\">\n<div class=\"gizmo-bot-avatar flex h-8 w-8 items-center justify-center overflow-hidden rounded-full\">\n<div class=\"relative p-1 rounded-sm flex items-center justify-center bg-token-main-surface-primary text-token-text-primary h-8 w-8\">\n<p>Den Uppladdningsbara Vapen <strong>Vapme Spacex 22000 bloss<\/strong> \u00e4r en premium<strong> smart eng\u00e5ngsvape<\/strong> utformad f\u00f6r anv\u00e4ndare som s\u00f6ker f\u00f6rl\u00e4ngda vaping-sessioner och bekv\u00e4mlighet. Med en imponerande <strong>30mL kapacitet av vape-juice<\/strong> och f\u00f6rm\u00e5gan att leverera \u00f6ver <strong>22 000 bloss<\/strong>, \u00e4r denna enhet byggd f\u00f6r h\u00e5llbarhet och tillfredsst\u00e4llelse. Dess <strong>850mAh batteri<\/strong>, uppladdningsbar via <strong>Type-C-port<\/strong>, s\u00e4kerst\u00e4ller att du kan njuta av dina favorit-smaker utan avbrott, vilket g\u00f6r den perfekt f\u00f6r b\u00e5de avslappnade vapers och tunga anv\u00e4ndare. Utrustad med en <strong>0,8-ohm meshspole<\/strong>, denna <strong>uppladdningsbara vape<\/strong>\u00a0ger optimal \u00e5ngproduktion, vilket s\u00e4kerst\u00e4ller att varje puff \u00e4r rik p\u00e5 smak och mjuk p\u00e5 inandningen.<\/p>\n<p>Den <strong>LED-displayen<\/strong> \u00e4r en annan framst\u00e5ende funktion, som g\u00f6r det m\u00f6jligt f\u00f6r anv\u00e4ndare att enkelt \u00f6vervaka batteriliv och e-juice niv\u00e5er p\u00e5 en blick, med avancerad teknik som g\u00f6r att den sticker ut j\u00e4mf\u00f6rt med andra <strong>eng\u00e5ngsvape med sk\u00e4rm<\/strong>. Denna <strong>eng\u00e5ngs vape-alternativ med l\u00e5g nikotinhalt <\/strong>\u00a0kommer med 2% nikotinstyrka f\u00f6r anv\u00e4ndare som s\u00f6ker en mild effekt, och\u00a0<strong>5% nikotin <\/strong>alternativet passar vapers som vill ha en starkare upplevelse.<\/p>\n<p>Den <strong>Vapme 22000<\/strong> \u00e4r idealisk f\u00f6r <strong>grossist vapes<\/strong>, vilket g\u00f6r det till ett perfekt val f\u00f6r \u00e5terf\u00f6rs\u00e4ljare som vill lagerh\u00e5lla produkter med h\u00f6g efterfr\u00e5gan. Dess stora kapacitet, uppladdningsbara batteri och smakvariation g\u00f6r det till en <strong>popul\u00e4r vape<\/strong> i <strong>eng\u00e5ngsvape<\/strong> marknad, som levererar b\u00e5de kvalitet och bekv\u00e4mlighet i ett elegant paket.<\/p>\n<\/div>\n<\/div>\n<\/div>\n<\/div>\n<\/div>\n<\/div>\n<p><strong>Kontakta Amy f\u00f6r att f\u00e5 r\u00e4tt svar och vape-kupong!<\/strong><\/p>\n<p><img loading=\"lazy\" decoding=\"async\" class=\"size-full wp-image-1978\" src=\"https:\/\/rmvapesale.com\/wp-content\/uploads\/2024\/09\/Disposable-Vape-Wholesale.jpg\" alt=\"Eng\u00e5ngsvape Partihandel\" width=\"229\" height=\"300\" \/><\/p>\n<h3><a href=\"https:\/\/wa.me\/8617776015835\" target=\"_blank\" rel=\"noopener\"><span style=\"color: #ff0000\"><strong>WhatsApp: +86 17776015835<\/strong><\/span><\/a><\/h3>\n<p>&nbsp;<\/p>\n<h2><\/h2>\n<h2><strong>Vapme 22000 <\/strong><strong>Uppladdningsbar Vape<\/strong><strong>\u00a0<\/strong><strong>Nyckelfunktioner<\/strong><\/h2>\n<p>Varum\u00e4rke: Vapme Vape<br \/>\nBatteri: 850mah typ-c port<br \/>\nKapacitet: 30mL vape-juice<br \/>\nSpole: 0,8 ohm mesh-spole<br \/>\nPuffar: 22000+ puffar<br \/>\nNikotin:2%\/5%<br \/>\nLED-display f\u00f6r batteri och e-juice<\/p>\n<h2><strong>Toppsmak f\u00f6r <\/strong><strong>Uppladdningsbar Vape <\/strong><strong>Vapme 22000 <\/strong><strong>Puffar\u00a0<\/strong><\/h2>\n<p>Denna <strong>box vape<\/strong> enhet erbjuder <strong>12 sp\u00e4nnande smaker<\/strong>, fr\u00e5n den syrliga explosionen av <strong>Blue Razz Lemonad<\/strong> till den uppfriskande kyligheten av <strong>Vattenmelon is<\/strong> och den tropiska blandningen av <strong>Mango Persika Ananas<\/strong>. Oavsett om du f\u00f6redrar s\u00f6ta, fruktiga eller iskalla smaker, har Vapme Spacex n\u00e5got f\u00f6r varje smakl\u00f6kar.<\/p>\n<p>1. Blue Razz Lemonad<span style=\"color: #ff0000\"><strong>&gt;&gt;&gt;&gt; Het!<\/strong><\/span><br \/>\n2. Persika Is<br \/>\n3.Watermelon ice <span style=\"color: #ff0000\"><strong>&gt;&gt;&gt;&gt; Het!<\/strong><\/span><br \/>\n4. Bl\u00e5b\u00e4r Hallon<br \/>\n5. K\u00f6rsb\u00e4rsglass<br \/>\n6.Strawberry ice<br \/>\n7. Jordgubb vattenmelon<br \/>\n8. Mango persika ananas <span style=\"color: #ff0000\"><strong>&gt;&gt;&gt;&gt; B\u00e4st!<\/strong><\/span><br \/>\n9. Jordgubb kiwi<br \/>\n10. Kiwi passionsfrukt guava<br \/>\n11. Energidryck<br \/>\n12.Love 66<\/p>\n<figure id=\"attachment_2542\" aria-describedby=\"caption-attachment-2542\" style=\"width: 800px\" class=\"wp-caption alignnone\"><img loading=\"lazy\" decoding=\"async\" class=\"wp-image-2542 size-full\" src=\"https:\/\/rmvapesale.com\/wp-content\/uploads\/2024\/10\/Disposable-Vape-Vapme-22000-Puffs-Price.jpg\" alt=\"Eng\u00e5ngsvape Vapme 22000 Puffar Pris\" width=\"800\" height=\"800\" srcset=\"https:\/\/rmvapesale.com\/wp-content\/uploads\/2024\/10\/Disposable-Vape-Vapme-22000-Puffs-Price.jpg 800w, https:\/\/rmvapesale.com\/wp-content\/uploads\/2024\/10\/Disposable-Vape-Vapme-22000-Puffs-Price-300x300.jpg 300w, https:\/\/rmvapesale.com\/wp-content\/uploads\/2024\/10\/Disposable-Vape-Vapme-22000-Puffs-Price-150x150.jpg 150w, https:\/\/rmvapesale.com\/wp-content\/uploads\/2024\/10\/Disposable-Vape-Vapme-22000-Puffs-Price-768x768.jpg 768w, https:\/\/rmvapesale.com\/wp-content\/uploads\/2024\/10\/Disposable-Vape-Vapme-22000-Puffs-Price-600x600.jpg 600w, https:\/\/rmvapesale.com\/wp-content\/uploads\/2024\/10\/Disposable-Vape-Vapme-22000-Puffs-Price-100x100.jpg 100w\" sizes=\"auto, (max-width: 800px) 100vw, 800px\" \/><figcaption id=\"caption-attachment-2542\" class=\"wp-caption-text\">Eng\u00e5ngsvape Vapme 22000 Puffar Pris<\/figcaption><\/figure>\n<p>&nbsp;<\/p>\n<h3><strong>Varf\u00f6r v\u00e4lja Rmvapesale f\u00f6r Vapme 22000 Puffar<\/strong><strong>?<\/strong><\/h3>\n<div class=\"flex-shrink-0 flex flex-col relative items-end\">\n<div class=\"pt-0\">\n<div class=\"gizmo-bot-avatar flex h-8 w-8 items-center justify-center overflow-hidden rounded-full\">\n<div class=\"relative p-1 rounded-sm flex items-center justify-center bg-token-main-surface-primary text-token-text-primary h-8 w-8\">\n<p>&nbsp;<\/p>\n<p>N\u00e4r du v\u00e4ljer Rmvapesale f\u00f6r dina grossistbehov av eng\u00e5ngsvapes, drar du nytta av:<\/p>\n<ul>\n<li><strong>Konkurrenskraftigt pris<\/strong>: F\u00e5 tillg\u00e5ng till attraktiva grossistpriser som \u00f6kar dina aff\u00e4rsmarginaler.<\/li>\n<li><strong>H\u00f6g kvalitet<\/strong>: V\u00e5ra vapes \u00e4r tillverkade enligt de h\u00f6gsta standarderna, och <span style=\"color: #ff0000\"><strong>garanterat 100% original och \u00e4kta, eller 10 g\u00e5nger kompensation kommer att ges f\u00f6r falska varor!<\/strong><\/span><\/li>\n<li><strong>Utm\u00e4rkt kundservice<\/strong>: V\u00e5rt dedikerade team \u00e4r alltid redo att hj\u00e4lpa dig, vilket g\u00f6r din k\u00f6pprocess smidig och problemfri.<\/li>\n<li><strong>Snabb<\/strong>: F\u00f6rv\u00e4nta dig snabb och p\u00e5litlig frakt som s\u00e4kerst\u00e4ller att dina best\u00e4llningar anl\u00e4nder i tid, varje g\u00e5ng.<\/li>\n<\/ul>\n<\/div>\n<h3><\/h3>\n<div class=\"relative p-1 rounded-sm flex items-center justify-center bg-token-main-surface-primary text-token-text-primary h-8 w-8\">\n<h3><b>\u00c5teruppladdningsbar Vape Vapme 22000 FAQ<\/b><\/h3>\n<ul>\n<li><strong>Hur man laddar Vapme Spacex 22000 \u00e5teruppladdningsbar eng\u00e5ngsvape<\/strong><br \/>\nVapme Spacex 22000 levereras med ett uppladdningsbart batteri p\u00e5 850mAh som kan laddas via Type-C-laddningsporten. Anslut helt enkelt Type-C-kabeln till en str\u00f6mk\u00e4lla f\u00f6r att ladda om enheten.<\/li>\n<li><strong>Hur mycket nikotin finns i en Vapme Spacex 22000 Puff<\/strong><br \/>\nVapme Spacex 22000 Puffs finns tillg\u00e4nglig i tv\u00e5 nikotinstyrkealternativ: 2% (20mg) f\u00f6r en mildare effekt och 5% (50mg) f\u00f6r anv\u00e4ndare som s\u00f6ker en starkare upplevelse.<\/li>\n<li><strong>Hur l\u00e4nge ska jag ladda min Vapme Spacex 22000 Vape Box?<\/strong><br \/>\nDen exakta laddningstiden beror p\u00e5 str\u00f6mk\u00e4llan, men m\u00f6jligheten till snabbladdning via Type-C g\u00f6r att laddningarna g\u00e5r relativt snabbt. Kontrollera LED-displayen f\u00f6r att se n\u00e4r batteriet \u00e4r fullt laddat, eftersom displayen ger information om batterilivsl\u00e4ngd.<\/li>\n<li><strong>Var kan jag k\u00f6pa Vapme Spacex 22000 eng\u00e5ngsvapes?<\/strong><br \/>\nVapme Spacex 22000 Puffs eng\u00e5ngsvape kan k\u00f6pas fr\u00e5n \u00e5terf\u00f6rs\u00e4ljare, vape-butiker eller onlineplattformar som specialiserar sig p\u00e5 f\u00f6rs\u00e4ljning av vapingprodukter. Den \u00e4r ocks\u00e5 tillg\u00e4nglig f\u00f6r grossistk\u00f6p, vilket g\u00f6r den till ett popul\u00e4rt alternativ f\u00f6r f\u00f6retag som vill lagerh\u00e5lla eng\u00e5ngsvapes.<\/li>\n<li><strong>Vilka \u00e4r de b\u00e4sta eng\u00e5ngsvaparna 2024?<\/strong><br \/>\nN\u00e5gra av de b\u00e4sta eng\u00e5ngsvapingarna 2024 inkluderar:<\/p>\n<ul>\n<li><strong>Vapme Spacex 22000 bloss<\/strong>: K\u00e4nd f\u00f6r sin stora kapacitet, LED-display och uppladdningsbara batteri.<\/li>\n<li><strong>Vapme Crystal 20000 Puffar<\/strong>: Popul\u00e4r f\u00f6r sin Double Flavor-funktion och bekv\u00e4ma laddning.<\/li>\n<li><strong>Aivono Fatpro 22000 Puffs<\/strong>: Erbjuder en l\u00e5ngvarig vapingupplevelse med mesh coil-teknologi och anpassningsbar luftfl\u00f6de.<\/li>\n<li><strong>Fumot RandM Tornado 30000 bloss<\/strong>: Har musik-synkronisering och RGB-lampor, perfekt f\u00f6r interaktiv vaping.<\/li>\n<\/ul>\n<\/li>\n<\/ul>\n<\/div>\n<\/div>\n<\/div>\n<\/div>\n<h3>Om frakt<\/h3>\n<div class=\"flex-shrink-0 flex flex-col relative items-end\">\n<div>\n<div class=\"pt-0\">\n<div class=\"gizmo-bot-avatar flex h-8 w-8 items-center justify-center overflow-hidden rounded-full\">\n<div><\/div>\n<div class=\"relative p-1 rounded-sm flex items-center justify-center bg-token-main-surface-primary text-token-text-primary h-8 w-8\"><strong>1. Vilka fraktmetoder anv\u00e4nds?<\/strong><\/div>\n<\/div>\n<\/div>\n<\/div>\n<\/div>\n<div class=\"group\/conversation-turn relative flex w-full min-w-0 flex-col agent-turn\">\n<div class=\"flex-col gap-1 md:gap-3\">\n<div class=\"flex max-w-full flex-col flex-grow\">\n<div class=\"min-h-[20px] text-message flex w-full flex-col items-end gap-2 whitespace-normal break-words [.text-message+&amp;]:mt-5 overflow-x-auto\" dir=\"auto\" data-message-author-role=\"assistant\" data-message-id=\"22f8283b-3233-46ff-89a5-c7a41b33abda\">\n<div class=\"flex w-full flex-col gap-1 empty:hidden first:pt-[3px]\">\n<div class=\"markdown prose w-full break-words dark:prose-invert light\">\n<p>Vi samarbetar med UPS, DHL, FedEx, DPD och andra ledande transport\u00f6rer. Vi v\u00e4ljer det b\u00e4sta frakts\u00e4ttet baserat p\u00e5 din leveransadress f\u00f6r att s\u00e4kerst\u00e4lla att du f\u00e5r dina produkter s\u00e5 snabbt som m\u00f6jligt.<\/p>\n<\/div>\n<p><strong>2. Hur l\u00e5ng tid tar det att komma fram?<\/strong><\/p>\n<p>Paket som skickas till Sverige anl\u00e4nder vanligtvis inom 10 arbetsdagar. Leveranser till europeiska l\u00e4nder tar generellt cirka 12-15 arbetsdagar. Vi kommer att ge uppdateringar i realtid om din leveransstatus.<\/p>\n<\/div>\n<\/div>\n<\/div>\n<\/div>\n<\/div>\n<p>&nbsp;<\/p>\n<p>Andra popul\u00e4ra vapes du kanske gillar:<\/p>\n<p><a href=\"https:\/\/rmvapesale.com\/sv\/product\/fumot-randm-tornado-30000-puffs-30k-music-disposable-vape\/\"><strong>RandM Tornado 30000 bloss\u00a0 \u00a0<span style=\"color: #ff0000\">&gt;&gt;&gt;&gt; k\u00f6r!<\/span><\/strong><\/a><\/p>\n<p><strong><a href=\"https:\/\/rmvapesale.com\/sv\/product\/vapme-crystal-20000-puffs-20k-double-flavor-rechargeable-vapes\/\">Vapme Crystal 20000 Puffar <span style=\"color: #ff0000\">&gt;&gt;&gt;&gt; k\u00f6r!<\/span><\/a>\u00a0<\/strong><\/p>\n<p><a href=\"https:\/\/rmvapesale.com\/sv\/product\/original-randm-vape-digital-puff-12000-fumot-factory-price\/\"><strong>Fumot Vape 12000 bloss <span style=\"color: #ff0000\">&gt;&gt;&gt;&gt; k\u00f6r!<\/span><\/strong><\/a><\/p>\n<p>&nbsp;<\/p>\n<p>&nbsp;<\/p>\n<p>Hitta fler vape-produkter du kanske gillar:<strong><em><a href=\"https:\/\/rmvapesale.com\/sv\/shop-2\/\">handla nu &gt;&gt;&gt;<\/a><\/em><\/strong><\/p>","protected":false},"excerpt":{"rendered":"<p>Grossist Uppladdningsbara Vapes Vapme Spacex 22000 Puff<br \/>\nVapme 22000 Puff Eng\u00e5ngsvape Box alla Smaker<br \/>\nVapme Spacex 22000 Puff Eng\u00e5ngsvape med Sk\u00e4rm<\/p>\n<p><img loading=\"lazy\" decoding=\"async\" class=\"size-full wp-image-2375\" src=\"https:\/\/rmvapesale.com\/wp-content\/uploads\/2024\/10\/image.png\" alt=\"B\u00e4sta eng\u00e5ngsvape\" width=\"229\" height=\"300\" \/><\/p>\n<h3><a href=\"https:\/\/wa.me\/8617776015835\"><span style=\"color: #ff0000\"><strong>WhatsApp: +86 17776015835<\/strong><\/span><\/a><\/h3>\n<p>&nbsp;<\/p>","protected":false},"featured_media":2541,"comment_status":"open","ping_status":"closed","template":"","meta":{"_uag_custom_page_level_css":"","_lmt_disableupdate":"no","_lmt_disable":"","site-sidebar-layout":"default","site-content-layout":"content-boxed-container","ast-site-content-layout":"normal-width-container","site-content-style":"boxed","site-sidebar-style":"unboxed","ast-global-header-display":"","ast-banner-title-visibility":"","ast-main-header-display":"","ast-hfb-above-header-display":"","ast-hfb-below-header-display":"","ast-hfb-mobile-header-display":"","site-post-title":"","ast-breadcrumbs-content":"","ast-featured-img":"","footer-sml-layout":"","theme-transparent-header-meta":"default","adv-header-id-meta":"","stick-header-meta":"","header-above-stick-meta":"","header-main-stick-meta":"","header-below-stick-meta":"","astra-migrate-meta-layouts":"set","ast-page-background-enabled":"default","ast-page-background-meta":{"desktop":{"background-color":"var(--ast-global-color-4)","background-image":"","background-repeat":"repeat","background-position":"center center","background-size":"auto","background-attachment":"scroll","background-type":"","background-media":"","overlay-type":"","overlay-color":"","overlay-opacity":"","overlay-gradient":""},"tablet":{"background-color":"","background-image":"","background-repeat":"repeat","background-position":"center center","background-size":"auto","background-attachment":"scroll","background-type":"","background-media":"","overlay-type":"","overlay-color":"","overlay-opacity":"","overlay-gradient":""},"mobile":{"background-color":"","background-image":"","background-repeat":"repeat","background-position":"center center","background-size":"auto","background-attachment":"scroll","background-type":"","background-media":"","overlay-type":"","overlay-color":"","overlay-opacity":"","overlay-gradient":""}},"ast-content-background-meta":{"desktop":{"background-color":"var(--ast-global-color-5)","background-image":"","background-repeat":"repeat","background-position":"center center","background-size":"auto","background-attachment":"scroll","background-type":"","background-media":"","overlay-type":"","overlay-color":"","overlay-opacity":"","overlay-gradient":""},"tablet":{"background-color":"var(--ast-global-color-5)","background-image":"","background-repeat":"repeat","background-position":"center center","background-size":"auto","background-attachment":"scroll","background-type":"","background-media":"","overlay-type":"","overlay-color":"","overlay-opacity":"","overlay-gradient":""},"mobile":{"background-color":"var(--ast-global-color-5)","background-image":"","background-repeat":"repeat","background-position":"center center","background-size":"auto","background-attachment":"scroll","background-type":"","background-media":"","overlay-type":"","overlay-color":"","overlay-opacity":"","overlay-gradient":""}},"_joinchat":[]},"product_brand":[],"product_cat":[15,25,123,26,28,135,27,137,136,30],"product_tag":[146,188,155,167,165,120],"class_list":{"0":"post-2547","1":"product","2":"type-product","3":"status-publish","4":"has-post-thumbnail","6":"product_cat-new-vape-this-week","7":"product_cat-germany-best-selling-vape","8":"product_cat-italy-wholesale-vape","9":"product_cat-netherlands-hot-sale-vape","10":"product_cat-poland-hot-sale-vape","11":"product_cat-spain-best-hot-sale-vape","12":"product_cat-fance-hot-sale-vape","13":"product_cat-rechargeable-vapes","14":"product_cat-smart-screen-vapes","15":"product_cat-minimum-order-quantity-50pcs","16":"product_tag-best-hot-sale-vape","17":"product_tag-buy-vapes-online","18":"product_tag-digital-display-box","19":"product_tag-disposable-vape-with-screen","20":"product_tag-rechargeable-vapes","21":"product_tag-vape-wholesale","22":"desktop-align-left","23":"tablet-align-left","24":"mobile-align-left","26":"first","27":"instock","28":"sale","29":"shipping-taxable","30":"purchasable","31":"product-type-simple"},"uagb_featured_image_src":{"full":["https:\/\/rmvapesale.com\/wp-content\/uploads\/2024\/10\/Disposable-Vape-Pen-Vapme-Spacex-22000.jpg",800,800,false],"thumbnail":["https:\/\/rmvapesale.com\/wp-content\/uploads\/2024\/10\/Disposable-Vape-Pen-Vapme-Spacex-22000-150x150.jpg",150,150,true],"medium":["https:\/\/rmvapesale.com\/wp-content\/uploads\/2024\/10\/Disposable-Vape-Pen-Vapme-Spacex-22000-300x300.jpg",300,300,true],"medium_large":["https:\/\/rmvapesale.com\/wp-content\/uploads\/2024\/10\/Disposable-Vape-Pen-Vapme-Spacex-22000-768x768.jpg",768,768,true],"large":["https:\/\/rmvapesale.com\/wp-content\/uploads\/2024\/10\/Disposable-Vape-Pen-Vapme-Spacex-22000.jpg",800,800,false],"1536x1536":["https:\/\/rmvapesale.com\/wp-content\/uploads\/2024\/10\/Disposable-Vape-Pen-Vapme-Spacex-22000.jpg",800,800,false],"2048x2048":["https:\/\/rmvapesale.com\/wp-content\/uploads\/2024\/10\/Disposable-Vape-Pen-Vapme-Spacex-22000.jpg",800,800,false],"trp-custom-language-flag":["https:\/\/rmvapesale.com\/wp-content\/uploads\/2024\/10\/Disposable-Vape-Pen-Vapme-Spacex-22000.jpg",12,12,false],"woocommerce_thumbnail":["https:\/\/rmvapesale.com\/wp-content\/uploads\/2024\/10\/Disposable-Vape-Pen-Vapme-Spacex-22000-300x300.jpg",300,300,true],"woocommerce_single":["https:\/\/rmvapesale.com\/wp-content\/uploads\/2024\/10\/Disposable-Vape-Pen-Vapme-Spacex-22000-600x600.jpg",600,600,true],"woocommerce_gallery_thumbnail":["https:\/\/rmvapesale.com\/wp-content\/uploads\/2024\/10\/Disposable-Vape-Pen-Vapme-Spacex-22000-100x100.jpg",100,100,true],"wcpr-photo-reviews":["https:\/\/rmvapesale.com\/wp-content\/uploads\/2024\/10\/Disposable-Vape-Pen-Vapme-Spacex-22000.jpg",500,500,false]},"uagb_author_info":{"display_name":"AMY","author_link":"https:\/\/rmvapesale.com\/sv\/author\/"},"uagb_comment_info":0,"uagb_excerpt":"Wholesale\u00a0Rechargeable Vapes Vapme Spacex 22000 Puff Vapme 22000 Puffs Disposable Vape Box all Flavor Vapme Spacex 22000 Puff Disposable Vape with Screen WhatsApp: +86 17776015835 &nbsp;","_links":{"self":[{"href":"https:\/\/rmvapesale.com\/sv\/wp-json\/wp\/v2\/product\/2547","targetHints":{"allow":["GET"]}}],"collection":[{"href":"https:\/\/rmvapesale.com\/sv\/wp-json\/wp\/v2\/product"}],"about":[{"href":"https:\/\/rmvapesale.com\/sv\/wp-json\/wp\/v2\/types\/product"}],"replies":[{"embeddable":true,"href":"https:\/\/rmvapesale.com\/sv\/wp-json\/wp\/v2\/comments?post=2547"}],"wp:featuredmedia":[{"embeddable":true,"href":"https:\/\/rmvapesale.com\/sv\/wp-json\/wp\/v2\/media\/2541"}],"wp:attachment":[{"href":"https:\/\/rmvapesale.com\/sv\/wp-json\/wp\/v2\/media?parent=2547"}],"wp:term":[{"taxonomy":"product_brand","embeddable":true,"href":"https:\/\/rmvapesale.com\/sv\/wp-json\/wp\/v2\/product_brand?post=2547"},{"taxonomy":"product_cat","embeddable":true,"href":"https:\/\/rmvapesale.com\/sv\/wp-json\/wp\/v2\/product_cat?post=2547"},{"taxonomy":"product_tag","embeddable":true,"href":"https:\/\/rmvapesale.com\/sv\/wp-json\/wp\/v2\/product_tag?post=2547"}],"curies":[{"name":"wp","href":"https:\/\/api.w.org\/{rel}","templated":true}]}}