{"id":2554,"date":"2024-10-25T06:27:27","date_gmt":"2024-10-25T06:27:27","guid":{"rendered":"https:\/\/rmvapesale.com\/?post_type=product&#038;p=2554"},"modified":"2024-10-25T07:32:34","modified_gmt":"2024-10-25T07:32:34","slug":"aivono-aim-lost-mary-6500-puff-disposable-vape-box-wholesale","status":"publish","type":"product","link":"https:\/\/rmvapesale.com\/sv\/product\/aivono-aim-lost-mary-6500-puff-disposable-vape-box-wholesale\/","title":{"rendered":"AIVONO AIM Lost Mary 6500 Puff Eng\u00e5ngs Vape Box Partihandel"},"content":{"rendered":"<div class=\"B2VR9 CJHX3e\">\n<div class=\"wyccme\">\n<h1 class=\"LC20lb MBeuO DKV0Md\">AIVONO AIM Lost Mary 6500 Puff Eng\u00e5ngs Vape Box Partihandel<\/h1>\n<div class=\"flex-shrink-0 flex flex-col relative items-end\">\n<div class=\"pt-0\">\n<div class=\"gizmo-bot-avatar flex h-8 w-8 items-center justify-center overflow-hidden rounded-full\">\n<div class=\"relative p-1 rounded-sm flex items-center justify-center bg-token-main-surface-primary text-token-text-primary h-8 w-8\">\n<p>AIVONO AIM Lost Mary 6500 Puff <strong>Eng\u00e5ngs Vape Box<\/strong> \u00e4r ett premiumval i <strong>6500 puff vape<\/strong> kategorin, utformad f\u00f6r att ge en l\u00e5ngvarig och smakrik upplevelse. Med en stor 13ml e-v\u00e4tskevolym \u00e4r denna kompakta och b\u00e4rbara <strong>box vape<\/strong> perfekt f\u00f6r vape-anv\u00e4ndare som s\u00f6ker ett h\u00f6gpuff, l\u00e5gunderh\u00e5llsalternativ. Drivs av ett 650mAh uppladdningsbart batteri och anv\u00e4nder en Type-C laddningsgr\u00e4nssnitt, s\u00e4kerst\u00e4ller Lost Mary 6500 konsekvent prestanda med snabba och enkla laddningar, vilket g\u00f6r det till ett perfekt alternativ f\u00f6r de som utforskar <strong>uppladdningsbara vapes<\/strong>.<\/p>\n<p>Levererar upp till 6500 puffar, denna <strong>eng\u00e5ngsvape<\/strong> har avancerad MESH-spoleteknologi som ger en j\u00e4mn, rik smak vid varje inandning. Dess justerbara luftfl\u00f6dessystem g\u00f6r att anv\u00e4ndare kan anpassa sin vapingupplevelse, fr\u00e5n t\u00e4tare till l\u00f6sare drag. Finns i 10 unika smaker, denna enhet tillgodoser olika preferenser och \u00e4r ett topval f\u00f6r <strong>e-cigarettbutik<\/strong> \u00e4gare och de som vill <strong>k\u00f6p vapes online<\/strong>.<\/p>\n<p>Oavsett om du \u00e4r en <strong>vape bar<\/strong> \u00e4gare som s\u00f6ker <strong>grossist vapes<\/strong> f\u00f6r ditt f\u00f6retag eller en individ som letar efter ett bekv\u00e4mt, l\u00e5ngvarigt alternativ, \u00e4r <strong>AIVONO<\/strong> AIM 6500 Puff utformad f\u00f6r tillfredsst\u00e4llelse. Med sin kvalitetskonstruktion och anv\u00e4ndarcentrerade funktioner \u00e4r den redo att bli en av de <strong>b\u00e4sta eng\u00e5ngsvapes 2024<\/strong>.<\/p>\n<\/div>\n<\/div>\n<\/div>\n<\/div>\n<\/div>\n<\/div>\n<p><strong>Kontakta Amy f\u00f6r att f\u00e5 r\u00e4tt svar och vape-kupong!<\/strong><\/p>\n<p><img loading=\"lazy\" decoding=\"async\" class=\"size-full wp-image-1978\" src=\"https:\/\/rmvapesale.com\/wp-content\/uploads\/2024\/09\/Disposable-Vape-Wholesale.jpg\" alt=\"Eng\u00e5ngsvape Partihandel\" width=\"229\" height=\"300\" \/><\/p>\n<h3><a href=\"https:\/\/wa.me\/8617776015835\" target=\"_blank\" rel=\"noopener\"><span style=\"color: #ff0000\"><strong>WhatsApp: +86 17776015835<\/strong><\/span><\/a><\/h3>\n<p>&nbsp;<\/p>\n<h2><\/h2>\n<h2><strong>AIVONO Lost Mary 6500 Eng\u00e5ngs Vape<\/strong><strong>\u00a0<\/strong><strong>Nyckelfunktioner<\/strong><\/h2>\n<p>&nbsp;<\/p>\n<p>Podkapacitet: 13ml<br \/>\nBatteri: 650mAh<br \/>\nPuff:6500 puffar<br \/>\nLaddbar: Typ \u2013 c-anslutning<br \/>\nKapacitet:13 ML<br \/>\nSmaker:10 Smaker<\/p>\n<h2><strong>Toppsmak f\u00f6r <\/strong><strong>Laddbar Vape AIVONO Lost Mary 6500 Puff<\/strong><\/h2>\n<p>Denna AIVONO Lost Mary 6500 Puff\u00a0 <strong>box vape<\/strong> enhet erbjuder <strong>12 sp\u00e4nnande smaker<\/strong>, fr\u00e5n den syrliga explosionen av <strong>Blue Razz Lemonad<\/strong> till den uppfriskande kyligheten av <strong>Vattenmelon is<\/strong> och den tropiska blandningen av <strong>Mango Persika Ananas<\/strong>. Oavsett om du f\u00f6redrar s\u00f6ta, fruktiga eller iskalla smaker, har Vapme Spacex n\u00e5got f\u00f6r varje smakl\u00f6kar.<\/p>\n<p>1. Aloe nuvarande is<span style=\"color: #ff0000\"><strong>&gt;&gt;&gt;&gt; Het!<\/strong><\/span><br \/>\n2. K\u00f6rsb\u00e4r cantaloupe<br \/>\n3. Jordgubbsglass<br \/>\n4. Jordgubbskiwi is<br \/>\n5. Ananas kokosn\u00f6t is<br \/>\n6. Citron mynta<br \/>\n7. Vit persika grapefrukt melon<br \/>\n8. Vattenmelon bubbelgum is<span style=\"color: #ff0000\"><strong>&gt;&gt;&gt;&gt; B\u00e4st!<\/strong><\/span><br \/>\n9. Jordgubbsis<span style=\"color: #ff0000\"><strong>&gt;&gt;&gt;&gt; Het!<\/strong><\/span><\/p>\n<figure id=\"attachment_2549\" aria-describedby=\"caption-attachment-2549\" style=\"width: 600px\" class=\"wp-caption alignnone\"><img loading=\"lazy\" decoding=\"async\" class=\"wp-image-2549 size-full\" src=\"https:\/\/rmvapesale.com\/wp-content\/uploads\/2024\/10\/AIM-PUFFSTAR-6500-Puffs-Disposable-Vape-Flavor.jpg\" alt=\"AIM PUFFSTAR 6500 Puffar Eng\u00e5ngsvape Smak\" width=\"600\" height=\"600\" srcset=\"https:\/\/rmvapesale.com\/wp-content\/uploads\/2024\/10\/AIM-PUFFSTAR-6500-Puffs-Disposable-Vape-Flavor.jpg 600w, https:\/\/rmvapesale.com\/wp-content\/uploads\/2024\/10\/AIM-PUFFSTAR-6500-Puffs-Disposable-Vape-Flavor-300x300.jpg 300w, https:\/\/rmvapesale.com\/wp-content\/uploads\/2024\/10\/AIM-PUFFSTAR-6500-Puffs-Disposable-Vape-Flavor-150x150.jpg 150w, https:\/\/rmvapesale.com\/wp-content\/uploads\/2024\/10\/AIM-PUFFSTAR-6500-Puffs-Disposable-Vape-Flavor-100x100.jpg 100w\" sizes=\"auto, (max-width: 600px) 100vw, 600px\" \/><figcaption id=\"caption-attachment-2549\" class=\"wp-caption-text\">AIM PUFFSTAR 6500 Puffar Eng\u00e5ngsvape Smak<\/figcaption><\/figure>\n<p>&nbsp;<\/p>\n<h3><strong>Varf\u00f6r v\u00e4lja Rmvapesale f\u00f6r AIVONO Lost Mary 6500 Eng\u00e5ngsvape<\/strong><strong>?<\/strong><\/h3>\n<div class=\"flex-shrink-0 flex flex-col relative items-end\">\n<div class=\"pt-0\">\n<div class=\"gizmo-bot-avatar flex h-8 w-8 items-center justify-center overflow-hidden rounded-full\">\n<div class=\"relative p-1 rounded-sm flex items-center justify-center bg-token-main-surface-primary text-token-text-primary h-8 w-8\">\n<p>&nbsp;<\/p>\n<p>N\u00e4r du v\u00e4ljer Rmvapesale f\u00f6r dina grossistbehov av eng\u00e5ngsvapes, drar du nytta av:<\/p>\n<ul>\n<li><strong>Konkurrenskraftigt pris<\/strong>: F\u00e5 tillg\u00e5ng till attraktiva grossistpriser som \u00f6kar dina aff\u00e4rsmarginaler.<\/li>\n<li><strong>H\u00f6g kvalitet<\/strong>: V\u00e5ra vapes \u00e4r tillverkade enligt de h\u00f6gsta standarderna, och <span style=\"color: #ff0000\"><strong>garanterat 100% original och \u00e4kta, eller 10 g\u00e5nger kompensation kommer att ges f\u00f6r falska varor!<\/strong><\/span><\/li>\n<li><strong>Utm\u00e4rkt kundservice<\/strong>: V\u00e5rt dedikerade team \u00e4r alltid redo att hj\u00e4lpa dig, vilket g\u00f6r din k\u00f6pprocess smidig och problemfri.<\/li>\n<li><strong>Snabb<\/strong>: F\u00f6rv\u00e4nta dig snabb och p\u00e5litlig frakt som s\u00e4kerst\u00e4ller att dina best\u00e4llningar anl\u00e4nder i tid, varje g\u00e5ng.<\/li>\n<\/ul>\n<\/div>\n<h3><\/h3>\n<div class=\"relative p-1 rounded-sm flex items-center justify-center bg-token-main-surface-primary text-token-text-primary h-8 w-8\">\n<h3><b>Laddbar Vape AIVONO Lost Mary 6500 Puff FAQ<\/b><\/h3>\n<ul>\n<li><strong>Hur laddar man AIVONO 6500 laddbar eng\u00e5ngsvape<\/strong><br \/>\nAIVONO Lost Mary 6500 Puff \u00e4r laddbar via en Typ-C laddningsanslutning. F\u00f6r att ladda, anslut en Typ-C-kabel till en str\u00f6mk\u00e4lla, och 650mAh-batteriet laddas snabbt, vilket m\u00f6jligg\u00f6r l\u00e4ngre vaping-sessioner.<\/li>\n<li><strong>Hur mycket nikotin finns i en AIVONO Lost Mary 6500 Puff<\/strong><br \/>\nNikotinstyrkan f\u00f6r AIVONO Lost Mary 6500 Puff \u00e4r inte specificerad i inneh\u00e5llet. Men eng\u00e5ngsvapes som denna finns ofta i olika nikotinniv\u00e5er, s\u00e5som 2% (20 mg) eller 5% (50 mg), f\u00f6r att passa olika preferenser. Du kan kontrollera med \u00e5terf\u00f6rs\u00e4ljaren eller f\u00f6rpackningen f\u00f6r exakt information.<\/li>\n<li><strong>Hur l\u00e4nge ska jag ladda min Lost Mary 6500 Eng\u00e5ngsvape Vape Box?<\/strong><br \/>\nDen specifika laddningstiden beror p\u00e5 str\u00f6mk\u00e4llan, men m\u00f6jligheten till snabbladdning via Type-C b\u00f6r till\u00e5ta en relativt snabb uppladdning. \u00d6vervaka enheten under laddning, och det rekommenderas att h\u00e4nvisa till eventuella laddningsindikatorer f\u00f6r att veta n\u00e4r den \u00e4r helt laddad.<\/li>\n<li><strong>Var kan jag k\u00f6pa AIVONO Lost Mary 6500 Eng\u00e5ngsvape?<\/strong><br \/>\nAIVONO Lost Mary 6500 Eng\u00e5ngsvape kan k\u00f6pas hos <strong>vapebutiker<\/strong>, onlineplattformar d\u00e4r du kan <strong>k\u00f6p vapes online<\/strong>, eller fr\u00e5n <strong>grossist vape<\/strong> leverant\u00f6rer. Kontrollera tillg\u00e4nglighet hos online-vape\u00e5terf\u00f6rs\u00e4ljare eller lokala butiker.<\/li>\n<li><strong>Vilka \u00e4r de b\u00e4sta eng\u00e5ngsvaparna 2024?<\/strong><br \/>\nN\u00e5gra av de b\u00e4sta eng\u00e5ngsvapingarna 2024 inkluderar:<\/p>\n<ul>\n<li><strong>AIVONO Lost Mary 6500 Puff<\/strong>: K\u00e4nd f\u00f6r sin stora e-v\u00e4tskevolym, uppladdningsbara batteri och justerbar luftfl\u00f6de.<\/li>\n<li><strong>Vapme Crystal 20000 Puffar<\/strong>: Funktioner dubbel smakfunktion f\u00f6r en m\u00e5ngsidig vapingupplevelse.<\/li>\n<li><strong>Fumot RandM Tornado 30000 bloss<\/strong>: Utm\u00e4rker sig med sina musiksynkroniserade RGB-lampor.<\/li>\n<li><strong>Aivono Fatpro 22000 Puffs<\/strong>: Erbjuder anpassningsbar luftfl\u00f6de och avancerad mesh coil-teknologi.<\/li>\n<\/ul>\n<\/li>\n<\/ul>\n<\/div>\n<\/div>\n<\/div>\n<\/div>\n<h3>Om frakt<\/h3>\n<div class=\"flex-shrink-0 flex flex-col relative items-end\">\n<div>\n<div class=\"pt-0\">\n<div class=\"gizmo-bot-avatar flex h-8 w-8 items-center justify-center overflow-hidden rounded-full\">\n<div><\/div>\n<div class=\"relative p-1 rounded-sm flex items-center justify-center bg-token-main-surface-primary text-token-text-primary h-8 w-8\"><strong>1. Vilka fraktmetoder anv\u00e4nds?<\/strong><\/div>\n<\/div>\n<\/div>\n<\/div>\n<\/div>\n<div class=\"group\/conversation-turn relative flex w-full min-w-0 flex-col agent-turn\">\n<div class=\"flex-col gap-1 md:gap-3\">\n<div class=\"flex max-w-full flex-col flex-grow\">\n<div class=\"min-h-[20px] text-message flex w-full flex-col items-end gap-2 whitespace-normal break-words [.text-message+&amp;]:mt-5 overflow-x-auto\" dir=\"auto\" data-message-author-role=\"assistant\" data-message-id=\"22f8283b-3233-46ff-89a5-c7a41b33abda\">\n<div class=\"flex w-full flex-col gap-1 empty:hidden first:pt-[3px]\">\n<div class=\"markdown prose w-full break-words dark:prose-invert light\">\n<p>Vi samarbetar med UPS, DHL, FedEx, DPD och andra ledande transport\u00f6rer. Vi v\u00e4ljer det b\u00e4sta frakts\u00e4ttet baserat p\u00e5 din leveransadress f\u00f6r att s\u00e4kerst\u00e4lla att du f\u00e5r dina produkter s\u00e5 snabbt som m\u00f6jligt.<\/p>\n<\/div>\n<p><strong>2. Hur l\u00e5ng tid tar det att komma fram?<\/strong><\/p>\n<p>Paket som skickas till Sverige anl\u00e4nder vanligtvis inom 10 arbetsdagar. Leveranser till europeiska l\u00e4nder tar generellt cirka 12-15 arbetsdagar. Vi kommer att ge uppdateringar i realtid om din leveransstatus.<\/p>\n<\/div>\n<\/div>\n<\/div>\n<\/div>\n<\/div>\n<p>&nbsp;<\/p>\n<p>Andra popul\u00e4ra vapes du kanske gillar:<\/p>\n<p><a href=\"https:\/\/rmvapesale.com\/sv\/product\/fumot-randm-tornado-30000-puffs-30k-music-disposable-vape\/\"><strong>RandM Tornado 30000 bloss\u00a0 \u00a0<span style=\"color: #ff0000\">&gt;&gt;&gt;&gt; k\u00f6r!<\/span><\/strong><\/a><\/p>\n<p><strong><a href=\"https:\/\/rmvapesale.com\/sv\/product\/vapme-crystal-20000-puffs-20k-double-flavor-rechargeable-vapes\/\">Vapme Crystal 20000 Puffar <span style=\"color: #ff0000\">&gt;&gt;&gt;&gt; k\u00f6r!<\/span><\/a>\u00a0<\/strong><\/p>\n<p><a href=\"https:\/\/rmvapesale.com\/sv\/product\/original-randm-vape-digital-puff-12000-fumot-factory-price\/\"><strong>Fumot Vape 12000 bloss <span style=\"color: #ff0000\">&gt;&gt;&gt;&gt; k\u00f6r!<\/span><\/strong><\/a><\/p>\n<p>&nbsp;<\/p>\n<p>&nbsp;<\/p>\n<p>Hitta fler vape-produkter du kanske gillar:<strong><em><a href=\"https:\/\/rmvapesale.com\/sv\/shop-2\/\">handla nu &gt;&gt;&gt;<\/a><\/em><\/strong><\/p>","protected":false},"excerpt":{"rendered":"<p>AIVONO AIM 6500 Puff Box Vape Shop Online<br \/>\nLost Mary 6500 Puff P\u00e5fyllbar Vape Bar<br \/>\nAIVONO AIM Lost Mary 6500 Puff Eng\u00e5ngs Vape Box Partihandel<\/p>\n<p><img loading=\"lazy\" decoding=\"async\" class=\"size-full wp-image-2375\" src=\"https:\/\/rmvapesale.com\/wp-content\/uploads\/2024\/10\/image.png\" alt=\"B\u00e4sta eng\u00e5ngsvape\" width=\"229\" height=\"300\" \/><\/p>\n<h3><a href=\"https:\/\/wa.me\/8617776015835\"><span style=\"color: #ff0000\"><strong>WhatsApp: +86 17776015835<\/strong><\/span><\/a><\/h3>\n<p>&nbsp;<\/p>","protected":false},"featured_media":2552,"comment_status":"open","ping_status":"closed","template":"","meta":{"_uag_custom_page_level_css":"","_lmt_disableupdate":"no","_lmt_disable":"","site-sidebar-layout":"default","site-content-layout":"content-boxed-container","ast-site-content-layout":"normal-width-container","site-content-style":"boxed","site-sidebar-style":"unboxed","ast-global-header-display":"","ast-banner-title-visibility":"","ast-main-header-display":"","ast-hfb-above-header-display":"","ast-hfb-below-header-display":"","ast-hfb-mobile-header-display":"","site-post-title":"","ast-breadcrumbs-content":"","ast-featured-img":"","footer-sml-layout":"","theme-transparent-header-meta":"default","adv-header-id-meta":"","stick-header-meta":"","header-above-stick-meta":"","header-main-stick-meta":"","header-below-stick-meta":"","astra-migrate-meta-layouts":"set","ast-page-background-enabled":"default","ast-page-background-meta":{"desktop":{"background-color":"var(--ast-global-color-4)","background-image":"","background-repeat":"repeat","background-position":"center center","background-size":"auto","background-attachment":"scroll","background-type":"","background-media":"","overlay-type":"","overlay-color":"","overlay-opacity":"","overlay-gradient":""},"tablet":{"background-color":"","background-image":"","background-repeat":"repeat","background-position":"center center","background-size":"auto","background-attachment":"scroll","background-type":"","background-media":"","overlay-type":"","overlay-color":"","overlay-opacity":"","overlay-gradient":""},"mobile":{"background-color":"","background-image":"","background-repeat":"repeat","background-position":"center center","background-size":"auto","background-attachment":"scroll","background-type":"","background-media":"","overlay-type":"","overlay-color":"","overlay-opacity":"","overlay-gradient":""}},"ast-content-background-meta":{"desktop":{"background-color":"var(--ast-global-color-5)","background-image":"","background-repeat":"repeat","background-position":"center center","background-size":"auto","background-attachment":"scroll","background-type":"","background-media":"","overlay-type":"","overlay-color":"","overlay-opacity":"","overlay-gradient":""},"tablet":{"background-color":"var(--ast-global-color-5)","background-image":"","background-repeat":"repeat","background-position":"center center","background-size":"auto","background-attachment":"scroll","background-type":"","background-media":"","overlay-type":"","overlay-color":"","overlay-opacity":"","overlay-gradient":""},"mobile":{"background-color":"var(--ast-global-color-5)","background-image":"","background-repeat":"repeat","background-position":"center center","background-size":"auto","background-attachment":"scroll","background-type":"","background-media":"","overlay-type":"","overlay-color":"","overlay-opacity":"","overlay-gradient":""}},"_joinchat":[]},"product_brand":[],"product_cat":[15,25,123,26,28,135,27,137,136,30],"product_tag":[146,188,167,189,190,165,120],"class_list":{"0":"post-2554","1":"product","2":"type-product","3":"status-publish","4":"has-post-thumbnail","6":"product_cat-new-vape-this-week","7":"product_cat-germany-best-selling-vape","8":"product_cat-italy-wholesale-vape","9":"product_cat-netherlands-hot-sale-vape","10":"product_cat-poland-hot-sale-vape","11":"product_cat-spain-best-hot-sale-vape","12":"product_cat-fance-hot-sale-vape","13":"product_cat-rechargeable-vapes","14":"product_cat-smart-screen-vapes","15":"product_cat-minimum-order-quantity-50pcs","16":"product_tag-best-hot-sale-vape","17":"product_tag-buy-vapes-online","18":"product_tag-disposable-vape-with-screen","19":"product_tag-lost-mary-vape","20":"product_tag-puff-6500","21":"product_tag-rechargeable-vapes","22":"product_tag-vape-wholesale","23":"desktop-align-left","24":"tablet-align-left","25":"mobile-align-left","27":"first","28":"instock","29":"sale","30":"shipping-taxable","31":"purchasable","32":"product-type-simple"},"uagb_featured_image_src":{"full":["https:\/\/rmvapesale.com\/wp-content\/uploads\/2024\/10\/AIM-PUFFSTAR-6500.jpg",600,600,false],"thumbnail":["https:\/\/rmvapesale.com\/wp-content\/uploads\/2024\/10\/AIM-PUFFSTAR-6500-150x150.jpg",150,150,true],"medium":["https:\/\/rmvapesale.com\/wp-content\/uploads\/2024\/10\/AIM-PUFFSTAR-6500-300x300.jpg",300,300,true],"medium_large":["https:\/\/rmvapesale.com\/wp-content\/uploads\/2024\/10\/AIM-PUFFSTAR-6500.jpg",600,600,false],"large":["https:\/\/rmvapesale.com\/wp-content\/uploads\/2024\/10\/AIM-PUFFSTAR-6500.jpg",600,600,false],"1536x1536":["https:\/\/rmvapesale.com\/wp-content\/uploads\/2024\/10\/AIM-PUFFSTAR-6500.jpg",600,600,false],"2048x2048":["https:\/\/rmvapesale.com\/wp-content\/uploads\/2024\/10\/AIM-PUFFSTAR-6500.jpg",600,600,false],"trp-custom-language-flag":["https:\/\/rmvapesale.com\/wp-content\/uploads\/2024\/10\/AIM-PUFFSTAR-6500.jpg",12,12,false],"woocommerce_thumbnail":["https:\/\/rmvapesale.com\/wp-content\/uploads\/2024\/10\/AIM-PUFFSTAR-6500-300x300.jpg",300,300,true],"woocommerce_single":["https:\/\/rmvapesale.com\/wp-content\/uploads\/2024\/10\/AIM-PUFFSTAR-6500.jpg",600,600,false],"woocommerce_gallery_thumbnail":["https:\/\/rmvapesale.com\/wp-content\/uploads\/2024\/10\/AIM-PUFFSTAR-6500-100x100.jpg",100,100,true],"wcpr-photo-reviews":["https:\/\/rmvapesale.com\/wp-content\/uploads\/2024\/10\/AIM-PUFFSTAR-6500.jpg",500,500,false]},"uagb_author_info":{"display_name":"AMY","author_link":"https:\/\/rmvapesale.com\/sv\/author\/"},"uagb_comment_info":0,"uagb_excerpt":"AIVONO AIM 6500 Puff Box Vape Shop Online Lost Mary 6500 Puff Rechargable Vape Bar AIVONO Lost Mary 6500 Puff Disposable Vape Box Wholesale WhatsApp: +86 17776015835 &nbsp;","_links":{"self":[{"href":"https:\/\/rmvapesale.com\/sv\/wp-json\/wp\/v2\/product\/2554","targetHints":{"allow":["GET"]}}],"collection":[{"href":"https:\/\/rmvapesale.com\/sv\/wp-json\/wp\/v2\/product"}],"about":[{"href":"https:\/\/rmvapesale.com\/sv\/wp-json\/wp\/v2\/types\/product"}],"replies":[{"embeddable":true,"href":"https:\/\/rmvapesale.com\/sv\/wp-json\/wp\/v2\/comments?post=2554"}],"wp:featuredmedia":[{"embeddable":true,"href":"https:\/\/rmvapesale.com\/sv\/wp-json\/wp\/v2\/media\/2552"}],"wp:attachment":[{"href":"https:\/\/rmvapesale.com\/sv\/wp-json\/wp\/v2\/media?parent=2554"}],"wp:term":[{"taxonomy":"product_brand","embeddable":true,"href":"https:\/\/rmvapesale.com\/sv\/wp-json\/wp\/v2\/product_brand?post=2554"},{"taxonomy":"product_cat","embeddable":true,"href":"https:\/\/rmvapesale.com\/sv\/wp-json\/wp\/v2\/product_cat?post=2554"},{"taxonomy":"product_tag","embeddable":true,"href":"https:\/\/rmvapesale.com\/sv\/wp-json\/wp\/v2\/product_tag?post=2554"}],"curies":[{"name":"wp","href":"https:\/\/api.w.org\/{rel}","templated":true}]}}