{"id":2562,"date":"2024-10-25T07:04:35","date_gmt":"2024-10-25T07:04:35","guid":{"rendered":"https:\/\/rmvapesale.com\/?post_type=product&#038;p=2562"},"modified":"2024-10-25T07:28:33","modified_gmt":"2024-10-25T07:28:33","slug":"elf-world-i15-pro-12000-rechargeable-disposable-vape-pod","status":"publish","type":"product","link":"https:\/\/rmvapesale.com\/sv\/product\/elf-world-i15-pro-12000-rechargeable-disposable-vape-pod\/","title":{"rendered":"Elf World i15 Pro 12000 uppladdningsbar eng\u00e5ngsvape pod"},"content":{"rendered":"<div class=\"B2VR9 CJHX3e\">\n<div class=\"wyccme\">\n<h1 class=\"LC20lb MBeuO DKV0Md\">Elf World i15 Pro 12000 uppladdningsbar eng\u00e5ngsvape pod<\/h1>\n<div class=\"flex-shrink-0 flex flex-col relative items-end\">\n<div class=\"pt-0\">\n<div class=\"gizmo-bot-avatar flex h-8 w-8 items-center justify-center overflow-hidden rounded-full\">\n<div class=\"relative p-1 rounded-sm flex items-center justify-center bg-token-main-surface-primary text-token-text-primary h-8 w-8\">\n<p>Den <strong>Elf World i15 Pro 12000 uppladdningsbar eng\u00e5ngsvape pod<\/strong> s\u00e4tter en ny standard f\u00f6r MTL-vaping med sin avancerade teknologi, eleganta design och imponerande livsl\u00e4ngd. Tillverkad med en ergonomisk formfaktor, passar denna enhet bekv\u00e4mt i din hand, vilket g\u00f6r den inte bara till en vape, utan ocks\u00e5 en raffinerad accessoar. Designad f\u00f6r b\u00e5de erfarna vejpare och nykomlingar, kombinerar denna puff 12 vape stil och funktionalitet i ett kompakt paket.<\/p>\n<p>Med <strong>12000 puffar<\/strong> per enhet, erbjuder <strong>Elf World <\/strong>i15 Pro l\u00e5ngvarig anv\u00e4ndning och konkurrerar med andra toppalternativ p\u00e5<strong> eng\u00e5ngsvape<\/strong> marknaden. Drivs av ett <strong>650mAh integrerat batteri<\/strong> och utrustad med en <strong>Type-C laddningsport<\/strong>, denna <strong>cURL Too many subrequests.<\/strong> \u00e4r designad f\u00f6r problemfri, konsekvent anv\u00e4ndning. Enheten v\u00e4rms upp snabbt f\u00f6r j\u00e4mn, konsekvent \u00e5nga med varje puff, vilket g\u00f6r din vapingupplevelse njutbar och bekv\u00e4m.<\/p>\n<p>Den <strong>Elf World 12000 puffar vape<\/strong> har ocks\u00e5 en <strong>dragaktiverade system<\/strong>, vilket f\u00f6renklar vapingprocessen, och dess livfulla display m\u00f6jligg\u00f6r enkel \u00f6vervakning av batteritiden. Med sin h\u00e5llbara konstruktion \u00e4r denna vape pod byggd f\u00f6r att t\u00e5la daglig anv\u00e4ndning samtidigt som den bibeh\u00e5ller en elegant finish som ger sofistikering till din vapingupplevelse.<\/p>\n<\/div>\n<\/div>\n<\/div>\n<\/div>\n<\/div>\n<\/div>\n<p><strong>Kontakta Amy f\u00f6r att f\u00e5 r\u00e4tt svar och vape-kupong!<\/strong><\/p>\n<p><img loading=\"lazy\" decoding=\"async\" class=\"size-full wp-image-1978\" src=\"https:\/\/rmvapesale.com\/wp-content\/uploads\/2024\/09\/Disposable-Vape-Wholesale.jpg\" alt=\"Eng\u00e5ngsvape Partihandel\" width=\"229\" height=\"300\" \/><\/p>\n<h3><a href=\"https:\/\/wa.me\/8617776015835\" target=\"_blank\" rel=\"noopener\"><span style=\"color: #ff0000\"><strong>WhatsApp: +86 17776015835<\/strong><\/span><\/a><\/h3>\n<p>&nbsp;<\/p>\n<h2><\/h2>\n<h2><strong>Elf World i15 Pro 12000 uppladdningsbar eng\u00e5ngsvape pod <\/strong><strong>Nyckelfunktioner<\/strong><\/h2>\n<p>Produkttyp: Eng\u00e5ngs Vape<br \/>\nPuff: 12000 Puffar<br \/>\nE-v\u00e4tska Kapacitet: 18mL<br \/>\nNikotinstyrka: 5%<br \/>\nSpolstruktur: Mesh Coil<br \/>\nBatterikapacitet: 650mAh<br \/>\nLaddningsport: Typ-C<br \/>\nLED-sk\u00e4rm visar f\u00f6r E-juice och batteriniv\u00e5<\/p>\n<p>&nbsp;<\/p>\n<h2><strong>Toppsmak f\u00f6r <\/strong><strong>\u00c5teruppladdningsbar Vape Elf World 12000 Puff<\/strong><\/h2>\n<p>&nbsp;<\/p>\n<p>1. Persika Mango<br \/>\n2. Druva Is<br \/>\n3. Vanilj Casta Tobak<br \/>\n4. Vattenmelon Bubbelgum <span style=\"color: #ff0000\"><strong>&gt;&gt;&gt;&gt; Het!<\/strong><\/span><br \/>\n5. Jordgubbsglass<br \/>\n6. Kiwi Passionfrukt Guava<br \/>\n7. Watermelon Ice<br \/>\n8. Hallon Vattenmelon<br \/>\n9. Blandade B\u00e4r <span style=\"color: #ff0000\"><strong>&gt;&gt;&gt;&gt; B\u00e4st!<\/strong><\/span><br \/>\n10. Jordgubb Is <span style=\"color: #ff0000\"><strong>&gt;&gt;&gt;&gt; Het!<\/strong><\/span><\/p>\n<figure id=\"attachment_2560\" aria-describedby=\"caption-attachment-2560\" style=\"width: 800px\" class=\"wp-caption alignnone\"><img loading=\"lazy\" decoding=\"async\" class=\"wp-image-2560 size-full\" src=\"https:\/\/rmvapesale.com\/wp-content\/uploads\/2024\/10\/ELFWORLD-I15-Pro-Disposable-Vape-Kit-12000-Puffs.jpg\" alt=\"ELFWORLD I15 Pro Eng\u00e5ngs Vape Kit 12000 Puffar\" width=\"800\" height=\"800\" srcset=\"https:\/\/rmvapesale.com\/wp-content\/uploads\/2024\/10\/ELFWORLD-I15-Pro-Disposable-Vape-Kit-12000-Puffs.jpg 800w, https:\/\/rmvapesale.com\/wp-content\/uploads\/2024\/10\/ELFWORLD-I15-Pro-Disposable-Vape-Kit-12000-Puffs-300x300.jpg 300w, https:\/\/rmvapesale.com\/wp-content\/uploads\/2024\/10\/ELFWORLD-I15-Pro-Disposable-Vape-Kit-12000-Puffs-150x150.jpg 150w, https:\/\/rmvapesale.com\/wp-content\/uploads\/2024\/10\/ELFWORLD-I15-Pro-Disposable-Vape-Kit-12000-Puffs-768x768.jpg 768w, https:\/\/rmvapesale.com\/wp-content\/uploads\/2024\/10\/ELFWORLD-I15-Pro-Disposable-Vape-Kit-12000-Puffs-600x600.jpg 600w, https:\/\/rmvapesale.com\/wp-content\/uploads\/2024\/10\/ELFWORLD-I15-Pro-Disposable-Vape-Kit-12000-Puffs-100x100.jpg 100w\" sizes=\"auto, (max-width: 800px) 100vw, 800px\" \/><figcaption id=\"caption-attachment-2560\" class=\"wp-caption-text\">ELFWORLD I15 Pro Eng\u00e5ngs Vape Kit 12000 Puffar<\/figcaption><\/figure>\n<h3><strong>Varf\u00f6r v\u00e4lja Rmvapesale f\u00f6r Elf World i15 Pro 12000 \u00e5teruppladdningsbar eng\u00e5ngsvape<\/strong><strong>?<\/strong><\/h3>\n<div class=\"flex-shrink-0 flex flex-col relative items-end\">\n<div class=\"pt-0\">\n<div class=\"gizmo-bot-avatar flex h-8 w-8 items-center justify-center overflow-hidden rounded-full\">\n<div class=\"relative p-1 rounded-sm flex items-center justify-center bg-token-main-surface-primary text-token-text-primary h-8 w-8\">\n<p>&nbsp;<\/p>\n<p>N\u00e4r du v\u00e4ljer Rmvapesale f\u00f6r dina grossistbehov av eng\u00e5ngsvapes, drar du nytta av:<\/p>\n<ul>\n<li><strong>Konkurrenskraftigt pris<\/strong>: F\u00e5 tillg\u00e5ng till attraktiva grossistpriser som \u00f6kar dina aff\u00e4rsmarginaler.<\/li>\n<li><strong>H\u00f6g kvalitet<\/strong>: V\u00e5ra vapes \u00e4r tillverkade enligt de h\u00f6gsta standarderna, och <span style=\"color: #ff0000\"><strong>garanterat 100% original och \u00e4kta, eller 10 g\u00e5nger kompensation kommer att ges f\u00f6r falska varor!<\/strong><\/span><\/li>\n<li><strong>Utm\u00e4rkt kundservice<\/strong>: V\u00e5rt dedikerade team \u00e4r alltid redo att hj\u00e4lpa dig, vilket g\u00f6r din k\u00f6pprocess smidig och problemfri.<\/li>\n<li><strong>Snabb<\/strong>: F\u00f6rv\u00e4nta dig snabb och p\u00e5litlig frakt som s\u00e4kerst\u00e4ller att dina best\u00e4llningar anl\u00e4nder i tid, varje g\u00e5ng.<\/li>\n<\/ul>\n<\/div>\n<h3><\/h3>\n<div class=\"relative p-1 rounded-sm flex items-center justify-center bg-token-main-surface-primary text-token-text-primary h-8 w-8\">\n<h3><b>\u00c5teruppladdningsbar Vape Elf World i15 Pro 12000 FAQ<\/b><\/h3>\n<ul>\n<li><strong>Hur man laddar Elf World Bar i15 Pro 12000 \u00e5teruppladdningsbar eng\u00e5ngsvape<\/strong><br \/>\nElf World i15 Pro 12000 levereras med ett 650mAh \u00e5teruppladdningsbart batteri. F\u00f6r att ladda, anslut enheten till en str\u00f6mk\u00e4lla med hj\u00e4lp av Typ-C-laddningsporten. Denna snabbladdningsfunktion g\u00f6r att du enkelt kan ladda om och snabbt \u00e5terg\u00e5 till vaping.<\/li>\n<li><strong>Hur mycket nikotin finns i Elf World Bar 12000 Puff<\/strong><br \/>\nNikotinstyrkan f\u00f6r Elf World i15 Pro 12000 \u00e4r inte specificerad i inneh\u00e5llet. Eng\u00e5ngsvapes finns vanligtvis i olika nikotinniv\u00e5er, s\u00e5som 2% (20mg) eller 5% (50mg). Kontrollera produktf\u00f6rpackningen eller med \u00e5terf\u00f6rs\u00e4ljaren f\u00f6r exakt nikotininformation.<\/li>\n<li><strong>Hur l\u00e4nge b\u00f6r jag ladda min Elf World 12000 eng\u00e5ngsvape?<\/strong><br \/>\nDen exakta laddningstiden beror p\u00e5 str\u00f6mk\u00e4llan, men med Typ-C snabbladdning b\u00f6r den laddas snabbt. Du kan \u00f6vervaka enhetens batteristatus p\u00e5 displayen, som visar n\u00e4r batteriet \u00e4r fullt laddat.<\/li>\n<li><strong>Var kan jag k\u00f6pa Elf World Bar i15 Pro 12000 eng\u00e5ngsvape?<\/strong><br \/>\nThe Elf World i15 Pro 12000 kan k\u00f6pas fr\u00e5n vape-butiker, online-\u00e5terf\u00f6rs\u00e4ljare som erbjuder <strong>eng\u00e5ngsvapes<\/strong>, eller <strong>grossist vape<\/strong> leverant\u00f6rer. F\u00f6r tillg\u00e4nglighet, kontrollera online vape-butiker eller lokala vape-butiker.<\/li>\n<li><strong>Vilka \u00e4r de b\u00e4sta eng\u00e5ngsvaparna 2024?<\/strong><br \/>\nN\u00e5gra av de b\u00e4sta eng\u00e5ngsvapingarna 2024 inkluderar:<\/p>\n<ul>\n<li><strong>Elf World i15 Pro 12000<\/strong>: K\u00e4nd f\u00f6r sin kapacitet p\u00e5 12000 puff, uppladdningsbart batteri och MTL-fokuserad design.<\/li>\n<li><strong>AIVONO Lost Mary 6500 Puff<\/strong>: Har justerbar luftfl\u00f6de och en kompakt design f\u00f6r h\u00f6g portabilitet.<\/li>\n<li><strong>Vapme Crystal 20000 Puffar<\/strong>: Erbjuder Double Flavor-funktion och Type-C-laddning.<\/li>\n<li><strong>Fumot RandM Tornado 30000 bloss<\/strong>: Unik med musiksynkroniserade RGB-lampor och stor puffkapacitet.<\/li>\n<\/ul>\n<\/li>\n<\/ul>\n<\/div>\n<\/div>\n<\/div>\n<\/div>\n<h3>Om frakt<\/h3>\n<div class=\"flex-shrink-0 flex flex-col relative items-end\">\n<div>\n<div class=\"pt-0\">\n<div class=\"gizmo-bot-avatar flex h-8 w-8 items-center justify-center overflow-hidden rounded-full\">\n<div><\/div>\n<div class=\"relative p-1 rounded-sm flex items-center justify-center bg-token-main-surface-primary text-token-text-primary h-8 w-8\"><strong>1. Vilka fraktmetoder anv\u00e4nds?<\/strong><\/div>\n<\/div>\n<\/div>\n<\/div>\n<\/div>\n<div class=\"group\/conversation-turn relative flex w-full min-w-0 flex-col agent-turn\">\n<div class=\"flex-col gap-1 md:gap-3\">\n<div class=\"flex max-w-full flex-col flex-grow\">\n<div class=\"min-h-[20px] text-message flex w-full flex-col items-end gap-2 whitespace-normal break-words [.text-message+&amp;]:mt-5 overflow-x-auto\" dir=\"auto\" data-message-author-role=\"assistant\" data-message-id=\"22f8283b-3233-46ff-89a5-c7a41b33abda\">\n<div class=\"flex w-full flex-col gap-1 empty:hidden first:pt-[3px]\">\n<div class=\"markdown prose w-full break-words dark:prose-invert light\">\n<p>Vi samarbetar med UPS, DHL, FedEx, DPD och andra ledande transport\u00f6rer. Vi v\u00e4ljer det b\u00e4sta frakts\u00e4ttet baserat p\u00e5 din leveransadress f\u00f6r att s\u00e4kerst\u00e4lla att du f\u00e5r dina produkter s\u00e5 snabbt som m\u00f6jligt.<\/p>\n<\/div>\n<p><strong>2. Hur l\u00e5ng tid tar det att komma fram?<\/strong><\/p>\n<p>Paket som skickas till Sverige anl\u00e4nder vanligtvis inom 10 arbetsdagar. Leveranser till europeiska l\u00e4nder tar generellt cirka 12-15 arbetsdagar. Vi kommer att ge uppdateringar i realtid om din leveransstatus.<\/p>\n<\/div>\n<\/div>\n<\/div>\n<\/div>\n<\/div>\n<p>&nbsp;<\/p>\n<p>Andra popul\u00e4ra vapes du kanske gillar:<\/p>\n<p><a href=\"https:\/\/rmvapesale.com\/sv\/product\/fumot-randm-tornado-30000-puffs-30k-music-disposable-vape\/\"><strong>RandM Tornado 30000 bloss\u00a0 \u00a0<span style=\"color: #ff0000\">&gt;&gt;&gt;&gt; k\u00f6r!<\/span><\/strong><\/a><\/p>\n<p><strong><a href=\"https:\/\/rmvapesale.com\/sv\/product\/rechargeable-vape-vapme-spacex-22000-puff-wholesale\/\">Vapme Spacex 22000 bloss <span style=\"color: #ff0000\">&gt;&gt;&gt;&gt; k\u00f6r!<\/span><\/a>\u00a0<\/strong><\/p>\n<p><a href=\"https:\/\/rmvapesale.com\/sv\/product\/original-randm-vape-digital-puff-12000-fumot-factory-price\/\"><strong>Fumot Vape 12000 bloss <span style=\"color: #ff0000\">&gt;&gt;&gt;&gt; k\u00f6r!<\/span><\/strong><\/a><\/p>\n<p>&nbsp;<\/p>\n<p>&nbsp;<\/p>\n<p>Hitta fler vape-produkter du kanske gillar:<strong><em><a href=\"https:\/\/rmvapesale.com\/sv\/shop-2\/\">handla nu &gt;&gt;&gt;<\/a><\/em><\/strong><\/p>","protected":false},"excerpt":{"rendered":"<p>ELFWORLD i15 Pro 12000 Puffar Eng\u00e5ngs Vape Grossist<br \/>\nElf World i15 Pro Ultra Slim Eng\u00e5ngs Vape 12K Puffar<br \/>\nELFWORLD I15 Pro Eng\u00e5ngs Vape Kit 12000 Puffar<\/p>\n<p><img loading=\"lazy\" decoding=\"async\" class=\"size-full wp-image-2375\" src=\"https:\/\/rmvapesale.com\/wp-content\/uploads\/2024\/10\/image.png\" alt=\"B\u00e4sta eng\u00e5ngsvape\" width=\"229\" height=\"300\" \/><\/p>\n<h3><a href=\"https:\/\/wa.me\/8617776015835\"><span style=\"color: #ff0000\"><strong>WhatsApp: +86 17776015835<\/strong><\/span><\/a><\/h3>\n<p>&nbsp;<\/p>","protected":false},"featured_media":2558,"comment_status":"open","ping_status":"closed","template":"","meta":{"_uag_custom_page_level_css":"","_lmt_disableupdate":"no","_lmt_disable":"","site-sidebar-layout":"default","site-content-layout":"content-boxed-container","ast-site-content-layout":"normal-width-container","site-content-style":"boxed","site-sidebar-style":"unboxed","ast-global-header-display":"","ast-banner-title-visibility":"","ast-main-header-display":"","ast-hfb-above-header-display":"","ast-hfb-below-header-display":"","ast-hfb-mobile-header-display":"","site-post-title":"","ast-breadcrumbs-content":"","ast-featured-img":"","footer-sml-layout":"","ast-disable-related-posts":"","theme-transparent-header-meta":"default","adv-header-id-meta":"","stick-header-meta":"","header-above-stick-meta":"","header-main-stick-meta":"","header-below-stick-meta":"","astra-migrate-meta-layouts":"set","ast-page-background-enabled":"default","ast-page-background-meta":{"desktop":{"background-color":"var(--ast-global-color-4)","background-image":"","background-repeat":"repeat","background-position":"center center","background-size":"auto","background-attachment":"scroll","background-type":"","background-media":"","overlay-type":"","overlay-color":"","overlay-opacity":"","overlay-gradient":""},"tablet":{"background-color":"","background-image":"","background-repeat":"repeat","background-position":"center center","background-size":"auto","background-attachment":"scroll","background-type":"","background-media":"","overlay-type":"","overlay-color":"","overlay-opacity":"","overlay-gradient":""},"mobile":{"background-color":"","background-image":"","background-repeat":"repeat","background-position":"center center","background-size":"auto","background-attachment":"scroll","background-type":"","background-media":"","overlay-type":"","overlay-color":"","overlay-opacity":"","overlay-gradient":""}},"ast-content-background-meta":{"desktop":{"background-color":"var(--ast-global-color-5)","background-image":"","background-repeat":"repeat","background-position":"center center","background-size":"auto","background-attachment":"scroll","background-type":"","background-media":"","overlay-type":"","overlay-color":"","overlay-opacity":"","overlay-gradient":""},"tablet":{"background-color":"var(--ast-global-color-5)","background-image":"","background-repeat":"repeat","background-position":"center center","background-size":"auto","background-attachment":"scroll","background-type":"","background-media":"","overlay-type":"","overlay-color":"","overlay-opacity":"","overlay-gradient":""},"mobile":{"background-color":"var(--ast-global-color-5)","background-image":"","background-repeat":"repeat","background-position":"center center","background-size":"auto","background-attachment":"scroll","background-type":"","background-media":"","overlay-type":"","overlay-color":"","overlay-opacity":"","overlay-gradient":""}},"_joinchat":[]},"product_brand":[],"product_cat":[15,27,25,123,30,26,28,137,136,135],"product_tag":[146,188,167,165,191,120],"class_list":{"0":"post-2562","1":"product","2":"type-product","3":"status-publish","4":"has-post-thumbnail","6":"product_cat-new-vape-this-week","7":"product_cat-fance-hot-sale-vape","8":"product_cat-germany-best-selling-vape","9":"product_cat-italy-wholesale-vape","10":"product_cat-minimum-order-quantity-50pcs","11":"product_cat-netherlands-hot-sale-vape","12":"product_cat-poland-hot-sale-vape","13":"product_cat-rechargeable-vapes","14":"product_cat-smart-screen-vapes","15":"product_cat-spain-best-hot-sale-vape","16":"product_tag-best-hot-sale-vape","17":"product_tag-buy-vapes-online","18":"product_tag-disposable-vape-with-screen","19":"product_tag-rechargeable-vapes","20":"product_tag-vape-box","21":"product_tag-vape-wholesale","22":"desktop-align-left","23":"tablet-align-left","24":"mobile-align-left","26":"first","27":"instock","28":"sale","29":"shipping-taxable","30":"purchasable","31":"product-type-simple"},"uagb_featured_image_src":{"full":["https:\/\/rmvapesale.com\/wp-content\/uploads\/2024\/10\/ELFWORLD-I15-Pro-12000-Puffs.png",800,800,false],"thumbnail":["https:\/\/rmvapesale.com\/wp-content\/uploads\/2024\/10\/ELFWORLD-I15-Pro-12000-Puffs-150x150.png",150,150,true],"medium":["https:\/\/rmvapesale.com\/wp-content\/uploads\/2024\/10\/ELFWORLD-I15-Pro-12000-Puffs-300x300.png",300,300,true],"medium_large":["https:\/\/rmvapesale.com\/wp-content\/uploads\/2024\/10\/ELFWORLD-I15-Pro-12000-Puffs-768x768.png",768,768,true],"large":["https:\/\/rmvapesale.com\/wp-content\/uploads\/2024\/10\/ELFWORLD-I15-Pro-12000-Puffs.png",800,800,false],"1536x1536":["https:\/\/rmvapesale.com\/wp-content\/uploads\/2024\/10\/ELFWORLD-I15-Pro-12000-Puffs.png",800,800,false],"2048x2048":["https:\/\/rmvapesale.com\/wp-content\/uploads\/2024\/10\/ELFWORLD-I15-Pro-12000-Puffs.png",800,800,false],"trp-custom-language-flag":["https:\/\/rmvapesale.com\/wp-content\/uploads\/2024\/10\/ELFWORLD-I15-Pro-12000-Puffs.png",12,12,false],"woocommerce_thumbnail":["https:\/\/rmvapesale.com\/wp-content\/uploads\/2024\/10\/ELFWORLD-I15-Pro-12000-Puffs-300x300.png",300,300,true],"woocommerce_single":["https:\/\/rmvapesale.com\/wp-content\/uploads\/2024\/10\/ELFWORLD-I15-Pro-12000-Puffs-600x600.png",600,600,true],"woocommerce_gallery_thumbnail":["https:\/\/rmvapesale.com\/wp-content\/uploads\/2024\/10\/ELFWORLD-I15-Pro-12000-Puffs-100x100.png",100,100,true],"wcpr-photo-reviews":["https:\/\/rmvapesale.com\/wp-content\/uploads\/2024\/10\/ELFWORLD-I15-Pro-12000-Puffs.png",500,500,false]},"uagb_author_info":{"display_name":"AMY","author_link":"https:\/\/rmvapesale.com\/sv\/author\/"},"uagb_comment_info":0,"uagb_excerpt":"ELFWORLD i15 Pro 12000 Puffs Disposable Vape Wholesale Elf World i15 Pro Ultra Slim Disposable Vape 12K Puffs ELFWORLD I15 Pro Disposable Vape Kit 12000 Puffs WhatsApp: +86 17776015835 &nbsp;","_links":{"self":[{"href":"https:\/\/rmvapesale.com\/sv\/wp-json\/wp\/v2\/product\/2562","targetHints":{"allow":["GET"]}}],"collection":[{"href":"https:\/\/rmvapesale.com\/sv\/wp-json\/wp\/v2\/product"}],"about":[{"href":"https:\/\/rmvapesale.com\/sv\/wp-json\/wp\/v2\/types\/product"}],"replies":[{"embeddable":true,"href":"https:\/\/rmvapesale.com\/sv\/wp-json\/wp\/v2\/comments?post=2562"}],"wp:featuredmedia":[{"embeddable":true,"href":"https:\/\/rmvapesale.com\/sv\/wp-json\/wp\/v2\/media\/2558"}],"wp:attachment":[{"href":"https:\/\/rmvapesale.com\/sv\/wp-json\/wp\/v2\/media?parent=2562"}],"wp:term":[{"taxonomy":"product_brand","embeddable":true,"href":"https:\/\/rmvapesale.com\/sv\/wp-json\/wp\/v2\/product_brand?post=2562"},{"taxonomy":"product_cat","embeddable":true,"href":"https:\/\/rmvapesale.com\/sv\/wp-json\/wp\/v2\/product_cat?post=2562"},{"taxonomy":"product_tag","embeddable":true,"href":"https:\/\/rmvapesale.com\/sv\/wp-json\/wp\/v2\/product_tag?post=2562"}],"curies":[{"name":"wp","href":"https:\/\/api.w.org\/{rel}","templated":true}]}}