{"id":2572,"date":"2024-10-25T08:57:44","date_gmt":"2024-10-25T08:57:44","guid":{"rendered":"https:\/\/rmvapesale.com\/?post_type=product&#038;p=2572"},"modified":"2024-10-31T02:50:17","modified_gmt":"2024-10-31T02:50:17","slug":"elfworld-mx25000-puffs-rechargeable-disposable-vape-0-2-5-nicotine","status":"publish","type":"product","link":"https:\/\/rmvapesale.com\/sv\/product\/elfworld-mx25000-puffs-rechargeable-disposable-vape-0-2-5-nicotine\/","title":{"rendered":"ELFWORLD MX25000 puff uppladdningsbar eng\u00e5ngsvape 0% 2% 5% nikotin"},"content":{"rendered":"<div class=\"B2VR9 CJHX3e\">\n<div class=\"wyccme\">\n<h1 class=\"LC20lb MBeuO DKV0Md\">ELFWORLD MX25000 puff uppladdningsbar eng\u00e5ngsvape 0% 2% 5% nikotin<\/h1>\n<div class=\"flex-shrink-0 flex flex-col relative items-end\">\n<div class=\"pt-0\">\n<div class=\"gizmo-bot-avatar flex h-8 w-8 items-center justify-center overflow-hidden rounded-full\">\n<div class=\"relative p-1 rounded-sm flex items-center justify-center bg-token-main-surface-primary text-token-text-primary h-8 w-8\">\n<p>Den <strong>ELFWORLD MX25000 Puffar Eng\u00e5ngsvape<\/strong> \u00e4r skapad f\u00f6r ut\u00f6kad vaping-njutning och anpassningsbara preferenser, vilket g\u00f6r den till en utm\u00e4rkare i vapingv\u00e4rlden <strong>popul\u00e4ra vape-m\u00e4rken<\/strong>. Med en massiv <strong>25 000 puffars vape<\/strong> kapacitet och en betydande <strong>25 ml e-v\u00e4tskebeh\u00e5llare<\/strong>, erbjuder denna enhet l\u00e5ngvarig tillfredsst\u00e4llelse utan frekventa p\u00e5fyllningar. Perfekt f\u00f6r b\u00e5de tillf\u00e4lliga och erfarna vapers, MX ger en premiumupplevelse i varje bloss.<\/p>\n<p>Designad f\u00f6r bekv\u00e4mlighet och effektivitet, <strong>ELFWORLD MX25000<\/strong> drivs av en p\u00e5litlig <strong>850mAh uppladdningsbart batteri<\/strong> och anv\u00e4nder <strong>Type-C laddning<\/strong>, vilket s\u00e4kerst\u00e4ller snabba och bekv\u00e4ma laddningar. Nikotinsalt-alternativen inkluderar 0%, 2%, 3% och 5%, som tillgodoser ett brett spektrum av behov, inklusive <strong>b\u00e4sta l\u00e5ga nikotinvape<\/strong> s\u00f6kare. Den <strong>mesh coil<\/strong> tekniken s\u00e4kerst\u00e4ller optimal smak- och \u00e5ngproduktion, medan det justerbara luftfl\u00f6det och <strong>digital display sk\u00e4rm<\/strong> ge dig f\u00f6rb\u00e4ttrad kontroll \u00f6ver din upplevelse.<\/p>\n<p>Tillg\u00e4nglig i <strong>vapes i bulk<\/strong>, den <strong>ELFWORLD MX 25000<\/strong> \u00e4r idealisk f\u00f6r grossistk\u00f6pare eller alla som s\u00f6ker en <strong>smarta vapen<\/strong> med avancerade funktioner. Hitta denna <strong>eng\u00e5ngsvape<\/strong> online eller i din favorit <strong>e-cigarettbutik<\/strong>, och lyft din vapingupplevelse med h\u00f6gkvalitativ prestanda och bekv\u00e4mlighet.<\/p>\n<\/div>\n<\/div>\n<\/div>\n<\/div>\n<\/div>\n<\/div>\n<p><strong>Kontakta Amy f\u00f6r att f\u00e5 r\u00e4tt svar och vape-kupong!<\/strong><\/p>\n<p><img loading=\"lazy\" decoding=\"async\" class=\"size-full wp-image-1978\" src=\"https:\/\/rmvapesale.com\/wp-content\/uploads\/2024\/09\/Disposable-Vape-Wholesale.jpg\" alt=\"Eng\u00e5ngsvape Partihandel\" width=\"229\" height=\"300\" \/><\/p>\n<h3><a href=\"https:\/\/wa.me\/8617776015835\" target=\"_blank\" rel=\"noopener\"><span style=\"color: #ff0000\"><strong>WhatsApp: +86 17776015835<\/strong><\/span><\/a><\/h3>\n<p>&nbsp;<\/p>\n<h2><\/h2>\n<h2><strong>ELFWORLD MX25000 Puffs Uppladdningsbar Eng\u00e5ngsvape <\/strong><strong>Nyckelfunktioner<\/strong><\/h2>\n<p>F\u00f6rfylld 28 ml E-Juice<br \/>\nUppladdningsbart 850mAh Batteri<br \/>\nAntal Puffar: Cirka 25000 Puffar<br \/>\nTv\u00e5 Vapingl\u00e4gen: Vanligt L\u00e4ge(12W)\/Turbol\u00e4ge(25W)<br \/>\n0%, 2%, 5% Nikotinstyrka<br \/>\nUSB Typ-C Laddning (Ing\u00e5r ej)<br \/>\nDragaktiverad<br \/>\nMTL-vaping<\/p>\n<p>&nbsp;<\/p>\n<h2><strong>Toppsmak f\u00f6r <\/strong><strong>Uppladdningsbar Vape ELFWORLD MX 25000 Puff<\/strong><\/h2>\n<p>1.Strawberry Ice <span style=\"color: #ff0000\"><strong>&gt;&gt;&gt;&gt; Het!<\/strong><\/span><br \/>\n2.Watermelon Ice<br \/>\n3.Grape Ice<br \/>\n4.Mint<br \/>\n5.Double Apple<br \/>\n6.Juicy Peach Ice<br \/>\n7.Bl\u00e5 hallon-is <span style=\"color: #ff0000\"><strong>&gt;&gt;&gt;&gt; Het!<\/strong><\/span><br \/>\n8.Rosa Lemonad <span style=\"color: #ff0000\"><strong>&gt;&gt;&gt;&gt; B\u00e4st!<\/strong><\/span><br \/>\n9.Blandade B\u00e4r<br \/>\n10.Bl\u00e5b\u00e4r Vattenmelon<br \/>\n11.Lime B\u00e4r Apelsin<br \/>\n12.Bl\u00e5b\u00e4r B Pop<br \/>\n13.Hallon Persika Lime<br \/>\n14.Sur Mango Ananas 15.Persika Bl\u00e5 Slushy<\/p>\n<figure id=\"attachment_2608\" aria-describedby=\"caption-attachment-2608\" style=\"width: 600px\" class=\"wp-caption alignnone\"><img loading=\"lazy\" decoding=\"async\" class=\"wp-image-2608 size-full\" src=\"https:\/\/rmvapesale.com\/wp-content\/uploads\/2024\/10\/Rechargeable-Disposable-Vape-ELFWORLD-MX-25000-Puffs.jpg\" alt=\"Uppladdningsbar Eng\u00e5ngsvape ELFWORLD MX 25000 Puffs\" width=\"600\" height=\"849\" srcset=\"https:\/\/rmvapesale.com\/wp-content\/uploads\/2024\/10\/Rechargeable-Disposable-Vape-ELFWORLD-MX-25000-Puffs.jpg 600w, https:\/\/rmvapesale.com\/wp-content\/uploads\/2024\/10\/Rechargeable-Disposable-Vape-ELFWORLD-MX-25000-Puffs-212x300.jpg 212w\" sizes=\"auto, (max-width: 600px) 100vw, 600px\" \/><figcaption id=\"caption-attachment-2608\" class=\"wp-caption-text\">Uppladdningsbar Eng\u00e5ngsvape ELFWORLD MX 25000 Puffs<\/figcaption><\/figure>\n<h3><strong>Varf\u00f6r v\u00e4lja Rmvapesale f\u00f6r ELFWORLD MX25000 Puffs Eng\u00e5ngsvape<\/strong><strong>?<\/strong><\/h3>\n<div class=\"flex-shrink-0 flex flex-col relative items-end\">\n<div class=\"pt-0\">\n<div class=\"gizmo-bot-avatar flex h-8 w-8 items-center justify-center overflow-hidden rounded-full\">\n<div class=\"relative p-1 rounded-sm flex items-center justify-center bg-token-main-surface-primary text-token-text-primary h-8 w-8\">\n<p>V\u00e4lkommen till Rmvapesale, din p\u00e5litliga vapebutik f\u00f6r f\u00f6rstklassiga eng\u00e5ngsvapes. Med \u00f6ver 5 \u00e5rs expertis, erbjuder vi popul\u00e4ra varum\u00e4rken f\u00f6r eng\u00e5ngsvapes som Al Fakher, <a href=\"https:\/\/rmvapesale.com\/sv\/product\/vapme-crystal-7000-puffs-rechargeable-disposable-vape-price\/\">Vapme<\/a>, <a href=\"https:\/\/rmvapesale.com\/sv\/product-category\/bang-vapes\/\">Bang Vape<\/a>, Waspe, <a href=\"https:\/\/rmvapesale.com\/sv\/product\/wga-crystal-pro-max-extra-15k-puffs-disposable-vape-wholesale\/\">WGA<\/a> Vape och<a href=\"https:\/\/rmvapesale.com\/sv\/product-category\/randm-fumot-vape\/\"> RandM Vape<\/a>.<\/p>\n<p>V\u00e5rt sortiment inkluderar popul\u00e4ra vapes som <a href=\"https:\/\/rmvapesale.com\/sv\/product\/fumot-digital-box-12000-disposable-vape-pink-lemonade-flavor\/\">RandM 12k<\/a> och smakrika alternativ som <a href=\"https:\/\/rmvapesale.com\/sv\/product\/wga-crystal-plus-20000-puff-dual-flavour-disposable-vape\/\">WGA 20K Puff<\/a>. Varje produkt \u00e4r utvald med fokus p\u00e5 kvalitet, v\u00e4rde och variation, vilket s\u00e4kerst\u00e4ller att du hittar den perfekta matchningen f\u00f6r dina behov. Uppt\u00e4ck exceptionell service och ett brett utbud av topprodukter hos Rmvapesale.<\/p>\n<\/div>\n<h3><\/h3>\n<div class=\"relative p-1 rounded-sm flex items-center justify-center bg-token-main-surface-primary text-token-text-primary h-8 w-8\">\n<h3><b>ELFWORLD MX25000 Vape VANLIGA FR\u00c5GOR<\/b><\/h3>\n<ul>\n<li><strong>Hur laddar jag den uppladdningsbara eng\u00e5ngsvapen ELFWORLD MX 25000 Puffs?<\/strong><br \/>\nF\u00f6r att ladda din <strong>ELFWORLD MX 25000<\/strong> eng\u00e5ngsvape, anv\u00e4nd <strong>Type-C laddningsport<\/strong> placerad vid enhetens bas. Anslut den till en kompatibel str\u00f6mk\u00e4lla f\u00f6r en snabb och effektiv laddning, och \u00f6vervaka batteriniv\u00e5n via den digitala sk\u00e4rmen.<\/li>\n<li><strong>Vilka nikotinstyrkor finns tillg\u00e4ngliga i ELFWORLD MX 25000 Puffs Disposable Vape?<\/strong><br \/>\nDen <strong>ELFWORLD MX 25000<\/strong> erbjuder en variation av <strong>nikotinsalt<\/strong> alternativ: 0%, 2%, 3%, och 5%, vilket till\u00e5ter anv\u00e4ndare att v\u00e4lja den styrka som b\u00e4st passar deras preferenser, inklusive alternativ f\u00f6r de som s\u00f6ker <strong>b\u00e4sta l\u00e5ga nikotinvape<\/strong> l\u00f6sningar.<\/li>\n<li><strong>Hur l\u00e4nge varar ELFWORLD 25000 Puffs Disposable Vape?<\/strong><br \/>\nMed en <strong>25 000 puffar kapacitet<\/strong> och <strong>25 ml e-v\u00e4tskebeh\u00e5llare<\/strong>, den <strong>ELFWORLD 25000<\/strong> \u00e4r designad f\u00f6r l\u00e5ngvarig anv\u00e4ndning, vilket g\u00f6r den idealisk f\u00f6r ut\u00f6kade vejpsessioner utan behov av frekventa p\u00e5fyllningar eller byten.<\/li>\n<li><strong>Var kan jag k\u00f6pa ELFWORLD MX25000 Puffs Disposable Vape online?<\/strong><br \/>\nDen <strong>ELFWORLD MX25000<\/strong> \u00e4r tillg\u00e4nglig via olika <strong>eng\u00e5ngsvapes online<\/strong> \u00e5terf\u00f6rs\u00e4ljare och <strong>e-cigarettbutik<\/strong> butiker. Det \u00e4r ett popul\u00e4rt val bland <strong>vapes i bulk<\/strong> ink\u00f6p och partihandelsalternativ.<\/li>\n<li><strong>Vad g\u00f6r ELFWORLD MX 25000 Puffs Disposable Vape till ett smart val?<\/strong><br \/>\nDen <strong>ELFWORLD MX 25000<\/strong> sticker ut tack vare sin <strong>digital display sk\u00e4rm<\/strong> f\u00f6r \u00f6vervakning av batteri och e-v\u00e4tska, <strong>justerbara luftfl\u00f6dessystemet<\/strong>, och <strong>mesh coil<\/strong> teknologi. Denna <strong>smarta vapen<\/strong> erbjuder en h\u00f6gkvalitativ upplevelse med f\u00f6rb\u00e4ttrad kontroll, vilket g\u00f6r den till en av <strong>b\u00e4sta eng\u00e5ngsvapes<\/strong> p\u00e5 marknaden.<\/li>\n<\/ul>\n<\/div>\n<\/div>\n<\/div>\n<\/div>\n<h3>Om frakt<\/h3>\n<div class=\"flex-shrink-0 flex flex-col relative items-end\">\n<div>\n<div class=\"pt-0\">\n<div class=\"gizmo-bot-avatar flex h-8 w-8 items-center justify-center overflow-hidden rounded-full\">\n<div><\/div>\n<div class=\"relative p-1 rounded-sm flex items-center justify-center bg-token-main-surface-primary text-token-text-primary h-8 w-8\"><strong>1. Vilka fraktmetoder anv\u00e4nds?<\/strong><\/div>\n<\/div>\n<\/div>\n<\/div>\n<\/div>\n<div class=\"group\/conversation-turn relative flex w-full min-w-0 flex-col agent-turn\">\n<div class=\"flex-col gap-1 md:gap-3\">\n<div class=\"flex max-w-full flex-col flex-grow\">\n<div class=\"min-h-[20px] text-message flex w-full flex-col items-end gap-2 whitespace-normal break-words [.text-message+&amp;]:mt-5 overflow-x-auto\" dir=\"auto\" data-message-author-role=\"assistant\" data-message-id=\"22f8283b-3233-46ff-89a5-c7a41b33abda\">\n<div class=\"flex w-full flex-col gap-1 empty:hidden first:pt-[3px]\">\n<div class=\"markdown prose w-full break-words dark:prose-invert light\">\n<p>Vi samarbetar med UPS, DHL, FedEx, DPD och andra ledande transport\u00f6rer. Vi v\u00e4ljer det b\u00e4sta frakts\u00e4ttet baserat p\u00e5 din leveransadress f\u00f6r att s\u00e4kerst\u00e4lla att du f\u00e5r dina produkter s\u00e5 snabbt som m\u00f6jligt.<\/p>\n<\/div>\n<p><strong>2. Hur l\u00e5ng tid tar det att komma fram?<\/strong><\/p>\n<p>Paket som skickas till Sverige anl\u00e4nder vanligtvis inom 10 arbetsdagar. Leveranser till europeiska l\u00e4nder tar generellt cirka 12-15 arbetsdagar. Vi kommer att ge uppdateringar i realtid om din leveransstatus.<\/p>\n<\/div>\n<\/div>\n<\/div>\n<\/div>\n<\/div>\n<p>&nbsp;<\/p>\n<p>Hitta fler vape-produkter du kanske gillar:<strong><em><a href=\"https:\/\/rmvapesale.com\/sv\/shop-2\/\">handla nu &gt;&gt;&gt;<\/a><\/em><\/strong><\/p>","protected":false},"excerpt":{"rendered":"<p>ELFWORLD MX 25000 Puff Tyskland Het F\u00f6rs\u00e4ljning Vape<br \/>\nElfworld MX25000 25K Puffar Eng\u00e5ngsvape Grossist<br \/>\nStora Puffar Elfworld MX25000 Eng\u00e5ngsvape Grossist<\/p>\n<p><img loading=\"lazy\" decoding=\"async\" class=\"size-full wp-image-2375\" src=\"https:\/\/rmvapesale.com\/wp-content\/uploads\/2024\/10\/image.png\" alt=\"B\u00e4sta eng\u00e5ngsvape\" width=\"229\" height=\"300\" \/><\/p>\n<h3><a href=\"https:\/\/wa.me\/8617776015835\"><span style=\"color: #ff0000\"><strong>WhatsApp: +86 17776015835<\/strong><\/span><\/a><\/h3>\n<p>&nbsp;<\/p>","protected":false},"featured_media":2604,"comment_status":"open","ping_status":"closed","template":"","meta":{"_uag_custom_page_level_css":"","_lmt_disableupdate":"no","_lmt_disable":"","site-sidebar-layout":"default","site-content-layout":"content-boxed-container","ast-site-content-layout":"normal-width-container","site-content-style":"boxed","site-sidebar-style":"unboxed","ast-global-header-display":"","ast-banner-title-visibility":"","ast-main-header-display":"","ast-hfb-above-header-display":"","ast-hfb-below-header-display":"","ast-hfb-mobile-header-display":"","site-post-title":"","ast-breadcrumbs-content":"","ast-featured-img":"","footer-sml-layout":"","theme-transparent-header-meta":"default","adv-header-id-meta":"","stick-header-meta":"","header-above-stick-meta":"","header-main-stick-meta":"","header-below-stick-meta":"","astra-migrate-meta-layouts":"set","ast-page-background-enabled":"default","ast-page-background-meta":{"desktop":{"background-color":"var(--ast-global-color-4)","background-image":"","background-repeat":"repeat","background-position":"center center","background-size":"auto","background-attachment":"scroll","background-type":"","background-media":"","overlay-type":"","overlay-color":"","overlay-opacity":"","overlay-gradient":""},"tablet":{"background-color":"","background-image":"","background-repeat":"repeat","background-position":"center center","background-size":"auto","background-attachment":"scroll","background-type":"","background-media":"","overlay-type":"","overlay-color":"","overlay-opacity":"","overlay-gradient":""},"mobile":{"background-color":"","background-image":"","background-repeat":"repeat","background-position":"center center","background-size":"auto","background-attachment":"scroll","background-type":"","background-media":"","overlay-type":"","overlay-color":"","overlay-opacity":"","overlay-gradient":""}},"ast-content-background-meta":{"desktop":{"background-color":"var(--ast-global-color-5)","background-image":"","background-repeat":"repeat","background-position":"center center","background-size":"auto","background-attachment":"scroll","background-type":"","background-media":"","overlay-type":"","overlay-color":"","overlay-opacity":"","overlay-gradient":""},"tablet":{"background-color":"var(--ast-global-color-5)","background-image":"","background-repeat":"repeat","background-position":"center center","background-size":"auto","background-attachment":"scroll","background-type":"","background-media":"","overlay-type":"","overlay-color":"","overlay-opacity":"","overlay-gradient":""},"mobile":{"background-color":"var(--ast-global-color-5)","background-image":"","background-repeat":"repeat","background-position":"center center","background-size":"auto","background-attachment":"scroll","background-type":"","background-media":"","overlay-type":"","overlay-color":"","overlay-opacity":"","overlay-gradient":""}},"_joinchat":[]},"product_brand":[],"product_cat":[15,195,25,123,26,28,135,27,137,136,30],"product_tag":[146,188,167,165,191,120],"class_list":{"0":"post-2572","1":"product","2":"type-product","3":"status-publish","4":"has-post-thumbnail","6":"product_cat-new-vape-this-week","7":"product_cat-germany-warehouse","8":"product_cat-germany-best-selling-vape","9":"product_cat-italy-wholesale-vape","10":"product_cat-netherlands-hot-sale-vape","11":"product_cat-poland-hot-sale-vape","12":"product_cat-spain-best-hot-sale-vape","13":"product_cat-fance-hot-sale-vape","14":"product_cat-rechargeable-vapes","15":"product_cat-smart-screen-vapes","16":"product_cat-minimum-order-quantity-50pcs","17":"product_tag-best-hot-sale-vape","18":"product_tag-buy-vapes-online","19":"product_tag-disposable-vape-with-screen","20":"product_tag-rechargeable-vapes","21":"product_tag-vape-box","22":"product_tag-vape-wholesale","23":"desktop-align-left","24":"tablet-align-left","25":"mobile-align-left","27":"first","28":"instock","29":"sale","30":"shipping-taxable","31":"purchasable","32":"product-type-simple"},"uagb_featured_image_src":{"full":["https:\/\/rmvapesale.com\/wp-content\/uploads\/2024\/10\/ELFWORLD-25000-Rechargeable-Disposable-Vape.jpg",800,800,false],"thumbnail":["https:\/\/rmvapesale.com\/wp-content\/uploads\/2024\/10\/ELFWORLD-25000-Rechargeable-Disposable-Vape-150x150.jpg",150,150,true],"medium":["https:\/\/rmvapesale.com\/wp-content\/uploads\/2024\/10\/ELFWORLD-25000-Rechargeable-Disposable-Vape-300x300.jpg",300,300,true],"medium_large":["https:\/\/rmvapesale.com\/wp-content\/uploads\/2024\/10\/ELFWORLD-25000-Rechargeable-Disposable-Vape-768x768.jpg",768,768,true],"large":["https:\/\/rmvapesale.com\/wp-content\/uploads\/2024\/10\/ELFWORLD-25000-Rechargeable-Disposable-Vape.jpg",800,800,false],"1536x1536":["https:\/\/rmvapesale.com\/wp-content\/uploads\/2024\/10\/ELFWORLD-25000-Rechargeable-Disposable-Vape.jpg",800,800,false],"2048x2048":["https:\/\/rmvapesale.com\/wp-content\/uploads\/2024\/10\/ELFWORLD-25000-Rechargeable-Disposable-Vape.jpg",800,800,false],"trp-custom-language-flag":["https:\/\/rmvapesale.com\/wp-content\/uploads\/2024\/10\/ELFWORLD-25000-Rechargeable-Disposable-Vape.jpg",12,12,false],"woocommerce_thumbnail":["https:\/\/rmvapesale.com\/wp-content\/uploads\/2024\/10\/ELFWORLD-25000-Rechargeable-Disposable-Vape-300x300.jpg",300,300,true],"woocommerce_single":["https:\/\/rmvapesale.com\/wp-content\/uploads\/2024\/10\/ELFWORLD-25000-Rechargeable-Disposable-Vape-600x600.jpg",600,600,true],"woocommerce_gallery_thumbnail":["https:\/\/rmvapesale.com\/wp-content\/uploads\/2024\/10\/ELFWORLD-25000-Rechargeable-Disposable-Vape-100x100.jpg",100,100,true],"wcpr-photo-reviews":["https:\/\/rmvapesale.com\/wp-content\/uploads\/2024\/10\/ELFWORLD-25000-Rechargeable-Disposable-Vape.jpg",500,500,false]},"uagb_author_info":{"display_name":"AMY","author_link":"https:\/\/rmvapesale.com\/sv\/author\/"},"uagb_comment_info":0,"uagb_excerpt":"ELFWORLD MX 25000 Puff Germany Hot Slale Vape Elfworld MX25000 25K Puffs Disposable Vape Wholesale Big Puffs Elfworld MX25000 Disposable Vape Wholesale WhatsApp: +86 17776015835 &nbsp;","_links":{"self":[{"href":"https:\/\/rmvapesale.com\/sv\/wp-json\/wp\/v2\/product\/2572","targetHints":{"allow":["GET"]}}],"collection":[{"href":"https:\/\/rmvapesale.com\/sv\/wp-json\/wp\/v2\/product"}],"about":[{"href":"https:\/\/rmvapesale.com\/sv\/wp-json\/wp\/v2\/types\/product"}],"replies":[{"embeddable":true,"href":"https:\/\/rmvapesale.com\/sv\/wp-json\/wp\/v2\/comments?post=2572"}],"wp:featuredmedia":[{"embeddable":true,"href":"https:\/\/rmvapesale.com\/sv\/wp-json\/wp\/v2\/media\/2604"}],"wp:attachment":[{"href":"https:\/\/rmvapesale.com\/sv\/wp-json\/wp\/v2\/media?parent=2572"}],"wp:term":[{"taxonomy":"product_brand","embeddable":true,"href":"https:\/\/rmvapesale.com\/sv\/wp-json\/wp\/v2\/product_brand?post=2572"},{"taxonomy":"product_cat","embeddable":true,"href":"https:\/\/rmvapesale.com\/sv\/wp-json\/wp\/v2\/product_cat?post=2572"},{"taxonomy":"product_tag","embeddable":true,"href":"https:\/\/rmvapesale.com\/sv\/wp-json\/wp\/v2\/product_tag?post=2572"}],"curies":[{"name":"wp","href":"https:\/\/api.w.org\/{rel}","templated":true}]}}