{"id":2573,"date":"2024-10-26T09:06:29","date_gmt":"2024-10-26T09:06:29","guid":{"rendered":"https:\/\/rmvapesale.com\/?post_type=product&#038;p=2573"},"modified":"2024-10-28T07:40:44","modified_gmt":"2024-10-28T07:40:44","slug":"disposable-vape-poco-bl10000-puffs-wholesale","status":"publish","type":"product","link":"https:\/\/rmvapesale.com\/sv\/product\/disposable-vape-poco-bl10000-puffs-wholesale\/","title":{"rendered":"Eng\u00e5ngsvape POCO BL10000 puff grossist"},"content":{"rendered":"<div class=\"B2VR9 CJHX3e\">\n<div class=\"wyccme\">\n<h1 class=\"LC20lb MBeuO DKV0Md\">Eng\u00e5ngsvape POCO BL10000 puff grossist<\/h1>\n<div class=\"flex-shrink-0 flex flex-col relative items-end\">\n<div class=\"pt-0\">\n<div class=\"gizmo-bot-avatar flex h-8 w-8 items-center justify-center overflow-hidden rounded-full\">\n<div class=\"relative p-1 rounded-sm flex items-center justify-center bg-token-main-surface-primary text-token-text-primary h-8 w-8\">\n<p>Den <strong>POCO BL10000 Puffs Eng\u00e5ngs-Vape<\/strong> \u00e4r en innovativ <strong>10k puff vape<\/strong> som erbjuder exceptionell livsl\u00e4ngd och kvalitet, perfekt f\u00f6r dem som s\u00f6ker en h\u00f6gpresterande, uppladdningsbar eng\u00e5ngs-vape. Designad f\u00f6r att leverera upp till <strong>10 000 bloss<\/strong>, denna <strong>Uppladdningsbara vapes<\/strong> enheten \u00e4r utrustad med en <strong>mesh coil<\/strong> och inneh\u00e5ller gener\u00f6sa <strong>20ml<\/strong> e-v\u00e4tska, tillg\u00e4nglig i <strong>0%, 2%, eller 5% nikotin<\/strong> alternativ f\u00f6r att passa b\u00e5de<strong> l\u00e5g nikotinhalt<\/strong> eller stark nikotinpreferens. Denna <strong>box vape<\/strong> ett idealiskt val f\u00f6r b\u00e5de nya och erfarna vejpare, som levererar en j\u00e4mn och konsekvent smakupplevelse.<\/p>\n<p>Den <strong>650mAh uppladdningsbart batteri<\/strong> \u00e4r optimerad f\u00f6r l\u00e5ngvarig anv\u00e4ndning, medan <strong>Type-C laddning<\/strong> porten s\u00e4kerst\u00e4ller snabba och bekv\u00e4ma laddningar, vilket g\u00f6r denna enhet till ett toppval i <strong>uppladdningsbara vapes<\/strong>. Med <strong>justerbara luftfl\u00f6dessystemet<\/strong>kan anv\u00e4ndarna ytterligare anpassa sin vapingupplevelse, fr\u00e5n tajtare till mer \u00f6ppna drag, allt samtidigt som de drar nytta av den rika, fylliga smaken som tillhandah\u00e5lls av <strong>mesh coil<\/strong>.<\/p>\n<p>Tillg\u00e4nglig i <strong>15 unika smaker<\/strong>tillgodoser POCO BL10000 en rad smakpreferenser, vilket s\u00e4kerst\u00e4ller att det finns en smak f\u00f6r varje gom. Perfekt f\u00f6r vapers p\u00e5 spr\u00e5ng, denna kompakta enhet \u00e4r en enast\u00e5ende produkt p\u00e5 marknaden f\u00f6r <strong>vapebutiker<\/strong>, <strong>eng\u00e5ngs vape-pennor<\/strong>, och <strong>grossist vapes<\/strong> k\u00f6pare. Redo f\u00f6r detaljhandel med <strong>10 enheter per display<\/strong>, den \u00e4r ocks\u00e5 idealisk f\u00f6r dem som vill <strong>k\u00f6p vapes online<\/strong> eller i butiker.<\/p>\n<\/div>\n<\/div>\n<\/div>\n<\/div>\n<\/div>\n<\/div>\n<p><strong>Kontakta Amy f\u00f6r att f\u00e5 r\u00e4tt svar och vape-kupong!<\/strong><\/p>\n<p><img loading=\"lazy\" decoding=\"async\" class=\"size-full wp-image-1978\" src=\"https:\/\/rmvapesale.com\/wp-content\/uploads\/2024\/09\/Disposable-Vape-Wholesale.jpg\" alt=\"Eng\u00e5ngsvape Partihandel\" width=\"229\" height=\"300\" \/><\/p>\n<h3><a href=\"https:\/\/wa.me\/8617776015835\" target=\"_blank\" rel=\"noopener\"><span style=\"color: #ff0000\"><strong>WhatsApp: +86 17776015835<\/strong><\/span><\/a><\/h3>\n<p>&nbsp;<\/p>\n<h2><\/h2>\n<h2><strong>Eng\u00e5ngsvape POCO BL10000 Puff <\/strong><strong>Nyckelfunktioner<\/strong><\/h2>\n<p>Nikotin:2% 5%<br \/>\nBloss: 10000<br \/>\nKapacitet: 20ml<br \/>\n15 smaker tillg\u00e4ngliga<br \/>\nMesh Coil<br \/>\nBatteri:650mah<br \/>\nJusterbart luftfl\u00f6de<\/p>\n<figure id=\"attachment_2571\" aria-describedby=\"caption-attachment-2571\" style=\"width: 800px\" class=\"wp-caption alignnone\"><img loading=\"lazy\" decoding=\"async\" class=\"wp-image-2571 size-full\" src=\"https:\/\/rmvapesale.com\/wp-content\/uploads\/2024\/10\/Poco-BL10000-Puffs-Rechargeable-Vape.jpg\" alt=\"Poco BL 10000 Puffs Uppladdningsbar Vape\" width=\"800\" height=\"800\" srcset=\"https:\/\/rmvapesale.com\/wp-content\/uploads\/2024\/10\/Poco-BL10000-Puffs-Rechargeable-Vape.jpg 800w, https:\/\/rmvapesale.com\/wp-content\/uploads\/2024\/10\/Poco-BL10000-Puffs-Rechargeable-Vape-300x300.jpg 300w, https:\/\/rmvapesale.com\/wp-content\/uploads\/2024\/10\/Poco-BL10000-Puffs-Rechargeable-Vape-150x150.jpg 150w, https:\/\/rmvapesale.com\/wp-content\/uploads\/2024\/10\/Poco-BL10000-Puffs-Rechargeable-Vape-768x768.jpg 768w, https:\/\/rmvapesale.com\/wp-content\/uploads\/2024\/10\/Poco-BL10000-Puffs-Rechargeable-Vape-600x600.jpg 600w, https:\/\/rmvapesale.com\/wp-content\/uploads\/2024\/10\/Poco-BL10000-Puffs-Rechargeable-Vape-100x100.jpg 100w\" sizes=\"auto, (max-width: 800px) 100vw, 800px\" \/><figcaption id=\"caption-attachment-2571\" class=\"wp-caption-text\">Poco BL 10000 Puffs Uppladdningsbar Vape<\/figcaption><\/figure>\n<h2><strong>Toppsmak f\u00f6r POCO BL10000 Puffs<\/strong><strong>\u00a0<\/strong><\/h2>\n<p>1.Mango Orange Grapefrukt<br \/>\n2.Persika Bl\u00e5b\u00e4r Mjukt Godis <span style=\"color: #ff0000\"><strong>&gt;&gt;&gt;&gt; Het!<\/strong><\/span><br \/>\n3.Aloe Druva<br \/>\n4.Kall mint<br \/>\n5.Jordgubbsmango<br \/>\n6.Passionsfrukt kiwi guava<br \/>\n7.\u00c4pple persika<br \/>\n8. Jordgubbsvattenmelon<br \/>\n9.Druva svartvinb\u00e4rssoda<br \/>\n10.Bl\u00e5b\u00e4r hallon <span style=\"color: #ff0000\"><strong>&gt;&gt;&gt;&gt; Het!<\/strong><\/span><br \/>\n11.Jordgubbskiwi<br \/>\n12.Bl\u00e5b\u00e4r k\u00f6rsb\u00e4rscola<br \/>\n13.Svart is drakfrukt jordgubb<br \/>\n14.Hallon vattenmelon <span style=\"color: #ff0000\"><strong>&gt;&gt;&gt;&gt; B\u00e4st!<\/strong><\/span><br \/>\n15.Jordgubb Banan<\/p>\n<p>&nbsp;<\/p>\n<h3><strong>Varf\u00f6r v\u00e4lja Rmvapesale f\u00f6r POCO BL10000 Puffs Uppladdningsbar eng\u00e5ngsvape<\/strong><strong>?<\/strong><\/h3>\n<div class=\"flex-shrink-0 flex flex-col relative items-end\">\n<div class=\"pt-0\">\n<div class=\"gizmo-bot-avatar flex h-8 w-8 items-center justify-center overflow-hidden rounded-full\">\n<div class=\"relative p-1 rounded-sm flex items-center justify-center bg-token-main-surface-primary text-token-text-primary h-8 w-8\">\n<p>&nbsp;<\/p>\n<p>N\u00e4r du v\u00e4ljer Rmvapesale f\u00f6r dina grossistbehov av eng\u00e5ngsvapes, drar du nytta av:<\/p>\n<ul>\n<li><strong>Konkurrenskraftigt pris<\/strong>: F\u00e5 tillg\u00e5ng till attraktiva grossistpriser som \u00f6kar dina aff\u00e4rsmarginaler.<\/li>\n<li><strong>H\u00f6g kvalitet<\/strong>: V\u00e5ra vapes \u00e4r tillverkade enligt de h\u00f6gsta standarderna, och <span style=\"color: #ff0000\"><strong>garanterat 100% original och \u00e4kta, eller 10 g\u00e5nger kompensation kommer att ges f\u00f6r falska varor!<\/strong><\/span><\/li>\n<li><strong>Utm\u00e4rkt kundservice<\/strong>: V\u00e5rt dedikerade team \u00e4r alltid redo att hj\u00e4lpa dig, vilket g\u00f6r din k\u00f6pprocess smidig och problemfri.<\/li>\n<li><strong>Snabb<\/strong>: F\u00f6rv\u00e4nta dig snabb och p\u00e5litlig frakt som s\u00e4kerst\u00e4ller att dina best\u00e4llningar anl\u00e4nder i tid, varje g\u00e5ng.<\/li>\n<\/ul>\n<\/div>\n<h3><\/h3>\n<div class=\"relative p-1 rounded-sm flex items-center justify-center bg-token-main-surface-primary text-token-text-primary h-8 w-8\">\n<h3><b>Vape POCO BL10000 Puffs Puff VANLIGA FR\u00c5GOR OCH SVAR<\/b><\/h3>\n<ul>\n<li><strong>Hur man laddar POCO BL10000 Puffs uppladdningsbar eng\u00e5ngsvape<\/strong><br \/>\nPOCO BL10000 Puffs vape kommer med ett 650mAh uppladdningsbart batteri. F\u00f6r att ladda, anslut en Type-C-kabel till laddningsporten och en kompatibel str\u00f6mk\u00e4lla. Type-C-laddningen m\u00f6jligg\u00f6r snabb och effektiv uppladdning, vilket garanterar minimala avbrott.<\/li>\n<li><strong>Hur mycket nikotin finns i en eng\u00e5ngsvape POCO BL10000 Puffs<\/strong><br \/>\nEng\u00e5ngsvapen POCO BL10000 Puffs erbjuder tre alternativ f\u00f6r nikotinstyrka: 0%, 2% och 5%. Denna variation v\u00e4nder sig till b\u00e5de anv\u00e4ndare med l\u00e5g nikotinhalt och de som s\u00f6ker en starkare nikotinupplevelse.<\/li>\n<li><strong>Hur l\u00e4nge ska jag ladda min POCO BL10000 Puffs eng\u00e5ngsvape box?<\/strong><br \/>\nLaddningstiden beror p\u00e5 str\u00f6mk\u00e4llan, men Type-C-snabbladdningstekniken s\u00e4kerst\u00e4ller att den laddas relativt snabbt. Enheten \u00e4r redo att anv\u00e4ndas n\u00e4r den \u00e4r fulladdad, s\u00e5 se eventuella indikatorlampor eller signaler f\u00f6r att veta n\u00e4r laddningen \u00e4r klar.<\/li>\n<li><strong>Var kan jag k\u00f6pa POCO BL10000 Puffs eng\u00e5ngsvape?<\/strong><br \/>\nEng\u00e5ngsvapen POCO BL10000 Puffs finns att k\u00f6pa i vape-butiker, <strong>eng\u00e5ngs vape-pennor<\/strong>och online-plattformar d\u00e4r du kan <strong>k\u00f6p vapes online<\/strong>. F\u00f6r bulkk\u00f6pare finns den ocks\u00e5 tillg\u00e4nglig via <strong>grossist vapes<\/strong> leverant\u00f6rer.<\/li>\n<li><strong>Vilka \u00e4r de b\u00e4sta eng\u00e5ngsvaparna 2024?<\/strong><br \/>\nN\u00e5gra av de b\u00e4sta eng\u00e5ngsvaporna 2024 inkluderar:<\/p>\n<ul>\n<li><strong>POCO BL10000 Puffs<\/strong>: K\u00e4nd f\u00f6r sin kapacitet p\u00e5 10 000 puffar, justerbart luftfl\u00f6de och flera nikotinstyrkor.<\/li>\n<li><strong>Elf World i15 Pro 12000<\/strong>: H\u00f6gt puffantal, uppladdningsbart batteri och MTL-fokuserad design.<\/li>\n<li><strong>AIVONO Lost Mary 6500 Puff<\/strong>: Justerbart luftfl\u00f6de och kompakt, anv\u00e4ndarv\u00e4nlig design.<\/li>\n<li><strong>Fumot RandM Tornado 30000 bloss<\/strong>: Har unika musiksynkroniserade RGB-ljus och h\u00f6gt antal bloss.<\/li>\n<\/ul>\n<\/li>\n<\/ul>\n<\/div>\n<\/div>\n<\/div>\n<\/div>\n<h3>Om frakt<\/h3>\n<div class=\"flex-shrink-0 flex flex-col relative items-end\">\n<div>\n<div class=\"pt-0\">\n<div class=\"gizmo-bot-avatar flex h-8 w-8 items-center justify-center overflow-hidden rounded-full\">\n<div><\/div>\n<div class=\"relative p-1 rounded-sm flex items-center justify-center bg-token-main-surface-primary text-token-text-primary h-8 w-8\"><strong>1. Vilka fraktmetoder anv\u00e4nds?<\/strong><\/div>\n<\/div>\n<\/div>\n<\/div>\n<\/div>\n<div class=\"group\/conversation-turn relative flex w-full min-w-0 flex-col agent-turn\">\n<div class=\"flex-col gap-1 md:gap-3\">\n<div class=\"flex max-w-full flex-col flex-grow\">\n<div class=\"min-h-[20px] text-message flex w-full flex-col items-end gap-2 whitespace-normal break-words [.text-message+&amp;]:mt-5 overflow-x-auto\" dir=\"auto\" data-message-author-role=\"assistant\" data-message-id=\"22f8283b-3233-46ff-89a5-c7a41b33abda\">\n<div class=\"flex w-full flex-col gap-1 empty:hidden first:pt-[3px]\">\n<div class=\"markdown prose w-full break-words dark:prose-invert light\">\n<p>Vi samarbetar med UPS, DHL, FedEx, DPD och andra ledande transport\u00f6rer. Vi v\u00e4ljer det b\u00e4sta frakts\u00e4ttet baserat p\u00e5 din leveransadress f\u00f6r att s\u00e4kerst\u00e4lla att du f\u00e5r dina produkter s\u00e5 snabbt som m\u00f6jligt.<\/p>\n<\/div>\n<p><strong>2. Hur l\u00e5ng tid tar det att komma fram?<\/strong><\/p>\n<p>Paket som skickas till Sverige anl\u00e4nder vanligtvis inom 10 arbetsdagar. Leveranser till europeiska l\u00e4nder tar generellt cirka 12-15 arbetsdagar. Vi kommer att ge uppdateringar i realtid om din leveransstatus.<\/p>\n<\/div>\n<\/div>\n<\/div>\n<\/div>\n<\/div>\n<p>&nbsp;<\/p>\n<p>Andra popul\u00e4ra vapes du kanske gillar:<\/p>\n<p><a href=\"https:\/\/rmvapesale.com\/sv\/product\/fumot-randm-tornado-30000-puffs-30k-music-disposable-vape\/\"><strong>RandM Tornado 30000 bloss\u00a0 \u00a0<span style=\"color: #ff0000\">&gt;&gt;&gt;&gt; k\u00f6r!<\/span><\/strong><\/a><\/p>\n<p><strong><a href=\"https:\/\/rmvapesale.com\/sv\/product\/rechargeable-vape-vapme-spacex-22000-puff-wholesale\/\">Vapme Spacex 22000 bloss <span style=\"color: #ff0000\">&gt;&gt;&gt;&gt; k\u00f6r!<\/span><\/a>\u00a0<\/strong><\/p>\n<p><a href=\"https:\/\/rmvapesale.com\/sv\/product\/original-randm-vape-digital-puff-12000-fumot-factory-price\/\"><strong>Fumot Vape 12000 bloss <span style=\"color: #ff0000\">&gt;&gt;&gt;&gt; k\u00f6r!<\/span><\/strong><\/a><\/p>\n<p>&nbsp;<\/p>\n<p>&nbsp;<\/p>\n<p>Hitta fler vape-produkter du kanske gillar:<strong><em><a href=\"https:\/\/rmvapesale.com\/sv\/shop-2\/\">handla nu &gt;&gt;&gt;<\/a><\/em><\/strong><\/p>","protected":false},"excerpt":{"rendered":"<p>POCO BL10000 Puffs Eng\u00e5ngs-Vape 2% 5% Nikotin<br \/>\nPoco BL10000 Uppladdningsbar Eng\u00e5ngs-Vape<br \/>\nPoco BL10000 Eng\u00e5ngs-Vape Grossist<br \/>\n<span style=\"color: #ff0000\">(Leverans fr\u00e5n tyskt lager och tar cirka 3-5 dagar att anl\u00e4nda till de flesta europeiska l\u00e4nder som Nederl\u00e4nderna, Frankrike, Italien, Spanien, Schweiz, Sverige, Polen, etc.)<\/span><\/p>\n<p><img loading=\"lazy\" decoding=\"async\" class=\"size-full wp-image-2375\" src=\"https:\/\/rmvapesale.com\/wp-content\/uploads\/2024\/10\/image.png\" alt=\"B\u00e4sta eng\u00e5ngsvape\" width=\"229\" height=\"300\" \/><\/p>\n<h3><a href=\"https:\/\/wa.me\/8617776015835\"><span style=\"color: #ff0000\"><strong>WhatsApp: +86 17776015835<\/strong><\/span><\/a><\/h3>\n<p>&nbsp;<\/p>","protected":false},"featured_media":2569,"comment_status":"open","ping_status":"closed","template":"","meta":{"_uag_custom_page_level_css":"","_lmt_disableupdate":"no","_lmt_disable":"","site-sidebar-layout":"default","site-content-layout":"content-boxed-container","ast-site-content-layout":"normal-width-container","site-content-style":"boxed","site-sidebar-style":"unboxed","ast-global-header-display":"","ast-banner-title-visibility":"","ast-main-header-display":"","ast-hfb-above-header-display":"","ast-hfb-below-header-display":"","ast-hfb-mobile-header-display":"","site-post-title":"","ast-breadcrumbs-content":"","ast-featured-img":"","footer-sml-layout":"","ast-disable-related-posts":"","theme-transparent-header-meta":"default","adv-header-id-meta":"","stick-header-meta":"","header-above-stick-meta":"","header-main-stick-meta":"","header-below-stick-meta":"","astra-migrate-meta-layouts":"set","ast-page-background-enabled":"default","ast-page-background-meta":{"desktop":{"background-color":"var(--ast-global-color-4)","background-image":"","background-repeat":"repeat","background-position":"center center","background-size":"auto","background-attachment":"scroll","background-type":"","background-media":"","overlay-type":"","overlay-color":"","overlay-opacity":"","overlay-gradient":""},"tablet":{"background-color":"","background-image":"","background-repeat":"repeat","background-position":"center center","background-size":"auto","background-attachment":"scroll","background-type":"","background-media":"","overlay-type":"","overlay-color":"","overlay-opacity":"","overlay-gradient":""},"mobile":{"background-color":"","background-image":"","background-repeat":"repeat","background-position":"center center","background-size":"auto","background-attachment":"scroll","background-type":"","background-media":"","overlay-type":"","overlay-color":"","overlay-opacity":"","overlay-gradient":""}},"ast-content-background-meta":{"desktop":{"background-color":"var(--ast-global-color-5)","background-image":"","background-repeat":"repeat","background-position":"center center","background-size":"auto","background-attachment":"scroll","background-type":"","background-media":"","overlay-type":"","overlay-color":"","overlay-opacity":"","overlay-gradient":""},"tablet":{"background-color":"var(--ast-global-color-5)","background-image":"","background-repeat":"repeat","background-position":"center center","background-size":"auto","background-attachment":"scroll","background-type":"","background-media":"","overlay-type":"","overlay-color":"","overlay-opacity":"","overlay-gradient":""},"mobile":{"background-color":"var(--ast-global-color-5)","background-image":"","background-repeat":"repeat","background-position":"center center","background-size":"auto","background-attachment":"scroll","background-type":"","background-media":"","overlay-type":"","overlay-color":"","overlay-opacity":"","overlay-gradient":""}},"_joinchat":[]},"product_brand":[],"product_cat":[15,27,25,195,123,30,26,28,137,135],"product_tag":[146,188,167,165,191,120],"class_list":{"0":"post-2573","1":"product","2":"type-product","3":"status-publish","4":"has-post-thumbnail","6":"product_cat-new-vape-this-week","7":"product_cat-fance-hot-sale-vape","8":"product_cat-germany-best-selling-vape","9":"product_cat-germany-warehouse","10":"product_cat-italy-wholesale-vape","11":"product_cat-minimum-order-quantity-50pcs","12":"product_cat-netherlands-hot-sale-vape","13":"product_cat-poland-hot-sale-vape","14":"product_cat-rechargeable-vapes","15":"product_cat-spain-best-hot-sale-vape","16":"product_tag-best-hot-sale-vape","17":"product_tag-buy-vapes-online","18":"product_tag-disposable-vape-with-screen","19":"product_tag-rechargeable-vapes","20":"product_tag-vape-box","21":"product_tag-vape-wholesale","22":"desktop-align-left","23":"tablet-align-left","24":"mobile-align-left","26":"first","27":"instock","28":"sale","29":"shipping-taxable","30":"purchasable","31":"product-type-simple"},"uagb_featured_image_src":{"full":["https:\/\/rmvapesale.com\/wp-content\/uploads\/2024\/10\/Poco-BL10000-Puffs-Disposable-Vape-Wholesale.jpg",800,800,false],"thumbnail":["https:\/\/rmvapesale.com\/wp-content\/uploads\/2024\/10\/Poco-BL10000-Puffs-Disposable-Vape-Wholesale-150x150.jpg",150,150,true],"medium":["https:\/\/rmvapesale.com\/wp-content\/uploads\/2024\/10\/Poco-BL10000-Puffs-Disposable-Vape-Wholesale-300x300.jpg",300,300,true],"medium_large":["https:\/\/rmvapesale.com\/wp-content\/uploads\/2024\/10\/Poco-BL10000-Puffs-Disposable-Vape-Wholesale-768x768.jpg",768,768,true],"large":["https:\/\/rmvapesale.com\/wp-content\/uploads\/2024\/10\/Poco-BL10000-Puffs-Disposable-Vape-Wholesale.jpg",800,800,false],"1536x1536":["https:\/\/rmvapesale.com\/wp-content\/uploads\/2024\/10\/Poco-BL10000-Puffs-Disposable-Vape-Wholesale.jpg",800,800,false],"2048x2048":["https:\/\/rmvapesale.com\/wp-content\/uploads\/2024\/10\/Poco-BL10000-Puffs-Disposable-Vape-Wholesale.jpg",800,800,false],"trp-custom-language-flag":["https:\/\/rmvapesale.com\/wp-content\/uploads\/2024\/10\/Poco-BL10000-Puffs-Disposable-Vape-Wholesale.jpg",12,12,false],"woocommerce_thumbnail":["https:\/\/rmvapesale.com\/wp-content\/uploads\/2024\/10\/Poco-BL10000-Puffs-Disposable-Vape-Wholesale-300x300.jpg",300,300,true],"woocommerce_single":["https:\/\/rmvapesale.com\/wp-content\/uploads\/2024\/10\/Poco-BL10000-Puffs-Disposable-Vape-Wholesale-600x600.jpg",600,600,true],"woocommerce_gallery_thumbnail":["https:\/\/rmvapesale.com\/wp-content\/uploads\/2024\/10\/Poco-BL10000-Puffs-Disposable-Vape-Wholesale-100x100.jpg",100,100,true],"wcpr-photo-reviews":["https:\/\/rmvapesale.com\/wp-content\/uploads\/2024\/10\/Poco-BL10000-Puffs-Disposable-Vape-Wholesale.jpg",500,500,false]},"uagb_author_info":{"display_name":"AMY","author_link":"https:\/\/rmvapesale.com\/sv\/author\/"},"uagb_comment_info":0,"uagb_excerpt":"POCO BL10000 Puffs Disposable Vape 2% 5% Nicotine Poco BL10000 Rechargeable Disposable Vape Poco BL10000 Disposable Vape Wholesale (Ship from most Germany warehouse and takes about 3-5 days\u00a0 to get arrive to most Europe countries like Netherlands, France, Italy, Spain, Switzerland, Sweden, Poland, etc. ) WhatsApp: +86 17776015835 &nbsp;","_links":{"self":[{"href":"https:\/\/rmvapesale.com\/sv\/wp-json\/wp\/v2\/product\/2573","targetHints":{"allow":["GET"]}}],"collection":[{"href":"https:\/\/rmvapesale.com\/sv\/wp-json\/wp\/v2\/product"}],"about":[{"href":"https:\/\/rmvapesale.com\/sv\/wp-json\/wp\/v2\/types\/product"}],"replies":[{"embeddable":true,"href":"https:\/\/rmvapesale.com\/sv\/wp-json\/wp\/v2\/comments?post=2573"}],"wp:featuredmedia":[{"embeddable":true,"href":"https:\/\/rmvapesale.com\/sv\/wp-json\/wp\/v2\/media\/2569"}],"wp:attachment":[{"href":"https:\/\/rmvapesale.com\/sv\/wp-json\/wp\/v2\/media?parent=2573"}],"wp:term":[{"taxonomy":"product_brand","embeddable":true,"href":"https:\/\/rmvapesale.com\/sv\/wp-json\/wp\/v2\/product_brand?post=2573"},{"taxonomy":"product_cat","embeddable":true,"href":"https:\/\/rmvapesale.com\/sv\/wp-json\/wp\/v2\/product_cat?post=2573"},{"taxonomy":"product_tag","embeddable":true,"href":"https:\/\/rmvapesale.com\/sv\/wp-json\/wp\/v2\/product_tag?post=2573"}],"curies":[{"name":"wp","href":"https:\/\/api.w.org\/{rel}","templated":true}]}}