{"id":2596,"date":"2024-10-28T09:08:31","date_gmt":"2024-10-28T09:08:31","guid":{"rendered":"https:\/\/rmvapesale.com\/?post_type=product&#038;p=2596"},"modified":"2024-10-28T09:48:39","modified_gmt":"2024-10-28T09:48:39","slug":"poco-sl15000-disposable-vape-5-nicotine-smart-vape","status":"publish","type":"product","link":"https:\/\/rmvapesale.com\/sv\/product\/poco-sl15000-disposable-vape-5-nicotine-smart-vape\/","title":{"rendered":"POCO SL15000 Eng\u00e5ngs Vape 5% Nikotin Smart Vape"},"content":{"rendered":"<div class=\"B2VR9 CJHX3e\">\n<div class=\"wyccme\">\n<h1 class=\"LC20lb MBeuO DKV0Md\">POCO SL15000 Eng\u00e5ngs Vape 5% Nikotin Smart Vape Grossist<\/h1>\n<div class=\"flex-shrink-0 flex flex-col relative items-end\">\n<div class=\"pt-0\">\n<div class=\"gizmo-bot-avatar flex h-8 w-8 items-center justify-center overflow-hidden rounded-full\">\n<div class=\"relative p-1 rounded-sm flex items-center justify-center bg-token-main-surface-primary text-token-text-primary h-8 w-8\">\n<p>POCO SL15000 Eng\u00e5ngsvapen \u00e4r en avancerad vape-enhet designad f\u00f6r bekv\u00e4mlighet och enast\u00e5ende smak. Med en imponerande kapacitet p\u00e5 24 ml ger denna enhet upp till 15 000 puffar, vilket g\u00f6r den till en av de mest popul\u00e4ra eng\u00e5ngsvapes p\u00e5 marknaden.<\/p>\n<p>Tillverkad med h\u00f6gkvalitativa ingredienser s\u00e4kerst\u00e4ller POCO SL15000 en konsekvent och njutbar vaping-upplevelse vid varje puff, vilket g\u00f6r den till en utm\u00e4rkt bland popul\u00e4ra vape-m\u00e4rken. Som ett toppval f\u00f6r b\u00e5de tillf\u00e4lliga anv\u00e4ndare och dedikerade vape-entusiaster, passar denna enhet f\u00f6r l\u00e5ngvarig anv\u00e4ndning och erbjuder m\u00e5ngsidighet f\u00f6r olika nikotinpreferenser, inklusive l\u00e5g nikotinstyrka.<\/p>\n<p>Perfekt f\u00f6r b\u00e5de anv\u00e4ndning p\u00e5 spr\u00e5ng och avkoppling hemma, lovar POCO SL15000 oavbruten vaping-lycka. Dess slanka design och anv\u00e4ndarv\u00e4nliga funktioner g\u00f6r den till ett ledande val bland bulk-vapes, och den blir alltmer popul\u00e4r som \u00e5rets b\u00e4sta eng\u00e5ngsvape 2024. Som en uppladdningsbar vape f\u00f6rb\u00e4ttras upplevelsen av denna enhet med en bekv\u00e4m Type-C-port, medan en tydlig sk\u00e4rm sp\u00e5rar batteri- och e-juice-niv\u00e5er, en funktion som uppskattas av m\u00e5nga vape-anv\u00e4ndare.<\/p>\n<p>F\u00f6r de som s\u00f6ker grossist-vapes, eng\u00e5ngsvapes online eller i en vape-butik, utm\u00e4rker sig POCO SL15000 f\u00f6r sin h\u00f6ga prestanda och design, perfekt f\u00f6r de som vill ha en vape-upplevelse med 15000 puffar utan att beh\u00f6va flera enheter.<\/p>\n<p>&nbsp;<\/p>\n<\/div>\n<\/div>\n<\/div>\n<\/div>\n<\/div>\n<\/div>\n<p><strong>Kontakta Amy f\u00f6r att f\u00e5 r\u00e4tt svar och vape-kupong!<\/strong><\/p>\n<p><img loading=\"lazy\" decoding=\"async\" class=\"size-full wp-image-1978\" src=\"https:\/\/rmvapesale.com\/wp-content\/uploads\/2024\/09\/Disposable-Vape-Wholesale.jpg\" alt=\"Eng\u00e5ngsvape Partihandel\" width=\"229\" height=\"300\" \/><\/p>\n<h3><a href=\"https:\/\/wa.me\/8617776015835\" target=\"_blank\" rel=\"noopener\"><span style=\"color: #ff0000\"><strong>WhatsApp: +86 17776015835<\/strong><\/span><\/a><\/h3>\n<p>&nbsp;<\/p>\n<h2><\/h2>\n<h2><strong>POCO SL15000 Eng\u00e5ngsvape <\/strong><strong>Nyckelfunktioner<\/strong><\/h2>\n<p>Nikotinhalt: 5%<br \/>\nPuffar:15000<br \/>\nKapacitet: 24 ml<br \/>\n12 smaker tillg\u00e4ngliga<br \/>\nMesh Coil<br \/>\nBatteri: 850mAh<br \/>\nSmart Sk\u00e4rm: batterikapacitet \/ e-v\u00e4tskeniv\u00e5<\/p>\n<p>&nbsp;<\/p>\n<figure id=\"attachment_2591\" aria-describedby=\"caption-attachment-2591\" style=\"width: 800px\" class=\"wp-caption alignnone\"><img loading=\"lazy\" decoding=\"async\" class=\"wp-image-2591 size-full\" src=\"https:\/\/rmvapesale.com\/wp-content\/uploads\/2024\/10\/Poco-SL-15000-Puffs-Disposable-Vape-Wholesale.png\" alt=\"Poco SL 15000 Puffar Eng\u00e5ngsvape Grossist\" width=\"800\" height=\"800\" srcset=\"https:\/\/rmvapesale.com\/wp-content\/uploads\/2024\/10\/Poco-SL-15000-Puffs-Disposable-Vape-Wholesale.png 800w, https:\/\/rmvapesale.com\/wp-content\/uploads\/2024\/10\/Poco-SL-15000-Puffs-Disposable-Vape-Wholesale-300x300.png 300w, https:\/\/rmvapesale.com\/wp-content\/uploads\/2024\/10\/Poco-SL-15000-Puffs-Disposable-Vape-Wholesale-150x150.png 150w, https:\/\/rmvapesale.com\/wp-content\/uploads\/2024\/10\/Poco-SL-15000-Puffs-Disposable-Vape-Wholesale-768x768.png 768w, https:\/\/rmvapesale.com\/wp-content\/uploads\/2024\/10\/Poco-SL-15000-Puffs-Disposable-Vape-Wholesale-600x600.png 600w, https:\/\/rmvapesale.com\/wp-content\/uploads\/2024\/10\/Poco-SL-15000-Puffs-Disposable-Vape-Wholesale-100x100.png 100w\" sizes=\"auto, (max-width: 800px) 100vw, 800px\" \/><figcaption id=\"caption-attachment-2591\" class=\"wp-caption-text\">Poco SL 15000 Puffar Eng\u00e5ngsvape Grossist<\/figcaption><\/figure>\n<h2><strong>Topp-smak f\u00f6r POCO <\/strong><strong>SL15000 <\/strong><strong>Puffar Eng\u00e5ngsvape<\/strong><strong>\u00a0<\/strong><\/h2>\n<p>Denna eng\u00e5ngsvape med sk\u00e4rm \u00e4r perfekt f\u00f6r den som uppskattar en m\u00e5ngfald av smaker, d\u00e5 den finns i ett omfattande utbud inklusive Aloe Grape, Blueberry Raspberry Lemonade, Strawberry Watermelon och m\u00e5nga fler. Varje smak \u00e4r skapad f\u00f6r att ge en tillfredsst\u00e4llande och mjuk vapingupplevelse, vilket s\u00e4kerst\u00e4ller att anv\u00e4ndare kan njuta av sin favoritsmak utan kompromisser.<\/p>\n<p>1. Aloe Druva<br \/>\n2. Bl\u00e5b\u00e4r Hallon Citronad <span style=\"color: #ff0000\"><strong>&gt;&gt;&gt;&gt; Het!<\/strong><\/span><br \/>\n3. Jordgubbsvattenmelon<br \/>\n4. Svart Is Drakfrukt Jordgubbe<span style=\"color: #ff0000\"><strong>&gt;&gt;&gt;&gt; Het!<\/strong><\/span><br \/>\ncURL Too many subrequests.<br \/>\n6. Jordgubbe Hallon Kiwi<br \/>\n7. Druva Tranb\u00e4r Persika<br \/>\n8. Svartvinb\u00e4r Krusb\u00e4r<br \/>\n9. Jordgubbe K\u00f6rsb\u00e4r <span style=\"color: #ff0000\"><strong>&gt;&gt;&gt;&gt; B\u00e4st!<\/strong><\/span><br \/>\n10. Ananas Jordgubbe Banan<br \/>\n11. Vattenmelon Litchi<br \/>\n12. Ananas \u00c4pple<\/p>\n<p>&nbsp;<\/p>\n<h3><strong>Varf\u00f6r v\u00e4lja Rmvapesale f\u00f6r POCO SL15000<\/strong><strong>\u00a0Uppladdningsbar eng\u00e5ngs-vape<\/strong><strong>?<\/strong><\/h3>\n<div class=\"flex-shrink-0 flex flex-col relative items-end\">\n<div class=\"pt-0\">\n<div class=\"gizmo-bot-avatar flex h-8 w-8 items-center justify-center overflow-hidden rounded-full\">\n<div class=\"relative p-1 rounded-sm flex items-center justify-center bg-token-main-surface-primary text-token-text-primary h-8 w-8\">\n<p>&nbsp;<\/p>\n<p>N\u00e4r du v\u00e4ljer Rmvapesale f\u00f6r dina grossistbehov av eng\u00e5ngsvapes, drar du nytta av:<\/p>\n<ul>\n<li><strong>Konkurrenskraftigt pris<\/strong>: F\u00e5 tillg\u00e5ng till attraktiva grossistpriser som \u00f6kar dina aff\u00e4rsmarginaler.<\/li>\n<li><strong>H\u00f6g kvalitet<\/strong>: V\u00e5ra vapes \u00e4r tillverkade enligt de h\u00f6gsta standarderna, och <span style=\"color: #ff0000\"><strong>garanterat 100% original och \u00e4kta, eller 10 g\u00e5nger kompensation kommer att ges f\u00f6r falska varor!<\/strong><\/span><\/li>\n<li><strong>Utm\u00e4rkt kundservice<\/strong>: V\u00e5rt dedikerade team \u00e4r alltid redo att hj\u00e4lpa dig, vilket g\u00f6r din k\u00f6pprocess smidig och problemfri.<\/li>\n<li><strong>Snabb<\/strong>: F\u00f6rv\u00e4nta dig snabb och p\u00e5litlig frakt som s\u00e4kerst\u00e4ller att dina best\u00e4llningar anl\u00e4nder i tid, varje g\u00e5ng.<\/li>\n<\/ul>\n<\/div>\n<h3><\/h3>\n<div class=\"relative p-1 rounded-sm flex items-center justify-center bg-token-main-surface-primary text-token-text-primary h-8 w-8\">\n<h3><b>Vape POCO SL 15000<\/b><strong>\u00a0<\/strong><b>Puff FAQ<\/b><\/h3>\n<p><strong>Hur laddar jag POCO SL15000 Puffs uppladdningsbar eng\u00e5ngsvape?<\/strong><br \/>\nF\u00f6r att ladda din POCO SL15000 Puffs eng\u00e5ngsvape, anv\u00e4nd Type-C-laddningsporten som finns p\u00e5 enheten. Anslut den enkelt till en kompatibel USB-C-kabel och plugga in den i ett str\u00f6mk\u00e4lla. Detta g\u00f6r att vape:ns uppladdningsbara batteri kan laddas snabbt, s\u00e5 att du kan forts\u00e4tta njuta av oavbrutna vaping-sessioner.<\/p>\n<p><strong>Hur mycket nikotin finns i en POCO SL15000 Vape?<\/strong><br \/>\nPOCO SL15000 Vape erbjuder nikotinalternativ anpassade efter olika preferenser, inklusive l\u00e5ga nikotinniv\u00e5er. V\u00e4lj den koncentration som passar dig b\u00e4st f\u00f6r en personlig vapingupplevelse med h\u00f6gkvalitativa ingredienser och l\u00e5ngvarig smak.<\/p>\n<p><strong>Hur l\u00e4nge ska jag ladda min POCO SL15000 eng\u00e5ngsvape-box?<\/strong><br \/>\nF\u00f6r optimal laddning, ladda POCO SL15000 eng\u00e5ngsvape-boxen tills enhetens batteriindikator visar full laddning. En full laddning tar vanligtvis n\u00e5gra timmar, beroende p\u00e5 din str\u00f6mk\u00e4lla, och st\u00f6der l\u00e5ngvarig vaping under hela dagen.<\/p>\n<p><strong>Var kan jag k\u00f6pa POCO SL15000 Puffs Puff Vape Bar?<\/strong><br \/>\nPOCO SL15000 Puffs Puff Vape Bar kan bekv\u00e4mt k\u00f6pas online eller i en vape-butik. M\u00e5nga online vape-\u00e5terf\u00f6rs\u00e4ljare erbjuder bulkink\u00f6psalternativ, s\u00e5 kolla online f\u00f6r de b\u00e4sta erbjudandena, grossistvapes och specialkampanjer.<\/p>\n<p><strong>Vilka \u00e4r de b\u00e4sta eng\u00e5ngsvapes f\u00f6r 2024?<\/strong><br \/>\nPOCO SL15000 rankas som en av de b\u00e4sta eng\u00e5ngsvapes f\u00f6r 2024, tack vare dess l\u00e5ngvariga kapacitet p\u00e5 15 000 puffar, anv\u00e4ndarv\u00e4nliga design och rika smakalternativ. Det \u00e4r ett topval inom kategorin box vapes och forts\u00e4tter att utm\u00e4rka sig i listor \u00f6ver de 10 b\u00e4sta eng\u00e5ngsvape-varum\u00e4rkena, vilket g\u00f6r det till en favorit f\u00f6r b\u00e5de privatpersoner och \u00e5terf\u00f6rs\u00e4ljare.<\/p>\n<\/div>\n<\/div>\n<\/div>\n<\/div>\n<h3>Om frakt<\/h3>\n<div class=\"flex-shrink-0 flex flex-col relative items-end\">\n<div>\n<div class=\"pt-0\">\n<div class=\"gizmo-bot-avatar flex h-8 w-8 items-center justify-center overflow-hidden rounded-full\">\n<div><\/div>\n<div class=\"relative p-1 rounded-sm flex items-center justify-center bg-token-main-surface-primary text-token-text-primary h-8 w-8\"><strong>1. Vilka fraktmetoder anv\u00e4nds?<\/strong><\/div>\n<\/div>\n<\/div>\n<\/div>\n<\/div>\n<div class=\"group\/conversation-turn relative flex w-full min-w-0 flex-col agent-turn\">\n<div class=\"flex-col gap-1 md:gap-3\">\n<div class=\"flex max-w-full flex-col flex-grow\">\n<div class=\"min-h-[20px] text-message flex w-full flex-col items-end gap-2 whitespace-normal break-words [.text-message+&amp;]:mt-5 overflow-x-auto\" dir=\"auto\" data-message-author-role=\"assistant\" data-message-id=\"22f8283b-3233-46ff-89a5-c7a41b33abda\">\n<div class=\"flex w-full flex-col gap-1 empty:hidden first:pt-[3px]\">\n<div class=\"markdown prose w-full break-words dark:prose-invert light\">\n<p>Vi samarbetar med UPS, DHL, FedEx, DPD och andra ledande transport\u00f6rer. Vi v\u00e4ljer det b\u00e4sta frakts\u00e4ttet baserat p\u00e5 din leveransadress f\u00f6r att s\u00e4kerst\u00e4lla att du f\u00e5r dina produkter s\u00e5 snabbt som m\u00f6jligt.<\/p>\n<\/div>\n<p><strong>2. Hur l\u00e5ng tid tar det att komma fram?<\/strong><\/p>\n<p>Paket som skickas till Sverige anl\u00e4nder vanligtvis inom 10 arbetsdagar. Leveranser till europeiska l\u00e4nder tar generellt cirka 12-15 arbetsdagar. Vi kommer att ge uppdateringar i realtid om din leveransstatus.<\/p>\n<\/div>\n<\/div>\n<\/div>\n<\/div>\n<\/div>\n<p>&nbsp;<\/p>\n<p>Andra popul\u00e4ra vapes du kanske gillar:<\/p>\n<p><a href=\"https:\/\/rmvapesale.com\/sv\/product\/poco-pt12000-puffs-disposable-vape-pod-electronic-cigarette\/\"><strong>POCO PT 12000 Blos\u00a0 \u00a0<span style=\"color: #ff0000\">&gt;&gt;&gt;&gt; k\u00f6r!<\/span><\/strong><\/a><\/p>\n<p><strong><a href=\"https:\/\/rmvapesale.com\/sv\/product\/disposable-vape-poco-bl10000-puffs-wholesale\/\">POCO BL10000 Blos <span style=\"color: #ff0000\">&gt;&gt;&gt;&gt; k\u00f6r!<\/span><\/a>\u00a0<\/strong><\/p>\n<p><a href=\"https:\/\/rmvapesale.com\/sv\/product\/original-randm-vape-digital-puff-12000-fumot-factory-price\/\"><strong>Fumot Vape 12000 bloss <span style=\"color: #ff0000\">&gt;&gt;&gt;&gt; k\u00f6r!<\/span><\/strong><\/a><\/p>\n<p>&nbsp;<\/p>\n<p>&nbsp;<\/p>\n<p>Hitta fler vape-produkter du kanske gillar:<strong><em><a href=\"https:\/\/rmvapesale.com\/sv\/shop-2\/\">handla nu &gt;&gt;&gt;<\/a><\/em><\/strong><\/p>","protected":false},"excerpt":{"rendered":"<p>POCO SL15000 Eng\u00e5ngs Vape Grossistpris<br \/>\nEU Lager Poco SL 15000 Puffar Smart Sk\u00e4rm<br \/>\nPOCO Eng\u00e5ngs Vape Box 5% E-Cigarett<br \/>\n<span style=\"color: #ff0000\">(Leverans fr\u00e5n tyskt lager och tar cirka 3-5 dagar att anl\u00e4nda till de flesta europeiska l\u00e4nder som Nederl\u00e4nderna, Frankrike, Italien, Spanien, Schweiz, Sverige, Polen, etc.)<\/span><\/p>\n<p><img loading=\"lazy\" decoding=\"async\" class=\"size-full wp-image-2375\" src=\"https:\/\/rmvapesale.com\/wp-content\/uploads\/2024\/10\/image.png\" alt=\"B\u00e4sta eng\u00e5ngsvape\" width=\"229\" height=\"300\" \/><\/p>\n<h3><a href=\"https:\/\/wa.me\/8617776015835\"><span style=\"color: #ff0000\"><strong>WhatsApp: +86 17776015835<\/strong><\/span><\/a><\/h3>\n<p>&nbsp;<\/p>","protected":false},"featured_media":2590,"comment_status":"open","ping_status":"closed","template":"","meta":{"_uag_custom_page_level_css":"","_lmt_disableupdate":"no","_lmt_disable":"","site-sidebar-layout":"default","site-content-layout":"content-boxed-container","ast-site-content-layout":"normal-width-container","site-content-style":"boxed","site-sidebar-style":"unboxed","ast-global-header-display":"","ast-banner-title-visibility":"","ast-main-header-display":"","ast-hfb-above-header-display":"","ast-hfb-below-header-display":"","ast-hfb-mobile-header-display":"","site-post-title":"","ast-breadcrumbs-content":"","ast-featured-img":"","footer-sml-layout":"","theme-transparent-header-meta":"default","adv-header-id-meta":"","stick-header-meta":"","header-above-stick-meta":"","header-main-stick-meta":"","header-below-stick-meta":"","astra-migrate-meta-layouts":"set","ast-page-background-enabled":"default","ast-page-background-meta":{"desktop":{"background-color":"var(--ast-global-color-4)","background-image":"","background-repeat":"repeat","background-position":"center center","background-size":"auto","background-attachment":"scroll","background-type":"","background-media":"","overlay-type":"","overlay-color":"","overlay-opacity":"","overlay-gradient":""},"tablet":{"background-color":"","background-image":"","background-repeat":"repeat","background-position":"center center","background-size":"auto","background-attachment":"scroll","background-type":"","background-media":"","overlay-type":"","overlay-color":"","overlay-opacity":"","overlay-gradient":""},"mobile":{"background-color":"","background-image":"","background-repeat":"repeat","background-position":"center center","background-size":"auto","background-attachment":"scroll","background-type":"","background-media":"","overlay-type":"","overlay-color":"","overlay-opacity":"","overlay-gradient":""}},"ast-content-background-meta":{"desktop":{"background-color":"var(--ast-global-color-5)","background-image":"","background-repeat":"repeat","background-position":"center center","background-size":"auto","background-attachment":"scroll","background-type":"","background-media":"","overlay-type":"","overlay-color":"","overlay-opacity":"","overlay-gradient":""},"tablet":{"background-color":"var(--ast-global-color-5)","background-image":"","background-repeat":"repeat","background-position":"center center","background-size":"auto","background-attachment":"scroll","background-type":"","background-media":"","overlay-type":"","overlay-color":"","overlay-opacity":"","overlay-gradient":""},"mobile":{"background-color":"var(--ast-global-color-5)","background-image":"","background-repeat":"repeat","background-position":"center center","background-size":"auto","background-attachment":"scroll","background-type":"","background-media":"","overlay-type":"","overlay-color":"","overlay-opacity":"","overlay-gradient":""}},"_joinchat":[]},"product_brand":[],"product_cat":[15,195,25,123,26,28,135,27,137,30],"product_tag":[146,188,167,197,165,191,196,120],"class_list":{"0":"post-2596","1":"product","2":"type-product","3":"status-publish","4":"has-post-thumbnail","6":"product_cat-new-vape-this-week","7":"product_cat-germany-warehouse","8":"product_cat-germany-best-selling-vape","9":"product_cat-italy-wholesale-vape","10":"product_cat-netherlands-hot-sale-vape","11":"product_cat-poland-hot-sale-vape","12":"product_cat-spain-best-hot-sale-vape","13":"product_cat-fance-hot-sale-vape","14":"product_cat-rechargeable-vapes","15":"product_cat-minimum-order-quantity-50pcs","16":"product_tag-best-hot-sale-vape","17":"product_tag-buy-vapes-online","18":"product_tag-disposable-vape-with-screen","19":"product_tag-germany-hot-sale-vape","20":"product_tag-rechargeable-vapes","21":"product_tag-vape-box","22":"product_tag-vape-shop","23":"product_tag-vape-wholesale","24":"desktop-align-left","25":"tablet-align-left","26":"mobile-align-left","28":"first","29":"instock","30":"sale","31":"shipping-taxable","32":"purchasable","33":"product-type-simple"},"uagb_featured_image_src":{"full":["https:\/\/rmvapesale.com\/wp-content\/uploads\/2024\/10\/15K-Puffs-Screen-Poco-SL15000-Disposable-Vape.png",800,800,false],"thumbnail":["https:\/\/rmvapesale.com\/wp-content\/uploads\/2024\/10\/15K-Puffs-Screen-Poco-SL15000-Disposable-Vape-150x150.png",150,150,true],"medium":["https:\/\/rmvapesale.com\/wp-content\/uploads\/2024\/10\/15K-Puffs-Screen-Poco-SL15000-Disposable-Vape-300x300.png",300,300,true],"medium_large":["https:\/\/rmvapesale.com\/wp-content\/uploads\/2024\/10\/15K-Puffs-Screen-Poco-SL15000-Disposable-Vape-768x768.png",768,768,true],"large":["https:\/\/rmvapesale.com\/wp-content\/uploads\/2024\/10\/15K-Puffs-Screen-Poco-SL15000-Disposable-Vape.png",800,800,false],"1536x1536":["https:\/\/rmvapesale.com\/wp-content\/uploads\/2024\/10\/15K-Puffs-Screen-Poco-SL15000-Disposable-Vape.png",800,800,false],"2048x2048":["https:\/\/rmvapesale.com\/wp-content\/uploads\/2024\/10\/15K-Puffs-Screen-Poco-SL15000-Disposable-Vape.png",800,800,false],"trp-custom-language-flag":["https:\/\/rmvapesale.com\/wp-content\/uploads\/2024\/10\/15K-Puffs-Screen-Poco-SL15000-Disposable-Vape.png",12,12,false],"woocommerce_thumbnail":["https:\/\/rmvapesale.com\/wp-content\/uploads\/2024\/10\/15K-Puffs-Screen-Poco-SL15000-Disposable-Vape-300x300.png",300,300,true],"woocommerce_single":["https:\/\/rmvapesale.com\/wp-content\/uploads\/2024\/10\/15K-Puffs-Screen-Poco-SL15000-Disposable-Vape-600x600.png",600,600,true],"woocommerce_gallery_thumbnail":["https:\/\/rmvapesale.com\/wp-content\/uploads\/2024\/10\/15K-Puffs-Screen-Poco-SL15000-Disposable-Vape-100x100.png",100,100,true],"wcpr-photo-reviews":["https:\/\/rmvapesale.com\/wp-content\/uploads\/2024\/10\/15K-Puffs-Screen-Poco-SL15000-Disposable-Vape.png",500,500,false]},"uagb_author_info":{"display_name":"AMY","author_link":"https:\/\/rmvapesale.com\/sv\/author\/"},"uagb_comment_info":0,"uagb_excerpt":"POCO SL15000 Disposable Vape Wholesale Price EU Warehouse Poco SL 15000 Puffs Smart Screen POCO Disposable Vape Box 5% E Cigarette (Ship from Germany warehouse and takes about 3-5 days\u00a0 to get arrive to most Europe countries like Netherlands, France, Italy, Spain, Switzerland, Sweden, Poland, etc. ) WhatsApp: +86 17776015835 &nbsp;","_links":{"self":[{"href":"https:\/\/rmvapesale.com\/sv\/wp-json\/wp\/v2\/product\/2596","targetHints":{"allow":["GET"]}}],"collection":[{"href":"https:\/\/rmvapesale.com\/sv\/wp-json\/wp\/v2\/product"}],"about":[{"href":"https:\/\/rmvapesale.com\/sv\/wp-json\/wp\/v2\/types\/product"}],"replies":[{"embeddable":true,"href":"https:\/\/rmvapesale.com\/sv\/wp-json\/wp\/v2\/comments?post=2596"}],"wp:featuredmedia":[{"embeddable":true,"href":"https:\/\/rmvapesale.com\/sv\/wp-json\/wp\/v2\/media\/2590"}],"wp:attachment":[{"href":"https:\/\/rmvapesale.com\/sv\/wp-json\/wp\/v2\/media?parent=2596"}],"wp:term":[{"taxonomy":"product_brand","embeddable":true,"href":"https:\/\/rmvapesale.com\/sv\/wp-json\/wp\/v2\/product_brand?post=2596"},{"taxonomy":"product_cat","embeddable":true,"href":"https:\/\/rmvapesale.com\/sv\/wp-json\/wp\/v2\/product_cat?post=2596"},{"taxonomy":"product_tag","embeddable":true,"href":"https:\/\/rmvapesale.com\/sv\/wp-json\/wp\/v2\/product_tag?post=2596"}],"curies":[{"name":"wp","href":"https:\/\/api.w.org\/{rel}","templated":true}]}}