{"id":2603,"date":"2024-10-29T03:15:04","date_gmt":"2024-10-29T03:15:04","guid":{"rendered":"https:\/\/rmvapesale.com\/?post_type=product&#038;p=2603"},"modified":"2024-10-29T03:41:17","modified_gmt":"2024-10-29T03:41:17","slug":"full-screen-disposable-vape-hzko-supernova-30000-puffs-wholesale","status":"publish","type":"product","link":"https:\/\/rmvapesale.com\/sv\/product\/full-screen-disposable-vape-hzko-supernova-30000-puffs-wholesale\/","title":{"rendered":"Helsk\u00e4rms eng\u00e5ngsvape HZKO SUPERNOVA 30000 puff grossist"},"content":{"rendered":"<div class=\"B2VR9 CJHX3e\">\n<div class=\"wyccme\">\n<h1 class=\"LC20lb MBeuO DKV0Md\">Helsk\u00e4rms eng\u00e5ngsvape HZKO SUPERNOVA 30000 puff grossist<\/h1>\n<div class=\"flex-shrink-0 flex flex-col relative items-end\">\n<div class=\"pt-0\">\n<div class=\"gizmo-bot-avatar flex h-8 w-8 items-center justify-center overflow-hidden rounded-full\">\n<div class=\"relative p-1 rounded-sm flex items-center justify-center bg-token-main-surface-primary text-token-text-primary h-8 w-8\">\n<p>Den <strong>HZKO SUPERNOVA 30000 Puffs Helt\u00e4ckande Eng\u00e5ngsvape<\/strong> \u00e4r en h\u00f6gpresterande enhet designad f\u00f6r vapers som s\u00f6ker omfattande anv\u00e4ndning, bekv\u00e4mlighet och full kontroll \u00f6ver sin upplevelse. Erbjuder otroliga <strong>30000 bloss<\/strong> och en helt\u00e4ckande sk\u00e4rm, \u00e4r denna vape idealisk f\u00f6r dem som vill ha en h\u00e5llbar, l\u00e5ngvarig och funktionsrik eng\u00e5ngsvape.<\/p>\n<p>Utrustad med ett <strong>integrerat 850mAh uppladdningsbart batteri<\/strong> och <strong>Type-C laddningsport<\/strong>, s\u00e4kerst\u00e4ller HZKO SUPERNOVA oavbruten anv\u00e4ndning och snabb laddning, vilket g\u00f6r den till en utm\u00e4rkare bland <strong>uppladdningsbara vapes<\/strong>. Den inkluderar <strong>23ML premium e-juice<\/strong>\u00a0och en <strong>dubbel mesh coil<\/strong> system, som levererar optimal smak i var och en av dess <strong>12 tillg\u00e4ngliga smaker<\/strong>. Enheten erbjuder justerbart luftfl\u00f6de och justerbara effektinst\u00e4llningar (fr\u00e5n 12-25W) f\u00f6r att ge anv\u00e4ndarna en anpassningsbar vapingupplevelse, och nikotinalternativ fr\u00e5n <strong>0%, 2%, 3% till 5% nikotinsalt<\/strong> tillgodoser varierande preferenser, inklusive de som s\u00f6ker en <strong>eng\u00e5ngs vape-alternativ med l\u00e5g nikotinhalt<\/strong>.<\/p>\n<p>Denna <strong>box vape<\/strong> \u00e4r byggd med en full display som visar batteritid i realtid och andra viktiga inst\u00e4llningar, vilket g\u00f6r den till en <strong>eng\u00e5ngsvape med sk\u00e4rm<\/strong> som \u00e4r b\u00e5de funktionell och anv\u00e4ndarv\u00e4nlig. Som ett toppval f\u00f6r <strong>vapes i bulk<\/strong> best\u00e4llningar \u00e4r den popul\u00e4r bland b\u00e5de vapebutiker och online-\u00e5terf\u00f6rs\u00e4ljare. Den <strong>HZKO SUPERNOVA<\/strong> kombinerar anv\u00e4ndarv\u00e4nlighet med h\u00f6gkvalitativ design, vilket ger den en plats bland de mest <strong>popul\u00e4ra vape-m\u00e4rken<\/strong> och g\u00f6r den till ett utm\u00e4rkt alternativ f\u00f6r dem som vill <strong>k\u00f6p vapes online<\/strong> eller fylla p\u00e5 med premium <strong>eng\u00e5ngsvapes<\/strong>.<\/p>\n<p>&nbsp;<\/p>\n<\/div>\n<\/div>\n<\/div>\n<\/div>\n<\/div>\n<\/div>\n<p><strong>Kontakta Amy f\u00f6r att f\u00e5 r\u00e4tt svar och vape-kupong!<\/strong><\/p>\n<p><img loading=\"lazy\" decoding=\"async\" class=\"size-full wp-image-1978\" src=\"https:\/\/rmvapesale.com\/wp-content\/uploads\/2024\/09\/Disposable-Vape-Wholesale.jpg\" alt=\"Eng\u00e5ngsvape Partihandel\" width=\"229\" height=\"300\" \/><\/p>\n<h3><a href=\"https:\/\/wa.me\/8617776015835\" target=\"_blank\" rel=\"noopener\"><span style=\"color: #ff0000\"><strong>WhatsApp: +86 17776015835<\/strong><\/span><\/a><\/h3>\n<p>&nbsp;<\/p>\n<h2><\/h2>\n<h2><strong>Eng\u00e5ngsvape med fullsk\u00e4rm HZKO SUPERNOVA 30000 <\/strong><strong>Nyckelfunktioner<\/strong><\/h2>\n<p>Full display<br \/>\nJusterbar effekt 12-25W<br \/>\nJusterbart luftfl\u00f6de<br \/>\n0\/2\/3\/5% Nikotinsalt.<br \/>\n23ML E-v\u00e4tska.<br \/>\nDubbel Mesh Coil.<br \/>\n12 tillg\u00e4ngliga smaker.<br \/>\nBatteri uppladdningsbart.<br \/>\nType-C laddning<br \/>\nInbyggt 850mAh batteri.<\/p>\n<p>&nbsp;<\/p>\n<h2><strong>Toppsmak f\u00f6r Full Screen Disposable Vape HZKO SUPERNOVA 30000<\/strong><strong>\u00a0<\/strong><\/h2>\n<p>Denna eng\u00e5ngsvape med sk\u00e4rm \u00e4r perfekt f\u00f6r den som uppskattar en m\u00e5ngfald av smaker, d\u00e5 den finns i ett omfattande utbud inklusive Aloe Grape, Blueberry Raspberry Lemonade, Strawberry Watermelon och m\u00e5nga fler. Varje smak \u00e4r skapad f\u00f6r att ge en tillfredsst\u00e4llande och mjuk vapingupplevelse, vilket s\u00e4kerst\u00e4ller att anv\u00e4ndare kan njuta av sin favoritsmak utan kompromisser.<\/p>\n<p>1.Blue raze ice\u00a0 <span style=\"color: #ff0000\"><strong>&gt;&gt;&gt;&gt; Het!<\/strong><\/span><br \/>\n2.Miami mint<br \/>\n3.Watermelon ice\u00a0 <span style=\"color: #ff0000\"><strong>&gt;&gt;&gt;&gt; Het!<\/strong><\/span><br \/>\n4.Lime berrry orange<br \/>\n5.Strawberry b-pop<br \/>\n6. Surt \u00e4pple is<br \/>\n7. Bj\u00f6rnb\u00e4r B-pop\u00a0 <span style=\"color: #ff0000\"><strong>&gt;&gt;&gt;&gt; B\u00e4st!<\/strong><\/span><br \/>\n8. Grapefrukt-uppfriskare<br \/>\n9. Hallon persika lime<br \/>\n10. Sur mango ananas<br \/>\n11. Blandade b\u00e4r<br \/>\n12. Persika bl\u00e5 slushy<\/p>\n<figure id=\"attachment_2598\" aria-describedby=\"caption-attachment-2598\" style=\"width: 808px\" class=\"wp-caption alignnone\"><img loading=\"lazy\" decoding=\"async\" class=\"wp-image-2598 size-full\" src=\"https:\/\/rmvapesale.com\/wp-content\/uploads\/2024\/10\/HZKO-Supernova-30000-Puffs-Rechargeable-Disposable-Vape.jpg\" alt=\"HZKO Supernova 30000 Puffs Uppladdningsbar eng\u00e5ngsvape\" width=\"808\" height=\"476\" srcset=\"https:\/\/rmvapesale.com\/wp-content\/uploads\/2024\/10\/HZKO-Supernova-30000-Puffs-Rechargeable-Disposable-Vape.jpg 808w, https:\/\/rmvapesale.com\/wp-content\/uploads\/2024\/10\/HZKO-Supernova-30000-Puffs-Rechargeable-Disposable-Vape-300x177.jpg 300w, https:\/\/rmvapesale.com\/wp-content\/uploads\/2024\/10\/HZKO-Supernova-30000-Puffs-Rechargeable-Disposable-Vape-768x452.jpg 768w, https:\/\/rmvapesale.com\/wp-content\/uploads\/2024\/10\/HZKO-Supernova-30000-Puffs-Rechargeable-Disposable-Vape-600x353.jpg 600w\" sizes=\"auto, (max-width: 808px) 100vw, 808px\" \/><figcaption id=\"caption-attachment-2598\" class=\"wp-caption-text\">HZKO Supernova 30000 Puffs Uppladdningsbar eng\u00e5ngsvape<\/figcaption><\/figure>\n<h3><strong>Varf\u00f6r v\u00e4lja Rmvapesale f\u00f6r HZKO SUPERNOVA 30000<\/strong><strong>\u00a0Uppladdningsbar eng\u00e5ngs-vape<\/strong><strong>?<\/strong><\/h3>\n<div class=\"flex-shrink-0 flex flex-col relative items-end\">\n<div class=\"pt-0\">\n<div class=\"gizmo-bot-avatar flex h-8 w-8 items-center justify-center overflow-hidden rounded-full\">\n<div class=\"relative p-1 rounded-sm flex items-center justify-center bg-token-main-surface-primary text-token-text-primary h-8 w-8\">\n<p>&nbsp;<\/p>\n<p>N\u00e4r du v\u00e4ljer Rmvapesale f\u00f6r dina grossistbehov av eng\u00e5ngsvapes, drar du nytta av:<\/p>\n<ul>\n<li><strong>Konkurrenskraftigt pris<\/strong>: F\u00e5 tillg\u00e5ng till attraktiva grossistpriser som \u00f6kar dina aff\u00e4rsmarginaler.<\/li>\n<li><strong>H\u00f6g kvalitet<\/strong>: V\u00e5ra vapes \u00e4r tillverkade enligt de h\u00f6gsta standarderna, och <span style=\"color: #ff0000\"><strong>garanterat 100% original och \u00e4kta, eller 10 g\u00e5nger kompensation kommer att ges f\u00f6r falska varor!<\/strong><\/span><\/li>\n<li><strong>Utm\u00e4rkt kundservice<\/strong>: V\u00e5rt dedikerade team \u00e4r alltid redo att hj\u00e4lpa dig, vilket g\u00f6r din k\u00f6pprocess smidig och problemfri.<\/li>\n<li><strong>Snabb<\/strong>: F\u00f6rv\u00e4nta dig snabb och p\u00e5litlig frakt som s\u00e4kerst\u00e4ller att dina best\u00e4llningar anl\u00e4nder i tid, varje g\u00e5ng.<\/li>\n<\/ul>\n<\/div>\n<h3><\/h3>\n<div class=\"relative p-1 rounded-sm flex items-center justify-center bg-token-main-surface-primary text-token-text-primary h-8 w-8\">\n<h3><b>Eng\u00e5ngsbox-vape HZKO SUPERNOVA 30000 med helsk\u00e4rm<\/b><b> Puff FAQ<\/b><\/h3>\n<ul>\n<li><strong>Hur laddar man eng\u00e5ngsvapen HZKO SUPERNOVA 30000 Puffs med helsk\u00e4rm?<\/strong><br \/>\nF\u00f6r att ladda din HZKO SUPERNOVA 30000 Puffs eng\u00e5ngsvape, anv\u00e4nd en Type-C-laddningskabel. Anslut den helt enkelt till en USB-str\u00f6mk\u00e4lla. Enheten har en helsk\u00e4rm som visar batteriniv\u00e5n, vilket g\u00f6r det enkelt att \u00f6vervaka laddningsprocessen.<\/li>\n<li><strong>Hur mycket nikotin finns i en HZKO SUPERNOVA 30000 Puffs Smart Eng\u00e5ngsvape?<\/strong><br \/>\nDen smarta eng\u00e5ngsvapen HZKO SUPERNOVA 30000 Puffs erbjuder flera nikotinsaltalternativ: 0%, 2%, 3% och 5%. Denna variation g\u00f6r det m\u00f6jligt f\u00f6r anv\u00e4ndare att v\u00e4lja den niv\u00e5 som b\u00e4st passar deras preferenser, inklusive val med l\u00e5g eller ingen nikotin.<\/li>\n<li><strong>Hur l\u00e4nge ska jag ladda min eng\u00e5ngsvape-box HZKO SUPERNOVA 30000 Puffs med helsk\u00e4rm?<\/strong><br \/>\nDet rekommenderas att ladda HZKO SUPERNOVA i cirka 1-2 timmar, eller tills batteriindikatorn p\u00e5 sk\u00e4rmen visar full laddning. Det inbyggda 850mAh-batteriet laddas snabbt, s\u00e4rskilt med Type-C-porten.<\/li>\n<li><strong>Var kan jag k\u00f6pa HZKO SUPERNOVA 30000 Puffs Smart Vape?<\/strong><br \/>\nDu kan k\u00f6pa den smarta vapen HZKO SUPERNOVA 30000 Puffs i olika vapebutiker och online-\u00e5terf\u00f6rs\u00e4ljare som erbjuder popul\u00e4ra vape-m\u00e4rken. M\u00e5nga leverant\u00f6rer erbjuder alternativ f\u00f6r grossist- och bulkbest\u00e4llningar f\u00f6r att m\u00f6ta olika behov.<\/li>\n<li><strong>Vilka \u00e4r de b\u00e4sta eng\u00e5ngsvaparna 2024?<\/strong><br \/>\nHZKO SUPERNOVA 30000 Puffs \u00e4r bland de b\u00e4sta eng\u00e5ngsvape-modellerna 2024, och kombinerar omfattande funktioner som justerbart luftfl\u00f6de och watt, en dubbel mesh-coil, en fullsk\u00e4rmsdisplay och upp till 30 000 bloss. Denna enhet utm\u00e4rker sig med sin premiumdesign och anv\u00e4ndarkontroll, vilket g\u00f6r den till ett toppval f\u00f6r vaping-entusiaster.<\/li>\n<\/ul>\n<\/div>\n<\/div>\n<\/div>\n<\/div>\n<h3>Om frakt<\/h3>\n<div class=\"flex-shrink-0 flex flex-col relative items-end\">\n<div>\n<div class=\"pt-0\">\n<div class=\"gizmo-bot-avatar flex h-8 w-8 items-center justify-center overflow-hidden rounded-full\">\n<div><\/div>\n<div class=\"relative p-1 rounded-sm flex items-center justify-center bg-token-main-surface-primary text-token-text-primary h-8 w-8\"><strong>1. Vilka fraktmetoder anv\u00e4nds?<\/strong><\/div>\n<\/div>\n<\/div>\n<\/div>\n<\/div>\n<div class=\"group\/conversation-turn relative flex w-full min-w-0 flex-col agent-turn\">\n<div class=\"flex-col gap-1 md:gap-3\">\n<div class=\"flex max-w-full flex-col flex-grow\">\n<div class=\"min-h-[20px] text-message flex w-full flex-col items-end gap-2 whitespace-normal break-words [.text-message+&amp;]:mt-5 overflow-x-auto\" dir=\"auto\" data-message-author-role=\"assistant\" data-message-id=\"22f8283b-3233-46ff-89a5-c7a41b33abda\">\n<div class=\"flex w-full flex-col gap-1 empty:hidden first:pt-[3px]\">\n<div class=\"markdown prose w-full break-words dark:prose-invert light\">\n<p>Vi samarbetar med UPS, DHL, FedEx, DPD och andra ledande transport\u00f6rer. Vi v\u00e4ljer det b\u00e4sta frakts\u00e4ttet baserat p\u00e5 din leveransadress f\u00f6r att s\u00e4kerst\u00e4lla att du f\u00e5r dina produkter s\u00e5 snabbt som m\u00f6jligt.<\/p>\n<\/div>\n<p><strong>2. Hur l\u00e5ng tid tar det att komma fram?<\/strong><\/p>\n<p>Paket som skickas till Sverige anl\u00e4nder vanligtvis inom 10 arbetsdagar. Leveranser till europeiska l\u00e4nder tar generellt cirka 12-15 arbetsdagar. Vi kommer att ge uppdateringar i realtid om din leveransstatus.<\/p>\n<\/div>\n<\/div>\n<\/div>\n<\/div>\n<\/div>\n<p>&nbsp;<\/p>\n<p>Andra popul\u00e4ra vapes du kanske gillar:<\/p>\n<p><a href=\"https:\/\/rmvapesale.com\/sv\/product\/poco-pt12000-puffs-disposable-vape-pod-electronic-cigarette\/\"><strong>POCO PT 12000 Blos\u00a0 \u00a0<span style=\"color: #ff0000\">&gt;&gt;&gt;&gt; k\u00f6r!<\/span><\/strong><\/a><\/p>\n<p><strong><a href=\"https:\/\/rmvapesale.com\/sv\/product\/disposable-vape-poco-bl10000-puffs-wholesale\/\">POCO BL10000 Blos <span style=\"color: #ff0000\">&gt;&gt;&gt;&gt; k\u00f6r!<\/span><\/a>\u00a0<\/strong><\/p>\n<p><a href=\"https:\/\/rmvapesale.com\/sv\/product\/original-randm-vape-digital-puff-12000-fumot-factory-price\/\"><strong>Fumot Vape 12000 bloss <span style=\"color: #ff0000\">&gt;&gt;&gt;&gt; k\u00f6r!<\/span><\/strong><\/a><\/p>\n<p>&nbsp;<\/p>\n<p>&nbsp;<\/p>\n<p>Hitta fler vape-produkter du kanske gillar:<strong><em><a href=\"https:\/\/rmvapesale.com\/sv\/shop-2\/\">handla nu &gt;&gt;&gt;<\/a><\/em><\/strong><\/p>","protected":false},"excerpt":{"rendered":"<p>K\u00f6p HZKD SUPERNOVA 30000 Puffs Vapes till Grossistpris<br \/>\nHZKO Supernova 25000 Puffs Uppladdningsbar Eng\u00e5ngsvape<br \/>\nGrossist Eng\u00e5ngsvape i Tyskt Lager<br \/>\n<span style=\"color: #ff0000\">(Leverans fr\u00e5n tyskt lager och tar cirka 3-5 dagar att anl\u00e4nda till de flesta europeiska l\u00e4nder som Nederl\u00e4nderna, Frankrike, Italien, Spanien, Schweiz, Sverige, Polen, etc.)<\/span><\/p>\n<p><img loading=\"lazy\" decoding=\"async\" class=\"size-full wp-image-2375\" src=\"https:\/\/rmvapesale.com\/wp-content\/uploads\/2024\/10\/image.png\" alt=\"B\u00e4sta eng\u00e5ngsvape\" width=\"229\" height=\"300\" \/><\/p>\n<h3><a href=\"https:\/\/wa.me\/8617776015835\"><span style=\"color: #ff0000\"><strong>WhatsApp: +86 17776015835<\/strong><\/span><\/a><\/h3>\n<p>&nbsp;<\/p>","protected":false},"featured_media":2602,"comment_status":"open","ping_status":"closed","template":"","meta":{"_uag_custom_page_level_css":"","_lmt_disableupdate":"no","_lmt_disable":"","site-sidebar-layout":"default","site-content-layout":"content-boxed-container","ast-site-content-layout":"normal-width-container","site-content-style":"boxed","site-sidebar-style":"unboxed","ast-global-header-display":"","ast-banner-title-visibility":"","ast-main-header-display":"","ast-hfb-above-header-display":"","ast-hfb-below-header-display":"","ast-hfb-mobile-header-display":"","site-post-title":"","ast-breadcrumbs-content":"","ast-featured-img":"","footer-sml-layout":"","ast-disable-related-posts":"","theme-transparent-header-meta":"default","adv-header-id-meta":"","stick-header-meta":"","header-above-stick-meta":"","header-main-stick-meta":"","header-below-stick-meta":"","astra-migrate-meta-layouts":"set","ast-page-background-enabled":"default","ast-page-background-meta":{"desktop":{"background-color":"var(--ast-global-color-4)","background-image":"","background-repeat":"repeat","background-position":"center center","background-size":"auto","background-attachment":"scroll","background-type":"","background-media":"","overlay-type":"","overlay-color":"","overlay-opacity":"","overlay-gradient":""},"tablet":{"background-color":"","background-image":"","background-repeat":"repeat","background-position":"center center","background-size":"auto","background-attachment":"scroll","background-type":"","background-media":"","overlay-type":"","overlay-color":"","overlay-opacity":"","overlay-gradient":""},"mobile":{"background-color":"","background-image":"","background-repeat":"repeat","background-position":"center center","background-size":"auto","background-attachment":"scroll","background-type":"","background-media":"","overlay-type":"","overlay-color":"","overlay-opacity":"","overlay-gradient":""}},"ast-content-background-meta":{"desktop":{"background-color":"var(--ast-global-color-5)","background-image":"","background-repeat":"repeat","background-position":"center center","background-size":"auto","background-attachment":"scroll","background-type":"","background-media":"","overlay-type":"","overlay-color":"","overlay-opacity":"","overlay-gradient":""},"tablet":{"background-color":"var(--ast-global-color-5)","background-image":"","background-repeat":"repeat","background-position":"center center","background-size":"auto","background-attachment":"scroll","background-type":"","background-media":"","overlay-type":"","overlay-color":"","overlay-opacity":"","overlay-gradient":""},"mobile":{"background-color":"var(--ast-global-color-5)","background-image":"","background-repeat":"repeat","background-position":"center center","background-size":"auto","background-attachment":"scroll","background-type":"","background-media":"","overlay-type":"","overlay-color":"","overlay-opacity":"","overlay-gradient":""}},"_joinchat":[]},"product_brand":[],"product_cat":[15,27,25,195,123,30,26,28,137,136,135],"product_tag":[146,188,167,197,165,154,191,196,120],"class_list":{"0":"post-2603","1":"product","2":"type-product","3":"status-publish","4":"has-post-thumbnail","6":"product_cat-new-vape-this-week","7":"product_cat-fance-hot-sale-vape","8":"product_cat-germany-best-selling-vape","9":"product_cat-germany-warehouse","10":"product_cat-italy-wholesale-vape","11":"product_cat-minimum-order-quantity-50pcs","12":"product_cat-netherlands-hot-sale-vape","13":"product_cat-poland-hot-sale-vape","14":"product_cat-rechargeable-vapes","15":"product_cat-smart-screen-vapes","16":"product_cat-spain-best-hot-sale-vape","17":"product_tag-best-hot-sale-vape","18":"product_tag-buy-vapes-online","19":"product_tag-disposable-vape-with-screen","20":"product_tag-germany-hot-sale-vape","21":"product_tag-rechargeable-vapes","22":"product_tag-smart-vape","23":"product_tag-vape-box","24":"product_tag-vape-shop","25":"product_tag-vape-wholesale","26":"desktop-align-left","27":"tablet-align-left","28":"mobile-align-left","30":"first","31":"instock","32":"sale","33":"shipping-taxable","34":"purchasable","35":"product-type-simple"},"uagb_featured_image_src":{"full":["https:\/\/rmvapesale.com\/wp-content\/uploads\/2024\/10\/Supernova-30000-Puffs-Disposable-Vape.jpg",800,800,false],"thumbnail":["https:\/\/rmvapesale.com\/wp-content\/uploads\/2024\/10\/Supernova-30000-Puffs-Disposable-Vape-150x150.jpg",150,150,true],"medium":["https:\/\/rmvapesale.com\/wp-content\/uploads\/2024\/10\/Supernova-30000-Puffs-Disposable-Vape-300x300.jpg",300,300,true],"medium_large":["https:\/\/rmvapesale.com\/wp-content\/uploads\/2024\/10\/Supernova-30000-Puffs-Disposable-Vape-768x768.jpg",768,768,true],"large":["https:\/\/rmvapesale.com\/wp-content\/uploads\/2024\/10\/Supernova-30000-Puffs-Disposable-Vape.jpg",800,800,false],"1536x1536":["https:\/\/rmvapesale.com\/wp-content\/uploads\/2024\/10\/Supernova-30000-Puffs-Disposable-Vape.jpg",800,800,false],"2048x2048":["https:\/\/rmvapesale.com\/wp-content\/uploads\/2024\/10\/Supernova-30000-Puffs-Disposable-Vape.jpg",800,800,false],"trp-custom-language-flag":["https:\/\/rmvapesale.com\/wp-content\/uploads\/2024\/10\/Supernova-30000-Puffs-Disposable-Vape.jpg",12,12,false],"woocommerce_thumbnail":["https:\/\/rmvapesale.com\/wp-content\/uploads\/2024\/10\/Supernova-30000-Puffs-Disposable-Vape-300x300.jpg",300,300,true],"woocommerce_single":["https:\/\/rmvapesale.com\/wp-content\/uploads\/2024\/10\/Supernova-30000-Puffs-Disposable-Vape-600x600.jpg",600,600,true],"woocommerce_gallery_thumbnail":["https:\/\/rmvapesale.com\/wp-content\/uploads\/2024\/10\/Supernova-30000-Puffs-Disposable-Vape-100x100.jpg",100,100,true],"wcpr-photo-reviews":["https:\/\/rmvapesale.com\/wp-content\/uploads\/2024\/10\/Supernova-30000-Puffs-Disposable-Vape.jpg",500,500,false]},"uagb_author_info":{"display_name":"AMY","author_link":"https:\/\/rmvapesale.com\/sv\/author\/"},"uagb_comment_info":0,"uagb_excerpt":"Buy HZKD SUPERNOVA 30000 Puff Vapes at Wholesale Price HZKO Supernova 25000 Puffs Rechargeable Disposable Vape Wholesale Disposable Vape in Germany Warehouse Stock (Ship from Germany warehouse and takes about 3-5 days\u00a0 to get arrive to most Europe countries like Netherlands, France, Italy, Spain, Switzerland, Sweden, Poland, etc. ) WhatsApp: +86 17776015835 &nbsp;","_links":{"self":[{"href":"https:\/\/rmvapesale.com\/sv\/wp-json\/wp\/v2\/product\/2603","targetHints":{"allow":["GET"]}}],"collection":[{"href":"https:\/\/rmvapesale.com\/sv\/wp-json\/wp\/v2\/product"}],"about":[{"href":"https:\/\/rmvapesale.com\/sv\/wp-json\/wp\/v2\/types\/product"}],"replies":[{"embeddable":true,"href":"https:\/\/rmvapesale.com\/sv\/wp-json\/wp\/v2\/comments?post=2603"}],"wp:featuredmedia":[{"embeddable":true,"href":"https:\/\/rmvapesale.com\/sv\/wp-json\/wp\/v2\/media\/2602"}],"wp:attachment":[{"href":"https:\/\/rmvapesale.com\/sv\/wp-json\/wp\/v2\/media?parent=2603"}],"wp:term":[{"taxonomy":"product_brand","embeddable":true,"href":"https:\/\/rmvapesale.com\/sv\/wp-json\/wp\/v2\/product_brand?post=2603"},{"taxonomy":"product_cat","embeddable":true,"href":"https:\/\/rmvapesale.com\/sv\/wp-json\/wp\/v2\/product_cat?post=2603"},{"taxonomy":"product_tag","embeddable":true,"href":"https:\/\/rmvapesale.com\/sv\/wp-json\/wp\/v2\/product_tag?post=2603"}],"curies":[{"name":"wp","href":"https:\/\/api.w.org\/{rel}","templated":true}]}}