{"id":2609,"date":"2024-10-30T08:06:20","date_gmt":"2024-10-30T08:06:20","guid":{"rendered":"https:\/\/rmvapesale.com\/?post_type=product&#038;p=2609"},"modified":"2024-10-31T03:48:31","modified_gmt":"2024-10-31T03:48:31","slug":"smart-disposable-vape-elfworld-ai-22000-puffs-led-display","status":"publish","type":"product","link":"https:\/\/rmvapesale.com\/sv\/product\/smart-disposable-vape-elfworld-ai-22000-puffs-led-display\/","title":{"rendered":"Smart Eng\u00e5ngs Vape ELFWORLD AI 22000 Puff LED-Display"},"content":{"rendered":"<div class=\"B2VR9 CJHX3e\">\n<div class=\"wyccme\">\n<h1 class=\"LC20lb MBeuO DKV0Md\">Smart Eng\u00e5ngs Vape ELFWORLD AI 22000 Puff LED-Display<\/h1>\n<div class=\"flex-shrink-0 flex flex-col relative items-end\">\n<div class=\"pt-0\">\n<div class=\"gizmo-bot-avatar flex h-8 w-8 items-center justify-center overflow-hidden rounded-full\">\n<div class=\"relative p-1 rounded-sm flex items-center justify-center bg-token-main-surface-primary text-token-text-primary h-8 w-8\">\n<p><strong>Smart Eng\u00e5ngs Vape ELFWORLD AI 22000 Puff LED-Display<\/strong> \u00e4r det ultimata valet f\u00f6r vapers som s\u00f6ker innovation, stil och en f\u00f6rl\u00e4ngd vapingupplevelse. Med en massiv <strong>22000 puffkapacitet<\/strong>erbjuder denna stora puff <strong>eng\u00e5ngsvape<\/strong> ett l\u00e5ngvarigt, problemfritt alternativ f\u00f6r b\u00e5de erfarna vapers och nykomlingar.<\/p>\n<p><strong>Snygg Design och B\u00e4rbarhet<\/strong><br \/>\nDen <strong>Elf World AI 22000<\/strong> visar upp en snygg, modern design tillverkad med mjuka linjer och en premiumfinish som k\u00e4nns lika bra som den ser ut. Denna <strong>box vape<\/strong> \u00e4r kompakt och l\u00e4tt, vilket g\u00f6r den enkel att b\u00e4ra med sig. Trots sin l\u00e4tta konstruktion \u00e4r den byggd f\u00f6r att t\u00e5la daglig anv\u00e4ndning, vilket s\u00e4kerst\u00e4ller h\u00e5llbarhet utan att offra dess premiumk\u00e4nsla.<\/p>\n<p><strong>Smart Teknik med Justerbart Luftfl\u00f6de<\/strong><br \/>\nSom en sann <strong>Smart vape<\/strong>erbjuder AI 22000 en anpassningsbar upplevelse med sin justerbara luftfl\u00f6desfunktion, vilket g\u00f6r att anv\u00e4ndare kan v\u00e4lja den dragt\u00e4thet som b\u00e4st passar deras preferens. Denna <strong>uppladdningsbara vape<\/strong> inkluderar ett kraftfullt batteri och en LED-sk\u00e4rm, vilket ger dig realtidsindikatorer f\u00f6r batteritid och e-juice-niv\u00e5er. Denna funktion s\u00e4kerst\u00e4ller att du alltid vet n\u00e4r du ska ladda och \u00e4r redo att njuta av oavbrutna puffar. Enhetens <strong>Type-C laddning<\/strong> port ger snabb, bekv\u00e4m laddning, perfekt f\u00f6r upptagna anv\u00e4ndare som vill ha en p\u00e5litlig vape.<\/p>\n<p><strong>Slutsats<\/strong><br \/>\nELFWORLD<strong> 22000 Puff Smart Eng\u00e5ngsvape<\/strong>\u00a0\u00e4r den perfekta blandningen av stil, avancerad teknik och l\u00e5ngvarig prestanda, vilket g\u00f6r den till en av de <strong>b\u00e4sta eng\u00e5ngsvape-produkterna<\/strong> som finns tillg\u00e4ngliga. F\u00f6r de som s\u00f6ker ett alternativ med h\u00f6g kapacitet, h\u00e5llbarhet och m\u00e5nga funktioner \u00e4r ElfWorld AI 22000 ett perfekt val. Uppt\u00e4ck bekv\u00e4mligheten och kvaliteten hos denna vape i toppklass, tillg\u00e4nglig f\u00f6r k\u00f6p i <strong>vapebutiker<\/strong>, <strong>eng\u00e5ngsvapes online<\/strong>eller genom <strong>vapes i bulk<\/strong> alternativ f\u00f6r grossistbehov.<\/p>\n<\/div>\n<\/div>\n<\/div>\n<\/div>\n<\/div>\n<\/div>\n<p><strong>Kontakta Amy f\u00f6r att f\u00e5 r\u00e4tt svar och vape-kupong!<\/strong><\/p>\n<p><img loading=\"lazy\" decoding=\"async\" class=\"size-full wp-image-1978\" src=\"https:\/\/rmvapesale.com\/wp-content\/uploads\/2024\/09\/Disposable-Vape-Wholesale.jpg\" alt=\"Eng\u00e5ngsvape Partihandel\" width=\"229\" height=\"300\" \/><\/p>\n<h3><a href=\"https:\/\/wa.me\/8617776015835\" target=\"_blank\" rel=\"noopener\"><span style=\"color: #ff0000\"><strong>WhatsApp: +86 17776015835<\/strong><\/span><\/a><\/h3>\n<p>&nbsp;<\/p>\n<h2><\/h2>\n<h2><strong>ELFWORLD AI 22000 Smart Eng\u00e5ngsvape <\/strong><strong>Nyckelfunktioner<\/strong><\/h2>\n<ul class=\"wp-block-list\">\n<li>Puffar: 22000 puffar<\/li>\n<li>Nikotinstyrka: 0%2%3%5%<\/li>\n<li>Kapacitet: 26ml<\/li>\n<li>Batteri: 650mAh<\/li>\n<li>Spolmaterial: 1.0*2 ohm Dual Mesh Coil<\/li>\n<li>Display: Digital sk\u00e4rm<\/li>\n<li>Laddning: USB-C Uppladdningsbar<\/li>\n<li>Justerbart luftfl\u00f6de<\/li>\n<li>10 smaker tillg\u00e4ngliga<\/li>\n<\/ul>\n<figure id=\"attachment_2619\" aria-describedby=\"caption-attachment-2619\" style=\"width: 600px\" class=\"wp-caption alignnone\"><img loading=\"lazy\" decoding=\"async\" class=\"wp-image-2619 size-full\" src=\"https:\/\/rmvapesale.com\/wp-content\/uploads\/2024\/10\/Vape-22000-Puff-Rechargeable-Disposable-Vape.png\" alt=\"Vape 22000 Puff Uppladdningsbar Eng\u00e5ngsvape\" width=\"600\" height=\"849\" srcset=\"https:\/\/rmvapesale.com\/wp-content\/uploads\/2024\/10\/Vape-22000-Puff-Rechargeable-Disposable-Vape.png 600w, https:\/\/rmvapesale.com\/wp-content\/uploads\/2024\/10\/Vape-22000-Puff-Rechargeable-Disposable-Vape-212x300.png 212w\" sizes=\"auto, (max-width: 600px) 100vw, 600px\" \/><figcaption id=\"caption-attachment-2619\" class=\"wp-caption-text\">Vape 22000 Puff Uppladdningsbar Eng\u00e5ngsvape<\/figcaption><\/figure>\n<h2><strong>Toppsmak f\u00f6r <\/strong><strong>ELFWORLD AI 22000 Puff Smart Eng\u00e5ngsvape<\/strong><\/h2>\n<p>Med varje puff levererar <strong>Elf World AI 22000<\/strong> fylliga, dj\u00e4rva smaker som h\u00e5ller sig konsekventa fr\u00e5n f\u00f6rsta till sista draget. Tillg\u00e4nglig i en m\u00e4ngd olika alternativ, denna <strong>l\u00e5gnikotinvape<\/strong> ger en tillfredsst\u00e4llande och smidig upplevelse f\u00f6r vejpare som prioriterar b\u00e5de kvalitet och smak.<\/p>\n<p>1.Mango \u00e4pple p\u00e4ron<br \/>\n2.Kall mango<br \/>\n3.Gr\u00f6nt \u00e4pple<br \/>\n4.Tigerblod <span style=\"color: #ff0000\"><strong>&gt;&gt;&gt;&gt; Het!<\/strong><\/span><br \/>\n5.Bl\u00e5b\u00e4rs-is <span style=\"color: #ff0000\"><strong>&gt;&gt;&gt;&gt; Het!<\/strong><\/span><br \/>\n6.Mynta<br \/>\n7.Blandade b\u00e4r <span style=\"color: #ff0000\"><strong>&gt;&gt;&gt;&gt; B\u00e4st!<\/strong><\/span><br \/>\n8.Druv-is<br \/>\n9.Vattenmelon-is<br \/>\n10.Bl\u00e5b\u00e4rsmynta<br \/>\n11.Jordgubbsis<br \/>\n12.Saftig persikois<br \/>\n13.Bl\u00e5 hallonis<br \/>\n14.K\u00f6rsb\u00e4rscitron<br \/>\n15.Jordgubbsvattenmelon<\/p>\n<p>&nbsp;<\/p>\n<h3><strong>Varf\u00f6r v\u00e4lja Rmvapesale f\u00f6r ELFWORLD 22000 Puffs LED Display Eng\u00e5ngsvape<\/strong><strong>?<\/strong><\/h3>\n<div class=\"flex-shrink-0 flex flex-col relative items-end\">\n<div class=\"pt-0\">\n<div class=\"gizmo-bot-avatar flex h-8 w-8 items-center justify-center overflow-hidden rounded-full\">\n<div class=\"relative p-1 rounded-sm flex items-center justify-center bg-token-main-surface-primary text-token-text-primary h-8 w-8\">\n<p>V\u00e4lkommen till Rmvapesale, din p\u00e5litliga vapebutik f\u00f6r f\u00f6rstklassiga eng\u00e5ngsvapes. Med \u00f6ver 5 \u00e5rs expertis, erbjuder vi popul\u00e4ra varum\u00e4rken f\u00f6r eng\u00e5ngsvapes som Al Fakher, <a href=\"https:\/\/rmvapesale.com\/sv\/product\/vapme-crystal-7000-puffs-rechargeable-disposable-vape-price\/\">Vapme<\/a>, <a href=\"https:\/\/rmvapesale.com\/sv\/product-category\/bang-vapes\/\">Bang Vape<\/a>, Waspe, <a href=\"https:\/\/rmvapesale.com\/sv\/product\/wga-crystal-pro-max-extra-15k-puffs-disposable-vape-wholesale\/\">WGA<\/a> Vape och<a href=\"https:\/\/rmvapesale.com\/sv\/product-category\/randm-fumot-vape\/\"> RandM Vape<\/a>.<\/p>\n<p>V\u00e5rt sortiment inkluderar popul\u00e4ra vapes som <a href=\"https:\/\/rmvapesale.com\/sv\/product\/fumot-digital-box-12000-disposable-vape-pink-lemonade-flavor\/\">RandM 12k<\/a> och smakrika alternativ som <a href=\"https:\/\/rmvapesale.com\/sv\/product\/wga-crystal-pro-max-extra-15k-puffs-disposable-vape-wholesale\/\">WGA Crystal Pro Max 15K Puffs<\/a>. Varje produkt \u00e4r utvald med fokus p\u00e5 kvalitet, v\u00e4rde och variation, vilket s\u00e4kerst\u00e4ller att du hittar den perfekta matchningen f\u00f6r dina behov. Uppt\u00e4ck exceptionell service och ett brett utbud av topprodukter hos Rmvapesale.<\/p>\n<\/div>\n<h3><\/h3>\n<div class=\"relative p-1 rounded-sm flex items-center justify-center bg-token-main-surface-primary text-token-text-primary h-8 w-8\">\n<h3><b>ELFWORLD 22000 Vape VANLIGA FR\u00c5GOR<\/b><\/h3>\n<\/div>\n<p><strong>Kan jag ta med en eng\u00e5ngsvape p\u00e5 ett flygplan?<\/strong><br \/>\nJa, eng\u00e5ngsvapes som <strong>Elf World AI 22000 Puffs<\/strong> \u00e4r till\u00e5tna p\u00e5 flygplan, men endast i ditt handbagage p\u00e5 grund av batteriregler. Se till att enheten \u00e4r avst\u00e4ngd och kontrollera flygbolagets riktlinjer f\u00f6r eventuella restriktioner p\u00e5 vapingprodukter.<\/p>\n<p><strong>\u00c4r Elf World AI 22000 Puff Smart eng\u00e5ngsvape bra f\u00f6r nyb\u00f6rjare?<\/strong><br \/>\nJa, <strong>Elf World AI 22000 Puffs<\/strong> \u00e4r nyb\u00f6rjarv\u00e4nlig. Den har en anv\u00e4ndarv\u00e4nlig, elegant design, justerbart luftfl\u00f6de och en bekv\u00e4m <strong>LED-sk\u00e4rmen<\/strong> f\u00f6r batteri- och e-juice-niv\u00e5er, vilket g\u00f6r det enkelt f\u00f6r nyb\u00f6rjare att \u00f6vervaka anv\u00e4ndningen.<\/p>\n<p><strong>Vilka \u00e4r popul\u00e4ra eng\u00e5ngsvapes med en display?<\/strong><br \/>\nBland <strong>popul\u00e4ra eng\u00e5ngsvapes<\/strong> med en display sticker <strong>Elf World AI 22000 Puffs<\/strong> ut f\u00f6r sina avancerade funktioner, l\u00e5ngvariga 22 000 puffar och justerbart luftfl\u00f6de, vilket g\u00f6r den till ett toppval f\u00f6r vejpare som s\u00f6ker en h\u00f6gteknologisk upplevelse.<\/p>\n<p><strong>Hur vet jag om min Elf World Smart eng\u00e5ngsvape \u00e4r tom?<\/strong><br \/>\nDen <strong>LED-displayen<\/strong> p\u00e5 <strong>Elf World AI 22000 Puffs<\/strong> ger realtidsinformation om batteritid och e-juice-niv\u00e5er, s\u00e5 att du enkelt kan se n\u00e4r vapen b\u00f6rjar ta slut eller \u00e4r tom.<\/p>\n<p><strong>Hur l\u00e4nge r\u00e4cker en Elf World AI 22000 Puff vape?<\/strong><br \/>\nDen <strong>Elf World AI 22000 Puffs<\/strong> \u00e4r utformad f\u00f6r att r\u00e4cka i ungef\u00e4r <strong>22 000 bloss<\/strong>, vilket g\u00f6r den till ett l\u00e5ngvarigt alternativ f\u00f6r b\u00e5de l\u00e4tt och frekvent anv\u00e4ndare. Med m\u00e5ttlig anv\u00e4ndning kan denna enhet h\u00e5lla i veckor, beroende p\u00e5 individuella anv\u00e4ndningsvanor.<\/p>\n<div class=\"relative p-1 rounded-sm flex items-center justify-center bg-token-main-surface-primary text-token-text-primary h-8 w-8\">\n<p>&nbsp;<\/p>\n<\/div>\n<\/div>\n<\/div>\n<\/div>\n<h3>Om frakt<\/h3>\n<div class=\"flex-shrink-0 flex flex-col relative items-end\">\n<div>\n<div class=\"pt-0\">\n<div class=\"gizmo-bot-avatar flex h-8 w-8 items-center justify-center overflow-hidden rounded-full\">\n<div><\/div>\n<div class=\"relative p-1 rounded-sm flex items-center justify-center bg-token-main-surface-primary text-token-text-primary h-8 w-8\"><strong>1. Vilka fraktmetoder anv\u00e4nds?<\/strong><\/div>\n<\/div>\n<\/div>\n<\/div>\n<\/div>\n<div class=\"group\/conversation-turn relative flex w-full min-w-0 flex-col agent-turn\">\n<div class=\"flex-col gap-1 md:gap-3\">\n<div class=\"flex max-w-full flex-col flex-grow\">\n<div class=\"min-h-[20px] text-message flex w-full flex-col items-end gap-2 whitespace-normal break-words [.text-message+&amp;]:mt-5 overflow-x-auto\" dir=\"auto\" data-message-author-role=\"assistant\" data-message-id=\"22f8283b-3233-46ff-89a5-c7a41b33abda\">\n<div class=\"flex w-full flex-col gap-1 empty:hidden first:pt-[3px]\">\n<div class=\"markdown prose w-full break-words dark:prose-invert light\">\n<p>Vi samarbetar med UPS, DHL, FedEx, DPD och andra ledande transport\u00f6rer. Vi v\u00e4ljer det b\u00e4sta frakts\u00e4ttet baserat p\u00e5 din leveransadress f\u00f6r att s\u00e4kerst\u00e4lla att du f\u00e5r dina produkter s\u00e5 snabbt som m\u00f6jligt.<\/p>\n<\/div>\n<p><strong>2. Hur l\u00e5ng tid tar det att komma fram?<\/strong><\/p>\n<p>Paket som skickas till Sverige anl\u00e4nder vanligtvis inom 10 arbetsdagar. Leveranser till europeiska l\u00e4nder tar generellt cirka 12-15 arbetsdagar. Vi kommer att ge uppdateringar i realtid om din leveransstatus.<\/p>\n<\/div>\n<\/div>\n<\/div>\n<\/div>\n<\/div>\n<p>&nbsp;<\/p>\n<p>Hitta fler vape-produkter du kanske gillar:<strong><em><a href=\"https:\/\/rmvapesale.com\/sv\/shop-2\/\">handla nu &gt;&gt;&gt;<\/a><\/em><\/strong><\/p>","protected":false},"excerpt":{"rendered":"<p>Elf World AI 22000 Puffar Sk\u00e4rmdisplay Eng\u00e5ngs Vape<br \/>\nVape 22000 Puff Uppladdningsbar Eng\u00e5ngs E-Cigarett<br \/>\nELFWORLD AI 22000 Puffar Eng\u00e5ngs Vape Partihandel<\/p>\n<p><img loading=\"lazy\" decoding=\"async\" class=\"size-full wp-image-2375\" src=\"https:\/\/rmvapesale.com\/wp-content\/uploads\/2024\/10\/image.png\" alt=\"B\u00e4sta eng\u00e5ngsvape\" width=\"229\" height=\"300\" \/><\/p>\n<h3><a href=\"https:\/\/wa.me\/8617776015835\"><span style=\"color: #ff0000\"><strong>WhatsApp: +86 17776015835<\/strong><\/span><\/a><\/h3>\n<p>&nbsp;<\/p>","protected":false},"featured_media":2617,"comment_status":"open","ping_status":"closed","template":"","meta":{"_uag_custom_page_level_css":"","_lmt_disableupdate":"no","_lmt_disable":"","site-sidebar-layout":"default","site-content-layout":"content-boxed-container","ast-site-content-layout":"normal-width-container","site-content-style":"boxed","site-sidebar-style":"unboxed","ast-global-header-display":"","ast-banner-title-visibility":"","ast-main-header-display":"","ast-hfb-above-header-display":"","ast-hfb-below-header-display":"","ast-hfb-mobile-header-display":"","site-post-title":"","ast-breadcrumbs-content":"","ast-featured-img":"","footer-sml-layout":"","ast-disable-related-posts":"","theme-transparent-header-meta":"default","adv-header-id-meta":"","stick-header-meta":"","header-above-stick-meta":"","header-main-stick-meta":"","header-below-stick-meta":"","astra-migrate-meta-layouts":"set","ast-page-background-enabled":"default","ast-page-background-meta":{"desktop":{"background-color":"var(--ast-global-color-4)","background-image":"","background-repeat":"repeat","background-position":"center center","background-size":"auto","background-attachment":"scroll","background-type":"","background-media":"","overlay-type":"","overlay-color":"","overlay-opacity":"","overlay-gradient":""},"tablet":{"background-color":"","background-image":"","background-repeat":"repeat","background-position":"center center","background-size":"auto","background-attachment":"scroll","background-type":"","background-media":"","overlay-type":"","overlay-color":"","overlay-opacity":"","overlay-gradient":""},"mobile":{"background-color":"","background-image":"","background-repeat":"repeat","background-position":"center center","background-size":"auto","background-attachment":"scroll","background-type":"","background-media":"","overlay-type":"","overlay-color":"","overlay-opacity":"","overlay-gradient":""}},"ast-content-background-meta":{"desktop":{"background-color":"var(--ast-global-color-5)","background-image":"","background-repeat":"repeat","background-position":"center center","background-size":"auto","background-attachment":"scroll","background-type":"","background-media":"","overlay-type":"","overlay-color":"","overlay-opacity":"","overlay-gradient":""},"tablet":{"background-color":"var(--ast-global-color-5)","background-image":"","background-repeat":"repeat","background-position":"center center","background-size":"auto","background-attachment":"scroll","background-type":"","background-media":"","overlay-type":"","overlay-color":"","overlay-opacity":"","overlay-gradient":""},"mobile":{"background-color":"var(--ast-global-color-5)","background-image":"","background-repeat":"repeat","background-position":"center center","background-size":"auto","background-attachment":"scroll","background-type":"","background-media":"","overlay-type":"","overlay-color":"","overlay-opacity":"","overlay-gradient":""}},"_joinchat":[]},"product_brand":[],"product_cat":[15,27,25,195,123,30,26,28,137,136,135],"product_tag":[146,188,167,198,165,85,191,120],"class_list":{"0":"post-2609","1":"product","2":"type-product","3":"status-publish","4":"has-post-thumbnail","6":"product_cat-new-vape-this-week","7":"product_cat-fance-hot-sale-vape","8":"product_cat-germany-best-selling-vape","9":"product_cat-germany-warehouse","10":"product_cat-italy-wholesale-vape","11":"product_cat-minimum-order-quantity-50pcs","12":"product_cat-netherlands-hot-sale-vape","13":"product_cat-poland-hot-sale-vape","14":"product_cat-rechargeable-vapes","15":"product_cat-smart-screen-vapes","16":"product_cat-spain-best-hot-sale-vape","17":"product_tag-best-hot-sale-vape","18":"product_tag-buy-vapes-online","19":"product_tag-disposable-vape-with-screen","20":"product_tag-elfworld-vape","21":"product_tag-rechargeable-vapes","22":"product_tag-smart-disposable-vape","23":"product_tag-vape-box","24":"product_tag-vape-wholesale","25":"desktop-align-left","26":"tablet-align-left","27":"mobile-align-left","29":"first","30":"instock","31":"sale","32":"shipping-taxable","33":"purchasable","34":"product-type-simple"},"uagb_featured_image_src":{"full":["https:\/\/rmvapesale.com\/wp-content\/uploads\/2024\/10\/ELFWORLD-AI-22000-Puffs-Disposable-Vape.png",800,800,false],"thumbnail":["https:\/\/rmvapesale.com\/wp-content\/uploads\/2024\/10\/ELFWORLD-AI-22000-Puffs-Disposable-Vape-150x150.png",150,150,true],"medium":["https:\/\/rmvapesale.com\/wp-content\/uploads\/2024\/10\/ELFWORLD-AI-22000-Puffs-Disposable-Vape-300x300.png",300,300,true],"medium_large":["https:\/\/rmvapesale.com\/wp-content\/uploads\/2024\/10\/ELFWORLD-AI-22000-Puffs-Disposable-Vape-768x768.png",768,768,true],"large":["https:\/\/rmvapesale.com\/wp-content\/uploads\/2024\/10\/ELFWORLD-AI-22000-Puffs-Disposable-Vape.png",800,800,false],"1536x1536":["https:\/\/rmvapesale.com\/wp-content\/uploads\/2024\/10\/ELFWORLD-AI-22000-Puffs-Disposable-Vape.png",800,800,false],"2048x2048":["https:\/\/rmvapesale.com\/wp-content\/uploads\/2024\/10\/ELFWORLD-AI-22000-Puffs-Disposable-Vape.png",800,800,false],"trp-custom-language-flag":["https:\/\/rmvapesale.com\/wp-content\/uploads\/2024\/10\/ELFWORLD-AI-22000-Puffs-Disposable-Vape.png",12,12,false],"woocommerce_thumbnail":["https:\/\/rmvapesale.com\/wp-content\/uploads\/2024\/10\/ELFWORLD-AI-22000-Puffs-Disposable-Vape-300x300.png",300,300,true],"woocommerce_single":["https:\/\/rmvapesale.com\/wp-content\/uploads\/2024\/10\/ELFWORLD-AI-22000-Puffs-Disposable-Vape-600x600.png",600,600,true],"woocommerce_gallery_thumbnail":["https:\/\/rmvapesale.com\/wp-content\/uploads\/2024\/10\/ELFWORLD-AI-22000-Puffs-Disposable-Vape-100x100.png",100,100,true],"wcpr-photo-reviews":["https:\/\/rmvapesale.com\/wp-content\/uploads\/2024\/10\/ELFWORLD-AI-22000-Puffs-Disposable-Vape.png",500,500,false]},"uagb_author_info":{"display_name":"AMY","author_link":"https:\/\/rmvapesale.com\/sv\/author\/"},"uagb_comment_info":0,"uagb_excerpt":"Elf World AI 22000 Puffs Screen Display Disposable Vape Vape 22000 Puff Rechargeable Disposable E-Cigarette ELFWORLD AI 22000 Puffs Disposable Vape Wholesale WhatsApp: +86 17776015835 &nbsp;","_links":{"self":[{"href":"https:\/\/rmvapesale.com\/sv\/wp-json\/wp\/v2\/product\/2609","targetHints":{"allow":["GET"]}}],"collection":[{"href":"https:\/\/rmvapesale.com\/sv\/wp-json\/wp\/v2\/product"}],"about":[{"href":"https:\/\/rmvapesale.com\/sv\/wp-json\/wp\/v2\/types\/product"}],"replies":[{"embeddable":true,"href":"https:\/\/rmvapesale.com\/sv\/wp-json\/wp\/v2\/comments?post=2609"}],"wp:featuredmedia":[{"embeddable":true,"href":"https:\/\/rmvapesale.com\/sv\/wp-json\/wp\/v2\/media\/2617"}],"wp:attachment":[{"href":"https:\/\/rmvapesale.com\/sv\/wp-json\/wp\/v2\/media?parent=2609"}],"wp:term":[{"taxonomy":"product_brand","embeddable":true,"href":"https:\/\/rmvapesale.com\/sv\/wp-json\/wp\/v2\/product_brand?post=2609"},{"taxonomy":"product_cat","embeddable":true,"href":"https:\/\/rmvapesale.com\/sv\/wp-json\/wp\/v2\/product_cat?post=2609"},{"taxonomy":"product_tag","embeddable":true,"href":"https:\/\/rmvapesale.com\/sv\/wp-json\/wp\/v2\/product_tag?post=2609"}],"curies":[{"name":"wp","href":"https:\/\/api.w.org\/{rel}","templated":true}]}}