{"id":2652,"date":"2024-11-02T03:22:36","date_gmt":"2024-11-02T03:22:36","guid":{"rendered":"https:\/\/rmvapesale.com\/?post_type=product&#038;p=2652"},"modified":"2024-11-02T03:56:47","modified_gmt":"2024-11-02T03:56:47","slug":"vape-wholesale-lavande-bm-18000-puffs-shisha-hookah-bar","status":"publish","type":"product","link":"https:\/\/rmvapesale.com\/sv\/product\/vape-wholesale-lavande-bm-18000-puffs-shisha-hookah-bar\/","title":{"rendered":"Vape Grossist Lavande BM 18000 Puffar Shisha Hookah Bar"},"content":{"rendered":"<div class=\"B2VR9 CJHX3e\">\n<div class=\"wyccme\">\n<h1 class=\"LC20lb MBeuO DKV0Md\">Vape Grossist Lavande BM 18000 Puffar Shisha Hookah Bar<\/h1>\n<div class=\"flex-shrink-0 flex flex-col relative items-end\">\n<div class=\"pt-0\">\n<div class=\"gizmo-bot-avatar flex h-8 w-8 items-center justify-center overflow-hidden rounded-full\">\n<div class=\"relative p-1 rounded-sm flex items-center justify-center bg-token-main-surface-primary text-token-text-primary h-8 w-8\">\n<p>F\u00f6r dig som s\u00f6ker\u00a0 <strong>uppladdningsbar Vape Grossist<\/strong> som inte kompromissar med prestanda, Lavande BM18000 <strong>Shisha Hookah Bar<\/strong> \u00e4r ett utm\u00e4rkt alternativ. Kombinationen av ett h\u00f6gkapacitetsbatteri och Type-C snabbladdning s\u00e4kerst\u00e4ller att din enhet alltid \u00e4r redo n\u00e4r du \u00e4r det. Den <strong>Display Kontrollinst\u00e4llningar Kommandon<\/strong> erbjuder en skr\u00e4ddarsydd upplevelse, vilket g\u00f6r att vape-anv\u00e4ndare kan v\u00e4xla mellan l\u00e4gen baserat p\u00e5 deras preferenser, oavsett om det \u00e4r en mjuk, j\u00e4mn dragning eller ett f\u00f6rb\u00e4ttrat, intensivt slag i Boost-l\u00e4ge.<\/p>\n<h3>Grossistm\u00f6jligheter<\/h3>\n<p>Dra nytta av <strong>vape-grossist<\/strong> priss\u00e4ttningen och h\u00f6j ditt lager med en av de <strong>b\u00e4sta eng\u00e5ngsvapes 2024<\/strong>. Som ett topval bland <strong>m\u00e4rken f\u00f6r eng\u00e5ngsvapor<\/strong>, \u00e4r denna enhet en smart investering f\u00f6r \u00e5terf\u00f6rs\u00e4ljare som vill m\u00f6ta den v\u00e4xande efterfr\u00e5gan p\u00e5 <strong>popul\u00e4ra vapes<\/strong>. St\u00f6rre best\u00e4llningar \u00e4r tillg\u00e4ngliga f\u00f6r <strong>grossist vapes<\/strong>, vilket s\u00e4kerst\u00e4ller prisv\u00e4rdhet och utm\u00e4rkta vinstmarginaler f\u00f6r din verksamhet.<\/p>\n<h3>Perfekt f\u00f6r Vape-entusiaster<\/h3>\n<p>Oavsett om du \u00e4r en vape-entusiast eller en \u00e5terf\u00f6rs\u00e4ljare som s\u00f6ker <strong>eng\u00e5ngs shisha grossist<\/strong>, the Lavande BM 18000 ger en omfattande och njutbar upplevelse, med fokus p\u00e5 bekv\u00e4mlighet, prestanda och anv\u00e4ndarv\u00e4nliga funktioner.<\/p>\n<p>Best\u00e4ll nu och upplev framtiden f\u00f6r eng\u00e5ngsprodukter, <strong>uppladdningsbara vapes<\/strong> med banbrytande sk\u00e4rmteknik och oslagbar puffkapacitet.<\/p>\n<\/div>\n<\/div>\n<\/div>\n<\/div>\n<\/div>\n<\/div>\n<p><strong>Kontakta Amy f\u00f6r att f\u00e5 r\u00e4tt svar och vape-kupong!<\/strong><\/p>\n<p><img loading=\"lazy\" decoding=\"async\" class=\"size-full wp-image-1978\" src=\"https:\/\/rmvapesale.com\/wp-content\/uploads\/2024\/09\/Disposable-Vape-Wholesale.jpg\" alt=\"Eng\u00e5ngsvape Partihandel\" width=\"229\" height=\"300\" \/><\/p>\n<h3><a href=\"https:\/\/wa.me\/8617776015835\" target=\"_blank\" rel=\"noopener\"><span style=\"color: #ff0000\"><strong>WhatsApp: +86 17776015835<\/strong><\/span><\/a><\/h3>\n<p>&nbsp;<\/p>\n<h2><\/h2>\n<h2><strong>Grossist <\/strong><strong>Vape Lavande BM 18000 Puffs <\/strong><strong>Nyckelfunktioner<\/strong><\/h2>\n<p>Fyllnadsvolym: 24mBatteri<br \/>\nKapacitet: 650mah<br \/>\nMax Puffar: 18000<br \/>\nFunktion: Dragaktiverad<br \/>\nV\u00e4rmeelement: 6x Mesh-spolar<br \/>\nSk\u00e4rm: 3,0\u2033 Full HD Mega Sk\u00e4rm<br \/>\nLaddningstyp: usB Typ-C<br \/>\nL\u00e4getyper: Normall\u00e4ge Boost-l\u00e4ge<br \/>\nDisplay Kontrollinst\u00e4llningar Kommandon<\/p>\n<figure id=\"attachment_2645\" aria-describedby=\"caption-attachment-2645\" style=\"width: 800px\" class=\"wp-caption alignnone\"><img loading=\"lazy\" decoding=\"async\" class=\"wp-image-2645 size-full\" src=\"https:\/\/rmvapesale.com\/wp-content\/uploads\/2024\/11\/Lavande-BM18000-Hookah-Shisha-Vape.jpg\" alt=\"Lavande BM18000 Hookah Shisha Vape\" width=\"800\" height=\"800\" srcset=\"https:\/\/rmvapesale.com\/wp-content\/uploads\/2024\/11\/Lavande-BM18000-Hookah-Shisha-Vape.jpg 800w, https:\/\/rmvapesale.com\/wp-content\/uploads\/2024\/11\/Lavande-BM18000-Hookah-Shisha-Vape-300x300.jpg 300w, https:\/\/rmvapesale.com\/wp-content\/uploads\/2024\/11\/Lavande-BM18000-Hookah-Shisha-Vape-150x150.jpg 150w, https:\/\/rmvapesale.com\/wp-content\/uploads\/2024\/11\/Lavande-BM18000-Hookah-Shisha-Vape-768x768.jpg 768w, https:\/\/rmvapesale.com\/wp-content\/uploads\/2024\/11\/Lavande-BM18000-Hookah-Shisha-Vape-600x600.jpg 600w, https:\/\/rmvapesale.com\/wp-content\/uploads\/2024\/11\/Lavande-BM18000-Hookah-Shisha-Vape-100x100.jpg 100w\" sizes=\"auto, (max-width: 800px) 100vw, 800px\" \/><figcaption id=\"caption-attachment-2645\" class=\"wp-caption-text\">Lavande BM18000 Hookah Shisha Vape<\/figcaption><\/figure>\n<h2><strong>Topp smak f\u00f6r Lavande BM 18000 Puffs Shisha Hookah Vape Grossist<\/strong><\/h2>\n<p>1. Vattenmelon Hallon <span style=\"color: #ff0000\"><strong>&gt;&gt;&gt;&gt; Het!<\/strong><\/span><br \/>\n2. Vattenmelon Is<br \/>\n3. Regnb\u00e5gs Skittz<br \/>\n4. Ananas Is<br \/>\n5. Jordgubbs Is<br \/>\n6. Persika Is<br \/>\n7. Herr Bl\u00e5 <span style=\"color: #ff0000\"><strong>&gt;&gt;&gt;&gt; Het!<\/strong><\/span><br \/>\n8. Mango Is<br \/>\n9. Mango Drakfrukt<br \/>\n10. K\u00e4rlek 66 <span style=\"color: #ff0000\"><strong>&gt;&gt;&gt;&gt; Het!<\/strong><\/span><br \/>\n11. Citron Mynta<br \/>\n12. Druva Mynta<br \/>\n13. Dubbel Druva <span style=\"color: #ff0000\"><strong>&gt;&gt;&gt;&gt; B\u00e4st!<\/strong><\/span><br \/>\n14. Dubbel \u00c4pple<br \/>\n15. Tuggande Vattenmelon<br \/>\n16. B\u00e4r Mynta<br \/>\n17. Svartvinb\u00e4r Ice<br \/>\n18. Bl\u00e5b\u00e4r Ice<br \/>\n19. Bl\u00e5b\u00e4rs-Mint<br \/>\n20. Chewy Mint<\/p>\n<h3><strong>Varf\u00f6r v\u00e4lja Rmvapesale f\u00f6r Vape Grossist<\/strong><strong>?<\/strong><\/h3>\n<div class=\"flex-shrink-0 flex flex-col relative items-end\">\n<div class=\"pt-0\">\n<div class=\"gizmo-bot-avatar flex h-8 w-8 items-center justify-center overflow-hidden rounded-full\">\n<div class=\"relative p-1 rounded-sm flex items-center justify-center bg-token-main-surface-primary text-token-text-primary h-8 w-8\">\n<p>N\u00e4r du v\u00e4ljer Rmvapesale f\u00f6r dina grossistbehov av eng\u00e5ngsvapes, drar du nytta av:<\/p>\n<ul>\n<li><strong>Konkurrenskraftigt pris<\/strong>: F\u00e5 tillg\u00e5ng till attraktiva grossistpriser som \u00f6kar dina aff\u00e4rsmarginaler.<\/li>\n<li><strong>H\u00f6g kvalitet<\/strong>: V\u00e5ra vapes \u00e4r tillverkade enligt de h\u00f6gsta standarderna, och <span style=\"color: #ff0000\"><strong>garanterat 100% original och \u00e4kta, eller 10 g\u00e5nger kompensation kommer att ges f\u00f6r falska varor!<\/strong><\/span><\/li>\n<li><strong>Utm\u00e4rkt kundservice<\/strong>: V\u00e5rt dedikerade team \u00e4r alltid redo att hj\u00e4lpa dig, vilket g\u00f6r din k\u00f6pprocess smidig och problemfri.<\/li>\n<li><strong>Snabb<\/strong>: F\u00f6rv\u00e4nta dig snabb och p\u00e5litlig frakt som s\u00e4kerst\u00e4ller att dina best\u00e4llningar anl\u00e4nder i tid, varje g\u00e5ng.<\/li>\n<\/ul>\n<\/div>\n<h3><\/h3>\n<div class=\"relative p-1 rounded-sm flex items-center justify-center bg-token-main-surface-primary text-token-text-primary h-8 w-8\">\n<h3><b>Eng\u00e5ngshookah Grossist Vape Lavande BM18000 FAQS\u00a0<\/b><\/h3>\n<\/div>\n<h3><\/h3>\n<ol>\n<li><strong>Hur m\u00e5nga bloss i en Lavande BM18000 eng\u00e5ngs shisha bar?<\/strong><br \/>\nLavande BM18000 ger upp till 18 000 bloss, vilket ger l\u00e5ngvarig anv\u00e4ndning utan att beh\u00f6va byta ofta.<\/li>\n<li><strong>Vad \u00e4r nikotinstyrkan f\u00f6r Lavande BM18000 shisha hookah?<\/strong><br \/>\nLavande BM18000 finns i olika nikotinstyrkor f\u00f6r att tillgodose olika preferenser. Dock kan specifika nikotinniv\u00e5er variera beroende p\u00e5 smak och batch. Det rekommenderas att kontrollera f\u00f6rpackningen eller produktlistan f\u00f6r exakta detaljer.<\/li>\n<li><strong>Hur kan jag se om min Lavande BM18000 eng\u00e5ngsvape \u00e4r l\u00e5g p\u00e5 batteri?<\/strong><br \/>\nLavande BM18000 har en 3,0\u2033 Full HD Mega Display-sk\u00e4rm, som ger en tydlig indikation p\u00e5 batteristatus. Om batteriikonen p\u00e5 sk\u00e4rmen visar l\u00e5ga niv\u00e5er eller enheten inte l\u00e4ngre producerar \u00e5nga effektivt, \u00e4r det dags att ladda om med USB Type-C-laddaren.<\/li>\n<li><strong>Var kan jag k\u00f6pa Vape Grossistpris?<\/strong><br \/>\nDu kan k\u00f6pa Lavande BM18000 och andra eng\u00e5ngsvapes till grossistpriser via p\u00e5litliga leverant\u00f6rer som specialiserar sig p\u00e5 <strong>vape-grossist<\/strong>. Leta efter betrodda onlineplattformar eller kontakta distribut\u00f6rer som erbjuder <strong>grossist vapes<\/strong> f\u00f6r att f\u00e5 konkurrenskraftiga grossistpriser och s\u00e4kerst\u00e4lla produktkvalitet.<\/li>\n<\/ol>\n<\/div>\n<\/div>\n<\/div>\n<h3>Om frakt<\/h3>\n<div class=\"flex-shrink-0 flex flex-col relative items-end\">\n<div>\n<div class=\"pt-0\">\n<div class=\"gizmo-bot-avatar flex h-8 w-8 items-center justify-center overflow-hidden rounded-full\">\n<div><\/div>\n<div class=\"relative p-1 rounded-sm flex items-center justify-center bg-token-main-surface-primary text-token-text-primary h-8 w-8\"><strong>1. Vilka fraktmetoder anv\u00e4nds?<\/strong><\/div>\n<\/div>\n<\/div>\n<\/div>\n<\/div>\n<div class=\"group\/conversation-turn relative flex w-full min-w-0 flex-col agent-turn\">\n<div class=\"flex-col gap-1 md:gap-3\">\n<div class=\"flex max-w-full flex-col flex-grow\">\n<div class=\"min-h-[20px] text-message flex w-full flex-col items-end gap-2 whitespace-normal break-words [.text-message+&amp;]:mt-5 overflow-x-auto\" dir=\"auto\" data-message-author-role=\"assistant\" data-message-id=\"22f8283b-3233-46ff-89a5-c7a41b33abda\">\n<div class=\"flex w-full flex-col gap-1 empty:hidden first:pt-[3px]\">\n<div class=\"markdown prose w-full break-words dark:prose-invert light\">\n<p>Vi samarbetar med UPS, DHL, FedEx, DPD och andra ledande transport\u00f6rer. Vi v\u00e4ljer det b\u00e4sta frakts\u00e4ttet baserat p\u00e5 din leveransadress f\u00f6r att s\u00e4kerst\u00e4lla att du f\u00e5r dina produkter s\u00e5 snabbt som m\u00f6jligt.<\/p>\n<\/div>\n<p><strong>2. Hur l\u00e5ng tid tar det att komma fram?<\/strong><\/p>\n<p>Paket som skickas till Sverige anl\u00e4nder vanligtvis inom 10 arbetsdagar. Leveranser till europeiska l\u00e4nder tar generellt cirka 12-15 arbetsdagar. Vi kommer att ge uppdateringar i realtid om din leveransstatus.<\/p>\n<\/div>\n<\/div>\n<\/div>\n<\/div>\n<\/div>\n<p>&nbsp;<\/p>\n<p>Andra popul\u00e4ra vapes du kanske gillar:<\/p>\n<p><a href=\"https:\/\/rmvapesale.com\/sv\/product\/full-screen-disposable-vape-hzko-supernova-30000-puffs-wholesale\/\"><strong>HZKO Supernova 25000 Bl\u00e5sa\u00a0 \u00a0<span style=\"color: #ff0000\">&gt;&gt;&gt;&gt; k\u00f6r!<\/span><\/strong><\/a><\/p>\n<p><strong><a href=\"https:\/\/rmvapesale.com\/sv\/product\/bang-vape-12000-puff-rechargeable-disposable-vape-wholesale\/\">Bang 12000 Vape <span style=\"color: #ff0000\">&gt;&gt;&gt;&gt; k\u00f6r!<\/span><\/a>\u00a0<\/strong><\/p>\n<p><a href=\"https:\/\/rmvapesale.com\/sv\/product\/puff-vape-cold-mountain-alps-30000-shisha-hookah-bar-wholesale\/\"><strong>Cold Mountain Alps 30000 Bloss <span style=\"color: #ff0000\">&gt;&gt;&gt;&gt; k\u00f6r!<\/span><\/strong><\/a><\/p>\n<p>&nbsp;<\/p>\n<p>&nbsp;<\/p>\n<p>Hitta fler vape-produkter du kanske gillar:<strong><em><a href=\"https:\/\/rmvapesale.com\/sv\/shop-2\/\">handla nu &gt;&gt;&gt;<\/a><\/em><\/strong><\/p>","protected":false},"excerpt":{"rendered":"<p>Lavande BM18000 Puffs Shisha Vape Grossist<br \/>\nLavande BM 18000 Puffs Shisha eng\u00e5ngsvape<br \/>\nGrossist Billiga Eng\u00e5ngsvapes Lavande BM 18000 Puffs<br \/>\n<span style=\"color: #ff0000\">(Skickas fr\u00e5n EU-lager och tar cirka 3-7 dagar att anl\u00e4nda till de flesta europeiska l\u00e4nder som Nederl\u00e4nderna, Frankrike, Italien, Spanien, Schweiz, Sverige, Polen, etc.)<\/span><\/p>\n<p><img loading=\"lazy\" decoding=\"async\" class=\"size-full wp-image-2375\" src=\"https:\/\/rmvapesale.com\/wp-content\/uploads\/2024\/10\/image.png\" alt=\"B\u00e4sta eng\u00e5ngsvape\" width=\"229\" height=\"300\" \/><\/p>\n<h3><a href=\"https:\/\/wa.me\/8617776015835\"><span style=\"color: #ff0000\"><strong>WhatsApp: +86 17776015835<\/strong><\/span><\/a><\/h3>\n<p>&nbsp;<\/p>","protected":false},"featured_media":2646,"comment_status":"open","ping_status":"closed","template":"","meta":{"_uag_custom_page_level_css":"","_lmt_disableupdate":"no","_lmt_disable":"","site-sidebar-layout":"default","site-content-layout":"content-boxed-container","ast-site-content-layout":"normal-width-container","site-content-style":"boxed","site-sidebar-style":"unboxed","ast-global-header-display":"","ast-banner-title-visibility":"","ast-main-header-display":"","ast-hfb-above-header-display":"","ast-hfb-below-header-display":"","ast-hfb-mobile-header-display":"","site-post-title":"","ast-breadcrumbs-content":"","ast-featured-img":"","footer-sml-layout":"","theme-transparent-header-meta":"default","adv-header-id-meta":"","stick-header-meta":"","header-above-stick-meta":"","header-main-stick-meta":"","header-below-stick-meta":"","astra-migrate-meta-layouts":"set","ast-page-background-enabled":"default","ast-page-background-meta":{"desktop":{"background-color":"var(--ast-global-color-4)","background-image":"","background-repeat":"repeat","background-position":"center center","background-size":"auto","background-attachment":"scroll","background-type":"","background-media":"","overlay-type":"","overlay-color":"","overlay-opacity":"","overlay-gradient":""},"tablet":{"background-color":"","background-image":"","background-repeat":"repeat","background-position":"center center","background-size":"auto","background-attachment":"scroll","background-type":"","background-media":"","overlay-type":"","overlay-color":"","overlay-opacity":"","overlay-gradient":""},"mobile":{"background-color":"","background-image":"","background-repeat":"repeat","background-position":"center center","background-size":"auto","background-attachment":"scroll","background-type":"","background-media":"","overlay-type":"","overlay-color":"","overlay-opacity":"","overlay-gradient":""}},"ast-content-background-meta":{"desktop":{"background-color":"var(--ast-global-color-5)","background-image":"","background-repeat":"repeat","background-position":"center center","background-size":"auto","background-attachment":"scroll","background-type":"","background-media":"","overlay-type":"","overlay-color":"","overlay-opacity":"","overlay-gradient":""},"tablet":{"background-color":"var(--ast-global-color-5)","background-image":"","background-repeat":"repeat","background-position":"center center","background-size":"auto","background-attachment":"scroll","background-type":"","background-media":"","overlay-type":"","overlay-color":"","overlay-opacity":"","overlay-gradient":""},"mobile":{"background-color":"var(--ast-global-color-5)","background-image":"","background-repeat":"repeat","background-position":"center center","background-size":"auto","background-attachment":"scroll","background-type":"","background-media":"","overlay-type":"","overlay-color":"","overlay-opacity":"","overlay-gradient":""}},"_joinchat":[]},"product_brand":[],"product_cat":[15,195,25,123,26,28,135,27,137,136,30],"product_tag":[188,200,167,197,165,180,154,196,120],"class_list":{"0":"post-2652","1":"product","2":"type-product","3":"status-publish","4":"has-post-thumbnail","6":"product_cat-new-vape-this-week","7":"product_cat-germany-warehouse","8":"product_cat-germany-best-selling-vape","9":"product_cat-italy-wholesale-vape","10":"product_cat-netherlands-hot-sale-vape","11":"product_cat-poland-hot-sale-vape","12":"product_cat-spain-best-hot-sale-vape","13":"product_cat-fance-hot-sale-vape","14":"product_cat-rechargeable-vapes","15":"product_cat-smart-screen-vapes","16":"product_cat-minimum-order-quantity-50pcs","17":"product_tag-buy-vapes-online","18":"product_tag-disposable-hookah-wholesale","19":"product_tag-disposable-vape-with-screen","20":"product_tag-germany-hot-sale-vape","21":"product_tag-rechargeable-vapes","22":"product_tag-shisha-bar","23":"product_tag-smart-vape","24":"product_tag-vape-shop","25":"product_tag-vape-wholesale","26":"desktop-align-left","27":"tablet-align-left","28":"mobile-align-left","30":"first","31":"instock","32":"sale","33":"shipping-taxable","34":"purchasable","35":"product-type-simple"},"uagb_featured_image_src":{"full":["https:\/\/rmvapesale.com\/wp-content\/uploads\/2024\/11\/Lavande-BM18000-Puffs-Shisha-monouso-Vape.jpg",800,800,false],"thumbnail":["https:\/\/rmvapesale.com\/wp-content\/uploads\/2024\/11\/Lavande-BM18000-Puffs-Shisha-monouso-Vape-150x150.jpg",150,150,true],"medium":["https:\/\/rmvapesale.com\/wp-content\/uploads\/2024\/11\/Lavande-BM18000-Puffs-Shisha-monouso-Vape-300x300.jpg",300,300,true],"medium_large":["https:\/\/rmvapesale.com\/wp-content\/uploads\/2024\/11\/Lavande-BM18000-Puffs-Shisha-monouso-Vape-768x768.jpg",768,768,true],"large":["https:\/\/rmvapesale.com\/wp-content\/uploads\/2024\/11\/Lavande-BM18000-Puffs-Shisha-monouso-Vape.jpg",800,800,false],"1536x1536":["https:\/\/rmvapesale.com\/wp-content\/uploads\/2024\/11\/Lavande-BM18000-Puffs-Shisha-monouso-Vape.jpg",800,800,false],"2048x2048":["https:\/\/rmvapesale.com\/wp-content\/uploads\/2024\/11\/Lavande-BM18000-Puffs-Shisha-monouso-Vape.jpg",800,800,false],"trp-custom-language-flag":["https:\/\/rmvapesale.com\/wp-content\/uploads\/2024\/11\/Lavande-BM18000-Puffs-Shisha-monouso-Vape.jpg",12,12,false],"woocommerce_thumbnail":["https:\/\/rmvapesale.com\/wp-content\/uploads\/2024\/11\/Lavande-BM18000-Puffs-Shisha-monouso-Vape-300x300.jpg",300,300,true],"woocommerce_single":["https:\/\/rmvapesale.com\/wp-content\/uploads\/2024\/11\/Lavande-BM18000-Puffs-Shisha-monouso-Vape-600x600.jpg",600,600,true],"woocommerce_gallery_thumbnail":["https:\/\/rmvapesale.com\/wp-content\/uploads\/2024\/11\/Lavande-BM18000-Puffs-Shisha-monouso-Vape-100x100.jpg",100,100,true],"wcpr-photo-reviews":["https:\/\/rmvapesale.com\/wp-content\/uploads\/2024\/11\/Lavande-BM18000-Puffs-Shisha-monouso-Vape.jpg",500,500,false]},"uagb_author_info":{"display_name":"AMY","author_link":"https:\/\/rmvapesale.com\/sv\/author\/"},"uagb_comment_info":0,"uagb_excerpt":"Lavande BM18000 Puffs Shisha Vape Wholesale Lavande BM 18000 Puffs Shisha monouso Vape Wholesale Cheap Disposable Vapes Lavande BM 18000 Puffs (Ship from EU warehouse and takes about 3-7 days\u00a0 to get arrive to most Europe countries like Netherlands, France, Italy, Spain, Switzerland, Sweden, Poland, etc. ) WhatsApp: +86 17776015835 &nbsp;","_links":{"self":[{"href":"https:\/\/rmvapesale.com\/sv\/wp-json\/wp\/v2\/product\/2652","targetHints":{"allow":["GET"]}}],"collection":[{"href":"https:\/\/rmvapesale.com\/sv\/wp-json\/wp\/v2\/product"}],"about":[{"href":"https:\/\/rmvapesale.com\/sv\/wp-json\/wp\/v2\/types\/product"}],"replies":[{"embeddable":true,"href":"https:\/\/rmvapesale.com\/sv\/wp-json\/wp\/v2\/comments?post=2652"}],"wp:featuredmedia":[{"embeddable":true,"href":"https:\/\/rmvapesale.com\/sv\/wp-json\/wp\/v2\/media\/2646"}],"wp:attachment":[{"href":"https:\/\/rmvapesale.com\/sv\/wp-json\/wp\/v2\/media?parent=2652"}],"wp:term":[{"taxonomy":"product_brand","embeddable":true,"href":"https:\/\/rmvapesale.com\/sv\/wp-json\/wp\/v2\/product_brand?post=2652"},{"taxonomy":"product_cat","embeddable":true,"href":"https:\/\/rmvapesale.com\/sv\/wp-json\/wp\/v2\/product_cat?post=2652"},{"taxonomy":"product_tag","embeddable":true,"href":"https:\/\/rmvapesale.com\/sv\/wp-json\/wp\/v2\/product_tag?post=2652"}],"curies":[{"name":"wp","href":"https:\/\/api.w.org\/{rel}","templated":true}]}}