{"id":2680,"date":"2024-11-06T09:47:09","date_gmt":"2024-11-06T09:47:09","guid":{"rendered":"https:\/\/rmvapesale.com\/?post_type=product&#038;p=2680"},"modified":"2024-11-07T08:24:43","modified_gmt":"2024-11-07T08:24:43","slug":"vopk-ultra-30000-puffs-double-flavor-digital-screen-rechargeable-disposable-vapes","status":"publish","type":"product","link":"https:\/\/rmvapesale.com\/sv\/product\/vopk-ultra-30000-puffs-double-flavor-digital-screen-rechargeable-disposable-vapes\/","title":{"rendered":"VOPK ULTRA 30000 Puffar Dubbel Smak Digital Sk\u00e4rm Uppladdningsbar Eng\u00e5ngs Vape"},"content":{"rendered":"<div class=\"B2VR9 CJHX3e\">\n<div class=\"wyccme\">\n<h1 class=\"LC20lb MBeuO DKV0Md\">VOPK ULTRA 30000 Puffar Dubbel Smak Digital Sk\u00e4rm Uppladdningsbar Eng\u00e5ngs Vape<\/h1>\n<div class=\"flex-shrink-0 flex flex-col relative items-end\">\n<div class=\"pt-0\">\n<div class=\"gizmo-bot-avatar flex h-8 w-8 items-center justify-center overflow-hidden rounded-full\">\n<div class=\"relative p-1 rounded-sm flex items-center justify-center bg-token-main-surface-primary text-token-text-primary h-8 w-8\">\n<p>Den <strong>VOPK ULTRA 30000 Puffar Dubbel Smak Digital Sk\u00e4rm Uppladdningsbar Eng\u00e5ngs Vape<\/strong> \u00e4r en premium vaping-enhet anpassad f\u00f6r de som s\u00f6ker ett h\u00f6gpresterande, l\u00e5ngvarigt alternativ. Med en massiv <strong>30 000 bloss<\/strong> och en betydande <strong>36 ml e-v\u00e4tskekapacitet<\/strong>, s\u00e4kerst\u00e4ller denna enhet en smidig och l\u00e5ngvarig vaping-upplevelse. Perfekt f\u00f6r b\u00e5de entusiaster och nyb\u00f6rjare, denna <strong>eng\u00e5ngsvape penna<\/strong> \u00e4r utformad f\u00f6r att erbjuda optimal bekv\u00e4mlighet och stil.<\/p>\n<p>Utrustad med en <strong>dubbel mesh coil<\/strong> f\u00f6r robust smakleverans, den <strong>VOPK Ultra 30000<\/strong> producerar tjocka, tillfredsst\u00e4llande moln som f\u00f6rb\u00e4ttrar varje puff. Den integrerade <strong>smartdisplay med peksk\u00e4rm<\/strong> ger anv\u00e4ndare enkel tillg\u00e5ng till viktig enhetsinformation, vilket m\u00f6jligg\u00f6r snabba justeringar av dina tv\u00e5 tillg\u00e4ngliga vapingl\u00e4gen f\u00f6r en helt anpassad upplevelse.<\/p>\n<p>Laddning \u00e4r snabb och effektiv tack vare dess <strong>Type-C uppladdningsbar<\/strong> design, och med <strong>5% nikotin<\/strong> inneh\u00e5ll, ger varje puff ett smidigt och tillfredsst\u00e4llande slag som vape-entusiaster njuter av. Denna enhet \u00e4r ocks\u00e5 ett utm\u00e4rkt val f\u00f6r de som vill <strong>massk\u00f6p<\/strong> eller utforska <strong>vape-grossist<\/strong> alternativ, tillgodoser alla som v\u00e4rdes\u00e4tter kvalitet och prisv\u00e4rdhet i sina vaping-enheter.<\/p>\n<p>Oavsett om du \u00e4r intresserad av <strong>popul\u00e4ra varum\u00e4rken f\u00f6r eng\u00e5ngsvapes<\/strong> eller ett p\u00e5litligt <strong>eng\u00e5ngs vape-alternativ med l\u00e5g nikotinhalt<\/strong> alternativ, erbjuder <strong>VOPK Ultra 30000<\/strong> en kraftfull kombination av kapacitet, smak och bekv\u00e4mlighet, vilket g\u00f6r det till ett toppval f\u00f6r vapare \u00f6ver hela linjen.<\/p>\n<p>&nbsp;<\/p>\n<\/div>\n<\/div>\n<\/div>\n<\/div>\n<\/div>\n<\/div>\n<p><strong>Kontakta Amy f\u00f6r att f\u00e5 r\u00e4tt svar och vape-kupong!<\/strong><\/p>\n<p><img loading=\"lazy\" decoding=\"async\" class=\"size-full wp-image-1978\" src=\"https:\/\/rmvapesale.com\/wp-content\/uploads\/2024\/09\/Disposable-Vape-Wholesale.jpg\" alt=\"Eng\u00e5ngsvape Partihandel\" width=\"229\" height=\"300\" \/><\/p>\n<h3><a href=\"https:\/\/wa.me\/8617776015835\" target=\"_blank\" rel=\"noopener\"><span style=\"color: #ff0000\"><strong>WhatsApp: +86 17776015835<\/strong><\/span><\/a><\/h3>\n<p>&nbsp;<\/p>\n<h2><\/h2>\n<h2><strong>VOPK ULTRA 30000 Digital Sk\u00e4rm Uppladdningsbara Eng\u00e5ngs Vape <\/strong><strong>Nyckelfunktioner<\/strong><\/h2>\n<p>Varum\u00e4rke: Vopk<br \/>\nModellnamn: Vopk Ultra 30000<br \/>\n30 000 puffar f\u00f6r l\u00e5ngvarig anv\u00e4ndning<br \/>\n36ML E-v\u00e4tskevolym f\u00f6r f\u00e4rre p\u00e5fyllningar och l\u00e4ngre njutning<br \/>\nDubbel Mesh-spole f\u00f6r intensiv smak och tjocka moln<br \/>\nSmart Display med Touch Screen f\u00f6r enkel \u00e5tkomst till enhetsinst\u00e4llningar<br \/>\nTv\u00e5 l\u00e4gen f\u00f6r att anpassa din vapingupplevelse<br \/>\nTyp-C Uppladdningsbar f\u00f6r snabb och effektiv laddning<br \/>\n5% Nikotin f\u00f6r en tillfredsst\u00e4llande puff varje g\u00e5ng<\/p>\n<p>&nbsp;<\/p>\n<h2><strong>Topp smak f\u00f6r VOPK ULTRA 30000 Digital Sk\u00e4rm Uppladdningsbara Eng\u00e5ngs Vape<\/strong><\/h2>\n<p>1. Jordgubbar vattenmelon + Kiwi passionsfrukt guava <span style=\"color: #ff0000\"><strong>&gt;&gt;&gt;&gt; Het!<\/strong><\/span><br \/>\n2. Bl\u00e5b\u00e4r hallon + Persika mango vattenmelon<br \/>\n3. Bl\u00e5 Razz Gummy Bear + Jordgubbar Kiwi <span style=\"color: #ff0000\"><strong>&gt;&gt;&gt;&gt; Het!<\/strong><\/span><br \/>\n4. Bl\u00e5 Razz K\u00f6rsb\u00e4r + Jordgubbar Hallon<br \/>\n5. Bubblande citron &amp; lime + Vattenmelon F\u00e4rsk mynta<br \/>\n6. Vattenmelon is + Blue Razz is <span style=\"color: #ff0000\"><strong>&gt;&gt;&gt;&gt; B\u00e4st!<\/strong><\/span><br \/>\n7.Bl\u00e5 Razz Ananas + Triple Mango<br \/>\n8. Druv B\u00e4r Explosion + p\u00e4ron \u00c4pple Hallon<br \/>\n9. Jordgubbe Tranb\u00e4r K\u00f6rsb\u00e4r + Ananas Passion Lime<br \/>\n10. Bl\u00e5b\u00e4r Jordgubb Menthol + Bl\u00e5b\u00e4r Hallon Menthol<\/p>\n<p>&nbsp;<\/p>\n<figure id=\"attachment_2687\" aria-describedby=\"caption-attachment-2687\" style=\"width: 1000px\" class=\"wp-caption alignnone\"><img loading=\"lazy\" decoding=\"async\" class=\"wp-image-2687 size-full\" src=\"https:\/\/rmvapesale.com\/wp-content\/uploads\/2024\/11\/VOPK-ULTRA-30000-Puffs-Digital-ScreenRechargeable-Disposable-Vapes.jpg\" alt=\"VOPK ULTRA 30000 Puffar Digital Sk\u00e4rm Uppladdningsbara Eng\u00e5ngs Vape\" width=\"1000\" height=\"1000\" srcset=\"https:\/\/rmvapesale.com\/wp-content\/uploads\/2024\/11\/VOPK-ULTRA-30000-Puffs-Digital-ScreenRechargeable-Disposable-Vapes.jpg 1000w, https:\/\/rmvapesale.com\/wp-content\/uploads\/2024\/11\/VOPK-ULTRA-30000-Puffs-Digital-ScreenRechargeable-Disposable-Vapes-300x300.jpg 300w, https:\/\/rmvapesale.com\/wp-content\/uploads\/2024\/11\/VOPK-ULTRA-30000-Puffs-Digital-ScreenRechargeable-Disposable-Vapes-150x150.jpg 150w, https:\/\/rmvapesale.com\/wp-content\/uploads\/2024\/11\/VOPK-ULTRA-30000-Puffs-Digital-ScreenRechargeable-Disposable-Vapes-768x768.jpg 768w, https:\/\/rmvapesale.com\/wp-content\/uploads\/2024\/11\/VOPK-ULTRA-30000-Puffs-Digital-ScreenRechargeable-Disposable-Vapes-600x600.jpg 600w, https:\/\/rmvapesale.com\/wp-content\/uploads\/2024\/11\/VOPK-ULTRA-30000-Puffs-Digital-ScreenRechargeable-Disposable-Vapes-100x100.jpg 100w\" sizes=\"auto, (max-width: 1000px) 100vw, 1000px\" \/><figcaption id=\"caption-attachment-2687\" class=\"wp-caption-text\">VOPK ULTRA 30000 Puffar Digital Sk\u00e4rm Uppladdningsbara Eng\u00e5ngs Vape<\/figcaption><\/figure>\n<h3><strong>Varf\u00f6r v\u00e4lja Rmvapesale f\u00f6r VOPK <\/strong><strong>Eng\u00e5ngsvape<\/strong><strong>Vape Partihandel<\/strong><strong>?<\/strong><\/h3>\n<div class=\"flex-shrink-0 flex flex-col relative items-end\">\n<div class=\"pt-0\">\n<div class=\"gizmo-bot-avatar flex h-8 w-8 items-center justify-center overflow-hidden rounded-full\">\n<div class=\"relative p-1 rounded-sm flex items-center justify-center bg-token-main-surface-primary text-token-text-primary h-8 w-8\">\n<p>V\u00e4lkommen till Rmvapesale, din p\u00e5litliga vapebutik f\u00f6r f\u00f6rstklassiga eng\u00e5ngsvapes. Med \u00f6ver 5 \u00e5rs expertis, erbjuder vi popul\u00e4ra varum\u00e4rken f\u00f6r eng\u00e5ngsvapes som Al Fakher, <a href=\"https:\/\/rmvapesale.com\/sv\/product\/vapme-crystal-7000-puffs-rechargeable-disposable-vape-price\/\">Vapme<\/a>, <a href=\"https:\/\/rmvapesale.com\/sv\/product-category\/bang-vapes\/\">Bang Vape<\/a>, Waspe, <a href=\"https:\/\/rmvapesale.com\/sv\/product\/wga-crystal-pro-max-extra-15k-puffs-disposable-vape-wholesale\/\">WGA<\/a> Vape och<a href=\"https:\/\/rmvapesale.com\/sv\/product-category\/randm-fumot-vape\/\"> RandM Vape<\/a>.<\/p>\n<p>V\u00e5rt sortiment inkluderar popul\u00e4ra vapes som <a href=\"https:\/\/rmvapesale.com\/sv\/product\/fumot-digital-box-12000-disposable-vape-pink-lemonade-flavor\/\">RandM 12k<\/a> och smakrika alternativ som <a href=\"https:\/\/rmvapesale.com\/sv\/product\/elfbar-combo-25000-puffs-rechargeable-disposable-vape-wholesale\/\">ELFBAR Combo 25000 Puff<\/a>. Varje produkt \u00e4r utvald med fokus p\u00e5 kvalitet, v\u00e4rde och variation, vilket s\u00e4kerst\u00e4ller att du hittar den perfekta matchningen f\u00f6r dina behov. Uppt\u00e4ck exceptionell service och ett brett utbud av topprodukter hos Rmvapesale.<\/p>\n<\/div>\n<h3><\/h3>\n<div class=\"relative p-1 rounded-sm flex items-center justify-center bg-token-main-surface-primary text-token-text-primary h-8 w-8\">\n<h3><b>VOPK 30000 Digital Sk\u00e4rm Uppladdningsbara Eng\u00e5ngs Vape FAQ<\/b><\/h3>\n<\/div>\n<p><strong>Q: Hur vet jag n\u00e4r min VOPK ULTRA 30000 Digital Sk\u00e4rm Uppladdningsbara Eng\u00e5ngs Vape \u00e4r tom?<\/strong><br \/>\nVOPK ULTRA 30000 har en smart digital sk\u00e4rm som visar e-v\u00e4tskeniv\u00e5n, vilket g\u00f6r det enkelt att se n\u00e4r din vape b\u00f6rjar ta slut. N\u00e4r e-v\u00e4tskevisningen visar att den \u00e4r n\u00e4ra tom eller du m\u00e4rker en minskning i \u00e5nga och smakkvalitet, \u00e4r det dags att byta ut enheten.<\/p>\n<p><strong>Q: Hur l\u00e5ng tid tar det att ladda en VOPK ULTRA 30000 Puffar Vape?<\/strong><br \/>\nVOPK ULTRA 30000 \u00e4r utformad med Type-C snabbladdning, vilket g\u00f6r att den kan laddas fullt p\u00e5 ungef\u00e4r 1-1,5 timmar.<\/p>\n<p><strong>F: Hur mycket nikotin finns i en VOPK ULTRA 30000 Puffs Eng\u00e5ngsvape?<\/strong><br \/>\nDenna vape inneh\u00e5ller 5% (50 mg) nikotinstyrka, vilket ger ett mjukt och tillfredsst\u00e4llande drag vid varje puff.<\/p>\n<p><strong>F: Var kan jag k\u00f6pa VOPK ULTRA 30000 Puffs uppladdningsbara eng\u00e5ngsvapes till grossistpris?<\/strong><br \/>\nF\u00f6r bulkink\u00f6p och grossistpriser erbjuder m\u00e5nga vape-leverant\u00f6rer VOPK ULTRA 30000. Du kan kolla in online grossistbutiker f\u00f6r vape eller kontakta <strong>vape grossistdistribut\u00f6rer<\/strong> f\u00f6r de b\u00e4sta priserna.<\/p>\n<p><strong>F: Kan jag ta med mig en uppladdningsbar eng\u00e5ngsvape p\u00e5 ett flygplan?<\/strong><br \/>\nJa, du kan ta med uppladdningsbara eng\u00e5ngsvapes som VOPK ULTRA 30000 p\u00e5 ett flygplan, men de m\u00e5ste packas i ditt handbagage eftersom litiumbatterier generellt inte \u00e4r till\u00e5tna i incheckat bagage. Kontrollera specifika flygbolags policy eftersom de kan variera.<\/p>\n<p><strong>F: Hur m\u00e5nga puffar ger VOPK 30000 Digital Screen Uppladdningsbar Eng\u00e5ngsvape?<\/strong><br \/>\nVOPK 30000 erbjuder en l\u00e5ngvarig kapacitet p\u00e5 upp till <strong>30 000 bloss<\/strong>.<\/p>\n<p><strong>F: Hur l\u00e5ng tid tar det att ladda VOPK 30000-vapen helt?<\/strong><br \/>\nMed sin Type-C-laddning n\u00e5r VOPK 30000 vanligtvis full laddning inom <strong>1-1,5 timmar<\/strong>.<\/p>\n<\/div>\n<\/div>\n<\/div>\n<h3>Om frakt<\/h3>\n<div class=\"flex-shrink-0 flex flex-col relative items-end\">\n<div>\n<div class=\"pt-0\">\n<div class=\"gizmo-bot-avatar flex h-8 w-8 items-center justify-center overflow-hidden rounded-full\">\n<div><\/div>\n<div class=\"relative p-1 rounded-sm flex items-center justify-center bg-token-main-surface-primary text-token-text-primary h-8 w-8\"><strong>1. Vilka fraktmetoder anv\u00e4nds?<\/strong><\/div>\n<\/div>\n<\/div>\n<\/div>\n<\/div>\n<div class=\"group\/conversation-turn relative flex w-full min-w-0 flex-col agent-turn\">\n<div class=\"flex-col gap-1 md:gap-3\">\n<div class=\"flex max-w-full flex-col flex-grow\">\n<div class=\"min-h-[20px] text-message flex w-full flex-col items-end gap-2 whitespace-normal break-words [.text-message+&amp;]:mt-5 overflow-x-auto\" dir=\"auto\" data-message-author-role=\"assistant\" data-message-id=\"22f8283b-3233-46ff-89a5-c7a41b33abda\">\n<div class=\"flex w-full flex-col gap-1 empty:hidden first:pt-[3px]\">\n<div class=\"markdown prose w-full break-words dark:prose-invert light\">\n<p>Vi samarbetar med UPS, DHL, FedEx, DPD och andra ledande transport\u00f6rer. Vi v\u00e4ljer det b\u00e4sta frakts\u00e4ttet baserat p\u00e5 din leveransadress f\u00f6r att s\u00e4kerst\u00e4lla att du f\u00e5r dina produkter s\u00e5 snabbt som m\u00f6jligt.<\/p>\n<\/div>\n<p><strong>2. Hur l\u00e5ng tid tar det att komma fram?<\/strong><\/p>\n<p>Paket som skickas till Sverige anl\u00e4nder vanligtvis inom 10 arbetsdagar. Leveranser till europeiska l\u00e4nder tar generellt cirka 12-15 arbetsdagar. Vi kommer att ge uppdateringar i realtid om din leveransstatus.<\/p>\n<\/div>\n<\/div>\n<\/div>\n<\/div>\n<\/div>\n<p>&nbsp;<\/p>\n<p>Hitta fler vape-produkter du kanske gillar:<strong><em><a href=\"https:\/\/rmvapesale.com\/sv\/shop-2\/\">handla nu &gt;&gt;&gt;<\/a><\/em><\/strong><\/p>","protected":false},"excerpt":{"rendered":"<p>VOPK ULTRA 30000 Puffar Dubbel Smak Digital Sk\u00e4rm L\u00e5g Nikotin Eng\u00e5ngsvapes<br \/>\nVOPK 30000 Puffar Partihandel Grossist Uppladdningsbara Eng\u00e5ngsvapes Pod<br \/>\nVOPK ULTRA 30000 Puffar Dubbel Smak Eng\u00e5ngsvape Penna<\/p>\n<p><img loading=\"lazy\" decoding=\"async\" class=\"size-full wp-image-2375\" src=\"https:\/\/rmvapesale.com\/wp-content\/uploads\/2024\/10\/image.png\" alt=\"B\u00e4sta eng\u00e5ngsvape\" width=\"229\" height=\"300\" \/><\/p>\n<h3><a href=\"https:\/\/wa.me\/8617776015835\"><span style=\"color: #ff0000\"><strong>WhatsApp: +86 17776015835<\/strong><\/span><\/a><\/h3>\n<p>&nbsp;<\/p>","protected":false},"featured_media":2682,"comment_status":"open","ping_status":"closed","template":"","meta":{"_uag_custom_page_level_css":"","_lmt_disableupdate":"no","_lmt_disable":"","site-sidebar-layout":"default","site-content-layout":"content-boxed-container","ast-site-content-layout":"normal-width-container","site-content-style":"boxed","site-sidebar-style":"unboxed","ast-global-header-display":"","ast-banner-title-visibility":"","ast-main-header-display":"","ast-hfb-above-header-display":"","ast-hfb-below-header-display":"","ast-hfb-mobile-header-display":"","site-post-title":"","ast-breadcrumbs-content":"","ast-featured-img":"","footer-sml-layout":"","theme-transparent-header-meta":"default","adv-header-id-meta":"","stick-header-meta":"","header-above-stick-meta":"","header-main-stick-meta":"","header-below-stick-meta":"","astra-migrate-meta-layouts":"set","ast-page-background-enabled":"default","ast-page-background-meta":{"desktop":{"background-color":"var(--ast-global-color-4)","background-image":"","background-repeat":"repeat","background-position":"center center","background-size":"auto","background-attachment":"scroll","background-type":"","background-media":"","overlay-type":"","overlay-color":"","overlay-opacity":"","overlay-gradient":""},"tablet":{"background-color":"","background-image":"","background-repeat":"repeat","background-position":"center center","background-size":"auto","background-attachment":"scroll","background-type":"","background-media":"","overlay-type":"","overlay-color":"","overlay-opacity":"","overlay-gradient":""},"mobile":{"background-color":"","background-image":"","background-repeat":"repeat","background-position":"center center","background-size":"auto","background-attachment":"scroll","background-type":"","background-media":"","overlay-type":"","overlay-color":"","overlay-opacity":"","overlay-gradient":""}},"ast-content-background-meta":{"desktop":{"background-color":"var(--ast-global-color-5)","background-image":"","background-repeat":"repeat","background-position":"center center","background-size":"auto","background-attachment":"scroll","background-type":"","background-media":"","overlay-type":"","overlay-color":"","overlay-opacity":"","overlay-gradient":""},"tablet":{"background-color":"var(--ast-global-color-5)","background-image":"","background-repeat":"repeat","background-position":"center center","background-size":"auto","background-attachment":"scroll","background-type":"","background-media":"","overlay-type":"","overlay-color":"","overlay-opacity":"","overlay-gradient":""},"mobile":{"background-color":"var(--ast-global-color-5)","background-image":"","background-repeat":"repeat","background-position":"center center","background-size":"auto","background-attachment":"scroll","background-type":"","background-media":"","overlay-type":"","overlay-color":"","overlay-opacity":"","overlay-gradient":""}},"_joinchat":[]},"product_brand":[],"product_cat":[15,25,123,26,28,135,27,137,136,30],"product_tag":[146,188,200,167,127,180,120],"class_list":{"0":"post-2680","1":"product","2":"type-product","3":"status-publish","4":"has-post-thumbnail","6":"product_cat-new-vape-this-week","7":"product_cat-germany-best-selling-vape","8":"product_cat-italy-wholesale-vape","9":"product_cat-netherlands-hot-sale-vape","10":"product_cat-poland-hot-sale-vape","11":"product_cat-spain-best-hot-sale-vape","12":"product_cat-fance-hot-sale-vape","13":"product_cat-rechargeable-vapes","14":"product_cat-smart-screen-vapes","15":"product_cat-minimum-order-quantity-50pcs","16":"product_tag-best-hot-sale-vape","17":"product_tag-buy-vapes-online","18":"product_tag-disposable-hookah-wholesale","19":"product_tag-disposable-vape-with-screen","20":"product_tag-puff-30k","21":"product_tag-shisha-bar","22":"product_tag-vape-wholesale","23":"desktop-align-left","24":"tablet-align-left","25":"mobile-align-left","27":"first","28":"instock","29":"sale","30":"shipping-taxable","31":"purchasable","32":"product-type-simple"},"uagb_featured_image_src":{"full":["https:\/\/rmvapesale.com\/wp-content\/uploads\/2024\/11\/VOPK-ULTRA-30000-Double-Flavor-Digital-Disposable-Vapes-Pen-Wholesale.jpg",800,800,false],"thumbnail":["https:\/\/rmvapesale.com\/wp-content\/uploads\/2024\/11\/VOPK-ULTRA-30000-Double-Flavor-Digital-Disposable-Vapes-Pen-Wholesale-150x150.jpg",150,150,true],"medium":["https:\/\/rmvapesale.com\/wp-content\/uploads\/2024\/11\/VOPK-ULTRA-30000-Double-Flavor-Digital-Disposable-Vapes-Pen-Wholesale-300x300.jpg",300,300,true],"medium_large":["https:\/\/rmvapesale.com\/wp-content\/uploads\/2024\/11\/VOPK-ULTRA-30000-Double-Flavor-Digital-Disposable-Vapes-Pen-Wholesale-768x768.jpg",768,768,true],"large":["https:\/\/rmvapesale.com\/wp-content\/uploads\/2024\/11\/VOPK-ULTRA-30000-Double-Flavor-Digital-Disposable-Vapes-Pen-Wholesale.jpg",800,800,false],"1536x1536":["https:\/\/rmvapesale.com\/wp-content\/uploads\/2024\/11\/VOPK-ULTRA-30000-Double-Flavor-Digital-Disposable-Vapes-Pen-Wholesale.jpg",800,800,false],"2048x2048":["https:\/\/rmvapesale.com\/wp-content\/uploads\/2024\/11\/VOPK-ULTRA-30000-Double-Flavor-Digital-Disposable-Vapes-Pen-Wholesale.jpg",800,800,false],"trp-custom-language-flag":["https:\/\/rmvapesale.com\/wp-content\/uploads\/2024\/11\/VOPK-ULTRA-30000-Double-Flavor-Digital-Disposable-Vapes-Pen-Wholesale.jpg",12,12,false],"woocommerce_thumbnail":["https:\/\/rmvapesale.com\/wp-content\/uploads\/2024\/11\/VOPK-ULTRA-30000-Double-Flavor-Digital-Disposable-Vapes-Pen-Wholesale-300x300.jpg",300,300,true],"woocommerce_single":["https:\/\/rmvapesale.com\/wp-content\/uploads\/2024\/11\/VOPK-ULTRA-30000-Double-Flavor-Digital-Disposable-Vapes-Pen-Wholesale-600x600.jpg",600,600,true],"woocommerce_gallery_thumbnail":["https:\/\/rmvapesale.com\/wp-content\/uploads\/2024\/11\/VOPK-ULTRA-30000-Double-Flavor-Digital-Disposable-Vapes-Pen-Wholesale-100x100.jpg",100,100,true],"wcpr-photo-reviews":["https:\/\/rmvapesale.com\/wp-content\/uploads\/2024\/11\/VOPK-ULTRA-30000-Double-Flavor-Digital-Disposable-Vapes-Pen-Wholesale.jpg",500,500,false]},"uagb_author_info":{"display_name":"AMY","author_link":"https:\/\/rmvapesale.com\/sv\/author\/"},"uagb_comment_info":0,"uagb_excerpt":"VOPK ULTRA 30000 Puffs Double Flavor Digital Screen Low Nicotine Disposable Vapes VOPK 30000 Puffs Bulk Buy Wholesale Rechargeable Disposable Vapes Pod VOPK ULTRA 30000 Puffs Double Flavor Disposable Vapes Pen WhatsApp: +86 17776015835 &nbsp;","_links":{"self":[{"href":"https:\/\/rmvapesale.com\/sv\/wp-json\/wp\/v2\/product\/2680","targetHints":{"allow":["GET"]}}],"collection":[{"href":"https:\/\/rmvapesale.com\/sv\/wp-json\/wp\/v2\/product"}],"about":[{"href":"https:\/\/rmvapesale.com\/sv\/wp-json\/wp\/v2\/types\/product"}],"replies":[{"embeddable":true,"href":"https:\/\/rmvapesale.com\/sv\/wp-json\/wp\/v2\/comments?post=2680"}],"wp:featuredmedia":[{"embeddable":true,"href":"https:\/\/rmvapesale.com\/sv\/wp-json\/wp\/v2\/media\/2682"}],"wp:attachment":[{"href":"https:\/\/rmvapesale.com\/sv\/wp-json\/wp\/v2\/media?parent=2680"}],"wp:term":[{"taxonomy":"product_brand","embeddable":true,"href":"https:\/\/rmvapesale.com\/sv\/wp-json\/wp\/v2\/product_brand?post=2680"},{"taxonomy":"product_cat","embeddable":true,"href":"https:\/\/rmvapesale.com\/sv\/wp-json\/wp\/v2\/product_cat?post=2680"},{"taxonomy":"product_tag","embeddable":true,"href":"https:\/\/rmvapesale.com\/sv\/wp-json\/wp\/v2\/product_tag?post=2680"}],"curies":[{"name":"wp","href":"https:\/\/api.w.org\/{rel}","templated":true}]}}