{"id":2695,"date":"2024-11-07T09:50:56","date_gmt":"2024-11-07T09:50:56","guid":{"rendered":"https:\/\/rmvapesale.com\/?post_type=product&#038;p=2695"},"modified":"2024-11-08T03:15:20","modified_gmt":"2024-11-08T03:15:20","slug":"jnr-mediamax-40000-smart-vape-phone-call-rechargeable-disposable-wholesale","status":"publish","type":"product","link":"https:\/\/rmvapesale.com\/sv\/product\/jnr-mediamax-40000-smart-vape-phone-call-rechargeable-disposable-wholesale\/","title":{"rendered":"JNR MediaMax 40000 Smart Vape Mobiltelefonsamtal Uppladdningsbar Eng\u00e5ngs Grossist"},"content":{"rendered":"<div class=\"B2VR9 CJHX3e\">\n<div class=\"wyccme\">\n<h1 class=\"LC20lb MBeuO DKV0Md\">JNR MediaMax 40000 Smart Vape Mobiltelefonsamtal Uppladdningsbar Eng\u00e5ngs Grossist<\/h1>\n<div class=\"flex-shrink-0 flex flex-col relative items-end\">\n<div class=\"pt-0\">\n<div class=\"gizmo-bot-avatar flex h-8 w-8 items-center justify-center overflow-hidden rounded-full\">\n<div class=\"relative p-1 rounded-sm flex items-center justify-center bg-token-main-surface-primary text-token-text-primary h-8 w-8\">\n<p>JNR MediaMax 40000 Smart Vape revolutionerar vaping-v\u00e4rlden med en unik blandning av banbrytande teknik och h\u00f6gpresterande funktioner. K\u00e4nd som v\u00e4rldens f\u00f6rsta <strong>40,000 bloss eng\u00e5ngsvape<\/strong> utrustad med smart telefon samtal funktion, denna enhet erbjuder en imponerande <strong>21ml f\u00f6rfylld e-juice<\/strong> och en <strong>1000mAh uppladdningsbart batteri<\/strong> f\u00f6r att h\u00e5lla dig vaping l\u00e4ngre med minimala uppladdningar.<\/p>\n<p>Med tv\u00e5 vaping-l\u00e4gen\u2014<strong>Normalt l\u00e4ge<\/strong> f\u00f6r upp till 40,000 bloss och <strong>Puls l\u00e4ge<\/strong> f\u00f6r 20,000 bloss\u2014erbjuder JNR MediaMax 400000 <strong>puff vape<\/strong> exceptionell m\u00e5ngsidighet och kontroll. Den <strong>2.4-tums HD peksk\u00e4rm<\/strong> ger enkel anv\u00e4ndning, l\u00e5ter dig \u00f6vervaka batteritid, e-juice niv\u00e5er och enhetsinst\u00e4llningar i realtid.<\/p>\n<p>Tar smart vaping ett steg l\u00e4ngre, denna vape inkluderar <strong>samtals- och meddelandenotiser<\/strong>, fj\u00e4rrkontroll av kameran, en <strong>hitta-din-telefon-funktion<\/strong>, och ett <strong>l\u00e5sl\u00e4ge<\/strong> f\u00f6r att s\u00e4kerst\u00e4lla integritet och s\u00e4kerhet. Designad f\u00f6r <strong>MTL (mun-till-lunga) vaping<\/strong>, denna enhet ger ocks\u00e5 en tillfredsst\u00e4llande k\u00e4nsla med <strong>5% (50mg) nikotinstyrka<\/strong>.<\/p>\n<p>Med sin stilrena design, bekv\u00e4mlighet och <strong>smarttelefonfunktioner<\/strong>, s\u00e4tter JNR MediaMax 40K en h\u00f6g standard f\u00f6r <strong>eng\u00e5ngsvapes<\/strong>. Perfekt f\u00f6r dem som vill kombinera innovativ teknik med den traditionella vape-upplevelsen, JNR MediaMax 40000 \u00e4r tillg\u00e4nglig f\u00f6r <strong>massk\u00f6p<\/strong> och <strong>grossist<\/strong> best\u00e4llningar f\u00f6r att passa alla dina behov. Uppt\u00e4ck den <strong>smarta vapen<\/strong> JNR MediaMax idag och omdefiniera din vapingupplevelse.<\/p>\n<p>&nbsp;<\/p>\n<\/div>\n<\/div>\n<\/div>\n<\/div>\n<\/div>\n<\/div>\n<p><strong>Kontakta Amy f\u00f6r att f\u00e5 r\u00e4tt svar och vape-kupong!<\/strong><\/p>\n<p><img loading=\"lazy\" decoding=\"async\" class=\"size-full wp-image-1978\" src=\"https:\/\/rmvapesale.com\/wp-content\/uploads\/2024\/09\/Disposable-Vape-Wholesale.jpg\" alt=\"Eng\u00e5ngsvape Partihandel\" width=\"229\" height=\"300\" \/><\/p>\n<h3><a href=\"https:\/\/wa.me\/8617776015835\" target=\"_blank\" rel=\"noopener\"><span style=\"color: #ff0000\"><strong>WhatsApp: +86 17776015835<\/strong><\/span><\/a><\/h3>\n<p>&nbsp;<\/p>\n<h2><\/h2>\n<h2><strong>JNR MediaMax 40000 Smarta uppladdningsbara eng\u00e5ngsvapes <\/strong><strong>Nyckelfunktioner<\/strong><\/h2>\n<p>M\u00e4rke: JNR Vape<br \/>\nV\u00e4rldens f\u00f6rsta 40K eng\u00e5ngssats med smarta telefonfunktioner<br \/>\nOlja: 21ml F\u00f6rfylld E-juice<br \/>\nNikotin: 5% (50mg) Nikotinstyrka<br \/>\nBatteri: 1000mAh Uppladdningsbart batteri<br \/>\nVanligt\/Pulsl\u00e4ge: 40000 bloss f\u00f6r vanligt l\u00e4ge\/20000 bloss f\u00f6r pulsl\u00e4ge<br \/>\n2.4-tums HD-peksk\u00e4rm<br \/>\nSamtals- och textfunktioner: Samtal<br \/>\nFj\u00e4rrkamera: Fj\u00e4rrkamerakontroll<br \/>\nHitta din telefon-funktion<br \/>\nL\u00e5sl\u00e4ge<br \/>\nMTL-vaping<\/p>\n<p>&nbsp;<\/p>\n<h2><strong>B\u00e4sta smaken f\u00f6r JNR MediaMax 40000 Smart Phone eng\u00e5ngsvape<\/strong><\/h2>\n<p>1. Bl\u00e5 hallon-is <span style=\"color: #ff0000\"><strong>&gt;&gt;&gt;&gt; Het!<\/strong><\/span><br \/>\n2. Jordgubbs-is<br \/>\n3. Vattenmelon-is<br \/>\n4. Miami Mint<br \/>\n5. Surt \u00e4pple-is<br \/>\n6. Bl\u00e5b\u00e4r vattenmelon <span style=\"color: #ff0000\"><strong>&gt;&gt;&gt;&gt; Het!<\/strong><\/span><br \/>\n7. Fcuking Fab<br \/>\n8. K\u00f6rsb\u00e4r jordgubbe hallon <span style=\"color: #ff0000\"><strong>&gt;&gt;&gt;&gt; B\u00e4st!<\/strong><\/span><br \/>\n9. Persika Mango Vattenmelon<br \/>\n10. Jordgubbe banan<\/p>\n<figure id=\"attachment_2689\" aria-describedby=\"caption-attachment-2689\" style=\"width: 800px\" class=\"wp-caption alignnone\"><img loading=\"lazy\" decoding=\"async\" class=\"wp-image-2689 size-full\" src=\"https:\/\/rmvapesale.com\/wp-content\/uploads\/2024\/11\/JNR-Mediamax-40000-Best-Vape-2024.jpg\" alt=\"JNR Mediamax 40000 B\u00e4sta Vape 2024\" width=\"800\" height=\"800\" srcset=\"https:\/\/rmvapesale.com\/wp-content\/uploads\/2024\/11\/JNR-Mediamax-40000-Best-Vape-2024.jpg 800w, https:\/\/rmvapesale.com\/wp-content\/uploads\/2024\/11\/JNR-Mediamax-40000-Best-Vape-2024-300x300.jpg 300w, https:\/\/rmvapesale.com\/wp-content\/uploads\/2024\/11\/JNR-Mediamax-40000-Best-Vape-2024-150x150.jpg 150w, https:\/\/rmvapesale.com\/wp-content\/uploads\/2024\/11\/JNR-Mediamax-40000-Best-Vape-2024-768x768.jpg 768w, https:\/\/rmvapesale.com\/wp-content\/uploads\/2024\/11\/JNR-Mediamax-40000-Best-Vape-2024-600x600.jpg 600w, https:\/\/rmvapesale.com\/wp-content\/uploads\/2024\/11\/JNR-Mediamax-40000-Best-Vape-2024-100x100.jpg 100w\" sizes=\"auto, (max-width: 800px) 100vw, 800px\" \/><figcaption id=\"caption-attachment-2689\" class=\"wp-caption-text\">JNR Mediamax 40000 B\u00e4sta Vape 2024<\/figcaption><\/figure>\n<h3><strong>Varf\u00f6r v\u00e4lja Rmvapesale f\u00f6r JNR MediaMax 40000 Smart<\/strong><strong>\u00a0V<\/strong><strong>Vape Partihandel<\/strong><strong>?<\/strong><\/h3>\n<div class=\"flex-shrink-0 flex flex-col relative items-end\">\n<div class=\"pt-0\">\n<div class=\"gizmo-bot-avatar flex h-8 w-8 items-center justify-center overflow-hidden rounded-full\">\n<div class=\"relative p-1 rounded-sm flex items-center justify-center bg-token-main-surface-primary text-token-text-primary h-8 w-8\">\n<p>V\u00e4lkommen till Rmvapesale, din p\u00e5litliga vapebutik f\u00f6r f\u00f6rstklassiga eng\u00e5ngsvapes. Med \u00f6ver 5 \u00e5rs expertis, erbjuder vi popul\u00e4ra varum\u00e4rken f\u00f6r eng\u00e5ngsvapes som Al Fakher, <a href=\"https:\/\/rmvapesale.com\/sv\/product\/vapme-crystal-7000-puffs-rechargeable-disposable-vape-price\/\">Vapme<\/a>, <a href=\"https:\/\/rmvapesale.com\/sv\/product-category\/bang-vapes\/\">Bang Vape<\/a>, Waspe, <a href=\"https:\/\/rmvapesale.com\/sv\/product\/wga-crystal-pro-max-extra-15k-puffs-disposable-vape-wholesale\/\">WGA<\/a> Vape och<a href=\"https:\/\/rmvapesale.com\/sv\/product-category\/randm-fumot-vape\/\"> RandM Vape<\/a>.<\/p>\n<p>V\u00e5rt sortiment inkluderar popul\u00e4ra vapes som <a href=\"https:\/\/rmvapesale.com\/sv\/product\/fumot-digital-box-12000-disposable-vape-pink-lemonade-flavor\/\">RandM 12k<\/a> och smakrika alternativ som <a href=\"https:\/\/rmvapesale.com\/sv\/product\/elfbar-combo-25000-puffs-rechargeable-disposable-vape-wholesale\/\">ELFBAR Combo 25000 Puff<\/a>. Varje produkt \u00e4r utvald med fokus p\u00e5 kvalitet, v\u00e4rde och variation, vilket s\u00e4kerst\u00e4ller att du hittar den perfekta matchningen f\u00f6r dina behov. Uppt\u00e4ck exceptionell service och ett brett utbud av topprodukter hos Rmvapesale.<\/p>\n<\/div>\n<h3><\/h3>\n<div class=\"relative p-1 rounded-sm flex items-center justify-center bg-token-main-surface-primary text-token-text-primary h-8 w-8\">\n<h3><b>JNR MediaMax 40000 Digital sk\u00e4rm uppladdningsbar eng\u00e5ngsvape FAQS<\/b><\/h3>\n<p>&nbsp;<\/p>\n<\/div>\n<div class=\"flex max-w-full flex-col flex-grow\">\n<div class=\"min-h-8 text-message flex w-full flex-col items-end gap-2 whitespace-normal break-words [.text-message+&amp;]:mt-5\" dir=\"auto\" data-message-author-role=\"assistant\" data-message-id=\"97cb2f27-e2e6-4ecb-a3cc-49b64fba0d8b\" data-message-model-slug=\"gpt-4o\">\n<div class=\"flex w-full flex-col gap-1 empty:hidden first:pt-[3px]\">\n<div class=\"markdown prose w-full break-words dark:prose-invert light\">\n<ol>\n<li><strong>Hur vet jag n\u00e4r min JNR MediaMax 40000 Smart Vape \u00e4r tom?<\/strong><br \/>\nDen <strong>2.4-tums HD peksk\u00e4rm<\/strong> p\u00e5 din JNR MediaMax 40000 Smart Vape kommer att visa e-juiceniv\u00e5n, vilket g\u00f6r det enkelt att se n\u00e4r den b\u00f6rjar bli l\u00e5g eller tom.<\/li>\n<li><strong>Hur l\u00e5ng tid tar det att ladda en JNR MediaMax 40000 Smart uppladdningsbar vape?<\/strong><br \/>\nJNR MediaMax 40000 har <strong>snabbladdning med Type-C<\/strong> och n\u00e5r full laddning p\u00e5 cirka <strong>en timme<\/strong>.<\/li>\n<li><strong>Hur mycket nikotin finns i en JNR MediaMax 40000 Smart eng\u00e5ngsvape?<\/strong><br \/>\nDenna enhet \u00e4r utformad med en <strong>5% (50mg) nikotinstyrka<\/strong> f\u00f6r att leverera en tillfredsst\u00e4llande vapingupplevelse.<\/li>\n<li><strong>Var kan jag k\u00f6pa JNR 40000 Puff Vapes till grossistpris?<\/strong><br \/>\nJNR MediaMax 40000 \u00e4r tillg\u00e4nglig f\u00f6r <strong>grossist- och massbest\u00e4llningar<\/strong> genom auktoriserade vapeleverant\u00f6rer och online grossist vapebutiker.<\/li>\n<li><strong>F: Kan jag ta med mig en uppladdningsbar eng\u00e5ngsvape p\u00e5 ett flygplan?<\/strong><br \/>\nJa, du kan ta med en uppladdningsbar eng\u00e5ngsvape som JNR MediaMax 40000 i ditt handbagage, men det \u00e4r viktigt att kontrollera flygbolags- och lokala best\u00e4mmelser f\u00f6r eventuella specifika begr\u00e4nsningar. Se till att ha den avst\u00e4ngd under flygningen.<\/li>\n<li><strong>Hur m\u00e5nga bloss ger JNR MediaMax 40000 Smart Vape?<\/strong><br \/>\nJNR MediaMax erbjuder <strong>upp till 40 000 bloss<\/strong> i vanligt l\u00e4ge och <strong>20 000 bloss i pulsl\u00e4ge<\/strong> f\u00f6r en m\u00e5ngsidig och l\u00e5ngvarig upplevelse.<\/li>\n<li><strong>Hur l\u00e5ng tid tar det att ladda JNR MediaMax 40000 vapen helt?<\/strong><br \/>\nDen <strong>1000mAh uppladdningsbart batteri<\/strong> n\u00e5r full laddning p\u00e5 cirka <strong>en timme<\/strong> med sin effektiva Type-C laddningsteknik.<\/li>\n<\/ol>\n<\/div>\n<\/div>\n<\/div>\n<\/div>\n<div class=\"mb-2 flex gap-3 empty:hidden -ml-2\"><\/div>\n<p>&nbsp;<\/p>\n<\/div>\n<\/div>\n<\/div>\n<h3>Om frakt<\/h3>\n<div class=\"flex-shrink-0 flex flex-col relative items-end\">\n<div>\n<div class=\"pt-0\">\n<div class=\"gizmo-bot-avatar flex h-8 w-8 items-center justify-center overflow-hidden rounded-full\">\n<div><\/div>\n<div class=\"relative p-1 rounded-sm flex items-center justify-center bg-token-main-surface-primary text-token-text-primary h-8 w-8\"><strong>1. Vilka fraktmetoder anv\u00e4nds?<\/strong><\/div>\n<\/div>\n<\/div>\n<\/div>\n<\/div>\n<div class=\"group\/conversation-turn relative flex w-full min-w-0 flex-col agent-turn\">\n<div class=\"flex-col gap-1 md:gap-3\">\n<div class=\"flex max-w-full flex-col flex-grow\">\n<div class=\"min-h-[20px] text-message flex w-full flex-col items-end gap-2 whitespace-normal break-words [.text-message+&amp;]:mt-5 overflow-x-auto\" dir=\"auto\" data-message-author-role=\"assistant\" data-message-id=\"22f8283b-3233-46ff-89a5-c7a41b33abda\">\n<div class=\"flex w-full flex-col gap-1 empty:hidden first:pt-[3px]\">\n<div class=\"markdown prose w-full break-words dark:prose-invert light\">\n<p>Vi samarbetar med UPS, DHL, FedEx, DPD och andra ledande transport\u00f6rer. Vi v\u00e4ljer det b\u00e4sta frakts\u00e4ttet baserat p\u00e5 din leveransadress f\u00f6r att s\u00e4kerst\u00e4lla att du f\u00e5r dina produkter s\u00e5 snabbt som m\u00f6jligt.<\/p>\n<\/div>\n<p><strong>2. Hur l\u00e5ng tid tar det att komma fram?<\/strong><\/p>\n<p>Paket som skickas till Sverige anl\u00e4nder vanligtvis inom 10 arbetsdagar. Leveranser till europeiska l\u00e4nder tar generellt cirka 12-15 arbetsdagar. Vi kommer att ge uppdateringar i realtid om din leveransstatus.<\/p>\n<\/div>\n<\/div>\n<\/div>\n<\/div>\n<\/div>\n<p>&nbsp;<\/p>\n<p>Hitta fler vape-produkter du kanske gillar:<strong><em><a href=\"https:\/\/rmvapesale.com\/sv\/shop-2\/\">handla nu &gt;&gt;&gt;<\/a><\/em><\/strong><\/p>","protected":false},"excerpt":{"rendered":"<p>JNR Mediamax 40000 B\u00e4sta Eng\u00e5ngs Vape 2024<br \/>\nJNR 40000 Uppladdningsbar Eng\u00e5ngs Vape Grossistpris<br \/>\nGrossist JNR Mediamax 40000 Puffs Telefon Samtal Smart Vape<\/p>\n<p><img loading=\"lazy\" decoding=\"async\" class=\"size-full wp-image-2375\" src=\"https:\/\/rmvapesale.com\/wp-content\/uploads\/2024\/10\/image.png\" alt=\"B\u00e4sta eng\u00e5ngsvape\" width=\"229\" height=\"300\" \/><\/p>\n<h3><a href=\"https:\/\/wa.me\/8617776015835\"><span style=\"color: #ff0000\"><strong>WhatsApp: +86 17776015835<\/strong><\/span><\/a><\/h3>\n<p>&nbsp;<\/p>","protected":false},"featured_media":2690,"comment_status":"open","ping_status":"closed","template":"","meta":{"_uag_custom_page_level_css":"","_lmt_disableupdate":"no","_lmt_disable":"","site-sidebar-layout":"default","site-content-layout":"content-boxed-container","ast-site-content-layout":"normal-width-container","site-content-style":"boxed","site-sidebar-style":"unboxed","ast-global-header-display":"","ast-banner-title-visibility":"","ast-main-header-display":"","ast-hfb-above-header-display":"","ast-hfb-below-header-display":"","ast-hfb-mobile-header-display":"","site-post-title":"","ast-breadcrumbs-content":"","ast-featured-img":"","footer-sml-layout":"","ast-disable-related-posts":"","theme-transparent-header-meta":"default","adv-header-id-meta":"","stick-header-meta":"","header-above-stick-meta":"","header-main-stick-meta":"","header-below-stick-meta":"","astra-migrate-meta-layouts":"set","ast-page-background-enabled":"default","ast-page-background-meta":{"desktop":{"background-color":"var(--ast-global-color-4)","background-image":"","background-repeat":"repeat","background-position":"center center","background-size":"auto","background-attachment":"scroll","background-type":"","background-media":"","overlay-type":"","overlay-color":"","overlay-opacity":"","overlay-gradient":""},"tablet":{"background-color":"","background-image":"","background-repeat":"repeat","background-position":"center center","background-size":"auto","background-attachment":"scroll","background-type":"","background-media":"","overlay-type":"","overlay-color":"","overlay-opacity":"","overlay-gradient":""},"mobile":{"background-color":"","background-image":"","background-repeat":"repeat","background-position":"center center","background-size":"auto","background-attachment":"scroll","background-type":"","background-media":"","overlay-type":"","overlay-color":"","overlay-opacity":"","overlay-gradient":""}},"ast-content-background-meta":{"desktop":{"background-color":"var(--ast-global-color-5)","background-image":"","background-repeat":"repeat","background-position":"center center","background-size":"auto","background-attachment":"scroll","background-type":"","background-media":"","overlay-type":"","overlay-color":"","overlay-opacity":"","overlay-gradient":""},"tablet":{"background-color":"var(--ast-global-color-5)","background-image":"","background-repeat":"repeat","background-position":"center center","background-size":"auto","background-attachment":"scroll","background-type":"","background-media":"","overlay-type":"","overlay-color":"","overlay-opacity":"","overlay-gradient":""},"mobile":{"background-color":"var(--ast-global-color-5)","background-image":"","background-repeat":"repeat","background-position":"center center","background-size":"auto","background-attachment":"scroll","background-type":"","background-media":"","overlay-type":"","overlay-color":"","overlay-opacity":"","overlay-gradient":""}},"_joinchat":[]},"product_brand":[],"product_cat":[15,27,25,123,30,26,28,137,136,135],"product_tag":[146,188,167,205,207,206,120],"class_list":{"0":"post-2695","1":"product","2":"type-product","3":"status-publish","4":"has-post-thumbnail","6":"product_cat-new-vape-this-week","7":"product_cat-fance-hot-sale-vape","8":"product_cat-germany-best-selling-vape","9":"product_cat-italy-wholesale-vape","10":"product_cat-minimum-order-quantity-50pcs","11":"product_cat-netherlands-hot-sale-vape","12":"product_cat-poland-hot-sale-vape","13":"product_cat-rechargeable-vapes","14":"product_cat-smart-screen-vapes","15":"product_cat-spain-best-hot-sale-vape","16":"product_tag-best-hot-sale-vape","17":"product_tag-buy-vapes-online","18":"product_tag-disposable-vape-with-screen","19":"product_tag-jnr-vape","20":"product_tag-puff-vape","21":"product_tag-smart-phone-vape","22":"product_tag-vape-wholesale","23":"desktop-align-left","24":"tablet-align-left","25":"mobile-align-left","27":"first","28":"instock","29":"sale","30":"shipping-taxable","31":"purchasable","32":"product-type-simple"},"uagb_featured_image_src":{"full":["https:\/\/rmvapesale.com\/wp-content\/uploads\/2024\/11\/JNR-MediaMax-40000-Disposable-Vape-Wholesale.jpg",800,800,false],"thumbnail":["https:\/\/rmvapesale.com\/wp-content\/uploads\/2024\/11\/JNR-MediaMax-40000-Disposable-Vape-Wholesale-150x150.jpg",150,150,true],"medium":["https:\/\/rmvapesale.com\/wp-content\/uploads\/2024\/11\/JNR-MediaMax-40000-Disposable-Vape-Wholesale-300x300.jpg",300,300,true],"medium_large":["https:\/\/rmvapesale.com\/wp-content\/uploads\/2024\/11\/JNR-MediaMax-40000-Disposable-Vape-Wholesale-768x768.jpg",768,768,true],"large":["https:\/\/rmvapesale.com\/wp-content\/uploads\/2024\/11\/JNR-MediaMax-40000-Disposable-Vape-Wholesale.jpg",800,800,false],"1536x1536":["https:\/\/rmvapesale.com\/wp-content\/uploads\/2024\/11\/JNR-MediaMax-40000-Disposable-Vape-Wholesale.jpg",800,800,false],"2048x2048":["https:\/\/rmvapesale.com\/wp-content\/uploads\/2024\/11\/JNR-MediaMax-40000-Disposable-Vape-Wholesale.jpg",800,800,false],"trp-custom-language-flag":["https:\/\/rmvapesale.com\/wp-content\/uploads\/2024\/11\/JNR-MediaMax-40000-Disposable-Vape-Wholesale.jpg",12,12,false],"woocommerce_thumbnail":["https:\/\/rmvapesale.com\/wp-content\/uploads\/2024\/11\/JNR-MediaMax-40000-Disposable-Vape-Wholesale-300x300.jpg",300,300,true],"woocommerce_single":["https:\/\/rmvapesale.com\/wp-content\/uploads\/2024\/11\/JNR-MediaMax-40000-Disposable-Vape-Wholesale-600x600.jpg",600,600,true],"woocommerce_gallery_thumbnail":["https:\/\/rmvapesale.com\/wp-content\/uploads\/2024\/11\/JNR-MediaMax-40000-Disposable-Vape-Wholesale-100x100.jpg",100,100,true],"wcpr-photo-reviews":["https:\/\/rmvapesale.com\/wp-content\/uploads\/2024\/11\/JNR-MediaMax-40000-Disposable-Vape-Wholesale.jpg",500,500,false]},"uagb_author_info":{"display_name":"AMY","author_link":"https:\/\/rmvapesale.com\/sv\/author\/"},"uagb_comment_info":0,"uagb_excerpt":"JNR Mediamax 40000 Best Disposable Vape 2024 JNR 40000 Rechargeable Disposable Vape Wholesale Price Wholesale JNR Mediamax 40000 Puffs Phone Call Smart Vape WhatsApp: +86 17776015835 &nbsp;","_links":{"self":[{"href":"https:\/\/rmvapesale.com\/sv\/wp-json\/wp\/v2\/product\/2695","targetHints":{"allow":["GET"]}}],"collection":[{"href":"https:\/\/rmvapesale.com\/sv\/wp-json\/wp\/v2\/product"}],"about":[{"href":"https:\/\/rmvapesale.com\/sv\/wp-json\/wp\/v2\/types\/product"}],"replies":[{"embeddable":true,"href":"https:\/\/rmvapesale.com\/sv\/wp-json\/wp\/v2\/comments?post=2695"}],"wp:featuredmedia":[{"embeddable":true,"href":"https:\/\/rmvapesale.com\/sv\/wp-json\/wp\/v2\/media\/2690"}],"wp:attachment":[{"href":"https:\/\/rmvapesale.com\/sv\/wp-json\/wp\/v2\/media?parent=2695"}],"wp:term":[{"taxonomy":"product_brand","embeddable":true,"href":"https:\/\/rmvapesale.com\/sv\/wp-json\/wp\/v2\/product_brand?post=2695"},{"taxonomy":"product_cat","embeddable":true,"href":"https:\/\/rmvapesale.com\/sv\/wp-json\/wp\/v2\/product_cat?post=2695"},{"taxonomy":"product_tag","embeddable":true,"href":"https:\/\/rmvapesale.com\/sv\/wp-json\/wp\/v2\/product_tag?post=2695"}],"curies":[{"name":"wp","href":"https:\/\/api.w.org\/{rel}","templated":true}]}}