{"id":2714,"date":"2024-11-12T07:20:25","date_gmt":"2024-11-12T07:20:25","guid":{"rendered":"https:\/\/rmvapesale.com\/?post_type=product&#038;p=2714"},"modified":"2024-11-12T07:28:53","modified_gmt":"2024-11-12T07:28:53","slug":"bang-king-nicotine-gum-chewing-gum-help-stop-smoking","status":"publish","type":"product","link":"https:\/\/rmvapesale.com\/sv\/product\/bang-king-nicotine-gum-chewing-gum-help-stop-smoking\/","title":{"rendered":"Bang King Nikotintuggummi Tuggummi Hj\u00e4lper till att sluta r\u00f6ka"},"content":{"rendered":"<div class=\"B2VR9 CJHX3e\">\n<div class=\"wyccme\">\n<h1 class=\"LC20lb MBeuO DKV0Md\">Bang King Nikotintuggummi Tuggummi Hj\u00e4lper till att sluta r\u00f6ka<\/h1>\n<div class=\"flex-shrink-0 flex flex-col relative items-end\">\n<div class=\"pt-0\">\n<div class=\"gizmo-bot-avatar flex h-8 w-8 items-center justify-center overflow-hidden rounded-full\">\n<div class=\"relative p-1 rounded-sm flex items-center justify-center bg-token-main-surface-primary text-token-text-primary h-8 w-8\">\n<p>Sluta r\u00f6ka med <strong>Bang king Nikotintuggummi<\/strong>, ett s\u00e4rskilt formulerat nikotintuggummi som hj\u00e4lper dig att sluta r\u00f6ka utan de skadliga effekterna av tobak. Med 4 mg nikotin per bit ger detta tuggummi precis r\u00e4tt m\u00e4ngd f\u00f6r att d\u00e4mpa suget, vilket g\u00f6r det till ett effektivt hj\u00e4lpmedel f\u00f6r r\u00f6kavv\u00e4njning.<\/p>\n<p>Varje partihandelsf\u00f6rpackning inneh\u00e5ller <strong>20 burkar<\/strong>, med <strong>90 bitar per burk<\/strong>. Detta tuggummi \u00e4r utformat f\u00f6r att anv\u00e4ndas diskret, ger frisk andedr\u00e4kt och ingen kvarst\u00e5ende r\u00f6k eller obehaglig tobakslukt. Det \u00e4r idealiskt f\u00f6r situationer d\u00e4r r\u00f6kning inte \u00e4r m\u00f6jlig eller l\u00e4mplig, som i m\u00f6ten eller sociala tillst\u00e4llningar, och p\u00e5verkar inte andra runt omkring dig.<\/p>\n<h3>Nyckelfunktioner:<\/h3>\n<ul>\n<li><strong>4 mg Nikotin<\/strong> per tuggummibit<\/li>\n<li><strong>Inga tobakssmakande ingredienser<\/strong>: S\u00e4kert och tobakfritt<\/li>\n<li><strong>Ingen r\u00f6k, ingen p\u00e5verkan p\u00e5 andra<\/strong>: Njut av det var som helst utan att st\u00f6ra andra runt omkring dig<\/li>\n<li><strong>Inga Svarta T\u00e4nder<\/strong>: H\u00e5ller ditt leende ljust och fritt fr\u00e5n tobakssmuts<\/li>\n<li><strong>Friskt Andedr\u00e4kt<\/strong>: Utformad f\u00f6r att l\u00e4mna munnen k\u00e4nslan av friskhet<\/li>\n<li><strong>H\u00f6g Grad av Smak\u00e5terst\u00e4llning<\/strong>: Ger en behaglig tuggupplevelse<\/li>\n<\/ul>\n<p>Med <strong>noll sackaros<\/strong> och <strong>noll transfettsyror<\/strong>, Bangking Nikotintuggummi \u00e4r ett h\u00e4lsosammare val f\u00f6r dem som vill sluta r\u00f6ka. Detta \u00e4r den perfekta l\u00f6sningen f\u00f6r individer och f\u00f6retag som vill k\u00f6pa effektivt nikotintuggummi i bulk.<\/p>\n<p>&nbsp;<\/p>\n<\/div>\n<\/div>\n<\/div>\n<\/div>\n<\/div>\n<\/div>\n<p><strong>Kontakta Amy f\u00f6r att f\u00e5 r\u00e4tt svar och vape-kupong!<\/strong><\/p>\n<p><img loading=\"lazy\" decoding=\"async\" class=\"size-full wp-image-1978\" src=\"https:\/\/rmvapesale.com\/wp-content\/uploads\/2024\/09\/Disposable-Vape-Wholesale.jpg\" alt=\"Eng\u00e5ngsvape Partihandel\" width=\"229\" height=\"300\" \/><\/p>\n<h3><a href=\"https:\/\/wa.me\/8617776015835\" target=\"_blank\" rel=\"noopener\"><span style=\"color: #ff0000\"><strong>WhatsApp: +86 17776015835<\/strong><\/span><\/a><\/h3>\n<p>&nbsp;<\/p>\n<figure id=\"attachment_2709\" aria-describedby=\"caption-attachment-2709\" style=\"width: 600px\" class=\"wp-caption alignnone\"><img loading=\"lazy\" decoding=\"async\" class=\"wp-image-2709 size-full\" src=\"https:\/\/rmvapesale.com\/wp-content\/uploads\/2024\/11\/Bang-King-Nicotine-Gum-Wholesale.jpg\" alt=\"Bang King Nikotintuggummi Grossist\" width=\"600\" height=\"600\" srcset=\"https:\/\/rmvapesale.com\/wp-content\/uploads\/2024\/11\/Bang-King-Nicotine-Gum-Wholesale.jpg 600w, https:\/\/rmvapesale.com\/wp-content\/uploads\/2024\/11\/Bang-King-Nicotine-Gum-Wholesale-300x300.jpg 300w, https:\/\/rmvapesale.com\/wp-content\/uploads\/2024\/11\/Bang-King-Nicotine-Gum-Wholesale-150x150.jpg 150w, https:\/\/rmvapesale.com\/wp-content\/uploads\/2024\/11\/Bang-King-Nicotine-Gum-Wholesale-100x100.jpg 100w\" sizes=\"auto, (max-width: 600px) 100vw, 600px\" \/><figcaption id=\"caption-attachment-2709\" class=\"wp-caption-text\">Bang King Nikotintuggummi Grossist<\/figcaption><\/figure>\n<h3><\/h3>\n<h3><strong>Varf\u00f6r V\u00e4lja Rmvapesale f\u00f6r Bang King Nikotintuggummi<\/strong><strong>\u00a0Grossist<\/strong><strong>?<\/strong><\/h3>\n<div class=\"flex-shrink-0 flex flex-col relative items-end\">\n<div class=\"pt-0\">\n<div class=\"gizmo-bot-avatar flex h-8 w-8 items-center justify-center overflow-hidden rounded-full\">\n<div class=\"relative p-1 rounded-sm flex items-center justify-center bg-token-main-surface-primary text-token-text-primary h-8 w-8\">\n<p>V\u00e4lkommen till Rmvapesale, din p\u00e5litliga vapebutik f\u00f6r f\u00f6rstklassiga eng\u00e5ngsvapes. Med \u00f6ver 5 \u00e5rs expertis, erbjuder vi popul\u00e4ra varum\u00e4rken f\u00f6r eng\u00e5ngsvapes som Al Fakher, <a href=\"https:\/\/rmvapesale.com\/sv\/product\/vapme-crystal-7000-puffs-rechargeable-disposable-vape-price\/\">Vapme<\/a>, <a href=\"https:\/\/rmvapesale.com\/sv\/product-category\/bang-vapes\/\">Bang Vape<\/a>, Waspe, <a href=\"https:\/\/rmvapesale.com\/sv\/product\/wga-crystal-pro-max-extra-15k-puffs-disposable-vape-wholesale\/\">WGA<\/a> Vape och<a href=\"https:\/\/rmvapesale.com\/sv\/product-category\/randm-fumot-vape\/\"> RandM Vape<\/a>.<\/p>\n<p>V\u00e5rt sortiment inkluderar popul\u00e4ra vapes som <a href=\"https:\/\/rmvapesale.com\/sv\/product\/fumot-digital-box-12000-disposable-vape-pink-lemonade-flavor\/\">RandM 12k<\/a> och smakrika alternativ som <a href=\"https:\/\/rmvapesale.com\/sv\/product\/elfbar-combo-25000-puffs-rechargeable-disposable-vape-wholesale\/\">ELFBAR Combo 25000 Puff<\/a>. Varje produkt \u00e4r utvald med fokus p\u00e5 kvalitet, v\u00e4rde och variation, vilket s\u00e4kerst\u00e4ller att du hittar den perfekta matchningen f\u00f6r dina behov. Uppt\u00e4ck exceptionell service och ett brett utbud av topprodukter hos Rmvapesale.<\/p>\n<\/div>\n<h3><\/h3>\n<div class=\"relative p-1 rounded-sm flex items-center justify-center bg-token-main-surface-primary text-token-text-primary h-8 w-8\">\n<h3><b>Bang King Nikotintuggummi FAQ<\/b><\/h3>\n<\/div>\n<div class=\"mb-2 flex gap-3 empty:hidden -ml-2\">\n<ol>\n<li><strong>Hur mycket nikotin finns i varje bit av Bangking Nikotintuggummi?<\/strong><br \/>\nVarje bit av Bangking Nikotintuggummi inneh\u00e5ller 4 mg nikotin, utformat f\u00f6r att hj\u00e4lpa till att minska beg\u00e4r och st\u00f6dja r\u00f6kavv\u00e4njning.<\/li>\n<li><strong>\u00c4r detta tuggummi tobaksfritt?<\/strong><br \/>\nJa, Bangking Nikotintuggummi inneh\u00e5ller inga tobaksingredienser. Det ger nikotin utan de skadliga effekterna av tobak.<\/li>\n<li><strong>Kommer detta tuggummi att missf\u00e4rga mina t\u00e4nder?<\/strong><br \/>\nNej, Bangking Nikotintuggummi \u00e4r formulerat f\u00f6r att f\u00f6rhindra svarta eller missf\u00e4rgade t\u00e4nder, s\u00e5 att du kan beh\u00e5lla ett ljust leende utan oro.<\/li>\n<li><strong>Kan jag anv\u00e4nda detta tuggummi p\u00e5 offentliga platser?<\/strong><br \/>\nAbsolut! Tuggummit \u00e4r r\u00f6kfritt och p\u00e5verkar inte andra runt omkring dig, vilket g\u00f6r det l\u00e4mpligt f\u00f6r anv\u00e4ndning i m\u00f6ten, sociala tillst\u00e4llningar och andra offentliga platser.<\/li>\n<\/ol>\n<\/div>\n<p>&nbsp;<\/p>\n<\/div>\n<\/div>\n<\/div>\n<h3>Om frakt<\/h3>\n<div class=\"flex-shrink-0 flex flex-col relative items-end\">\n<div>\n<div class=\"pt-0\">\n<div class=\"gizmo-bot-avatar flex h-8 w-8 items-center justify-center overflow-hidden rounded-full\">\n<div><\/div>\n<div class=\"relative p-1 rounded-sm flex items-center justify-center bg-token-main-surface-primary text-token-text-primary h-8 w-8\"><strong>1. Vilka fraktmetoder anv\u00e4nds?<\/strong><\/div>\n<\/div>\n<\/div>\n<\/div>\n<\/div>\n<div class=\"group\/conversation-turn relative flex w-full min-w-0 flex-col agent-turn\">\n<div class=\"flex-col gap-1 md:gap-3\">\n<div class=\"flex max-w-full flex-col flex-grow\">\n<div class=\"min-h-[20px] text-message flex w-full flex-col items-end gap-2 whitespace-normal break-words [.text-message+&amp;]:mt-5 overflow-x-auto\" dir=\"auto\" data-message-author-role=\"assistant\" data-message-id=\"22f8283b-3233-46ff-89a5-c7a41b33abda\">\n<div class=\"flex w-full flex-col gap-1 empty:hidden first:pt-[3px]\">\n<div class=\"markdown prose w-full break-words dark:prose-invert light\">\n<p>Vi samarbetar med UPS, DHL, FedEx, DPD och andra ledande transport\u00f6rer. Vi v\u00e4ljer det b\u00e4sta frakts\u00e4ttet baserat p\u00e5 din leveransadress f\u00f6r att s\u00e4kerst\u00e4lla att du f\u00e5r dina produkter s\u00e5 snabbt som m\u00f6jligt.<\/p>\n<\/div>\n<p><strong>2. Hur l\u00e5ng tid tar det att komma fram?<\/strong><\/p>\n<p>Paket som skickas till Sverige anl\u00e4nder vanligtvis inom 10 arbetsdagar. Leveranser till europeiska l\u00e4nder tar generellt cirka 12-15 arbetsdagar. Vi kommer att ge uppdateringar i realtid om din leveransstatus.<\/p>\n<\/div>\n<\/div>\n<\/div>\n<\/div>\n<\/div>\n<p>&nbsp;<\/p>\n<p>Hitta fler vape-produkter du kanske gillar:<strong><em><a href=\"https:\/\/rmvapesale.com\/sv\/shop-2\/\">handla nu &gt;&gt;&gt;<\/a><\/em><\/strong><\/p>","protected":false},"excerpt":{"rendered":"<p>Bang King Nikotintuggummi Hj\u00e4lp att sluta r\u00f6ka Tuggummi Online<br \/>\nBang King Nikotintuggummi Partihandel Eng\u00e5ngs Vape<br \/>\nBang King Ny Nikotintuggummi Tuggummifabrikpriser<\/p>\n<p><img loading=\"lazy\" decoding=\"async\" class=\"size-full wp-image-2375\" src=\"https:\/\/rmvapesale.com\/wp-content\/uploads\/2024\/10\/image.png\" alt=\"B\u00e4sta eng\u00e5ngsvape\" width=\"229\" height=\"300\" \/><\/p>\n<h3><a href=\"https:\/\/wa.me\/8617776015835\"><span style=\"color: #ff0000\"><strong>WhatsApp: +86 17776015835<\/strong><\/span><\/a><\/h3>\n<p>&nbsp;<\/p>","protected":false},"featured_media":2713,"comment_status":"open","ping_status":"closed","template":"","meta":{"_uag_custom_page_level_css":"","_lmt_disableupdate":"no","_lmt_disable":"","site-sidebar-layout":"default","site-content-layout":"content-boxed-container","ast-site-content-layout":"normal-width-container","site-content-style":"boxed","site-sidebar-style":"unboxed","ast-global-header-display":"","ast-banner-title-visibility":"","ast-main-header-display":"","ast-hfb-above-header-display":"","ast-hfb-below-header-display":"","ast-hfb-mobile-header-display":"","site-post-title":"","ast-breadcrumbs-content":"","ast-featured-img":"","footer-sml-layout":"","theme-transparent-header-meta":"default","adv-header-id-meta":"","stick-header-meta":"","header-above-stick-meta":"","header-main-stick-meta":"","header-below-stick-meta":"","astra-migrate-meta-layouts":"set","ast-page-background-enabled":"default","ast-page-background-meta":{"desktop":{"background-color":"var(--ast-global-color-4)","background-image":"","background-repeat":"repeat","background-position":"center center","background-size":"auto","background-attachment":"scroll","background-type":"","background-media":"","overlay-type":"","overlay-color":"","overlay-opacity":"","overlay-gradient":""},"tablet":{"background-color":"","background-image":"","background-repeat":"repeat","background-position":"center center","background-size":"auto","background-attachment":"scroll","background-type":"","background-media":"","overlay-type":"","overlay-color":"","overlay-opacity":"","overlay-gradient":""},"mobile":{"background-color":"","background-image":"","background-repeat":"repeat","background-position":"center center","background-size":"auto","background-attachment":"scroll","background-type":"","background-media":"","overlay-type":"","overlay-color":"","overlay-opacity":"","overlay-gradient":""}},"ast-content-background-meta":{"desktop":{"background-color":"var(--ast-global-color-5)","background-image":"","background-repeat":"repeat","background-position":"center center","background-size":"auto","background-attachment":"scroll","background-type":"","background-media":"","overlay-type":"","overlay-color":"","overlay-opacity":"","overlay-gradient":""},"tablet":{"background-color":"var(--ast-global-color-5)","background-image":"","background-repeat":"repeat","background-position":"center center","background-size":"auto","background-attachment":"scroll","background-type":"","background-media":"","overlay-type":"","overlay-color":"","overlay-opacity":"","overlay-gradient":""},"mobile":{"background-color":"var(--ast-global-color-5)","background-image":"","background-repeat":"repeat","background-position":"center center","background-size":"auto","background-attachment":"scroll","background-type":"","background-media":"","overlay-type":"","overlay-color":"","overlay-opacity":"","overlay-gradient":""}},"_joinchat":[]},"product_brand":[],"product_cat":[15,25,123,26,28,135,27,137,136,30],"product_tag":[211,210],"class_list":{"0":"post-2714","1":"product","2":"type-product","3":"status-publish","4":"has-post-thumbnail","6":"product_cat-new-vape-this-week","7":"product_cat-germany-best-selling-vape","8":"product_cat-italy-wholesale-vape","9":"product_cat-netherlands-hot-sale-vape","10":"product_cat-poland-hot-sale-vape","11":"product_cat-spain-best-hot-sale-vape","12":"product_cat-fance-hot-sale-vape","13":"product_cat-rechargeable-vapes","14":"product_cat-smart-screen-vapes","15":"product_cat-minimum-order-quantity-50pcs","16":"product_tag-bang-king-nicotine-gum","17":"product_tag-bangking-bangking","18":"desktop-align-left","19":"tablet-align-left","20":"mobile-align-left","22":"first","23":"instock","24":"sale","25":"shipping-taxable","26":"purchasable","27":"product-type-simple"},"uagb_featured_image_src":{"full":["https:\/\/rmvapesale.com\/wp-content\/uploads\/2024\/11\/Bang-Vape-Bang-King-Nicotine-Gum.jpg",600,600,false],"thumbnail":["https:\/\/rmvapesale.com\/wp-content\/uploads\/2024\/11\/Bang-Vape-Bang-King-Nicotine-Gum-150x150.jpg",150,150,true],"medium":["https:\/\/rmvapesale.com\/wp-content\/uploads\/2024\/11\/Bang-Vape-Bang-King-Nicotine-Gum-300x300.jpg",300,300,true],"medium_large":["https:\/\/rmvapesale.com\/wp-content\/uploads\/2024\/11\/Bang-Vape-Bang-King-Nicotine-Gum.jpg",600,600,false],"large":["https:\/\/rmvapesale.com\/wp-content\/uploads\/2024\/11\/Bang-Vape-Bang-King-Nicotine-Gum.jpg",600,600,false],"1536x1536":["https:\/\/rmvapesale.com\/wp-content\/uploads\/2024\/11\/Bang-Vape-Bang-King-Nicotine-Gum.jpg",600,600,false],"2048x2048":["https:\/\/rmvapesale.com\/wp-content\/uploads\/2024\/11\/Bang-Vape-Bang-King-Nicotine-Gum.jpg",600,600,false],"trp-custom-language-flag":["https:\/\/rmvapesale.com\/wp-content\/uploads\/2024\/11\/Bang-Vape-Bang-King-Nicotine-Gum.jpg",12,12,false],"woocommerce_thumbnail":["https:\/\/rmvapesale.com\/wp-content\/uploads\/2024\/11\/Bang-Vape-Bang-King-Nicotine-Gum-300x300.jpg",300,300,true],"woocommerce_single":["https:\/\/rmvapesale.com\/wp-content\/uploads\/2024\/11\/Bang-Vape-Bang-King-Nicotine-Gum.jpg",600,600,false],"woocommerce_gallery_thumbnail":["https:\/\/rmvapesale.com\/wp-content\/uploads\/2024\/11\/Bang-Vape-Bang-King-Nicotine-Gum-100x100.jpg",100,100,true],"wcpr-photo-reviews":["https:\/\/rmvapesale.com\/wp-content\/uploads\/2024\/11\/Bang-Vape-Bang-King-Nicotine-Gum.jpg",500,500,false]},"uagb_author_info":{"display_name":"AMY","author_link":"https:\/\/rmvapesale.com\/sv\/author\/"},"uagb_comment_info":0,"uagb_excerpt":"Bang King Nicotine Gum Help Stop Smoking Gum Online Bang King Nicotine Gum Wholesale Disposable Vape Bang King New Nicotine Chewing Gum Chewing Factory Price WhatsApp: +86 17776015835 &nbsp;","_links":{"self":[{"href":"https:\/\/rmvapesale.com\/sv\/wp-json\/wp\/v2\/product\/2714","targetHints":{"allow":["GET"]}}],"collection":[{"href":"https:\/\/rmvapesale.com\/sv\/wp-json\/wp\/v2\/product"}],"about":[{"href":"https:\/\/rmvapesale.com\/sv\/wp-json\/wp\/v2\/types\/product"}],"replies":[{"embeddable":true,"href":"https:\/\/rmvapesale.com\/sv\/wp-json\/wp\/v2\/comments?post=2714"}],"wp:featuredmedia":[{"embeddable":true,"href":"https:\/\/rmvapesale.com\/sv\/wp-json\/wp\/v2\/media\/2713"}],"wp:attachment":[{"href":"https:\/\/rmvapesale.com\/sv\/wp-json\/wp\/v2\/media?parent=2714"}],"wp:term":[{"taxonomy":"product_brand","embeddable":true,"href":"https:\/\/rmvapesale.com\/sv\/wp-json\/wp\/v2\/product_brand?post=2714"},{"taxonomy":"product_cat","embeddable":true,"href":"https:\/\/rmvapesale.com\/sv\/wp-json\/wp\/v2\/product_cat?post=2714"},{"taxonomy":"product_tag","embeddable":true,"href":"https:\/\/rmvapesale.com\/sv\/wp-json\/wp\/v2\/product_tag?post=2714"}],"curies":[{"name":"wp","href":"https:\/\/api.w.org\/{rel}","templated":true}]}}