{"id":2738,"date":"2024-11-15T08:19:48","date_gmt":"2024-11-15T08:19:48","guid":{"rendered":"https:\/\/rmvapesale.com\/?post_type=product&#038;p=2738"},"modified":"2024-11-15T08:43:47","modified_gmt":"2024-11-15T08:43:47","slug":"fumot-randm-12000-strawberry-kiwi-flavor-disposable-vape-wholesale-netherlands","status":"publish","type":"product","link":"https:\/\/rmvapesale.com\/sv\/product\/fumot-randm-12000-strawberry-kiwi-flavor-disposable-vape-wholesale-netherlands\/","title":{"rendered":"Fumot RandM 12000 Jordgubbskiwi Smak Eng\u00e5ngs Vape Grossist Nederl\u00e4nderna"},"content":{"rendered":"<div class=\"B2VR9 CJHX3e\">\n<div class=\"wyccme\">\n<h1 class=\"LC20lb MBeuO DKV0Md\">Fumot RandM 12000 Jordgubbskiwi Smak Eng\u00e5ngs Vape Grossist Nederl\u00e4nderna<\/h1>\n<div class=\"flex-shrink-0 flex flex-col relative items-end\">\n<div class=\"pt-0\">\n<div class=\"gizmo-bot-avatar flex h-8 w-8 items-center justify-center overflow-hidden rounded-full\">\n<div class=\"relative p-1 rounded-sm flex items-center justify-center bg-token-main-surface-primary text-token-text-primary h-8 w-8\">\n<p>&nbsp;<\/p>\n<p>Upplev den livliga blandningen av jordgubb och kiwi med Fumot RandM 12000 Jordgubb Kiwi Smak Eng\u00e5ngs Vape, designad f\u00f6r att leverera upp till 12 000 bloss av rik och tillfredsst\u00e4llande smak. Denna eng\u00e5ngs vape \u00e4r idealisk f\u00f6r grossist i Sverige och erbjuder en l\u00e5ngvarig vapingl\u00f6sning som \u00e4r perfekt f\u00f6r b\u00e5de nya och erfarna anv\u00e4ndare. Med sin 20 ml e-juice kapacitet och tillg\u00e4ngliga nikotinstyrkor p\u00e5 0%, 2%, 3% eller 5%, tillgodoser denna enhet olika preferenser, vilket ger anv\u00e4ndarna m\u00f6jlighet att v\u00e4lja den intensitet som passar dem b\u00e4st. Det kraftfulla 850mAh uppladdningsbara batteriet, parat med en bekv\u00e4m Type-C laddningsport, s\u00e4kerst\u00e4ller att du kan njuta av oavbruten vaping med minimal stillest\u00e5ndstid.<\/p>\n<p>Fumot RandM 12000 Jordgubb Kiwi Smak Eng\u00e5ngs Vape har ocks\u00e5 en digital display som ger realtidsuppdateringar om batteritid och e-v\u00e4tskeniv\u00e5er, s\u00e5 att du alltid har kontroll. Denna vape \u00e4r konstruerad med avancerad mesh-spolteknik och levererar en mjuk och smakrik \u00e5nga, vilket f\u00f6rst\u00e4rker den naturliga s\u00f6tman och syrligheten i jordgubb-kiwi-blandningen. Varje enhet \u00e4r utformad f\u00f6r bekv\u00e4mlighet, \u00e4r f\u00f6rfylld och dess kompakta, ergonomiska design g\u00f6r den l\u00e4tt att b\u00e4ra. Oavsett om du letar efter en l\u00f6sning f\u00f6r n\u00e4r du \u00e4r p\u00e5 spr\u00e5ng eller en smakrik, h\u00f6gpresterande vape, \u00e4r denna RandM 12000 Jordgubb kiwi vape-enhet perfekt f\u00f6r grossistbest\u00e4llningar f\u00f6r att m\u00f6ta kundernas efterfr\u00e5gan.<\/p>\n<\/div>\n<\/div>\n<\/div>\n<\/div>\n<\/div>\n<\/div>\n<p><strong>Kontakta Amy f\u00f6r att f\u00e5 r\u00e4tt svar och vape-kupong!<\/strong><\/p>\n<p><img loading=\"lazy\" decoding=\"async\" class=\"size-full wp-image-1978\" src=\"https:\/\/rmvapesale.com\/wp-content\/uploads\/2024\/09\/Disposable-Vape-Wholesale.jpg\" alt=\"Eng\u00e5ngsvape Partihandel\" width=\"229\" height=\"300\" \/><\/p>\n<h3><a href=\"https:\/\/wa.me\/8617776015835\" target=\"_blank\" rel=\"noopener\"><span style=\"color: #ff0000\"><strong>WhatsApp: +86 17776015835<\/strong><\/span><\/a><\/h3>\n<p>&nbsp;<\/p>\n<h2><\/h2>\n<h2><strong>Randm 12000 Puffs Viktiga Funktioner<\/strong><\/h2>\n<ul>\n<li>Upp till 12 000 bloss per enhet<\/li>\n<li>Digital display visar batteri- och e-v\u00e4tskeniv\u00e5er<\/li>\n<li>Jordgubb Kiwi-smak med 20 ml e-juice kapacitet<\/li>\n<li>Uppladdningsbart 850mAh batteri med Type-C-port<\/li>\n<li>Finns i 0%, 2%, 3% och 5% nikotin<\/li>\n<\/ul>\n<figure id=\"attachment_2731\" aria-describedby=\"caption-attachment-2731\" style=\"width: 800px\" class=\"wp-caption alignnone\"><img loading=\"lazy\" decoding=\"async\" class=\"wp-image-2731 size-full\" src=\"https:\/\/rmvapesale.com\/wp-content\/uploads\/2024\/11\/RandM-12000-Disposable-Vape-Bulk-Buy.jpg\" alt=\"RandM 12000 Eng\u00e5ngs Vape Bulk K\u00f6p\" width=\"800\" height=\"800\" srcset=\"https:\/\/rmvapesale.com\/wp-content\/uploads\/2024\/11\/RandM-12000-Disposable-Vape-Bulk-Buy.jpg 800w, https:\/\/rmvapesale.com\/wp-content\/uploads\/2024\/11\/RandM-12000-Disposable-Vape-Bulk-Buy-300x300.jpg 300w, https:\/\/rmvapesale.com\/wp-content\/uploads\/2024\/11\/RandM-12000-Disposable-Vape-Bulk-Buy-150x150.jpg 150w, https:\/\/rmvapesale.com\/wp-content\/uploads\/2024\/11\/RandM-12000-Disposable-Vape-Bulk-Buy-768x768.jpg 768w, https:\/\/rmvapesale.com\/wp-content\/uploads\/2024\/11\/RandM-12000-Disposable-Vape-Bulk-Buy-600x600.jpg 600w, https:\/\/rmvapesale.com\/wp-content\/uploads\/2024\/11\/RandM-12000-Disposable-Vape-Bulk-Buy-100x100.jpg 100w\" sizes=\"auto, (max-width: 800px) 100vw, 800px\" \/><figcaption id=\"caption-attachment-2731\" class=\"wp-caption-text\">RandM 12000 Eng\u00e5ngs Vape Bulk K\u00f6p<\/figcaption><\/figure>\n<h2><strong>Toppsmak f\u00f6r Fumot 12000 Puffs<\/strong><\/h2>\n<p>1 Cool Mint <span style=\"color: #ff0000\"><strong>&gt;&gt;&gt;&gt; Het!<\/strong><\/span><br \/>\n2 Vattenmelon Is<br \/>\n3 Druv Is<br \/>\n4 Bl\u00e5b\u00e4r Hallon <span style=\"color: #ff0000\"><strong>&gt;&gt;&gt;&gt; Het!<\/strong><\/span><br \/>\n5 Jordgubbsvattenmelon<br \/>\n6 Jordgubbsbanan<br \/>\n7 Frodig Is<br \/>\n8 K\u00f6rsb\u00e4r<br \/>\n9 Jordgubbsis<br \/>\n10 Isglass<br \/>\n11 Rosa Lemonad <span style=\"color: #ff0000\"><strong>&gt;&gt;&gt;&gt; Het!<\/strong><\/span><br \/>\n12 Mango p\u00e5 is<br \/>\n13 Blandade B\u00e4r<br \/>\n14 Jordgubbsmunk<br \/>\n15 Jordgubbsdruva<br \/>\n16 K\u00f6rsb\u00e4rscola<br \/>\n17 Dr bl\u00e5<br \/>\n18 Bl\u00e5b\u00e4r p\u00e5 is <span style=\"color: #ff0000\"><strong>&gt;&gt;&gt;&gt; Het!<\/strong><\/span><br \/>\n19 Kiwi passionsfrukt guava<br \/>\n20 Jordgubbskiwi<br \/>\n21 Persika mango<br \/>\n22 Persika is<br \/>\n23 R\u00f6tt \u00c4pple is<br \/>\n24 Bl\u00e5b\u00e4rstuggummi <span style=\"color: #ff0000\"><strong>&gt;&gt;&gt;&gt; B\u00e4st!<\/strong><\/span><br \/>\n25 B\u00e4rlemonad<br \/>\n26 Bl\u00e5 hallonlemonad<br \/>\n27 Sura bl\u00e5hallon<br \/>\n28 Jordgubb Red Bull<br \/>\n29 \u00c4pple- och b\u00e4rsm\u00e4ll<br \/>\n30 Vattenmelon bubbelgum<br \/>\n31 Hallon vattenmelon<br \/>\n32 Svart is<br \/>\n33 Bl\u00e5b\u00e4r k\u00f6rsb\u00e4r tranb\u00e4r<br \/>\n34 Jordgubb granat\u00e4pple<br \/>\n35 Vimto<br \/>\n36 K\u00f6rsb\u00e4rsb\u00e4r<br \/>\n37 Citron<br \/>\n38 Bingo Crush<br \/>\n39 Bl\u00e5b\u00e4r kiwi<br \/>\n40 \u00c4pple Kanel<\/p>\n<h3><\/h3>\n<h3><strong>Varf\u00f6r v\u00e4lja Rmvapesale f\u00f6r RandM Digital Box 12000 <\/strong><strong>V<\/strong><strong>Vape Partihandel<\/strong><strong>?<\/strong><\/h3>\n<div class=\"flex-shrink-0 flex flex-col relative items-end\">\n<div class=\"pt-0\">\n<div class=\"gizmo-bot-avatar flex h-8 w-8 items-center justify-center overflow-hidden rounded-full\">\n<div class=\"relative p-1 rounded-sm flex items-center justify-center bg-token-main-surface-primary text-token-text-primary h-8 w-8\">\n<p>V\u00e4lkommen till Rmvapesale, din p\u00e5litliga vapebutik f\u00f6r f\u00f6rstklassiga eng\u00e5ngsvapes. Med \u00f6ver 5 \u00e5rs expertis, erbjuder vi popul\u00e4ra varum\u00e4rken f\u00f6r eng\u00e5ngsvapes som Al Fakher, <a href=\"https:\/\/rmvapesale.com\/sv\/product\/vapme-crystal-7000-puffs-rechargeable-disposable-vape-price\/\">Vapme<\/a>, <a href=\"https:\/\/rmvapesale.com\/sv\/product-category\/bang-vapes\/\">Bang Vape<\/a>, Waspe, <a href=\"https:\/\/rmvapesale.com\/sv\/product\/wga-crystal-pro-max-extra-15k-puffs-disposable-vape-wholesale\/\">WGA<\/a> Vape och<a href=\"https:\/\/rmvapesale.com\/sv\/product-category\/randm-fumot-vape\/\"> RandM Vape<\/a>.<\/p>\n<p>V\u00e5rt sortiment inkluderar popul\u00e4ra vapes som <a href=\"https:\/\/rmvapesale.com\/sv\/product\/fumot-digital-box-12000-disposable-vape-pink-lemonade-flavor\/\">RandM 12000 Bloss<\/a> och smakrika alternativ som <a href=\"https:\/\/rmvapesale.com\/sv\/product\/wga-crystal-pro-max-extra-15k-puffs-disposable-vape-wholesale\/\">WGA 15K<\/a>. Varje produkt \u00e4r utvald med fokus p\u00e5 kvalitet, v\u00e4rde och variation, vilket s\u00e4kerst\u00e4ller att du hittar den perfekta matchningen f\u00f6r dina behov. Uppt\u00e4ck exceptionell service och ett brett utbud av topprodukter hos Rmvapesale.<\/p>\n<\/div>\n<h3><\/h3>\n<div class=\"relative p-1 rounded-sm flex items-center justify-center bg-token-main-surface-primary text-token-text-primary h-8 w-8\">\n<h3><b>RandM 12000 Bloss Uppladdningsbar Eng\u00e5ngs Vape Vanliga Fr\u00e5gor<\/b><\/h3>\n<div class=\"group\/conversation-turn relative flex w-full min-w-0 flex-col agent-turn\">\n<div class=\"flex-col gap-1 md:gap-3\">\n<div class=\"flex max-w-full flex-col flex-grow\">\n<div class=\"min-h-8 text-message flex w-full flex-col items-end gap-2 whitespace-normal break-words [.text-message+&amp;]:mt-5\" dir=\"auto\" data-message-author-role=\"assistant\" data-message-id=\"00c9b302-bc9c-4550-94ba-5a295efa2be3\" data-message-model-slug=\"gpt-4o\">\n<div class=\"flex w-full flex-col gap-1 empty:hidden first:pt-[3px]\">\n<div class=\"markdown prose w-full break-words dark:prose-invert light\">\n<div class=\"flex-shrink-0 flex flex-col relative items-end\">\n<div>\n<div class=\"pt-0\">\n<div class=\"gizmo-bot-avatar flex h-8 w-8 items-center justify-center overflow-hidden rounded-full\">\n<div class=\"relative p-1 rounded-sm flex items-center justify-center bg-token-main-surface-primary text-token-text-primary h-8 w-8\"><\/div>\n<\/div>\n<\/div>\n<\/div>\n<\/div>\n<div class=\"group\/conversation-turn relative flex w-full min-w-0 flex-col agent-turn\">\n<div class=\"flex-col gap-1 md:gap-3\">\n<div class=\"flex max-w-full flex-col flex-grow\">\n<div class=\"min-h-8 text-message flex w-full flex-col items-end gap-2 whitespace-normal break-words [.text-message+&amp;]:mt-5\" dir=\"auto\" data-message-author-role=\"assistant\" data-message-id=\"a3dc01bd-23b0-4fd7-bb9a-7827522cefd8\" data-message-model-slug=\"gpt-4o\">\n<div class=\"flex w-full flex-col gap-1 empty:hidden first:pt-[3px]\">\n<div class=\"markdown prose w-full break-words dark:prose-invert light\">\n<ul>\n<li><strong>Hur m\u00e5nga bloss ger Fumot 12000 uppladdningsbara Vape?<\/strong><br \/>\nFumot 12000 uppladdningsbara Vape ger upp till <strong>12 000 bloss<\/strong>, vilket ger en l\u00e5ngvarig vapingupplevelse.<\/li>\n<li><strong>Vilka \u00e4r de popul\u00e4ra smakerna f\u00f6r RandM 12000 Digital Box vape?<\/strong><br \/>\nPopul\u00e4ra smaker f\u00f6r RandM 12000 Digital Box Vape inkluderar <strong>Jordgubb Kiwi<\/strong> och <strong>Jordgubb Vattenmelon<\/strong>. Dessa smaker \u00e4r s\u00e4rskilt popul\u00e4ra p\u00e5 grund av deras balanserade och uppfriskande smakprofiler.<\/li>\n<li><strong>Hur vet jag n\u00e4r min Fumot Vape 12000 Digital Box \u00e4r tom?<\/strong><br \/>\nFumot 12000 Digital Box Vape har en <strong>digital display<\/strong> som visar e-v\u00e4tskeniv\u00e5er. N\u00e4r e-v\u00e4tskeniv\u00e5n \u00e4r l\u00e5g eller \u00e5ngproduktionen minskar betydligt \u00e4r det ett tecken p\u00e5 att enheten snart \u00e4r tom.<\/li>\n<li><strong>Hur mycket nikotin finns det i en Fumot 12000 Puffs Disposable Vapes?<\/strong><br \/>\nFumot 12000 Disposable Vape erbjuder nikotinstyrkor p\u00e5 <strong>0%, 2%, 3% och 5%<\/strong>, som tillgodoser ett brett spektrum av anv\u00e4ndarpreferenser.<\/li>\n<li><strong>Hur l\u00e5ng tid tar det att ladda Fumot 12000 eng\u00e5ngsvape helt?<\/strong><br \/>\nAtt ladda Fumot 12000 Disposable Vape tar vanligtvis cirka <strong>1 till 1,5 timmar<\/strong> med Type-C-porten, beroende p\u00e5 vilken laddare som anv\u00e4nds.<\/li>\n<li><strong>Var kan man k\u00f6pa Fumot RandM Digital Box 12000 Vapes till grossistpris?<\/strong><br \/>\nF\u00f6r grossistpriser p\u00e5 Fumot RandM Digital Box 12000 Vapes, bes\u00f6k <strong>Rmvapesale online vapebutik<\/strong> f\u00f6r de b\u00e4sta erbjudandena och alternativ f\u00f6r bulkk\u00f6p.<\/li>\n<li><strong>Kan jag ta med en eng\u00e5ngsvape p\u00e5 ett flygplan?<\/strong><br \/>\nJa, du kan ta med dig en eng\u00e5ngsvape p\u00e5 ett flygplan. Den ska dock f\u00f6rvaras i ditt <strong>handbagage<\/strong>eftersom de flesta flygbolag f\u00f6rbjuder vape-enheter i incheckat bagage p\u00e5 grund av batteris\u00e4kerhetsbest\u00e4mmelser.<\/li>\n<\/ul>\n<\/div>\n<\/div>\n<\/div>\n<\/div>\n<\/div>\n<\/div>\n<\/div>\n<\/div>\n<\/div>\n<\/div>\n<\/div>\n<\/div>\n<\/div>\n<div class=\"mb-2 flex gap-3 empty:hidden -ml-2\"><\/div>\n<p>&nbsp;<\/p>\n<\/div>\n<\/div>\n<\/div>\n<h3>Om frakt<\/h3>\n<div class=\"flex-shrink-0 flex flex-col relative items-end\">\n<div>\n<div class=\"pt-0\">\n<div class=\"gizmo-bot-avatar flex h-8 w-8 items-center justify-center overflow-hidden rounded-full\">\n<div><\/div>\n<div class=\"relative p-1 rounded-sm flex items-center justify-center bg-token-main-surface-primary text-token-text-primary h-8 w-8\"><strong>1. Vilka fraktmetoder anv\u00e4nds?<\/strong><\/div>\n<\/div>\n<\/div>\n<\/div>\n<\/div>\n<div class=\"group\/conversation-turn relative flex w-full min-w-0 flex-col agent-turn\">\n<div class=\"flex-col gap-1 md:gap-3\">\n<div class=\"flex max-w-full flex-col flex-grow\">\n<div class=\"min-h-[20px] text-message flex w-full flex-col items-end gap-2 whitespace-normal break-words [.text-message+&amp;]:mt-5 overflow-x-auto\" dir=\"auto\" data-message-author-role=\"assistant\" data-message-id=\"22f8283b-3233-46ff-89a5-c7a41b33abda\">\n<div class=\"flex w-full flex-col gap-1 empty:hidden first:pt-[3px]\">\n<div class=\"markdown prose w-full break-words dark:prose-invert light\">\n<p>Vi samarbetar med UPS, DHL, FedEx, DPD och andra ledande transport\u00f6rer. Vi v\u00e4ljer det b\u00e4sta frakts\u00e4ttet baserat p\u00e5 din leveransadress f\u00f6r att s\u00e4kerst\u00e4lla att du f\u00e5r dina produkter s\u00e5 snabbt som m\u00f6jligt.<\/p>\n<\/div>\n<p><strong>2. Hur l\u00e5ng tid tar det att komma fram?<\/strong><\/p>\n<p>Paket som skickas till Sverige anl\u00e4nder vanligtvis inom 10 arbetsdagar. Leveranser till europeiska l\u00e4nder tar generellt cirka 12-15 arbetsdagar. Vi kommer att ge uppdateringar i realtid om din leveransstatus.<\/p>\n<\/div>\n<\/div>\n<\/div>\n<\/div>\n<\/div>\n<p>&nbsp;<\/p>\n<p>Hitta fler vape-produkter du kanske gillar:<strong><em><a href=\"https:\/\/rmvapesale.com\/sv\/shop-2\/\">handla nu &gt;&gt;&gt;<\/a><\/em><\/strong><\/p>","protected":false},"excerpt":{"rendered":"<p>Fumot Digital Box 12000 Eng\u00e5ngsvape<br \/>\nRandM Vape Fumot Digital Box 12000 Puff K\u00f6p i Storpack<br \/>\nFumot 12000 Eng\u00e5ngs Vape Alla Smaker i Lager Grossist<\/p>\n<p><img loading=\"lazy\" decoding=\"async\" class=\"size-full wp-image-2375\" src=\"https:\/\/rmvapesale.com\/wp-content\/uploads\/2024\/10\/image.png\" alt=\"B\u00e4sta eng\u00e5ngsvape\" width=\"229\" height=\"300\" \/><\/p>\n<h3><a href=\"https:\/\/wa.me\/8617776015835\"><span style=\"color: #ff0000\"><strong>WhatsApp: +86 17776015835<\/strong><\/span><\/a><\/h3>\n<p>&nbsp;<\/p>","protected":false},"featured_media":2730,"comment_status":"open","ping_status":"closed","template":"","meta":{"_uag_custom_page_level_css":"","_lmt_disableupdate":"no","_lmt_disable":"","site-sidebar-layout":"default","site-content-layout":"content-boxed-container","ast-site-content-layout":"normal-width-container","site-content-style":"boxed","site-sidebar-style":"unboxed","ast-global-header-display":"","ast-banner-title-visibility":"","ast-main-header-display":"","ast-hfb-above-header-display":"","ast-hfb-below-header-display":"","ast-hfb-mobile-header-display":"","site-post-title":"","ast-breadcrumbs-content":"","ast-featured-img":"","footer-sml-layout":"","theme-transparent-header-meta":"default","adv-header-id-meta":"","stick-header-meta":"","header-above-stick-meta":"","header-main-stick-meta":"","header-below-stick-meta":"","astra-migrate-meta-layouts":"set","ast-page-background-enabled":"default","ast-page-background-meta":{"desktop":{"background-color":"var(--ast-global-color-4)","background-image":"","background-repeat":"repeat","background-position":"center center","background-size":"auto","background-attachment":"scroll","background-type":"","background-media":"","overlay-type":"","overlay-color":"","overlay-opacity":"","overlay-gradient":""},"tablet":{"background-color":"","background-image":"","background-repeat":"repeat","background-position":"center center","background-size":"auto","background-attachment":"scroll","background-type":"","background-media":"","overlay-type":"","overlay-color":"","overlay-opacity":"","overlay-gradient":""},"mobile":{"background-color":"","background-image":"","background-repeat":"repeat","background-position":"center center","background-size":"auto","background-attachment":"scroll","background-type":"","background-media":"","overlay-type":"","overlay-color":"","overlay-opacity":"","overlay-gradient":""}},"ast-content-background-meta":{"desktop":{"background-color":"var(--ast-global-color-5)","background-image":"","background-repeat":"repeat","background-position":"center center","background-size":"auto","background-attachment":"scroll","background-type":"","background-media":"","overlay-type":"","overlay-color":"","overlay-opacity":"","overlay-gradient":""},"tablet":{"background-color":"var(--ast-global-color-5)","background-image":"","background-repeat":"repeat","background-position":"center center","background-size":"auto","background-attachment":"scroll","background-type":"","background-media":"","overlay-type":"","overlay-color":"","overlay-opacity":"","overlay-gradient":""},"mobile":{"background-color":"var(--ast-global-color-5)","background-image":"","background-repeat":"repeat","background-position":"center center","background-size":"auto","background-attachment":"scroll","background-type":"","background-media":"","overlay-type":"","overlay-color":"","overlay-opacity":"","overlay-gradient":""}},"_joinchat":[]},"product_brand":[],"product_cat":[15,51,25,123,26,28,135,27,31,137,136,30],"product_tag":[212,214,39,213,38],"class_list":{"0":"post-2738","1":"product","2":"type-product","3":"status-publish","4":"has-post-thumbnail","6":"product_cat-new-vape-this-week","7":"product_cat-fumot-vape","8":"product_cat-germany-best-selling-vape","9":"product_cat-italy-wholesale-vape","10":"product_cat-netherlands-hot-sale-vape","11":"product_cat-poland-hot-sale-vape","12":"product_cat-spain-best-hot-sale-vape","13":"product_cat-fance-hot-sale-vape","14":"product_cat-randm-fumot-vape","15":"product_cat-rechargeable-vapes","16":"product_cat-smart-screen-vapes","17":"product_cat-minimum-order-quantity-50pcs","18":"product_tag-fumot-12000","19":"product_tag-fumot-12k","20":"product_tag-fumot-vape","21":"product_tag-randm-12000","22":"product_tag-randm-vape","23":"desktop-align-left","24":"tablet-align-left","25":"mobile-align-left","27":"first","28":"instock","29":"sale","30":"shipping-taxable","31":"purchasable","32":"product-type-simple"},"uagb_featured_image_src":{"full":["https:\/\/rmvapesale.com\/wp-content\/uploads\/2024\/11\/Fumot-12000-Disposable-Vape-Wholesale.jpg",800,800,false],"thumbnail":["https:\/\/rmvapesale.com\/wp-content\/uploads\/2024\/11\/Fumot-12000-Disposable-Vape-Wholesale-150x150.jpg",150,150,true],"medium":["https:\/\/rmvapesale.com\/wp-content\/uploads\/2024\/11\/Fumot-12000-Disposable-Vape-Wholesale-300x300.jpg",300,300,true],"medium_large":["https:\/\/rmvapesale.com\/wp-content\/uploads\/2024\/11\/Fumot-12000-Disposable-Vape-Wholesale-768x768.jpg",768,768,true],"large":["https:\/\/rmvapesale.com\/wp-content\/uploads\/2024\/11\/Fumot-12000-Disposable-Vape-Wholesale.jpg",800,800,false],"1536x1536":["https:\/\/rmvapesale.com\/wp-content\/uploads\/2024\/11\/Fumot-12000-Disposable-Vape-Wholesale.jpg",800,800,false],"2048x2048":["https:\/\/rmvapesale.com\/wp-content\/uploads\/2024\/11\/Fumot-12000-Disposable-Vape-Wholesale.jpg",800,800,false],"trp-custom-language-flag":["https:\/\/rmvapesale.com\/wp-content\/uploads\/2024\/11\/Fumot-12000-Disposable-Vape-Wholesale.jpg",12,12,false],"woocommerce_thumbnail":["https:\/\/rmvapesale.com\/wp-content\/uploads\/2024\/11\/Fumot-12000-Disposable-Vape-Wholesale-300x300.jpg",300,300,true],"woocommerce_single":["https:\/\/rmvapesale.com\/wp-content\/uploads\/2024\/11\/Fumot-12000-Disposable-Vape-Wholesale-600x600.jpg",600,600,true],"woocommerce_gallery_thumbnail":["https:\/\/rmvapesale.com\/wp-content\/uploads\/2024\/11\/Fumot-12000-Disposable-Vape-Wholesale-100x100.jpg",100,100,true],"wcpr-photo-reviews":["https:\/\/rmvapesale.com\/wp-content\/uploads\/2024\/11\/Fumot-12000-Disposable-Vape-Wholesale.jpg",500,500,false]},"uagb_author_info":{"display_name":"AMY","author_link":"https:\/\/rmvapesale.com\/sv\/author\/"},"uagb_comment_info":0,"uagb_excerpt":"Fumot Digital Box 12000 Disposable Vape RandM Vape Fumot Digital Box 12000 Puff Bulk Buy Fumot 12000 Disposable Vape All Flavor in Stock Wholesale WhatsApp: +86 17776015835 &nbsp;","_links":{"self":[{"href":"https:\/\/rmvapesale.com\/sv\/wp-json\/wp\/v2\/product\/2738","targetHints":{"allow":["GET"]}}],"collection":[{"href":"https:\/\/rmvapesale.com\/sv\/wp-json\/wp\/v2\/product"}],"about":[{"href":"https:\/\/rmvapesale.com\/sv\/wp-json\/wp\/v2\/types\/product"}],"replies":[{"embeddable":true,"href":"https:\/\/rmvapesale.com\/sv\/wp-json\/wp\/v2\/comments?post=2738"}],"wp:featuredmedia":[{"embeddable":true,"href":"https:\/\/rmvapesale.com\/sv\/wp-json\/wp\/v2\/media\/2730"}],"wp:attachment":[{"href":"https:\/\/rmvapesale.com\/sv\/wp-json\/wp\/v2\/media?parent=2738"}],"wp:term":[{"taxonomy":"product_brand","embeddable":true,"href":"https:\/\/rmvapesale.com\/sv\/wp-json\/wp\/v2\/product_brand?post=2738"},{"taxonomy":"product_cat","embeddable":true,"href":"https:\/\/rmvapesale.com\/sv\/wp-json\/wp\/v2\/product_cat?post=2738"},{"taxonomy":"product_tag","embeddable":true,"href":"https:\/\/rmvapesale.com\/sv\/wp-json\/wp\/v2\/product_tag?post=2738"}],"curies":[{"name":"wp","href":"https:\/\/api.w.org\/{rel}","templated":true}]}}