{"id":2751,"date":"2024-11-18T03:50:24","date_gmt":"2024-11-18T03:50:24","guid":{"rendered":"https:\/\/rmvapesale.com\/?post_type=product&#038;p=2751"},"modified":"2024-11-18T07:14:21","modified_gmt":"2024-11-18T07:14:21","slug":"jnr-falcon-x-18000-puffs-rechargeable-disposable-vape-wholesale-cheap-price","status":"publish","type":"product","link":"https:\/\/rmvapesale.com\/sv\/product\/jnr-falcon-x-18000-puffs-rechargeable-disposable-vape-wholesale-cheap-price\/","title":{"rendered":"JNR Falcon X 18000 Puffs Uppladdningsbar Eng\u00e5ngsvape Grossist Billigt Pris"},"content":{"rendered":"<div class=\"B2VR9 CJHX3e\">\n<div class=\"wyccme\">\n<h1 class=\"LC20lb MBeuO DKV0Md\">JNR Falcon X 18000 Puffs Uppladdningsbar Eng\u00e5ngsvape Grossist Billigt Pris<\/h1>\n<div class=\"flex-shrink-0 flex flex-col relative items-end\">\n<div class=\"pt-0\">\n<div class=\"gizmo-bot-avatar flex h-8 w-8 items-center justify-center overflow-hidden rounded-full\">\n<div class=\"relative p-1 rounded-sm flex items-center justify-center bg-token-main-surface-primary text-token-text-primary h-8 w-8\">\n<p>Den <strong>JNR Falcon X 18000 Puffar uppladdningsbar eng\u00e5ngsvape <\/strong>\u00e4r en avancerad enhet utformad f\u00f6r att leverera upp till otroliga <strong>18 000 puffar<\/strong> av tillfredsst\u00e4llande, smakrik vaping. F\u00f6rfylld med <strong>24 ml av premium e-juice<\/strong>, denna enhet finns i ett utbud av 2% <strong>l\u00e5ga nikotinalternativ<\/strong> som tillgodoser varje preferens. Den eleganta, kristallklara designen \u00e4r lika stilren som den \u00e4r funktionell, vilket g\u00f6r att du enkelt kan \u00f6vervaka kvarvarande e-juice. V\u00e4lj bland ett urval av <strong>28 premiumsmaker<\/strong>, inklusive kundfavoriter som <strong>Jordgubb Kiwi<\/strong>, <strong>Bl\u00e5 Hallon Is<\/strong>, och <strong>K\u00f6rsb\u00e4r Cola<\/strong>, f\u00f6r en of\u00f6rgl\u00f6mlig vapingupplevelse anpassad efter din smak.<\/p>\n<p>Den <strong>JNR 18000 Eng\u00e5ngsvape<\/strong> drivs av ett l\u00e5ngvarigt <strong>950mAh uppladdningsbart batteri<\/strong>, vilket s\u00e4kerst\u00e4ller konsekvent prestanda fr\u00e5n f\u00f6rsta till sista puffen. En inbyggd sk\u00e4rm h\u00e5ller dig informerad om b\u00e5de batteri- och e-juice-niv\u00e5er, s\u00e5 du aldrig blir \u00f6verraskad. Perfekt f\u00f6r grossistk\u00f6pare, denna JNR 18000-vape \u00e4r ett sj\u00e4lvklart val f\u00f6r kunder som s\u00f6ker en h\u00f6gkapacitets, p\u00e5litlig vape som kombinerar bekv\u00e4mlighet, stil och exceptionellt v\u00e4rde.<\/p>\n<\/div>\n<\/div>\n<\/div>\n<\/div>\n<\/div>\n<\/div>\n<p><strong>Kontakta Amy f\u00f6r att f\u00e5 r\u00e4tt svar och vape-kupong!<\/strong><\/p>\n<p><img loading=\"lazy\" decoding=\"async\" class=\"size-full wp-image-1978\" src=\"https:\/\/rmvapesale.com\/wp-content\/uploads\/2024\/09\/Disposable-Vape-Wholesale.jpg\" alt=\"Eng\u00e5ngsvape Partihandel\" width=\"229\" height=\"300\" \/><\/p>\n<h3><a href=\"https:\/\/wa.me\/8617776015835\" target=\"_blank\" rel=\"noopener\"><span style=\"color: #ff0000\"><strong>WhatsApp: +86 17776015835<\/strong><\/span><\/a><\/h3>\n<p>&nbsp;<\/p>\n<h2><\/h2>\n<h2><strong>JNR Falcon X 18000 Puffar Nyckelfunktioner<\/strong><\/h2>\n<ul>\n<li>Upp till <strong>18 000 puffar<\/strong> med varje enhet<\/li>\n<li><strong>950mAh uppladdningsbart batteri<\/strong> f\u00f6r varaktig kraft<\/li>\n<li>Fylld med <strong>24 ml premium e-juice<\/strong><\/li>\n<li>Sk\u00e4rm f\u00f6r batteri- och e-juice niv\u00e5er<\/li>\n<li>Tillg\u00e4nglig i <strong>28 unika l\u00e5g-nikotin smaker<\/strong><\/li>\n<\/ul>\n<figure id=\"attachment_2745\" aria-describedby=\"caption-attachment-2745\" style=\"width: 800px\" class=\"wp-caption alignnone\"><img loading=\"lazy\" decoding=\"async\" class=\"wp-image-2745 size-full\" src=\"https:\/\/rmvapesale.com\/wp-content\/uploads\/2024\/11\/JNR-18000-Puff-Disposable-Vape.jpg\" alt=\"JNR 18000 Puff Eng\u00e5ngs Vape\" width=\"800\" height=\"800\" srcset=\"https:\/\/rmvapesale.com\/wp-content\/uploads\/2024\/11\/JNR-18000-Puff-Disposable-Vape.jpg 800w, https:\/\/rmvapesale.com\/wp-content\/uploads\/2024\/11\/JNR-18000-Puff-Disposable-Vape-300x300.jpg 300w, https:\/\/rmvapesale.com\/wp-content\/uploads\/2024\/11\/JNR-18000-Puff-Disposable-Vape-150x150.jpg 150w, https:\/\/rmvapesale.com\/wp-content\/uploads\/2024\/11\/JNR-18000-Puff-Disposable-Vape-768x768.jpg 768w, https:\/\/rmvapesale.com\/wp-content\/uploads\/2024\/11\/JNR-18000-Puff-Disposable-Vape-600x600.jpg 600w, https:\/\/rmvapesale.com\/wp-content\/uploads\/2024\/11\/JNR-18000-Puff-Disposable-Vape-100x100.jpg 100w\" sizes=\"auto, (max-width: 800px) 100vw, 800px\" \/><figcaption id=\"caption-attachment-2745\" class=\"wp-caption-text\">JNR 18000 Puff Eng\u00e5ngs Vape<\/figcaption><\/figure>\n<h2><strong>Topp smak f\u00f6r JNR JNR Falcon X 18000 Puffs<\/strong><\/h2>\n<p>1.Blue Razz Ice <span style=\"color: #ff0000\"><strong>&gt;&gt;&gt;&gt; Het!<\/strong><\/span><br \/>\n2.Bl\u00e5b\u00e4r Hallon <span style=\"color: #ff0000\"><strong>&gt;&gt;&gt;&gt; Het!<\/strong><\/span><br \/>\n3.Kall Mint<br \/>\n4.Kiwii Vattenmelon Is<br \/>\n5. Druva Is<br \/>\n6.Jordgubb Kiwii<br \/>\n7.Jordgubb Vattenmelon Is<br \/>\n8.Vattenmelon Is<br \/>\n9. Strawberry Ice<br \/>\n10.Blandade B\u00e4r <span style=\"color: #ff0000\"><strong>&gt;&gt;&gt;&gt; B\u00e4st!<\/strong><\/span><br \/>\n11.Vattenmelon bubbelgum <span style=\"color: #ff0000\"><strong>&gt;&gt;&gt;&gt; Het!<\/strong><\/span><br \/>\n12. Sour Apple Ice<br \/>\n13.Persika Is<br \/>\n14.B\u00e4r Explosion<br \/>\n15.Bl\u00e5b\u00e4r Hallon K\u00f6rsb\u00e4r<br \/>\n16.K\u00f6rsb\u00e4r B\u00e4r<br \/>\n17.Jordgubb Banan<br \/>\n18.Bl\u00e5b\u00e4r Kiwi<br \/>\n19.Passionfrukt Kiwi<br \/>\n20.Vit Persika Razz<br \/>\n21.Bl\u00e5 Razz K\u00f6rsb\u00e4r<br \/>\n22.K\u00f6rsb\u00e4r Vattenmelon Frys<br \/>\n23.K\u00f6rsb\u00e4r Cola<br \/>\n24.Banan Is<br \/>\n25.Skittles<br \/>\n26.Trippel Melon<br \/>\n27.Mr.Bl\u00e5 <span style=\"color: #ff0000\"><strong>&gt;&gt;&gt;&gt; Het!<\/strong><\/span><br \/>\n28. K\u00f6rsb\u00e4rsglass<br \/>\n29. Vattenmelon Lychee<\/p>\n<p>&nbsp;<\/p>\n<h3><strong>Varf\u00f6r v\u00e4lja Rmvapesale f\u00f6r JNR 18000 Puffar <\/strong><strong>V<\/strong><strong>Vape Partihandel<\/strong><strong>?<\/strong><\/h3>\n<div class=\"flex-shrink-0 flex flex-col relative items-end\">\n<div class=\"pt-0\">\n<div class=\"gizmo-bot-avatar flex h-8 w-8 items-center justify-center overflow-hidden rounded-full\">\n<div class=\"relative p-1 rounded-sm flex items-center justify-center bg-token-main-surface-primary text-token-text-primary h-8 w-8\">\n<p>V\u00e4lkommen till Rmvapesale, din p\u00e5litliga vapebutik f\u00f6r f\u00f6rstklassiga eng\u00e5ngsvapes. Med \u00f6ver 5 \u00e5rs expertis, erbjuder vi popul\u00e4ra varum\u00e4rken f\u00f6r eng\u00e5ngsvapes som Al Fakher, <a href=\"https:\/\/rmvapesale.com\/sv\/product\/vapme-crystal-7000-puffs-rechargeable-disposable-vape-price\/\">Vapme<\/a>, <a href=\"https:\/\/rmvapesale.com\/sv\/product-category\/bang-vapes\/\">Bang Vape<\/a>, Waspe, <a href=\"https:\/\/rmvapesale.com\/sv\/product\/wga-crystal-pro-max-extra-15k-puffs-disposable-vape-wholesale\/\">WGA<\/a> Vape och<a href=\"https:\/\/rmvapesale.com\/sv\/product-category\/randm-fumot-vape\/\"> RandM Vape<\/a>.<\/p>\n<p>V\u00e5rt sortiment inkluderar popul\u00e4ra vapes som <a href=\"https:\/\/rmvapesale.com\/sv\/product\/fumot-randm-12000-strawberry-kiwi-flavor-disposable-vape-wholesale-netherlands\/\">RandM 12000 Bloss<\/a> och smakrika alternativ som <a href=\"https:\/\/rmvapesale.com\/sv\/product\/wga-crystal-pro-max-extra-15k-puffs-disposable-vape-wholesale\/\">WGA 15K<\/a>. Varje produkt \u00e4r utvald med fokus p\u00e5 kvalitet, v\u00e4rde och variation, vilket s\u00e4kerst\u00e4ller att du hittar den perfekta matchningen f\u00f6r dina behov. Uppt\u00e4ck exceptionell service och ett brett utbud av topprodukter hos Rmvapesale.<\/p>\n<\/div>\n<h3><\/h3>\n<div class=\"relative p-1 rounded-sm flex items-center justify-center bg-token-main-surface-primary text-token-text-primary h-8 w-8\">\n<h3><b>JNR 18000 Puffar uppladdningsbar eng\u00e5ngsvape FAQ<\/b><\/h3>\n<div class=\"group\/conversation-turn relative flex w-full min-w-0 flex-col agent-turn\">\n<div class=\"flex-col gap-1 md:gap-3\">\n<div class=\"flex max-w-full flex-col flex-grow\">\n<div class=\"min-h-8 text-message flex w-full flex-col items-end gap-2 whitespace-normal break-words [.text-message+&amp;]:mt-5\" dir=\"auto\" data-message-author-role=\"assistant\" data-message-id=\"00c9b302-bc9c-4550-94ba-5a295efa2be3\" data-message-model-slug=\"gpt-4o\">\n<div class=\"flex w-full flex-col gap-1 empty:hidden first:pt-[3px]\">\n<div class=\"markdown prose w-full break-words dark:prose-invert light\">\n<div class=\"flex-shrink-0 flex flex-col relative items-end\">\n<div>\n<div class=\"pt-0\">\n<div class=\"gizmo-bot-avatar flex h-8 w-8 items-center justify-center overflow-hidden rounded-full\">\n<div class=\"relative p-1 rounded-sm flex items-center justify-center bg-token-main-surface-primary text-token-text-primary h-8 w-8\">\n<div class=\"flex-shrink-0 flex flex-col relative items-end\">\n<div>\n<div class=\"pt-0\">\n<div class=\"gizmo-bot-avatar flex h-8 w-8 items-center justify-center overflow-hidden rounded-full\">\n<div class=\"relative p-1 rounded-sm flex items-center justify-center bg-token-main-surface-primary text-token-text-primary h-8 w-8\">\n<ul>\n<li><strong>Hur m\u00e5nga puffar ger JNR Falcon X 18000 Puffar uppladdningsbar vape?<\/strong><br \/>\nJNR Falcon X erbjuder upp till <strong>18 000 puffar<\/strong>, vilket g\u00f6r den till en av de l\u00e4ngsta livsl\u00e4ngd p\u00e5 eng\u00e5ngsvapes tillg\u00e4ngliga.<\/li>\n<li><strong>Vilka \u00e4r de popul\u00e4ra smakerna f\u00f6r JNR Falcon X 18000 Digital Box vape?<\/strong><br \/>\nPopul\u00e4ra smaker inkluderar <strong>Jordgubbar Vattenmelon Is<\/strong>, <strong>Bl\u00e5 Hallon Is<\/strong>, <strong>K\u00f6rsb\u00e4r Cola<\/strong>, <strong>Peach Ice<\/strong>, och <strong>Blandade B\u00e4r<\/strong>.<\/li>\n<li><strong>Hur vet jag n\u00e4r min JNR Vape JNR18000 Puffar \u00e4r tom?<\/strong><br \/>\nJNR Falcon X har en <strong>digital display<\/strong> som visar kvarvarande e-juice och batteriniv\u00e5er, vilket hj\u00e4lper dig att \u00f6vervaka n\u00e4r den b\u00f6rjar ta slut eller \u00e4r tom.<\/li>\n<li><strong>Hur mycket nikotin finns i en JNR 18000 Puffar eng\u00e5ngsvape?<\/strong><br \/>\nJNR 18000 Puffar eng\u00e5ngsvape finns med antingen <strong>2% (20mg)<\/strong> or <strong>5% (50mg)<\/strong> nikotinsalt, som tillgodoser olika preferenser.<\/li>\n<li><strong>Hur l\u00e5ng tid tar det att ladda JNR 18000 eng\u00e5ngsvape helt?<\/strong><br \/>\nAnv\u00e4nder dess <strong>Type-C snabbladdningsport<\/strong>, laddar JNR 18000 vanligtvis helt p\u00e5 <strong>1 till 1,5 timmar<\/strong>.<\/li>\n<li><strong>Var kan man k\u00f6pa JNR Falcon X 18000 Vapes till grossistpris?<\/strong><br \/>\nF\u00f6r de b\u00e4sta grossistpriserna rekommenderas kunder att bes\u00f6ka <strong>Rmvapesale<\/strong>, en online vapebutik som erbjuder konkurrenskraftiga erbjudanden p\u00e5 bulkink\u00f6p.<\/li>\n<\/ul>\n<\/div>\n<\/div>\n<\/div>\n<\/div>\n<\/div>\n<\/div>\n<\/div>\n<\/div>\n<\/div>\n<\/div>\n<div class=\"group\/conversation-turn relative flex w-full min-w-0 flex-col agent-turn\">\n<div class=\"flex-col gap-1 md:gap-3\">\n<div class=\"flex max-w-full flex-col flex-grow\">\n<div class=\"min-h-8 text-message flex w-full flex-col items-end gap-2 whitespace-normal break-words [.text-message+&amp;]:mt-5\" dir=\"auto\" data-message-author-role=\"assistant\" data-message-id=\"a3dc01bd-23b0-4fd7-bb9a-7827522cefd8\" data-message-model-slug=\"gpt-4o\">\n<div class=\"flex w-full flex-col gap-1 empty:hidden first:pt-[3px]\">\n<div class=\"markdown prose w-full break-words dark:prose-invert light\">\n<p>&nbsp;<\/p>\n<\/div>\n<\/div>\n<\/div>\n<\/div>\n<\/div>\n<\/div>\n<\/div>\n<\/div>\n<\/div>\n<\/div>\n<\/div>\n<\/div>\n<\/div>\n<div class=\"mb-2 flex gap-3 empty:hidden -ml-2\"><\/div>\n<p>&nbsp;<\/p>\n<\/div>\n<\/div>\n<\/div>\n<h3>Om frakt<\/h3>\n<div class=\"flex-shrink-0 flex flex-col relative items-end\">\n<div>\n<div class=\"pt-0\">\n<div class=\"gizmo-bot-avatar flex h-8 w-8 items-center justify-center overflow-hidden rounded-full\">\n<div><\/div>\n<div class=\"relative p-1 rounded-sm flex items-center justify-center bg-token-main-surface-primary text-token-text-primary h-8 w-8\"><strong>1. Vilka fraktmetoder anv\u00e4nds?<\/strong><\/div>\n<\/div>\n<\/div>\n<\/div>\n<\/div>\n<div class=\"group\/conversation-turn relative flex w-full min-w-0 flex-col agent-turn\">\n<div class=\"flex-col gap-1 md:gap-3\">\n<div class=\"flex max-w-full flex-col flex-grow\">\n<div class=\"min-h-[20px] text-message flex w-full flex-col items-end gap-2 whitespace-normal break-words [.text-message+&amp;]:mt-5 overflow-x-auto\" dir=\"auto\" data-message-author-role=\"assistant\" data-message-id=\"22f8283b-3233-46ff-89a5-c7a41b33abda\">\n<div class=\"flex w-full flex-col gap-1 empty:hidden first:pt-[3px]\">\n<div class=\"markdown prose w-full break-words dark:prose-invert light\">\n<p>Vi samarbetar med UPS, DHL, FedEx, DPD och andra ledande transport\u00f6rer. Vi v\u00e4ljer det b\u00e4sta frakts\u00e4ttet baserat p\u00e5 din leveransadress f\u00f6r att s\u00e4kerst\u00e4lla att du f\u00e5r dina produkter s\u00e5 snabbt som m\u00f6jligt.<\/p>\n<\/div>\n<p><strong>2. Hur l\u00e5ng tid tar det att komma fram?<\/strong><\/p>\n<p>Paket som skickas till Sverige anl\u00e4nder vanligtvis inom 10 arbetsdagar. Leveranser till europeiska l\u00e4nder tar generellt cirka 12-15 arbetsdagar. Vi kommer att ge uppdateringar i realtid om din leveransstatus.<\/p>\n<\/div>\n<\/div>\n<\/div>\n<\/div>\n<\/div>\n<p>&nbsp;<\/p>\n<p>Hitta fler vape-produkter du kanske gillar:<strong><em><a href=\"https:\/\/rmvapesale.com\/sv\/shop-2\/\">handla nu &gt;&gt;&gt;<\/a><\/em><\/strong><\/p>","protected":false},"excerpt":{"rendered":"<p>Den <strong>JNR Falcon X 18000 Puffar uppladdningsbar eng\u00e5ngsvape <\/strong>\u00e4r en avancerad enhet utformad f\u00f6r att leverera upp till otroliga <strong>18 000 puffar<\/strong> av tillfredsst\u00e4llande, smakrik vaping. F\u00f6rfylld med <strong>24 ml av premium e-juice<\/strong>, denna enhet finns i ett utbud av 2% <strong>l\u00e5ga nikotinalternativ<\/strong> som tillgodoser varje preferens.<\/p>\n<p><img loading=\"lazy\" decoding=\"async\" class=\"size-full wp-image-2375\" src=\"https:\/\/rmvapesale.com\/wp-content\/uploads\/2024\/10\/image.png\" alt=\"B\u00e4sta eng\u00e5ngsvape\" width=\"229\" height=\"300\" \/><\/p>\n<h3><a href=\"https:\/\/wa.me\/8617776015835\"><span style=\"color: #ff0000\"><strong>WhatsApp: +86 17776015835<\/strong><\/span><\/a><\/h3>\n<p>&nbsp;<\/p>","protected":false},"featured_media":2748,"comment_status":"open","ping_status":"closed","template":"","meta":{"_uag_custom_page_level_css":"","_lmt_disableupdate":"no","_lmt_disable":"","site-sidebar-layout":"default","site-content-layout":"content-boxed-container","ast-site-content-layout":"normal-width-container","site-content-style":"boxed","site-sidebar-style":"unboxed","ast-global-header-display":"","ast-banner-title-visibility":"","ast-main-header-display":"","ast-hfb-above-header-display":"","ast-hfb-below-header-display":"","ast-hfb-mobile-header-display":"","site-post-title":"","ast-breadcrumbs-content":"","ast-featured-img":"","footer-sml-layout":"","theme-transparent-header-meta":"default","adv-header-id-meta":"","stick-header-meta":"","header-above-stick-meta":"","header-main-stick-meta":"","header-below-stick-meta":"","astra-migrate-meta-layouts":"set","ast-page-background-enabled":"default","ast-page-background-meta":{"desktop":{"background-color":"var(--ast-global-color-4)","background-image":"","background-repeat":"repeat","background-position":"center center","background-size":"auto","background-attachment":"scroll","background-type":"","background-media":"","overlay-type":"","overlay-color":"","overlay-opacity":"","overlay-gradient":""},"tablet":{"background-color":"","background-image":"","background-repeat":"repeat","background-position":"center center","background-size":"auto","background-attachment":"scroll","background-type":"","background-media":"","overlay-type":"","overlay-color":"","overlay-opacity":"","overlay-gradient":""},"mobile":{"background-color":"","background-image":"","background-repeat":"repeat","background-position":"center center","background-size":"auto","background-attachment":"scroll","background-type":"","background-media":"","overlay-type":"","overlay-color":"","overlay-opacity":"","overlay-gradient":""}},"ast-content-background-meta":{"desktop":{"background-color":"var(--ast-global-color-5)","background-image":"","background-repeat":"repeat","background-position":"center center","background-size":"auto","background-attachment":"scroll","background-type":"","background-media":"","overlay-type":"","overlay-color":"","overlay-opacity":"","overlay-gradient":""},"tablet":{"background-color":"var(--ast-global-color-5)","background-image":"","background-repeat":"repeat","background-position":"center center","background-size":"auto","background-attachment":"scroll","background-type":"","background-media":"","overlay-type":"","overlay-color":"","overlay-opacity":"","overlay-gradient":""},"mobile":{"background-color":"var(--ast-global-color-5)","background-image":"","background-repeat":"repeat","background-position":"center center","background-size":"auto","background-attachment":"scroll","background-type":"","background-media":"","overlay-type":"","overlay-color":"","overlay-opacity":"","overlay-gradient":""}},"_joinchat":[]},"product_brand":[],"product_cat":[15,25,123,26,28,135,27,137,30],"product_tag":[218,217,205],"class_list":{"0":"post-2751","1":"product","2":"type-product","3":"status-publish","4":"has-post-thumbnail","6":"product_cat-new-vape-this-week","7":"product_cat-germany-best-selling-vape","8":"product_cat-italy-wholesale-vape","9":"product_cat-netherlands-hot-sale-vape","10":"product_cat-poland-hot-sale-vape","11":"product_cat-spain-best-hot-sale-vape","12":"product_cat-fance-hot-sale-vape","13":"product_cat-rechargeable-vapes","14":"product_cat-minimum-order-quantity-50pcs","15":"product_tag-jnr-18000-puffs","16":"product_tag-jnr-falcon-x-18000","17":"product_tag-jnr-vape","18":"desktop-align-left","19":"tablet-align-left","20":"mobile-align-left","22":"first","23":"instock","24":"sale","25":"shipping-taxable","26":"purchasable","27":"product-type-simple"},"uagb_featured_image_src":{"full":["https:\/\/rmvapesale.com\/wp-content\/uploads\/2024\/11\/JNR-Falcon-X-18000-Disposable-Vape-Box.jpg",800,800,false],"thumbnail":["https:\/\/rmvapesale.com\/wp-content\/uploads\/2024\/11\/JNR-Falcon-X-18000-Disposable-Vape-Box-150x150.jpg",150,150,true],"medium":["https:\/\/rmvapesale.com\/wp-content\/uploads\/2024\/11\/JNR-Falcon-X-18000-Disposable-Vape-Box-300x300.jpg",300,300,true],"medium_large":["https:\/\/rmvapesale.com\/wp-content\/uploads\/2024\/11\/JNR-Falcon-X-18000-Disposable-Vape-Box-768x768.jpg",768,768,true],"large":["https:\/\/rmvapesale.com\/wp-content\/uploads\/2024\/11\/JNR-Falcon-X-18000-Disposable-Vape-Box.jpg",800,800,false],"1536x1536":["https:\/\/rmvapesale.com\/wp-content\/uploads\/2024\/11\/JNR-Falcon-X-18000-Disposable-Vape-Box.jpg",800,800,false],"2048x2048":["https:\/\/rmvapesale.com\/wp-content\/uploads\/2024\/11\/JNR-Falcon-X-18000-Disposable-Vape-Box.jpg",800,800,false],"trp-custom-language-flag":["https:\/\/rmvapesale.com\/wp-content\/uploads\/2024\/11\/JNR-Falcon-X-18000-Disposable-Vape-Box.jpg",12,12,false],"woocommerce_thumbnail":["https:\/\/rmvapesale.com\/wp-content\/uploads\/2024\/11\/JNR-Falcon-X-18000-Disposable-Vape-Box-300x300.jpg",300,300,true],"woocommerce_single":["https:\/\/rmvapesale.com\/wp-content\/uploads\/2024\/11\/JNR-Falcon-X-18000-Disposable-Vape-Box-600x600.jpg",600,600,true],"woocommerce_gallery_thumbnail":["https:\/\/rmvapesale.com\/wp-content\/uploads\/2024\/11\/JNR-Falcon-X-18000-Disposable-Vape-Box-100x100.jpg",100,100,true],"wcpr-photo-reviews":["https:\/\/rmvapesale.com\/wp-content\/uploads\/2024\/11\/JNR-Falcon-X-18000-Disposable-Vape-Box.jpg",500,500,false]},"uagb_author_info":{"display_name":"AMY","author_link":"https:\/\/rmvapesale.com\/sv\/author\/"},"uagb_comment_info":0,"uagb_excerpt":"The JNR Falcon X 18000 Puffs Rechargeable Disposable Vape is a cutting-edge device designed to deliver up to an incredible 18,000 puffs of satisfying, flavorful vaping. Pre-filled with 24ml of premium e-liquid, this device is available in an array of 2% low nicotine options that cater to every preference. WhatsApp: +86 17776015835 &nbsp;","_links":{"self":[{"href":"https:\/\/rmvapesale.com\/sv\/wp-json\/wp\/v2\/product\/2751","targetHints":{"allow":["GET"]}}],"collection":[{"href":"https:\/\/rmvapesale.com\/sv\/wp-json\/wp\/v2\/product"}],"about":[{"href":"https:\/\/rmvapesale.com\/sv\/wp-json\/wp\/v2\/types\/product"}],"replies":[{"embeddable":true,"href":"https:\/\/rmvapesale.com\/sv\/wp-json\/wp\/v2\/comments?post=2751"}],"wp:featuredmedia":[{"embeddable":true,"href":"https:\/\/rmvapesale.com\/sv\/wp-json\/wp\/v2\/media\/2748"}],"wp:attachment":[{"href":"https:\/\/rmvapesale.com\/sv\/wp-json\/wp\/v2\/media?parent=2751"}],"wp:term":[{"taxonomy":"product_brand","embeddable":true,"href":"https:\/\/rmvapesale.com\/sv\/wp-json\/wp\/v2\/product_brand?post=2751"},{"taxonomy":"product_cat","embeddable":true,"href":"https:\/\/rmvapesale.com\/sv\/wp-json\/wp\/v2\/product_cat?post=2751"},{"taxonomy":"product_tag","embeddable":true,"href":"https:\/\/rmvapesale.com\/sv\/wp-json\/wp\/v2\/product_tag?post=2751"}],"curies":[{"name":"wp","href":"https:\/\/api.w.org\/{rel}","templated":true}]}}