{"id":2761,"date":"2024-11-20T07:54:06","date_gmt":"2024-11-20T07:54:06","guid":{"rendered":"https:\/\/rmvapesale.com\/?post_type=product&#038;p=2761"},"modified":"2024-11-20T08:51:16","modified_gmt":"2024-11-20T08:51:16","slug":"waspe-vape-40000-puffs-double-flavor-led-screen-disposable-vape-wholesale-price","status":"publish","type":"product","link":"https:\/\/rmvapesale.com\/sv\/product\/waspe-vape-40000-puffs-double-flavor-led-screen-disposable-vape-wholesale-price\/","title":{"rendered":"WASPE Vape 40000 Bl\u00e5s Dubbel Smak LED-sk\u00e4rm Eng\u00e5ngsvape Grossistpris"},"content":{"rendered":"<div class=\"B2VR9 CJHX3e\">\n<div class=\"wyccme\">\n<h1 class=\"LC20lb MBeuO DKV0Md\">WASPE Vape 40000 Bl\u00e5s Dubbel Smak LED-sk\u00e4rm Eng\u00e5ngsvape Grossistpris<\/h1>\n<div class=\"flex-shrink-0 flex flex-col relative items-end\">\n<div class=\"pt-0\">\n<div class=\"gizmo-bot-avatar flex h-8 w-8 items-center justify-center overflow-hidden rounded-full\">\n<div class=\"relative p-1 rounded-sm flex items-center justify-center bg-token-main-surface-primary text-token-text-primary h-8 w-8\">\n<p>Den <strong>WASPE Vape 40000 Puffar Dubbel Smak Eng\u00e5ngsvape<\/strong>, en banbrytande enhet utformad f\u00f6r vape-entusiaster som s\u00f6ker l\u00e5ngvarig prestanda, bekv\u00e4mlighet och livfulla smakupplevelser. Denna innovativa vape kombinerar <strong>dubbel-smaksteknologi<\/strong> med ett kraftfullt uppladdningsbart batteri, vilket s\u00e4kerst\u00e4ller att varje puff \u00e4r tillfredsst\u00e4llande och s\u00f6ml\u00f6s. Denna enhet utm\u00e4rker sig med sin <strong>dubbel-smaksteknologi<\/strong> och <strong>40 000-puffs kapacitet<\/strong>, vilket g\u00f6r den till ett topval f\u00f6r alla som vill kombinera bekv\u00e4mlighet med en exceptionell vapingupplevelse. Dess <strong>b\u00e4rbara och underh\u00e5llsfria design<\/strong> \u00e4r perfekt f\u00f6r daglig anv\u00e4ndning, medan den smarta LED-sk\u00e4rmen s\u00e4kerst\u00e4ller att du alltid har kontroll \u00f6ver din enhet.<\/p>\n<\/div>\n<p>Den <strong>WASPE Vape Eng\u00e5ngsvape<\/strong> \u00e4r idealisk f\u00f6r dem som \u00e4r i <strong>vape partihandelsmarknaden<\/strong>. Med sina <strong>innovativa funktioner<\/strong>, h\u00e5llbara design och h\u00f6ga puffkapacitet \u00e4r denna produkt ett m\u00e5ste f\u00f6r ditt lager. Dess <strong>grossistpris<\/strong> och popularitet i <strong>m\u00e4rken f\u00f6r eng\u00e5ngsvapor<\/strong> kategorin g\u00f6r den till ett utm\u00e4rkande alternativ. H\u00f6j din vapingupplevelse med <strong>WASPE 40K Dubbel Smak Vape<\/strong>\u2014 d\u00e4r avancerad teknologi m\u00f6ter dj\u00e4rva, tillfredsst\u00e4llande smaker. Perfekt f\u00f6r personligt bruk eller partihandel!<\/p>\n<\/div>\n<\/div>\n<\/div>\n<\/div>\n<\/div>\n<p><strong>Kontakta Amy f\u00f6r att f\u00e5 r\u00e4tt svar och vape-kupong!<\/strong><\/p>\n<p><img loading=\"lazy\" decoding=\"async\" class=\"size-full wp-image-1978\" src=\"https:\/\/rmvapesale.com\/wp-content\/uploads\/2024\/09\/Disposable-Vape-Wholesale.jpg\" alt=\"Eng\u00e5ngsvape Partihandel\" width=\"229\" height=\"300\" \/><\/p>\n<h3><a href=\"https:\/\/wa.me\/8617776015835\" target=\"_blank\" rel=\"noopener\"><span style=\"color: #ff0000\"><strong>WhatsApp: +86 17776015835<\/strong><\/span><\/a><\/h3>\n<p>&nbsp;<\/p>\n<h2><\/h2>\n<h2><strong>WASPE Vape 40000 Puffar Nyckelfunktioner<\/strong><\/h2>\n<ul>\n<li><strong>O\u00f6vertr\u00e4ffad puffkapacitet<\/strong>: Med en otrolig <strong>40 000 bloss<\/strong>, erbjuder denna enhet en o\u00f6vertr\u00e4ffad h\u00e5llbarhet, vilket eliminerar besv\u00e4ret med frekventa byten.<\/li>\n<li><strong>Gener\u00f6st E-v\u00e4tskevolym<\/strong>: Fylld med <strong>36 ml premium e-v\u00e4tska<\/strong>, vilket ger en l\u00e4ngre vaping-session med f\u00e4rre avbrott.<\/li>\n<li><strong>Uppladdningsbart 850mAh Batteri<\/strong>: Utrustad med en <strong>Type-C snabbladdningsport<\/strong>, batteriet s\u00e4kerst\u00e4ller snabba laddningar och j\u00e4mn kraft, vilket g\u00f6r det till det perfekta <strong>uppladdningsbara vape<\/strong> f\u00f6r vapers p\u00e5 spr\u00e5ng.<\/li>\n<li><strong>Dubbla mesh-coils<\/strong>: Avancerad coil-teknologi f\u00f6rb\u00e4ttrar smakleveransen och skapar mjuka, t\u00e4ta moln, perfekt f\u00f6r smakentusiaster.<\/li>\n<li><strong>Nikotinalternativ<\/strong>: Finns i <strong>0%, 2% eller 5% nikotinstyrkor<\/strong>, som tillgodoser olika preferenser f\u00f6r en anpassningsbar upplevelse.<\/li>\n<li><strong>Dubbel smakinnovation<\/strong>: Njut av <strong>tv\u00e5 distinkta smaker<\/strong> i en enhet, som <em>Jordgubbe Banan<\/em> paired with <em>Ananas Kokos Is<\/em>, f\u00f6r en uppfriskande och unik vaping-upplevelse.<\/li>\n<li><strong>LED-sk\u00e4rm<\/strong>: H\u00e5ll dig informerad med den <strong>intelligent LED-sk\u00e4rm<\/strong>, som ger realtidsdata om puffantal, batteriliv och den aktiva smaken.<\/li>\n<li>&nbsp;\n<p><figure id=\"attachment_2757\" aria-describedby=\"caption-attachment-2757\" style=\"width: 800px\" class=\"wp-caption alignnone\"><img loading=\"lazy\" decoding=\"async\" class=\"wp-image-2757 size-full\" src=\"https:\/\/rmvapesale.com\/wp-content\/uploads\/2024\/11\/Waspe-40000-Puffs-Dispsoable-Vape-Wholesale.jpg\" alt=\"Waspe 40000 Puffar Eng\u00e5ngs Vape Partihandel\" width=\"800\" height=\"800\" srcset=\"https:\/\/rmvapesale.com\/wp-content\/uploads\/2024\/11\/Waspe-40000-Puffs-Dispsoable-Vape-Wholesale.jpg 800w, https:\/\/rmvapesale.com\/wp-content\/uploads\/2024\/11\/Waspe-40000-Puffs-Dispsoable-Vape-Wholesale-300x300.jpg 300w, https:\/\/rmvapesale.com\/wp-content\/uploads\/2024\/11\/Waspe-40000-Puffs-Dispsoable-Vape-Wholesale-150x150.jpg 150w, https:\/\/rmvapesale.com\/wp-content\/uploads\/2024\/11\/Waspe-40000-Puffs-Dispsoable-Vape-Wholesale-768x768.jpg 768w, https:\/\/rmvapesale.com\/wp-content\/uploads\/2024\/11\/Waspe-40000-Puffs-Dispsoable-Vape-Wholesale-600x600.jpg 600w, https:\/\/rmvapesale.com\/wp-content\/uploads\/2024\/11\/Waspe-40000-Puffs-Dispsoable-Vape-Wholesale-100x100.jpg 100w\" sizes=\"auto, (max-width: 800px) 100vw, 800px\" \/><figcaption id=\"caption-attachment-2757\" class=\"wp-caption-text\">Waspe 40000 Puffar Eng\u00e5ngs Vape Partihandel<\/figcaption><\/figure><\/li>\n<\/ul>\n<h2><strong>Topp Smak f\u00f6r WASPE Vape 40k Puffar<\/strong><\/h2>\n<p>1 vattenmelon is \/ Citron lime <span style=\"color: #ff0000\"><strong>&gt;&gt;&gt;&gt; Het!<\/strong><\/span><br \/>\n2 kolsyrad k\u00f6rb\u00e4rs Is \/ bl\u00e5b\u00e4r bomullskaramell<br \/>\n3 jordgubbar vattenmelon \/ bl\u00e5b\u00e4r hallon <span style=\"color: #ff0000\"><strong>&gt;&gt;&gt;&gt; Het!<\/strong><\/span><br \/>\n4 Red Bull Is \/ Jordgubb mango<br \/>\n5 persika Is \/ Ananas mango persika<br \/>\n6 druva Is \/ Jordgubb kiwi<br \/>\n7 blandade b\u00e4r \/ dubbel \u00e4pple is<br \/>\n8 bl\u00e5 Razz lemonad \/ vattenmelon tuggummi<br \/>\n9 jordgubbar Hallon k\u00f6rsb\u00e4r \/ k\u00e4rlek 666<br \/>\n10 Jordgubbs banan \/ ananas kokos is<br \/>\n11 jordgubb vattenmelon tuggummi \/ blandad frukt<br \/>\n12 k\u00f6rsb\u00e4r cola is \/ Jordgubbs hallon godis <span style=\"color: #ff0000\"><strong>&gt;&gt;&gt;&gt; B\u00e4st!<\/strong><\/span><br \/>\n13 sur \u00e4pple hallon \/ jordgubb Big Bang<br \/>\n14 persika B\u00e4r \/ vattenmelon mango persika<br \/>\n15 bl\u00e5b\u00e4r Is \/ svart drake is<br \/>\n16 jordgubb k\u00f6rsb\u00e4r \/ kiwi passionsfrukt guava<\/p>\n<p>&nbsp;<\/p>\n<h3><strong>Varf\u00f6r v\u00e4lja Rmvapesale f\u00f6r Waspe 40000 Puffar <\/strong><strong>V<\/strong><strong>Vape Partihandel<\/strong><strong>?<\/strong><\/h3>\n<div class=\"flex-shrink-0 flex flex-col relative items-end\">\n<div class=\"pt-0\">\n<div class=\"gizmo-bot-avatar flex h-8 w-8 items-center justify-center overflow-hidden rounded-full\">\n<div class=\"relative p-1 rounded-sm flex items-center justify-center bg-token-main-surface-primary text-token-text-primary h-8 w-8\">\n<p>V\u00e4lkommen till Rmvapesale, din p\u00e5litliga vapebutik f\u00f6r f\u00f6rstklassiga eng\u00e5ngsvapes. Med \u00f6ver 5 \u00e5rs expertis, erbjuder vi popul\u00e4ra varum\u00e4rken f\u00f6r eng\u00e5ngsvapes som Al Fakher, <a href=\"https:\/\/rmvapesale.com\/sv\/product\/vapme-crystal-7000-puffs-rechargeable-disposable-vape-price\/\">Vapme<\/a>, <a href=\"https:\/\/rmvapesale.com\/sv\/product-category\/bang-vapes\/\">Bang Vape<\/a>, Waspe, <a href=\"https:\/\/rmvapesale.com\/sv\/product\/wga-crystal-pro-max-extra-15k-puffs-disposable-vape-wholesale\/\">WGA<\/a> Vape och<a href=\"https:\/\/rmvapesale.com\/sv\/product-category\/randm-fumot-vape\/\"> RandM Vape<\/a>.<\/p>\n<p>V\u00e5rt sortiment inkluderar popul\u00e4ra vapes som <a href=\"https:\/\/rmvapesale.com\/sv\/product\/fumot-randm-12000-strawberry-kiwi-flavor-disposable-vape-wholesale-netherlands\/\">RandM 12000 Bloss<\/a> och smakrika alternativ som <a href=\"https:\/\/rmvapesale.com\/sv\/product\/wga-crystal-pro-max-extra-15k-puffs-disposable-vape-wholesale\/\">WGA 15K<\/a>. Varje produkt \u00e4r utvald med fokus p\u00e5 kvalitet, v\u00e4rde och variation, vilket s\u00e4kerst\u00e4ller att du hittar den perfekta matchningen f\u00f6r dina behov. Uppt\u00e4ck exceptionell service och ett brett utbud av topprodukter hos Rmvapesale.<\/p>\n<\/div>\n<h3><\/h3>\n<div class=\"relative p-1 rounded-sm flex items-center justify-center bg-token-main-surface-primary text-token-text-primary h-8 w-8\">\n<h3><b>Waspe 40000 Puffar uppladdningsbar eng\u00e5ngsvape FAQS<\/b><\/h3>\n<div class=\"group\/conversation-turn relative flex w-full min-w-0 flex-col agent-turn\">\n<div class=\"flex-col gap-1 md:gap-3\">\n<div class=\"flex max-w-full flex-col flex-grow\">\n<div class=\"min-h-8 text-message flex w-full flex-col items-end gap-2 whitespace-normal break-words [.text-message+&amp;]:mt-5\" dir=\"auto\" data-message-author-role=\"assistant\" data-message-id=\"00c9b302-bc9c-4550-94ba-5a295efa2be3\" data-message-model-slug=\"gpt-4o\">\n<div class=\"flex w-full flex-col gap-1 empty:hidden first:pt-[3px]\">\n<div class=\"markdown prose w-full break-words dark:prose-invert light\">\n<div class=\"flex-shrink-0 flex flex-col relative items-end\">\n<div>\n<div class=\"pt-0\">\n<div class=\"gizmo-bot-avatar flex h-8 w-8 items-center justify-center overflow-hidden rounded-full\">\n<div class=\"relative p-1 rounded-sm flex items-center justify-center bg-token-main-surface-primary text-token-text-primary h-8 w-8\">\n<div class=\"flex-shrink-0 flex flex-col relative items-end\">\n<div>\n<div class=\"pt-0\">\n<div class=\"gizmo-bot-avatar flex h-8 w-8 items-center justify-center overflow-hidden rounded-full\">\n<div class=\"relative p-1 rounded-sm flex items-center justify-center bg-token-main-surface-primary text-token-text-primary h-8 w-8\">\n<p><strong>Q: Vilka \u00e4r de popul\u00e4ra smakerna f\u00f6r Waspe 40000 Puffar eng\u00e5ngsvape?<\/strong><br \/>\nS: <strong>Waspe Vape 40000 Puffar<\/strong> erbjuder dubbel-smakskombinationer som <em>Jordgubbe Banan<\/em> och <em>Ananas Kokos Is<\/em>, vilket g\u00f6r det till ett toppval f\u00f6r de som s\u00f6ker uppfriskande och unika smakupplevelser.<\/p>\n<p><strong>Q: Hur vet jag n\u00e4r min Waspe 40000 Smart Vape \u00e4r tom?<\/strong><br \/>\nS: <strong>LED-sk\u00e4rmsvisning<\/strong> p\u00e5 Waspe 40000 Smart Vape visar e-v\u00e4tskeniv\u00e5n. N\u00e4r den indikerar att e-v\u00e4tskan \u00e4r tom, \u00e4r det dags att byta ut enheten.<\/p>\n<p><strong>Q: Hur l\u00e5ng tid tar det att ladda en Waspe 40000 uppladdningsbar vape?<\/strong><br \/>\nA: Waspe 40000 anv\u00e4nder en <strong>Type-C snabbladdningsport<\/strong>, vilket g\u00f6r att den kan laddas helt p\u00e5 ungef\u00e4r <strong>45-60 minuter<\/strong>.<\/p>\n<p><strong>F: Hur mycket nikotin finns i en Waspe 40000 eng\u00e5ngsvape?<\/strong><br \/>\nS: Waspe 40000 finns tillg\u00e4nglig i <strong>0%, 2% eller 5% nikotinstyrkor<\/strong> (motsvarande 50 mg f\u00f6r 5%-alternativet), f\u00f6r att tillgodose olika preferenser.<\/p>\n<p><strong>F: Var kan jag k\u00f6pa Waspe 40000 Puff Vapes till grossistpriser?<\/strong><br \/>\nS: <strong>Waspe 40000 Puffs Eng\u00e5ngsvape<\/strong> finns tillg\u00e4nglig via <strong>vape-grossist<\/strong> distribut\u00f6rer och online-\u00e5terf\u00f6rs\u00e4ljare som specialiserar sig p\u00e5 <strong>massk\u00f6p<\/strong> och <strong>popul\u00e4ra varum\u00e4rken f\u00f6r eng\u00e5ngsvapes<\/strong>.<\/p>\n<p><strong>F: Hur m\u00e5nga bloss ger Waspe Vape 40000 Puffs?<\/strong><br \/>\nS: Waspe Vape erbjuder ett imponerande <strong>40 000 bloss<\/strong>, vilket ger l\u00e5ngvarig tillfredsst\u00e4llelse och bekv\u00e4mlighet.<\/p>\n<p><strong>F: Hur l\u00e5ng tid tar det att ladda Waspe 40000 eng\u00e5ngsvape helt?<\/strong><br \/>\nS: Att ladda Waspe 40000 helt tar ungef\u00e4r <strong>45-60 minuter<\/strong>, tack vare dess effektiva <strong>Type-C laddningssystem<\/strong>.<\/p>\n<\/div>\n<\/div>\n<\/div>\n<\/div>\n<\/div>\n<\/div>\n<\/div>\n<\/div>\n<\/div>\n<\/div>\n<div class=\"group\/conversation-turn relative flex w-full min-w-0 flex-col agent-turn\">\n<div class=\"flex-col gap-1 md:gap-3\">\n<div class=\"flex max-w-full flex-col flex-grow\">\n<div class=\"min-h-8 text-message flex w-full flex-col items-end gap-2 whitespace-normal break-words [.text-message+&amp;]:mt-5\" dir=\"auto\" data-message-author-role=\"assistant\" data-message-id=\"a3dc01bd-23b0-4fd7-bb9a-7827522cefd8\" data-message-model-slug=\"gpt-4o\">\n<div class=\"flex w-full flex-col gap-1 empty:hidden first:pt-[3px]\"><\/div>\n<\/div>\n<\/div>\n<\/div>\n<\/div>\n<\/div>\n<\/div>\n<\/div>\n<\/div>\n<\/div>\n<\/div>\n<\/div>\n<\/div>\n<\/div>\n<\/div>\n<h3>Om frakt<\/h3>\n<div class=\"flex-shrink-0 flex flex-col relative items-end\">\n<div>\n<div class=\"pt-0\">\n<div class=\"gizmo-bot-avatar flex h-8 w-8 items-center justify-center overflow-hidden rounded-full\">\n<div><\/div>\n<div class=\"relative p-1 rounded-sm flex items-center justify-center bg-token-main-surface-primary text-token-text-primary h-8 w-8\"><strong>1. Vilka fraktmetoder anv\u00e4nds?<\/strong><\/div>\n<\/div>\n<\/div>\n<\/div>\n<\/div>\n<div class=\"group\/conversation-turn relative flex w-full min-w-0 flex-col agent-turn\">\n<div class=\"flex-col gap-1 md:gap-3\">\n<div class=\"flex max-w-full flex-col flex-grow\">\n<div class=\"min-h-[20px] text-message flex w-full flex-col items-end gap-2 whitespace-normal break-words [.text-message+&amp;]:mt-5 overflow-x-auto\" dir=\"auto\" data-message-author-role=\"assistant\" data-message-id=\"22f8283b-3233-46ff-89a5-c7a41b33abda\">\n<div class=\"flex w-full flex-col gap-1 empty:hidden first:pt-[3px]\">\n<div class=\"markdown prose w-full break-words dark:prose-invert light\">\n<p>Vi samarbetar med UPS, DHL, FedEx, DPD och andra ledande transport\u00f6rer. Vi v\u00e4ljer det b\u00e4sta frakts\u00e4ttet baserat p\u00e5 din leveransadress f\u00f6r att s\u00e4kerst\u00e4lla att du f\u00e5r dina produkter s\u00e5 snabbt som m\u00f6jligt.<\/p>\n<\/div>\n<p><strong>2. Hur l\u00e5ng tid tar det att komma fram?<\/strong><\/p>\n<p>Paket som skickas till Sverige anl\u00e4nder vanligtvis inom 10 arbetsdagar. Leveranser till europeiska l\u00e4nder tar generellt cirka 12-15 arbetsdagar. Vi kommer att ge uppdateringar i realtid om din leveransstatus.<\/p>\n<\/div>\n<\/div>\n<\/div>\n<\/div>\n<\/div>\n<p>&nbsp;<\/p>\n<p>Hitta fler vape-produkter du kanske gillar:<strong><em><a href=\"https:\/\/rmvapesale.com\/sv\/shop-2\/\">handla nu &gt;&gt;&gt;<\/a><\/em><\/strong><\/p>","protected":false},"excerpt":{"rendered":"<p>WASPE Vape 40000 Puff-enheten utm\u00e4rker sig med sin dubbelsmaksteknologi och kapacitet p\u00e5 40 000 puff, vilket g\u00f6r den till ett f\u00f6rstahandsval f\u00f6r den som vill kombinera bekv\u00e4mlighet med en enast\u00e5ende vapingupplevelse.<\/p>\n<p><img loading=\"lazy\" decoding=\"async\" class=\"size-full wp-image-2375\" src=\"https:\/\/rmvapesale.com\/wp-content\/uploads\/2024\/10\/image.png\" alt=\"B\u00e4sta eng\u00e5ngsvape\" width=\"229\" height=\"300\" \/><\/p>\n<h3><a href=\"https:\/\/wa.me\/8617776015835\"><span style=\"color: #ff0000\"><strong>WhatsApp: +86 17776015835<\/strong><\/span><\/a><\/h3>\n<p>&nbsp;<\/p>","protected":false},"featured_media":2759,"comment_status":"open","ping_status":"closed","template":"","meta":{"_uag_custom_page_level_css":"","_lmt_disableupdate":"no","_lmt_disable":"","site-sidebar-layout":"default","site-content-layout":"content-boxed-container","ast-site-content-layout":"normal-width-container","site-content-style":"boxed","site-sidebar-style":"unboxed","ast-global-header-display":"","ast-banner-title-visibility":"","ast-main-header-display":"","ast-hfb-above-header-display":"","ast-hfb-below-header-display":"","ast-hfb-mobile-header-display":"","site-post-title":"","ast-breadcrumbs-content":"","ast-featured-img":"","footer-sml-layout":"","theme-transparent-header-meta":"default","adv-header-id-meta":"","stick-header-meta":"","header-above-stick-meta":"","header-main-stick-meta":"","header-below-stick-meta":"","astra-migrate-meta-layouts":"set","ast-page-background-enabled":"default","ast-page-background-meta":{"desktop":{"background-color":"var(--ast-global-color-4)","background-image":"","background-repeat":"repeat","background-position":"center center","background-size":"auto","background-attachment":"scroll","background-type":"","background-media":"","overlay-type":"","overlay-color":"","overlay-opacity":"","overlay-gradient":""},"tablet":{"background-color":"","background-image":"","background-repeat":"repeat","background-position":"center center","background-size":"auto","background-attachment":"scroll","background-type":"","background-media":"","overlay-type":"","overlay-color":"","overlay-opacity":"","overlay-gradient":""},"mobile":{"background-color":"","background-image":"","background-repeat":"repeat","background-position":"center center","background-size":"auto","background-attachment":"scroll","background-type":"","background-media":"","overlay-type":"","overlay-color":"","overlay-opacity":"","overlay-gradient":""}},"ast-content-background-meta":{"desktop":{"background-color":"var(--ast-global-color-5)","background-image":"","background-repeat":"repeat","background-position":"center center","background-size":"auto","background-attachment":"scroll","background-type":"","background-media":"","overlay-type":"","overlay-color":"","overlay-opacity":"","overlay-gradient":""},"tablet":{"background-color":"var(--ast-global-color-5)","background-image":"","background-repeat":"repeat","background-position":"center center","background-size":"auto","background-attachment":"scroll","background-type":"","background-media":"","overlay-type":"","overlay-color":"","overlay-opacity":"","overlay-gradient":""},"mobile":{"background-color":"var(--ast-global-color-5)","background-image":"","background-repeat":"repeat","background-position":"center center","background-size":"auto","background-attachment":"scroll","background-type":"","background-media":"","overlay-type":"","overlay-color":"","overlay-opacity":"","overlay-gradient":""}},"_joinchat":[]},"product_brand":[],"product_cat":[15,25,123,26,28,135,27,137,136,30],"product_tag":[222,220,221],"class_list":{"0":"post-2761","1":"product","2":"type-product","3":"status-publish","4":"has-post-thumbnail","6":"product_cat-new-vape-this-week","7":"product_cat-germany-best-selling-vape","8":"product_cat-italy-wholesale-vape","9":"product_cat-netherlands-hot-sale-vape","10":"product_cat-poland-hot-sale-vape","11":"product_cat-spain-best-hot-sale-vape","12":"product_cat-fance-hot-sale-vape","13":"product_cat-rechargeable-vapes","14":"product_cat-smart-screen-vapes","15":"product_cat-minimum-order-quantity-50pcs","16":"product_tag-double-flavor-vape","17":"product_tag-waspe-40000","18":"product_tag-waspe-vape","19":"desktop-align-left","20":"tablet-align-left","21":"mobile-align-left","23":"first","24":"instock","25":"sale","26":"shipping-taxable","27":"purchasable","28":"product-type-simple"},"uagb_featured_image_src":{"full":["https:\/\/rmvapesale.com\/wp-content\/uploads\/2024\/11\/WASPE-40000-Rechargeable-Disposable-Vape.jpg",1000,1000,false],"thumbnail":["https:\/\/rmvapesale.com\/wp-content\/uploads\/2024\/11\/WASPE-40000-Rechargeable-Disposable-Vape-150x150.jpg",150,150,true],"medium":["https:\/\/rmvapesale.com\/wp-content\/uploads\/2024\/11\/WASPE-40000-Rechargeable-Disposable-Vape-300x300.jpg",300,300,true],"medium_large":["https:\/\/rmvapesale.com\/wp-content\/uploads\/2024\/11\/WASPE-40000-Rechargeable-Disposable-Vape-768x768.jpg",768,768,true],"large":["https:\/\/rmvapesale.com\/wp-content\/uploads\/2024\/11\/WASPE-40000-Rechargeable-Disposable-Vape.jpg",1000,1000,false],"1536x1536":["https:\/\/rmvapesale.com\/wp-content\/uploads\/2024\/11\/WASPE-40000-Rechargeable-Disposable-Vape.jpg",1000,1000,false],"2048x2048":["https:\/\/rmvapesale.com\/wp-content\/uploads\/2024\/11\/WASPE-40000-Rechargeable-Disposable-Vape.jpg",1000,1000,false],"trp-custom-language-flag":["https:\/\/rmvapesale.com\/wp-content\/uploads\/2024\/11\/WASPE-40000-Rechargeable-Disposable-Vape.jpg",12,12,false],"woocommerce_thumbnail":["https:\/\/rmvapesale.com\/wp-content\/uploads\/2024\/11\/WASPE-40000-Rechargeable-Disposable-Vape-300x300.jpg",300,300,true],"woocommerce_single":["https:\/\/rmvapesale.com\/wp-content\/uploads\/2024\/11\/WASPE-40000-Rechargeable-Disposable-Vape-600x600.jpg",600,600,true],"woocommerce_gallery_thumbnail":["https:\/\/rmvapesale.com\/wp-content\/uploads\/2024\/11\/WASPE-40000-Rechargeable-Disposable-Vape-100x100.jpg",100,100,true],"wcpr-photo-reviews":["https:\/\/rmvapesale.com\/wp-content\/uploads\/2024\/11\/WASPE-40000-Rechargeable-Disposable-Vape.jpg",500,500,false]},"uagb_author_info":{"display_name":"AMY","author_link":"https:\/\/rmvapesale.com\/sv\/author\/"},"uagb_comment_info":0,"uagb_excerpt":"WASPE Vape 40000 Puffs device stands out with its dual-flavor technology and 40,000-puff capacity, making it a top choice for anyone looking to combine convenience with an exceptional vaping experience. WhatsApp: +86 17776015835 &nbsp;","_links":{"self":[{"href":"https:\/\/rmvapesale.com\/sv\/wp-json\/wp\/v2\/product\/2761","targetHints":{"allow":["GET"]}}],"collection":[{"href":"https:\/\/rmvapesale.com\/sv\/wp-json\/wp\/v2\/product"}],"about":[{"href":"https:\/\/rmvapesale.com\/sv\/wp-json\/wp\/v2\/types\/product"}],"replies":[{"embeddable":true,"href":"https:\/\/rmvapesale.com\/sv\/wp-json\/wp\/v2\/comments?post=2761"}],"wp:featuredmedia":[{"embeddable":true,"href":"https:\/\/rmvapesale.com\/sv\/wp-json\/wp\/v2\/media\/2759"}],"wp:attachment":[{"href":"https:\/\/rmvapesale.com\/sv\/wp-json\/wp\/v2\/media?parent=2761"}],"wp:term":[{"taxonomy":"product_brand","embeddable":true,"href":"https:\/\/rmvapesale.com\/sv\/wp-json\/wp\/v2\/product_brand?post=2761"},{"taxonomy":"product_cat","embeddable":true,"href":"https:\/\/rmvapesale.com\/sv\/wp-json\/wp\/v2\/product_cat?post=2761"},{"taxonomy":"product_tag","embeddable":true,"href":"https:\/\/rmvapesale.com\/sv\/wp-json\/wp\/v2\/product_tag?post=2761"}],"curies":[{"name":"wp","href":"https:\/\/api.w.org\/{rel}","templated":true}]}}