{"id":2767,"date":"2024-11-21T08:44:14","date_gmt":"2024-11-21T08:44:14","guid":{"rendered":"https:\/\/rmvapesale.com\/?post_type=product&#038;p=2767"},"modified":"2024-11-21T09:11:37","modified_gmt":"2024-11-21T09:11:37","slug":"jnr-alien-10000-puffs-rechargeable-disposable-vape-bulk-price","status":"publish","type":"product","link":"https:\/\/rmvapesale.com\/sv\/product\/jnr-alien-10000-puffs-rechargeable-disposable-vape-bulk-price\/","title":{"rendered":"JNR Alien 10000 Puffar Uppladdningsbar Eng\u00e5ngs Vape Bulk Pris"},"content":{"rendered":"<div class=\"B2VR9 CJHX3e\">\n<div class=\"wyccme\">\n<h1 class=\"LC20lb MBeuO DKV0Md\">JNR Alien 10000 Puffar Uppladdningsbar Eng\u00e5ngs Vape Bulk Pris<\/h1>\n<div class=\"flex-shrink-0 flex flex-col relative items-end\">\n<div class=\"pt-0\">\n<div class=\"gizmo-bot-avatar flex h-8 w-8 items-center justify-center overflow-hidden rounded-full\">\n<div class=\"relative p-1 rounded-sm flex items-center justify-center bg-token-main-surface-primary text-token-text-primary h-8 w-8\">\n<p>Den <strong>JNR Alien 10000 Puffar P\u00e5fyllningsbar Eng\u00e5ngsvape<\/strong> \u00e4r utformad f\u00f6r dem som prioriterar b\u00e5de bekv\u00e4mlighet och prestanda. Med en f\u00f6rfylld <strong>20ml e-liquid kapacitet<\/strong>, erbjuder denna enhet upp till <strong>10 000 bloss<\/strong>, vilket s\u00e4kerst\u00e4ller f\u00f6rl\u00e4ngda vaping-sessioner utan frekventa byten. Drivs av en p\u00e5litlig <strong>850mAh uppladdningsbart batteri<\/strong>, den ger konsekvent \u00e5ngproduktion, och den avancerade <strong>mesh coil-teknologi<\/strong> f\u00f6rb\u00e4ttrar b\u00e5de smak och molnproduktion f\u00f6r en f\u00f6rh\u00f6jd upplevelse. Alien JNR 10000 Utformad f\u00f6r <strong>MTL (mun-till-lunga) vaping<\/strong>, denna enhet har en problemfri <strong>drag-aktiverad mekanism<\/strong>, vilket g\u00f6r den perfekt f\u00f6r anv\u00e4ndare som f\u00f6redrar enkelhet utan att kompromissa med prestanda.<\/p>\n<p>Kompakt och b\u00e4rbar, den <strong>JNR Alien 10000 P\u00e5fyllningsbar Vape<\/strong> \u00e4r idealisk f\u00f6r vaping p\u00e5 spr\u00e5ng. Det p\u00e5fyllningsbara batteriet st\u00f6djer l\u00e5ngvarig anv\u00e4ndning, och den l\u00e4tta designen g\u00f6r den enkel att b\u00e4ra med sig. Med en <strong>5% nikotinstyrka<\/strong>, ger den ett tillfredsst\u00e4llande slag som tillgodoser anv\u00e4ndare som s\u00f6ker en kraftfull men \u00e4nd\u00e5 mjuk vapingupplevelse. Oavsett om du \u00e4r \u00e5terf\u00f6rs\u00e4ljare eller stork\u00f6pare, erbjuder <strong>JNR Alien 10000 Puffar<\/strong> exceptionellt v\u00e4rde till <strong>partipris<\/strong>, vilket g\u00f6r den till en framst\u00e5ende produkt f\u00f6r vape grossistbehov.<\/p>\n<\/div>\n<\/div>\n<\/div>\n<\/div>\n<\/div>\n<\/div>\n<p><strong>Kontakta Amy f\u00f6r att f\u00e5 r\u00e4tt svar och vape-kupong!<\/strong><\/p>\n<p><img loading=\"lazy\" decoding=\"async\" class=\"size-full wp-image-1978\" src=\"https:\/\/rmvapesale.com\/wp-content\/uploads\/2024\/09\/Disposable-Vape-Wholesale.jpg\" alt=\"Eng\u00e5ngsvape Partihandel\" width=\"229\" height=\"300\" \/><\/p>\n<h3><a href=\"https:\/\/wa.me\/8617776015835\" target=\"_blank\" rel=\"noopener\"><span style=\"color: #ff0000\"><strong>WhatsApp: +86 17776015835<\/strong><\/span><\/a><\/h3>\n<p>&nbsp;<\/p>\n<h2><\/h2>\n<h2><strong>JNR Alien 10000 Puffar Nyckelfunktioner<\/strong><\/h2>\n<ul>\n<li><strong>Levererar upp till 10 000 puffar per enhet<\/strong><\/li>\n<li><strong>20 ml e-v\u00e4tska f\u00f6rfylld f\u00f6r f\u00e4rre byten<\/strong><\/li>\n<li><strong>850mAh uppladdningsbart batteri f\u00f6r l\u00e4ngre sessioner<\/strong><\/li>\n<li><strong>Mesh-spoleteknologi f\u00f6rb\u00e4ttrar smak och \u00e5nga<\/strong><\/li>\n<li><strong>Kompakt, dragaktiverad design f\u00f6r enkel vaping<\/strong><\/li>\n<\/ul>\n<h2><\/h2>\n<h2><strong>Topp Smak f\u00f6r JNR Alien 10kPuffs<\/strong><\/h2>\n<p>1. Svart Drake Is<br \/>\n2. Blue Razz Cherry <span style=\"color: #ff0000\"><strong>&gt;&gt;&gt;&gt; Het!<\/strong><\/span><br \/>\n3. Blue Razz Ice <span style=\"color: #ff0000\"><strong>&gt;&gt;&gt;&gt; Het!<\/strong><\/span><br \/>\n4. Bl\u00e5b\u00e4r Bubbelgum<br \/>\n5. Bl\u00e5b\u00e4r K\u00f6rsb\u00e4r Tranb\u00e4r<br \/>\n6. Bl\u00e5b\u00e4r P\u00e5 Is<br \/>\n7. Bl\u00e5b\u00e4r Sur Hallon<br \/>\n8. Fizzig K\u00f6rsb\u00e4rs Cola<br \/>\n9. Druva Is<br \/>\n10. Guava Is<br \/>\n11. Kiwi Passionfrukt Guava<br \/>\n12. Jordgubbar Kiwi<br \/>\n13. Blandade B\u00e4r<br \/>\n14. Mr. Blue<br \/>\n15. Passionfrukt<br \/>\n16. Persikab\u00e4r<br \/>\n17. Persika Bl\u00e5b\u00e4r Godis<br \/>\n18. Persika Is<br \/>\n19. Persika Mango Ananas <span style=\"color: #ff0000\"><strong>&gt;&gt;&gt;&gt; Het!<\/strong><\/span><br \/>\n20. Sur \u00c4pple<br \/>\n21. Jordgubbs Banan<br \/>\n22. Jordgubb Is<br \/>\n23. Jordgubb Hallon K\u00f6rsb\u00e4r Is <span style=\"color: #ff0000\"><strong>&gt;&gt;&gt;&gt; B\u00e4st!<\/strong><\/span><br \/>\n24. Jordgubb Vattenmelon Is<br \/>\n25. Jordgubb Vattenmelon Lemonad<br \/>\n26. Watermelon Bubblegum<br \/>\n27. Watermelon Is<br \/>\n28. Banan Is<br \/>\n29. Bl\u00e5b\u00e4r Kiwi<br \/>\n30. K\u00f6rsb\u00e4r B\u00e4r<br \/>\n31. Cola Is<br \/>\n32. Kall Mint<br \/>\n33. Dubbel \u00c4pple<br \/>\n34. Gummy Bj\u00f6rn<br \/>\n35. Lyxig Is<br \/>\n36. Hallon Watermelon<br \/>\n37. Jordgubbs Godis Is<br \/>\n38. Jordgubbs Pi\u00f1a Colada<br \/>\n39. Jordgubb Granat\u00e4pple<br \/>\n40. Jordgubbs Hallon Is<br \/>\n41. Tropisk Punch<br \/>\n42. Watermelon Brazz Is<br \/>\n43. Watermelon Litchi<\/p>\n<p>&nbsp;<\/p>\n<h3><strong>Varf\u00f6r v\u00e4lja Rmvapesale f\u00f6r Alien JNR 10000 Puffar <\/strong><strong>V<\/strong><strong>Vape Partihandel<\/strong><strong>?<\/strong><\/h3>\n<div class=\"flex-shrink-0 flex flex-col relative items-end\">\n<div class=\"pt-0\">\n<div class=\"gizmo-bot-avatar flex h-8 w-8 items-center justify-center overflow-hidden rounded-full\">\n<div class=\"relative p-1 rounded-sm flex items-center justify-center bg-token-main-surface-primary text-token-text-primary h-8 w-8\">\n<p>V\u00e4lkommen till Rmvapesale, din p\u00e5litliga vapebutik f\u00f6r f\u00f6rstklassiga eng\u00e5ngsvapes. Med \u00f6ver 5 \u00e5rs expertis, erbjuder vi popul\u00e4ra varum\u00e4rken f\u00f6r eng\u00e5ngsvapes som Al Fakher, <a href=\"https:\/\/rmvapesale.com\/sv\/product-category\/bang-vapes\/\">Bang Vape<\/a>, Waspe, WGA Vape och<a href=\"https:\/\/rmvapesale.com\/sv\/product-category\/randm-fumot-vape\/\"> RandM Vape<\/a>.<\/p>\n<p>V\u00e5rt sortiment inkluderar popul\u00e4ra vapes som <a href=\"https:\/\/rmvapesale.com\/sv\/product\/randm-tornado-15000-puffs-vape-wholesale\/\">RandM Tornado 15000<\/a> och smakrika val som Vapme 70000. Varje produkt \u00e4r utvald med fokus p\u00e5 kvalitet, v\u00e4rde och variation, vilket s\u00e4kerst\u00e4ller att du hittar den perfekta matchningen f\u00f6r dina behov. Uppt\u00e4ck exceptionell service och ett brett utbud av topprodukter p\u00e5 Rmvapesale.<\/p>\n<\/div>\n<h3><\/h3>\n<div class=\"relative p-1 rounded-sm flex items-center justify-center bg-token-main-surface-primary text-token-text-primary h-8 w-8\">\n<h3><b> Vanliga fr\u00e5gor f\u00f6r <\/b><b>Alien JNR 10000 P\u00e5fyllbar Eng\u00e5ngsvape<\/b><\/h3>\n<div class=\"group\/conversation-turn relative flex w-full min-w-0 flex-col agent-turn\">\n<div class=\"flex-col gap-1 md:gap-3\">\n<div class=\"flex max-w-full flex-col flex-grow\">\n<div class=\"min-h-8 text-message flex w-full flex-col items-end gap-2 whitespace-normal break-words [.text-message+&amp;]:mt-5\" dir=\"auto\" data-message-author-role=\"assistant\" data-message-id=\"00c9b302-bc9c-4550-94ba-5a295efa2be3\" data-message-model-slug=\"gpt-4o\">\n<div class=\"flex w-full flex-col gap-1 empty:hidden first:pt-[3px]\">\n<div class=\"markdown prose w-full break-words dark:prose-invert light\">\n<div class=\"flex-shrink-0 flex flex-col relative items-end\">\n<div>\n<div class=\"pt-0\">\n<div class=\"gizmo-bot-avatar flex h-8 w-8 items-center justify-center overflow-hidden rounded-full\">\n<div class=\"relative p-1 rounded-sm flex items-center justify-center bg-token-main-surface-primary text-token-text-primary h-8 w-8\">\n<div class=\"flex-shrink-0 flex flex-col relative items-end\">\n<div>\n<div class=\"pt-0\">\n<div class=\"gizmo-bot-avatar flex h-8 w-8 items-center justify-center overflow-hidden rounded-full\">\n<div class=\"relative p-1 rounded-sm flex items-center justify-center bg-token-main-surface-primary text-token-text-primary h-8 w-8\">\n<p><strong>1. Hur mycket nikotin finns i en JNR 10000 Eng\u00e5ngsvape?<\/strong><br \/>\nDen <strong>JNR Alien 10k Eng\u00e5ngsvape<\/strong> inneh\u00e5ller <strong>5% nikotinstyrka (50mg)<\/strong>, som erbjuder en kraftfull men \u00e4nd\u00e5 mjuk nikotinupplevelse.<\/p>\n<p><strong>2. Var kan jag k\u00f6pa JNR Alien 10k Puffs till grossistpris?<\/strong><br \/>\nDu kan k\u00f6pa <strong>JNR Alien 10k Puffs<\/strong> at <strong>grossistpriser<\/strong> genom p\u00e5litliga vape-grossister, distribut\u00f6rer eller onlineplattformar som specialiserar sig p\u00e5 bulkf\u00f6rs\u00e4ljning av vape.<\/p>\n<p><strong>3. Hur vet jag n\u00e4r min JNR 10000 Puffs Smart Vape \u00e4r tom?<\/strong><br \/>\nDin <strong>JNR 10000 Vape<\/strong> kan vara tom om du m\u00e4rker en br\u00e4nd eller obehaglig smak, minskad \u00e5ngproduktion eller att enheten inte l\u00e4ngre aktiveras vid anv\u00e4ndning.<\/p>\n<p><strong>4. Hur l\u00e4nge h\u00e5ller smaken i den eng\u00e5ngsvapepenna JNR 10000?<\/strong><br \/>\nSmakerna i <strong>JNR Alien 10000<\/strong> f\u00f6rblir konsekventa och tillfredsst\u00e4llande under hela dess anv\u00e4ndning <strong>10 000 bloss<\/strong>, vilket s\u00e4kerst\u00e4ller att smaken inte kompromissas.<\/p>\n<p><strong>5. Vilka \u00e4r de popul\u00e4ra smakerna f\u00f6r JNR Alien 10k Puffs eng\u00e5ngsvape?<\/strong><br \/>\nTopp-smaker f\u00f6r <strong>JNR Alien 10k Puffs<\/strong> inkluderar Mango Ice, Jordgubb Watermelon, Bl\u00e5b\u00e4r Hallon och Kall Mint, som tillgodoser olika preferenser.<\/p>\n<p><strong>6. Hur m\u00e5nga bloss ger JNR 10000 Vape?<\/strong><br \/>\nDen <strong>JNR Alien 10k Vape<\/strong> cURL Too many subrequests. <strong>10 000 bloss<\/strong>, vilket g\u00f6r det till ett l\u00e5ngvarigt och bekv\u00e4mt alternativ f\u00f6r b\u00e5de tung- och casual-vapare.<\/p>\n<p><strong>7. Hur l\u00e5ng tid tar det att ladda en JNR 10000 Puffs Rechargeable Vape?<\/strong><br \/>\nDen <strong>JNR 10000 Puffs Vape<\/strong> laddar fullt p\u00e5 ungef\u00e4r <strong>1 till 1,5 timmar<\/strong>, tack vare dess effektiva <strong>Type-C laddningsport<\/strong>.<\/p>\n<\/div>\n<\/div>\n<\/div>\n<\/div>\n<\/div>\n<\/div>\n<\/div>\n<\/div>\n<\/div>\n<\/div>\n<div class=\"group\/conversation-turn relative flex w-full min-w-0 flex-col agent-turn\">\n<div class=\"flex-col gap-1 md:gap-3\">\n<div class=\"flex max-w-full flex-col flex-grow\">\n<div class=\"min-h-8 text-message flex w-full flex-col items-end gap-2 whitespace-normal break-words [.text-message+&amp;]:mt-5\" dir=\"auto\" data-message-author-role=\"assistant\" data-message-id=\"a3dc01bd-23b0-4fd7-bb9a-7827522cefd8\" data-message-model-slug=\"gpt-4o\">\n<div class=\"flex w-full flex-col gap-1 empty:hidden first:pt-[3px]\"><\/div>\n<\/div>\n<\/div>\n<\/div>\n<\/div>\n<\/div>\n<\/div>\n<\/div>\n<\/div>\n<\/div>\n<\/div>\n<\/div>\n<\/div>\n<\/div>\n<\/div>\n<h3>Om frakt<\/h3>\n<div class=\"flex-shrink-0 flex flex-col relative items-end\">\n<div>\n<div class=\"pt-0\">\n<div class=\"gizmo-bot-avatar flex h-8 w-8 items-center justify-center overflow-hidden rounded-full\">\n<div><\/div>\n<div class=\"relative p-1 rounded-sm flex items-center justify-center bg-token-main-surface-primary text-token-text-primary h-8 w-8\"><strong>1. Vilka fraktmetoder anv\u00e4nds?<\/strong><\/div>\n<\/div>\n<\/div>\n<\/div>\n<\/div>\n<div class=\"group\/conversation-turn relative flex w-full min-w-0 flex-col agent-turn\">\n<div class=\"flex-col gap-1 md:gap-3\">\n<div class=\"flex max-w-full flex-col flex-grow\">\n<div class=\"min-h-[20px] text-message flex w-full flex-col items-end gap-2 whitespace-normal break-words [.text-message+&amp;]:mt-5 overflow-x-auto\" dir=\"auto\" data-message-author-role=\"assistant\" data-message-id=\"22f8283b-3233-46ff-89a5-c7a41b33abda\">\n<div class=\"flex w-full flex-col gap-1 empty:hidden first:pt-[3px]\">\n<div class=\"markdown prose w-full break-words dark:prose-invert light\">\n<p>Vi samarbetar med UPS, DHL, FedEx, DPD och andra ledande transport\u00f6rer. Vi v\u00e4ljer det b\u00e4sta frakts\u00e4ttet baserat p\u00e5 din leveransadress f\u00f6r att s\u00e4kerst\u00e4lla att du f\u00e5r dina produkter s\u00e5 snabbt som m\u00f6jligt.<\/p>\n<\/div>\n<p><strong>2. Hur l\u00e5ng tid tar det att komma fram?<\/strong><\/p>\n<p>Paket som skickas till Sverige anl\u00e4nder vanligtvis inom 10 arbetsdagar. Leveranser till europeiska l\u00e4nder tar generellt cirka 12-15 arbetsdagar. Vi kommer att ge uppdateringar i realtid om din leveransstatus.<\/p>\n<\/div>\n<\/div>\n<\/div>\n<\/div>\n<\/div>\n<p>&nbsp;<\/p>\n<p>Hitta fler vape-produkter du kanske gillar:<strong><em><a href=\"https:\/\/rmvapesale.com\/sv\/shop-2\/\">handla nu &gt;&gt;&gt;<\/a><\/em><\/strong><\/p>","protected":false},"excerpt":{"rendered":"<p>Den <strong>JNR Alien 10000 Puffar P\u00e5fyllningsbar Eng\u00e5ngsvape<\/strong> \u00e4r utformad f\u00f6r dem som prioriterar b\u00e5de bekv\u00e4mlighet och prestanda. Med en f\u00f6rfylld <strong>20ml e-liquid kapacitet<\/strong>, erbjuder denna enhet upp till <strong>10 000 bloss<\/strong>, vilket s\u00e4kerst\u00e4ller f\u00f6rl\u00e4ngda vaping-sessioner utan frekventa byten.<\/p>\n<p><img loading=\"lazy\" decoding=\"async\" class=\"size-full wp-image-2375\" src=\"https:\/\/rmvapesale.com\/wp-content\/uploads\/2024\/10\/image.png\" alt=\"B\u00e4sta eng\u00e5ngsvape\" width=\"229\" height=\"300\" \/><\/p>\n<h3><a href=\"https:\/\/wa.me\/8617776015835\"><span style=\"color: #ff0000\"><strong>WhatsApp: +86 17776015835<\/strong><\/span><\/a><\/h3>\n<p>&nbsp;<\/p>","protected":false},"featured_media":2762,"comment_status":"open","ping_status":"closed","template":"","meta":{"_uag_custom_page_level_css":"","_lmt_disableupdate":"no","_lmt_disable":"","site-sidebar-layout":"default","site-content-layout":"content-boxed-container","ast-site-content-layout":"normal-width-container","site-content-style":"boxed","site-sidebar-style":"unboxed","ast-global-header-display":"","ast-banner-title-visibility":"","ast-main-header-display":"","ast-hfb-above-header-display":"","ast-hfb-below-header-display":"","ast-hfb-mobile-header-display":"","site-post-title":"","ast-breadcrumbs-content":"","ast-featured-img":"","footer-sml-layout":"","ast-disable-related-posts":"","theme-transparent-header-meta":"default","adv-header-id-meta":"","stick-header-meta":"","header-above-stick-meta":"","header-main-stick-meta":"","header-below-stick-meta":"","astra-migrate-meta-layouts":"set","ast-page-background-enabled":"default","ast-page-background-meta":{"desktop":{"background-color":"var(--ast-global-color-4)","background-image":"","background-repeat":"repeat","background-position":"center center","background-size":"auto","background-attachment":"scroll","background-type":"","background-media":"","overlay-type":"","overlay-color":"","overlay-opacity":"","overlay-gradient":""},"tablet":{"background-color":"","background-image":"","background-repeat":"repeat","background-position":"center center","background-size":"auto","background-attachment":"scroll","background-type":"","background-media":"","overlay-type":"","overlay-color":"","overlay-opacity":"","overlay-gradient":""},"mobile":{"background-color":"","background-image":"","background-repeat":"repeat","background-position":"center center","background-size":"auto","background-attachment":"scroll","background-type":"","background-media":"","overlay-type":"","overlay-color":"","overlay-opacity":"","overlay-gradient":""}},"ast-content-background-meta":{"desktop":{"background-color":"var(--ast-global-color-5)","background-image":"","background-repeat":"repeat","background-position":"center center","background-size":"auto","background-attachment":"scroll","background-type":"","background-media":"","overlay-type":"","overlay-color":"","overlay-opacity":"","overlay-gradient":""},"tablet":{"background-color":"var(--ast-global-color-5)","background-image":"","background-repeat":"repeat","background-position":"center center","background-size":"auto","background-attachment":"scroll","background-type":"","background-media":"","overlay-type":"","overlay-color":"","overlay-opacity":"","overlay-gradient":""},"mobile":{"background-color":"var(--ast-global-color-5)","background-image":"","background-repeat":"repeat","background-position":"center center","background-size":"auto","background-attachment":"scroll","background-type":"","background-media":"","overlay-type":"","overlay-color":"","overlay-opacity":"","overlay-gradient":""}},"_joinchat":[]},"product_brand":[],"product_cat":[15,27,25,123,30,26,28,137,136,135],"product_tag":[223,224,205],"class_list":{"0":"post-2767","1":"product","2":"type-product","3":"status-publish","4":"has-post-thumbnail","6":"product_cat-new-vape-this-week","7":"product_cat-fance-hot-sale-vape","8":"product_cat-germany-best-selling-vape","9":"product_cat-italy-wholesale-vape","10":"product_cat-minimum-order-quantity-50pcs","11":"product_cat-netherlands-hot-sale-vape","12":"product_cat-poland-hot-sale-vape","13":"product_cat-rechargeable-vapes","14":"product_cat-smart-screen-vapes","15":"product_cat-spain-best-hot-sale-vape","16":"product_tag-jnr","17":"product_tag-jnr-10000","18":"product_tag-jnr-vape","19":"desktop-align-left","20":"tablet-align-left","21":"mobile-align-left","23":"first","24":"instock","25":"sale","26":"shipping-taxable","27":"purchasable","28":"product-type-simple"},"uagb_featured_image_src":{"full":["https:\/\/rmvapesale.com\/wp-content\/uploads\/2024\/11\/JNR-Alien-10000-Puffs-Bulk-Price.png",800,800,false],"thumbnail":["https:\/\/rmvapesale.com\/wp-content\/uploads\/2024\/11\/JNR-Alien-10000-Puffs-Bulk-Price-150x150.png",150,150,true],"medium":["https:\/\/rmvapesale.com\/wp-content\/uploads\/2024\/11\/JNR-Alien-10000-Puffs-Bulk-Price-300x300.png",300,300,true],"medium_large":["https:\/\/rmvapesale.com\/wp-content\/uploads\/2024\/11\/JNR-Alien-10000-Puffs-Bulk-Price-768x768.png",768,768,true],"large":["https:\/\/rmvapesale.com\/wp-content\/uploads\/2024\/11\/JNR-Alien-10000-Puffs-Bulk-Price.png",800,800,false],"1536x1536":["https:\/\/rmvapesale.com\/wp-content\/uploads\/2024\/11\/JNR-Alien-10000-Puffs-Bulk-Price.png",800,800,false],"2048x2048":["https:\/\/rmvapesale.com\/wp-content\/uploads\/2024\/11\/JNR-Alien-10000-Puffs-Bulk-Price.png",800,800,false],"trp-custom-language-flag":["https:\/\/rmvapesale.com\/wp-content\/uploads\/2024\/11\/JNR-Alien-10000-Puffs-Bulk-Price.png",12,12,false],"woocommerce_thumbnail":["https:\/\/rmvapesale.com\/wp-content\/uploads\/2024\/11\/JNR-Alien-10000-Puffs-Bulk-Price-300x300.png",300,300,true],"woocommerce_single":["https:\/\/rmvapesale.com\/wp-content\/uploads\/2024\/11\/JNR-Alien-10000-Puffs-Bulk-Price-600x600.png",600,600,true],"woocommerce_gallery_thumbnail":["https:\/\/rmvapesale.com\/wp-content\/uploads\/2024\/11\/JNR-Alien-10000-Puffs-Bulk-Price-100x100.png",100,100,true],"wcpr-photo-reviews":["https:\/\/rmvapesale.com\/wp-content\/uploads\/2024\/11\/JNR-Alien-10000-Puffs-Bulk-Price.png",500,500,false]},"uagb_author_info":{"display_name":"AMY","author_link":"https:\/\/rmvapesale.com\/sv\/author\/"},"uagb_comment_info":0,"uagb_excerpt":"The JNR Alien 10000 Puffs Rechargeable Disposable Vape is engineered for those who prioritize both convenience and performance. With a pre-filled 20ml e-liquid capacity, this device offers up to 10,000 puffs, ensuring extended vaping sessions without frequent replacements. WhatsApp: +86 17776015835 &nbsp;","_links":{"self":[{"href":"https:\/\/rmvapesale.com\/sv\/wp-json\/wp\/v2\/product\/2767","targetHints":{"allow":["GET"]}}],"collection":[{"href":"https:\/\/rmvapesale.com\/sv\/wp-json\/wp\/v2\/product"}],"about":[{"href":"https:\/\/rmvapesale.com\/sv\/wp-json\/wp\/v2\/types\/product"}],"replies":[{"embeddable":true,"href":"https:\/\/rmvapesale.com\/sv\/wp-json\/wp\/v2\/comments?post=2767"}],"wp:featuredmedia":[{"embeddable":true,"href":"https:\/\/rmvapesale.com\/sv\/wp-json\/wp\/v2\/media\/2762"}],"wp:attachment":[{"href":"https:\/\/rmvapesale.com\/sv\/wp-json\/wp\/v2\/media?parent=2767"}],"wp:term":[{"taxonomy":"product_brand","embeddable":true,"href":"https:\/\/rmvapesale.com\/sv\/wp-json\/wp\/v2\/product_brand?post=2767"},{"taxonomy":"product_cat","embeddable":true,"href":"https:\/\/rmvapesale.com\/sv\/wp-json\/wp\/v2\/product_cat?post=2767"},{"taxonomy":"product_tag","embeddable":true,"href":"https:\/\/rmvapesale.com\/sv\/wp-json\/wp\/v2\/product_tag?post=2767"}],"curies":[{"name":"wp","href":"https:\/\/api.w.org\/{rel}","templated":true}]}}