{"id":2799,"date":"2024-11-28T03:16:57","date_gmt":"2024-11-28T03:16:57","guid":{"rendered":"https:\/\/rmvapesale.com\/?post_type=product&#038;p=2799"},"modified":"2024-11-28T03:38:01","modified_gmt":"2024-11-28T03:38:01","slug":"wga-30000-puffs-double-flavors-refillable-disposable-vape-bulk-price","status":"publish","type":"product","link":"https:\/\/rmvapesale.com\/sv\/product\/wga-30000-puffs-double-flavors-refillable-disposable-vape-bulk-price\/","title":{"rendered":"WGA 30000 Puff Dubbla Smaker P\u00e5fyllningsbar Eng\u00e5ngs-Vape Partipris"},"content":{"rendered":"<div class=\"B2VR9 CJHX3e\">\n<div class=\"wyccme\">\n<h1 class=\"LC20lb MBeuO DKV0Md\">WGA 30000 Puffs Dubbla Smaker P\u00e5fyllningsbar Eng\u00e5ngs Vape Partipris<\/h1>\n<div class=\"flex-shrink-0 flex flex-col relative items-end\">\n<div class=\"pt-0\">\n<div class=\"gizmo-bot-avatar flex h-8 w-8 items-center justify-center overflow-hidden rounded-full\">\n<div class=\"relative p-1 rounded-sm flex items-center justify-center bg-token-main-surface-primary text-token-text-primary h-8 w-8\">\n<p>Den <strong>WGA 30000 Puffs Dubbla Smaker P\u00e5fyllningsbar Eng\u00e5ngs Vape<\/strong>, en revolutionerande enhet designad f\u00f6r vejpare som s\u00f6ker o\u00f6vertr\u00e4ffad m\u00e5ngsidighet och prestanda. Med en kapacitet p\u00e5 <strong>30 000 bloss<\/strong>, erbjuder denna vape en otroligt l\u00e5ngvarig upplevelse, perfekt f\u00f6r l\u00e5ngvarig anv\u00e4ndning eller partik\u00f6p. Det <strong>dubbla smaksystemet<\/strong> g\u00f6r det m\u00f6jligt f\u00f6r anv\u00e4ndare att s\u00f6ml\u00f6st v\u00e4xla mellan tv\u00e5 smaker, vilket ger en dynamisk vejpupplevelse som aldrig blir enformig. Varje enhet har en <strong>2 ml f\u00f6rfylld e-v\u00e4tskekapacitet<\/strong> , tillsammans med ett extra <strong>20 ml p\u00e5fyllningsbart fack<\/strong>, vilket garanterar flexibilitet och f\u00f6rb\u00e4ttrad smak-kontroll. Drivs av ett <strong>650mAh typ-C uppladdningsbart batteri<\/strong> och utrustad med en <strong>mesh coil<\/strong>, levererar denna enhet konsekvent, j\u00e4mn \u00e5nga med optimal smak.<\/p>\n<p>Den <strong>WGA 30k vape<\/strong> \u00e4r utformad f\u00f6r bekv\u00e4mlighet och funktionalitet, med en <strong>LED digitala displayen<\/strong> som h\u00e5ller dig informerad om batteri- och e-v\u00e4tskeniv\u00e5erna. Med en <strong>2% nikotinstyrka<\/strong>, den passar f\u00f6r dem som s\u00f6ker ett tillfredsst\u00e4llande alternativ med l\u00e5g nikotinhalt. V\u00e4lj bland <strong>15+ premiumsmaker<\/strong>, var och en utformad f\u00f6r att ge en enast\u00e5ende smakupplevelse. Perfekt f\u00f6r grossistk\u00f6pare eller enskilda anv\u00e4ndare, denna wga 30k <strong>smart eng\u00e5ngsvape<\/strong> kombinerar stil, innovation och prestanda f\u00f6r en f\u00f6rh\u00f6jd vapingupplevelse.<\/p>\n<\/div>\n<\/div>\n<\/div>\n<\/div>\n<\/div>\n<\/div>\n<p><strong>Kontakta Amy f\u00f6r att f\u00e5 r\u00e4tt svar och vape-kupong!<\/strong><\/p>\n<p><img loading=\"lazy\" decoding=\"async\" class=\"size-full wp-image-1978\" src=\"https:\/\/rmvapesale.com\/wp-content\/uploads\/2024\/09\/Disposable-Vape-Wholesale.jpg\" alt=\"Eng\u00e5ngsvape Partihandel\" width=\"229\" height=\"300\" \/><\/p>\n<h3><a href=\"https:\/\/wa.me\/8617776015835\" target=\"_blank\" rel=\"noopener\"><span style=\"color: #ff0000\"><strong>WhatsApp: +86 17776015835<\/strong><\/span><\/a><\/h3>\n<p>&nbsp;<\/p>\n<h2><\/h2>\n<h2><strong>WGA 30000 Puffs Huvudfunktioner<\/strong><\/h2>\n<ul>\n<li>Upp till <strong>30 000 bloss<\/strong> f\u00f6r ut\u00f6kad anv\u00e4ndning<\/li>\n<li><strong>Dubbelsystem f\u00f6r smaker<\/strong> f\u00f6r en dynamisk och anpassningsbar upplevelse<\/li>\n<li><strong>650mAh typ-C uppladdningsbart batteri<\/strong> s\u00e4kerst\u00e4ller snabb laddning<\/li>\n<li><strong>LED-displayen<\/strong> visar batteri- och e-v\u00e4tskeniv\u00e5er<\/li>\n<li>Inkluderar <strong>2ml+20ml p\u00e5fyllningsbar e-v\u00e4tskekapacitet<\/strong> f\u00f6r extra flexibilitet<\/li>\n<\/ul>\n<h2><strong>Toppsmak f\u00f6r WGA 30K<\/strong><\/h2>\n<p>1.Glacier Mint + Triple Menthol<br \/>\n2.Limon Lime + Lemon Slush<br \/>\n3.F1zzy Cherry +Cherry Raspberry <span style=\"color: #ff0000\"><strong>&gt;&gt;&gt;&gt; Het!<\/strong><\/span><br \/>\n4.Vattenmelonis + Dubbel\u00e4pple<br \/>\n5.Ananas-is + Saftig Mango<br \/>\n6.Gummibj\u00f6rn + Skittles<br \/>\n7.Bl\u00e5hallon-k\u00f6rsb\u00e4r + Skittles<br \/>\n8.Mr Bl\u00e5 + Bl\u00e5 Sur Hallon <span style=\"color: #ff0000\"><strong>&gt;&gt;&gt;&gt; Het!<\/strong><\/span><br \/>\n9.Sakuradruva + Druv-gummibj\u00f6rn<br \/>\n10.Bl\u00e5b\u00e4r-hallon-k\u00f6rsb\u00e4r + Bl\u00e5b\u00e4r-jordgubbe-tranb\u00e4r<br \/>\n11.Saftig Persika + Mango Persika Vattenmelon<br \/>\n12.Jordgubbe-hallon-is + Jordgubbs-Skittles <span style=\"color: #ff0000\"><strong>&gt;&gt;&gt;&gt; B\u00e4st!<\/strong><\/span><br \/>\n13.Bl\u00e5b\u00e4r-is + Jordgubbs-is<br \/>\n14.Persika Guava Jordgubb + Saftig Persika<br \/>\n15.Bl\u00e5 Slush + Rosa Slush<\/p>\n<p>&nbsp;<\/p>\n<h3><strong>Varf\u00f6r v\u00e4lja Rmvapesale f\u00f6r WGA 30000 Puffs <\/strong><strong>V<\/strong><strong>Vape Partihandel<\/strong><strong>?<\/strong><\/h3>\n<div class=\"flex-shrink-0 flex flex-col relative items-end\">\n<div class=\"pt-0\">\n<div class=\"gizmo-bot-avatar flex h-8 w-8 items-center justify-center overflow-hidden rounded-full\">\n<div class=\"relative p-1 rounded-sm flex items-center justify-center bg-token-main-surface-primary text-token-text-primary h-8 w-8\">\n<p>V\u00e4lkommen till Rmvapesale, din p\u00e5litliga vapebutik f\u00f6r f\u00f6rstklassiga eng\u00e5ngsvapes. Med \u00f6ver 5 \u00e5rs expertis, erbjuder vi popul\u00e4ra varum\u00e4rken f\u00f6r eng\u00e5ngsvapes som Al Fakher, <a href=\"https:\/\/rmvapesale.com\/sv\/product-category\/bang-vapes\/\">Bang Vape<\/a>, Waspe, WGA Vape och<a href=\"https:\/\/rmvapesale.com\/sv\/product-category\/randm-fumot-vape\/\"> RandM Vape<\/a>.<\/p>\n<p>V\u00e5rt sortiment inkluderar popul\u00e4ra vapes som <a href=\"https:\/\/rmvapesale.com\/sv\/product\/randm-tornado-15000-puffs-vape-wholesale\/\">RandM Tornado 15000<\/a> och smakrika val som Vapme 70000. Varje produkt \u00e4r utvald med fokus p\u00e5 kvalitet, v\u00e4rde och variation, vilket s\u00e4kerst\u00e4ller att du hittar den perfekta matchningen f\u00f6r dina behov. Uppt\u00e4ck exceptionell service och ett brett utbud av topprodukter p\u00e5 Rmvapesale.<\/p>\n<\/div>\n<h3><\/h3>\n<div class=\"relative p-1 rounded-sm flex items-center justify-center bg-token-main-surface-primary text-token-text-primary h-8 w-8\">\n<h3><b> Vanliga fr\u00e5gor f\u00f6r <\/b><b>WGA 30K Uppladdningsbar Eng\u00e5ngsvape<\/b><\/h3>\n<div class=\"group\/conversation-turn relative flex w-full min-w-0 flex-col agent-turn\">\n<div class=\"flex-col gap-1 md:gap-3\">\n<div class=\"flex max-w-full flex-col flex-grow\">\n<div class=\"min-h-8 text-message flex w-full flex-col items-end gap-2 whitespace-normal break-words [.text-message+&amp;]:mt-5\" dir=\"auto\" data-message-author-role=\"assistant\" data-message-id=\"00c9b302-bc9c-4550-94ba-5a295efa2be3\" data-message-model-slug=\"gpt-4o\">\n<div class=\"flex w-full flex-col gap-1 empty:hidden first:pt-[3px]\">\n<div class=\"markdown prose w-full break-words dark:prose-invert light\">\n<div class=\"flex-shrink-0 flex flex-col relative items-end\">\n<div>\n<div class=\"pt-0\">\n<div class=\"gizmo-bot-avatar flex h-8 w-8 items-center justify-center overflow-hidden rounded-full\">\n<div class=\"relative p-1 rounded-sm flex items-center justify-center bg-token-main-surface-primary text-token-text-primary h-8 w-8\">\n<div class=\"flex-shrink-0 flex flex-col relative items-end\">\n<div>\n<div class=\"pt-0\">\n<div class=\"gizmo-bot-avatar flex h-8 w-8 items-center justify-center overflow-hidden rounded-full\">\n<div class=\"relative p-1 rounded-sm flex items-center justify-center bg-token-main-surface-primary text-token-text-primary h-8 w-8\">\n<ul>\n<li><strong>Var man kan k\u00f6pa WGA 30k vape till grossistpris i Sverige<\/strong><br \/>\nDu kan k\u00f6pa <strong>WGA 30k vape<\/strong> till grossistpriser via ansedda online-\u00e5terf\u00f6rs\u00e4ljare och vape-distribut\u00f6rer som skickar till Sverige. Se till att v\u00e4lja betrodda leverant\u00f6rer som specialiserar sig p\u00e5 <strong>vape-grossist<\/strong> f\u00f6r autentiska produkter.<\/li>\n<li><strong>Hur m\u00e5nga bloss ger WGA 30k puff Vape?<\/strong><br \/>\nDen <strong>WGA 30k vape<\/strong> ger imponerande <strong>30 000 bloss<\/strong>, vilket g\u00f6r den idealisk f\u00f6r l\u00e5ngvarig anv\u00e4ndning och stork\u00f6pare.<\/li>\n<li><strong>Hur l\u00e4nge h\u00e5ller den popul\u00e4ra WGA 30000 eng\u00e5ngsvapepennan?<\/strong><br \/>\nLivsl\u00e4ngden p\u00e5 <strong>WGA 30000 vapepenna<\/strong> beror p\u00e5 individuella anv\u00e4ndningsvanor. I genomsnitt kan vanliga anv\u00e4ndare uppleva att den varar mellan <strong>2 till 4 veckor<\/strong>.<\/li>\n<li><strong>Vilka \u00e4r de popul\u00e4ra smakerna f\u00f6r WGA 30k Puff eng\u00e5ngsvapebox?<\/strong><br \/>\nPopul\u00e4ra smaker f\u00f6r <strong>WGA 30k vape<\/strong> inkluderar <strong>Bl\u00e5 Hallon Is<\/strong>, <strong>Jordgubbe Banan<\/strong>, <strong>Sval Mint<\/strong>, och andra urval fr\u00e5n <strong>15+ premiumsmaker<\/strong> tillg\u00e4ngliga.<\/li>\n<li><strong>Hur l\u00e5ng tid tar det att ladda en WGA LEGEND ULTRA 30K Puffs Uppladdningsbar Vape?<\/strong><br \/>\nDen <strong>WGA LEGEND ULTRA 30k<\/strong> vape har en <strong>650mAh typ-C uppladdningsbart batteri<\/strong>, vilket vanligtvis tar cirka <strong>45 minuter till 1 timme<\/strong> att ladda helt.<\/li>\n<li><strong>Hur mycket nikotin finns det i en WGA LEGEND ULTRA 30000 Eng\u00e5ngsvape?<\/strong><br \/>\nDen <strong>WGA LEGEND ULTRA 30000 vape<\/strong> inneh\u00e5ller <strong>2% nikotinstyrka<\/strong>, som erbjuder en tillfredsst\u00e4llande men l\u00e5g-nikotinhaltig upplevelse.<\/li>\n<\/ul>\n<\/div>\n<\/div>\n<\/div>\n<\/div>\n<\/div>\n<\/div>\n<\/div>\n<\/div>\n<\/div>\n<\/div>\n<div class=\"group\/conversation-turn relative flex w-full min-w-0 flex-col agent-turn\">\n<div class=\"flex-col gap-1 md:gap-3\">\n<div class=\"flex max-w-full flex-col flex-grow\">\n<div class=\"min-h-8 text-message flex w-full flex-col items-end gap-2 whitespace-normal break-words [.text-message+&amp;]:mt-5\" dir=\"auto\" data-message-author-role=\"assistant\" data-message-id=\"a3dc01bd-23b0-4fd7-bb9a-7827522cefd8\" data-message-model-slug=\"gpt-4o\">\n<div class=\"flex w-full flex-col gap-1 empty:hidden first:pt-[3px]\"><\/div>\n<\/div>\n<\/div>\n<\/div>\n<\/div>\n<\/div>\n<\/div>\n<\/div>\n<\/div>\n<\/div>\n<\/div>\n<\/div>\n<\/div>\n<\/div>\n<\/div>\n<h3>Om frakt<\/h3>\n<div class=\"flex-shrink-0 flex flex-col relative items-end\">\n<div>\n<div class=\"pt-0\">\n<div class=\"gizmo-bot-avatar flex h-8 w-8 items-center justify-center overflow-hidden rounded-full\">\n<div><\/div>\n<div class=\"relative p-1 rounded-sm flex items-center justify-center bg-token-main-surface-primary text-token-text-primary h-8 w-8\"><strong>1. Vilka fraktmetoder anv\u00e4nds?<\/strong><\/div>\n<\/div>\n<\/div>\n<\/div>\n<\/div>\n<div class=\"group\/conversation-turn relative flex w-full min-w-0 flex-col agent-turn\">\n<div class=\"flex-col gap-1 md:gap-3\">\n<div class=\"flex max-w-full flex-col flex-grow\">\n<div class=\"min-h-[20px] text-message flex w-full flex-col items-end gap-2 whitespace-normal break-words [.text-message+&amp;]:mt-5 overflow-x-auto\" dir=\"auto\" data-message-author-role=\"assistant\" data-message-id=\"22f8283b-3233-46ff-89a5-c7a41b33abda\">\n<div class=\"flex w-full flex-col gap-1 empty:hidden first:pt-[3px]\">\n<div class=\"markdown prose w-full break-words dark:prose-invert light\">\n<p>Vi samarbetar med UPS, DHL, FedEx, DPD och andra ledande transport\u00f6rer. Vi v\u00e4ljer det b\u00e4sta frakts\u00e4ttet baserat p\u00e5 din leveransadress f\u00f6r att s\u00e4kerst\u00e4lla att du f\u00e5r dina produkter s\u00e5 snabbt som m\u00f6jligt.<\/p>\n<\/div>\n<p><strong>2. Hur l\u00e5ng tid tar det att komma fram?<\/strong><\/p>\n<p>Paket som skickas till Sverige anl\u00e4nder vanligtvis inom 10 arbetsdagar. Leveranser till europeiska l\u00e4nder tar generellt cirka 12-15 arbetsdagar. Vi kommer att ge uppdateringar i realtid om din leveransstatus.<\/p>\n<\/div>\n<\/div>\n<\/div>\n<\/div>\n<\/div>\n<p>&nbsp;<\/p>\n<p>Hitta fler vape-produkter du kanske gillar:<strong><em><a href=\"https:\/\/rmvapesale.com\/sv\/shop-2\/\">handla nu &gt;&gt;&gt;<\/a><\/em><\/strong><\/p>","protected":false},"excerpt":{"rendered":"<p>Den <strong>WGA 30000 Puffs Dubbla Smaker P\u00e5fyllningsbar Eng\u00e5ngs Vape<\/strong>, en revolutionerande enhet designad f\u00f6r vejpare som s\u00f6ker o\u00f6vertr\u00e4ffad m\u00e5ngsidighet och prestanda. Med en kapacitet p\u00e5 <strong>30 000 bloss.<\/strong><\/p>\n<p><img loading=\"lazy\" decoding=\"async\" class=\"size-full wp-image-2375\" src=\"https:\/\/rmvapesale.com\/wp-content\/uploads\/2024\/10\/image.png\" alt=\"B\u00e4sta eng\u00e5ngsvape\" width=\"229\" height=\"300\" \/><\/p>\n<h3><a href=\"https:\/\/wa.me\/8617776015835\"><span style=\"color: #ff0000\"><strong>WhatsApp: +86 17776015835<\/strong><\/span><\/a><\/h3>\n<p>&nbsp;<\/p>","protected":false},"featured_media":2796,"comment_status":"open","ping_status":"closed","template":"","meta":{"_uag_custom_page_level_css":"","_lmt_disableupdate":"no","_lmt_disable":"","site-sidebar-layout":"default","site-content-layout":"content-boxed-container","ast-site-content-layout":"normal-width-container","site-content-style":"boxed","site-sidebar-style":"unboxed","ast-global-header-display":"","ast-banner-title-visibility":"","ast-main-header-display":"","ast-hfb-above-header-display":"","ast-hfb-below-header-display":"","ast-hfb-mobile-header-display":"","site-post-title":"","ast-breadcrumbs-content":"","ast-featured-img":"","footer-sml-layout":"","theme-transparent-header-meta":"default","adv-header-id-meta":"","stick-header-meta":"","header-above-stick-meta":"","header-main-stick-meta":"","header-below-stick-meta":"","astra-migrate-meta-layouts":"set","ast-page-background-enabled":"default","ast-page-background-meta":{"desktop":{"background-color":"var(--ast-global-color-4)","background-image":"","background-repeat":"repeat","background-position":"center center","background-size":"auto","background-attachment":"scroll","background-type":"","background-media":"","overlay-type":"","overlay-color":"","overlay-opacity":"","overlay-gradient":""},"tablet":{"background-color":"","background-image":"","background-repeat":"repeat","background-position":"center center","background-size":"auto","background-attachment":"scroll","background-type":"","background-media":"","overlay-type":"","overlay-color":"","overlay-opacity":"","overlay-gradient":""},"mobile":{"background-color":"","background-image":"","background-repeat":"repeat","background-position":"center center","background-size":"auto","background-attachment":"scroll","background-type":"","background-media":"","overlay-type":"","overlay-color":"","overlay-opacity":"","overlay-gradient":""}},"ast-content-background-meta":{"desktop":{"background-color":"var(--ast-global-color-5)","background-image":"","background-repeat":"repeat","background-position":"center center","background-size":"auto","background-attachment":"scroll","background-type":"","background-media":"","overlay-type":"","overlay-color":"","overlay-opacity":"","overlay-gradient":""},"tablet":{"background-color":"var(--ast-global-color-5)","background-image":"","background-repeat":"repeat","background-position":"center center","background-size":"auto","background-attachment":"scroll","background-type":"","background-media":"","overlay-type":"","overlay-color":"","overlay-opacity":"","overlay-gradient":""},"mobile":{"background-color":"var(--ast-global-color-5)","background-image":"","background-repeat":"repeat","background-position":"center center","background-size":"auto","background-attachment":"scroll","background-type":"","background-media":"","overlay-type":"","overlay-color":"","overlay-opacity":"","overlay-gradient":""}},"_joinchat":[]},"product_brand":[],"product_cat":[15,25,123,26,28,135,27,137,136,30],"product_tag":[229,232,69],"class_list":{"0":"post-2799","1":"product","2":"type-product","3":"status-publish","4":"has-post-thumbnail","6":"product_cat-new-vape-this-week","7":"product_cat-germany-best-selling-vape","8":"product_cat-italy-wholesale-vape","9":"product_cat-netherlands-hot-sale-vape","10":"product_cat-poland-hot-sale-vape","11":"product_cat-spain-best-hot-sale-vape","12":"product_cat-fance-hot-sale-vape","13":"product_cat-rechargeable-vapes","14":"product_cat-smart-screen-vapes","15":"product_cat-minimum-order-quantity-50pcs","16":"product_tag-smart-disposable-vapes","17":"product_tag-wga-30k","18":"product_tag-wga-vape","19":"desktop-align-left","20":"tablet-align-left","21":"mobile-align-left","23":"first","24":"instock","25":"sale","26":"shipping-taxable","27":"purchasable","28":"product-type-simple"},"uagb_featured_image_src":{"full":["https:\/\/rmvapesale.com\/wp-content\/uploads\/2024\/11\/WGA-Legend-Ultra-30000-Disposable-Vape.jpg",1126,1126,false],"thumbnail":["https:\/\/rmvapesale.com\/wp-content\/uploads\/2024\/11\/WGA-Legend-Ultra-30000-Disposable-Vape-150x150.jpg",150,150,true],"medium":["https:\/\/rmvapesale.com\/wp-content\/uploads\/2024\/11\/WGA-Legend-Ultra-30000-Disposable-Vape-300x300.jpg",300,300,true],"medium_large":["https:\/\/rmvapesale.com\/wp-content\/uploads\/2024\/11\/WGA-Legend-Ultra-30000-Disposable-Vape-768x768.jpg",768,768,true],"large":["https:\/\/rmvapesale.com\/wp-content\/uploads\/2024\/11\/WGA-Legend-Ultra-30000-Disposable-Vape-1024x1024.jpg",1024,1024,true],"1536x1536":["https:\/\/rmvapesale.com\/wp-content\/uploads\/2024\/11\/WGA-Legend-Ultra-30000-Disposable-Vape.jpg",1126,1126,false],"2048x2048":["https:\/\/rmvapesale.com\/wp-content\/uploads\/2024\/11\/WGA-Legend-Ultra-30000-Disposable-Vape.jpg",1126,1126,false],"trp-custom-language-flag":["https:\/\/rmvapesale.com\/wp-content\/uploads\/2024\/11\/WGA-Legend-Ultra-30000-Disposable-Vape.jpg",12,12,false],"woocommerce_thumbnail":["https:\/\/rmvapesale.com\/wp-content\/uploads\/2024\/11\/WGA-Legend-Ultra-30000-Disposable-Vape-300x300.jpg",300,300,true],"woocommerce_single":["https:\/\/rmvapesale.com\/wp-content\/uploads\/2024\/11\/WGA-Legend-Ultra-30000-Disposable-Vape-600x600.jpg",600,600,true],"woocommerce_gallery_thumbnail":["https:\/\/rmvapesale.com\/wp-content\/uploads\/2024\/11\/WGA-Legend-Ultra-30000-Disposable-Vape-100x100.jpg",100,100,true],"wcpr-photo-reviews":["https:\/\/rmvapesale.com\/wp-content\/uploads\/2024\/11\/WGA-Legend-Ultra-30000-Disposable-Vape.jpg",500,500,false]},"uagb_author_info":{"display_name":"AMY","author_link":"https:\/\/rmvapesale.com\/sv\/author\/"},"uagb_comment_info":0,"uagb_excerpt":"The WGA 30000 Puffs Double Flavors Refillable Disposable Vape, a revolutionary device designed for vapers seeking unmatched versatility and performance. With a capacity of 30,000 puffs. WhatsApp: +86 17776015835 &nbsp;","_links":{"self":[{"href":"https:\/\/rmvapesale.com\/sv\/wp-json\/wp\/v2\/product\/2799","targetHints":{"allow":["GET"]}}],"collection":[{"href":"https:\/\/rmvapesale.com\/sv\/wp-json\/wp\/v2\/product"}],"about":[{"href":"https:\/\/rmvapesale.com\/sv\/wp-json\/wp\/v2\/types\/product"}],"replies":[{"embeddable":true,"href":"https:\/\/rmvapesale.com\/sv\/wp-json\/wp\/v2\/comments?post=2799"}],"wp:featuredmedia":[{"embeddable":true,"href":"https:\/\/rmvapesale.com\/sv\/wp-json\/wp\/v2\/media\/2796"}],"wp:attachment":[{"href":"https:\/\/rmvapesale.com\/sv\/wp-json\/wp\/v2\/media?parent=2799"}],"wp:term":[{"taxonomy":"product_brand","embeddable":true,"href":"https:\/\/rmvapesale.com\/sv\/wp-json\/wp\/v2\/product_brand?post=2799"},{"taxonomy":"product_cat","embeddable":true,"href":"https:\/\/rmvapesale.com\/sv\/wp-json\/wp\/v2\/product_cat?post=2799"},{"taxonomy":"product_tag","embeddable":true,"href":"https:\/\/rmvapesale.com\/sv\/wp-json\/wp\/v2\/product_tag?post=2799"}],"curies":[{"name":"wp","href":"https:\/\/api.w.org\/{rel}","templated":true}]}}