{"id":2831,"date":"2024-12-02T03:50:09","date_gmt":"2024-12-02T03:50:09","guid":{"rendered":"https:\/\/rmvapesale.com\/?post_type=product&#038;p=2831"},"modified":"2024-12-03T09:57:39","modified_gmt":"2024-12-03T09:57:39","slug":"randm-tornado-15000-puff-fumot-vape-bulk-buy-price","status":"publish","type":"product","link":"https:\/\/rmvapesale.com\/sv\/product\/randm-tornado-15000-puff-fumot-vape-bulk-buy-price\/","title":{"rendered":"RandM Tornado 15000 Puff Fumot Vape Partihandel Pris"},"content":{"rendered":"<div class=\"B2VR9 CJHX3e\">\n<div class=\"wyccme\">\n<h1 class=\"LC20lb MBeuO DKV0Md\">RandM Tornado 15000 Puff Fumot Vape Partihandel Pris<\/h1>\n<div class=\"flex-shrink-0 flex flex-col relative items-end\">\n<div class=\"pt-0\">\n<div class=\"gizmo-bot-avatar flex h-8 w-8 items-center justify-center overflow-hidden rounded-full\">\n<div class=\"relative p-1 rounded-sm flex items-center justify-center bg-token-main-surface-primary text-token-text-primary h-8 w-8\">\n<p>Den <strong>RandM Tornado 15000 Puff Fumot Vape<\/strong> \u00e4r den perfekta blandningen av prestanda och stil, vilket g\u00f6r den till ett toppval f\u00f6r vapare som s\u00f6ker en premium eng\u00e5ngsenhet. Erbjuder en imponerande <strong>15 000 puffar<\/strong>, denna <strong>cURL Too many subrequests.<\/strong> drivs av en <strong>850mAh batteri<\/strong> med snabb och bekv\u00e4m <strong>USB Typ-C-laddning<\/strong>.<\/p>\n<p>En av de utm\u00e4rkande funktionerna \u00e4r dess livfulla <strong>LED-displayen<\/strong>, som ger realtidsuppdateringar om batteriliv och oljeniv\u00e5er. Detta s\u00e4kerst\u00e4ller att du aldrig ov\u00e4ntat f\u00e5r slut p\u00e5 kraft eller e-juice, vilket l\u00e4gger till ett lager av bekv\u00e4mlighet till din vapingupplevelse. Tillsammans med avancerad <strong>mesh coil-teknologi<\/strong>, levererar vape:n konsekvent j\u00e4mn \u00e5nga och rik smak fr\u00e5n b\u00f6rjan till slut.<\/p>\n<p>Med <strong>41 oemotst\u00e5ndliga smaker<\/strong> att v\u00e4lja mellan, inklusive fruktiga, mentol- och dessertinspirerade profiler, finns det n\u00e5got f\u00f6r varje smak. Popul\u00e4ra alternativ som Mango Ice, Jordgubbs vattenmelon och Bl\u00e5b\u00e4r Hallon \u00e4r utformade f\u00f6r att ge en tillfredsst\u00e4llande och uppfriskande upplevelse. Oavsett om du \u00e4r nyb\u00f6rjare eller erfaren vapare, <strong>RandM 15000<\/strong> erbjuder en anpassningsbar nikotinstyrka av <strong>2% eller 5%<\/strong>, som tillgodoser olika preferenser.<\/p>\n<p>Kompakt, b\u00e4rbar och stilren, den <strong>RandM Vape 15000<\/strong> \u00e4r ideal f\u00f6r personligt bruk eller bulkink\u00f6p f\u00f6r <strong>vape-grossist<\/strong>. H\u00f6j din vapingresa med denna innovativa, h\u00f6gpresterande enhet som kombinerar avancerade funktioner med en elegant, anv\u00e4ndarv\u00e4nlig design.<\/p>\n<\/div>\n<\/div>\n<\/div>\n<\/div>\n<\/div>\n<\/div>\n<p><strong>Kontakta Amy f\u00f6r att f\u00e5 r\u00e4tt svar och vape-kupong!<\/strong><\/p>\n<p><img loading=\"lazy\" decoding=\"async\" class=\"size-full wp-image-1978\" src=\"https:\/\/rmvapesale.com\/wp-content\/uploads\/2024\/09\/Disposable-Vape-Wholesale.jpg\" alt=\"Eng\u00e5ngsvape Partihandel\" width=\"229\" height=\"300\" \/><\/p>\n<h3><a href=\"https:\/\/wa.me\/8617776015835\" target=\"_blank\" rel=\"noopener\"><span style=\"color: #ff0000\"><strong>WhatsApp: +86 17776015835<\/strong><\/span><\/a><\/h3>\n<p>&nbsp;<\/p>\n<h2><\/h2>\n<h2><strong>RandM Tornado 15000 Nyckelfunktioner<\/strong><\/h2>\n<ul>\n<li>Upp till 32 000 bloss med dubbla 26 ml pods.<\/li>\n<li>Dubbel smakv\u00e4xling f\u00f6r variation.<\/li>\n<li>Anpassningsbara nikotinniv\u00e5er (0%-5%).<\/li>\n<li>Uppladdningsbart 650mAh-batteri med Typ-C-port.<\/li>\n<li>F\u00f6rb\u00e4ttrad smak via 1,0 ohm Mesh Coil.<\/li>\n<\/ul>\n<h2><strong>Topp Smak f\u00f6r RandM Tornado 15k<\/strong><\/h2>\n<p>&nbsp;<\/p>\n<p>1. Bl\u00e5 Razz Lemonad<br \/>\n2. Persika Is<br \/>\n3. Surt \u00c4pple<br \/>\n4.Vattenmelon Is<br \/>\n5. Bl\u00e5b\u00e4r P\u00e5 Is<br \/>\n6.Bl\u00e5b\u00e4r Hallon<br \/>\n7. Ananas Is<br \/>\n8. K\u00f6rsb\u00e4r<br \/>\n9. Strawberry Ice<br \/>\n10. Vimto<br \/>\n11. Druva Is<br \/>\n12.Cola Is<br \/>\n13. Jordgubbar Vattenmelon<br \/>\n14. Rosa Lemonad<br \/>\n15. Blandade B\u00e4r<br \/>\n16. Persika Mango<br \/>\n17. Drakfrukt<br \/>\n18. Jordgubbar Druva<br \/>\n19. Mr Blue<br \/>\n20.Frodig is<br \/>\n21. Isglasspop<br \/>\n22. Jordgubb Kiwifrukt<br \/>\n23. Kiwifrukt Passionsfrukt Guava<br \/>\n24. Tref\u00e4rgad B\u00e4r<br \/>\n25. Banan Is<br \/>\n26. Persika Bl\u00e5b\u00e4r Godis<br \/>\n27.\u00c4pple Persika P\u00e4ron<br \/>\n28.B\u00e4r Lemonad<br \/>\n29.Bl\u00e5 Hallon K\u00f6rsb\u00e4r<br \/>\n30.Bl\u00e5b\u00e4r Bubbelgum<br \/>\n31.Bl\u00e5b\u00e4r K\u00f6rsb\u00e4r Tranb\u00e4r<br \/>\n32.Bl\u00e5b\u00e4r Granat\u00e4pple<br \/>\n33.Bl\u00e5sur Hallon<br \/>\n34.K\u00f6rsb\u00e4r Cola<br \/>\n35. Gummibj\u00f6rn<br \/>\n36.Citron<br \/>\n37. Mango P\u00e5 Is<br \/>\n38.Red Energy Ice<br \/>\n39.Strawberry Banana<br \/>\n40.Strawberry Red Bull<br \/>\n41.Strawberry Watermelon Lemonade<br \/>\n42. Iste Citron Is<br \/>\n43. Iste Persika Is<br \/>\n44.Fizzy Cherry<br \/>\n45.Skittles<\/p>\n<p>&nbsp;<\/p>\n<h3><strong>Varf\u00f6r v\u00e4lja Rmvapesale f\u00f6r Fumot Vape 15k\u00a0<\/strong><strong>V<\/strong><strong>Vape Partihandel<\/strong><strong>?<\/strong><\/h3>\n<div class=\"flex-shrink-0 flex flex-col relative items-end\">\n<div class=\"pt-0\">\n<div class=\"gizmo-bot-avatar flex h-8 w-8 items-center justify-center overflow-hidden rounded-full\">\n<div class=\"relative p-1 rounded-sm flex items-center justify-center bg-token-main-surface-primary text-token-text-primary h-8 w-8\">\n<p>V\u00e4lkommen till Rmvapesale, din p\u00e5litliga vapebutik f\u00f6r f\u00f6rstklassiga eng\u00e5ngsvapes. Med \u00f6ver 5 \u00e5rs expertis, erbjuder vi popul\u00e4ra varum\u00e4rken f\u00f6r eng\u00e5ngsvapes som Al Fakher, <a href=\"https:\/\/rmvapesale.com\/sv\/product-category\/bang-vapes\/\">Bang Vape<\/a>, Waspe, WGA Vape och<a href=\"https:\/\/rmvapesale.com\/sv\/product-category\/randm-fumot-vape\/\"> RandM Vape<\/a>.<\/p>\n<p>V\u00e5rt sortiment inkluderar popul\u00e4ra vapes som <a href=\"https:\/\/rmvapesale.com\/sv\/product\/randm-tornado-15000-puffs-vape-wholesale\/\">RandM Tornado 15000<\/a> och smakrika val som Vapme 70000. Varje produkt \u00e4r utvald med fokus p\u00e5 kvalitet, v\u00e4rde och variation, vilket s\u00e4kerst\u00e4ller att du hittar den perfekta matchningen f\u00f6r dina behov. Uppt\u00e4ck exceptionell service och ett brett utbud av topprodukter p\u00e5 Rmvapesale.<\/p>\n<\/div>\n<h3><\/h3>\n<div class=\"relative p-1 rounded-sm flex items-center justify-center bg-token-main-surface-primary text-token-text-primary h-8 w-8\">\n<h3><b> FAQ f\u00f6r RandM Vape 15000 <\/b><b>Uppladdningsbar eng\u00e5ngs-vape<\/b><\/h3>\n<div class=\"group\/conversation-turn relative flex w-full min-w-0 flex-col agent-turn\">\n<div class=\"flex-col gap-1 md:gap-3\">\n<div class=\"flex max-w-full flex-col flex-grow\">\n<div class=\"min-h-8 text-message flex w-full flex-col items-end gap-2 whitespace-normal break-words [.text-message+&amp;]:mt-5\" dir=\"auto\" data-message-author-role=\"assistant\" data-message-id=\"00c9b302-bc9c-4550-94ba-5a295efa2be3\" data-message-model-slug=\"gpt-4o\">\n<div class=\"flex w-full flex-col gap-1 empty:hidden first:pt-[3px]\">\n<div class=\"markdown prose w-full break-words dark:prose-invert light\">\n<div class=\"flex-shrink-0 flex flex-col relative items-end\">\n<div>\n<div class=\"pt-0\">\n<div class=\"gizmo-bot-avatar flex h-8 w-8 items-center justify-center overflow-hidden rounded-full\">\n<div class=\"relative p-1 rounded-sm flex items-center justify-center bg-token-main-surface-primary text-token-text-primary h-8 w-8\">\n<div class=\"flex-shrink-0 flex flex-col relative items-end\">\n<div>\n<div class=\"pt-0\">\n<div class=\"gizmo-bot-avatar flex h-8 w-8 items-center justify-center overflow-hidden rounded-full\">\n<div class=\"relative p-1 rounded-sm flex items-center justify-center bg-token-main-surface-primary text-token-text-primary h-8 w-8\">\n<p>&nbsp;<\/p>\n<p><strong>Var kan man k\u00f6pa RandM Tornado 15000 Puff vape till grossistpris i Sverige<\/strong><br \/>\nF\u00f6r att k\u00f6pa RandM Tornado 15000 Puff vape till grossistpriser i Sverige, kontakta auktoriserade distribut\u00f6rer eller online-vape grossistleverant\u00f6rer som specialiserar sig p\u00e5 RandM Vape-produkter. Se till att leverant\u00f6ren erbjuder \u00e4kta produkter och f\u00f6ljer EU-regler.<\/p>\n<p><strong>Hur m\u00e5nga bloss ger Fumot Vape 15000 puff?<\/strong><br \/>\nFumot Vape 15000 ger upp till 15 000 bloss, vilket erbjuder enast\u00e5ende h\u00e5llbarhet och v\u00e4rde f\u00f6r anv\u00e4ndare.<\/p>\n<p><strong>Hur l\u00e4nge h\u00e5ller den popul\u00e4ra RandM Tornado 15k eng\u00e5ngsvape-pennan?<\/strong><br \/>\nRandM Tornado 15k eng\u00e5ngsvape-pennan kan h\u00e5lla i tv\u00e5 till tre veckor f\u00f6r m\u00e5ttliga anv\u00e4ndare, beroende p\u00e5 anv\u00e4ndningsm\u00f6nster och frekvens.<\/p>\n<p><strong>Vilka \u00e4r de popul\u00e4ra smakerna f\u00f6r Fumot 15000 Puffs eng\u00e5ngsbox?<\/strong><br \/>\nPopul\u00e4ra smaker f\u00f6r Fumot 15000 Puffs inkluderar Mango Ice, Jordgubbs-Vattenmelon och Bl\u00e5b\u00e4r-Raspberry, tillsammans med andra fruktiga, mentol- och dessertinspirerade alternativ fr\u00e5n det breda smakutbudet.<\/p>\n<p><strong>Hur l\u00e5ng tid tar det att ladda en RandM 15k uppladdningsbar vape?<\/strong><br \/>\nRandM 15k uppladdningsbar vape tar ungef\u00e4r 1-2 timmar att ladda helt, tack vare dess USB Type-C snabbladdningsteknologi.<\/p>\n<p><strong>Hur mycket nikotin finns i en RandM Tornado 15000 eng\u00e5ngsvape?<\/strong><br \/>\nRandM Tornado 15000 eng\u00e5ngsvape erbjuder nikotinstyrkor p\u00e5 2% (20 mg) och 5% (50 mg), vilket ger alternativ f\u00f6r olika anv\u00e4ndarpreferenser.<\/p>\n<\/div>\n<\/div>\n<\/div>\n<\/div>\n<\/div>\n<\/div>\n<\/div>\n<\/div>\n<\/div>\n<\/div>\n<div class=\"group\/conversation-turn relative flex w-full min-w-0 flex-col agent-turn\">\n<div class=\"flex-col gap-1 md:gap-3\">\n<div class=\"flex max-w-full flex-col flex-grow\">\n<div class=\"min-h-8 text-message flex w-full flex-col items-end gap-2 whitespace-normal break-words [.text-message+&amp;]:mt-5\" dir=\"auto\" data-message-author-role=\"assistant\" data-message-id=\"a3dc01bd-23b0-4fd7-bb9a-7827522cefd8\" data-message-model-slug=\"gpt-4o\">\n<div class=\"flex w-full flex-col gap-1 empty:hidden first:pt-[3px]\"><\/div>\n<\/div>\n<\/div>\n<\/div>\n<\/div>\n<\/div>\n<\/div>\n<\/div>\n<\/div>\n<\/div>\n<\/div>\n<\/div>\n<\/div>\n<\/div>\n<\/div>\n<h3>Om frakt<\/h3>\n<div class=\"flex-shrink-0 flex flex-col relative items-end\">\n<div>\n<div class=\"pt-0\">\n<div class=\"gizmo-bot-avatar flex h-8 w-8 items-center justify-center overflow-hidden rounded-full\">\n<div><\/div>\n<div class=\"relative p-1 rounded-sm flex items-center justify-center bg-token-main-surface-primary text-token-text-primary h-8 w-8\"><strong>1. Vilka fraktmetoder anv\u00e4nds?<\/strong><\/div>\n<\/div>\n<\/div>\n<\/div>\n<\/div>\n<div class=\"group\/conversation-turn relative flex w-full min-w-0 flex-col agent-turn\">\n<div class=\"flex-col gap-1 md:gap-3\">\n<div class=\"flex max-w-full flex-col flex-grow\">\n<div class=\"min-h-[20px] text-message flex w-full flex-col items-end gap-2 whitespace-normal break-words [.text-message+&amp;]:mt-5 overflow-x-auto\" dir=\"auto\" data-message-author-role=\"assistant\" data-message-id=\"22f8283b-3233-46ff-89a5-c7a41b33abda\">\n<div class=\"flex w-full flex-col gap-1 empty:hidden first:pt-[3px]\">\n<div class=\"markdown prose w-full break-words dark:prose-invert light\">\n<p>Vi samarbetar med UPS, DHL, FedEx, DPD och andra ledande transport\u00f6rer. Vi v\u00e4ljer det b\u00e4sta frakts\u00e4ttet baserat p\u00e5 din leveransadress f\u00f6r att s\u00e4kerst\u00e4lla att du f\u00e5r dina produkter s\u00e5 snabbt som m\u00f6jligt.<\/p>\n<\/div>\n<p><strong>2. Hur l\u00e5ng tid tar det att komma fram?<\/strong><\/p>\n<p>Paket som skickas till Sverige anl\u00e4nder vanligtvis inom 10 arbetsdagar. Leveranser till europeiska l\u00e4nder tar generellt cirka 12-15 arbetsdagar. Vi kommer att ge uppdateringar i realtid om din leveransstatus.<\/p>\n<\/div>\n<\/div>\n<\/div>\n<\/div>\n<\/div>\n<p>&nbsp;<\/p>\n<p>Hitta fler vape-produkter du kanske gillar:<strong><em><a href=\"https:\/\/rmvapesale.com\/sv\/shop-2\/\">handla nu &gt;&gt;&gt;<\/a><\/em><\/strong><\/p>","protected":false},"excerpt":{"rendered":"<p>Randm Tornado 15000 Puff Fumot Digital Eng\u00e5ngsvape<br \/>\nRandm 15000 Fumot Tornado Vape Grossist<br \/>\nFumot RandM 15k Eng\u00e5ngsvape Partihandel Pris<\/p>\n<p><img loading=\"lazy\" decoding=\"async\" class=\"size-full wp-image-2375\" src=\"https:\/\/rmvapesale.com\/wp-content\/uploads\/2024\/10\/image.png\" alt=\"B\u00e4sta eng\u00e5ngsvape\" width=\"229\" height=\"300\" \/><\/p>\n<h3><a href=\"https:\/\/wa.me\/8617776015835\"><span style=\"color: #ff0000\"><strong>WhatsApp: +86 17776015835<\/strong><\/span><\/a><\/h3>\n<p>&nbsp;<\/p>","protected":false},"featured_media":2826,"comment_status":"open","ping_status":"closed","template":"","meta":{"_uag_custom_page_level_css":"","_lmt_disableupdate":"no","_lmt_disable":"","site-sidebar-layout":"default","site-content-layout":"content-boxed-container","ast-site-content-layout":"normal-width-container","site-content-style":"boxed","site-sidebar-style":"unboxed","ast-global-header-display":"","ast-banner-title-visibility":"","ast-main-header-display":"","ast-hfb-above-header-display":"","ast-hfb-below-header-display":"","ast-hfb-mobile-header-display":"","site-post-title":"","ast-breadcrumbs-content":"","ast-featured-img":"","footer-sml-layout":"","ast-disable-related-posts":"","theme-transparent-header-meta":"default","adv-header-id-meta":"","stick-header-meta":"","header-above-stick-meta":"","header-main-stick-meta":"","header-below-stick-meta":"","astra-migrate-meta-layouts":"set","ast-page-background-enabled":"default","ast-page-background-meta":{"desktop":{"background-color":"var(--ast-global-color-4)","background-image":"","background-repeat":"repeat","background-position":"center center","background-size":"auto","background-attachment":"scroll","background-type":"","background-media":"","overlay-type":"","overlay-color":"","overlay-opacity":"","overlay-gradient":""},"tablet":{"background-color":"","background-image":"","background-repeat":"repeat","background-position":"center center","background-size":"auto","background-attachment":"scroll","background-type":"","background-media":"","overlay-type":"","overlay-color":"","overlay-opacity":"","overlay-gradient":""},"mobile":{"background-color":"","background-image":"","background-repeat":"repeat","background-position":"center center","background-size":"auto","background-attachment":"scroll","background-type":"","background-media":"","overlay-type":"","overlay-color":"","overlay-opacity":"","overlay-gradient":""}},"ast-content-background-meta":{"desktop":{"background-color":"var(--ast-global-color-5)","background-image":"","background-repeat":"repeat","background-position":"center center","background-size":"auto","background-attachment":"scroll","background-type":"","background-media":"","overlay-type":"","overlay-color":"","overlay-opacity":"","overlay-gradient":""},"tablet":{"background-color":"var(--ast-global-color-5)","background-image":"","background-repeat":"repeat","background-position":"center center","background-size":"auto","background-attachment":"scroll","background-type":"","background-media":"","overlay-type":"","overlay-color":"","overlay-opacity":"","overlay-gradient":""},"mobile":{"background-color":"var(--ast-global-color-5)","background-image":"","background-repeat":"repeat","background-position":"center center","background-size":"auto","background-attachment":"scroll","background-type":"","background-media":"","overlay-type":"","overlay-color":"","overlay-opacity":"","overlay-gradient":""}},"_joinchat":[]},"product_brand":[],"product_cat":[15,27,51,25,123,30,26,28,31,137,136,135],"product_tag":[235,39,171,236,234,38],"class_list":{"0":"post-2831","1":"product","2":"type-product","3":"status-publish","4":"has-post-thumbnail","6":"product_cat-new-vape-this-week","7":"product_cat-fance-hot-sale-vape","8":"product_cat-fumot-vape","9":"product_cat-germany-best-selling-vape","10":"product_cat-italy-wholesale-vape","11":"product_cat-minimum-order-quantity-50pcs","12":"product_cat-netherlands-hot-sale-vape","13":"product_cat-poland-hot-sale-vape","14":"product_cat-randm-fumot-vape","15":"product_cat-rechargeable-vapes","16":"product_cat-smart-screen-vapes","17":"product_cat-spain-best-hot-sale-vape","18":"product_tag-fumot-15k","19":"product_tag-fumot-vape","20":"product_tag-randm-15000","21":"product_tag-randm-15k","22":"product_tag-randm-tornado-15000","23":"product_tag-randm-vape","24":"desktop-align-left","25":"tablet-align-left","26":"mobile-align-left","28":"first","29":"instock","30":"sale","31":"shipping-taxable","32":"purchasable","33":"product-type-simple"},"uagb_featured_image_src":{"full":["https:\/\/rmvapesale.com\/wp-content\/uploads\/2024\/12\/Fumot-RandM-15000-Puffs-Disposable-Vape.jpg",1130,1126,false],"thumbnail":["https:\/\/rmvapesale.com\/wp-content\/uploads\/2024\/12\/Fumot-RandM-15000-Puffs-Disposable-Vape-150x150.jpg",150,150,true],"medium":["https:\/\/rmvapesale.com\/wp-content\/uploads\/2024\/12\/Fumot-RandM-15000-Puffs-Disposable-Vape-300x300.jpg",300,300,true],"medium_large":["https:\/\/rmvapesale.com\/wp-content\/uploads\/2024\/12\/Fumot-RandM-15000-Puffs-Disposable-Vape-768x765.jpg",768,765,true],"large":["https:\/\/rmvapesale.com\/wp-content\/uploads\/2024\/12\/Fumot-RandM-15000-Puffs-Disposable-Vape-1024x1020.jpg",1024,1020,true],"1536x1536":["https:\/\/rmvapesale.com\/wp-content\/uploads\/2024\/12\/Fumot-RandM-15000-Puffs-Disposable-Vape.jpg",1130,1126,false],"2048x2048":["https:\/\/rmvapesale.com\/wp-content\/uploads\/2024\/12\/Fumot-RandM-15000-Puffs-Disposable-Vape.jpg",1130,1126,false],"trp-custom-language-flag":["https:\/\/rmvapesale.com\/wp-content\/uploads\/2024\/12\/Fumot-RandM-15000-Puffs-Disposable-Vape.jpg",12,12,false],"woocommerce_thumbnail":["https:\/\/rmvapesale.com\/wp-content\/uploads\/2024\/12\/Fumot-RandM-15000-Puffs-Disposable-Vape-300x300.jpg",300,300,true],"woocommerce_single":["https:\/\/rmvapesale.com\/wp-content\/uploads\/2024\/12\/Fumot-RandM-15000-Puffs-Disposable-Vape-600x598.jpg",600,598,true],"woocommerce_gallery_thumbnail":["https:\/\/rmvapesale.com\/wp-content\/uploads\/2024\/12\/Fumot-RandM-15000-Puffs-Disposable-Vape-100x100.jpg",100,100,true],"wcpr-photo-reviews":["https:\/\/rmvapesale.com\/wp-content\/uploads\/2024\/12\/Fumot-RandM-15000-Puffs-Disposable-Vape.jpg",500,498,false]},"uagb_author_info":{"display_name":"AMY","author_link":"https:\/\/rmvapesale.com\/sv\/author\/"},"uagb_comment_info":0,"uagb_excerpt":"Randm Tornado 15000 Puffs Fumot Digital Disposable Vape Randm 15000 Fumot Tornado Vape Wholesale Fumot RandM 15k Disposable Vape Bulk Price WhatsApp: +86 17776015835 &nbsp;","_links":{"self":[{"href":"https:\/\/rmvapesale.com\/sv\/wp-json\/wp\/v2\/product\/2831","targetHints":{"allow":["GET"]}}],"collection":[{"href":"https:\/\/rmvapesale.com\/sv\/wp-json\/wp\/v2\/product"}],"about":[{"href":"https:\/\/rmvapesale.com\/sv\/wp-json\/wp\/v2\/types\/product"}],"replies":[{"embeddable":true,"href":"https:\/\/rmvapesale.com\/sv\/wp-json\/wp\/v2\/comments?post=2831"}],"wp:featuredmedia":[{"embeddable":true,"href":"https:\/\/rmvapesale.com\/sv\/wp-json\/wp\/v2\/media\/2826"}],"wp:attachment":[{"href":"https:\/\/rmvapesale.com\/sv\/wp-json\/wp\/v2\/media?parent=2831"}],"wp:term":[{"taxonomy":"product_brand","embeddable":true,"href":"https:\/\/rmvapesale.com\/sv\/wp-json\/wp\/v2\/product_brand?post=2831"},{"taxonomy":"product_cat","embeddable":true,"href":"https:\/\/rmvapesale.com\/sv\/wp-json\/wp\/v2\/product_cat?post=2831"},{"taxonomy":"product_tag","embeddable":true,"href":"https:\/\/rmvapesale.com\/sv\/wp-json\/wp\/v2\/product_tag?post=2831"}],"curies":[{"name":"wp","href":"https:\/\/api.w.org\/{rel}","templated":true}]}}