{"id":2837,"date":"2024-12-03T09:44:45","date_gmt":"2024-12-03T09:44:45","guid":{"rendered":"https:\/\/rmvapesale.com\/?post_type=product&#038;p=2837"},"modified":"2024-12-03T09:55:28","modified_gmt":"2024-12-03T09:55:28","slug":"randm-12000-digital-box-disposable-vape-wholesale-price","status":"publish","type":"product","link":"https:\/\/rmvapesale.com\/sv\/product\/randm-12000-digital-box-disposable-vape-wholesale-price\/","title":{"rendered":"RandM 12000 Digital Box Eng\u00e5ngs Vape Grossistpris"},"content":{"rendered":"<div class=\"B2VR9 CJHX3e\">\n<div class=\"wyccme\">\n<h1 class=\"LC20lb MBeuO DKV0Md\">RandM 12000 Digital Box Eng\u00e5ngs Vape Grossistpris<\/h1>\n<div class=\"flex-shrink-0 flex flex-col relative items-end\">\n<div class=\"pt-0\">\n<div class=\"gizmo-bot-avatar flex h-8 w-8 items-center justify-center overflow-hidden rounded-full\">\n<div class=\"relative p-1 rounded-sm flex items-center justify-center bg-token-main-surface-primary text-token-text-primary h-8 w-8\">\n<p>Den <strong>RandM Digital 12000<\/strong> s\u00e4tter en ny standard f\u00f6r vaping bekv\u00e4mlighet och prestanda, vilket g\u00f6r den till ett m\u00e5ste f\u00f6r b\u00e5de individuella anv\u00e4ndare och <strong>vape-grossist<\/strong> k\u00f6pare. Denna <strong>cURL Too many subrequests.<\/strong> erbjuder otroliga <strong>12 000+ puffar<\/strong>, vilket s\u00e4kerst\u00e4ller l\u00e5ngvarig tillfredsst\u00e4llelse som passar b\u00e5de tillf\u00e4lliga och frekventa vapers.<\/p>\n<p>Drivs av en <strong>850mAh uppladdningsbart batteri<\/strong>, \u00e4r enheten utformad f\u00f6r l\u00e5ngvarig anv\u00e4ndning. Inkluderingen av <strong>Typ-C snabbladdning<\/strong> m\u00f6jligg\u00f6r snabba p\u00e5fyllningar, s\u00e5 att du \u00e4r redo att vape n\u00e4r som helst, var som helst. Detta \u00e4r perfekt f\u00f6r dem som v\u00e4rdes\u00e4tter en p\u00e5litlig, l\u00e4ttanv\u00e4nd vape som inte kompromissar med kvaliteten.<\/p>\n<p>Den <strong>RandM Vape 12000<\/strong> kommer f\u00f6rfylld med <strong>20 ml av premium e-juice<\/strong>, vilket ger smidiga och konsekventa smakupplevelser vid varje drag. Dess <strong>mesh coil-teknologi<\/strong> f\u00f6rb\u00e4ttrar \u00e5ngproduktionen, vilket g\u00f6r varje puff rik och tillfredsst\u00e4llande. Med ett brett utbud av l\u00e4ckra smaker tillg\u00e4ngliga, s\u00e4kerst\u00e4ller <strong>RandM 12k<\/strong> att det finns n\u00e5got f\u00f6r alla, oavsett om du gillar fruktiga, mentol- eller dessertinspirerade alternativ.<\/p>\n<p>Vad som verkligen skiljer <strong>RandM 12000 Bloss<\/strong> \u00e4r dess innovativa <strong>LED-display eng\u00e5ngsvape<\/strong> design. Den digitala sk\u00e4rmen visar bekv\u00e4mt b\u00e5de batteritid och \u00e5terst\u00e5ende e-v\u00e4tskeniv\u00e5er, s\u00e5 att du alltid \u00e4r informerad och har kontroll. Dess <strong>enkel men stilren design<\/strong> s\u00e4kerst\u00e4ller portabilitet utan att offra funktionalitet, vilket g\u00f6r den till en ideal f\u00f6ljeslagare f\u00f6r vaping p\u00e5 spr\u00e5ng.<\/p>\n<p>Perfekt f\u00f6r dem som s\u00f6ker en <strong>eng\u00e5ngs vape-alternativ med l\u00e5g nikotinhalt<\/strong>, den <strong>RandM 12000<\/strong> erbjuder alternativ f\u00f6r att passa olika preferenser. Oavsett om du utforskar de senaste inom <strong>Fumot Vape<\/strong> innovationer eller s\u00f6ker premiumprodukter som den <strong>RandM 12k<\/strong>, \u00e4r denna enhet byggd f\u00f6r att \u00f6vertr\u00e4ffa f\u00f6rv\u00e4ntningarna. Investera i den <strong>RandM Digital 12000<\/strong> f\u00f6r en s\u00f6ml\u00f6s, smakrik vapingupplevelse som varar.<\/p>\n<\/div>\n<\/div>\n<\/div>\n<\/div>\n<\/div>\n<\/div>\n<p><strong>Kontakta Amy f\u00f6r att f\u00e5 r\u00e4tt svar och vape-kupong!<\/strong><\/p>\n<p><img loading=\"lazy\" decoding=\"async\" class=\"size-full wp-image-1978\" src=\"https:\/\/rmvapesale.com\/wp-content\/uploads\/2024\/09\/Disposable-Vape-Wholesale.jpg\" alt=\"Eng\u00e5ngsvape Partihandel\" width=\"229\" height=\"300\" \/><\/p>\n<h3><a href=\"https:\/\/wa.me\/8617776015835\" target=\"_blank\" rel=\"noopener\"><span style=\"color: #ff0000\"><strong>WhatsApp: +86 17776015835<\/strong><\/span><\/a><\/h3>\n<p>&nbsp;<\/p>\n<h2><\/h2>\n<h2><strong>RandM 12000 Nyckelfunktioner<\/strong><\/h2>\n<p>Puffar: 12000+ Puff<br \/>\nSpoletyp: Mesh-spole<br \/>\nE-v\u00e4tska: 20ml f\u00f6rfylld e-v\u00e4tska<br \/>\nBatterikapacitet: Uppladdningsbart internt 850mAh<br \/>\nLaddartyp: Typ-C-laddning<br \/>\nL\u00e5gnikotin Eng\u00e5ngsvapes<br \/>\nEnkel &amp; atmosf\u00e4risk design<br \/>\nDigital sk\u00e4rm som visar \u00e5terst\u00e5ende batteri och v\u00e4tskeniv\u00e5.<\/p>\n<h2><strong>Topp-smak f\u00f6r RandM 12k<\/strong><\/h2>\n<p>1 Cool Mint<br \/>\n2 Vattenmelon Is<br \/>\n3 Druv Is<br \/>\n4 Bl\u00e5b\u00e4r Hallon<br \/>\n5 Jordgubbsvattenmelon<br \/>\n6 Jordgubbsbanan<br \/>\n7 Frodig Is<br \/>\n8 K\u00f6rsb\u00e4r<br \/>\n9 Jordgubbsis<br \/>\n10 Isglass<br \/>\n11 Rosa Lemonad<br \/>\n12 Mango p\u00e5 is<br \/>\n13 Blandade B\u00e4r<br \/>\n14 Jordgubbsmunk<br \/>\n15 Jordgubbsdruva<br \/>\n16 K\u00f6rsb\u00e4rscola<br \/>\n17 Dr bl\u00e5<br \/>\n18 Bl\u00e5b\u00e4r p\u00e5 is<br \/>\n19 Kiwi passionsfrukt guava<br \/>\n20 Jordgubbskiwi<br \/>\n21 Persika mango<br \/>\n22 Persika is<br \/>\n23 R\u00f6tt \u00c4pple is<br \/>\n24 Bl\u00e5b\u00e4rstuggummi<br \/>\n25 B\u00e4rlemonad<br \/>\n26 Bl\u00e5 hallonlemonad<br \/>\n27 Sura bl\u00e5hallon<br \/>\n28 Jordgubb Red Bull<br \/>\n29 \u00c4pple- och b\u00e4rsm\u00e4ll<br \/>\n30 Vattenmelon bubbelgum<br \/>\n31 Hallon vattenmelon<br \/>\n32 Svart is<br \/>\n33 Bl\u00e5b\u00e4r k\u00f6rsb\u00e4r tranb\u00e4r<br \/>\n34 Jordgubb granat\u00e4pple<br \/>\n35 Vimto<br \/>\n36 K\u00f6rsb\u00e4rsb\u00e4r<br \/>\n37 Citron<br \/>\n38 Bingo Crush<br \/>\n39 Bl\u00e5b\u00e4r kiwi<br \/>\n40 \u00c4pple Kanel<\/p>\n<p>&nbsp;<\/p>\n<h3><strong>Varf\u00f6r v\u00e4lja Rmvapesale f\u00f6r Fumot Vape 12k <\/strong><strong>V<\/strong><strong>Vape Partihandel<\/strong><strong>?<\/strong><\/h3>\n<div class=\"flex-shrink-0 flex flex-col relative items-end\">\n<div class=\"pt-0\">\n<div class=\"gizmo-bot-avatar flex h-8 w-8 items-center justify-center overflow-hidden rounded-full\">\n<div class=\"relative p-1 rounded-sm flex items-center justify-center bg-token-main-surface-primary text-token-text-primary h-8 w-8\">\n<p>V\u00e4lkommen till Rmvapesale, din p\u00e5litliga vapebutik f\u00f6r f\u00f6rstklassiga eng\u00e5ngsvapes. Med \u00f6ver 5 \u00e5rs expertis, erbjuder vi popul\u00e4ra varum\u00e4rken f\u00f6r eng\u00e5ngsvapes som Al Fakher, <a href=\"https:\/\/rmvapesale.com\/sv\/product-category\/bang-vapes\/\">Bang Vape<\/a>, Waspe, WGA Vape och<a href=\"https:\/\/rmvapesale.com\/sv\/product-category\/randm-fumot-vape\/\"> RandM Vape<\/a>.<\/p>\n<p>V\u00e5rt sortiment inkluderar popul\u00e4ra vapes som <a href=\"https:\/\/rmvapesale.com\/sv\/product\/randm-tornado-15000-puffs-vape-wholesale\/\">RandM Tornado 15000<\/a> och smakrika val som Vapme 70000. Varje produkt \u00e4r utvald med fokus p\u00e5 kvalitet, v\u00e4rde och variation, vilket s\u00e4kerst\u00e4ller att du hittar den perfekta matchningen f\u00f6r dina behov. Uppt\u00e4ck exceptionell service och ett brett utbud av topprodukter p\u00e5 Rmvapesale.<\/p>\n<\/div>\n<h3><\/h3>\n<div class=\"relative p-1 rounded-sm flex items-center justify-center bg-token-main-surface-primary text-token-text-primary h-8 w-8\">\n<h3><b> FAQ f\u00f6r RandM Vape 15000 <\/b><b>Uppladdningsbar eng\u00e5ngs-vape<\/b><\/h3>\n<div class=\"group\/conversation-turn relative flex w-full min-w-0 flex-col agent-turn\">\n<div class=\"flex-col gap-1 md:gap-3\">\n<div class=\"flex max-w-full flex-col flex-grow\">\n<div class=\"min-h-8 text-message flex w-full flex-col items-end gap-2 whitespace-normal break-words [.text-message+&amp;]:mt-5\" dir=\"auto\" data-message-author-role=\"assistant\" data-message-id=\"00c9b302-bc9c-4550-94ba-5a295efa2be3\" data-message-model-slug=\"gpt-4o\">\n<div class=\"flex w-full flex-col gap-1 empty:hidden first:pt-[3px]\">\n<div class=\"markdown prose w-full break-words dark:prose-invert light\">\n<div class=\"flex-shrink-0 flex flex-col relative items-end\">\n<div>\n<div class=\"pt-0\">\n<div class=\"gizmo-bot-avatar flex h-8 w-8 items-center justify-center overflow-hidden rounded-full\">\n<div class=\"relative p-1 rounded-sm flex items-center justify-center bg-token-main-surface-primary text-token-text-primary h-8 w-8\">\n<div class=\"flex-shrink-0 flex flex-col relative items-end\">\n<div>\n<div class=\"pt-0\">\n<div class=\"gizmo-bot-avatar flex h-8 w-8 items-center justify-center overflow-hidden rounded-full\">\n<div class=\"relative p-1 rounded-sm flex items-center justify-center bg-token-main-surface-primary text-token-text-primary h-8 w-8\">\n<p>&nbsp;<\/p>\n<p><strong>1. Var kan man k\u00f6pa Fumot RandM 12000 Puff till grossistpris i Sverige<\/strong><br \/>\nDen <strong>Fumot RandM 12000 Puff<\/strong> kan k\u00f6pas till grossistpriser fr\u00e5n auktoriserade <strong>vape-grossist<\/strong> distribut\u00f6rer i Sverige eller p\u00e5litliga online-\u00e5terf\u00f6rs\u00e4ljare som specialiserar sig p\u00e5 <strong>RandM Vape<\/strong> produkter. Verifiera leverant\u00f6rens \u00e4kthet och efterlevnad av EU:s vapingstandarder.<\/p>\n<p><strong>2. Hur m\u00e5nga puffar ger Fumot 12k puffar?<\/strong><br \/>\nDen <strong>Fumot 12k<\/strong> ger \u00f6ver <strong>12 000 bloss<\/strong>, vilket g\u00f6r det till ett toppval f\u00f6r l\u00e5ngvarig anv\u00e4ndning.<\/p>\n<p><strong>3. Hur l\u00e4nge varar den popul\u00e4ra RandM 12000 eng\u00e5ngsvape-pennan?<\/strong><br \/>\nDen <strong>RandM 12000 eng\u00e5ngsvape-pennan<\/strong> kan h\u00e5lla i upp till tv\u00e5 veckor f\u00f6r m\u00e5ttliga anv\u00e4ndare, beroende p\u00e5 anv\u00e4ndningsfrekvens och dragstorlek.<\/p>\n<p><strong>4. Vilka \u00e4r de popul\u00e4ra smakerna f\u00f6r RandM Vape 12000 Puffs eng\u00e5ngsbox?<\/strong><br \/>\nPopul\u00e4ra smaker f\u00f6r <strong>RandM Vape 12000 Puffs<\/strong> inkluderar fruktinspirerade alternativ som Mango Ice, Vattenmelon och Jordgubb, tillsammans med menthol- och dessertsmaker, f\u00f6r att tillfredsst\u00e4lla alla smakpreferenser.<\/p>\n<p><strong>5. Hur l\u00e5ng tid tar det att ladda en Fumot RandM 12000 uppladdningsbar vape?<\/strong><br \/>\nDen <strong>Fumot RandM 12000 Uppladdningsbar Vape<\/strong> tar cirka <strong>1-2 timmar<\/strong> f\u00f6r att laddas helt med hj\u00e4lp av <strong>Typ-C snabbladdning<\/strong> systemet.<\/p>\n<p><strong>6. Hur mycket nikotin finns i en RandM 12k Digital eng\u00e5ngsvape?<\/strong><br \/>\nDen <strong>RandM 12k Digital Eng\u00e5ngsvape<\/strong> finns i <b>2%, 5% <\/b>alternativ, som ger flexibilitet f\u00f6r anv\u00e4ndare med olika preferenser.<\/p>\n<\/div>\n<\/div>\n<\/div>\n<\/div>\n<\/div>\n<\/div>\n<\/div>\n<\/div>\n<\/div>\n<\/div>\n<div class=\"group\/conversation-turn relative flex w-full min-w-0 flex-col agent-turn\">\n<div class=\"flex-col gap-1 md:gap-3\">\n<div class=\"flex max-w-full flex-col flex-grow\">\n<div class=\"min-h-8 text-message flex w-full flex-col items-end gap-2 whitespace-normal break-words [.text-message+&amp;]:mt-5\" dir=\"auto\" data-message-author-role=\"assistant\" data-message-id=\"a3dc01bd-23b0-4fd7-bb9a-7827522cefd8\" data-message-model-slug=\"gpt-4o\">\n<div class=\"flex w-full flex-col gap-1 empty:hidden first:pt-[3px]\"><\/div>\n<\/div>\n<\/div>\n<\/div>\n<\/div>\n<\/div>\n<\/div>\n<\/div>\n<\/div>\n<\/div>\n<\/div>\n<\/div>\n<\/div>\n<\/div>\n<\/div>\n<h3>Om frakt<\/h3>\n<div class=\"flex-shrink-0 flex flex-col relative items-end\">\n<div>\n<div class=\"pt-0\">\n<div class=\"gizmo-bot-avatar flex h-8 w-8 items-center justify-center overflow-hidden rounded-full\">\n<div><\/div>\n<div class=\"relative p-1 rounded-sm flex items-center justify-center bg-token-main-surface-primary text-token-text-primary h-8 w-8\"><strong>1. Vilka fraktmetoder anv\u00e4nds?<\/strong><\/div>\n<\/div>\n<\/div>\n<\/div>\n<\/div>\n<div class=\"group\/conversation-turn relative flex w-full min-w-0 flex-col agent-turn\">\n<div class=\"flex-col gap-1 md:gap-3\">\n<div class=\"flex max-w-full flex-col flex-grow\">\n<div class=\"min-h-[20px] text-message flex w-full flex-col items-end gap-2 whitespace-normal break-words [.text-message+&amp;]:mt-5 overflow-x-auto\" dir=\"auto\" data-message-author-role=\"assistant\" data-message-id=\"22f8283b-3233-46ff-89a5-c7a41b33abda\">\n<div class=\"flex w-full flex-col gap-1 empty:hidden first:pt-[3px]\">\n<div class=\"markdown prose w-full break-words dark:prose-invert light\">\n<p>Vi samarbetar med UPS, DHL, FedEx, DPD och andra ledande transport\u00f6rer. Vi v\u00e4ljer det b\u00e4sta frakts\u00e4ttet baserat p\u00e5 din leveransadress f\u00f6r att s\u00e4kerst\u00e4lla att du f\u00e5r dina produkter s\u00e5 snabbt som m\u00f6jligt.<\/p>\n<\/div>\n<p><strong>2. Hur l\u00e5ng tid tar det att komma fram?<\/strong><\/p>\n<p>Paket som skickas till Sverige anl\u00e4nder vanligtvis inom 10 arbetsdagar. Leveranser till europeiska l\u00e4nder tar generellt cirka 12-15 arbetsdagar. Vi kommer att ge uppdateringar i realtid om din leveransstatus.<\/p>\n<\/div>\n<\/div>\n<\/div>\n<\/div>\n<\/div>\n<p>&nbsp;<\/p>\n<p>Hitta fler vape-produkter du kanske gillar:<strong><em><a href=\"https:\/\/rmvapesale.com\/sv\/shop-2\/\">handla nu &gt;&gt;&gt;<\/a><\/em><\/strong><\/p>","protected":false},"excerpt":{"rendered":"<p>Randm 12000 Puffs Fumot Digital Eng\u00e5ngsvape<br \/>\nRandm 12000 Fumot Digital Box Vape Partihandel<br \/>\nFumot RandM Digital Box 12k Vape Partihandel<\/p>\n<p><img loading=\"lazy\" decoding=\"async\" class=\"size-full wp-image-2375\" src=\"https:\/\/rmvapesale.com\/wp-content\/uploads\/2024\/10\/image.png\" alt=\"B\u00e4sta eng\u00e5ngsvape\" width=\"229\" height=\"300\" \/><\/p>\n<h3><a href=\"https:\/\/wa.me\/8617776015835\"><span style=\"color: #ff0000\"><strong>WhatsApp: +86 17776015835<\/strong><\/span><\/a><\/h3>\n<p>&nbsp;<\/p>","protected":false},"featured_media":2836,"comment_status":"open","ping_status":"closed","template":"","meta":{"_uag_custom_page_level_css":"","_lmt_disableupdate":"no","_lmt_disable":"","site-sidebar-layout":"default","site-content-layout":"content-boxed-container","ast-site-content-layout":"normal-width-container","site-content-style":"boxed","site-sidebar-style":"unboxed","ast-global-header-display":"","ast-banner-title-visibility":"","ast-main-header-display":"","ast-hfb-above-header-display":"","ast-hfb-below-header-display":"","ast-hfb-mobile-header-display":"","site-post-title":"","ast-breadcrumbs-content":"","ast-featured-img":"","footer-sml-layout":"","theme-transparent-header-meta":"default","adv-header-id-meta":"","stick-header-meta":"","header-above-stick-meta":"","header-main-stick-meta":"","header-below-stick-meta":"","astra-migrate-meta-layouts":"set","ast-page-background-enabled":"default","ast-page-background-meta":{"desktop":{"background-color":"var(--ast-global-color-4)","background-image":"","background-repeat":"repeat","background-position":"center center","background-size":"auto","background-attachment":"scroll","background-type":"","background-media":"","overlay-type":"","overlay-color":"","overlay-opacity":"","overlay-gradient":""},"tablet":{"background-color":"","background-image":"","background-repeat":"repeat","background-position":"center center","background-size":"auto","background-attachment":"scroll","background-type":"","background-media":"","overlay-type":"","overlay-color":"","overlay-opacity":"","overlay-gradient":""},"mobile":{"background-color":"","background-image":"","background-repeat":"repeat","background-position":"center center","background-size":"auto","background-attachment":"scroll","background-type":"","background-media":"","overlay-type":"","overlay-color":"","overlay-opacity":"","overlay-gradient":""}},"ast-content-background-meta":{"desktop":{"background-color":"var(--ast-global-color-5)","background-image":"","background-repeat":"repeat","background-position":"center center","background-size":"auto","background-attachment":"scroll","background-type":"","background-media":"","overlay-type":"","overlay-color":"","overlay-opacity":"","overlay-gradient":""},"tablet":{"background-color":"var(--ast-global-color-5)","background-image":"","background-repeat":"repeat","background-position":"center center","background-size":"auto","background-attachment":"scroll","background-type":"","background-media":"","overlay-type":"","overlay-color":"","overlay-opacity":"","overlay-gradient":""},"mobile":{"background-color":"var(--ast-global-color-5)","background-image":"","background-repeat":"repeat","background-position":"center center","background-size":"auto","background-attachment":"scroll","background-type":"","background-media":"","overlay-type":"","overlay-color":"","overlay-opacity":"","overlay-gradient":""}},"_joinchat":[]},"product_brand":[],"product_cat":[15,51,25,123,26,28,135,27,31,137,136,30],"product_tag":[214,39,213,237,38],"class_list":{"0":"post-2837","1":"product","2":"type-product","3":"status-publish","4":"has-post-thumbnail","6":"product_cat-new-vape-this-week","7":"product_cat-fumot-vape","8":"product_cat-germany-best-selling-vape","9":"product_cat-italy-wholesale-vape","10":"product_cat-netherlands-hot-sale-vape","11":"product_cat-poland-hot-sale-vape","12":"product_cat-spain-best-hot-sale-vape","13":"product_cat-fance-hot-sale-vape","14":"product_cat-randm-fumot-vape","15":"product_cat-rechargeable-vapes","16":"product_cat-smart-screen-vapes","17":"product_cat-minimum-order-quantity-50pcs","18":"product_tag-fumot-12k","19":"product_tag-fumot-vape","20":"product_tag-randm-12000","21":"product_tag-randm-12k","22":"product_tag-randm-vape","23":"desktop-align-left","24":"tablet-align-left","25":"mobile-align-left","27":"first","28":"instock","29":"sale","30":"shipping-taxable","31":"purchasable","32":"product-type-simple"},"uagb_featured_image_src":{"full":["https:\/\/rmvapesale.com\/wp-content\/uploads\/2024\/12\/RandM-Digital-Box-12000-Puff-Disposable-Vape.jpg",1300,1300,false],"thumbnail":["https:\/\/rmvapesale.com\/wp-content\/uploads\/2024\/12\/RandM-Digital-Box-12000-Puff-Disposable-Vape-150x150.jpg",150,150,true],"medium":["https:\/\/rmvapesale.com\/wp-content\/uploads\/2024\/12\/RandM-Digital-Box-12000-Puff-Disposable-Vape-300x300.jpg",300,300,true],"medium_large":["https:\/\/rmvapesale.com\/wp-content\/uploads\/2024\/12\/RandM-Digital-Box-12000-Puff-Disposable-Vape-768x768.jpg",768,768,true],"large":["https:\/\/rmvapesale.com\/wp-content\/uploads\/2024\/12\/RandM-Digital-Box-12000-Puff-Disposable-Vape-1024x1024.jpg",1024,1024,true],"1536x1536":["https:\/\/rmvapesale.com\/wp-content\/uploads\/2024\/12\/RandM-Digital-Box-12000-Puff-Disposable-Vape.jpg",1300,1300,false],"2048x2048":["https:\/\/rmvapesale.com\/wp-content\/uploads\/2024\/12\/RandM-Digital-Box-12000-Puff-Disposable-Vape.jpg",1300,1300,false],"trp-custom-language-flag":["https:\/\/rmvapesale.com\/wp-content\/uploads\/2024\/12\/RandM-Digital-Box-12000-Puff-Disposable-Vape.jpg",12,12,false],"woocommerce_thumbnail":["https:\/\/rmvapesale.com\/wp-content\/uploads\/2024\/12\/RandM-Digital-Box-12000-Puff-Disposable-Vape-300x300.jpg",300,300,true],"woocommerce_single":["https:\/\/rmvapesale.com\/wp-content\/uploads\/2024\/12\/RandM-Digital-Box-12000-Puff-Disposable-Vape-600x600.jpg",600,600,true],"woocommerce_gallery_thumbnail":["https:\/\/rmvapesale.com\/wp-content\/uploads\/2024\/12\/RandM-Digital-Box-12000-Puff-Disposable-Vape-100x100.jpg",100,100,true],"wcpr-photo-reviews":["https:\/\/rmvapesale.com\/wp-content\/uploads\/2024\/12\/RandM-Digital-Box-12000-Puff-Disposable-Vape.jpg",500,500,false]},"uagb_author_info":{"display_name":"AMY","author_link":"https:\/\/rmvapesale.com\/sv\/author\/"},"uagb_comment_info":0,"uagb_excerpt":"Randm 12000 Puffs Fumot Digital Disposable Vape Randm 12000 Fumot Digital Box Vape Wholesale Fumot RandM Digital Box 12k Vape Bulk Price WhatsApp: +86 17776015835 &nbsp;","_links":{"self":[{"href":"https:\/\/rmvapesale.com\/sv\/wp-json\/wp\/v2\/product\/2837","targetHints":{"allow":["GET"]}}],"collection":[{"href":"https:\/\/rmvapesale.com\/sv\/wp-json\/wp\/v2\/product"}],"about":[{"href":"https:\/\/rmvapesale.com\/sv\/wp-json\/wp\/v2\/types\/product"}],"replies":[{"embeddable":true,"href":"https:\/\/rmvapesale.com\/sv\/wp-json\/wp\/v2\/comments?post=2837"}],"wp:featuredmedia":[{"embeddable":true,"href":"https:\/\/rmvapesale.com\/sv\/wp-json\/wp\/v2\/media\/2836"}],"wp:attachment":[{"href":"https:\/\/rmvapesale.com\/sv\/wp-json\/wp\/v2\/media?parent=2837"}],"wp:term":[{"taxonomy":"product_brand","embeddable":true,"href":"https:\/\/rmvapesale.com\/sv\/wp-json\/wp\/v2\/product_brand?post=2837"},{"taxonomy":"product_cat","embeddable":true,"href":"https:\/\/rmvapesale.com\/sv\/wp-json\/wp\/v2\/product_cat?post=2837"},{"taxonomy":"product_tag","embeddable":true,"href":"https:\/\/rmvapesale.com\/sv\/wp-json\/wp\/v2\/product_tag?post=2837"}],"curies":[{"name":"wp","href":"https:\/\/api.w.org\/{rel}","templated":true}]}}