{"id":2844,"date":"2024-12-05T03:09:35","date_gmt":"2024-12-05T03:09:35","guid":{"rendered":"https:\/\/rmvapesale.com\/?post_type=product&#038;p=2844"},"modified":"2024-12-05T03:34:03","modified_gmt":"2024-12-05T03:34:03","slug":"vopk-ultra-40000-puffs-double-taste-digital-screen-spaceman-disposable-vape-wholesale","status":"publish","type":"product","link":"https:\/\/rmvapesale.com\/sv\/product\/vopk-ultra-40000-puffs-double-taste-digital-screen-spaceman-disposable-vape-wholesale\/","title":{"rendered":"VOPK ULTRA 40000 Puff Dubbel Smak Digital Sk\u00e4rm Spaceman Eng\u00e5ngs Vape Grossist"},"content":{"rendered":"<div class=\"B2VR9 CJHX3e\">\n<div class=\"wyccme\">\n<h1 class=\"LC20lb MBeuO DKV0Md\">VOPK ULTRA 40000 Puff Dubbel Smak Digital Sk\u00e4rm Spaceman Eng\u00e5ngs Vape Grossist<\/h1>\n<div class=\"flex-shrink-0 flex flex-col relative items-end\">\n<div class=\"pt-0\">\n<div class=\"gizmo-bot-avatar flex h-8 w-8 items-center justify-center overflow-hidden rounded-full\">\n<div class=\"relative p-1 rounded-sm flex items-center justify-center bg-token-main-surface-primary text-token-text-primary h-8 w-8\">\n<p>Den <strong>VOPK ULTRA 40000 Puffs dubbel smak Digital sk\u00e4rm Rymdman Eng\u00e5ngsvape<\/strong>\u00a0 \u00e4r en banbrytande vaping-upplevelse som varar l\u00e4ngre, erbjuder mer smak och h\u00e5ller dig informerad. Designad f\u00f6r entusiaster som kr\u00e4ver b\u00e5de prestanda och bekv\u00e4mlighet, \u00e4r denna premium eng\u00e5ngsvape tillg\u00e4nglig till oslagbara <strong>grossistpriser<\/strong>, vilket g\u00f6r den till ett utm\u00e4rkt val f\u00f6r personligt bruk eller bulkink\u00f6p.<\/p>\n<p>Med otroliga <strong>40 000 bloss<\/strong>, den <strong>VOPK ULTRA 40000<\/strong> s\u00e4kerst\u00e4ller l\u00e5ngvarig tillfredsst\u00e4llelse, l\u00e5ngt \u00f6ver de flesta eng\u00e5ngsvapes p\u00e5 marknaden. Dess <strong>36 ml e-v\u00e4tskekapacitet<\/strong> levererar riklig \u00e5nga att njuta av under hela dagen. Den innovativa <strong>dubbla smaken<\/strong> funktionen l\u00e5ter dig enkelt v\u00e4xla mellan tv\u00e5 sp\u00e4nnande smaker och erbjuder en varierad vaping-upplevelse med varje bloss.<\/p>\n<p>Utrustad med en <strong>smart LED-display<\/strong>, denna <strong>LED-display Eng\u00e5ngsvape<\/strong> h\u00e5ller reda p\u00e5 din batteritid och e-v\u00e4tskeniv\u00e5er i realtid, vilket g\u00f6r det enkelt att h\u00e5lla koll p\u00e5 din anv\u00e4ndning. Enhetens <strong>Type-C uppladdningsbar<\/strong> funktionalitet garanterar snabb och effektiv laddning, s\u00e5 du aldrig beh\u00f6ver v\u00e4nta l\u00e4nge p\u00e5 din n\u00e4sta session.<\/p>\n<p>Oavsett om du f\u00f6redrar <strong>2%<\/strong> or <strong>5% nikotin<\/strong>, den <strong>VOPK 40K<\/strong> erbjuder den perfekta balansen av styrka f\u00f6r varje anv\u00e4ndare. Dessutom, med 10 l\u00e4ckra smaker att v\u00e4lja mellan, fr\u00e5n fruktiga blandningar till mintiga alternativ, finns det en smakprofil f\u00f6r alla.<\/p>\n<p>Idealisk f\u00f6r \u00e5terf\u00f6rs\u00e4ljare eller de som s\u00f6ker en <strong>eng\u00e5ngs vape-alternativ med l\u00e5g nikotinhalt<\/strong>, den <strong>VOPK ULTRA 40000<\/strong> levererar allt du beh\u00f6ver \u2013 ut\u00f6kat puffantal, dubbla smaker och modern teknologi \u2013 allt i en elegant, b\u00e4rbar design. V\u00e4lj <strong>VOPK ULTRA 40000<\/strong> f\u00f6r en avancerad vapingupplevelse som kombinerar innovation och prisv\u00e4rdhet, allt i en enhet.<\/p>\n<\/div>\n<\/div>\n<\/div>\n<\/div>\n<\/div>\n<\/div>\n<p><strong>Kontakta Amy f\u00f6r att f\u00e5 r\u00e4tt svar och vape-kupong!<\/strong><\/p>\n<p><img loading=\"lazy\" decoding=\"async\" class=\"size-full wp-image-1978\" src=\"https:\/\/rmvapesale.com\/wp-content\/uploads\/2024\/09\/Disposable-Vape-Wholesale.jpg\" alt=\"Eng\u00e5ngsvape Partihandel\" width=\"229\" height=\"300\" \/><\/p>\n<h3><a href=\"https:\/\/wa.me\/8617776015835\" target=\"_blank\" rel=\"noopener\"><span style=\"color: #ff0000\"><strong>WhatsApp: +86 17776015835<\/strong><\/span><\/a><\/h3>\n<h2><\/h2>\n<h2><strong>VOPK 40000 Nyckelfunktioner<\/strong><\/h2>\n<p>Puffar: 40000 Puffar<br \/>\nE-v\u00e4tska: 36 mL<br \/>\nNikotin: 2%\/5%<br \/>\nType-C Uppladdningsbar f\u00f6r snabb laddning<br \/>\nSmart LED-sk\u00e4rm visar batterilivsl\u00e4ngd och e-v\u00e4tskeniv\u00e5er<br \/>\nNjut av dubbel smak med en vape-enhet<br \/>\n10 smaker att v\u00e4lja mellan<\/p>\n<h2><\/h2>\n<h2><strong>VOPK 40K Smaklista<\/strong><\/h2>\n<p>1.Jordgubb Vattenmelon\/ Kiwi Passionsfrukt Guava<br \/>\n2.Bl\u00e5b\u00e4r Hallon \/Persika Mango Vattenmelon<br \/>\n3.Bl\u00e5 hallon Gummibj\u00f6rn\/Jordgubbs Kiwi<br \/>\n4.Bl\u00e5 hallon k\u00f6rsb\u00e4r\/Jordgubbs hallon<br \/>\n5.Fizzy Citron<br \/>\n6.Vattenmelon is\/Bl\u00e5 hallon is<br \/>\n7.Bl\u00e5 hallon Ananas\/Trippel Mango<br \/>\n8.Druvb\u00e4rsblandning\/P\u00e4ron \u00c4pple Hallon<br \/>\n9.Jordgubbs tranb\u00e4r k\u00f6rsb\u00e4r\/Ananas passionsfrukt lime<br \/>\n10.Bl\u00e5b\u00e4r Jordgubbs Mentol\/Bl\u00e5b\u00e4r Hallon Mentol<\/p>\n<p>&nbsp;<\/p>\n<p>&nbsp;<\/p>\n<h3><strong>Varf\u00f6r v\u00e4lja Rmvapesale f\u00f6r VOPK ULTRA 40000 Puffs <\/strong><strong>V<\/strong><strong>Vape Partihandel<\/strong><strong>?<\/strong><\/h3>\n<div class=\"flex-shrink-0 flex flex-col relative items-end\">\n<div class=\"pt-0\">\n<div class=\"gizmo-bot-avatar flex h-8 w-8 items-center justify-center overflow-hidden rounded-full\">\n<div class=\"relative p-1 rounded-sm flex items-center justify-center bg-token-main-surface-primary text-token-text-primary h-8 w-8\">\n<p>V\u00e4lkommen till Rmvapesale, din p\u00e5litliga vapebutik f\u00f6r f\u00f6rstklassiga eng\u00e5ngsvapes. Med \u00f6ver 5 \u00e5rs expertis, erbjuder vi popul\u00e4ra varum\u00e4rken f\u00f6r eng\u00e5ngsvapes som Al Fakher, <a href=\"https:\/\/rmvapesale.com\/sv\/product-category\/bang-vapes\/\">Bang Vape<\/a>, Waspe, WGA Vape och<a href=\"https:\/\/rmvapesale.com\/sv\/product-category\/randm-fumot-vape\/\"> RandM Vape<\/a>.<\/p>\n<p>V\u00e5rt sortiment inkluderar popul\u00e4ra vapes som <a href=\"https:\/\/rmvapesale.com\/sv\/product\/randm-tornado-15000-puffs-vape-wholesale\/\">RandM Tornado 15000<\/a> och smakrika val som Vapme 70000. Varje produkt \u00e4r utvald med fokus p\u00e5 kvalitet, v\u00e4rde och variation, vilket s\u00e4kerst\u00e4ller att du hittar den perfekta matchningen f\u00f6r dina behov. Uppt\u00e4ck exceptionell service och ett brett utbud av topprodukter p\u00e5 Rmvapesale.<\/p>\n<\/div>\n<h3><\/h3>\n<div class=\"relative p-1 rounded-sm flex items-center justify-center bg-token-main-surface-primary text-token-text-primary h-8 w-8\">\n<h3><b> FAQS f\u00f6r VOPK 40000 Puffs <\/b><b>Uppladdningsbar eng\u00e5ngs-vape<\/b><\/h3>\n<div class=\"group\/conversation-turn relative flex w-full min-w-0 flex-col agent-turn\">\n<div class=\"flex-col gap-1 md:gap-3\">\n<div class=\"flex max-w-full flex-col flex-grow\">\n<div class=\"min-h-8 text-message flex w-full flex-col items-end gap-2 whitespace-normal break-words [.text-message+&amp;]:mt-5\" dir=\"auto\" data-message-author-role=\"assistant\" data-message-id=\"00c9b302-bc9c-4550-94ba-5a295efa2be3\" data-message-model-slug=\"gpt-4o\">\n<div class=\"flex w-full flex-col gap-1 empty:hidden first:pt-[3px]\">\n<div class=\"markdown prose w-full break-words dark:prose-invert light\">\n<div class=\"flex-shrink-0 flex flex-col relative items-end\">\n<div>\n<div class=\"pt-0\">\n<div class=\"gizmo-bot-avatar flex h-8 w-8 items-center justify-center overflow-hidden rounded-full\">\n<div class=\"relative p-1 rounded-sm flex items-center justify-center bg-token-main-surface-primary text-token-text-primary h-8 w-8\">\n<div class=\"flex-shrink-0 flex flex-col relative items-end\">\n<div>\n<div class=\"pt-0\">\n<div class=\"gizmo-bot-avatar flex h-8 w-8 items-center justify-center overflow-hidden rounded-full\">\n<div class=\"relative p-1 rounded-sm flex items-center justify-center bg-token-main-surface-primary text-token-text-primary h-8 w-8\">\n<p><strong>1. Var kan man k\u00f6pa VOPK 40000 Puffs till grossistpris i Sverige<\/strong><br \/>\nDu kan k\u00f6pa <strong>VOPK 40000 Puffs<\/strong> till grossistpriser genom auktoriserade distribut\u00f6rer eller v\u00e4lrenommerade online-e-cigarettbutiker som specialiserar sig p\u00e5 <strong>vape-grossist<\/strong> i Sverige. Leta efter butiker som erbjuder masspriser och direkta leveranser.<\/p>\n<p><strong>2. Hur m\u00e5nga puffar ger VOPK 40k Puffs?<\/strong><br \/>\nDen <strong>VOPK 40k<\/strong> ger imponerande <strong>40 000 bloss<\/strong>vilket g\u00f6r den till en av de mest l\u00e5ngvariga eng\u00e5ngs-e-cigaretterna som finns p\u00e5 marknaden.<\/p>\n<p><strong>3. Hur l\u00e4nge r\u00e4cker den popul\u00e4ra VOPK 40000 Ultra eng\u00e5ngsvapeboxen?<\/strong><br \/>\nDen <strong>VOPK 40000 Ultra eng\u00e5ngsvapebox<\/strong> kan r\u00e4cka 2-4 veckor, beroende p\u00e5 anv\u00e4ndning. F\u00f6r regelbundna anv\u00e4ndare skulle detta typiskt sett inneb\u00e4ra flera dagars oavbruten vaping-njutning.<\/p>\n<p><strong>4. Vilka \u00e4r de popul\u00e4ra smakerna f\u00f6r VOPK 40k Puffs digitala box?<\/strong><br \/>\nDen <strong>VOPK 40k Puffs digitala box<\/strong> erbjuder en m\u00e4ngd popul\u00e4ra smaker, inklusive fruktiga alternativ som Mango, Jordgubbe och Vattenmelon, samt mentol- och dessertinspirerade blandningar. Dessa smaker tillgodoser en bredd av vaping-preferenser.<\/p>\n<p><strong>5. Hur l\u00e5ng tid tar det att ladda en VOPK 40k Puffs Spaceman eng\u00e5ngsvape?<\/strong><br \/>\nDen <strong>VOPK 40k Puffs Spaceman eng\u00e5ngsvape<\/strong> tar cirka <strong>1-2 timmar<\/strong> f\u00f6r att ladda fullt med sin <strong>Typ-C snabbladdning<\/strong> port.<\/p>\n<p><strong>6. Hur mycket nikotin finns i en VOPK 40k Digital box eng\u00e5ngsvape?<\/strong><br \/>\nDen <strong>VOPK 40k Digital box eng\u00e5ngsvape<\/strong> finns i <strong>2%<\/strong> och <strong>5% nikotin<\/strong> alternativ, vilket g\u00f6r att anv\u00e4ndarna kan v\u00e4lja baserat p\u00e5 deras f\u00f6redragna styrka.<\/p>\n<p>&nbsp;<\/p>\n<\/div>\n<\/div>\n<\/div>\n<\/div>\n<\/div>\n<\/div>\n<\/div>\n<\/div>\n<\/div>\n<\/div>\n<div class=\"group\/conversation-turn relative flex w-full min-w-0 flex-col agent-turn\">\n<div class=\"flex-col gap-1 md:gap-3\">\n<div class=\"flex max-w-full flex-col flex-grow\">\n<div class=\"min-h-8 text-message flex w-full flex-col items-end gap-2 whitespace-normal break-words [.text-message+&amp;]:mt-5\" dir=\"auto\" data-message-author-role=\"assistant\" data-message-id=\"a3dc01bd-23b0-4fd7-bb9a-7827522cefd8\" data-message-model-slug=\"gpt-4o\">\n<div class=\"flex w-full flex-col gap-1 empty:hidden first:pt-[3px]\"><\/div>\n<\/div>\n<\/div>\n<\/div>\n<\/div>\n<\/div>\n<\/div>\n<\/div>\n<\/div>\n<\/div>\n<\/div>\n<\/div>\n<\/div>\n<\/div>\n<\/div>\n<h3>Om frakt<\/h3>\n<div class=\"flex-shrink-0 flex flex-col relative items-end\">\n<div>\n<div class=\"pt-0\">\n<div class=\"gizmo-bot-avatar flex h-8 w-8 items-center justify-center overflow-hidden rounded-full\">\n<div><\/div>\n<div class=\"relative p-1 rounded-sm flex items-center justify-center bg-token-main-surface-primary text-token-text-primary h-8 w-8\"><strong>1. Vilka fraktmetoder anv\u00e4nds?<\/strong><\/div>\n<\/div>\n<\/div>\n<\/div>\n<\/div>\n<div class=\"group\/conversation-turn relative flex w-full min-w-0 flex-col agent-turn\">\n<div class=\"flex-col gap-1 md:gap-3\">\n<div class=\"flex max-w-full flex-col flex-grow\">\n<div class=\"min-h-[20px] text-message flex w-full flex-col items-end gap-2 whitespace-normal break-words [.text-message+&amp;]:mt-5 overflow-x-auto\" dir=\"auto\" data-message-author-role=\"assistant\" data-message-id=\"22f8283b-3233-46ff-89a5-c7a41b33abda\">\n<div class=\"flex w-full flex-col gap-1 empty:hidden first:pt-[3px]\">\n<div class=\"markdown prose w-full break-words dark:prose-invert light\">\n<p>Vi samarbetar med UPS, DHL, FedEx, DPD och andra ledande transport\u00f6rer. Vi v\u00e4ljer det b\u00e4sta frakts\u00e4ttet baserat p\u00e5 din leveransadress f\u00f6r att s\u00e4kerst\u00e4lla att du f\u00e5r dina produkter s\u00e5 snabbt som m\u00f6jligt.<\/p>\n<\/div>\n<p><strong>2. Hur l\u00e5ng tid tar det att komma fram?<\/strong><\/p>\n<p>Paket som skickas till Sverige anl\u00e4nder vanligtvis inom 10 arbetsdagar. Leveranser till europeiska l\u00e4nder tar generellt cirka 12-15 arbetsdagar. Vi kommer att ge uppdateringar i realtid om din leveransstatus.<\/p>\n<\/div>\n<\/div>\n<\/div>\n<\/div>\n<\/div>\n<p>&nbsp;<\/p>\n<p>Hitta fler vape-produkter du kanske gillar:<strong><em><a href=\"https:\/\/rmvapesale.com\/sv\/shop-2\/\">handla nu &gt;&gt;&gt;<\/a><\/em><\/strong><\/p>","protected":false},"excerpt":{"rendered":"<p>VOPK 40000 Puffs Rymdman Eng\u00e5ngsvape Grossist<br \/>\nVOPK 40000 40K Puffs Uppladdningsbar Eng\u00e5ngsvape Grossistpris<br \/>\nHet f\u00f6rs\u00e4ljning Eng\u00e5ngs vape-penna 40000 VOPK Ultra<\/p>\n<p><strong>Kontakta Amy f\u00f6r att f\u00e5 r\u00e4tt svar och vape-kupong!<\/strong><\/p>\n<p><img loading=\"lazy\" decoding=\"async\" class=\"size-full wp-image-2375\" src=\"https:\/\/rmvapesale.com\/wp-content\/uploads\/2024\/10\/image.png\" alt=\"B\u00e4sta eng\u00e5ngsvape\" width=\"229\" height=\"300\" \/><\/p>\n<h3><a href=\"https:\/\/wa.me\/8617776015835\"><span style=\"color: #ff0000\"><strong>WhatsApp: +86 17776015835<\/strong><\/span><\/a><\/h3>\n<p>&nbsp;<\/p>","protected":false},"featured_media":2840,"comment_status":"open","ping_status":"closed","template":"","meta":{"_uag_custom_page_level_css":"","_lmt_disableupdate":"no","_lmt_disable":"","site-sidebar-layout":"default","site-content-layout":"content-boxed-container","ast-site-content-layout":"normal-width-container","site-content-style":"boxed","site-sidebar-style":"unboxed","ast-global-header-display":"","ast-banner-title-visibility":"","ast-main-header-display":"","ast-hfb-above-header-display":"","ast-hfb-below-header-display":"","ast-hfb-mobile-header-display":"","site-post-title":"","ast-breadcrumbs-content":"","ast-featured-img":"","footer-sml-layout":"","ast-disable-related-posts":"","theme-transparent-header-meta":"default","adv-header-id-meta":"","stick-header-meta":"","header-above-stick-meta":"","header-main-stick-meta":"","header-below-stick-meta":"","astra-migrate-meta-layouts":"set","ast-page-background-enabled":"default","ast-page-background-meta":{"desktop":{"background-color":"var(--ast-global-color-4)","background-image":"","background-repeat":"repeat","background-position":"center center","background-size":"auto","background-attachment":"scroll","background-type":"","background-media":"","overlay-type":"","overlay-color":"","overlay-opacity":"","overlay-gradient":""},"tablet":{"background-color":"","background-image":"","background-repeat":"repeat","background-position":"center center","background-size":"auto","background-attachment":"scroll","background-type":"","background-media":"","overlay-type":"","overlay-color":"","overlay-opacity":"","overlay-gradient":""},"mobile":{"background-color":"","background-image":"","background-repeat":"repeat","background-position":"center center","background-size":"auto","background-attachment":"scroll","background-type":"","background-media":"","overlay-type":"","overlay-color":"","overlay-opacity":"","overlay-gradient":""}},"ast-content-background-meta":{"desktop":{"background-color":"var(--ast-global-color-5)","background-image":"","background-repeat":"repeat","background-position":"center center","background-size":"auto","background-attachment":"scroll","background-type":"","background-media":"","overlay-type":"","overlay-color":"","overlay-opacity":"","overlay-gradient":""},"tablet":{"background-color":"var(--ast-global-color-5)","background-image":"","background-repeat":"repeat","background-position":"center center","background-size":"auto","background-attachment":"scroll","background-type":"","background-media":"","overlay-type":"","overlay-color":"","overlay-opacity":"","overlay-gradient":""},"mobile":{"background-color":"var(--ast-global-color-5)","background-image":"","background-repeat":"repeat","background-position":"center center","background-size":"auto","background-attachment":"scroll","background-type":"","background-media":"","overlay-type":"","overlay-color":"","overlay-opacity":"","overlay-gradient":""}},"_joinchat":[]},"product_brand":[],"product_cat":[15,27,25,123,30,26,28,137,136,135],"product_tag":[111,120,238,42],"class_list":{"0":"post-2844","1":"product","2":"type-product","3":"status-publish","4":"has-post-thumbnail","6":"product_cat-new-vape-this-week","7":"product_cat-fance-hot-sale-vape","8":"product_cat-germany-best-selling-vape","9":"product_cat-italy-wholesale-vape","10":"product_cat-minimum-order-quantity-50pcs","11":"product_cat-netherlands-hot-sale-vape","12":"product_cat-poland-hot-sale-vape","13":"product_cat-rechargeable-vapes","14":"product_cat-smart-screen-vapes","15":"product_cat-spain-best-hot-sale-vape","16":"product_tag-low-nicotine-disposable-vape","17":"product_tag-vape-wholesale","18":"product_tag-vopk-40000","19":"product_tag-vopk-vape","20":"desktop-align-left","21":"tablet-align-left","22":"mobile-align-left","24":"first","25":"instock","26":"sale","27":"shipping-taxable","28":"purchasable","29":"product-type-simple"},"uagb_featured_image_src":{"full":["https:\/\/rmvapesale.com\/wp-content\/uploads\/2024\/12\/VOPK-40000-Rechargeable-Disposable-Vape.jpg",1126,1126,false],"thumbnail":["https:\/\/rmvapesale.com\/wp-content\/uploads\/2024\/12\/VOPK-40000-Rechargeable-Disposable-Vape-150x150.jpg",150,150,true],"medium":["https:\/\/rmvapesale.com\/wp-content\/uploads\/2024\/12\/VOPK-40000-Rechargeable-Disposable-Vape-300x300.jpg",300,300,true],"medium_large":["https:\/\/rmvapesale.com\/wp-content\/uploads\/2024\/12\/VOPK-40000-Rechargeable-Disposable-Vape-768x768.jpg",768,768,true],"large":["https:\/\/rmvapesale.com\/wp-content\/uploads\/2024\/12\/VOPK-40000-Rechargeable-Disposable-Vape-1024x1024.jpg",1024,1024,true],"1536x1536":["https:\/\/rmvapesale.com\/wp-content\/uploads\/2024\/12\/VOPK-40000-Rechargeable-Disposable-Vape.jpg",1126,1126,false],"2048x2048":["https:\/\/rmvapesale.com\/wp-content\/uploads\/2024\/12\/VOPK-40000-Rechargeable-Disposable-Vape.jpg",1126,1126,false],"trp-custom-language-flag":["https:\/\/rmvapesale.com\/wp-content\/uploads\/2024\/12\/VOPK-40000-Rechargeable-Disposable-Vape.jpg",12,12,false],"woocommerce_thumbnail":["https:\/\/rmvapesale.com\/wp-content\/uploads\/2024\/12\/VOPK-40000-Rechargeable-Disposable-Vape-300x300.jpg",300,300,true],"woocommerce_single":["https:\/\/rmvapesale.com\/wp-content\/uploads\/2024\/12\/VOPK-40000-Rechargeable-Disposable-Vape-600x600.jpg",600,600,true],"woocommerce_gallery_thumbnail":["https:\/\/rmvapesale.com\/wp-content\/uploads\/2024\/12\/VOPK-40000-Rechargeable-Disposable-Vape-100x100.jpg",100,100,true],"wcpr-photo-reviews":["https:\/\/rmvapesale.com\/wp-content\/uploads\/2024\/12\/VOPK-40000-Rechargeable-Disposable-Vape.jpg",500,500,false]},"uagb_author_info":{"display_name":"AMY","author_link":"https:\/\/rmvapesale.com\/sv\/author\/"},"uagb_comment_info":0,"uagb_excerpt":"VOPK 40000 Puffs Spaceman Disposable Vape Wholesale VOPK 40000 40K Puffs Rechargeable Disposable Vape Wholesale Price Hot Sell Disposable Vape Pen 40000 VOPK Ultra Contact Amy to get right reply and vape coupon! WhatsApp: +86 17776015835 &nbsp;","_links":{"self":[{"href":"https:\/\/rmvapesale.com\/sv\/wp-json\/wp\/v2\/product\/2844","targetHints":{"allow":["GET"]}}],"collection":[{"href":"https:\/\/rmvapesale.com\/sv\/wp-json\/wp\/v2\/product"}],"about":[{"href":"https:\/\/rmvapesale.com\/sv\/wp-json\/wp\/v2\/types\/product"}],"replies":[{"embeddable":true,"href":"https:\/\/rmvapesale.com\/sv\/wp-json\/wp\/v2\/comments?post=2844"}],"wp:featuredmedia":[{"embeddable":true,"href":"https:\/\/rmvapesale.com\/sv\/wp-json\/wp\/v2\/media\/2840"}],"wp:attachment":[{"href":"https:\/\/rmvapesale.com\/sv\/wp-json\/wp\/v2\/media?parent=2844"}],"wp:term":[{"taxonomy":"product_brand","embeddable":true,"href":"https:\/\/rmvapesale.com\/sv\/wp-json\/wp\/v2\/product_brand?post=2844"},{"taxonomy":"product_cat","embeddable":true,"href":"https:\/\/rmvapesale.com\/sv\/wp-json\/wp\/v2\/product_cat?post=2844"},{"taxonomy":"product_tag","embeddable":true,"href":"https:\/\/rmvapesale.com\/sv\/wp-json\/wp\/v2\/product_tag?post=2844"}],"curies":[{"name":"wp","href":"https:\/\/api.w.org\/{rel}","templated":true}]}}