{"id":2911,"date":"2025-01-08T08:18:28","date_gmt":"2025-01-08T08:18:28","guid":{"rendered":"https:\/\/rmvapesale.com\/?post_type=product&#038;p=2911"},"modified":"2025-01-08T08:52:15","modified_gmt":"2025-01-08T08:52:15","slug":"jnr-mega-shisha-hookah-100000-100k-puffs-disposable-vape-a-premium-vaping-experience","status":"publish","type":"product","link":"https:\/\/rmvapesale.com\/sv\/product\/jnr-mega-shisha-hookah-100000-100k-puffs-disposable-vape-a-premium-vaping-experience\/","title":{"rendered":"JNR Mega Shisha Hookah 100000 100k Puff Eng\u00e5ngs Vape: En Premium Vaping Upplevelse"},"content":{"rendered":"<div class=\"B2VR9 CJHX3e\">\n<div class=\"wyccme\">\n<div class=\"flex-shrink-0 flex flex-col relative items-end\">\n<div class=\"pt-0\">\n<div class=\"gizmo-bot-avatar flex h-8 w-8 items-center justify-center overflow-hidden rounded-full\">\n<div class=\"relative p-1 rounded-sm flex items-center justify-center bg-token-main-surface-primary text-token-text-primary h-8 w-8\">\n<div class=\"flex-shrink-0 flex flex-col relative items-end\">\n<div class=\"pt-0\">\n<div class=\"gizmo-bot-avatar flex h-8 w-8 items-center justify-center overflow-hidden rounded-full\">\n<h1 class=\"relative p-1 rounded-sm flex items-center justify-center bg-token-main-surface-primary text-token-text-primary h-8 w-8\">JNR Mega Shisha Hookah 100000 100k Puff Eng\u00e5ngs Vape: En Premium Vaping Upplevelse<\/h1>\n<\/div>\n<\/div>\n<\/div>\n<\/div>\n<\/div>\n<\/div>\n<\/div>\n<div class=\"group\/conversation-turn relative flex w-full min-w-0 flex-col agent-turn\">\n<div class=\"flex-col gap-1 md:gap-3\">\n<div class=\"flex max-w-full flex-col flex-grow\">\n<div class=\"min-h-8 text-message flex w-full flex-col items-end gap-2 whitespace-normal break-words text-start [.text-message+&amp;]:mt-5\" dir=\"auto\" data-message-author-role=\"assistant\" data-message-id=\"80ece0c4-ead1-4ed9-a9f0-ddc22582b4f4\" data-message-model-slug=\"gpt-4o\">\n<div class=\"flex w-full flex-col gap-1 empty:hidden first:pt-[3px]\">\n<div class=\"markdown prose w-full break-words dark:prose-invert light\"><\/div>\n<\/div>\n<\/div>\n<\/div>\n<\/div>\n<\/div>\n<div class=\"flex-shrink-0 flex flex-col relative items-end\">\n<div class=\"pt-0\">\n<div class=\"gizmo-bot-avatar flex h-8 w-8 items-center justify-center overflow-hidden rounded-full\">\n<div class=\"relative p-1 rounded-sm flex items-center justify-center bg-token-main-surface-primary text-token-text-primary h-8 w-8\">\n<p>Den <strong>JNR Mega Shisha Hookah 100000 Puffs Eng\u00e5ngs-vape<\/strong> \u00e4r en banbrytande enhet utformad f\u00f6r de som kr\u00e4ver en ut\u00f6kad och premium vaping-upplevelse. Med sin imponerande <strong>100 000 bloss<\/strong> livsl\u00e4ngd s\u00e4kerst\u00e4ller denna enhet l\u00e5ngvarig njutning, och erbjuder konsekvent, sl\u00e4t \u00e5nga vid varje bloss.<\/p>\n<h2><strong>Nyckelfunktioner:<\/strong><\/h2>\n<ol>\n<li><strong>Massiv E-v\u00e4tskekapacitet<\/strong><br \/>\nUtrustad med en <strong>60mL e-v\u00e4tsketank<\/strong>, JNR Mega Shisha ger ett rikligt utbud av vape-juice, vilket s\u00e4kerst\u00e4ller att du kan njuta av ut\u00f6kade sessioner utan att beh\u00f6va t\u00e4ta p\u00e5fyllningar. I kombination med <strong>2% nikotinstyrka<\/strong>, erbjuder denna vape en tillfredsst\u00e4llande upplevelse som skapar en perfekt balans mellan smak och j\u00e4mnhet.<\/li>\n<li><strong>Kraftfullt Uppladdningsbart Batteri<\/strong><br \/>\nDen <strong>2200mAh uppladdningsbart batteri<\/strong> s\u00e4kerst\u00e4ller gott om str\u00f6m f\u00f6r att r\u00e4cka genom l\u00e5nga sessioner. Med <strong>Typ-C snabbladdning<\/strong>, kommer du att spendera mindre tid p\u00e5 att v\u00e4nta p\u00e5 att din enhet ska laddas och mer tid p\u00e5 att njuta av din vape. Denna funktion g\u00f6r JNR Mega Shisha till ett p\u00e5litligt och bekv\u00e4mt alternativ f\u00f6r dem som \u00e4r p\u00e5 spr\u00e5ng.<\/li>\n<li><strong>Smart Sk\u00e4rm\u00f6vervakning<\/strong><br \/>\nA <strong>smart sk\u00e4rm<\/strong> inbyggd i enheten erbjuder realtidsinformation om b\u00e5de batteri- och e-v\u00e4tskeniv\u00e5er. Denna funktion ger dig full kontroll \u00f6ver din vaping-upplevelse, s\u00e5 att du enkelt kan sp\u00e5ra n\u00e4r det \u00e4r dags f\u00f6r en laddning eller p\u00e5fyllning, vilket undviker avbrott i din session.<\/li>\n<li><strong>Dubbel munstycksdesign<\/strong><br \/>\nDen <strong>dubbel munstycksdesign<\/strong> \u00e4r en utm\u00e4rkande funktion som m\u00f6jligg\u00f6r en mer anpassningsbar vapingupplevelse. Oavsett om du anv\u00e4nder enheten sj\u00e4lv eller delar den med v\u00e4nner, erbjuder denna design extra m\u00e5ngsidighet. Den f\u00f6rb\u00e4ttrar din upplevelse, vilket g\u00f6r den idealisk f\u00f6r sociala stunder eller personlig avkoppling.<\/li>\n<li><strong>Optimerad prestanda<\/strong><br \/>\nDen <strong>8-sekunders maximal dragtid<\/strong> s\u00e4kerst\u00e4ller att varje puff levererar optimal \u00e5ngproduktion, medan det <strong>automatiska skyddssystemet<\/strong> f\u00f6rhindrar \u00f6verhettning. Denna extra s\u00e4kerhetsfunktion garanterar en smidig och bekymmersfri vapingupplevelse, vilket ger dig sinnesro vid varje anv\u00e4ndning.<\/li>\n<li><strong>DTL-vaping f\u00f6r fyllig \u00e5nga<\/strong><br \/>\nKonstruerad f\u00f6r <strong>DTL (Direct-to-Lung) vaping<\/strong>, producerar JNR Mega Shisha j\u00e4mn och t\u00e4t \u00e5nga vid varje inandning. Enhetens design och \u00e5ngleveranssystem \u00e4r optimerade f\u00f6r dem som uppskattar djupa, tillfredsst\u00e4llande moln som f\u00f6rb\u00e4ttrar den totala upplevelsen.<\/li>\n<li><strong>F\u00f6rb\u00e4ttrad estetik och funktionalitet<\/strong><br \/>\nMed ett stilfullt <strong>andningsljus<\/strong> och <strong>kompatibilitet med station\u00e4r vattenpipa<\/strong>, presterar JNR Mega Shisha inte bara bra - den l\u00e4gger ocks\u00e5 till en estetisk touch till din vapesetup. Det gl\u00f6dande ljuset och kompatibiliteten med traditionella vattenpipor g\u00f6r denna enhet till en stilren detalj, perfekt f\u00f6r alla som uppskattar elegansen och ritualen i vattenpipakulturen.<\/li>\n<\/ol>\n<h3><strong>Varf\u00f6r v\u00e4lja JNR Mega Shisha 100000 Puffs eng\u00e5ngsvape?<\/strong><\/h3>\n<p>Om du letar efter en <strong>h\u00f6gpresterande eng\u00e5ngsvape<\/strong> som kombinerar livsl\u00e4ngd, kraft och innovation, \u00e4r <strong>JNR Mega Shisha 100k<\/strong>\u00a0det ultimata valet. Dess stora e-v\u00e4tskekapacitet, laddningsbara batteri, smarta funktioner och DTL-vejpningsdesign g\u00f6r att den sticker ut p\u00e5 marknaden. Oavsett om du \u00e4r en erfaren vejpare eller nyb\u00f6rjare, erbjuder denna enhet allt du beh\u00f6ver f\u00f6r en f\u00f6rstklassig upplevelse, fr\u00e5n j\u00e4mn \u00e5nga till l\u00e5ngvariga sessioner.<\/p>\n<p>Med <strong>12 olika smaker<\/strong>, anpassningsbara alternativ och de extra f\u00f6rdelarna med <strong>andningsljus<\/strong> och <strong>vattenpipa kompatibilitet<\/strong>, JNR Mega Shisha levererar mer \u00e4n bara \u00e5nga \u2013 det \u00e4r en komplett, lyxig vejpningsupplevelse. Perfekt f\u00f6r dem som vill ha b\u00e5de funktion och stil, \u00e4r denna enhet ett m\u00e5ste i varje vejpares samling.<\/p>\n<\/div>\n<p>&nbsp;<\/p>\n<\/div>\n<\/div>\n<\/div>\n<\/div>\n<\/div>\n<p><strong>Kontakta Amy f\u00f6r att f\u00e5 r\u00e4tt svar och vape-kupong!<\/strong><\/p>\n<p><img loading=\"lazy\" decoding=\"async\" class=\"size-full wp-image-1978\" src=\"https:\/\/rmvapesale.com\/wp-content\/uploads\/2024\/09\/Disposable-Vape-Wholesale.jpg\" alt=\"Eng\u00e5ngsvape Partihandel\" width=\"229\" height=\"300\" \/><\/p>\n<h3><a href=\"https:\/\/wa.me\/8617776015835\" target=\"_blank\" rel=\"noopener\"><span style=\"color: #ff0000\"><strong>WhatsApp: +86 17776015835<\/strong><\/span><\/a><\/h3>\n<p>&nbsp;<\/p>\n<h2><strong style=\"font-size: 1.7em\">JNR Mega Shisha Hookah 100000 Huvudfunktioner<\/strong><\/h2>\n<ul>\n<li><strong>Nikotinstyrka:<\/strong>\u00a02%<\/li>\n<li><strong>Puffar:<\/strong>\u00a0Upp till 100000 bloss<\/li>\n<li><strong>E-v\u00e4tskekapacitet:<\/strong>\u00a060 ml<\/li>\n<li><strong>Batterikapacitet:<\/strong>\u00a02200 mAh uppladdningsbart<\/li>\n<li><strong>Laddningsmetod:<\/strong>\u00a0Typ-C snabbladdning<\/li>\n<li><strong>Vapingstil:<\/strong>\u00a0DTL (Direkt till lunga) vaping<\/li>\n<li><strong>Andningslampa:<\/strong>\u00a0Visuellt tilltalande vid varje bloss<\/li>\n<li><strong>Smart sk\u00e4rm:<\/strong>\u00a0Realtidsuppdateringar om batteri- och e-v\u00e4tskeniv\u00e5er<\/li>\n<li><strong>Munstycken:<\/strong>\u00a0Dubbelt munstycke f\u00f6r delad eller solo-vaping<\/li>\n<li><strong>Maximal vapingtid:<\/strong>\u00a08 sekunder per drag<\/li>\n<li><strong>Skydd:<\/strong>\u00a0Automatiskt \u00f6vertidsskydd<\/li>\n<li><strong>Kompatibilitet med desktop-hookah:<\/strong>\u00a0Idealisk f\u00f6r vaping i hookah-stil<\/li>\n<li><strong>Smaker:<\/strong>\u00a012 smakfulla alternativ att v\u00e4lja mellan<\/li>\n<\/ul>\n<h2><strong style=\"font-size: 1.7em\">Mest s\u00e5lda smak f\u00f6r JNR Mega Shisha Hookah 100k<\/strong><\/h2>\n<p>Denna JNR Mega Shisha Hookah 100000 eng\u00e5ngsvape tillg\u00e4nglig i <strong>12 sp\u00e4nnande smaker<\/strong>, erbjuder en m\u00e4ngd olika alternativ f\u00f6r att tillgodose olika smaker. Fr\u00e5n fruktiga till mintiga till exotiska blandningar, det finns n\u00e5got f\u00f6r alla. Detta breda urval s\u00e4kerst\u00e4ller att du alltid kan hitta en smak som passar ditt hum\u00f6r, vilket g\u00f6r den till ett m\u00e5ngsidigt val f\u00f6r alla vapers. V\u00e4nligen hitta den mest s\u00e5lda smaken f\u00f6r denna uppladdningsbara eng\u00e5ngsvape enligt v\u00e5r f\u00f6rs\u00e4ljningsdata och kundfeedback.<\/p>\n<p>1. Tv\u00e5 \u00e4pplen<strong> <span style=\"color: #ff0000\">&gt;&gt;&gt;&gt; B\u00e4st!<\/span><\/strong><br \/>\n2. Blueberry Ice <span style=\"color: #ff0000\"><strong>&gt;&gt;&gt;&gt; Het!<\/strong><\/span><br \/>\n3. Vindruva Mynta<br \/>\n4. Hawaii<br \/>\n5. Kiwi Passionsfrukt Guava<br \/>\n6. Lady Killa <span style=\"color: #ff0000\"><strong>&gt;&gt;&gt;&gt; Het!<\/strong><\/span><br \/>\n7. Love 66<br \/>\n8. Lush Ice<br \/>\n9. Magic Love<br \/>\n10. Mi Amor <span style=\"color: #ff0000\"><strong>&gt;&gt;&gt;&gt; Het!<\/strong><\/span><br \/>\n11. Persika Is<br \/>\n12. Jordgubb Punch<\/p>\n<figure id=\"attachment_2908\" aria-describedby=\"caption-attachment-2908\" style=\"width: 1000px\" class=\"wp-caption alignnone\"><img loading=\"lazy\" decoding=\"async\" class=\"wp-image-2908 size-full\" src=\"https:\/\/rmvapesale.com\/wp-content\/uploads\/2025\/01\/JNR-Mega-Shisha-Hookah-100000-100K-Puffs.webp\" alt=\"JNR Mega Shisha Hookah 100000 100K Puffar\" width=\"1000\" height=\"1000\" srcset=\"https:\/\/rmvapesale.com\/wp-content\/uploads\/2025\/01\/JNR-Mega-Shisha-Hookah-100000-100K-Puffs.webp 1000w, https:\/\/rmvapesale.com\/wp-content\/uploads\/2025\/01\/JNR-Mega-Shisha-Hookah-100000-100K-Puffs-300x300.webp 300w, https:\/\/rmvapesale.com\/wp-content\/uploads\/2025\/01\/JNR-Mega-Shisha-Hookah-100000-100K-Puffs-150x150.webp 150w, https:\/\/rmvapesale.com\/wp-content\/uploads\/2025\/01\/JNR-Mega-Shisha-Hookah-100000-100K-Puffs-768x768.webp 768w, https:\/\/rmvapesale.com\/wp-content\/uploads\/2025\/01\/JNR-Mega-Shisha-Hookah-100000-100K-Puffs-600x600.webp 600w, https:\/\/rmvapesale.com\/wp-content\/uploads\/2025\/01\/JNR-Mega-Shisha-Hookah-100000-100K-Puffs-100x100.webp 100w\" sizes=\"auto, (max-width: 1000px) 100vw, 1000px\" \/><figcaption id=\"caption-attachment-2908\" class=\"wp-caption-text\">JNR Mega Shisha Hookah 100000 100K Puffar<\/figcaption><\/figure>\n<h3>Grundlig recension av JNR Mega Shisha Hookah 100k<\/h3>\n<h3><\/h3>\n<ol>\n<li><strong>Tv\u00e5 \u00e4pplen<\/strong>: En krispig och uppfriskande blandning av s\u00f6ta och syrliga \u00e4pplen.<\/li>\n<li><strong>Love 66<\/strong>: En mjuk och s\u00f6t b\u00e4rblandning med en touch av tropisk k\u00e4nsla.<\/li>\n<li><strong>Lady Killa<\/strong>: En dj\u00e4rv fusion av fruktiga och blommiga toner, som erbjuder en unik twist.<\/li>\n<li><strong>Strawberry Punch<\/strong>: En s\u00f6t, syrlig jordgubbssmak med en stans av citrus.<\/li>\n<li><strong>Lush Ice<\/strong>: En sval, uppfriskande kombination av s\u00f6t vattenmelon och isig mentol.<\/li>\n<li><strong>Grape Mint<\/strong>: En mjuk blandning av s\u00f6ta, saftiga druvor med en kylande mintfinish.<\/li>\n<li><strong>Magisk K\u00e4rlek<\/strong>: En magisk blandning av exotiska frukter med en mjuk och s\u00f6t finish.<\/li>\n<li><strong>Peach Ice<\/strong>: En saftig persikosmak ihop med en uppfriskande mentolkick.<\/li>\n<li><strong>Bl\u00e5b\u00e4rs-is<\/strong>: S\u00f6ta bl\u00e5b\u00e4r med en sval, isig mentoleftersmak.<\/li>\n<li><strong>Hawaii<\/strong>: En tropisk blandning av frukter som f\u00e5ngar essensen av ett hawaiianskt paradis.<\/li>\n<li><strong>Kiwi Passionsfrukt Guava<\/strong>: En syrlig och tropisk blandning av kiwi, passionsfrukt och guava.<\/li>\n<li><strong>Min K\u00e4rlek<\/strong>: En romantisk blandning av fruktig s\u00f6tma med en antydan av exotiska smaker.<\/li>\n<\/ol>\n<h3><\/h3>\n<h4><strong>Varf\u00f6r v\u00e4lja Rmvapesale f\u00f6r JNR Mega Shisha Hookah 100k Puff\u00a0 <\/strong><strong>V<\/strong><strong>Vape Partihandel<\/strong><strong>?<\/strong><\/h4>\n<div class=\"flex-shrink-0 flex flex-col relative items-end\">\n<div class=\"pt-0\">\n<div class=\"gizmo-bot-avatar flex h-8 w-8 items-center justify-center overflow-hidden rounded-full\">\n<div class=\"relative p-1 rounded-sm flex items-center justify-center bg-token-main-surface-primary text-token-text-primary h-8 w-8\">\n<p>V\u00e4lkommen till Rmvapesale, din p\u00e5litliga vapebutik f\u00f6r f\u00f6rstklassiga eng\u00e5ngsvapes. Med \u00f6ver 5 \u00e5rs expertis, erbjuder vi popul\u00e4ra varum\u00e4rken f\u00f6r eng\u00e5ngsvapes som Al Fakher, <a href=\"https:\/\/rmvapesale.com\/sv\/product-category\/bang-vapes\/\">Bang Vape<\/a>, Waspe, WGA Vape och<a href=\"https:\/\/rmvapesale.com\/sv\/product-category\/randm-fumot-vape\/\"> RandM Vape<\/a>.<\/p>\n<p>V\u00e5rt sortiment inkluderar popul\u00e4ra vapes som <a href=\"https:\/\/rmvapesale.com\/sv\/product\/randm-tornado-15000-puffs-vape-wholesale\/\">RandM Tornado 15000<\/a> och smakrika val som Vapme 70000. Varje produkt \u00e4r utvald med fokus p\u00e5 kvalitet, v\u00e4rde och variation, vilket s\u00e4kerst\u00e4ller att du hittar den perfekta matchningen f\u00f6r dina behov. Uppt\u00e4ck exceptionell service och ett brett utbud av topprodukter p\u00e5 Rmvapesale.<\/p>\n<p>&nbsp;<\/p>\n<h3><b style=\"font-size: 1.5em;font-style: inherit\">FAQS f\u00f6r JNR Shisha Hookah 100000 <\/b><b style=\"font-size: 1.5em;font-style: inherit\">Uppladdningsbar eng\u00e5ngs-vape<\/b><\/h3>\n<\/div>\n<h3><\/h3>\n<ol>\n<li><strong>Vad g\u00f6r JNR Mega Shisha 100 000 Puffs s\u00e5 l\u00e5ngvarig?<\/strong><br \/>\nDen <strong>otroligt h\u00e5llbar<\/strong> JNR Mega Shisha erbjuder upp till <strong>100 000 bloss<\/strong>, med en stor <strong>60 ml e-v\u00e4tskekapacitet<\/strong> och en <strong>2200mAh uppladdningsbart batteri<\/strong> som s\u00e4kerst\u00e4ller en ut\u00f6kad vapingupplevelse.<\/li>\n<li><strong>Hur fungerar den smarta sk\u00e4rmen p\u00e5 JNR Shisha 100 000 Puffs?<\/strong><br \/>\nDen <strong>innovativ<\/strong> smart sk\u00e4rm ger realtidsuppdateringar om b\u00e5de batteri- och e-v\u00e4tskeniv\u00e5er, vilket ger dig exakt kontroll \u00f6ver dina vapingsessioner.<\/li>\n<li><strong>Kan jag dela JNR Mega Shisha 100,000 Puffs med andra?<\/strong><br \/>\nJa, <strong>m\u00e5ngsidig<\/strong> design med dubbla munstycken g\u00f6r den perfekt f\u00f6r b\u00e5de soloanv\u00e4ndning och att dela med v\u00e4nner, och erbjuder en anpassningsbar vapingupplevelse.<\/li>\n<li><strong>\u00c4r JNR Mega Shisha 100,000 Puffs l\u00e4mplig f\u00f6r direkt-till-lunga vaping?<\/strong><br \/>\nAbsolut! Den <strong>premium<\/strong> designen av JNR Mega Shisha \u00e4r optimerad f\u00f6r <strong>direkt-till-lunga (DTL)<\/strong> vaping, som levererar rik och len \u00e5nga med varje inandning.<\/li>\n<li><strong>Hur s\u00e4kerst\u00e4ller JNR Mega Shisha 100,000 Puffs s\u00e4ker vaping?<\/strong><br \/>\nDen <strong>s\u00e4ker och p\u00e5litlig<\/strong> automatiskt skyddssystem f\u00f6rhindrar \u00f6verhettning, medan den <strong>8-sekunders maximal dragtid<\/strong> s\u00e4kerst\u00e4ller optimal \u00e5ngproduktion utan att kompromissa med s\u00e4kerheten.<\/li>\n<\/ol>\n<p>&nbsp;<\/p>\n<\/div>\n<\/div>\n<\/div>\n<h3>Om frakt<\/h3>\n<div class=\"flex-shrink-0 flex flex-col relative items-end\">\n<div>\n<div class=\"pt-0\">\n<div class=\"gizmo-bot-avatar flex h-8 w-8 items-center justify-center overflow-hidden rounded-full\">\n<div><\/div>\n<div class=\"relative p-1 rounded-sm flex items-center justify-center bg-token-main-surface-primary text-token-text-primary h-8 w-8\"><strong>1. Vilka fraktmetoder anv\u00e4nds?<\/strong><\/div>\n<\/div>\n<\/div>\n<\/div>\n<\/div>\n<div class=\"group\/conversation-turn relative flex w-full min-w-0 flex-col agent-turn\">\n<div class=\"flex-col gap-1 md:gap-3\">\n<div class=\"flex max-w-full flex-col flex-grow\">\n<div class=\"min-h-[20px] text-message flex w-full flex-col items-end gap-2 whitespace-normal break-words [.text-message+&amp;]:mt-5 overflow-x-auto\" dir=\"auto\" data-message-author-role=\"assistant\" data-message-id=\"22f8283b-3233-46ff-89a5-c7a41b33abda\">\n<div class=\"flex w-full flex-col gap-1 empty:hidden first:pt-[3px]\">\n<div class=\"markdown prose w-full break-words dark:prose-invert light\">\n<p>Vi samarbetar med UPS, DHL, FedEx, DPD och andra ledande transport\u00f6rer. Vi v\u00e4ljer det b\u00e4sta frakts\u00e4ttet baserat p\u00e5 din leveransadress f\u00f6r att s\u00e4kerst\u00e4lla att du f\u00e5r dina produkter s\u00e5 snabbt som m\u00f6jligt.<\/p>\n<\/div>\n<p><strong>2. Hur l\u00e5ng tid tar det att komma fram?<\/strong><\/p>\n<p>Paket som skickas till Sverige anl\u00e4nder vanligtvis inom 10 arbetsdagar. Leveranser till europeiska l\u00e4nder tar generellt cirka 12-15 arbetsdagar. Vi kommer att ge uppdateringar i realtid om din leveransstatus.<\/p>\n<\/div>\n<\/div>\n<\/div>\n<\/div>\n<\/div>\n<p><strong><span style=\"color: #ff0000\">Andra popul\u00e4ra Shisha Hookah eng\u00e5ngsvapes: <a href=\"https:\/\/rmvapesale.com\/sv\/product\/fihp-shisha-hookah-15000-pro-disposable-vape-wholesale\/\">FIHP Shisha Hookah 15000 Puff<\/a>, <a href=\"https:\/\/rmvapesale.com\/sv\/product\/vape-wholesale-lavande-bm-18000-puffs-shisha-hookah-bar\/\">VOPK Shisha Hookah BAR 20000, Lavande BM18000 Puffs Shisha Vape<\/a><\/span><\/strong><\/p>\n<p>&nbsp;<\/p>\n<p>Hitta fler vape-produkter du kanske gillar:<strong><em><a href=\"https:\/\/rmvapesale.com\/sv\/shop-2\/\">handla nu &gt;&gt;&gt;<\/a><\/em><\/strong><\/p>","protected":false},"excerpt":{"rendered":"<p>JNR Mega Shisha Hookah 100K Puffs Eng\u00e5ngs-vape Partipris<br \/>\nJNR Mega Shisha Hookah 100000 100K Puffs Stor Kapacitet<br \/>\nJNR Shisha Hookah 100K Eng\u00e5ngs-vape 2% L\u00e5g Nikotin<\/p>\n<p><strong>Kontakta Amy f\u00f6r att f\u00e5 r\u00e4tt svar och vape-kupong!<\/strong><\/p>\n<p><img loading=\"lazy\" decoding=\"async\" class=\"size-full wp-image-2375\" src=\"https:\/\/rmvapesale.com\/wp-content\/uploads\/2024\/10\/image.png\" alt=\"B\u00e4sta eng\u00e5ngsvape\" width=\"229\" height=\"300\" \/><\/p>\n<h3><a href=\"https:\/\/wa.me\/8617776015835\"><span style=\"color: #ff0000\"><strong>WhatsApp: +86 17776015835<\/strong><\/span><\/a><\/h3>\n<p>&nbsp;<\/p>","protected":false},"featured_media":2910,"comment_status":"open","ping_status":"closed","template":"","meta":{"_uag_custom_page_level_css":"","_lmt_disableupdate":"no","_lmt_disable":"","site-sidebar-layout":"default","site-content-layout":"content-boxed-container","ast-site-content-layout":"normal-width-container","site-content-style":"boxed","site-sidebar-style":"unboxed","ast-global-header-display":"","ast-banner-title-visibility":"","ast-main-header-display":"","ast-hfb-above-header-display":"","ast-hfb-below-header-display":"","ast-hfb-mobile-header-display":"","site-post-title":"","ast-breadcrumbs-content":"","ast-featured-img":"","footer-sml-layout":"","theme-transparent-header-meta":"default","adv-header-id-meta":"","stick-header-meta":"","header-above-stick-meta":"","header-main-stick-meta":"","header-below-stick-meta":"","astra-migrate-meta-layouts":"set","ast-page-background-enabled":"default","ast-page-background-meta":{"desktop":{"background-color":"var(--ast-global-color-4)","background-image":"","background-repeat":"repeat","background-position":"center center","background-size":"auto","background-attachment":"scroll","background-type":"","background-media":"","overlay-type":"","overlay-color":"","overlay-opacity":"","overlay-gradient":""},"tablet":{"background-color":"","background-image":"","background-repeat":"repeat","background-position":"center center","background-size":"auto","background-attachment":"scroll","background-type":"","background-media":"","overlay-type":"","overlay-color":"","overlay-opacity":"","overlay-gradient":""},"mobile":{"background-color":"","background-image":"","background-repeat":"repeat","background-position":"center center","background-size":"auto","background-attachment":"scroll","background-type":"","background-media":"","overlay-type":"","overlay-color":"","overlay-opacity":"","overlay-gradient":""}},"ast-content-background-meta":{"desktop":{"background-color":"var(--ast-global-color-5)","background-image":"","background-repeat":"repeat","background-position":"center center","background-size":"auto","background-attachment":"scroll","background-type":"","background-media":"","overlay-type":"","overlay-color":"","overlay-opacity":"","overlay-gradient":""},"tablet":{"background-color":"var(--ast-global-color-5)","background-image":"","background-repeat":"repeat","background-position":"center center","background-size":"auto","background-attachment":"scroll","background-type":"","background-media":"","overlay-type":"","overlay-color":"","overlay-opacity":"","overlay-gradient":""},"mobile":{"background-color":"var(--ast-global-color-5)","background-image":"","background-repeat":"repeat","background-position":"center center","background-size":"auto","background-attachment":"scroll","background-type":"","background-media":"","overlay-type":"","overlay-color":"","overlay-opacity":"","overlay-gradient":""}},"_joinchat":[]},"product_brand":[],"product_cat":[15,260,25,123,26,28,135,27,137,136,30],"product_tag":[146,131,40,263,111,103],"class_list":{"0":"post-2911","1":"product","2":"type-product","3":"status-publish","4":"has-post-thumbnail","6":"product_cat-new-vape-this-week","7":"product_cat-100k-puff-disposable-vape","8":"product_cat-germany-best-selling-vape","9":"product_cat-italy-wholesale-vape","10":"product_cat-netherlands-hot-sale-vape","11":"product_cat-poland-hot-sale-vape","12":"product_cat-spain-best-hot-sale-vape","13":"product_cat-fance-hot-sale-vape","14":"product_cat-rechargeable-vapes","15":"product_cat-smart-screen-vapes","16":"product_cat-minimum-order-quantity-50pcs","17":"product_tag-best-hot-sale-vape","18":"product_tag-big-puff-vape","19":"product_tag-hot-sale-vape","20":"product_tag-jnr-mega-shisha-hookah-100000","21":"product_tag-low-nicotine-disposable-vape","22":"product_tag-shisha-hookah","23":"desktop-align-left","24":"tablet-align-left","25":"mobile-align-left","27":"first","28":"instock","29":"sale","30":"shipping-taxable","31":"purchasable","32":"product-type-simple"},"uagb_featured_image_src":{"full":["https:\/\/rmvapesale.com\/wp-content\/uploads\/2025\/01\/JNR-Shisha-Hookah-100K-Rechargeable-Disposable-Vape.webp",1000,1000,false],"thumbnail":["https:\/\/rmvapesale.com\/wp-content\/uploads\/2025\/01\/JNR-Shisha-Hookah-100K-Rechargeable-Disposable-Vape-150x150.webp",150,150,true],"medium":["https:\/\/rmvapesale.com\/wp-content\/uploads\/2025\/01\/JNR-Shisha-Hookah-100K-Rechargeable-Disposable-Vape-300x300.webp",300,300,true],"medium_large":["https:\/\/rmvapesale.com\/wp-content\/uploads\/2025\/01\/JNR-Shisha-Hookah-100K-Rechargeable-Disposable-Vape-768x768.webp",768,768,true],"large":["https:\/\/rmvapesale.com\/wp-content\/uploads\/2025\/01\/JNR-Shisha-Hookah-100K-Rechargeable-Disposable-Vape.webp",1000,1000,false],"1536x1536":["https:\/\/rmvapesale.com\/wp-content\/uploads\/2025\/01\/JNR-Shisha-Hookah-100K-Rechargeable-Disposable-Vape.webp",1000,1000,false],"2048x2048":["https:\/\/rmvapesale.com\/wp-content\/uploads\/2025\/01\/JNR-Shisha-Hookah-100K-Rechargeable-Disposable-Vape.webp",1000,1000,false],"trp-custom-language-flag":["https:\/\/rmvapesale.com\/wp-content\/uploads\/2025\/01\/JNR-Shisha-Hookah-100K-Rechargeable-Disposable-Vape.webp",12,12,false],"woocommerce_thumbnail":["https:\/\/rmvapesale.com\/wp-content\/uploads\/2025\/01\/JNR-Shisha-Hookah-100K-Rechargeable-Disposable-Vape-300x300.webp",300,300,true],"woocommerce_single":["https:\/\/rmvapesale.com\/wp-content\/uploads\/2025\/01\/JNR-Shisha-Hookah-100K-Rechargeable-Disposable-Vape-600x600.webp",600,600,true],"woocommerce_gallery_thumbnail":["https:\/\/rmvapesale.com\/wp-content\/uploads\/2025\/01\/JNR-Shisha-Hookah-100K-Rechargeable-Disposable-Vape-100x100.webp",100,100,true],"wcpr-photo-reviews":["https:\/\/rmvapesale.com\/wp-content\/uploads\/2025\/01\/JNR-Shisha-Hookah-100K-Rechargeable-Disposable-Vape.webp",500,500,false]},"uagb_author_info":{"display_name":"AMY","author_link":"https:\/\/rmvapesale.com\/sv\/author\/"},"uagb_comment_info":0,"uagb_excerpt":"JNR Mega Shisha Hookah 100K Puffs Disposable Vape Wholesale Price JNR Mega Shisha Hookah 100000 100K Puffs Large Capacity JNR Shisha Hookah 100K Disposable Vape 2% Low Nicotine Contact Amy to get right reply and vape coupon! WhatsApp: +86 17776015835 &nbsp;","_links":{"self":[{"href":"https:\/\/rmvapesale.com\/sv\/wp-json\/wp\/v2\/product\/2911","targetHints":{"allow":["GET"]}}],"collection":[{"href":"https:\/\/rmvapesale.com\/sv\/wp-json\/wp\/v2\/product"}],"about":[{"href":"https:\/\/rmvapesale.com\/sv\/wp-json\/wp\/v2\/types\/product"}],"replies":[{"embeddable":true,"href":"https:\/\/rmvapesale.com\/sv\/wp-json\/wp\/v2\/comments?post=2911"}],"wp:featuredmedia":[{"embeddable":true,"href":"https:\/\/rmvapesale.com\/sv\/wp-json\/wp\/v2\/media\/2910"}],"wp:attachment":[{"href":"https:\/\/rmvapesale.com\/sv\/wp-json\/wp\/v2\/media?parent=2911"}],"wp:term":[{"taxonomy":"product_brand","embeddable":true,"href":"https:\/\/rmvapesale.com\/sv\/wp-json\/wp\/v2\/product_brand?post=2911"},{"taxonomy":"product_cat","embeddable":true,"href":"https:\/\/rmvapesale.com\/sv\/wp-json\/wp\/v2\/product_cat?post=2911"},{"taxonomy":"product_tag","embeddable":true,"href":"https:\/\/rmvapesale.com\/sv\/wp-json\/wp\/v2\/product_tag?post=2911"}],"curies":[{"name":"wp","href":"https:\/\/api.w.org\/{rel}","templated":true}]}}