{"id":2955,"date":"2025-01-13T06:29:57","date_gmt":"2025-01-13T06:29:57","guid":{"rendered":"https:\/\/rmvapesale.com\/?post_type=product&#038;p=2955"},"modified":"2025-01-13T07:21:49","modified_gmt":"2025-01-13T07:21:49","slug":"bangking-35000-puffs-double-flavour-disposable-vape-wholesale-cheap-price","status":"publish","type":"product","link":"https:\/\/rmvapesale.com\/sv\/product\/bangking-35000-puffs-double-flavour-disposable-vape-wholesale-cheap-price\/","title":{"rendered":"Bangking 35000 Puffar Dubbel Smak Eng\u00e5ngs Vape Grossist Billigt Pris"},"content":{"rendered":"<div class=\"B2VR9 CJHX3e\">\n<div class=\"wyccme\">\n<div class=\"flex-shrink-0 flex flex-col relative items-end\">\n<div class=\"pt-0\">\n<div class=\"gizmo-bot-avatar flex h-8 w-8 items-center justify-center overflow-hidden rounded-full\">\n<div class=\"relative p-1 rounded-sm flex items-center justify-center bg-token-main-surface-primary text-token-text-primary h-8 w-8\">\n<div class=\"flex-shrink-0 flex flex-col relative items-end\">\n<div class=\"pt-0\">\n<div class=\"gizmo-bot-avatar flex h-8 w-8 items-center justify-center overflow-hidden rounded-full\">\n<h1 class=\"relative p-1 rounded-sm flex items-center justify-center bg-token-main-surface-primary text-token-text-primary h-8 w-8\">Bangking 35000 Puffar Dubbel Smak Eng\u00e5ngs Vape Grossist Billigt Pris<\/h1>\n<\/div>\n<\/div>\n<\/div>\n<\/div>\n<\/div>\n<\/div>\n<\/div>\n<div class=\"group\/conversation-turn relative flex w-full min-w-0 flex-col agent-turn\">\n<div class=\"flex-col gap-1 md:gap-3\">\n<div class=\"flex max-w-full flex-col flex-grow\">\n<div class=\"min-h-8 text-message flex w-full flex-col items-end gap-2 whitespace-normal break-words text-start [.text-message+&amp;]:mt-5\" dir=\"auto\" data-message-author-role=\"assistant\" data-message-id=\"80ece0c4-ead1-4ed9-a9f0-ddc22582b4f4\" data-message-model-slug=\"gpt-4o\">\n<p>Letar du efter en vape som h\u00e4nger med i din livsstil? S\u00e4g hej till <strong>Bangking 35000 bloss dubbel smak eng\u00e5ngs vape<\/strong>\u2014en game-changer i v\u00e4rlden av eng\u00e5ngs vapes! Den h\u00e4r enheten \u00e4r h\u00e4r f\u00f6r att ge dig <strong>massiva bloss<\/strong>, <strong>tv\u00e5 otroliga smaker i en<\/strong>, och <strong>anpassningsbara nikotinniv\u00e5er<\/strong>. Allt till ett pris som inte spr\u00e4nger banken!<\/p>\n<h2><strong>Varf\u00f6r v\u00e4lja Bangking 35000 bloss?<\/strong><\/h2>\n<ul>\n<li><strong>Dubbel smak, dubbel gl\u00e4dje<\/strong><br \/>\nTr\u00f6tt p\u00e5 att h\u00e5lla dig till bara en smak? Med <strong>2-i-1-smaksteknik<\/strong>kan du v\u00e4xla mellan tv\u00e5 l\u00e4ckra alternativ i en enhet. Det \u00e4r som att ha tv\u00e5 vapes i fickan!<\/li>\n<li><strong>Oslagbart antal bloss<\/strong><br \/>\nMed <strong>35 000 bloss<\/strong>\u00e4r denna vape byggd f\u00f6r att h\u00e5lla. Det \u00e4r inte bara m\u00e5nga bloss\u2014det \u00e4r v\u00e4ldigt mycket v\u00e4rde!<\/li>\n<li><strong>Uppladdningsbar bekv\u00e4mlighet<\/strong><br \/>\nEn inbyggd <strong>650mAh batteri<\/strong> och <strong>Type-C laddningsport<\/strong> betyder att du aldrig blir utan. Ladda den snabbt och forts\u00e4tt att vejpa!<\/li>\n<li><strong>Nikotin p\u00e5 ditt s\u00e4tt<\/strong><br \/>\nOavsett om du gillar det starkt eller f\u00f6redrar en l\u00e4ttare touch, erbjuder Bangking <strong>0%, 2% och 5% nikotinalternativ<\/strong>. Det handlar helt om ditt val.<\/li>\n<li><strong>Smaker som sticker ut<\/strong><br \/>\nFr\u00e5n fruktiga blandningar till uppfriskande mintexplosioner, det finns <strong>12 fantastiska smaker<\/strong> att utforska. Inga tr\u00e5kiga alternativ h\u00e4r!<\/li>\n<\/ul>\n<\/div>\n<\/div>\n<\/div>\n<\/div>\n<div class=\"flex-shrink-0 flex flex-col relative items-end\">\n<div class=\"pt-0\">\n<div class=\"gizmo-bot-avatar flex h-8 w-8 items-center justify-center overflow-hidden rounded-full\">\n<p>&nbsp;<\/p>\n<\/div>\n<\/div>\n<\/div>\n<\/div>\n<\/div>\n<p><strong>Kontakta Amy f\u00f6r att f\u00e5 r\u00e4tt svar och vape-kupong!<\/strong><\/p>\n<p><img loading=\"lazy\" decoding=\"async\" class=\"size-full wp-image-1978\" src=\"https:\/\/rmvapesale.com\/wp-content\/uploads\/2024\/09\/Disposable-Vape-Wholesale.jpg\" alt=\"Eng\u00e5ngsvape Partihandel\" width=\"229\" height=\"300\" \/><\/p>\n<h3><a href=\"https:\/\/wa.me\/8617776015835\" target=\"_blank\" rel=\"noopener\"><span style=\"color: #ff0000\"><strong>WhatsApp: +86 17776015835<\/strong><\/span><\/a><\/h3>\n<p>&nbsp;<\/p>\n<h3><strong style=\"font-size: 1.7em\">Bangking 35000 Puffs Huvudfunktioner<\/strong><\/h3>\n<ul>\n<li><strong>2-i-1 Smakdesign:<\/strong> Njut av dubbla smaker i en enhet.<\/li>\n<li><strong>35 000 bloss:<\/strong> Vejpar som varar och varar!<\/li>\n<li><strong>Anpassade nikotinniv\u00e5er:<\/strong> V\u00e4lj mellan 0%, 2% eller 5%.<\/li>\n<li><strong>Uppladdningsbart Batteri:<\/strong> Type-C laddning f\u00f6r ultimat bekv\u00e4mlighet.<\/li>\n<li><strong>Prisv\u00e4rt grossistpris:<\/strong> Perfekt f\u00f6r personligt bruk eller st\u00f6rre ink\u00f6p.<\/li>\n<\/ul>\n<h3><strong style=\"font-size: 1.7em\">Toppf\u00f6rs\u00e4ljning smak f\u00f6r Bangking 35000 Puffs<\/strong><strong style=\"font-size: 1.7em\">\u00a0Vape<\/strong><\/h3>\n<p>Den <strong>Bangking 35000 Puffs Dual Smak Eng\u00e5ngsvape<\/strong> erbjuder ett brett och sp\u00e4nnande utbud av smakblandningar, s\u00e5 att du kan njuta av tv\u00e5 otroliga smaker i en enhet. Fr\u00e5n fruktiga favoriter till iskalla blandningar, det finns n\u00e5got f\u00f6r alla! <strong>Vad g\u00f6r dessa smaker speciella? <\/strong><strong>Dubbelt s\u00e5 kul<\/strong>: Njut av tv\u00e5 distinkta smaker i en enda enhet. <strong>Heta och b\u00e4st s\u00e4ljande smaker<\/strong>: Kombinationer som <strong>K\u00f6rsb\u00e4rs explosion + Druvis<\/strong> och <strong>Red Bull + Persika B\u00e4r<\/strong> \u00e4r fansens favoriter av en anledning!<\/p>\n<p>1.Bl\u00e5hallon-is + Saftig persika-is<br \/>\n2.Jordgubbsvattenmelon + Vattenmelon-is <span style=\"color: #ff0000\"><strong>&gt;&gt;&gt;&gt; Het!<\/strong><\/span><br \/>\n3.Jordgubbsbanan + Dubbel\u00e4pple<br \/>\n4.Triple Berry Ice + Tropisk frukt<br \/>\n5.K\u00f6rsb\u00e4rsbomb + Druv-is<span style=\"color: #ff0000\"><strong>&gt;&gt;&gt;&gt; Het!<\/strong><\/span><br \/>\n6.Persikamango + Jordgubbsmango<br \/>\n7.Mangolime + Sval mynta<br \/>\n8.K\u00f6rsb\u00e4rspop + Herr Bl\u00e5<br \/>\n9.Svart drak-is + Jordgubbskiwi<br \/>\n10.Red Bull + Persikab\u00e4r <span style=\"color: #ff0000\"><strong>&gt;&gt;&gt;&gt; B\u00e4st!<\/strong><\/span><br \/>\n11.Rosa citron + Herr Bl\u00e5<br \/>\n12.Kiwi passionsfrukt guava + Bl\u00e5 k\u00f6rsb\u00e4rscitron<\/p>\n<p>&nbsp;<\/p>\n<h3><strong>Varf\u00f6r v\u00e4lja Rmvapesale f\u00f6r Bangking 35000 Puffs Puff\u00a0 <\/strong><strong>V<\/strong><strong>Vape Partihandel<\/strong><strong>?<\/strong><\/h3>\n<div class=\"flex-shrink-0 flex flex-col relative items-end\">\n<div class=\"pt-0\">\n<div class=\"gizmo-bot-avatar flex h-8 w-8 items-center justify-center overflow-hidden rounded-full\">\n<p>I takt med att konkurrensen p\u00e5 marknaden f\u00f6r eng\u00e5ngs e-cigaretter h\u00e5rdnar, har Rmvapesale, en global ledare inom partihandelsl\u00f6sningar f\u00f6r eng\u00e5ngsvapes, lanserat Bang Box 30000 30k Puffs Double Taste Rechargeable Disposable Vape. Denna banbrytande produkt v\u00e4cker uppm\u00e4rksamhet med sin unika estetik och fashionabla design. Med ett omfattande utbud av fruktiga smaker tilltalar den ett brett spektrum av konsumenters smakl\u00f6kar samtidigt som den betonar innovation och m\u00e5ngsidighet.<\/p>\n<p class=\"relative p-1 rounded-sm flex items-center justify-center bg-token-main-surface-primary text-token-text-primary h-8 w-8\">Rmvapesale \u00e4r din p\u00e5litliga vape-butik f\u00f6r premium eng\u00e5ngsvapes. Med \u00f6ver 5 \u00e5rs erfarenhet ger vi dig popul\u00e4ra eng\u00e5ngs-vape-m\u00e4rken som Al Fakher, JNR Vape, Vapsolo Vape, Vapme Vape, <a href=\"https:\/\/rmvapesale.com\/sv\/product-category\/bang-vapes\/\">Bang Vape<\/a>, Waspe Vape, WGA Vape och<a href=\"https:\/\/rmvapesale.com\/sv\/product-category\/randm-fumot-vape\/\"> RandM Vape<\/a>. V\u00e5rt sortiment inkluderar stors\u00e4ljande eng\u00e5ngsvapes som <a href=\"https:\/\/rmvapesale.com\/sv\/product\/aivono-aim-flash-35000-puffs-curved-smart-screen-disposable-vape-wholesale\/\">AIVONO Flash 35000 Puffs<\/a> och smakrika alternativ som<a href=\"https:\/\/rmvapesale.com\/sv\/product\/crystal-vape-uwin-shisha-hookah-20k-20000-puffs-wholesale-best-price\/\"> UWIN Shisha Hoohak 20000<\/a>. Varje produkt \u00e4r utvald med fokus p\u00e5 kvalitet, v\u00e4rde och variation, vilket s\u00e4kerst\u00e4ller att du hittar den perfekta matchningen f\u00f6r dina behov. Uppt\u00e4ck exceptionell service och ett brett utbud av topprodukter hos Rmvapesale.<\/p>\n<p>&nbsp;<\/p>\n<p class=\"relative p-1 rounded-sm flex items-center justify-center bg-token-main-surface-primary text-token-text-primary h-8 w-8\"><b style=\"font-size: 1.5em;font-style: inherit\">Vanliga fr\u00e5gor om Bangking 35000 Puffs <\/b><b style=\"font-size: 1.5em;font-style: inherit\">Uppladdningsbar eng\u00e5ngs-vape<\/b><\/p>\n<ol>\n<li><strong>F\u00e5r man ta med eng\u00e5ngsvapes p\u00e5 ett flygplan?<\/strong><br \/>\nJa! Packa din vape i ditt handbagage. Se bara till att kolla flygbolagens regler.<\/li>\n<li><strong>Hur man byter mellan smaker?<\/strong><br \/>\nDet finns en enkel omkopplare p\u00e5 enheten \u2013 v\u00e4nd den, och vips, en ny smak!<\/li>\n<li><strong>Hur vet man n\u00e4r Bang King 35000 vejp \u00e4r tom?<\/strong><br \/>\nDu kommer att m\u00e4rka mindre \u00e5nga eller smak. Om en pod tar slut, byt till den andra smaken!<\/li>\n<li><strong>Hur laddar man Bang king 35K?<\/strong><br \/>\nAnv\u00e4nd den medf\u00f6ljande <strong>Type-C-kabeln<\/strong> f\u00f6r att ladda det 650mAh batteriet. Det \u00e4r snabbt och enkelt!<\/li>\n<li><strong>Var kan man k\u00f6pa eng\u00e5ngsvejps till grossistpris?<\/strong><br \/>\nSkaffa din fr\u00e5n din lokala butik eller bes\u00f6k Rmvapesale<strong>\u00a0online vejpbutik<\/strong> f\u00f6r de b\u00e4sta grossistpriserna.<\/li>\n<li><strong>Vilka nikotinniv\u00e5er finns tillg\u00e4ngliga f\u00f6r Bang King 35000 Puff?<\/strong><br \/>\nV\u00e4lj din f\u00f6redragna styrka \u2013<strong>0%, 2% eller 5%<\/strong>\u2013 n\u00e4r du k\u00f6per din enhet.<\/li>\n<\/ol>\n<\/div>\n<\/div>\n<\/div>\n<h3>Om frakt<\/h3>\n<div class=\"flex-shrink-0 flex flex-col relative items-end\">\n<div>\n<div class=\"pt-0\">\n<div class=\"gizmo-bot-avatar flex h-8 w-8 items-center justify-center overflow-hidden rounded-full\">\n<div><\/div>\n<div class=\"relative p-1 rounded-sm flex items-center justify-center bg-token-main-surface-primary text-token-text-primary h-8 w-8\"><strong>1. Vilka fraktmetoder anv\u00e4nds?<\/strong><\/div>\n<\/div>\n<\/div>\n<\/div>\n<\/div>\n<div class=\"group\/conversation-turn relative flex w-full min-w-0 flex-col agent-turn\">\n<div class=\"flex-col gap-1 md:gap-3\">\n<div class=\"flex max-w-full flex-col flex-grow\">\n<div class=\"min-h-[20px] text-message flex w-full flex-col items-end gap-2 whitespace-normal break-words [.text-message+&amp;]:mt-5 overflow-x-auto\" dir=\"auto\" data-message-author-role=\"assistant\" data-message-id=\"22f8283b-3233-46ff-89a5-c7a41b33abda\">\n<div class=\"flex w-full flex-col gap-1 empty:hidden first:pt-[3px]\">\n<div class=\"markdown prose w-full break-words dark:prose-invert light\">\n<p>Vi samarbetar med UPS, DHL, FedEx, DPD och andra ledande transport\u00f6rer. Vi v\u00e4ljer det b\u00e4sta frakts\u00e4ttet baserat p\u00e5 din leveransadress f\u00f6r att s\u00e4kerst\u00e4lla att du f\u00e5r dina produkter s\u00e5 snabbt som m\u00f6jligt.<\/p>\n<\/div>\n<p><strong>2. Hur l\u00e5ng tid tar det att komma fram?<\/strong><\/p>\n<p>Paket som skickas till Sverige anl\u00e4nder vanligtvis inom 10 arbetsdagar. Leveranser till europeiska l\u00e4nder tar generellt cirka 12-15 arbetsdagar. Vi kommer att ge uppdateringar i realtid om din leveransstatus.<\/p>\n<\/div>\n<\/div>\n<\/div>\n<\/div>\n<\/div>\n<p>&nbsp;<\/p>\n<p>Hitta fler vape-produkter du kanske gillar:<strong><em><a href=\"https:\/\/rmvapesale.com\/sv\/shop-2\/\">handla nu &gt;&gt;&gt;<\/a><\/em><\/strong><\/p>","protected":false},"excerpt":{"rendered":"<p>Senaste Bang King 35K Puff Uppladdningsbar Eng\u00e5ngs vape<br \/>\nBang King 35000 Dubbla smaker eng\u00e5ngs vape bulk k\u00f6p<br \/>\nBang King 35000 bloss smart sk\u00e4rm grossist eng\u00e5ngs<\/p>\n<p><strong>Kontakta Amy f\u00f6r att f\u00e5 r\u00e4tt svar och vape-kupong!<\/strong><\/p>\n<p><img loading=\"lazy\" decoding=\"async\" class=\"size-full wp-image-2375\" src=\"https:\/\/rmvapesale.com\/wp-content\/uploads\/2024\/10\/image.png\" alt=\"B\u00e4sta eng\u00e5ngsvape\" width=\"229\" height=\"300\" \/><\/p>\n<h3><a href=\"https:\/\/wa.me\/8617776015835\"><span style=\"color: #ff0000\"><strong>WhatsApp: +86 17776015835<\/strong><\/span><\/a><\/h3>\n<p>&nbsp;<\/p>","protected":false},"featured_media":2952,"comment_status":"open","ping_status":"closed","template":"","meta":{"_uag_custom_page_level_css":"","_lmt_disableupdate":"no","_lmt_disable":"","site-sidebar-layout":"default","site-content-layout":"content-boxed-container","ast-site-content-layout":"normal-width-container","site-content-style":"boxed","site-sidebar-style":"unboxed","ast-global-header-display":"","ast-banner-title-visibility":"","ast-main-header-display":"","ast-hfb-above-header-display":"","ast-hfb-below-header-display":"","ast-hfb-mobile-header-display":"","site-post-title":"","ast-breadcrumbs-content":"","ast-featured-img":"","footer-sml-layout":"","theme-transparent-header-meta":"default","adv-header-id-meta":"","stick-header-meta":"","header-above-stick-meta":"","header-main-stick-meta":"","header-below-stick-meta":"","astra-migrate-meta-layouts":"set","ast-page-background-enabled":"default","ast-page-background-meta":{"desktop":{"background-color":"var(--ast-global-color-4)","background-image":"","background-repeat":"repeat","background-position":"center center","background-size":"auto","background-attachment":"scroll","background-type":"","background-media":"","overlay-type":"","overlay-color":"","overlay-opacity":"","overlay-gradient":""},"tablet":{"background-color":"","background-image":"","background-repeat":"repeat","background-position":"center center","background-size":"auto","background-attachment":"scroll","background-type":"","background-media":"","overlay-type":"","overlay-color":"","overlay-opacity":"","overlay-gradient":""},"mobile":{"background-color":"","background-image":"","background-repeat":"repeat","background-position":"center center","background-size":"auto","background-attachment":"scroll","background-type":"","background-media":"","overlay-type":"","overlay-color":"","overlay-opacity":"","overlay-gradient":""}},"ast-content-background-meta":{"desktop":{"background-color":"var(--ast-global-color-5)","background-image":"","background-repeat":"repeat","background-position":"center center","background-size":"auto","background-attachment":"scroll","background-type":"","background-media":"","overlay-type":"","overlay-color":"","overlay-opacity":"","overlay-gradient":""},"tablet":{"background-color":"var(--ast-global-color-5)","background-image":"","background-repeat":"repeat","background-position":"center center","background-size":"auto","background-attachment":"scroll","background-type":"","background-media":"","overlay-type":"","overlay-color":"","overlay-opacity":"","overlay-gradient":""},"mobile":{"background-color":"var(--ast-global-color-5)","background-image":"","background-repeat":"repeat","background-position":"center center","background-size":"auto","background-attachment":"scroll","background-type":"","background-media":"","overlay-type":"","overlay-color":"","overlay-opacity":"","overlay-gradient":""}},"_joinchat":[]},"product_brand":[],"product_cat":[15,246,25,123,26,28,135,27,60,137,136,30],"product_tag":[199,270,146,222,64,40,111],"class_list":{"0":"post-2955","1":"product","2":"type-product","3":"status-publish","4":"has-post-thumbnail","6":"product_cat-new-vape-this-week","7":"product_cat-35000-puffs-disposable-vape","8":"product_cat-germany-best-selling-vape","9":"product_cat-italy-wholesale-vape","10":"product_cat-netherlands-hot-sale-vape","11":"product_cat-poland-hot-sale-vape","12":"product_cat-spain-best-hot-sale-vape","13":"product_cat-fance-hot-sale-vape","14":"product_cat-bang-vapes","15":"product_cat-rechargeable-vapes","16":"product_cat-smart-screen-vapes","17":"product_cat-minimum-order-quantity-50pcs","18":"product_tag-bang-vape","19":"product_tag-bangking-35000-puffs","20":"product_tag-best-hot-sale-vape","21":"product_tag-double-flavor-vape","22":"product_tag-dual-flavour-vape","23":"product_tag-hot-sale-vape","24":"product_tag-low-nicotine-disposable-vape","25":"desktop-align-left","26":"tablet-align-left","27":"mobile-align-left","29":"first","30":"instock","31":"sale","32":"shipping-taxable","33":"purchasable","34":"product-type-simple"},"uagb_featured_image_src":{"full":["https:\/\/rmvapesale.com\/wp-content\/uploads\/2025\/01\/Bang-Swich-Duo-Disposable-Vape-36000.webp",800,800,false],"thumbnail":["https:\/\/rmvapesale.com\/wp-content\/uploads\/2025\/01\/Bang-Swich-Duo-Disposable-Vape-36000-150x150.webp",150,150,true],"medium":["https:\/\/rmvapesale.com\/wp-content\/uploads\/2025\/01\/Bang-Swich-Duo-Disposable-Vape-36000-300x300.webp",300,300,true],"medium_large":["https:\/\/rmvapesale.com\/wp-content\/uploads\/2025\/01\/Bang-Swich-Duo-Disposable-Vape-36000-768x768.webp",768,768,true],"large":["https:\/\/rmvapesale.com\/wp-content\/uploads\/2025\/01\/Bang-Swich-Duo-Disposable-Vape-36000.webp",800,800,false],"1536x1536":["https:\/\/rmvapesale.com\/wp-content\/uploads\/2025\/01\/Bang-Swich-Duo-Disposable-Vape-36000.webp",800,800,false],"2048x2048":["https:\/\/rmvapesale.com\/wp-content\/uploads\/2025\/01\/Bang-Swich-Duo-Disposable-Vape-36000.webp",800,800,false],"trp-custom-language-flag":["https:\/\/rmvapesale.com\/wp-content\/uploads\/2025\/01\/Bang-Swich-Duo-Disposable-Vape-36000.webp",12,12,false],"woocommerce_thumbnail":["https:\/\/rmvapesale.com\/wp-content\/uploads\/2025\/01\/Bang-Swich-Duo-Disposable-Vape-36000-300x300.webp",300,300,true],"woocommerce_single":["https:\/\/rmvapesale.com\/wp-content\/uploads\/2025\/01\/Bang-Swich-Duo-Disposable-Vape-36000-600x600.webp",600,600,true],"woocommerce_gallery_thumbnail":["https:\/\/rmvapesale.com\/wp-content\/uploads\/2025\/01\/Bang-Swich-Duo-Disposable-Vape-36000-100x100.webp",100,100,true],"wcpr-photo-reviews":["https:\/\/rmvapesale.com\/wp-content\/uploads\/2025\/01\/Bang-Swich-Duo-Disposable-Vape-36000.webp",500,500,false]},"uagb_author_info":{"display_name":"AMY","author_link":"https:\/\/rmvapesale.com\/sv\/author\/"},"uagb_comment_info":0,"uagb_excerpt":"Latest Bang King 35K Puff Rechargeable Disposable Vape Bang King 35000 Dual Flavors Disposable Vape Bulk Buy Bang King 35000 Puffs Smart Screen Wholesale Disposable Contact Amy to get right reply and vape coupon! WhatsApp: +86 17776015835 &nbsp;","_links":{"self":[{"href":"https:\/\/rmvapesale.com\/sv\/wp-json\/wp\/v2\/product\/2955","targetHints":{"allow":["GET"]}}],"collection":[{"href":"https:\/\/rmvapesale.com\/sv\/wp-json\/wp\/v2\/product"}],"about":[{"href":"https:\/\/rmvapesale.com\/sv\/wp-json\/wp\/v2\/types\/product"}],"replies":[{"embeddable":true,"href":"https:\/\/rmvapesale.com\/sv\/wp-json\/wp\/v2\/comments?post=2955"}],"wp:featuredmedia":[{"embeddable":true,"href":"https:\/\/rmvapesale.com\/sv\/wp-json\/wp\/v2\/media\/2952"}],"wp:attachment":[{"href":"https:\/\/rmvapesale.com\/sv\/wp-json\/wp\/v2\/media?parent=2955"}],"wp:term":[{"taxonomy":"product_brand","embeddable":true,"href":"https:\/\/rmvapesale.com\/sv\/wp-json\/wp\/v2\/product_brand?post=2955"},{"taxonomy":"product_cat","embeddable":true,"href":"https:\/\/rmvapesale.com\/sv\/wp-json\/wp\/v2\/product_cat?post=2955"},{"taxonomy":"product_tag","embeddable":true,"href":"https:\/\/rmvapesale.com\/sv\/wp-json\/wp\/v2\/product_tag?post=2955"}],"curies":[{"name":"wp","href":"https:\/\/api.w.org\/{rel}","templated":true}]}}