{"id":2976,"date":"2025-01-22T07:46:21","date_gmt":"2025-01-22T07:46:21","guid":{"rendered":"https:\/\/rmvapesale.com\/?post_type=product&#038;p=2976"},"modified":"2025-01-22T08:11:09","modified_gmt":"2025-01-22T08:11:09","slug":"waspe-crystal-40000-puffs-double-flavor-led-display-disposable-vape-bulk-buy","status":"publish","type":"product","link":"https:\/\/rmvapesale.com\/sv\/product\/waspe-crystal-40000-puffs-double-flavor-led-display-disposable-vape-bulk-buy\/","title":{"rendered":"WASPE Kristall 40000 Puffs Dubbel Smak LED Display Eng\u00e5ngsvape K\u00f6p i storpack"},"content":{"rendered":"<div class=\"B2VR9 CJHX3e\">\n<div class=\"wyccme\">\n<div class=\"flex-shrink-0 flex flex-col relative items-end\">\n<div class=\"pt-0\">\n<div class=\"gizmo-bot-avatar flex h-8 w-8 items-center justify-center overflow-hidden rounded-full\">\n<div class=\"relative p-1 rounded-sm flex items-center justify-center bg-token-main-surface-primary text-token-text-primary h-8 w-8\">\n<div class=\"flex-shrink-0 flex flex-col relative items-end\">\n<div class=\"pt-0\">\n<div class=\"gizmo-bot-avatar flex h-8 w-8 items-center justify-center overflow-hidden rounded-full\">\n<h1 class=\"relative p-1 rounded-sm flex items-center justify-center bg-token-main-surface-primary text-token-text-primary h-8 w-8\">WASPE Kristall 40000 Puffs Dubbel Smak LED Display Eng\u00e5ngsvape K\u00f6p i storpack<\/h1>\n<\/div>\n<\/div>\n<\/div>\n<\/div>\n<\/div>\n<\/div>\n<\/div>\n<div class=\"group\/conversation-turn relative flex w-full min-w-0 flex-col agent-turn\">\n<div class=\"flex-col gap-1 md:gap-3\">\n<div class=\"flex max-w-full flex-col flex-grow\">\n<div class=\"min-h-8 text-message flex w-full flex-col items-end gap-2 whitespace-normal break-words text-start [.text-message+&amp;]:mt-5\" dir=\"auto\" data-message-author-role=\"assistant\" data-message-id=\"80ece0c4-ead1-4ed9-a9f0-ddc22582b4f4\" data-message-model-slug=\"gpt-4o\">\n<p>Den <strong>WASPE Crystal 40000 Puffs dubbel smak eng\u00e5ngsvape<\/strong> \u00e4r designad f\u00f6r vapers som l\u00e4ngtar efter l\u00e5ngvarig prestanda med den extra f\u00f6rdelen av <strong>LED-displayen<\/strong> och <strong>\u00f6verkomliga priser vid bulk-k\u00f6p<\/strong>. Oavsett om du \u00e4r en tillf\u00e4llig anv\u00e4ndare eller ett f\u00f6retag som letar efter grossistm\u00f6jligheter, levererar detta <strong>fr\u00e4msta varum\u00e4rke f\u00f6r eng\u00e5ngsvapes<\/strong> kvalitet, bekv\u00e4mlighet och kostnadseffektivitet.<\/p>\n<p>Med en enorm <strong>40 000 bloss<\/strong>eliminerar denna enhet behovet av frekventa byten. Den unika <strong>dubbla smak-funktionen<\/strong> l\u00e5ter anv\u00e4ndare enkelt v\u00e4xla mellan tv\u00e5 sp\u00e4nnande smaker, vilket ger variation och tillfredsst\u00e4llelse i varje puff.<\/p>\n<p>A <strong>tydliga LED-sk\u00e4rmen<\/strong> visar b\u00e5de batteritid och e-v\u00e4tskeniv\u00e5er, vilket ger dig full kontroll \u00f6ver din vejp-upplevelse. Funktionen <strong>justerbara luftfl\u00f6dessystemet<\/strong> l\u00e5ter dig anpassa ditt drag, oavsett om du f\u00f6redrar ett mjukt, luftigt drag eller ett tightare bloss.<\/p>\n<p>Inneh\u00e5ller <strong>32 ml premium e-v\u00e4tska<\/strong>, denna vape erbjuder en l\u00e5ngvarig upplevelse utan kr\u00e5ngel med p\u00e5fyllning. Finns i <strong>0%, 2% och 5% nikotinstyrkor<\/strong>, den passar ett brett utbud av vapers, fr\u00e5n de som f\u00f6redrar nikotinfria alternativ till de som gillar ett starkare slag.<\/p>\n<p>Den inbyggda <strong>850mAh uppladdningsbart batteri<\/strong> st\u00f6djer snabb Type-C-laddning, vilket g\u00f6r det enkelt att h\u00e5lla din enhet laddad. Med sin l\u00e4ttviktiga och b\u00e4rbara design \u00e4r den den perfekta f\u00f6ljeslagaren f\u00f6r vaping p\u00e5 spr\u00e5ng. Dessutom, <strong>partibest\u00e4llningsalternativ<\/strong> g\u00f6r det till ett utm\u00e4rkt val f\u00f6r \u00e5terf\u00f6rs\u00e4ljare och grossister som s\u00f6ker prisv\u00e4rda eng\u00e5ngsvapes.<\/p>\n<\/div>\n<\/div>\n<\/div>\n<\/div>\n<div class=\"flex-shrink-0 flex flex-col relative items-end\">\n<div class=\"pt-0\">\n<div class=\"gizmo-bot-avatar flex h-8 w-8 items-center justify-center overflow-hidden rounded-full\">\n<p>&nbsp;<\/p>\n<\/div>\n<\/div>\n<\/div>\n<\/div>\n<\/div>\n<p><strong>Kontakta Amy f\u00f6r att f\u00e5 r\u00e4tt svar och vape-kupong!<\/strong><\/p>\n<p><img loading=\"lazy\" decoding=\"async\" class=\"size-full wp-image-1978\" src=\"https:\/\/rmvapesale.com\/wp-content\/uploads\/2024\/09\/Disposable-Vape-Wholesale.jpg\" alt=\"Eng\u00e5ngsvape Partihandel\" width=\"229\" height=\"300\" \/><\/p>\n<h3><a href=\"https:\/\/wa.me\/8617776015835\" target=\"_blank\" rel=\"noopener\"><span style=\"color: #ff0000\"><strong>WhatsApp: +86 17776015835<\/strong><\/span><\/a><\/h3>\n<p>&nbsp;<\/p>\n<h3><strong style=\"font-size: 1.7em\">WASPE Crystal 40000 Puffar Nyckelfunktioner<\/strong><\/h3>\n<ol>\n<li><strong>Puffar<\/strong>: 40000<\/li>\n<li><strong>Dubbla Smaker<\/strong>: 20000 Puffar + 20000 Puffar = 40000 Puffar<\/li>\n<li><strong>Nikotinstyrka<\/strong>: 0% \/ 2% \/ 3% \/ 5%<\/li>\n<li><strong>Fylld Kapacitet<\/strong>: 32mL<\/li>\n<li><strong>Batterikapacitet<\/strong>: 850mAh<\/li>\n<li><strong>Laddningsport<\/strong>: USB Type-C<\/li>\n<li><strong>Funktion<\/strong>: Drag-aktivering<\/li>\n<li><strong>0,9ohm Dual Mesh Coil<\/strong><\/li>\n<li><strong>LED-sk\u00e4rm<\/strong><\/li>\n<li><strong>Batteriniv\u00e5indikator<\/strong><\/li>\n<li><strong>E-v\u00e4tskeniv\u00e5indikator<\/strong><\/li>\n<\/ol>\n<p><img loading=\"lazy\" decoding=\"async\" class=\"wp-image-2965 size-full\" src=\"https:\/\/rmvapesale.com\/wp-content\/uploads\/2025\/01\/WASPE-40000-Puffs-Crystal-Disposable-Vape.webp\" alt=\"WASPE 40000 Puffs Crystal Eng\u00e5ngs Vape\" width=\"1000\" height=\"1000\" srcset=\"https:\/\/rmvapesale.com\/wp-content\/uploads\/2025\/01\/WASPE-40000-Puffs-Crystal-Disposable-Vape.webp 1000w, https:\/\/rmvapesale.com\/wp-content\/uploads\/2025\/01\/WASPE-40000-Puffs-Crystal-Disposable-Vape-300x300.webp 300w, https:\/\/rmvapesale.com\/wp-content\/uploads\/2025\/01\/WASPE-40000-Puffs-Crystal-Disposable-Vape-150x150.webp 150w, https:\/\/rmvapesale.com\/wp-content\/uploads\/2025\/01\/WASPE-40000-Puffs-Crystal-Disposable-Vape-768x768.webp 768w, https:\/\/rmvapesale.com\/wp-content\/uploads\/2025\/01\/WASPE-40000-Puffs-Crystal-Disposable-Vape-600x600.webp 600w, https:\/\/rmvapesale.com\/wp-content\/uploads\/2025\/01\/WASPE-40000-Puffs-Crystal-Disposable-Vape-100x100.webp 100w\" sizes=\"auto, (max-width: 1000px) 100vw, 1000px\" \/><\/p>\n<h3><strong style=\"font-size: 1.7em\">B\u00e4sts\u00e4ljande smak f\u00f6r WASPE Crystal 40000 Puffar<\/strong><strong style=\"font-size: 1.7em\">\u00a0Vape<\/strong><\/h3>\n<p>Med sin <strong>imponerande puffantal, avancerade funktioner och prisv\u00e4rd grossistpriss\u00e4ttning<\/strong>, \u00e4r WASPE Crystal 40000 Puffar-vapen ett m\u00e5ste f\u00f6r vapare och \u00e5terf\u00f6rs\u00e4ljare. Best\u00e4ll idag och upplev vaping p\u00e5 b\u00e4sta s\u00e4tt!<\/p>\n<p>1. Vattenmelon Is &amp; Citron Lime<br \/>\n2. Bl\u00e5b\u00e4r Is &amp; K\u00f6rsb\u00e4rscola Is<br \/>\n3. Blandade B\u00e4r &amp; Hallon Lemonad <span style=\"color: #ff0000\"><strong>&gt;&gt;&gt;&gt; Het!<\/strong><\/span><br \/>\n4. Druva Is &amp; Svart Drak Is<br \/>\n5. Jordgubbs Banan &amp; Ananas Kokos Is<br \/>\n6. Persika Is &amp; Vattenmelon Mango Persika<br \/>\n7. Jordgubbs Hallon K\u00f6rsb\u00e4r &amp; Love 666 <span style=\"color: #ff0000\"><strong>&gt;&gt;&gt;&gt; B\u00e4st!<\/strong><\/span><br \/>\n8. Bl\u00e5b\u00e4r Hallon &amp; Persika B\u00e4r Is<br \/>\n9. Jordgubbs Kiwi &amp; Jordgubbs K\u00f6rsb\u00e4r<br \/>\n10. Bl\u00e5b\u00e4r Godis &amp; Jordgubbs Vattenmelon<br \/>\n11. Jordgubbs Red Bull &amp; Bl\u00e5b\u00e4r K\u00f6rsb\u00e4r <span style=\"color: #ff0000\"><strong>&gt;&gt;&gt;&gt; Het!<\/strong><\/span><br \/>\n12. Red Bull Is &amp; Jordgubbs Mango<\/p>\n<p>&nbsp;<\/p>\n<h3><strong>Varf\u00f6r v\u00e4lja Rmvapesale f\u00f6r WASPE Crystal 40000 Puffar <\/strong><strong>V<\/strong><strong>Vape Partihandel<\/strong><strong>?<\/strong><\/h3>\n<div class=\"flex-shrink-0 flex flex-col relative items-end\">\n<div class=\"pt-0\">\n<div class=\"gizmo-bot-avatar flex h-8 w-8 items-center justify-center overflow-hidden rounded-full\">\n<p>I takt med att konkurrensen p\u00e5 marknaden f\u00f6r eng\u00e5ngs e-cigaretter h\u00e5rdnar, har Rmvapesale, en global ledare inom partihandelsl\u00f6sningar f\u00f6r eng\u00e5ngsvapes, lanserat Bang Box 30000 30k Puffs Double Taste Rechargeable Disposable Vape. Denna banbrytande produkt v\u00e4cker uppm\u00e4rksamhet med sin unika estetik och fashionabla design. Med ett omfattande utbud av fruktiga smaker tilltalar den ett brett spektrum av konsumenters smakl\u00f6kar samtidigt som den betonar innovation och m\u00e5ngsidighet.<\/p>\n<p class=\"relative p-1 rounded-sm flex items-center justify-center bg-token-main-surface-primary text-token-text-primary h-8 w-8\">Rmvapesale \u00e4r din p\u00e5litliga vape-butik f\u00f6r premium eng\u00e5ngsvapes. Med \u00f6ver 5 \u00e5rs erfarenhet ger vi dig popul\u00e4ra eng\u00e5ngs-vape-m\u00e4rken som Al Fakher, JNR Vape, Vapsolo Vape, Vapme Vape, <a href=\"https:\/\/rmvapesale.com\/sv\/product-category\/bang-vapes\/\">Bang Vape<\/a>, Waspe Vape, WGA Vape och<a href=\"https:\/\/rmvapesale.com\/sv\/product-category\/randm-fumot-vape\/\"> RandM Vape<\/a>. V\u00e5rt sortiment inkluderar stors\u00e4ljande eng\u00e5ngsvapes som <a href=\"https:\/\/rmvapesale.com\/sv\/product\/aivono-aim-flash-35000-puffs-curved-smart-screen-disposable-vape-wholesale\/\">AIVONO Flash 35000 Puffs<\/a> och smakrika alternativ som<a href=\"https:\/\/rmvapesale.com\/sv\/product\/crystal-vape-uwin-shisha-hookah-20k-20000-puffs-wholesale-best-price\/\"> UWIN Shisha Hoohak 20000<\/a>. Varje produkt \u00e4r utvald med fokus p\u00e5 kvalitet, v\u00e4rde och variation, vilket s\u00e4kerst\u00e4ller att du hittar den perfekta matchningen f\u00f6r dina behov. Uppt\u00e4ck exceptionell service och ett brett utbud av topprodukter hos Rmvapesale.<\/p>\n<p>&nbsp;<\/p>\n<p class=\"relative p-1 rounded-sm flex items-center justify-center bg-token-main-surface-primary text-token-text-primary h-8 w-8\"><b style=\"font-size: 1.5em;font-style: inherit\">FAQS f\u00f6r WASPE Crystal 40000 Puffar <\/b><b style=\"font-size: 1.5em;font-style: inherit\">Uppladdningsbar eng\u00e5ngs-vape<\/b><\/p>\n<ol>\n<li><strong>Var kan jag k\u00f6pa WASPE Crystal 40000 Puffar i bulk?<\/strong>\n<ul>\n<li>Du kan k\u00f6pa bulkbest\u00e4llningar fr\u00e5n <a href=\"https:\/\/rmvapesale.com\/sv\/\" target=\"_new\" rel=\"noopener\">Rmvapesale<\/a> till konkurrenskraftiga grossistpriser.<\/li>\n<\/ul>\n<\/li>\n<li><strong>Vad visar LED-sk\u00e4rmen?<\/strong>\n<ul>\n<li>Sk\u00e4rmen ger realtidsuppdateringar om batteriprocent och e-v\u00e4tskeniv\u00e5er.<\/li>\n<\/ul>\n<\/li>\n<li><strong>Kan jag justera luftfl\u00f6det p\u00e5 denna vape?<\/strong>\n<ul>\n<li>Ja, den justerbara luftfl\u00f6desfunktionen g\u00f6r att du kan anpassa din vapingupplevelse.<\/li>\n<\/ul>\n<\/li>\n<li><strong>Hur l\u00e4nge h\u00e5ller 850mAh-batteriet?<\/strong>\n<ul>\n<li>Det erbjuder l\u00e5ngvarig anv\u00e4ndning och kan laddas om flera g\u00e5nger f\u00f6r kontinuerlig njutning.<\/li>\n<\/ul>\n<\/li>\n<li><strong>\u00c4r WASPE Crystal l\u00e4mplig f\u00f6r nikotinfri vaping?<\/strong>\n<ul>\n<li>Ja, nikotinalternativet 0% \u00e4r perfekt f\u00f6r anv\u00e4ndare som s\u00f6ker en nikotinfri upplevelse.<\/li>\n<\/ul>\n<\/li>\n<\/ol>\n<\/div>\n<\/div>\n<\/div>\n<h2>Hur man best\u00e4ller?<\/h2>\n<div class=\"flex-shrink-0 flex flex-col relative items-end\">\n<div class=\"pt-0\">\n<div class=\"gizmo-bot-avatar flex h-8 w-8 items-center justify-center overflow-hidden rounded-full\">\n<div>\n<p><strong>1. Vilka betalningsmetoder accepterar ni?<\/strong><br \/>\n<span class=\"selectable-text copyable-text false\">F\u00f6r betalning erbjuder vi bank\u00f6verf\u00f6ring och Western Union. De flesta av v\u00e5ra kunder i Sverige v\u00e4ljer bank\u00f6verf\u00f6ring, vi har ett lokalt bankkonto som du kan betala till v\u00e5rt IBAN-konto utan hanteringsavgift. <\/span>.<\/p>\n<p><strong>2. Hur kan jag sp\u00e5ra min best\u00e4llning?<\/strong><br \/>\nEfter att paketet skickats ut, <span class=\"selectable-text copyable-text false\">kommer vi att erbjuda ett sp\u00e5rningsnummer som referens, vi kommer ocks\u00e5 att forts\u00e4tta uppdatera statusen tills du har mottagit varorna<\/span>.<\/p>\n<p><strong>3. Hur l\u00e5ng tid tar det att komma fram?<\/strong><\/p>\n<ul>\n<li>Leverans fr\u00e5n <strong>kinesiska lager<\/strong> tar cirka <strong>7-14 arbetsdagar<\/strong>.<\/li>\n<li>Leverans fr\u00e5n <strong>Svenska lager<\/strong> tar vanligtvis <strong>3-6 arbetsdagar<\/strong>.<\/li>\n<\/ul>\n<p><strong>4. Hur kan jag f\u00e5 snabbare leverans?<\/strong><br \/>\nF\u00f6r snabbare leverans rekommenderar vi att du best\u00e4ller fr\u00e5n v\u00e5rt <strong>svenska lager<\/strong>, som erbjuder snabbare leveranstider.<\/p>\n<p><strong>5. Vad h\u00e4nder om jag f\u00e5r en skadad eller defekt produkt?<\/strong><br \/>\nOm din vara \u00e4r skadad eller defekt, kontakta kundtj\u00e4nst f\u00f6r en <strong>ers\u00e4ttning eller \u00e5terbetalning<\/strong>.<\/p>\n<p><strong>6. Hur kan jag kontakta kundtj\u00e4nst?<\/strong><br \/>\nDu kan n\u00e5 oss via<strong>\u00a0WhatsApp, eller livechatt<\/strong> p\u00e5 v\u00e5r webbplats f\u00f6r all hj\u00e4lp.<\/p>\n<\/div>\n<div class=\"relative p-1 rounded-sm flex items-center justify-center bg-token-main-surface-primary text-token-text-primary h-8 w-8\"><strong>7. Vilka fraktmetoder anv\u00e4nds?<\/strong><\/div>\n<\/div>\n<\/div>\n<\/div>\n<div class=\"group\/conversation-turn relative flex w-full min-w-0 flex-col agent-turn\">\n<div class=\"flex-col gap-1 md:gap-3\">\n<div class=\"flex max-w-full flex-col flex-grow\">\n<div class=\"min-h-[20px] text-message flex w-full flex-col items-end gap-2 whitespace-normal break-words [.text-message+&amp;]:mt-5 overflow-x-auto\" dir=\"auto\" data-message-author-role=\"assistant\" data-message-id=\"22f8283b-3233-46ff-89a5-c7a41b33abda\">\n<div class=\"flex w-full flex-col gap-1 empty:hidden first:pt-[3px]\">\n<div class=\"markdown prose w-full break-words dark:prose-invert light\">\n<p>Vi samarbetar med UPS, DHL, FedEx, DPD och andra ledande transport\u00f6rer. Vi v\u00e4ljer det b\u00e4sta frakts\u00e4ttet baserat p\u00e5 din leveransadress f\u00f6r att s\u00e4kerst\u00e4lla att du f\u00e5r dina produkter s\u00e5 snabbt som m\u00f6jligt.<\/p>\n<\/div>\n<\/div>\n<\/div>\n<\/div>\n<\/div>\n<\/div>\n<p>Hitta fler vape-produkter du kanske gillar:<strong><em><a href=\"https:\/\/rmvapesale.com\/sv\/shop-2\/\">handla nu &gt;&gt;&gt;<\/a><\/em><\/strong><\/p>","protected":false},"excerpt":{"rendered":"<p>WASPE Crystal 40k Puff dubbel smak laddningsbar eng\u00e5ngsvape<br \/>\nWASPE Crystal 40000 Puffs dubbla smaker eng\u00e5ngsvape k\u00f6p i bulk<br \/>\nWASPE Crystal 40000 Puffs 2 i 1 smak smart sk\u00e4rm grossist eng\u00e5ngsvape<\/p>\n<p><strong>Kontakta Amy f\u00f6r att f\u00e5 r\u00e4tt svar och vape-kupong!<\/strong><\/p>\n<p><img loading=\"lazy\" decoding=\"async\" class=\"size-full wp-image-2375\" src=\"https:\/\/rmvapesale.com\/wp-content\/uploads\/2024\/10\/image.png\" alt=\"B\u00e4sta eng\u00e5ngsvape\" width=\"229\" height=\"300\" \/><\/p>\n<h3><a href=\"https:\/\/wa.me\/8617776015835\"><span style=\"color: #ff0000\"><strong>WhatsApp: +86 17776015835<\/strong><\/span><\/a><\/h3>\n<p>&nbsp;<\/p>","protected":false},"featured_media":2975,"comment_status":"open","ping_status":"closed","template":"","meta":{"_uag_custom_page_level_css":"","_lmt_disableupdate":"no","_lmt_disable":"","site-sidebar-layout":"default","site-content-layout":"content-boxed-container","ast-site-content-layout":"normal-width-container","site-content-style":"boxed","site-sidebar-style":"unboxed","ast-global-header-display":"","ast-banner-title-visibility":"","ast-main-header-display":"","ast-hfb-above-header-display":"","ast-hfb-below-header-display":"","ast-hfb-mobile-header-display":"","site-post-title":"","ast-breadcrumbs-content":"","ast-featured-img":"","footer-sml-layout":"","theme-transparent-header-meta":"default","adv-header-id-meta":"","stick-header-meta":"","header-above-stick-meta":"","header-main-stick-meta":"","header-below-stick-meta":"","astra-migrate-meta-layouts":"set","ast-page-background-enabled":"default","ast-page-background-meta":{"desktop":{"background-color":"var(--ast-global-color-4)","background-image":"","background-repeat":"repeat","background-position":"center center","background-size":"auto","background-attachment":"scroll","background-type":"","background-media":"","overlay-type":"","overlay-color":"","overlay-opacity":"","overlay-gradient":""},"tablet":{"background-color":"","background-image":"","background-repeat":"repeat","background-position":"center center","background-size":"auto","background-attachment":"scroll","background-type":"","background-media":"","overlay-type":"","overlay-color":"","overlay-opacity":"","overlay-gradient":""},"mobile":{"background-color":"","background-image":"","background-repeat":"repeat","background-position":"center center","background-size":"auto","background-attachment":"scroll","background-type":"","background-media":"","overlay-type":"","overlay-color":"","overlay-opacity":"","overlay-gradient":""}},"ast-content-background-meta":{"desktop":{"background-color":"var(--ast-global-color-5)","background-image":"","background-repeat":"repeat","background-position":"center center","background-size":"auto","background-attachment":"scroll","background-type":"","background-media":"","overlay-type":"","overlay-color":"","overlay-opacity":"","overlay-gradient":""},"tablet":{"background-color":"var(--ast-global-color-5)","background-image":"","background-repeat":"repeat","background-position":"center center","background-size":"auto","background-attachment":"scroll","background-type":"","background-media":"","overlay-type":"","overlay-color":"","overlay-opacity":"","overlay-gradient":""},"mobile":{"background-color":"var(--ast-global-color-5)","background-image":"","background-repeat":"repeat","background-position":"center center","background-size":"auto","background-attachment":"scroll","background-type":"","background-media":"","overlay-type":"","overlay-color":"","overlay-opacity":"","overlay-gradient":""}},"_joinchat":[]},"product_brand":[],"product_cat":[15,289,290,291,292,298,293,295,299,274,258,25,123,26,28,135,27,137,136,30],"product_tag":[146,124,222,64,40,111,300,221],"class_list":{"0":"post-2976","1":"product","2":"type-product","3":"status-publish","4":"has-post-thumbnail","6":"product_cat-new-vape-this-week","7":"product_cat-big-puffs-disposable-vapes","8":"product_cat-crystal-disposable-vapes","9":"product_cat-dual-mesh-disposable-vapes","10":"product_cat-digital-disposable-vapes","11":"product_cat-double-flavor-disposable-vapes","12":"product_cat-low-nicotine-disposable-vapes","13":"product_cat-rechargeable-disposable-vapes","14":"product_cat-smart-screen-disposable-vapes","15":"product_cat-waspe-fihp-vape","16":"product_cat-40000-puff-disposable-vape","17":"product_cat-germany-best-selling-vape","18":"product_cat-italy-wholesale-vape","19":"product_cat-netherlands-hot-sale-vape","20":"product_cat-poland-hot-sale-vape","21":"product_cat-spain-best-hot-sale-vape","22":"product_cat-fance-hot-sale-vape","23":"product_cat-rechargeable-vapes","24":"product_cat-smart-screen-vapes","25":"product_cat-minimum-order-quantity-50pcs","26":"product_tag-best-hot-sale-vape","27":"product_tag-crystal-vape","28":"product_tag-double-flavor-vape","29":"product_tag-dual-flavour-vape","30":"product_tag-hot-sale-vape","31":"product_tag-low-nicotine-disposable-vape","32":"product_tag-waspe-crystal-40000","33":"product_tag-waspe-vape","34":"desktop-align-left","35":"tablet-align-left","36":"mobile-align-left","38":"first","39":"instock","40":"sale","41":"shipping-taxable","42":"purchasable","43":"product-type-simple"},"uagb_featured_image_src":{"full":["https:\/\/rmvapesale.com\/wp-content\/uploads\/2025\/01\/WASPE-40000-Puffs-Crystal-Disposable-Vape-Wholesale.webp",1000,1000,false],"thumbnail":["https:\/\/rmvapesale.com\/wp-content\/uploads\/2025\/01\/WASPE-40000-Puffs-Crystal-Disposable-Vape-Wholesale-150x150.webp",150,150,true],"medium":["https:\/\/rmvapesale.com\/wp-content\/uploads\/2025\/01\/WASPE-40000-Puffs-Crystal-Disposable-Vape-Wholesale-300x300.webp",300,300,true],"medium_large":["https:\/\/rmvapesale.com\/wp-content\/uploads\/2025\/01\/WASPE-40000-Puffs-Crystal-Disposable-Vape-Wholesale-768x768.webp",768,768,true],"large":["https:\/\/rmvapesale.com\/wp-content\/uploads\/2025\/01\/WASPE-40000-Puffs-Crystal-Disposable-Vape-Wholesale.webp",1000,1000,false],"1536x1536":["https:\/\/rmvapesale.com\/wp-content\/uploads\/2025\/01\/WASPE-40000-Puffs-Crystal-Disposable-Vape-Wholesale.webp",1000,1000,false],"2048x2048":["https:\/\/rmvapesale.com\/wp-content\/uploads\/2025\/01\/WASPE-40000-Puffs-Crystal-Disposable-Vape-Wholesale.webp",1000,1000,false],"trp-custom-language-flag":["https:\/\/rmvapesale.com\/wp-content\/uploads\/2025\/01\/WASPE-40000-Puffs-Crystal-Disposable-Vape-Wholesale.webp",12,12,false],"woocommerce_thumbnail":["https:\/\/rmvapesale.com\/wp-content\/uploads\/2025\/01\/WASPE-40000-Puffs-Crystal-Disposable-Vape-Wholesale-300x300.webp",300,300,true],"woocommerce_single":["https:\/\/rmvapesale.com\/wp-content\/uploads\/2025\/01\/WASPE-40000-Puffs-Crystal-Disposable-Vape-Wholesale-600x600.webp",600,600,true],"woocommerce_gallery_thumbnail":["https:\/\/rmvapesale.com\/wp-content\/uploads\/2025\/01\/WASPE-40000-Puffs-Crystal-Disposable-Vape-Wholesale-100x100.webp",100,100,true],"wcpr-photo-reviews":["https:\/\/rmvapesale.com\/wp-content\/uploads\/2025\/01\/WASPE-40000-Puffs-Crystal-Disposable-Vape-Wholesale.webp",500,500,false]},"uagb_author_info":{"display_name":"AMY","author_link":"https:\/\/rmvapesale.com\/sv\/author\/"},"uagb_comment_info":0,"uagb_excerpt":"WASPE Crystal 40k Puff Twins Flavor Rechargeable Disposable Vape WASPE Crystal 40000 Puffs Dual Flavors Disposable Vape Bulk Buy WASPE Crystal 40000 Puffs 2 in 1 Flavor Smart Screen Wholesale Disposable Contact Amy to get right reply and vape coupon! WhatsApp: +86 17776015835 &nbsp;","_links":{"self":[{"href":"https:\/\/rmvapesale.com\/sv\/wp-json\/wp\/v2\/product\/2976","targetHints":{"allow":["GET"]}}],"collection":[{"href":"https:\/\/rmvapesale.com\/sv\/wp-json\/wp\/v2\/product"}],"about":[{"href":"https:\/\/rmvapesale.com\/sv\/wp-json\/wp\/v2\/types\/product"}],"replies":[{"embeddable":true,"href":"https:\/\/rmvapesale.com\/sv\/wp-json\/wp\/v2\/comments?post=2976"}],"wp:featuredmedia":[{"embeddable":true,"href":"https:\/\/rmvapesale.com\/sv\/wp-json\/wp\/v2\/media\/2975"}],"wp:attachment":[{"href":"https:\/\/rmvapesale.com\/sv\/wp-json\/wp\/v2\/media?parent=2976"}],"wp:term":[{"taxonomy":"product_brand","embeddable":true,"href":"https:\/\/rmvapesale.com\/sv\/wp-json\/wp\/v2\/product_brand?post=2976"},{"taxonomy":"product_cat","embeddable":true,"href":"https:\/\/rmvapesale.com\/sv\/wp-json\/wp\/v2\/product_cat?post=2976"},{"taxonomy":"product_tag","embeddable":true,"href":"https:\/\/rmvapesale.com\/sv\/wp-json\/wp\/v2\/product_tag?post=2976"}],"curies":[{"name":"wp","href":"https:\/\/api.w.org\/{rel}","templated":true}]}}