{"id":3014,"date":"2025-01-30T07:39:46","date_gmt":"2025-01-30T07:39:46","guid":{"rendered":"https:\/\/rmvapesale.com\/?post_type=product&#038;p=3014"},"modified":"2025-01-23T08:01:17","modified_gmt":"2025-01-23T08:01:17","slug":"bang-box-30000-30k-puffs-double-taste-rechargeable-disposable-vape-0-2-5-nicotine-led-display-factory-price","status":"publish","type":"product","link":"https:\/\/rmvapesale.com\/sv\/product\/bang-box-30000-30k-puffs-double-taste-rechargeable-disposable-vape-0-2-5-nicotine-led-display-factory-price\/","title":{"rendered":"Bang Box 30000 30k Puffs Dubbel Smak Uppladdningsbar Eng\u00e5ngsvape 0% 2% 5% Nikotin LED-sk\u00e4rm Fabrikspris"},"content":{"rendered":"<div class=\"B2VR9 CJHX3e\">\n<div class=\"wyccme\">\n<div class=\"flex-shrink-0 flex flex-col relative items-end\">\n<div class=\"pt-0\">\n<div class=\"gizmo-bot-avatar flex h-8 w-8 items-center justify-center overflow-hidden rounded-full\">\n<div class=\"relative p-1 rounded-sm flex items-center justify-center bg-token-main-surface-primary text-token-text-primary h-8 w-8\">\n<div class=\"flex-shrink-0 flex flex-col relative items-end\">\n<div class=\"pt-0\">\n<div class=\"gizmo-bot-avatar flex h-8 w-8 items-center justify-center overflow-hidden rounded-full\">\n<div class=\"flex-shrink-0 flex flex-col relative items-end\">\n<div class=\"pt-0\">\n<div class=\"gizmo-bot-avatar flex h-8 w-8 items-center justify-center overflow-hidden rounded-full\">\n<h1 class=\"relative p-1 rounded-sm flex items-center justify-center bg-token-main-surface-primary text-token-text-primary h-8 w-8\">Bang Box 30000 30k Puffs Dubbel Smak Uppladdningsbar Eng\u00e5ngsvape 0% 2% 5% Nikotin LED-sk\u00e4rm Fabrikspris<\/h1>\n<\/div>\n<\/div>\n<\/div>\n<\/div>\n<\/div>\n<\/div>\n<\/div>\n<\/div>\n<\/div>\n<\/div>\n<div class=\"group\/conversation-turn relative flex w-full min-w-0 flex-col agent-turn\">\n<div class=\"flex-col gap-1 md:gap-3\">\n<div class=\"flex max-w-full flex-col flex-grow\">\n<div class=\"min-h-8 text-message flex w-full flex-col items-end gap-2 whitespace-normal break-words text-start [.text-message+&amp;]:mt-5\" dir=\"auto\" data-message-author-role=\"assistant\" data-message-id=\"80ece0c4-ead1-4ed9-a9f0-ddc22582b4f4\" data-message-model-slug=\"gpt-4o\">\n<p>Den <strong>Bang Box 30000 Puffs Dubbel smak Uppladdningsbar Eng\u00e5ngsvape<\/strong> \u00e4r det ultimata valet f\u00f6r vejpare som s\u00f6ker <strong>l\u00e5ngvarig prestanda, anpassningsbara funktioner och ett oslagbart grossistpris<\/strong>. Utformad f\u00f6r att ge upp till <strong>30 000 bloss<\/strong>, denna <strong>uppladdningsbara vape<\/strong> levererar en ut\u00f6kad vaping-upplevelse med en innovativ <strong>Dubbel smak<\/strong> funktion, som l\u00e5ter dig njuta av <strong>tv\u00e5 smaker i en enhet<\/strong>.<\/p>\n<p>F\u00f6rfylld med en massiv <strong>36 ml e-v\u00e4tska<\/strong>, Bang 30K garanterar kontinuerlig njutning utan kr\u00e5ngel med frekventa p\u00e5fyllningar. Oavsett om du f\u00f6redrar <strong>l\u00e5gnikotinvapes<\/strong> eller en starkare hit, erbjuder denna enhet m\u00e5ngsidiga <strong>nikotinstyrkealternativ<\/strong>, tillg\u00e4ngliga i <strong>0%, 2%, 3% och 5%<\/strong>, f\u00f6r att tillgodose alla preferenser.<\/p>\n<p>Utrustad med en <strong>1.0\u03a9 mesh-coil<\/strong>ger vapen mjuk, smakrik \u00e5nga vid varje bloss. Det <strong>justerbara luftfl\u00f6dessystemet<\/strong> l\u00e5ter dig anpassa ditt drag, och erbjuder antingen ett stramt, intensivt bloss eller en l\u00f6sare, molnfylld upplevelse.<\/p>\n<p>Den smarta <strong>LED-sk\u00e4rmen<\/strong> h\u00e5ller dig informerad om batteri- och e-v\u00e4tskeniv\u00e5er, vilket s\u00e4kerst\u00e4ller att du alltid har kontroll. Med ett <strong>uppladdningsbart 550mAh-batteri<\/strong> och en <strong>Type-C laddningsport<\/strong>, kommer du att njuta av snabb, effektiv laddning f\u00f6r att h\u00e5lla din vape redo n\u00e4r du \u00e4n \u00e4r det.<\/p>\n<p>Perfekt f\u00f6r <strong>grossistk\u00f6pare av eng\u00e5ngsvapes<\/strong>, den h\u00e4r enheten finns tillg\u00e4nglig till ett <strong>fabrikspris<\/strong>, vilket g\u00f6r den till ett utm\u00e4rkt val f\u00f6r b\u00e5de \u00e5terf\u00f6rs\u00e4ljare och enskilda vejpare som vill <strong>k\u00f6pa i l\u00f6svikt<\/strong>.<\/p>\n<\/div>\n<\/div>\n<\/div>\n<\/div>\n<div class=\"flex-shrink-0 flex flex-col relative items-end\">\n<div class=\"pt-0\">\n<div class=\"gizmo-bot-avatar flex h-8 w-8 items-center justify-center overflow-hidden rounded-full\">\n<p>&nbsp;<\/p>\n<\/div>\n<\/div>\n<\/div>\n<\/div>\n<\/div>\n<p><strong>Kontakta Amy f\u00f6r att f\u00e5 r\u00e4tt svar och vape-kupong!<\/strong><\/p>\n<p><img loading=\"lazy\" decoding=\"async\" class=\"size-full wp-image-1978\" src=\"https:\/\/rmvapesale.com\/wp-content\/uploads\/2024\/09\/Disposable-Vape-Wholesale.jpg\" alt=\"Eng\u00e5ngsvape Partihandel\" width=\"229\" height=\"300\" \/><\/p>\n<h3><a href=\"https:\/\/wa.me\/8617776015835\" target=\"_blank\" rel=\"noopener\"><span style=\"color: #ff0000\"><strong>WhatsApp: +86 17776015835<\/strong><\/span><\/a><\/h3>\n<h3><\/h3>\n<h3><strong style=\"font-size: 1.7em\">Bang Box 30000 30k Puffs Nyckelfunktioner<\/strong><\/h3>\n<ul>\n<li><strong>30 000 bloss kapacitet:<\/strong> Njut av l\u00e5ngvarig vaping utan st\u00e4ndiga byten.<\/li>\n<li><strong>36 ml f\u00f6rfylld e-v\u00e4tska:<\/strong> Gener\u00f6s kapacitet f\u00f6r en oavbruten vapingupplevelse.<\/li>\n<li><strong>Dubbel Smakfunktion:<\/strong> V\u00e4xla mellan tv\u00e5 distinkta smaker f\u00f6r variation i varje puff.<\/li>\n<li><strong>Nikotinalternativ:<\/strong> Tillg\u00e4nglig i 0%, 2%, 3% och 5% styrkor f\u00f6r att passa olika preferenser.<\/li>\n<li><strong>Uppladdningsbart Batteri:<\/strong> 550mAh batteri med Type-C snabbladdning f\u00f6r bekv\u00e4mlighet.<\/li>\n<li><strong>Smart LED-sk\u00e4rm:<\/strong> \u00d6vervaka enkelt batteritid och e-v\u00e4tskeniv\u00e5er.<\/li>\n<li><strong>Justerbart Luftfl\u00f6de:<\/strong> Anpassa ditt inhalationss\u00e4tt med olika luftfl\u00f6desinst\u00e4llningar.<\/li>\n<\/ul>\n<p><img loading=\"lazy\" decoding=\"async\" class=\"wp-image-2984 size-full\" src=\"https:\/\/rmvapesale.com\/wp-content\/uploads\/2025\/01\/Bang-Box-30000-Puffs-Disposable-Vape-Bulk-Buy.webp\" alt=\"Bang Box 30000 Puffs Eng\u00e5ngs-Vape Partik\u00f6p\" width=\"1000\" height=\"1000\" srcset=\"https:\/\/rmvapesale.com\/wp-content\/uploads\/2025\/01\/Bang-Box-30000-Puffs-Disposable-Vape-Bulk-Buy.webp 1000w, https:\/\/rmvapesale.com\/wp-content\/uploads\/2025\/01\/Bang-Box-30000-Puffs-Disposable-Vape-Bulk-Buy-300x300.webp 300w, https:\/\/rmvapesale.com\/wp-content\/uploads\/2025\/01\/Bang-Box-30000-Puffs-Disposable-Vape-Bulk-Buy-150x150.webp 150w, https:\/\/rmvapesale.com\/wp-content\/uploads\/2025\/01\/Bang-Box-30000-Puffs-Disposable-Vape-Bulk-Buy-768x768.webp 768w, https:\/\/rmvapesale.com\/wp-content\/uploads\/2025\/01\/Bang-Box-30000-Puffs-Disposable-Vape-Bulk-Buy-600x600.webp 600w, https:\/\/rmvapesale.com\/wp-content\/uploads\/2025\/01\/Bang-Box-30000-Puffs-Disposable-Vape-Bulk-Buy-100x100.webp 100w\" sizes=\"auto, (max-width: 1000px) 100vw, 1000px\" \/><\/p>\n<h3><strong style=\"font-size: 1.7em\">B\u00e4sta smaker f\u00f6r Bang Box 30000 30k Puff<\/strong><strong style=\"font-size: 1.7em\">\u00a0Vape<\/strong><\/h3>\n<p>1.Jordgubb kiwi\/Vattenmelon is<br \/>\n2.Jordgubb kiwi\/Jordgubb Vattenmelon <span style=\"color: #ff0000\"><strong>&gt;&gt;&gt;&gt; Het!<\/strong><\/span><br \/>\n3.Persika juice\/Bl\u00e5b\u00e4r is<br \/>\n4.Bl\u00e5b\u00e4r is\/Kiwi passionsfrukt Guava<br \/>\n5.Bl\u00e5b\u00e4r sur hallon is\/Blandad frukt <span style=\"color: #ff0000\"><strong>&gt;&gt;&gt;&gt; Het!<\/strong><\/span><br \/>\n6.Trippelb\u00e4r is\/Jordgubb Mango<br \/>\n7.Vattenmelon bubbelgum\/Jordgubb Vattenmelon<br \/>\n8.Bl\u00e5b\u00e4rs-is\/Vattenmelon-is<br \/>\n9.Jordgubbsvattenmelon\/Kiwi passionsfrukt guava<br \/>\n10.Svart drak-is\/Mango persika vattenmelon<br \/>\n11.Bl\u00e5 hallon-is\/Dubbel vindruva<br \/>\n12.Bl\u00e5 hallon-is\/Jordgubbsmango <span style=\"color: #ff0000\"><strong>&gt;&gt;&gt;&gt; B\u00e4st!<\/strong><\/span><\/p>\n<h3><strong>Varf\u00f6r v\u00e4lja Rmvapesale f\u00f6r Bang Box 30k Puffs <\/strong><strong>V<\/strong><strong>Vape Partihandel<\/strong><strong>?<\/strong><\/h3>\n<div class=\"flex-shrink-0 flex flex-col relative items-end\">\n<div class=\"pt-0\">\n<div class=\"gizmo-bot-avatar flex h-8 w-8 items-center justify-center overflow-hidden rounded-full\">\n<p>I takt med att konkurrensen p\u00e5 marknaden f\u00f6r eng\u00e5ngs e-cigaretter h\u00e5rdnar, har Rmvapesale, en global ledare inom partihandelsl\u00f6sningar f\u00f6r eng\u00e5ngsvapes, lanserat Bang Box 30000 30k Puffs Double Taste Rechargeable Disposable Vape. Denna banbrytande produkt v\u00e4cker uppm\u00e4rksamhet med sin unika estetik och fashionabla design. Med ett omfattande utbud av fruktiga smaker tilltalar den ett brett spektrum av konsumenters smakl\u00f6kar samtidigt som den betonar innovation och m\u00e5ngsidighet.<\/p>\n<p class=\"relative p-1 rounded-sm flex items-center justify-center bg-token-main-surface-primary text-token-text-primary h-8 w-8\">Rmvapesale \u00e4r din p\u00e5litliga vape-butik f\u00f6r premium eng\u00e5ngsvapes. Med \u00f6ver 5 \u00e5rs erfarenhet ger vi dig popul\u00e4ra eng\u00e5ngs-vape-m\u00e4rken som Al Fakher, JNR Vape, Vapsolo Vape, Vapme Vape, <a href=\"https:\/\/rmvapesale.com\/sv\/product-category\/bang-vapes\/\">Bang Vape<\/a>, Waspe Vape, WGA Vape och<a href=\"https:\/\/rmvapesale.com\/sv\/product-category\/randm-fumot-vape\/\"> RandM Vape<\/a>. V\u00e5rt sortiment inkluderar stors\u00e4ljande eng\u00e5ngsvapes som <a href=\"https:\/\/rmvapesale.com\/sv\/product\/vopk-tornado-15000-puffs-disposable-vape-led-display\/\">VOPK Tornado 15000 Puffs<\/a> och smakrika alternativ som<a href=\"https:\/\/rmvapesale.com\/sv\/product\/waspe-15000-puffs-digital-box-original-wholesale\/\"> WASPE 15000 PUFFS<\/a>. Varje produkt \u00e4r utvald med fokus p\u00e5 kvalitet, v\u00e4rde och variation, vilket s\u00e4kerst\u00e4ller att du hittar den perfekta matchningen f\u00f6r dina behov. Uppt\u00e4ck exceptionell service och ett brett utbud av topprodukter hos Rmvapesale.<\/p>\n<p class=\"relative p-1 rounded-sm flex items-center justify-center bg-token-main-surface-primary text-token-text-primary h-8 w-8\"><b style=\"font-size: 1.5em;font-style: inherit\">Vanliga fr\u00e5gor f\u00f6r BangBox 30000 30k Puffs <\/b><b style=\"font-size: 1.5em;font-style: inherit\">Uppladdningsbar eng\u00e5ngs-vape<\/b><\/p>\n<ol>\n<li><strong>Var kan jag k\u00f6pa Bang 30000 Puffs Disposable Vape till grossistpriser?<\/strong>\n<ul>\n<li>Du kan k\u00f6pa den till fabrikspriser fr\u00e5n <a href=\"https:\/\/rmvapesale.com\/sv\/\" target=\"_new\" rel=\"noopener\">Rmvapesale<\/a>, som erbjuder de b\u00e4sta masserbjudandena f\u00f6r \u00e5terf\u00f6rs\u00e4ljare och distribut\u00f6rer.<\/li>\n<\/ul>\n<\/li>\n<li><strong>Hur fungerar funktionen Double Taste?<\/strong>\n<ul>\n<li>Enheten l\u00e5ter dig v\u00e4xla mellan tv\u00e5 smaker, vilket ger en unik och dynamisk vapingupplevelse.<\/li>\n<\/ul>\n<\/li>\n<li><strong>Vilka nikotinniv\u00e5er finns tillg\u00e4ngliga i denna eng\u00e5ngsvape?<\/strong>\n<ul>\n<li>Bang 30K finns i nikotinstyrkorna 0 %, 2 %, 3 % och 5 %, f\u00f6r att tillgodose olika vapingpreferenser.<\/li>\n<\/ul>\n<\/li>\n<li><strong>\u00c4r Bang 30000 Puffs vape uppladdningsbar?<\/strong>\n<ul>\n<li>Ja, den har ett 550mAh uppladdningsbart batteri med en Type-C-laddningsport f\u00f6r snabba och effektiva laddningar.<\/li>\n<\/ul>\n<\/li>\n<li><strong>Har enheten en funktion f\u00f6r att justera luftfl\u00f6det?<\/strong>\n<ul>\n<li>Ja, den justerbara luftfl\u00f6deskontrollen l\u00e5ter dig anpassa din vapingstil, fr\u00e5n sn\u00e4va drag till luftiga moln.<\/li>\n<\/ul>\n<\/li>\n<\/ol>\n<\/div>\n<\/div>\n<\/div>\n<h2>Hur man best\u00e4ller?<\/h2>\n<div class=\"flex-shrink-0 flex flex-col relative items-end\">\n<div class=\"pt-0\">\n<div class=\"gizmo-bot-avatar flex h-8 w-8 items-center justify-center overflow-hidden rounded-full\">\n<div>\n<p><strong>1. Vilka betalningsmetoder accepterar ni?<\/strong><br \/>\n<span class=\"selectable-text copyable-text false\">F\u00f6r betalning erbjuder vi bank\u00f6verf\u00f6ring och Western Union. De flesta av v\u00e5ra kunder i Sverige v\u00e4ljer bank\u00f6verf\u00f6ring, vi har ett lokalt bankkonto som du kan betala till v\u00e5rt IBAN-konto utan hanteringsavgift. <\/span>.<\/p>\n<p><strong>2. Hur kan jag sp\u00e5ra min best\u00e4llning?<\/strong><br \/>\nEfter att paketet skickats ut, <span class=\"selectable-text copyable-text false\">kommer vi att erbjuda ett sp\u00e5rningsnummer som referens, vi kommer ocks\u00e5 att forts\u00e4tta uppdatera statusen tills du har mottagit varorna<\/span>.<\/p>\n<p><strong>3. Hur l\u00e5ng tid tar det att komma fram?<\/strong><\/p>\n<ul>\n<li>Leverans fr\u00e5n <strong>kinesiska lager<\/strong> tar cirka <strong>7-14 arbetsdagar<\/strong>.<\/li>\n<li>Leverans fr\u00e5n <strong>Svenska lager<\/strong> tar vanligtvis <strong>3-6 arbetsdagar<\/strong>.<\/li>\n<\/ul>\n<p><strong>4. Hur kan jag f\u00e5 snabbare leverans?<\/strong><br \/>\nF\u00f6r snabbare leverans rekommenderar vi att du best\u00e4ller fr\u00e5n v\u00e5rt <strong>svenska lager<\/strong>, som erbjuder snabbare leveranstider.<\/p>\n<p><strong>5. Vad h\u00e4nder om jag f\u00e5r en skadad eller defekt produkt?<\/strong><br \/>\nOm din vara \u00e4r skadad eller defekt, kontakta kundtj\u00e4nst f\u00f6r en <strong>ers\u00e4ttning eller \u00e5terbetalning<\/strong>.<\/p>\n<p><strong>6. Hur kan jag kontakta kundtj\u00e4nst?<\/strong><br \/>\nDu kan n\u00e5 oss via<strong>\u00a0WhatsApp, eller livechatt<\/strong> p\u00e5 v\u00e5r webbplats f\u00f6r all hj\u00e4lp.<\/p>\n<\/div>\n<div class=\"relative p-1 rounded-sm flex items-center justify-center bg-token-main-surface-primary text-token-text-primary h-8 w-8\"><strong>7. Vilka fraktmetoder anv\u00e4nds?<\/strong><\/div>\n<\/div>\n<\/div>\n<\/div>\n<div class=\"group\/conversation-turn relative flex w-full min-w-0 flex-col agent-turn\">\n<div class=\"flex-col gap-1 md:gap-3\">\n<div class=\"flex max-w-full flex-col flex-grow\">\n<div class=\"min-h-[20px] text-message flex w-full flex-col items-end gap-2 whitespace-normal break-words [.text-message+&amp;]:mt-5 overflow-x-auto\" dir=\"auto\" data-message-author-role=\"assistant\" data-message-id=\"22f8283b-3233-46ff-89a5-c7a41b33abda\">\n<div class=\"flex w-full flex-col gap-1 empty:hidden first:pt-[3px]\">\n<div class=\"markdown prose w-full break-words dark:prose-invert light\">\n<p>Vi samarbetar med UPS, DHL, FedEx, DPD och andra ledande transport\u00f6rer. Vi v\u00e4ljer det b\u00e4sta frakts\u00e4ttet baserat p\u00e5 din leveransadress f\u00f6r att s\u00e4kerst\u00e4lla att du f\u00e5r dina produkter s\u00e5 snabbt som m\u00f6jligt.<\/p>\n<\/div>\n<\/div>\n<\/div>\n<\/div>\n<\/div>\n<\/div>\n<p>Hitta fler vape-produkter du kanske gillar:<strong><em><a href=\"https:\/\/rmvapesale.com\/sv\/shop-2\/\">handla nu &gt;&gt;&gt;<\/a><\/em><\/strong><\/p>","protected":false},"excerpt":{"rendered":"<p>Bang Box 30000 30k Puff Bar Uppladdningsbar Eng\u00e5ngsvape Billigt pris<br \/>\nBang Box 30000 30k Puffs Het f\u00f6rs\u00e4ljning Eng\u00e5ngsvape Penna Bulk k\u00f6p<br \/>\nBangBox 30000 Puffs LED Display Smart sk\u00e4rm Eng\u00e5ngsvape Grossist<\/p>\n<p><strong>Kontakta Amy f\u00f6r att f\u00e5 r\u00e4tt svar och vape-kupong!<\/strong><\/p>\n<p><img loading=\"lazy\" decoding=\"async\" class=\"size-full wp-image-2375\" src=\"https:\/\/rmvapesale.com\/wp-content\/uploads\/2024\/10\/image.png\" alt=\"B\u00e4sta eng\u00e5ngsvape\" width=\"229\" height=\"300\" \/><\/p>\n<h3><a href=\"https:\/\/wa.me\/8617776015835\"><span style=\"color: #ff0000\"><strong>WhatsApp: +86 17776015835<\/strong><\/span><\/a><\/h3>\n<p>&nbsp;<\/p>","protected":false},"featured_media":2983,"comment_status":"open","ping_status":"closed","template":"","meta":{"_uag_custom_page_level_css":"","_lmt_disableupdate":"no","_lmt_disable":"","site-sidebar-layout":"default","site-content-layout":"content-boxed-container","ast-site-content-layout":"normal-width-container","site-content-style":"boxed","site-sidebar-style":"unboxed","ast-global-header-display":"","ast-banner-title-visibility":"","ast-main-header-display":"","ast-hfb-above-header-display":"","ast-hfb-below-header-display":"","ast-hfb-mobile-header-display":"","site-post-title":"","ast-breadcrumbs-content":"","ast-featured-img":"","footer-sml-layout":"","theme-transparent-header-meta":"default","adv-header-id-meta":"","stick-header-meta":"","header-above-stick-meta":"","header-main-stick-meta":"","header-below-stick-meta":"","astra-migrate-meta-layouts":"set","ast-page-background-enabled":"default","ast-page-background-meta":{"desktop":{"background-color":"var(--ast-global-color-4)","background-image":"","background-repeat":"repeat","background-position":"center center","background-size":"auto","background-attachment":"scroll","background-type":"","background-media":"","overlay-type":"","overlay-color":"","overlay-opacity":"","overlay-gradient":""},"tablet":{"background-color":"","background-image":"","background-repeat":"repeat","background-position":"center center","background-size":"auto","background-attachment":"scroll","background-type":"","background-media":"","overlay-type":"","overlay-color":"","overlay-opacity":"","overlay-gradient":""},"mobile":{"background-color":"","background-image":"","background-repeat":"repeat","background-position":"center center","background-size":"auto","background-attachment":"scroll","background-type":"","background-media":"","overlay-type":"","overlay-color":"","overlay-opacity":"","overlay-gradient":""}},"ast-content-background-meta":{"desktop":{"background-color":"var(--ast-global-color-5)","background-image":"","background-repeat":"repeat","background-position":"center center","background-size":"auto","background-attachment":"scroll","background-type":"","background-media":"","overlay-type":"","overlay-color":"","overlay-opacity":"","overlay-gradient":""},"tablet":{"background-color":"var(--ast-global-color-5)","background-image":"","background-repeat":"repeat","background-position":"center center","background-size":"auto","background-attachment":"scroll","background-type":"","background-media":"","overlay-type":"","overlay-color":"","overlay-opacity":"","overlay-gradient":""},"mobile":{"background-color":"var(--ast-global-color-5)","background-image":"","background-repeat":"repeat","background-position":"center center","background-size":"auto","background-attachment":"scroll","background-type":"","background-media":"","overlay-type":"","overlay-color":"","overlay-opacity":"","overlay-gradient":""}},"_joinchat":[]},"product_brand":[],"product_cat":[15,289,290,291,292,293,295,299,273,253,25,123,26,28,135,27,60,137,136,30],"product_tag":[307,146,222,64,40,111,306],"class_list":{"0":"post-3014","1":"product","2":"type-product","3":"status-publish","4":"has-post-thumbnail","6":"product_cat-new-vape-this-week","7":"product_cat-big-puffs-disposable-vapes","8":"product_cat-crystal-disposable-vapes","9":"product_cat-dual-mesh-disposable-vapes","10":"product_cat-digital-disposable-vapes","11":"product_cat-low-nicotine-disposable-vapes","12":"product_cat-rechargeable-disposable-vapes","13":"product_cat-smart-screen-disposable-vapes","14":"product_cat-bang-box-vape","15":"product_cat-15000-puff-disposable-vape","16":"product_cat-germany-best-selling-vape","17":"product_cat-italy-wholesale-vape","18":"product_cat-netherlands-hot-sale-vape","19":"product_cat-poland-hot-sale-vape","20":"product_cat-spain-best-hot-sale-vape","21":"product_cat-fance-hot-sale-vape","22":"product_cat-bang-vapes","23":"product_cat-rechargeable-vapes","24":"product_cat-smart-screen-vapes","25":"product_cat-minimum-order-quantity-50pcs","26":"product_tag-bang-box-30000","27":"product_tag-best-hot-sale-vape","28":"product_tag-double-flavor-vape","29":"product_tag-dual-flavour-vape","30":"product_tag-hot-sale-vape","31":"product_tag-low-nicotine-disposable-vape","32":"product_tag-puff-bar","33":"desktop-align-left","34":"tablet-align-left","35":"mobile-align-left","37":"first","38":"instock","39":"sale","40":"shipping-taxable","41":"purchasable","42":"product-type-simple"},"uagb_featured_image_src":{"full":["https:\/\/rmvapesale.com\/wp-content\/uploads\/2025\/01\/Bang-Box-30000-30k-Puffs-Double-Rechargeable-Disposable-Vape-Wholesale.webp",1000,1000,false],"thumbnail":["https:\/\/rmvapesale.com\/wp-content\/uploads\/2025\/01\/Bang-Box-30000-30k-Puffs-Double-Rechargeable-Disposable-Vape-Wholesale-150x150.webp",150,150,true],"medium":["https:\/\/rmvapesale.com\/wp-content\/uploads\/2025\/01\/Bang-Box-30000-30k-Puffs-Double-Rechargeable-Disposable-Vape-Wholesale-300x300.webp",300,300,true],"medium_large":["https:\/\/rmvapesale.com\/wp-content\/uploads\/2025\/01\/Bang-Box-30000-30k-Puffs-Double-Rechargeable-Disposable-Vape-Wholesale-768x768.webp",768,768,true],"large":["https:\/\/rmvapesale.com\/wp-content\/uploads\/2025\/01\/Bang-Box-30000-30k-Puffs-Double-Rechargeable-Disposable-Vape-Wholesale.webp",1000,1000,false],"1536x1536":["https:\/\/rmvapesale.com\/wp-content\/uploads\/2025\/01\/Bang-Box-30000-30k-Puffs-Double-Rechargeable-Disposable-Vape-Wholesale.webp",1000,1000,false],"2048x2048":["https:\/\/rmvapesale.com\/wp-content\/uploads\/2025\/01\/Bang-Box-30000-30k-Puffs-Double-Rechargeable-Disposable-Vape-Wholesale.webp",1000,1000,false],"trp-custom-language-flag":["https:\/\/rmvapesale.com\/wp-content\/uploads\/2025\/01\/Bang-Box-30000-30k-Puffs-Double-Rechargeable-Disposable-Vape-Wholesale.webp",12,12,false],"woocommerce_thumbnail":["https:\/\/rmvapesale.com\/wp-content\/uploads\/2025\/01\/Bang-Box-30000-30k-Puffs-Double-Rechargeable-Disposable-Vape-Wholesale-300x300.webp",300,300,true],"woocommerce_single":["https:\/\/rmvapesale.com\/wp-content\/uploads\/2025\/01\/Bang-Box-30000-30k-Puffs-Double-Rechargeable-Disposable-Vape-Wholesale-600x600.webp",600,600,true],"woocommerce_gallery_thumbnail":["https:\/\/rmvapesale.com\/wp-content\/uploads\/2025\/01\/Bang-Box-30000-30k-Puffs-Double-Rechargeable-Disposable-Vape-Wholesale-100x100.webp",100,100,true],"wcpr-photo-reviews":["https:\/\/rmvapesale.com\/wp-content\/uploads\/2025\/01\/Bang-Box-30000-30k-Puffs-Double-Rechargeable-Disposable-Vape-Wholesale.webp",500,500,false]},"uagb_author_info":{"display_name":"AMY","author_link":"https:\/\/rmvapesale.com\/sv\/author\/"},"uagb_comment_info":0,"uagb_excerpt":"Bang Box 30000 30k Puff\u00a0 Bar Rechargeable Disposable Vape Cheap Price Bang Box 30000 30k Puffs Hot Sale Disposable Vape Pen Bulk Buy BangBox 30000 Puffs\u00a0 LED Display Smart Screen Disposable Vape Wholesale Contact Amy to get right reply and vape coupon! WhatsApp: +86 17776015835 &nbsp;","_links":{"self":[{"href":"https:\/\/rmvapesale.com\/sv\/wp-json\/wp\/v2\/product\/3014","targetHints":{"allow":["GET"]}}],"collection":[{"href":"https:\/\/rmvapesale.com\/sv\/wp-json\/wp\/v2\/product"}],"about":[{"href":"https:\/\/rmvapesale.com\/sv\/wp-json\/wp\/v2\/types\/product"}],"replies":[{"embeddable":true,"href":"https:\/\/rmvapesale.com\/sv\/wp-json\/wp\/v2\/comments?post=3014"}],"wp:featuredmedia":[{"embeddable":true,"href":"https:\/\/rmvapesale.com\/sv\/wp-json\/wp\/v2\/media\/2983"}],"wp:attachment":[{"href":"https:\/\/rmvapesale.com\/sv\/wp-json\/wp\/v2\/media?parent=3014"}],"wp:term":[{"taxonomy":"product_brand","embeddable":true,"href":"https:\/\/rmvapesale.com\/sv\/wp-json\/wp\/v2\/product_brand?post=3014"},{"taxonomy":"product_cat","embeddable":true,"href":"https:\/\/rmvapesale.com\/sv\/wp-json\/wp\/v2\/product_cat?post=3014"},{"taxonomy":"product_tag","embeddable":true,"href":"https:\/\/rmvapesale.com\/sv\/wp-json\/wp\/v2\/product_tag?post=3014"}],"curies":[{"name":"wp","href":"https:\/\/api.w.org\/{rel}","templated":true}]}}