{"id":3015,"date":"2025-02-02T08:01:52","date_gmt":"2025-02-02T08:01:52","guid":{"rendered":"https:\/\/rmvapesale.com\/?post_type=product&#038;p=3015"},"modified":"2025-01-23T08:19:44","modified_gmt":"2025-01-23T08:19:44","slug":"smart-screen-disposable-vape-bang-king-35000-puff-35k-rechargeable-disposable-vape-0-2-5-nicotine-factory-price","status":"publish","type":"product","link":"https:\/\/rmvapesale.com\/sv\/product\/smart-screen-disposable-vape-bang-king-35000-puff-35k-rechargeable-disposable-vape-0-2-5-nicotine-factory-price\/","title":{"rendered":"Smart Screen Eng\u00e5ngs Vape Bang King 35000 Puff 35k Uppladdningsbar Eng\u00e5ngs Vape 0% 2% 5% Nikotin Fabrikspris"},"content":{"rendered":"<div class=\"B2VR9 CJHX3e\">\n<div class=\"wyccme\">\n<div class=\"flex-shrink-0 flex flex-col relative items-end\">\n<div class=\"pt-0\">\n<div class=\"gizmo-bot-avatar flex h-8 w-8 items-center justify-center overflow-hidden rounded-full\">\n<div class=\"relative p-1 rounded-sm flex items-center justify-center bg-token-main-surface-primary text-token-text-primary h-8 w-8\">\n<div class=\"flex-shrink-0 flex flex-col relative items-end\">\n<div class=\"pt-0\">\n<div class=\"gizmo-bot-avatar flex h-8 w-8 items-center justify-center overflow-hidden rounded-full\">\n<div class=\"flex-shrink-0 flex flex-col relative items-end\">\n<div class=\"pt-0\">\n<div class=\"gizmo-bot-avatar flex h-8 w-8 items-center justify-center overflow-hidden rounded-full\">\n<h1 class=\"relative p-1 rounded-sm flex items-center justify-center bg-token-main-surface-primary text-token-text-primary h-8 w-8\">Smart Screen Eng\u00e5ngs Vape Bang King 35000 Puff 35k Uppladdningsbar Eng\u00e5ngs Vape 0% 2% 5% Nikotin Fabrikspris<\/h1>\n<\/div>\n<\/div>\n<\/div>\n<\/div>\n<\/div>\n<\/div>\n<\/div>\n<\/div>\n<\/div>\n<\/div>\n<div class=\"group\/conversation-turn relative flex w-full min-w-0 flex-col agent-turn\">\n<div class=\"flex-col gap-1 md:gap-3\">\n<div class=\"flex max-w-full flex-col flex-grow\">\n<div class=\"min-h-8 text-message flex w-full flex-col items-end gap-2 whitespace-normal break-words text-start [.text-message+&amp;]:mt-5\" dir=\"auto\" data-message-author-role=\"assistant\" data-message-id=\"80ece0c4-ead1-4ed9-a9f0-ddc22582b4f4\" data-message-model-slug=\"gpt-4o\">\n<p>Letar du efter en <strong>h\u00f6gpuff, uppladdningsbar eng\u00e5ngsvape<\/strong> med smarta funktioner? Den <strong>Bang King 35000 Puffs Smart Sk\u00e4rm Eng\u00e5ngsvape<\/strong> \u00e4r det perfekta valet f\u00f6r vape-anv\u00e4ndare som kr\u00e4ver <strong>stor puffkapacitet, justerbar luftfl\u00f6de och flera nikotinniv\u00e5er<\/strong>, allt till ett <strong>l\u00e5gt grossistpris<\/strong>. Med en otrolig <strong>35 000 puffkapacitet<\/strong>, denna vape ger l\u00e5ngvarig njutning och \u00e4r en av de <strong>mest popul\u00e4ra eng\u00e5ngsvaporna<\/strong> p\u00e5 marknaden.<\/p>\n<p>Fylld med <strong>23 ml e-juice<\/strong>, Bang King s\u00e4kerst\u00e4ller en smakrik, problemfri vapingupplevelse utan frekventa p\u00e5fyllningar. Den avancerade <strong>0,6\u03a9 resistansspolen<\/strong> ger smidig, tillfredsst\u00e4llande \u00e5ngproduktion, medan den innovativa <strong>smarta sk\u00e4rmen<\/strong> h\u00e5ller dig informerad med realtidsuppdateringar om e-juice och batteriniv\u00e5er.<\/p>\n<p>Designad f\u00f6r bekv\u00e4mlighet, den <strong>850mAh uppladdningsbart batteri<\/strong> st\u00f6djer <strong>Typ-C snabbladdning<\/strong>, vilket g\u00f6r att du snabbt kan \u00e5terg\u00e5 till vaping. Oavsett om du f\u00f6redrar en <strong>l\u00e5gnikotinvape<\/strong> eller en starkare hit, erbjuder Bang King flera nikotinstyrkor, inklusive <strong>0%, 2%, 3% och 5%<\/strong>, f\u00f6r att tillfredsst\u00e4lla alla preferenser.<\/p>\n<p>Med funktioner <strong>justerbara luftfl\u00f6dessystemet<\/strong>, kan du finjustera din vapingupplevelse f\u00f6r antingen en t\u00e4tare dragning eller en mjukare, luftigare puff. Plus, med <strong>12 l\u00e4ckra smaker<\/strong> att v\u00e4lja mellan, finns det n\u00e5got f\u00f6r varje smak.<\/p>\n<p>Idealisk f\u00f6r <strong>partihandlare och vape-distribut\u00f6rer<\/strong>, denna enhet kommer till ett <strong>fabrikspris<\/strong>, vilket g\u00f6r den till ett utm\u00e4rkt alternativ f\u00f6r de som vill <strong>k\u00f6pa eng\u00e5ngsvapes i bulk<\/strong>.<\/p>\n<\/div>\n<\/div>\n<\/div>\n<\/div>\n<div class=\"flex-shrink-0 flex flex-col relative items-end\">\n<div class=\"pt-0\">\n<div class=\"gizmo-bot-avatar flex h-8 w-8 items-center justify-center overflow-hidden rounded-full\">\n<p>&nbsp;<\/p>\n<\/div>\n<\/div>\n<\/div>\n<\/div>\n<\/div>\n<p><strong>Kontakta Amy f\u00f6r att f\u00e5 r\u00e4tt svar och vape-kupong!<\/strong><\/p>\n<p><img loading=\"lazy\" decoding=\"async\" class=\"size-full wp-image-1978\" src=\"https:\/\/rmvapesale.com\/wp-content\/uploads\/2024\/09\/Disposable-Vape-Wholesale.jpg\" alt=\"Eng\u00e5ngsvape Partihandel\" width=\"229\" height=\"300\" \/><\/p>\n<h3><a href=\"https:\/\/wa.me\/8617776015835\" target=\"_blank\" rel=\"noopener\"><span style=\"color: #ff0000\"><strong>WhatsApp: +86 17776015835<\/strong><\/span><\/a><\/h3>\n<h3><\/h3>\n<h3><strong style=\"font-size: 1.7em\">Bang King 35000 Puff Nyckelfunktioner<\/strong><\/h3>\n<ul>\n<li><strong>Massiva 35 000 Puff:<\/strong> Njut av l\u00e5ngvarig vaping utan frekventa byten.<\/li>\n<li><strong>23 ml E-Liquidskapacitet:<\/strong> Ger l\u00e5ngvarig njutning utan behov av p\u00e5fyllning.<\/li>\n<li><strong>Smart sk\u00e4rmvisning:<\/strong> F\u00f6ljer puffantal och batteriniv\u00e5 i realtid.<\/li>\n<li><strong>Nikotinalternativ:<\/strong> Finns i 0%, 2%, 3% och 5% f\u00f6r att passa alla anv\u00e4ndare.<\/li>\n<li><strong>Uppladdningsbart 850mAh-batteri:<\/strong> L\u00e5ngvarig prestanda med snabb Type-C-laddning.<\/li>\n<li><strong>Justering av luftfl\u00f6deskontroll:<\/strong> Anpassa ditt drag f\u00f6r den perfekta puffen.<\/li>\n<li><strong>Skydd mot torrbr\u00e4nning:<\/strong> S\u00e4kerst\u00e4ller en smidig, konsekvent vapingupplevelse.<\/li>\n<li><strong>12 Smakalternativ:<\/strong> Brett utbud av smaker f\u00f6r att tillfredsst\u00e4lla varje smakl\u00f6kar.<\/li>\n<\/ul>\n<figure id=\"attachment_2996\" aria-describedby=\"caption-attachment-2996\" style=\"width: 800px\" class=\"wp-caption alignnone\"><img loading=\"lazy\" decoding=\"async\" class=\"wp-image-2996 size-full\" src=\"https:\/\/rmvapesale.com\/wp-content\/uploads\/2025\/01\/Bang-King-Vape-35000-Puffs-Disposable-Vapes-Bulk-Buy.webp\" alt=\"Bang King Vape 35000 Puff Eng\u00e5ngsvapes Partik\u00f6p\" width=\"800\" height=\"800\" srcset=\"https:\/\/rmvapesale.com\/wp-content\/uploads\/2025\/01\/Bang-King-Vape-35000-Puffs-Disposable-Vapes-Bulk-Buy.webp 800w, https:\/\/rmvapesale.com\/wp-content\/uploads\/2025\/01\/Bang-King-Vape-35000-Puffs-Disposable-Vapes-Bulk-Buy-300x300.webp 300w, https:\/\/rmvapesale.com\/wp-content\/uploads\/2025\/01\/Bang-King-Vape-35000-Puffs-Disposable-Vapes-Bulk-Buy-150x150.webp 150w, https:\/\/rmvapesale.com\/wp-content\/uploads\/2025\/01\/Bang-King-Vape-35000-Puffs-Disposable-Vapes-Bulk-Buy-768x768.webp 768w, https:\/\/rmvapesale.com\/wp-content\/uploads\/2025\/01\/Bang-King-Vape-35000-Puffs-Disposable-Vapes-Bulk-Buy-600x600.webp 600w, https:\/\/rmvapesale.com\/wp-content\/uploads\/2025\/01\/Bang-King-Vape-35000-Puffs-Disposable-Vapes-Bulk-Buy-100x100.webp 100w\" sizes=\"auto, (max-width: 800px) 100vw, 800px\" \/><figcaption id=\"caption-attachment-2996\" class=\"wp-caption-text\">Bang King Vape 35000 Puff Eng\u00e5ngsvapes Partik\u00f6p<\/figcaption><\/figure>\n<h3><strong style=\"font-size: 1.7em\">Toppf\u00f6rs\u00e4ljning Smak f\u00f6r Bang King 35000 Puff<\/strong><strong style=\"font-size: 1.7em\">\u00a0Vape<\/strong><\/h3>\n<p>Den <strong>Bang King 35000 Puff Uppladdningsbar Eng\u00e5ngsvape<\/strong> erbjuder en <strong>premium vapingupplevelse<\/strong> med <strong>smart teknik<\/strong>, vilket g\u00f6r den till ett toppval f\u00f6r b\u00e5de personligt bruk och grossistdistribution. Best\u00e4ll nu och njut av det ultimata inom eng\u00e5ngsvaping!<\/p>\n<ol>\n<li>Jordgubb Mango<\/li>\n<li>cURL Too many subrequests.<\/li>\n<li>Bl\u00e5 Hallon Is<\/li>\n<li>Jordgubb Vattenmelon<\/li>\n<li>Citron Mynta<\/li>\n<li>Dubbel \u00c4pple<\/li>\n<li>Energidryck<\/li>\n<li>Peach Ice<\/li>\n<li>Jordgubb Kiwi<\/li>\n<li>Druva is<\/li>\n<li>Bl\u00e5b\u00e4rs-is<\/li>\n<li>Vattenmelon<\/li>\n<\/ol>\n<h3><strong>Varf\u00f6r v\u00e4lja Rmvapesale f\u00f6r Bang King 35000 Puffar\u00a0 <\/strong><strong>V<\/strong><strong>Vape Partihandel<\/strong><strong>?<\/strong><\/h3>\n<div class=\"flex-shrink-0 flex flex-col relative items-end\">\n<div class=\"pt-0\">\n<div class=\"gizmo-bot-avatar flex h-8 w-8 items-center justify-center overflow-hidden rounded-full\">\n<p>I takt med att konkurrensen p\u00e5 marknaden f\u00f6r eng\u00e5ngs e-cigaretter h\u00e5rdnar, har Rmvapesale, en global ledare inom partihandelsl\u00f6sningar f\u00f6r eng\u00e5ngsvapes, lanserat Bang Box 30000 30k Puffs Double Taste Rechargeable Disposable Vape. Denna banbrytande produkt v\u00e4cker uppm\u00e4rksamhet med sin unika estetik och fashionabla design. Med ett omfattande utbud av fruktiga smaker tilltalar den ett brett spektrum av konsumenters smakl\u00f6kar samtidigt som den betonar innovation och m\u00e5ngsidighet.<\/p>\n<p class=\"relative p-1 rounded-sm flex items-center justify-center bg-token-main-surface-primary text-token-text-primary h-8 w-8\">Rmvapesale \u00e4r din p\u00e5litliga vape-butik f\u00f6r premium eng\u00e5ngsvapes. Med \u00f6ver 5 \u00e5rs erfarenhet ger vi dig popul\u00e4ra eng\u00e5ngs-vape-m\u00e4rken som Al Fakher, JNR Vape, Vapsolo Vape, Vapme Vape, <a href=\"https:\/\/rmvapesale.com\/sv\/product-category\/bang-vapes\/\">Bang Vape<\/a>, Waspe Vape, WGA Vape och<a href=\"https:\/\/rmvapesale.com\/sv\/product-category\/randm-fumot-vape\/\"> RandM Vape<\/a>. V\u00e5rt sortiment inkluderar stors\u00e4ljande eng\u00e5ngsvapes som <a href=\"https:\/\/rmvapesale.com\/sv\/product\/vopk-tornado-15000-puffs-disposable-vape-led-display\/\">VOPK Tornado 15000 Puffs<\/a> och smakrika alternativ som<a href=\"https:\/\/rmvapesale.com\/sv\/product\/elf-box-ls15000-puffs-shisha-hookah-disposable-vape\/\"> ELF BOX shisha Hooka 15000 PUFFAR<\/a>. Varje produkt \u00e4r utvald med fokus p\u00e5 kvalitet, v\u00e4rde och variation, vilket s\u00e4kerst\u00e4ller att du hittar den perfekta matchningen f\u00f6r dina behov. Uppt\u00e4ck exceptionell service och ett brett utbud av topprodukter hos Rmvapesale.<\/p>\n<p class=\"relative p-1 rounded-sm flex items-center justify-center bg-token-main-surface-primary text-token-text-primary h-8 w-8\"><b style=\"font-size: 1.5em;font-style: inherit\">FAQ f\u00f6r Bang King 35000 Puffar <\/b><b style=\"font-size: 1.5em;font-style: inherit\">Uppladdningsbar eng\u00e5ngs-vape<\/b><\/p>\n<ol>\n<li><strong>Var kan jag k\u00f6pa Bang King 35000 Puffar eng\u00e5ngsvape till grossistpriser?<\/strong>\n<ul>\n<li>Du kan f\u00e5 de b\u00e4sta fabrikspriserna p\u00e5 <a href=\"https:\/\/rmvapesale.com\/sv\/\" target=\"_new\" rel=\"noopener\">Rmvapesale<\/a>, din p\u00e5litliga k\u00e4lla f\u00f6r grossisteng\u00e5ngsvapes.<\/li>\n<\/ul>\n<\/li>\n<li><strong>\u00c4r Bang King 35000 vape uppladdningsbar?<\/strong>\n<ul>\n<li>Ja, den levereras med ett 850mAh uppladdningsbart batteri och st\u00f6der snabbladdning via Type-C.<\/li>\n<\/ul>\n<\/li>\n<li><strong>Vilka nikotinstyrkor finns tillg\u00e4ngliga?<\/strong>\n<ul>\n<li>Denna vape finns i nikotinniv\u00e5erna 0%, 2%, 3% och 5% f\u00f6r att passa olika preferenser.<\/li>\n<\/ul>\n<\/li>\n<li><strong>Hur fungerar smartsk\u00e4rmsvisningen?<\/strong>\n<ul>\n<li>Displayen ger realtidsinformation om batteriliv och e-v\u00e4tskeniv\u00e5er, s\u00e5 att du alltid \u00e4r informerad.<\/li>\n<\/ul>\n<\/li>\n<li><strong>Erbjuder Bang King 35K justerbar luftfl\u00f6de?<\/strong>\n<ul>\n<li>Ja, funktionen f\u00f6r justerbart luftfl\u00f6de l\u00e5ter dig anpassa din vapingstil f\u00f6r en t\u00e4tare eller l\u00f6sare dragning.<\/li>\n<\/ul>\n<\/li>\n<\/ol>\n<\/div>\n<\/div>\n<\/div>\n<h2>Hur man best\u00e4ller?<\/h2>\n<div class=\"flex-shrink-0 flex flex-col relative items-end\">\n<div class=\"pt-0\">\n<div class=\"gizmo-bot-avatar flex h-8 w-8 items-center justify-center overflow-hidden rounded-full\">\n<div>\n<p><strong>1. Vilka betalningsmetoder accepterar ni?<\/strong><br \/>\n<span class=\"selectable-text copyable-text false\">F\u00f6r betalning erbjuder vi bank\u00f6verf\u00f6ring och Western Union. De flesta av v\u00e5ra kunder i Sverige v\u00e4ljer bank\u00f6verf\u00f6ring, vi har ett lokalt bankkonto som du kan betala till v\u00e5rt IBAN-konto utan hanteringsavgift. <\/span>.<\/p>\n<p><strong>2. Hur kan jag sp\u00e5ra min best\u00e4llning?<\/strong><br \/>\nEfter att paketet skickats ut, <span class=\"selectable-text copyable-text false\">kommer vi att erbjuda ett sp\u00e5rningsnummer som referens, vi kommer ocks\u00e5 att forts\u00e4tta uppdatera statusen tills du har mottagit varorna<\/span>.<\/p>\n<p><strong>3. Hur l\u00e5ng tid tar det att komma fram?<\/strong><\/p>\n<ul>\n<li>Leverans fr\u00e5n <strong>kinesiska lager<\/strong> tar cirka <strong>7-14 arbetsdagar<\/strong>.<\/li>\n<li>Leverans fr\u00e5n <strong>Svenska lager<\/strong> tar vanligtvis <strong>3-6 arbetsdagar<\/strong>.<\/li>\n<\/ul>\n<p><strong>4. Hur kan jag f\u00e5 snabbare leverans?<\/strong><br \/>\nF\u00f6r snabbare leverans rekommenderar vi att du best\u00e4ller fr\u00e5n v\u00e5rt <strong>svenska lager<\/strong>, som erbjuder snabbare leveranstider.<\/p>\n<p><strong>5. Vad h\u00e4nder om jag f\u00e5r en skadad eller defekt produkt?<\/strong><br \/>\nOm din vara \u00e4r skadad eller defekt, kontakta kundtj\u00e4nst f\u00f6r en <strong>ers\u00e4ttning eller \u00e5terbetalning<\/strong>.<\/p>\n<p><strong>6. Hur kan jag kontakta kundtj\u00e4nst?<\/strong><br \/>\nDu kan n\u00e5 oss via<strong>\u00a0WhatsApp, eller livechatt<\/strong> p\u00e5 v\u00e5r webbplats f\u00f6r all hj\u00e4lp.<\/p>\n<\/div>\n<div class=\"relative p-1 rounded-sm flex items-center justify-center bg-token-main-surface-primary text-token-text-primary h-8 w-8\"><strong>7. Vilka fraktmetoder anv\u00e4nds?<\/strong><\/div>\n<\/div>\n<\/div>\n<\/div>\n<div class=\"group\/conversation-turn relative flex w-full min-w-0 flex-col agent-turn\">\n<div class=\"flex-col gap-1 md:gap-3\">\n<div class=\"flex max-w-full flex-col flex-grow\">\n<div class=\"min-h-[20px] text-message flex w-full flex-col items-end gap-2 whitespace-normal break-words [.text-message+&amp;]:mt-5 overflow-x-auto\" dir=\"auto\" data-message-author-role=\"assistant\" data-message-id=\"22f8283b-3233-46ff-89a5-c7a41b33abda\">\n<div class=\"flex w-full flex-col gap-1 empty:hidden first:pt-[3px]\">\n<div class=\"markdown prose w-full break-words dark:prose-invert light\">\n<p>Vi samarbetar med UPS, DHL, FedEx, DPD och andra ledande transport\u00f6rer. Vi v\u00e4ljer det b\u00e4sta frakts\u00e4ttet baserat p\u00e5 din leveransadress f\u00f6r att s\u00e4kerst\u00e4lla att du f\u00e5r dina produkter s\u00e5 snabbt som m\u00f6jligt.<\/p>\n<\/div>\n<\/div>\n<\/div>\n<\/div>\n<\/div>\n<\/div>\n<p>Hitta fler vape-produkter du kanske gillar:<strong><em><a href=\"https:\/\/rmvapesale.com\/sv\/shop-2\/\">handla nu &gt;&gt;&gt;<\/a><\/em><\/strong><\/p>","protected":false},"excerpt":{"rendered":"<p>Bang King 35000 Puff Bar uppladdningsbar eng\u00e5ngs vape billigt pris<br \/>\nBang King 35k Puff popul\u00e4r eng\u00e5ngsvape pen bulkk\u00f6p<br \/>\nBangKing 35000 Puff LED-display smart sk\u00e4rm eng\u00e5ngsvape grossist<\/p>\n<p><strong>Kontakta Amy f\u00f6r att f\u00e5 r\u00e4tt svar och vape-kupong!<\/strong><\/p>\n<p><img loading=\"lazy\" decoding=\"async\" class=\"size-full wp-image-2375\" src=\"https:\/\/rmvapesale.com\/wp-content\/uploads\/2024\/10\/image.png\" alt=\"B\u00e4sta eng\u00e5ngsvape\" width=\"229\" height=\"300\" \/><\/p>\n<h3><a href=\"https:\/\/wa.me\/8617776015835\"><span style=\"color: #ff0000\"><strong>WhatsApp: +86 17776015835<\/strong><\/span><\/a><\/h3>\n<p>&nbsp;<\/p>","protected":false},"featured_media":2995,"comment_status":"open","ping_status":"closed","template":"","meta":{"_uag_custom_page_level_css":"","_lmt_disableupdate":"no","_lmt_disable":"","site-sidebar-layout":"default","site-content-layout":"content-boxed-container","ast-site-content-layout":"normal-width-container","site-content-style":"boxed","site-sidebar-style":"unboxed","ast-global-header-display":"","ast-banner-title-visibility":"","ast-main-header-display":"","ast-hfb-above-header-display":"","ast-hfb-below-header-display":"","ast-hfb-mobile-header-display":"","site-post-title":"","ast-breadcrumbs-content":"","ast-featured-img":"","footer-sml-layout":"","theme-transparent-header-meta":"default","adv-header-id-meta":"","stick-header-meta":"","header-above-stick-meta":"","header-main-stick-meta":"","header-below-stick-meta":"","astra-migrate-meta-layouts":"set","ast-page-background-enabled":"default","ast-page-background-meta":{"desktop":{"background-color":"var(--ast-global-color-4)","background-image":"","background-repeat":"repeat","background-position":"center center","background-size":"auto","background-attachment":"scroll","background-type":"","background-media":"","overlay-type":"","overlay-color":"","overlay-opacity":"","overlay-gradient":""},"tablet":{"background-color":"","background-image":"","background-repeat":"repeat","background-position":"center center","background-size":"auto","background-attachment":"scroll","background-type":"","background-media":"","overlay-type":"","overlay-color":"","overlay-opacity":"","overlay-gradient":""},"mobile":{"background-color":"","background-image":"","background-repeat":"repeat","background-position":"center center","background-size":"auto","background-attachment":"scroll","background-type":"","background-media":"","overlay-type":"","overlay-color":"","overlay-opacity":"","overlay-gradient":""}},"ast-content-background-meta":{"desktop":{"background-color":"var(--ast-global-color-5)","background-image":"","background-repeat":"repeat","background-position":"center center","background-size":"auto","background-attachment":"scroll","background-type":"","background-media":"","overlay-type":"","overlay-color":"","overlay-opacity":"","overlay-gradient":""},"tablet":{"background-color":"var(--ast-global-color-5)","background-image":"","background-repeat":"repeat","background-position":"center center","background-size":"auto","background-attachment":"scroll","background-type":"","background-media":"","overlay-type":"","overlay-color":"","overlay-opacity":"","overlay-gradient":""},"mobile":{"background-color":"var(--ast-global-color-5)","background-image":"","background-repeat":"repeat","background-position":"center center","background-size":"auto","background-attachment":"scroll","background-type":"","background-media":"","overlay-type":"","overlay-color":"","overlay-opacity":"","overlay-gradient":""}},"_joinchat":[]},"product_brand":[],"product_cat":[15,289,291,292,293,295,299,279,246,25,123,26,28,135,27,60,137,136,30],"product_tag":[308,76,199,146,64,40,111,306],"class_list":{"0":"post-3015","1":"product","2":"type-product","3":"status-publish","4":"has-post-thumbnail","6":"product_cat-new-vape-this-week","7":"product_cat-big-puffs-disposable-vapes","8":"product_cat-dual-mesh-disposable-vapes","9":"product_cat-digital-disposable-vapes","10":"product_cat-low-nicotine-disposable-vapes","11":"product_cat-rechargeable-disposable-vapes","12":"product_cat-smart-screen-disposable-vapes","13":"product_cat-bang-king-vape","14":"product_cat-35000-puffs-disposable-vape","15":"product_cat-germany-best-selling-vape","16":"product_cat-italy-wholesale-vape","17":"product_cat-netherlands-hot-sale-vape","18":"product_cat-poland-hot-sale-vape","19":"product_cat-spain-best-hot-sale-vape","20":"product_cat-fance-hot-sale-vape","21":"product_cat-bang-vapes","22":"product_cat-rechargeable-vapes","23":"product_cat-smart-screen-vapes","24":"product_cat-minimum-order-quantity-50pcs","25":"product_tag-bang-king-35000","26":"product_tag-bang-king-vape","27":"product_tag-bang-vape","28":"product_tag-best-hot-sale-vape","29":"product_tag-dual-flavour-vape","30":"product_tag-hot-sale-vape","31":"product_tag-low-nicotine-disposable-vape","32":"product_tag-puff-bar","33":"desktop-align-left","34":"tablet-align-left","35":"mobile-align-left","37":"first","38":"instock","39":"sale","40":"shipping-taxable","41":"purchasable","42":"product-type-simple"},"uagb_featured_image_src":{"full":["https:\/\/rmvapesale.com\/wp-content\/uploads\/2025\/01\/Bang-King-35k-Puffs-Disposable-Vapes-Wholesale.webp",800,800,false],"thumbnail":["https:\/\/rmvapesale.com\/wp-content\/uploads\/2025\/01\/Bang-King-35k-Puffs-Disposable-Vapes-Wholesale-150x150.webp",150,150,true],"medium":["https:\/\/rmvapesale.com\/wp-content\/uploads\/2025\/01\/Bang-King-35k-Puffs-Disposable-Vapes-Wholesale-300x300.webp",300,300,true],"medium_large":["https:\/\/rmvapesale.com\/wp-content\/uploads\/2025\/01\/Bang-King-35k-Puffs-Disposable-Vapes-Wholesale-768x768.webp",768,768,true],"large":["https:\/\/rmvapesale.com\/wp-content\/uploads\/2025\/01\/Bang-King-35k-Puffs-Disposable-Vapes-Wholesale.webp",800,800,false],"1536x1536":["https:\/\/rmvapesale.com\/wp-content\/uploads\/2025\/01\/Bang-King-35k-Puffs-Disposable-Vapes-Wholesale.webp",800,800,false],"2048x2048":["https:\/\/rmvapesale.com\/wp-content\/uploads\/2025\/01\/Bang-King-35k-Puffs-Disposable-Vapes-Wholesale.webp",800,800,false],"trp-custom-language-flag":["https:\/\/rmvapesale.com\/wp-content\/uploads\/2025\/01\/Bang-King-35k-Puffs-Disposable-Vapes-Wholesale.webp",12,12,false],"woocommerce_thumbnail":["https:\/\/rmvapesale.com\/wp-content\/uploads\/2025\/01\/Bang-King-35k-Puffs-Disposable-Vapes-Wholesale-300x300.webp",300,300,true],"woocommerce_single":["https:\/\/rmvapesale.com\/wp-content\/uploads\/2025\/01\/Bang-King-35k-Puffs-Disposable-Vapes-Wholesale-600x600.webp",600,600,true],"woocommerce_gallery_thumbnail":["https:\/\/rmvapesale.com\/wp-content\/uploads\/2025\/01\/Bang-King-35k-Puffs-Disposable-Vapes-Wholesale-100x100.webp",100,100,true],"wcpr-photo-reviews":["https:\/\/rmvapesale.com\/wp-content\/uploads\/2025\/01\/Bang-King-35k-Puffs-Disposable-Vapes-Wholesale.webp",500,500,false]},"uagb_author_info":{"display_name":"AMY","author_link":"https:\/\/rmvapesale.com\/sv\/author\/"},"uagb_comment_info":0,"uagb_excerpt":"Bang King 35000 Puff\u00a0 Bar Rechargeable Disposable Vape Cheap Price Bang King 35k Puff Popular Disposable Vape Pen Bulk Buy BangKing 35000 Puff LED Display Smart Screen Disposable Vape Wholesale Contact Amy to get right reply and vape coupon! WhatsApp: +86 17776015835 &nbsp;","_links":{"self":[{"href":"https:\/\/rmvapesale.com\/sv\/wp-json\/wp\/v2\/product\/3015","targetHints":{"allow":["GET"]}}],"collection":[{"href":"https:\/\/rmvapesale.com\/sv\/wp-json\/wp\/v2\/product"}],"about":[{"href":"https:\/\/rmvapesale.com\/sv\/wp-json\/wp\/v2\/types\/product"}],"replies":[{"embeddable":true,"href":"https:\/\/rmvapesale.com\/sv\/wp-json\/wp\/v2\/comments?post=3015"}],"wp:featuredmedia":[{"embeddable":true,"href":"https:\/\/rmvapesale.com\/sv\/wp-json\/wp\/v2\/media\/2995"}],"wp:attachment":[{"href":"https:\/\/rmvapesale.com\/sv\/wp-json\/wp\/v2\/media?parent=3015"}],"wp:term":[{"taxonomy":"product_brand","embeddable":true,"href":"https:\/\/rmvapesale.com\/sv\/wp-json\/wp\/v2\/product_brand?post=3015"},{"taxonomy":"product_cat","embeddable":true,"href":"https:\/\/rmvapesale.com\/sv\/wp-json\/wp\/v2\/product_cat?post=3015"},{"taxonomy":"product_tag","embeddable":true,"href":"https:\/\/rmvapesale.com\/sv\/wp-json\/wp\/v2\/product_tag?post=3015"}],"curies":[{"name":"wp","href":"https:\/\/api.w.org\/{rel}","templated":true}]}}