{"id":3017,"date":"2025-02-04T08:19:58","date_gmt":"2025-02-04T08:19:58","guid":{"rendered":"https:\/\/rmvapesale.com\/?post_type=product&#038;p=3017"},"modified":"2025-08-21T11:39:48","modified_gmt":"2025-08-21T11:39:48","slug":"uwin-crystal-35000-smart-screen-disposable-vape-puff-35k-rechargeable-disposable-vape-pen-bulk-buy","status":"publish","type":"product","link":"https:\/\/rmvapesale.com\/sv\/product\/uwin-crystal-35000-smart-screen-disposable-vape-puff-35k-rechargeable-disposable-vape-pen-bulk-buy\/","title":{"rendered":"Uwin 35000 Smart Screen Eng\u00e5ngs Vape Puff 35k Uppladdningsbar Eng\u00e5ngs Vape Pen Bulk K\u00f6p"},"content":{"rendered":"<div class=\"B2VR9 CJHX3e\">\n<div class=\"wyccme\">\n<div class=\"flex-shrink-0 flex flex-col relative items-end\">\n<div class=\"pt-0\">\n<div class=\"gizmo-bot-avatar flex h-8 w-8 items-center justify-center overflow-hidden rounded-full\">\n<div class=\"relative p-1 rounded-sm flex items-center justify-center bg-token-main-surface-primary text-token-text-primary h-8 w-8\">\n<div class=\"flex-shrink-0 flex flex-col relative items-end\">\n<div class=\"pt-0\">\n<div class=\"gizmo-bot-avatar flex h-8 w-8 items-center justify-center overflow-hidden rounded-full\">\n<div class=\"flex-shrink-0 flex flex-col relative items-end\">\n<div class=\"pt-0\">\n<div class=\"gizmo-bot-avatar flex h-8 w-8 items-center justify-center overflow-hidden rounded-full\">\n<h1 class=\"relative p-1 rounded-sm flex items-center justify-center bg-token-main-surface-primary text-token-text-primary h-8 w-8\">Uwin 35000 Smart Screen Eng\u00e5ngs Vape Puff 35k Uppladdningsbar Eng\u00e5ngs Vape Pen Bulk K\u00f6p<\/h1>\n<\/div>\n<\/div>\n<\/div>\n<\/div>\n<\/div>\n<\/div>\n<\/div>\n<\/div>\n<\/div>\n<\/div>\n<div class=\"group\/conversation-turn relative flex w-full min-w-0 flex-col agent-turn\">\n<div class=\"flex-col gap-1 md:gap-3\">\n<div class=\"flex max-w-full flex-col flex-grow\">\n<div class=\"min-h-8 text-message flex w-full flex-col items-end gap-2 whitespace-normal break-words text-start [.text-message+&amp;]:mt-5\" dir=\"auto\" data-message-author-role=\"assistant\" data-message-id=\"80ece0c4-ead1-4ed9-a9f0-ddc22582b4f4\" data-message-model-slug=\"gpt-4o\">\n<p>Den <strong>Uwin Crystal 35000 Smart Screen Eng\u00e5ngsvape<\/strong>, en spelv\u00e4xlare i v\u00e4rlden av <strong>uppladdningsbara eng\u00e5ngsvaper<\/strong>. Med en otrolig <strong>35 000 bloss<\/strong>, \u00e4r denna enhet designad f\u00f6r vapers som l\u00e4ngtar efter <strong>l\u00e5ngvarig prestanda, anpassningsbar luftfl\u00f6de och livfull RGB-belysning som sl\u00e5r till musiken<\/strong>, vilket tillf\u00f6r en touch av sp\u00e4nning till varje vape-session.<\/p>\n<p>F\u00f6rfylld med ditt favorit e-juice, erbjuder Uwin Crystal <strong>16 unika smaker<\/strong>, vilket s\u00e4kerst\u00e4ller att det finns n\u00e5got f\u00f6r alla. Oavsett om du f\u00f6redrar en <strong>l\u00e5gnikotinvape<\/strong> eller en mer intensiv upplevelse, \u00e4r denna vape pen tillg\u00e4nglig i <strong>0%, 2%, 3% och 5% nikotinniv\u00e5er<\/strong>, vilket g\u00f6r den perfekt f\u00f6r alla preferenser.<\/p>\n<p>Den <strong>smarta sk\u00e4rmen<\/strong> l\u00e5ter dig enkelt \u00f6vervaka ditt batteriliv och puffr\u00e4knare, vilket s\u00e4kerst\u00e4ller att du alltid har kontroll. Drivs av ett <strong>650mAh uppladdningsbart koboltbatteri<\/strong>, enheten st\u00f6der <strong>Typ-C snabbladdning<\/strong>, s\u00e5 att du snabbt kan starta och forts\u00e4tta vaping.<\/p>\n<p>Designad med en <strong>1.0\u03a9 mesh-coil<\/strong>, ger Uwin Crystal j\u00e4mn, konsekvent \u00e5nga med rik smak i varje puff. Den <strong>justerbara luftfl\u00f6dessystemet<\/strong> funktionen l\u00e5ter dig anpassa din inhalation f\u00f6r en t\u00e4tare eller l\u00f6sare dragning, vilket ger flexibilitet f\u00f6r b\u00e5de MTL- och DTL-vapers.<\/p>\n<p>Perfekt f\u00f6r <strong>grossistk\u00f6pare av eng\u00e5ngsvapes<\/strong>, varje kartong inneh\u00e5ller <strong>160 stycken<\/strong>, med en totalvikt av <strong>21kg<\/strong>, vilket g\u00f6r det till en kostnadseffektiv l\u00f6sning f\u00f6r \u00e5terf\u00f6rs\u00e4ljare som vill <strong>k\u00f6pa eng\u00e5ngsvapes i bulk till grossistpriser<\/strong>.<\/p>\n<\/div>\n<\/div>\n<\/div>\n<\/div>\n<div class=\"flex-shrink-0 flex flex-col relative items-end\">\n<div class=\"pt-0\">\n<div class=\"gizmo-bot-avatar flex h-8 w-8 items-center justify-center overflow-hidden rounded-full\">\n<p>&nbsp;<\/p>\n<\/div>\n<\/div>\n<\/div>\n<\/div>\n<\/div>\n<p><strong>Kontakta Amy f\u00f6r att f\u00e5 r\u00e4tt svar och vape-kupong!<\/strong><\/p>\n<p><img loading=\"lazy\" decoding=\"async\" class=\"size-full wp-image-1978\" src=\"https:\/\/rmvapesale.com\/wp-content\/uploads\/2024\/09\/Disposable-Vape-Wholesale.jpg\" alt=\"Eng\u00e5ngsvape Partihandel\" width=\"229\" height=\"300\" \/><\/p>\n<h3><a href=\"https:\/\/wa.me\/8617776015835\" target=\"_blank\" rel=\"noopener\"><span style=\"color: #ff0000\"><strong>WhatsApp: +86 17776015835<\/strong><\/span><\/a><\/h3>\n<h3><\/h3>\n<h3><strong style=\"font-size: 1.7em\">Uwin 35000 Puff Nyckelfunktioner<\/strong><\/h3>\n<ul>\n<li><strong>35 000 Puff Kapacitet:<\/strong> Njut av f\u00f6rl\u00e4ngda vaping-sessioner utan avbrott.<\/li>\n<li><strong>Nikotinstyrkor:<\/strong> Finns i 0%, 2%, 3% och 5% f\u00f6r att matcha din vapingpreferens.<\/li>\n<li><strong>650mAh uppladdningsbart batteri:<\/strong> Koboltbaserat batteri med Type-C snabbladdning f\u00f6r l\u00e5ngvarig kraft.<\/li>\n<li><strong>Smart sk\u00e4rmvisning:<\/strong> F\u00f6lj batteriniv\u00e5er och puffantal med l\u00e4tthet.<\/li>\n<li><strong>16 Smakalternativ:<\/strong> Ett brett utbud av smaker f\u00f6r att passa varje smak.<\/li>\n<li><strong>1.0\u03a9 Mesh Coil:<\/strong> Ger j\u00e4mn \u00e5ngproduktion och konsekvent smakleverans.<\/li>\n<li><strong>Justering av luftfl\u00f6deskontroll:<\/strong> Anpassa din vapingupplevelse enkelt.<\/li>\n<li><strong>RGB-ljus synkroniseras med musik:<\/strong> Dynamisk belysning f\u00f6rb\u00e4ttrar din vapingstil.<\/li>\n<li><strong>Stork\u00f6psalternativ:<\/strong> 160 st per kartong, perfekt f\u00f6r grossistk\u00f6pare.<\/li>\n<\/ul>\n<figure id=\"attachment_3002\" aria-describedby=\"caption-attachment-3002\" style=\"width: 1024px\" class=\"wp-caption alignnone\"><img loading=\"lazy\" decoding=\"async\" class=\"wp-image-3002 size-large\" src=\"https:\/\/rmvapesale.com\/wp-content\/uploads\/2025\/01\/Tornado-Vape-35000-Puffs-Disposable-Vape-1024x1024.jpg\" alt=\"Tornado Vape 35000 Puffar Eng\u00e5ngsvape\" width=\"1024\" height=\"1024\" srcset=\"https:\/\/rmvapesale.com\/wp-content\/uploads\/2025\/01\/Tornado-Vape-35000-Puffs-Disposable-Vape-1024x1024.jpg 1024w, https:\/\/rmvapesale.com\/wp-content\/uploads\/2025\/01\/Tornado-Vape-35000-Puffs-Disposable-Vape-300x300.jpg 300w, https:\/\/rmvapesale.com\/wp-content\/uploads\/2025\/01\/Tornado-Vape-35000-Puffs-Disposable-Vape-150x150.jpg 150w, https:\/\/rmvapesale.com\/wp-content\/uploads\/2025\/01\/Tornado-Vape-35000-Puffs-Disposable-Vape-768x768.jpg 768w, https:\/\/rmvapesale.com\/wp-content\/uploads\/2025\/01\/Tornado-Vape-35000-Puffs-Disposable-Vape-600x600.jpg 600w, https:\/\/rmvapesale.com\/wp-content\/uploads\/2025\/01\/Tornado-Vape-35000-Puffs-Disposable-Vape-100x100.jpg 100w, https:\/\/rmvapesale.com\/wp-content\/uploads\/2025\/01\/Tornado-Vape-35000-Puffs-Disposable-Vape.jpg 1126w\" sizes=\"auto, (max-width: 1024px) 100vw, 1024px\" \/><figcaption id=\"caption-attachment-3002\" class=\"wp-caption-text\">Tornado Vape 35000 Puffar Eng\u00e5ngsvape<\/figcaption><\/figure>\n<h3><strong style=\"font-size: 1.7em\">Toppf\u00f6rs\u00e4ljning Smak f\u00f6r Uwin 35000 Puffar<\/strong><strong style=\"font-size: 1.7em\">\u00a0Vape<\/strong><\/h3>\n<p>1. Bl\u00e5b\u00e4r Hallon <span style=\"color: #ff0000\"><strong>&gt;&gt;&gt; Het !<\/strong><\/span><br \/>\n2. Grape Ice<br \/>\n3. Jordgubbsvattenmelon <span style=\"color: #ff0000\"><strong>&gt;&gt;&gt; Het !<\/strong><\/span><br \/>\n4.Bl\u00e5b\u00e4r P\u00e5 Is<br \/>\n5.Vattenmelon is<br \/>\n6.Cherry Is<br \/>\n7.Jordgubb Hallon K\u00f6rsb\u00e4r Is <span style=\"color: #ff0000\"><strong>&gt;&gt;&gt; Het !<\/strong><\/span><br \/>\n8.Kiwi Passionfrukt Guava<br \/>\n9. Strawberry Ice<br \/>\n10.Persika Mango Ananas<br \/>\n11.Bl\u00e5b\u00e4r K\u00f6rsb\u00e4r Lingon <span style=\"color: #ff0000\"><strong>&gt;&gt;&gt; Het !<\/strong><\/span><br \/>\n12.Persika B\u00e4r<br \/>\n13.K\u00f6rsb\u00e4r Cola<br \/>\n14. Blandade B\u00e4r <span style=\"color: #ff0000\"><strong>&gt;&gt;&gt; B\u00e4st!<\/strong><\/span><br \/>\n15.Mr Blue <span style=\"color: #ff0000\"><strong>&gt;&gt;&gt; Het !<\/strong><\/span><br \/>\n16.Sommar Persika Is<\/p>\n<p>Den <strong>Uwin Crystal 35000 Smart Screen Eng\u00e5ngsvape<\/strong> \u00e4r ett utm\u00e4rkt val f\u00f6r vape-anv\u00e4ndare som kr\u00e4ver <strong>h\u00f6g prestanda, rika smaker och avancerade funktioner<\/strong>. Oavsett om du k\u00f6per till dig sj\u00e4lv eller letar efter <strong>k\u00f6pa i l\u00f6svikt<\/strong>, levererar denna vape enast\u00e5ende v\u00e4rde till ett oslagbart pris. Best\u00e4ll din idag och njut av den ultimata vapingupplevelsenUwin 35000 Smart Screen Eng\u00e5ngsvape Puff 35k Uppladdningsbar Eng\u00e5ngsvape Pen Partihandel<\/p>\n<h3><strong>Varf\u00f6r v\u00e4lja Rmvapesale f\u00f6r Uwin 35000 Puff\u00a0 <\/strong><strong>V<\/strong><strong>Vape Partihandel<\/strong><strong>?<\/strong><\/h3>\n<div class=\"flex-shrink-0 flex flex-col relative items-end\">\n<div class=\"pt-0\">\n<div class=\"gizmo-bot-avatar flex h-8 w-8 items-center justify-center overflow-hidden rounded-full\">\n<p>I takt med att konkurrensen p\u00e5 marknaden f\u00f6r eng\u00e5ngs e-cigaretter h\u00e5rdnar, har Rmvapesale, en global ledare inom partihandelsl\u00f6sningar f\u00f6r eng\u00e5ngsvapes, lanserat Bang Box 30000 30k Puffs Double Taste Rechargeable Disposable Vape. Denna banbrytande produkt v\u00e4cker uppm\u00e4rksamhet med sin unika estetik och fashionabla design. Med ett omfattande utbud av fruktiga smaker tilltalar den ett brett spektrum av konsumenters smakl\u00f6kar samtidigt som den betonar innovation och m\u00e5ngsidighet.<\/p>\n<p class=\"relative p-1 rounded-sm flex items-center justify-center bg-token-main-surface-primary text-token-text-primary h-8 w-8\">Rmvapesale \u00e4r din p\u00e5litliga vape-butik f\u00f6r premium eng\u00e5ngsvapes. Med \u00f6ver 5 \u00e5rs erfarenhet ger vi dig popul\u00e4ra eng\u00e5ngs-vape-m\u00e4rken som Al Fakher, JNR Vape, Vapsolo Vape, Vapme Vape, <a href=\"https:\/\/rmvapesale.com\/sv\/product-category\/bang-vapes\/\">Bang Vape<\/a>, Waspe Vape, WGA Vape och<a href=\"https:\/\/rmvapesale.com\/sv\/product-category\/randm-fumot-vape\/\"> RandM Vape<\/a>. V\u00e5rt sortiment inkluderar stors\u00e4ljande eng\u00e5ngsvapes som <a href=\"https:\/\/rmvapesale.com\/sv\/product\/vozol-gear-power-20000-puff-disposable-vape\/\">Vozol Gear 20000 Puffar<\/a> och smakrika alternativ som<a href=\"https:\/\/rmvapesale.com\/sv\/product\/elf-box-shisha-16000-puffs-led-display-disposable-vape\/\"> ELF BOX shisha Hooka 16000 PUFFAR<\/a>. Varje produkt \u00e4r utvald med fokus p\u00e5 kvalitet, v\u00e4rde och variation, vilket s\u00e4kerst\u00e4ller att du hittar den perfekta matchningen f\u00f6r dina behov. Uppt\u00e4ck exceptionell service och ett brett utbud av topprodukter hos Rmvapesale.<\/p>\n<p class=\"relative p-1 rounded-sm flex items-center justify-center bg-token-main-surface-primary text-token-text-primary h-8 w-8\"><b style=\"font-size: 1.5em;font-style: inherit\">FAQS f\u00f6r Uwin 35000 <\/b><b style=\"font-size: 1.5em;font-style: inherit\">Uppladdningsbar eng\u00e5ngs-vape<\/b><\/p>\n<ol>\n<li><strong>Var kan jag k\u00f6pa Uwin Crystal 35000 eng\u00e5ngsvape till grossistpriser?<\/strong>\n<ul>\n<li>Du kan k\u00f6pa den till fabrikspriser fr\u00e5n <a href=\"https:\/\/rmvapesale.com\/sv\/\" target=\"_new\" rel=\"noopener\">Rmvapesale<\/a>, din p\u00e5litliga k\u00e4lla f\u00f6r grossisteng\u00e5ngsvapes.<\/li>\n<\/ul>\n<\/li>\n<li><strong>\u00c4r Uwin Crystal 35000-vapen uppladdningsbara?<\/strong>\n<ul>\n<li>Ja, den har ett 650mAh uppladdningsbart koboltbatteri med en Type-C-laddningsport f\u00f6r snabb uppladdning.<\/li>\n<\/ul>\n<\/li>\n<li><strong>Vilka nikotinstyrkor finns tillg\u00e4ngliga f\u00f6r denna vape?<\/strong>\n<ul>\n<li>Uwin Crystal finns i fyra nikotinstyrkor: 0%, 2%, 3% och 5%, f\u00f6r att tillgodose olika vapingpreferenser.<\/li>\n<\/ul>\n<\/li>\n<li><strong>Hur fungerar smartsk\u00e4rmsvisningen?<\/strong>\n<ul>\n<li>Sk\u00e4rmen ger realtidsuppdateringar om puffantal och batteristatus, s\u00e5 att du alltid \u00e4r informerad.<\/li>\n<\/ul>\n<\/li>\n<li><strong>Har Uwin Crystal justerbar luftfl\u00f6desfunktion?<\/strong>\n<ul>\n<li>Ja, den inkluderar ett justerbart luftfl\u00f6dessystem f\u00f6r att anpassa din vapingstil f\u00f6r en perfekt dragning.<\/li>\n<\/ul>\n<\/li>\n<\/ol>\n<\/div>\n<\/div>\n<\/div>\n<h2>Hur man best\u00e4ller?<\/h2>\n<div class=\"flex-shrink-0 flex flex-col relative items-end\">\n<div class=\"pt-0\">\n<div class=\"gizmo-bot-avatar flex h-8 w-8 items-center justify-center overflow-hidden rounded-full\">\n<div>\n<p><strong>1. Vilka betalningsmetoder accepterar ni?<\/strong><br \/>\n<span class=\"selectable-text copyable-text false\">F\u00f6r betalning erbjuder vi bank\u00f6verf\u00f6ring och Western Union. De flesta av v\u00e5ra kunder i Sverige v\u00e4ljer bank\u00f6verf\u00f6ring, vi har ett lokalt bankkonto som du kan betala till v\u00e5rt IBAN-konto utan hanteringsavgift. <\/span>.<\/p>\n<p><strong>2. Hur kan jag sp\u00e5ra min best\u00e4llning?<\/strong><br \/>\nEfter att paketet skickats ut, <span class=\"selectable-text copyable-text false\">kommer vi att erbjuda ett sp\u00e5rningsnummer som referens, vi kommer ocks\u00e5 att forts\u00e4tta uppdatera statusen tills du har mottagit varorna<\/span>.<\/p>\n<p><strong>3. Hur l\u00e5ng tid tar det att komma fram?<\/strong><\/p>\n<ul>\n<li>Leverans fr\u00e5n <strong>kinesiska lager<\/strong> tar cirka <strong>7-14 arbetsdagar<\/strong>.<\/li>\n<li>Leverans fr\u00e5n <strong>Svenska lager<\/strong> tar vanligtvis <strong>3-6 arbetsdagar<\/strong>.<\/li>\n<\/ul>\n<p><strong>4. Hur kan jag f\u00e5 snabbare leverans?<\/strong><br \/>\nF\u00f6r snabbare leverans rekommenderar vi att du best\u00e4ller fr\u00e5n v\u00e5rt <strong>svenska lager<\/strong>, som erbjuder snabbare leveranstider.<\/p>\n<p><strong>5. Vad h\u00e4nder om jag f\u00e5r en skadad eller defekt produkt?<\/strong><br \/>\nOm din vara \u00e4r skadad eller defekt, kontakta kundtj\u00e4nst f\u00f6r en <strong>ers\u00e4ttning eller \u00e5terbetalning<\/strong>.<\/p>\n<p><strong>6. Hur kan jag kontakta kundtj\u00e4nst?<\/strong><br \/>\nDu kan n\u00e5 oss via<strong>\u00a0WhatsApp, eller livechatt<\/strong> p\u00e5 v\u00e5r webbplats f\u00f6r all hj\u00e4lp.<\/p>\n<\/div>\n<div class=\"relative p-1 rounded-sm flex items-center justify-center bg-token-main-surface-primary text-token-text-primary h-8 w-8\"><strong>7. Vilka fraktmetoder anv\u00e4nds?<\/strong><\/div>\n<\/div>\n<\/div>\n<\/div>\n<div class=\"group\/conversation-turn relative flex w-full min-w-0 flex-col agent-turn\">\n<div class=\"flex-col gap-1 md:gap-3\">\n<div class=\"flex max-w-full flex-col flex-grow\">\n<div class=\"min-h-[20px] text-message flex w-full flex-col items-end gap-2 whitespace-normal break-words [.text-message+&amp;]:mt-5 overflow-x-auto\" dir=\"auto\" data-message-author-role=\"assistant\" data-message-id=\"22f8283b-3233-46ff-89a5-c7a41b33abda\">\n<div class=\"flex w-full flex-col gap-1 empty:hidden first:pt-[3px]\">\n<div class=\"markdown prose w-full break-words dark:prose-invert light\">\n<p>Vi samarbetar med UPS, DHL, FedEx, DPD och andra ledande transport\u00f6rer. Vi v\u00e4ljer det b\u00e4sta frakts\u00e4ttet baserat p\u00e5 din leveransadress f\u00f6r att s\u00e4kerst\u00e4lla att du f\u00e5r dina produkter s\u00e5 snabbt som m\u00f6jligt.<\/p>\n<\/div>\n<\/div>\n<\/div>\n<\/div>\n<\/div>\n<\/div>\n<p>Hitta fler vape-produkter du kanske gillar:<strong><em><a href=\"https:\/\/rmvapesale.com\/sv\/shop-2\/\">handla nu &gt;&gt;&gt;<\/a><\/em><\/strong><\/p>","protected":false},"excerpt":{"rendered":"<p>Smart Screen Vape Uwin 35000 Puff Bar uppladdningsbar eng\u00e5ngsvape Billig Pris<br \/>\nUwin 35000 Puff Popul\u00e4r Eng\u00e5ngsvape Pen Partihandel<br \/>\nB\u00e4sta Uwin 35000 35k Puff LED-sk\u00e4rm Smart Screen Eng\u00e5ngsvape Grossist<\/p>\n<p><strong>Kontakta Amy f\u00f6r att f\u00e5 r\u00e4tt svar och vape-kupong!<\/strong><\/p>\n<p><img loading=\"lazy\" decoding=\"async\" class=\"size-full wp-image-2375\" src=\"https:\/\/rmvapesale.com\/wp-content\/uploads\/2024\/10\/image.png\" alt=\"B\u00e4sta eng\u00e5ngsvape\" width=\"229\" height=\"300\" \/><\/p>\n<h3><a href=\"https:\/\/wa.me\/8617776015835\"><span style=\"color: #ff0000\"><strong>WhatsApp: +86 17776015835<\/strong><\/span><\/a><\/h3>\n<p>&nbsp;<\/p>","protected":false},"featured_media":3001,"comment_status":"open","ping_status":"closed","template":"","meta":{"_uag_custom_page_level_css":"","_lmt_disableupdate":"no","_lmt_disable":"","site-sidebar-layout":"default","site-content-layout":"content-boxed-container","ast-site-content-layout":"normal-width-container","site-content-style":"boxed","site-sidebar-style":"unboxed","ast-global-header-display":"","ast-banner-title-visibility":"","ast-main-header-display":"","ast-hfb-above-header-display":"","ast-hfb-below-header-display":"","ast-hfb-mobile-header-display":"","site-post-title":"","ast-breadcrumbs-content":"","ast-featured-img":"","footer-sml-layout":"","theme-transparent-header-meta":"default","adv-header-id-meta":"","stick-header-meta":"","header-above-stick-meta":"","header-main-stick-meta":"","header-below-stick-meta":"","astra-migrate-meta-layouts":"set","ast-page-background-enabled":"default","ast-page-background-meta":{"desktop":{"background-color":"var(--ast-global-color-4)","background-image":"","background-repeat":"repeat","background-position":"center center","background-size":"auto","background-attachment":"scroll","background-type":"","background-media":"","overlay-type":"","overlay-color":"","overlay-opacity":"","overlay-gradient":""},"tablet":{"background-color":"","background-image":"","background-repeat":"repeat","background-position":"center center","background-size":"auto","background-attachment":"scroll","background-type":"","background-media":"","overlay-type":"","overlay-color":"","overlay-opacity":"","overlay-gradient":""},"mobile":{"background-color":"","background-image":"","background-repeat":"repeat","background-position":"center center","background-size":"auto","background-attachment":"scroll","background-type":"","background-media":"","overlay-type":"","overlay-color":"","overlay-opacity":"","overlay-gradient":""}},"ast-content-background-meta":{"desktop":{"background-color":"var(--ast-global-color-5)","background-image":"","background-repeat":"repeat","background-position":"center center","background-size":"auto","background-attachment":"scroll","background-type":"","background-media":"","overlay-type":"","overlay-color":"","overlay-opacity":"","overlay-gradient":""},"tablet":{"background-color":"var(--ast-global-color-5)","background-image":"","background-repeat":"repeat","background-position":"center center","background-size":"auto","background-attachment":"scroll","background-type":"","background-media":"","overlay-type":"","overlay-color":"","overlay-opacity":"","overlay-gradient":""},"mobile":{"background-color":"var(--ast-global-color-5)","background-image":"","background-repeat":"repeat","background-position":"center center","background-size":"auto","background-attachment":"scroll","background-type":"","background-media":"","overlay-type":"","overlay-color":"","overlay-opacity":"","overlay-gradient":""}},"_joinchat":[]},"product_brand":[],"product_cat":[15,289,291,292,293,295,299,282,246,25,123,26,28,135,27,137,136,30],"product_tag":[146,64,40,111,310,306,309],"class_list":{"0":"post-3017","1":"product","2":"type-product","3":"status-publish","4":"has-post-thumbnail","6":"product_cat-new-vape-this-week","7":"product_cat-big-puffs-disposable-vapes","8":"product_cat-dual-mesh-disposable-vapes","9":"product_cat-digital-disposable-vapes","10":"product_cat-low-nicotine-disposable-vapes","11":"product_cat-rechargeable-disposable-vapes","12":"product_cat-smart-screen-disposable-vapes","13":"product_cat-uwin-vape","14":"product_cat-35000-puffs-disposable-vape","15":"product_cat-germany-best-selling-vape","16":"product_cat-italy-wholesale-vape","17":"product_cat-netherlands-hot-sale-vape","18":"product_cat-poland-hot-sale-vape","19":"product_cat-spain-best-hot-sale-vape","20":"product_cat-fance-hot-sale-vape","21":"product_cat-rechargeable-vapes","22":"product_cat-smart-screen-vapes","23":"product_cat-minimum-order-quantity-50pcs","24":"product_tag-best-hot-sale-vape","25":"product_tag-dual-flavour-vape","26":"product_tag-hot-sale-vape","27":"product_tag-low-nicotine-disposable-vape","28":"product_tag-puff-35k","29":"product_tag-puff-bar","30":"product_tag-uwin-35000","31":"desktop-align-left","32":"tablet-align-left","33":"mobile-align-left","35":"first","36":"instock","37":"sale","38":"shipping-taxable","39":"purchasable","40":"product-type-simple"},"uagb_featured_image_src":{"full":["https:\/\/rmvapesale.com\/wp-content\/uploads\/2025\/01\/Tornado-Vape-35000-UWIN-Disposable-Vape.jpg",1126,1126,false],"thumbnail":["https:\/\/rmvapesale.com\/wp-content\/uploads\/2025\/01\/Tornado-Vape-35000-UWIN-Disposable-Vape-150x150.jpg",150,150,true],"medium":["https:\/\/rmvapesale.com\/wp-content\/uploads\/2025\/01\/Tornado-Vape-35000-UWIN-Disposable-Vape-300x300.jpg",300,300,true],"medium_large":["https:\/\/rmvapesale.com\/wp-content\/uploads\/2025\/01\/Tornado-Vape-35000-UWIN-Disposable-Vape-768x768.jpg",768,768,true],"large":["https:\/\/rmvapesale.com\/wp-content\/uploads\/2025\/01\/Tornado-Vape-35000-UWIN-Disposable-Vape-1024x1024.jpg",1024,1024,true],"1536x1536":["https:\/\/rmvapesale.com\/wp-content\/uploads\/2025\/01\/Tornado-Vape-35000-UWIN-Disposable-Vape.jpg",1126,1126,false],"2048x2048":["https:\/\/rmvapesale.com\/wp-content\/uploads\/2025\/01\/Tornado-Vape-35000-UWIN-Disposable-Vape.jpg",1126,1126,false],"trp-custom-language-flag":["https:\/\/rmvapesale.com\/wp-content\/uploads\/2025\/01\/Tornado-Vape-35000-UWIN-Disposable-Vape.jpg",12,12,false],"woocommerce_thumbnail":["https:\/\/rmvapesale.com\/wp-content\/uploads\/2025\/01\/Tornado-Vape-35000-UWIN-Disposable-Vape-300x300.jpg",300,300,true],"woocommerce_single":["https:\/\/rmvapesale.com\/wp-content\/uploads\/2025\/01\/Tornado-Vape-35000-UWIN-Disposable-Vape-600x600.jpg",600,600,true],"woocommerce_gallery_thumbnail":["https:\/\/rmvapesale.com\/wp-content\/uploads\/2025\/01\/Tornado-Vape-35000-UWIN-Disposable-Vape-100x100.jpg",100,100,true],"wcpr-photo-reviews":["https:\/\/rmvapesale.com\/wp-content\/uploads\/2025\/01\/Tornado-Vape-35000-UWIN-Disposable-Vape.jpg",500,500,false]},"uagb_author_info":{"display_name":"AMY","author_link":"https:\/\/rmvapesale.com\/sv\/author\/"},"uagb_comment_info":0,"uagb_excerpt":"Smart Screen Vape Uwin 35000 Puff\u00a0 Bar Rechargeable Disposable Vape Cheap Price Uwin 35000 Puff Popular Disposable Vape Pen Bulk Buy Best Uwin 35000 35k Puff LED Display Smart Screen Disposable Vape Wholesale Contact Amy to get right reply and vape coupon! WhatsApp: +86 17776015835 &nbsp;","_links":{"self":[{"href":"https:\/\/rmvapesale.com\/sv\/wp-json\/wp\/v2\/product\/3017","targetHints":{"allow":["GET"]}}],"collection":[{"href":"https:\/\/rmvapesale.com\/sv\/wp-json\/wp\/v2\/product"}],"about":[{"href":"https:\/\/rmvapesale.com\/sv\/wp-json\/wp\/v2\/types\/product"}],"replies":[{"embeddable":true,"href":"https:\/\/rmvapesale.com\/sv\/wp-json\/wp\/v2\/comments?post=3017"}],"wp:featuredmedia":[{"embeddable":true,"href":"https:\/\/rmvapesale.com\/sv\/wp-json\/wp\/v2\/media\/3001"}],"wp:attachment":[{"href":"https:\/\/rmvapesale.com\/sv\/wp-json\/wp\/v2\/media?parent=3017"}],"wp:term":[{"taxonomy":"product_brand","embeddable":true,"href":"https:\/\/rmvapesale.com\/sv\/wp-json\/wp\/v2\/product_brand?post=3017"},{"taxonomy":"product_cat","embeddable":true,"href":"https:\/\/rmvapesale.com\/sv\/wp-json\/wp\/v2\/product_cat?post=3017"},{"taxonomy":"product_tag","embeddable":true,"href":"https:\/\/rmvapesale.com\/sv\/wp-json\/wp\/v2\/product_tag?post=3017"}],"curies":[{"name":"wp","href":"https:\/\/api.w.org\/{rel}","templated":true}]}}