{"id":370,"date":"2021-08-20T11:50:58","date_gmt":"2021-08-20T11:50:58","guid":{"rendered":"https:\/\/rmvapesale.com\/product\/hybrid-cleansing-balm\/"},"modified":"2025-01-20T03:10:16","modified_gmt":"2025-01-20T03:10:16","slug":"randm-vape-al-fakher-10000-puffs-vape-wholesale","status":"publish","type":"product","link":"https:\/\/rmvapesale.com\/sv\/product\/randm-vape-al-fakher-10000-puffs-vape-wholesale\/","title":{"rendered":"Randm Vape Al Fakher 10000 bloss vape grossistpris Fumot SHISHA 10K"},"content":{"rendered":"<h1><strong>Randm Vape Al Fakher 10000 bloss vape grossistpris Fumot SHISHA 10K<\/strong><\/h1>\n<p>Randm Vape Al Fakher 10000 \u00e4r en revolutionerande uppladdningsbar DTL (Direct To Lung) Vape som omdefinierar vapingkvalitet. Med en LED-indikator ger den realtidsuppdateringar om e-v\u00e4tskeniv\u00e5er och kraft, vilket s\u00e4kerst\u00e4ller att du alltid har kontroll. Med en bekv\u00e4m Type-C-port placerad p\u00e5 dess botten \u00e4r laddning av denna vape enkel och snabb.<\/p>\n<p>F\u00f6rfylld med 18 ml e-v\u00e4tska levererar Shisha bar 10000 en nikotinstyrka p\u00e5 0,5%, och ger upp till h\u00e4pnadsv\u00e4ckande 10 000 puffar i en testmilj\u00f6. Men det handlar inte bara om kvantitet \u2013 denna vape har Mesh Coil-teknologi, som integrerar en l\u00e5gresistans 0,6 ohm spole f\u00f6r maximal v\u00e4rmeytan. S\u00e4g adj\u00f6 till torra tr\u00e4ffar och oj\u00e4mn smakf\u00f6rdelning; Mesh Coil-designen s\u00e4kerst\u00e4ller j\u00e4mn och konsekvent uppv\u00e4rmning, vilket ger mjukare drag och rikare \u00e5ngproduktion.<\/p>\n<p>Nu \u00e4r denna Randm Vape Al Fakher vape en het f\u00f6rs\u00e4ljning i de flesta europeiska l\u00e4nder som Tyskland, Nederl\u00e4nderna, Frankrike, Italien, Schweiz, Sverige, Spanien, Polen, Belgien, \u00d6sterrike, Norge, Danmark, etc., vilket g\u00f6r den till ett bra val f\u00f6r \u00e5terf\u00f6rs\u00e4ljare som s\u00f6ker kostnadseffektiv eng\u00e5ngsvape till grossistpris.<\/p>\n<p><strong>L\u00e4gg till s\u00e4ljchef AMY p\u00e5 WhatsApp <a href=\"https:\/\/wa.me\/8617776015835\" target=\"_blank\" rel=\"noopener\">+86-17776015835<\/a> f\u00e5 mer rabatt!<\/strong><\/p>\n<p><img loading=\"lazy\" decoding=\"async\" class=\"size-medium wp-image-1814\" src=\"https:\/\/rmvapesale.com\/wp-content\/uploads\/2024\/04\/whatsapp-amy-229x300.jpg\" alt=\"whatsapp amy\" width=\"229\" height=\"300\" srcset=\"https:\/\/rmvapesale.com\/wp-content\/uploads\/2024\/04\/whatsapp-amy-229x300.jpg 229w, https:\/\/rmvapesale.com\/wp-content\/uploads\/2024\/04\/whatsapp-amy-783x1024.jpg 783w, https:\/\/rmvapesale.com\/wp-content\/uploads\/2024\/04\/whatsapp-amy-768x1005.jpg 768w, https:\/\/rmvapesale.com\/wp-content\/uploads\/2024\/04\/whatsapp-amy-600x785.jpg 600w, https:\/\/rmvapesale.com\/wp-content\/uploads\/2024\/04\/whatsapp-amy.jpg 990w\" sizes=\"auto, (max-width: 229px) 100vw, 229px\" \/><\/p>\n<h2>Randm Vape Al Fakher 10000 puff FAQS<\/h2>\n<p><strong>1. Vad ing\u00e5r i Randm Vape Al Fakher 10000 PUFFS VAPE &amp; Fumot SHISHA 10K paketet?<\/strong><\/p>\n<ul>\n<li>Varje paket inkluderar en uppladdningsbar DTL (Direct To Lung) Vape-enhet, f\u00f6rfylld med 18 ml e-v\u00e4tska, och med en LED-indikator. Dessutom inneh\u00e5ller paketet en Type-C-laddningskabel f\u00f6r bekv\u00e4m laddning.<\/li>\n<\/ul>\n<p><strong>2. Hur m\u00e5nga puffar kan jag f\u00f6rv\u00e4nta mig fr\u00e5n Fumot Vape Shisha 10000 Puff?<\/strong><\/p>\n<ul>\n<li>Shisha 10000 har imponerande 10 000 puffar (i en testmilj\u00f6), vilket ger l\u00e5ngvarig anv\u00e4ndning och tillfredsst\u00e4llelse.<\/li>\n<\/ul>\n<p><strong>3. Vilken nikotinstyrka erbjuder Randm Shisha 10000 puffar?<\/strong><\/p>\n<ul>\n<li>Shisha 10000 \u00e4r f\u00f6rfylld med e-v\u00e4tska i nikotinstyrka 0,5%, vilket ger en balanserad vapingupplevelse.<\/li>\n<\/ul>\n<p><strong>4. Kan jag v\u00e4lja min f\u00f6redragna smak med Shisha 10k vape Fumot?<\/strong><\/p>\n<ul>\n<li>Ja, absolut! Shisha 10000 erbjuder ett urval av 34 smaker f\u00f6r att tillgodose olika preferenser, s\u00e5 att det finns n\u00e5got f\u00f6r alla.<\/li>\n<\/ul>\n<p><strong>3. Hur f\u00f6rb\u00e4ttrar Mesh Coil Technology vapingupplevelsen?<\/strong><\/p>\n<ul>\n<li>Mesh Coil-teknologin som \u00e4r integrerad i Randm Vape Fumot Shisha 10000 har en l\u00e5gresistans 0,6 ohm spole, vilket maximerar v\u00e4rmeytan f\u00f6r mjukare drag och rikare \u00e5ngproduktion. Denna teknik s\u00e4kerst\u00e4ller j\u00e4mn och konsekvent uppv\u00e4rmning av e-v\u00e4tskan, vilket ger en perfekt smakupplevelse.<\/li>\n<\/ul>\n<p><strong>6. \u00c4r Fumot AI FAKHER <\/strong><strong>Shisha 10000 PUFFS l\u00e4tt att ladda?<\/strong><\/p>\n<ul>\n<li>Ja, RANDM Shisha 10000 PUFFS har en Type-C-port p\u00e5 dess botten f\u00f6r snabb och bekv\u00e4m laddning. Anslut helt enkelt den medf\u00f6ljande Type-C-laddningskabeln till en str\u00f6mk\u00e4lla f\u00f6r snabb p\u00e5fyllning av batterikraft.<\/li>\n<\/ul>\n<p><strong>7. Kan jag kontrollera luftfl\u00f6det med FUMOT VAPE Shisha 10K PUFFS WHOLESALE?<\/strong><\/p>\n<ul>\n<li>Ja, Shisha 10000 \u00e4r utrustad med luftfl\u00f6deskontroll, vilket g\u00f6r att anv\u00e4ndare kan justera luftfl\u00f6det efter sina preferenser f\u00f6r en anpassad vapingupplevelse.<\/li>\n<\/ul>\n<p><strong>8. \u00c4r WHOLESALE FUMOT RANDM VAPE Shisha 10000 l\u00e4mplig f\u00f6r b\u00e5de nyb\u00f6rjare och erfarna vapare?<\/strong><\/p>\n<ul>\n<li>Absolut! Shisha 10000 \u00e4r utformad f\u00f6r att tillgodose behoven hos b\u00e5de nyb\u00f6rjare och erfarna vapare, och erbjuder enkel anv\u00e4ndning, avancerade funktioner och enast\u00e5ende prestanda f\u00f6r alla.<\/li>\n<\/ul>\n<p><strong>9. Vad ska jag g\u00f6ra om jag har ytterligare fr\u00e5gor eller beh\u00f6ver hj\u00e4lp?<\/strong><\/p>\n<ul>\n<li>Om du har n\u00e5gra ytterligare fr\u00e5gor eller beh\u00f6ver hj\u00e4lp med Randm Vape Al Fakher 10000 PUFFS VAPE &amp; Fumot SHISHA 10K, tveka inte att kontakta v\u00e5r kundtj\u00e4nst. Vi finns h\u00e4r f\u00f6r att hj\u00e4lpa dig och s\u00e4kerst\u00e4lla att din vapingupplevelse blir exceptionell.<\/li>\n<\/ul>\n<p>Hitta fler vape-produkter du kanske gillar:<em><a href=\"https:\/\/rmvapesale.com\/sv\/shop-2\/\">handla nu\u00a0<\/a><\/em><\/p>\n<p>Andra heta s\u00e4ljande vapes du kanske gillar:<\/p>","protected":false},"excerpt":{"rendered":"<p class=\"LC20lb MBeuO DKV0Md\">Fumot Shisha 10000 DTL Eng\u00e5ngsvape<br \/>\nRANDM SHISHA 10000 PUFF Vape AI FAKHER<br \/>\nFumot Crown Bar 10k Grossistvape Uppladdningsbar<br \/>\n<strong>Kontakta Amy f\u00f6r mer rabatt och l\u00e4gre minsta best\u00e4llningskvantitet f\u00f6r Vape<\/strong><\/p>\n<p><img loading=\"lazy\" decoding=\"async\" class=\"size-medium wp-image-1814\" src=\"https:\/\/rmvapesale.com\/wp-content\/uploads\/2024\/04\/whatsapp-amy-229x300.jpg\" alt=\"whatsapp amy\" width=\"229\" height=\"300\" srcset=\"https:\/\/rmvapesale.com\/wp-content\/uploads\/2024\/04\/whatsapp-amy-229x300.jpg 229w, https:\/\/rmvapesale.com\/wp-content\/uploads\/2024\/04\/whatsapp-amy-783x1024.jpg 783w, https:\/\/rmvapesale.com\/wp-content\/uploads\/2024\/04\/whatsapp-amy-768x1005.jpg 768w, https:\/\/rmvapesale.com\/wp-content\/uploads\/2024\/04\/whatsapp-amy-600x785.jpg 600w, https:\/\/rmvapesale.com\/wp-content\/uploads\/2024\/04\/whatsapp-amy.jpg 990w\" sizes=\"auto, (max-width: 229px) 100vw, 229px\" \/><\/p>\n<h3><span style=\"color: #ff0000\"><strong>WhatsApp: +86 17776015835<\/strong><\/span><\/h3>","protected":false},"featured_media":1852,"comment_status":"open","ping_status":"closed","template":"","meta":{"_uag_custom_page_level_css":"","_lmt_disableupdate":"no","_lmt_disable":"","site-sidebar-layout":"default","site-content-layout":"content-boxed-container","ast-site-content-layout":"normal-width-container","site-content-style":"boxed","site-sidebar-style":"unboxed","ast-global-header-display":"","ast-banner-title-visibility":"","ast-main-header-display":"","ast-hfb-above-header-display":"","ast-hfb-below-header-display":"","ast-hfb-mobile-header-display":"","site-post-title":"","ast-breadcrumbs-content":"","ast-featured-img":"","footer-sml-layout":"","ast-disable-related-posts":"","theme-transparent-header-meta":"default","adv-header-id-meta":"","stick-header-meta":"","header-above-stick-meta":"","header-main-stick-meta":"","header-below-stick-meta":"","astra-migrate-meta-layouts":"set","ast-page-background-enabled":"default","ast-page-background-meta":{"desktop":{"background-color":"var(--ast-global-color-4)","background-image":"","background-repeat":"repeat","background-position":"center center","background-size":"auto","background-attachment":"scroll","background-type":"","background-media":"","overlay-type":"","overlay-color":"","overlay-opacity":"","overlay-gradient":""},"tablet":{"background-color":"","background-image":"","background-repeat":"repeat","background-position":"center center","background-size":"auto","background-attachment":"scroll","background-type":"","background-media":"","overlay-type":"","overlay-color":"","overlay-opacity":"","overlay-gradient":""},"mobile":{"background-color":"","background-image":"","background-repeat":"repeat","background-position":"center center","background-size":"auto","background-attachment":"scroll","background-type":"","background-media":"","overlay-type":"","overlay-color":"","overlay-opacity":"","overlay-gradient":""}},"ast-content-background-meta":{"desktop":{"background-color":"var(--ast-global-color-5)","background-image":"","background-repeat":"repeat","background-position":"center center","background-size":"auto","background-attachment":"scroll","background-type":"","background-media":"","overlay-type":"","overlay-color":"","overlay-opacity":"","overlay-gradient":""},"tablet":{"background-color":"var(--ast-global-color-5)","background-image":"","background-repeat":"repeat","background-position":"center center","background-size":"auto","background-attachment":"scroll","background-type":"","background-media":"","overlay-type":"","overlay-color":"","overlay-opacity":"","overlay-gradient":""},"mobile":{"background-color":"var(--ast-global-color-5)","background-image":"","background-repeat":"repeat","background-position":"center center","background-size":"auto","background-attachment":"scroll","background-type":"","background-media":"","overlay-type":"","overlay-color":"","overlay-opacity":"","overlay-gradient":""}},"_joinchat":[]},"product_brand":[],"product_cat":[25,271,289,27,51,123,293,30,26,15,28,31,295,137,299,136,135],"product_tag":[39,40,41,38,37],"class_list":{"0":"post-370","1":"product","2":"type-product","3":"status-publish","4":"has-post-thumbnail","6":"product_cat-germany-best-selling-vape","7":"product_cat-10000-puff-disposable-vape","8":"product_cat-big-puffs-disposable-vapes","9":"product_cat-fance-hot-sale-vape","10":"product_cat-fumot-vape","11":"product_cat-italy-wholesale-vape","12":"product_cat-low-nicotine-disposable-vapes","13":"product_cat-minimum-order-quantity-50pcs","14":"product_cat-netherlands-hot-sale-vape","15":"product_cat-new-vape-this-week","16":"product_cat-poland-hot-sale-vape","17":"product_cat-randm-fumot-vape","18":"product_cat-rechargeable-disposable-vapes","19":"product_cat-rechargeable-vapes","20":"product_cat-smart-screen-disposable-vapes","21":"product_cat-smart-screen-vapes","22":"product_cat-spain-best-hot-sale-vape","23":"product_tag-fumot-vape","24":"product_tag-hot-sale-vape","25":"product_tag-original-factory-vape","26":"product_tag-randm-vape","27":"product_tag-wholesale-vape-price","28":"desktop-align-left","29":"tablet-align-left","30":"mobile-align-left","32":"first","33":"instock","34":"sale","35":"shipping-taxable","36":"purchasable","37":"product-type-simple"},"uagb_featured_image_src":{"full":["https:\/\/rmvapesale.com\/wp-content\/uploads\/2024\/04\/FUMOT-VAPE-SHISHA-AL-FAKHER-10K-PUFFS-VAPE.jpg",375,666,false],"thumbnail":["https:\/\/rmvapesale.com\/wp-content\/uploads\/2024\/04\/FUMOT-VAPE-SHISHA-AL-FAKHER-10K-PUFFS-VAPE-150x150.jpg",150,150,true],"medium":["https:\/\/rmvapesale.com\/wp-content\/uploads\/2024\/04\/FUMOT-VAPE-SHISHA-AL-FAKHER-10K-PUFFS-VAPE-169x300.jpg",169,300,true],"medium_large":["https:\/\/rmvapesale.com\/wp-content\/uploads\/2024\/04\/FUMOT-VAPE-SHISHA-AL-FAKHER-10K-PUFFS-VAPE.jpg",375,666,false],"large":["https:\/\/rmvapesale.com\/wp-content\/uploads\/2024\/04\/FUMOT-VAPE-SHISHA-AL-FAKHER-10K-PUFFS-VAPE.jpg",375,666,false],"1536x1536":["https:\/\/rmvapesale.com\/wp-content\/uploads\/2024\/04\/FUMOT-VAPE-SHISHA-AL-FAKHER-10K-PUFFS-VAPE.jpg",375,666,false],"2048x2048":["https:\/\/rmvapesale.com\/wp-content\/uploads\/2024\/04\/FUMOT-VAPE-SHISHA-AL-FAKHER-10K-PUFFS-VAPE.jpg",375,666,false],"trp-custom-language-flag":["https:\/\/rmvapesale.com\/wp-content\/uploads\/2024\/04\/FUMOT-VAPE-SHISHA-AL-FAKHER-10K-PUFFS-VAPE.jpg",7,12,false],"woocommerce_thumbnail":["https:\/\/rmvapesale.com\/wp-content\/uploads\/2024\/04\/FUMOT-VAPE-SHISHA-AL-FAKHER-10K-PUFFS-VAPE-300x300.jpg",300,300,true],"woocommerce_single":["https:\/\/rmvapesale.com\/wp-content\/uploads\/2024\/04\/FUMOT-VAPE-SHISHA-AL-FAKHER-10K-PUFFS-VAPE.jpg",375,666,false],"woocommerce_gallery_thumbnail":["https:\/\/rmvapesale.com\/wp-content\/uploads\/2024\/04\/FUMOT-VAPE-SHISHA-AL-FAKHER-10K-PUFFS-VAPE-100x100.jpg",100,100,true],"wcpr-photo-reviews":["https:\/\/rmvapesale.com\/wp-content\/uploads\/2024\/04\/FUMOT-VAPE-SHISHA-AL-FAKHER-10K-PUFFS-VAPE.jpg",282,500,false]},"uagb_author_info":{"display_name":"yannazhan","author_link":"https:\/\/rmvapesale.com\/sv\/author\/"},"uagb_comment_info":0,"uagb_excerpt":"Fumot Shisha 10000 DTL Disposable Vape RANDM SHISHA 10000 PUFF Vape AI FAKHER Fumot Crown Bar 10k Wholesale Vape Rechargeable Contact Amy For More Discount And Lower MOQ Vape WhatsApp: +86 17776015835","_links":{"self":[{"href":"https:\/\/rmvapesale.com\/sv\/wp-json\/wp\/v2\/product\/370","targetHints":{"allow":["GET"]}}],"collection":[{"href":"https:\/\/rmvapesale.com\/sv\/wp-json\/wp\/v2\/product"}],"about":[{"href":"https:\/\/rmvapesale.com\/sv\/wp-json\/wp\/v2\/types\/product"}],"replies":[{"embeddable":true,"href":"https:\/\/rmvapesale.com\/sv\/wp-json\/wp\/v2\/comments?post=370"}],"wp:featuredmedia":[{"embeddable":true,"href":"https:\/\/rmvapesale.com\/sv\/wp-json\/wp\/v2\/media\/1852"}],"wp:attachment":[{"href":"https:\/\/rmvapesale.com\/sv\/wp-json\/wp\/v2\/media?parent=370"}],"wp:term":[{"taxonomy":"product_brand","embeddable":true,"href":"https:\/\/rmvapesale.com\/sv\/wp-json\/wp\/v2\/product_brand?post=370"},{"taxonomy":"product_cat","embeddable":true,"href":"https:\/\/rmvapesale.com\/sv\/wp-json\/wp\/v2\/product_cat?post=370"},{"taxonomy":"product_tag","embeddable":true,"href":"https:\/\/rmvapesale.com\/sv\/wp-json\/wp\/v2\/product_tag?post=370"}],"curies":[{"name":"wp","href":"https:\/\/api.w.org\/{rel}","templated":true}]}}